{"id":97748,"date":"2025-12-11T14:29:04","date_gmt":"2025-12-11T13:29:04","guid":{"rendered":"https:\/\/bikefit.lu\/?post_type=product&#038;p=97748"},"modified":"2025-12-14T11:17:52","modified_gmt":"2025-12-14T10:17:52","slug":"2-3-loch-universal-cleatwedges-spdsl-look-copy","status":"publish","type":"product","link":"https:\/\/bikefit.lu\/de\/product\/2-3-loch-universal-cleatwedges-spdsl-look-copy\/","title":{"rendered":"Universelle 2\u00b0-Keile mit 3 L\u00f6chern (SPDSL, Look, &#8230;)"},"content":{"rendered":"","protected":false},"excerpt":{"rendered":"<div id=\"properties\">&#8211; Cleatkeile (Wedges) werden verwendet, um die Pronation des Fu\u00dfes zu korrigieren, die Propriozeption zu verbessern und f\u00fcr mehr Stabilit\u00e4t und Kontrolle beim Radfahren zu sorgen. Sie werden auch verwendet, um indirekt den Kniewinkel zu ver\u00e4ndern und so seitliche oder mediale Knieschmerzen im Zusammenhang mit einer schlechten Beinf\u00fchrung zu reduzieren.<br \/>\n&#8211; Cleat-Keile winkeln den Schuh\/Fu\u00df des Fahrers an, indem sie den Winkel zwischen Schuhplatte und Schuh ver\u00e4ndern. Jeder Keil bietet eine Neigung von 2 Grad, und es k\u00f6nnen mehrere Keile verwendet werden, um den gew\u00fcnschten Winkel zu erzielen.<br \/>\n&#8211; Keile werden am besten w\u00e4hrend einer Bikefit-Sitzung oder im Rahmen einer Pedal-\/Kraftmessung angepasst. Sie k\u00f6nnen aber auch von den Fahrern selbst sinnvoll eingesetzt werden, sofern die \u00dcbungen kontrolliert durchgef\u00fchrt werden.<br \/>\n&#8211; Universal 3-Loch Pedalplattenkeile sind kompatibel mit Shimano SPDSL, Look Style 3-Loch Schuhplatten und Time\/Mavic Pedalen.<br \/>\n\u2022 Vergessen Sie nicht die Schrauben, wenn Sie einzelne Keile bestellen! Ich empfehle 2 Schrauben mit 10 mm f\u00fcr einen 2\u00b0-Keil (hohe Seite &amp; Vorderseite)<\/div>\n","protected":false},"featured_media":97758,"comment_status":"closed","ping_status":"closed","template":"","meta":[],"product_brand":[],"product_cat":[4831,4786],"product_tag":[4931,5046,5053,5079,5125,5156,5191],"class_list":{"0":"post-97748","1":"product","2":"type-product","3":"status-publish","4":"has-post-thumbnail","6":"product_cat-foot-pedal-interface-de","7":"product_cat-road-de","8":"product_tag-3-hole-de","9":"product_tag-cleat-wedges-de","10":"product_tag-form-de","11":"product_tag-look-de","12":"product_tag-road-de","13":"product_tag-shimano-de","14":"product_tag-universal-de","15":"product_shipping_class-format-xs-de","17":"first","18":"instock","19":"taxable","20":"shipping-taxable","21":"purchasable","22":"product-type-simple"},"group_of_quantity":0,"min_quantity":0,"max_quantity":"","exclude_order_quantity_value_rules":"no","exclude_category_quantity_rules":"no","combine_variations":"no","yoast_head":"<!-- This site is optimized with the Yoast SEO Premium plugin v27.4 (Yoast SEO v27.5) - https:\/\/yoast.com\/product\/yoast-seo-premium-wordpress\/ -->\n<title>Universelle 2\u00b0-Keile mit 3 L\u00f6chern (SPDSL, Look, ...) - bikefit.lu<\/title>\n<meta name=\"robots\" content=\"index, follow, max-snippet:-1, max-image-preview:large, max-video-preview:-1\" \/>\n<link rel=\"canonical\" href=\"https:\/\/bikefit.lu\/de\/product\/2-3-loch-universal-cleatwedges-spdsl-look-copy\/\" \/>\n<meta property=\"og:locale\" content=\"de_DE\" \/>\n<meta property=\"og:type\" content=\"article\" \/>\n<meta property=\"og:title\" content=\"Universelle 2\u00b0-Keile mit 3 L\u00f6chern (SPDSL, Look, ...)\" \/>\n<meta property=\"og:description\" content=\"- Cleatkeile (Wedges) werden verwendet, um die Pronation des Fu\u00dfes zu korrigieren, die Propriozeption zu verbessern und f\u00fcr mehr Stabilit\u00e4t und Kontrolle beim Radfahren zu sorgen. Sie werden auch verwendet, um indirekt den Kniewinkel zu ver\u00e4ndern und so seitliche oder mediale Knieschmerzen im Zusammenhang mit einer schlechten Beinf\u00fchrung zu reduzieren. - Cleat-Keile winkeln den Schuh\/Fu\u00df des Fahrers an, indem sie den Winkel zwischen Schuhplatte und Schuh ver\u00e4ndern. Jeder Keil bietet eine Neigung von 2 Grad, und es k\u00f6nnen mehrere Keile verwendet werden, um den gew\u00fcnschten Winkel zu erzielen. - Keile werden am besten w\u00e4hrend einer Bikefit-Sitzung oder im Rahmen einer Pedal-\/Kraftmessung angepasst. Sie k\u00f6nnen aber auch von den Fahrern selbst sinnvoll eingesetzt werden, sofern die \u00dcbungen kontrolliert durchgef\u00fchrt werden. - Universal 3-Loch Pedalplattenkeile sind kompatibel mit Shimano SPDSL, Look Style 3-Loch Schuhplatten und Time\/Mavic Pedalen. \u2022 Vergessen Sie nicht die Schrauben, wenn Sie einzelne Keile bestellen! Ich empfehle 2 Schrauben mit 10 mm f\u00fcr einen 2\u00b0-Keil (hohe Seite &amp; Vorderseite)\" \/>\n<meta property=\"og:url\" content=\"https:\/\/bikefit.lu\/de\/product\/2-3-loch-universal-cleatwedges-spdsl-look-copy\/\" \/>\n<meta property=\"og:site_name\" content=\"bikefit.lu\" \/>\n<meta property=\"article:modified_time\" content=\"2025-12-14T10:17:52+00:00\" \/>\n<meta property=\"og:image\" content=\"https:\/\/bikefit.lu\/wp-content\/uploads\/2025\/12\/3-hole-2-degree-cleat-wedge-transparent.webp\" \/>\n\t<meta property=\"og:image:width\" content=\"1200\" \/>\n\t<meta property=\"og:image:height\" content=\"1200\" \/>\n\t<meta property=\"og:image:type\" content=\"image\/webp\" \/>\n<meta name=\"twitter:card\" content=\"summary_large_image\" \/>\n<meta name=\"twitter:label1\" content=\"Preis\" \/>\n\t<meta name=\"twitter:data1\" content=\"3,50&nbsp;&euro;\" \/>\n\t<meta name=\"twitter:label2\" content=\"Verf\u00fcgbarkeit\" \/>\n\t<meta name=\"twitter:data2\" content=\"Auf Lager\" \/>\n<script type=\"application\/ld+json\" class=\"yoast-schema-graph\">{\"@context\":\"https:\\\/\\\/schema.org\",\"@graph\":[{\"@type\":\"WebPage\",\"@id\":\"https:\\\/\\\/bikefit.lu\\\/de\\\/product\\\/2-3-loch-universal-cleatwedges-spdsl-look-copy\\\/\",\"url\":\"https:\\\/\\\/bikefit.lu\\\/de\\\/product\\\/2-3-loch-universal-cleatwedges-spdsl-look-copy\\\/\",\"name\":\"Universelle 2\u00b0-Keile mit 3 L\u00f6chern (SPDSL, Look, ...) - bikefit.lu\",\"isPartOf\":{\"@id\":\"https:\\\/\\\/bikefit.lu\\\/de\\\/#website\"},\"primaryImageOfPage\":{\"@id\":\"https:\\\/\\\/bikefit.lu\\\/de\\\/product\\\/2-3-loch-universal-cleatwedges-spdsl-look-copy\\\/#primaryimage\"},\"image\":{\"@id\":\"https:\\\/\\\/bikefit.lu\\\/de\\\/product\\\/2-3-loch-universal-cleatwedges-spdsl-look-copy\\\/#primaryimage\"},\"thumbnailUrl\":\"https:\\\/\\\/bikefit.lu\\\/wp-content\\\/uploads\\\/2025\\\/12\\\/3-hole-2-degree-cleat-wedge-transparent.webp\",\"datePublished\":\"2025-12-11T13:29:04+00:00\",\"dateModified\":\"2025-12-14T10:17:52+00:00\",\"breadcrumb\":{\"@id\":\"https:\\\/\\\/bikefit.lu\\\/de\\\/product\\\/2-3-loch-universal-cleatwedges-spdsl-look-copy\\\/#breadcrumb\"},\"inLanguage\":\"de\",\"potentialAction\":[{\"@type\":\"ReadAction\",\"target\":[\"https:\\\/\\\/bikefit.lu\\\/de\\\/product\\\/2-3-loch-universal-cleatwedges-spdsl-look-copy\\\/\"]}]},{\"@type\":\"ImageObject\",\"inLanguage\":\"de\",\"@id\":\"https:\\\/\\\/bikefit.lu\\\/de\\\/product\\\/2-3-loch-universal-cleatwedges-spdsl-look-copy\\\/#primaryimage\",\"url\":\"https:\\\/\\\/bikefit.lu\\\/wp-content\\\/uploads\\\/2025\\\/12\\\/3-hole-2-degree-cleat-wedge-transparent.webp\",\"contentUrl\":\"https:\\\/\\\/bikefit.lu\\\/wp-content\\\/uploads\\\/2025\\\/12\\\/3-hole-2-degree-cleat-wedge-transparent.webp\",\"width\":1200,\"height\":1200},{\"@type\":\"BreadcrumbList\",\"@id\":\"https:\\\/\\\/bikefit.lu\\\/de\\\/product\\\/2-3-loch-universal-cleatwedges-spdsl-look-copy\\\/#breadcrumb\",\"itemListElement\":[{\"@type\":\"ListItem\",\"position\":1,\"name\":\"Home\",\"item\":\"https:\\\/\\\/bikefit.lu\\\/de\\\/\"},{\"@type\":\"ListItem\",\"position\":2,\"name\":\"Shop\",\"item\":\"https:\\\/\\\/bikefit.lu\\\/de\\\/shop\\\/\"},{\"@type\":\"ListItem\",\"position\":3,\"name\":\"Universelle 2\u00b0-Keile mit 3 L\u00f6chern (SPDSL, Look, &#8230;)\"}]},{\"@type\":\"WebSite\",\"@id\":\"https:\\\/\\\/bikefit.lu\\\/de\\\/#website\",\"url\":\"https:\\\/\\\/bikefit.lu\\\/de\\\/\",\"name\":\"bikefit.lu\",\"description\":\"IMPROVING CYCLING\",\"publisher\":{\"@id\":\"https:\\\/\\\/bikefit.lu\\\/de\\\/#\\\/schema\\\/person\\\/379af1263474d2f8cd1f41c2bd90273d\"},\"potentialAction\":[{\"@type\":\"SearchAction\",\"target\":{\"@type\":\"EntryPoint\",\"urlTemplate\":\"https:\\\/\\\/bikefit.lu\\\/de\\\/?s={search_term_string}\"},\"query-input\":{\"@type\":\"PropertyValueSpecification\",\"valueRequired\":true,\"valueName\":\"search_term_string\"}}],\"inLanguage\":\"de\"},{\"@type\":[\"Person\",\"Organization\"],\"@id\":\"https:\\\/\\\/bikefit.lu\\\/de\\\/#\\\/schema\\\/person\\\/379af1263474d2f8cd1f41c2bd90273d\",\"name\":\"Patrick Guillaume\",\"image\":{\"@type\":\"ImageObject\",\"inLanguage\":\"de\",\"@id\":\"https:\\\/\\\/bikefit.lu\\\/wp-content\\\/uploads\\\/2024\\\/12\\\/cropped-bikefit-logoURL-RGB-jpg.jpg\",\"url\":\"https:\\\/\\\/bikefit.lu\\\/wp-content\\\/uploads\\\/2024\\\/12\\\/cropped-bikefit-logoURL-RGB-jpg.jpg\",\"contentUrl\":\"https:\\\/\\\/bikefit.lu\\\/wp-content\\\/uploads\\\/2024\\\/12\\\/cropped-bikefit-logoURL-RGB-jpg.jpg\",\"width\":512,\"height\":512,\"caption\":\"Patrick Guillaume\"},\"logo\":{\"@id\":\"https:\\\/\\\/bikefit.lu\\\/wp-content\\\/uploads\\\/2024\\\/12\\\/cropped-bikefit-logoURL-RGB-jpg.jpg\"},\"sameAs\":[\"https:\\\/\\\/bikefit.lu\"],\"honorificPrefix\":\"Mr\",\"birthDate\":\"1966-11-18\",\"gender\":\"male\",\"knowsAbout\":[\"Bike-fitting\"],\"knowsLanguage\":[\"English\",\"French\",\"German\",\"Luxembourgish\"]}]}<\/script>\n<meta property=\"product:price:amount\" content=\"3.50\" \/>\n<meta property=\"product:price:currency\" content=\"EUR\" \/>\n<meta property=\"og:availability\" content=\"instock\" \/>\n<meta property=\"product:availability\" content=\"instock\" \/>\n<meta property=\"product:condition\" content=\"new\" \/>\n<!-- \/ Yoast SEO Premium plugin. -->","yoast_head_json":{"title":"Universelle 2\u00b0-Keile mit 3 L\u00f6chern (SPDSL, Look, ...) - bikefit.lu","robots":{"index":"index","follow":"follow","max-snippet":"max-snippet:-1","max-image-preview":"max-image-preview:large","max-video-preview":"max-video-preview:-1"},"canonical":"https:\/\/bikefit.lu\/de\/product\/2-3-loch-universal-cleatwedges-spdsl-look-copy\/","og_locale":"de_DE","og_type":"article","og_title":"Universelle 2\u00b0-Keile mit 3 L\u00f6chern (SPDSL, Look, ...)","og_description":"- Cleatkeile (Wedges) werden verwendet, um die Pronation des Fu\u00dfes zu korrigieren, die Propriozeption zu verbessern und f\u00fcr mehr Stabilit\u00e4t und Kontrolle beim Radfahren zu sorgen. Sie werden auch verwendet, um indirekt den Kniewinkel zu ver\u00e4ndern und so seitliche oder mediale Knieschmerzen im Zusammenhang mit einer schlechten Beinf\u00fchrung zu reduzieren. - Cleat-Keile winkeln den Schuh\/Fu\u00df des Fahrers an, indem sie den Winkel zwischen Schuhplatte und Schuh ver\u00e4ndern. Jeder Keil bietet eine Neigung von 2 Grad, und es k\u00f6nnen mehrere Keile verwendet werden, um den gew\u00fcnschten Winkel zu erzielen. - Keile werden am besten w\u00e4hrend einer Bikefit-Sitzung oder im Rahmen einer Pedal-\/Kraftmessung angepasst. Sie k\u00f6nnen aber auch von den Fahrern selbst sinnvoll eingesetzt werden, sofern die \u00dcbungen kontrolliert durchgef\u00fchrt werden. - Universal 3-Loch Pedalplattenkeile sind kompatibel mit Shimano SPDSL, Look Style 3-Loch Schuhplatten und Time\/Mavic Pedalen. \u2022 Vergessen Sie nicht die Schrauben, wenn Sie einzelne Keile bestellen! Ich empfehle 2 Schrauben mit 10 mm f\u00fcr einen 2\u00b0-Keil (hohe Seite &amp; Vorderseite)","og_url":"https:\/\/bikefit.lu\/de\/product\/2-3-loch-universal-cleatwedges-spdsl-look-copy\/","og_site_name":"bikefit.lu","article_modified_time":"2025-12-14T10:17:52+00:00","og_image":[{"width":1200,"height":1200,"url":"https:\/\/bikefit.lu\/wp-content\/uploads\/2025\/12\/3-hole-2-degree-cleat-wedge-transparent.webp","type":"image\/webp"}],"twitter_card":"summary_large_image","twitter_misc":{"Preis":"3,50&nbsp;&euro;","Verf\u00fcgbarkeit":"Auf Lager"},"schema":{"@context":"https:\/\/schema.org","@graph":[{"@type":"WebPage","@id":"https:\/\/bikefit.lu\/de\/product\/2-3-loch-universal-cleatwedges-spdsl-look-copy\/","url":"https:\/\/bikefit.lu\/de\/product\/2-3-loch-universal-cleatwedges-spdsl-look-copy\/","name":"Universelle 2\u00b0-Keile mit 3 L\u00f6chern (SPDSL, Look, ...) - bikefit.lu","isPartOf":{"@id":"https:\/\/bikefit.lu\/de\/#website"},"primaryImageOfPage":{"@id":"https:\/\/bikefit.lu\/de\/product\/2-3-loch-universal-cleatwedges-spdsl-look-copy\/#primaryimage"},"image":{"@id":"https:\/\/bikefit.lu\/de\/product\/2-3-loch-universal-cleatwedges-spdsl-look-copy\/#primaryimage"},"thumbnailUrl":"https:\/\/bikefit.lu\/wp-content\/uploads\/2025\/12\/3-hole-2-degree-cleat-wedge-transparent.webp","datePublished":"2025-12-11T13:29:04+00:00","dateModified":"2025-12-14T10:17:52+00:00","breadcrumb":{"@id":"https:\/\/bikefit.lu\/de\/product\/2-3-loch-universal-cleatwedges-spdsl-look-copy\/#breadcrumb"},"inLanguage":"de","potentialAction":[{"@type":"ReadAction","target":["https:\/\/bikefit.lu\/de\/product\/2-3-loch-universal-cleatwedges-spdsl-look-copy\/"]}]},{"@type":"ImageObject","inLanguage":"de","@id":"https:\/\/bikefit.lu\/de\/product\/2-3-loch-universal-cleatwedges-spdsl-look-copy\/#primaryimage","url":"https:\/\/bikefit.lu\/wp-content\/uploads\/2025\/12\/3-hole-2-degree-cleat-wedge-transparent.webp","contentUrl":"https:\/\/bikefit.lu\/wp-content\/uploads\/2025\/12\/3-hole-2-degree-cleat-wedge-transparent.webp","width":1200,"height":1200},{"@type":"BreadcrumbList","@id":"https:\/\/bikefit.lu\/de\/product\/2-3-loch-universal-cleatwedges-spdsl-look-copy\/#breadcrumb","itemListElement":[{"@type":"ListItem","position":1,"name":"Home","item":"https:\/\/bikefit.lu\/de\/"},{"@type":"ListItem","position":2,"name":"Shop","item":"https:\/\/bikefit.lu\/de\/shop\/"},{"@type":"ListItem","position":3,"name":"Universelle 2\u00b0-Keile mit 3 L\u00f6chern (SPDSL, Look, &#8230;)"}]},{"@type":"WebSite","@id":"https:\/\/bikefit.lu\/de\/#website","url":"https:\/\/bikefit.lu\/de\/","name":"bikefit.lu","description":"IMPROVING CYCLING","publisher":{"@id":"https:\/\/bikefit.lu\/de\/#\/schema\/person\/379af1263474d2f8cd1f41c2bd90273d"},"potentialAction":[{"@type":"SearchAction","target":{"@type":"EntryPoint","urlTemplate":"https:\/\/bikefit.lu\/de\/?s={search_term_string}"},"query-input":{"@type":"PropertyValueSpecification","valueRequired":true,"valueName":"search_term_string"}}],"inLanguage":"de"},{"@type":["Person","Organization"],"@id":"https:\/\/bikefit.lu\/de\/#\/schema\/person\/379af1263474d2f8cd1f41c2bd90273d","name":"Patrick Guillaume","image":{"@type":"ImageObject","inLanguage":"de","@id":"https:\/\/bikefit.lu\/wp-content\/uploads\/2024\/12\/cropped-bikefit-logoURL-RGB-jpg.jpg","url":"https:\/\/bikefit.lu\/wp-content\/uploads\/2024\/12\/cropped-bikefit-logoURL-RGB-jpg.jpg","contentUrl":"https:\/\/bikefit.lu\/wp-content\/uploads\/2024\/12\/cropped-bikefit-logoURL-RGB-jpg.jpg","width":512,"height":512,"caption":"Patrick Guillaume"},"logo":{"@id":"https:\/\/bikefit.lu\/wp-content\/uploads\/2024\/12\/cropped-bikefit-logoURL-RGB-jpg.jpg"},"sameAs":["https:\/\/bikefit.lu"],"honorificPrefix":"Mr","birthDate":"1966-11-18","gender":"male","knowsAbout":["Bike-fitting"],"knowsLanguage":["English","French","German","Luxembourgish"]}]},"product_price_amount":"3.50","product_price_currency":"EUR","og_availability":"instock","product_availability":"instock","product_condition":"new"},"_links":{"self":[{"href":"https:\/\/bikefit.lu\/de\/wp-json\/wp\/v2\/product\/97748","targetHints":{"allow":["GET"]}}],"collection":[{"href":"https:\/\/bikefit.lu\/de\/wp-json\/wp\/v2\/product"}],"about":[{"href":"https:\/\/bikefit.lu\/de\/wp-json\/wp\/v2\/types\/product"}],"replies":[{"embeddable":true,"href":"https:\/\/bikefit.lu\/de\/wp-json\/wp\/v2\/comments?post=97748"}],"version-history":[{"count":0,"href":"https:\/\/bikefit.lu\/de\/wp-json\/wp\/v2\/product\/97748\/revisions"}],"wp:featuredmedia":[{"embeddable":true,"href":"https:\/\/bikefit.lu\/de\/wp-json\/wp\/v2\/media\/97758"}],"wp:attachment":[{"href":"https:\/\/bikefit.lu\/de\/wp-json\/wp\/v2\/media?parent=97748"}],"wp:term":[{"taxonomy":"product_brand","embeddable":true,"href":"https:\/\/bikefit.lu\/de\/wp-json\/wp\/v2\/product_brand?post=97748"},{"taxonomy":"product_cat","embeddable":true,"href":"https:\/\/bikefit.lu\/de\/wp-json\/wp\/v2\/product_cat?post=97748"},{"taxonomy":"product_tag","embeddable":true,"href":"https:\/\/bikefit.lu\/de\/wp-json\/wp\/v2\/product_tag?post=97748"}],"curies":[{"name":"wp","href":"https:\/\/api.w.org\/{rel}","templated":true}]}}