{"id":97820,"date":"2025-12-14T11:23:12","date_gmt":"2025-12-14T10:23:12","guid":{"rendered":"https:\/\/bikefit.lu\/?post_type=product&#038;p=97820"},"modified":"2025-12-14T11:53:42","modified_gmt":"2025-12-14T10:53:42","slug":"aerobar-armrest-pad-wedge-kit","status":"publish","type":"product","link":"https:\/\/bikefit.lu\/de\/product\/aerobar-armrest-pad-wedge-kit\/","title":{"rendered":"Aerobar Armlehnenpolster-Keil-Set"},"content":{"rendered":"<h5><span style=\"font-size: 12pt;\">Technische Daten<\/span><\/h5>\n<ul>\n<li><strong>Erh\u00f6hung:<\/strong> 10\u00ba oder 15\u00ba Kits (Kits werden separat verkauft)<\/li>\n<li data-mce-fragment=\"1\"><strong data-mce-fragment=\"1\">Abmessung:<\/strong> 12,5 mm Versatz pro Seite zur Feinabstimmung der Armlehnenbreite<\/li>\n<li><b>Kompatibilit\u00e4t:<\/b> Kann an Aerobars mit M5-Schrauben im Abstand von 13 mm bis 26 mm (vorne nach hinten) montiert werden<\/li>\n<li><b>Enth\u00e4lt:<\/b> M5-Keilschrauben<\/li>\n<\/ul>\n","protected":false},"excerpt":{"rendered":"<p>W\u00e4hrend alle aktuellen Profile Design Aerobars mit der M\u00f6glichkeit zur Neigung ausgestattet sind, gilt dies nicht f\u00fcr andere Produkte auf dem Markt.<\/p>\n<p>Daher hat Profile Design diese Pad-Keil-Kits entwickelt, damit Fahrer ihre Armlehnen um 10\u00ba oder 15\u00ba neigen und Profile Design Armlehnen f\u00fcr zus\u00e4tzlichen Komfort nutzen k\u00f6nnen.<\/p>\n<p>Die Kombination der Armlehnenkeile mit einer Ergo- oder F40-Armlehne erh\u00f6ht den Einstellbereich der meisten Aerobars zusammen mit den Vorteilen, die sich aus der M\u00f6glichkeit ergeben, die Armlehnen zu neigen.<\/p>\n<p>&nbsp;<\/p>\n","protected":false},"featured_media":97858,"comment_status":"closed","ping_status":"closed","template":"","meta":[],"product_brand":[5810],"product_cat":[4835],"product_tag":[5822,5110,5115,5125,5182,5179],"class_list":{"0":"post-97820","1":"product","2":"type-product","3":"status-publish","4":"has-post-thumbnail","6":"product_brand-profile-design","7":"product_cat-kontaktpunkt-cockpit","8":"product_tag-armlehnenpolster-keil","9":"product_tag-offroad-de","10":"product_tag-profile-design-de","11":"product_tag-road-de","12":"product_tag-triathlon-de","13":"product_tag-ultra-cycling-de","14":"product_shipping_class-small-items-de","16":"first","17":"instock","18":"sold-individually","19":"taxable","20":"shipping-taxable","21":"purchasable","22":"product-type-variable"},"yoast_head":"<!-- This site is optimized with the Yoast SEO Premium plugin v27.3 (Yoast SEO v27.3) - https:\/\/yoast.com\/product\/yoast-seo-premium-wordpress\/ -->\n<title>Aerobar Armlehnenpolster-Keil-Set - bikefit.lu<\/title>\n<meta name=\"robots\" content=\"index, follow, max-snippet:-1, max-image-preview:large, max-video-preview:-1\" \/>\n<link rel=\"canonical\" href=\"https:\/\/bikefit.lu\/de\/product\/aerobar-armrest-pad-wedge-kit\/\" \/>\n<meta property=\"og:locale\" content=\"de_DE\" \/>\n<meta property=\"og:type\" content=\"article\" \/>\n<meta property=\"og:title\" content=\"Aerobar Armlehnenpolster-Keil-Set\" \/>\n<meta property=\"og:description\" content=\"W\u00e4hrend alle aktuellen Profile Design Aerobars mit der M\u00f6glichkeit zur Neigung ausgestattet sind, gilt dies nicht f\u00fcr andere Produkte auf dem Markt.  Daher hat Profile Design diese Pad-Keil-Kits entwickelt, damit Fahrer ihre Armlehnen um 10\u00ba oder 15\u00ba neigen und Profile Design Armlehnen f\u00fcr zus\u00e4tzlichen Komfort nutzen k\u00f6nnen.  Die Kombination der Armlehnenkeile mit einer Ergo- oder F40-Armlehne erh\u00f6ht den Einstellbereich der meisten Aerobars zusammen mit den Vorteilen, die sich aus der M\u00f6glichkeit ergeben, die Armlehnen zu neigen.  &nbsp;\" \/>\n<meta property=\"og:url\" content=\"https:\/\/bikefit.lu\/de\/product\/aerobar-armrest-pad-wedge-kit\/\" \/>\n<meta property=\"og:site_name\" content=\"bikefit.lu\" \/>\n<meta property=\"article:modified_time\" content=\"2025-12-14T10:53:42+00:00\" \/>\n<meta property=\"og:image\" content=\"https:\/\/bikefit.lu\/wp-content\/uploads\/2025\/12\/OWNETTBARMTN-2.webp\" \/>\n\t<meta property=\"og:image:width\" content=\"1000\" \/>\n\t<meta property=\"og:image:height\" content=\"1000\" \/>\n\t<meta property=\"og:image:type\" content=\"image\/webp\" \/>\n<meta name=\"twitter:card\" content=\"summary_large_image\" \/>\n<meta name=\"twitter:label1\" content=\"Verf\u00fcgbarkeit\" \/>\n\t<meta name=\"twitter:data1\" content=\"Auf Lager\" \/>\n<script type=\"application\/ld+json\" class=\"yoast-schema-graph\">{\"@context\":\"https:\\\/\\\/schema.org\",\"@graph\":[{\"@type\":\"WebPage\",\"@id\":\"https:\\\/\\\/bikefit.lu\\\/de\\\/product\\\/aerobar-armrest-pad-wedge-kit\\\/\",\"url\":\"https:\\\/\\\/bikefit.lu\\\/de\\\/product\\\/aerobar-armrest-pad-wedge-kit\\\/\",\"name\":\"Aerobar Armlehnenpolster-Keil-Set - bikefit.lu\",\"isPartOf\":{\"@id\":\"https:\\\/\\\/bikefit.lu\\\/de\\\/#website\"},\"primaryImageOfPage\":{\"@id\":\"https:\\\/\\\/bikefit.lu\\\/de\\\/product\\\/aerobar-armrest-pad-wedge-kit\\\/#primaryimage\"},\"image\":{\"@id\":\"https:\\\/\\\/bikefit.lu\\\/de\\\/product\\\/aerobar-armrest-pad-wedge-kit\\\/#primaryimage\"},\"thumbnailUrl\":\"https:\\\/\\\/bikefit.lu\\\/wp-content\\\/uploads\\\/2025\\\/12\\\/OWNETTBARMTN-2.webp\",\"datePublished\":\"2025-12-14T10:23:12+00:00\",\"dateModified\":\"2025-12-14T10:53:42+00:00\",\"breadcrumb\":{\"@id\":\"https:\\\/\\\/bikefit.lu\\\/de\\\/product\\\/aerobar-armrest-pad-wedge-kit\\\/#breadcrumb\"},\"inLanguage\":\"de\",\"potentialAction\":[{\"@type\":\"ReadAction\",\"target\":[\"https:\\\/\\\/bikefit.lu\\\/de\\\/product\\\/aerobar-armrest-pad-wedge-kit\\\/\"]}]},{\"@type\":\"ImageObject\",\"inLanguage\":\"de\",\"@id\":\"https:\\\/\\\/bikefit.lu\\\/de\\\/product\\\/aerobar-armrest-pad-wedge-kit\\\/#primaryimage\",\"url\":\"https:\\\/\\\/bikefit.lu\\\/wp-content\\\/uploads\\\/2025\\\/12\\\/OWNETTBARMTN-2.webp\",\"contentUrl\":\"https:\\\/\\\/bikefit.lu\\\/wp-content\\\/uploads\\\/2025\\\/12\\\/OWNETTBARMTN-2.webp\",\"width\":1000,\"height\":1000},{\"@type\":\"BreadcrumbList\",\"@id\":\"https:\\\/\\\/bikefit.lu\\\/de\\\/product\\\/aerobar-armrest-pad-wedge-kit\\\/#breadcrumb\",\"itemListElement\":[{\"@type\":\"ListItem\",\"position\":1,\"name\":\"Home\",\"item\":\"https:\\\/\\\/bikefit.lu\\\/de\\\/\"},{\"@type\":\"ListItem\",\"position\":2,\"name\":\"Produkte\",\"item\":\"https:\\\/\\\/bikefit.lu\\\/de\\\/shop\\\/\"},{\"@type\":\"ListItem\",\"position\":3,\"name\":\"Aerobar Armlehnenpolster-Keil-Set\"}]},{\"@type\":\"WebSite\",\"@id\":\"https:\\\/\\\/bikefit.lu\\\/de\\\/#website\",\"url\":\"https:\\\/\\\/bikefit.lu\\\/de\\\/\",\"name\":\"bikefit.lu\",\"description\":\"IMPROVING CYCLING\",\"publisher\":{\"@id\":\"https:\\\/\\\/bikefit.lu\\\/de\\\/#\\\/schema\\\/person\\\/379af1263474d2f8cd1f41c2bd90273d\"},\"potentialAction\":[{\"@type\":\"SearchAction\",\"target\":{\"@type\":\"EntryPoint\",\"urlTemplate\":\"https:\\\/\\\/bikefit.lu\\\/de\\\/?s={search_term_string}\"},\"query-input\":{\"@type\":\"PropertyValueSpecification\",\"valueRequired\":true,\"valueName\":\"search_term_string\"}}],\"inLanguage\":\"de\"},{\"@type\":[\"Person\",\"Organization\"],\"@id\":\"https:\\\/\\\/bikefit.lu\\\/de\\\/#\\\/schema\\\/person\\\/379af1263474d2f8cd1f41c2bd90273d\",\"name\":\"Patrick Guillaume\",\"image\":{\"@type\":\"ImageObject\",\"inLanguage\":\"de\",\"@id\":\"https:\\\/\\\/bikefit.lu\\\/wp-content\\\/uploads\\\/2024\\\/12\\\/cropped-bikefit-logoURL-RGB-jpg.jpg\",\"url\":\"https:\\\/\\\/bikefit.lu\\\/wp-content\\\/uploads\\\/2024\\\/12\\\/cropped-bikefit-logoURL-RGB-jpg.jpg\",\"contentUrl\":\"https:\\\/\\\/bikefit.lu\\\/wp-content\\\/uploads\\\/2024\\\/12\\\/cropped-bikefit-logoURL-RGB-jpg.jpg\",\"width\":512,\"height\":512,\"caption\":\"Patrick Guillaume\"},\"logo\":{\"@id\":\"https:\\\/\\\/bikefit.lu\\\/wp-content\\\/uploads\\\/2024\\\/12\\\/cropped-bikefit-logoURL-RGB-jpg.jpg\"},\"sameAs\":[\"https:\\\/\\\/bikefit.lu\"],\"honorificPrefix\":\"Mr\",\"birthDate\":\"1966-11-18\",\"gender\":\"male\",\"knowsAbout\":[\"Bike-fitting\"],\"knowsLanguage\":[\"English\",\"French\",\"German\",\"Luxembourgish\"]}]}<\/script>\n<meta property=\"og:availability\" content=\"instock\" \/>\n<meta property=\"product:availability\" content=\"instock\" \/>\n<meta property=\"product:condition\" content=\"new\" \/>\n<!-- \/ Yoast SEO Premium plugin. -->","yoast_head_json":{"title":"Aerobar Armlehnenpolster-Keil-Set - bikefit.lu","robots":{"index":"index","follow":"follow","max-snippet":"max-snippet:-1","max-image-preview":"max-image-preview:large","max-video-preview":"max-video-preview:-1"},"canonical":"https:\/\/bikefit.lu\/de\/product\/aerobar-armrest-pad-wedge-kit\/","og_locale":"de_DE","og_type":"article","og_title":"Aerobar Armlehnenpolster-Keil-Set","og_description":"W\u00e4hrend alle aktuellen Profile Design Aerobars mit der M\u00f6glichkeit zur Neigung ausgestattet sind, gilt dies nicht f\u00fcr andere Produkte auf dem Markt.  Daher hat Profile Design diese Pad-Keil-Kits entwickelt, damit Fahrer ihre Armlehnen um 10\u00ba oder 15\u00ba neigen und Profile Design Armlehnen f\u00fcr zus\u00e4tzlichen Komfort nutzen k\u00f6nnen.  Die Kombination der Armlehnenkeile mit einer Ergo- oder F40-Armlehne erh\u00f6ht den Einstellbereich der meisten Aerobars zusammen mit den Vorteilen, die sich aus der M\u00f6glichkeit ergeben, die Armlehnen zu neigen.  &nbsp;","og_url":"https:\/\/bikefit.lu\/de\/product\/aerobar-armrest-pad-wedge-kit\/","og_site_name":"bikefit.lu","article_modified_time":"2025-12-14T10:53:42+00:00","og_image":[{"width":1000,"height":1000,"url":"https:\/\/bikefit.lu\/wp-content\/uploads\/2025\/12\/OWNETTBARMTN-2.webp","type":"image\/webp"}],"twitter_card":"summary_large_image","twitter_misc":{"Verf\u00fcgbarkeit":"Auf Lager"},"schema":{"@context":"https:\/\/schema.org","@graph":[{"@type":"WebPage","@id":"https:\/\/bikefit.lu\/de\/product\/aerobar-armrest-pad-wedge-kit\/","url":"https:\/\/bikefit.lu\/de\/product\/aerobar-armrest-pad-wedge-kit\/","name":"Aerobar Armlehnenpolster-Keil-Set - bikefit.lu","isPartOf":{"@id":"https:\/\/bikefit.lu\/de\/#website"},"primaryImageOfPage":{"@id":"https:\/\/bikefit.lu\/de\/product\/aerobar-armrest-pad-wedge-kit\/#primaryimage"},"image":{"@id":"https:\/\/bikefit.lu\/de\/product\/aerobar-armrest-pad-wedge-kit\/#primaryimage"},"thumbnailUrl":"https:\/\/bikefit.lu\/wp-content\/uploads\/2025\/12\/OWNETTBARMTN-2.webp","datePublished":"2025-12-14T10:23:12+00:00","dateModified":"2025-12-14T10:53:42+00:00","breadcrumb":{"@id":"https:\/\/bikefit.lu\/de\/product\/aerobar-armrest-pad-wedge-kit\/#breadcrumb"},"inLanguage":"de","potentialAction":[{"@type":"ReadAction","target":["https:\/\/bikefit.lu\/de\/product\/aerobar-armrest-pad-wedge-kit\/"]}]},{"@type":"ImageObject","inLanguage":"de","@id":"https:\/\/bikefit.lu\/de\/product\/aerobar-armrest-pad-wedge-kit\/#primaryimage","url":"https:\/\/bikefit.lu\/wp-content\/uploads\/2025\/12\/OWNETTBARMTN-2.webp","contentUrl":"https:\/\/bikefit.lu\/wp-content\/uploads\/2025\/12\/OWNETTBARMTN-2.webp","width":1000,"height":1000},{"@type":"BreadcrumbList","@id":"https:\/\/bikefit.lu\/de\/product\/aerobar-armrest-pad-wedge-kit\/#breadcrumb","itemListElement":[{"@type":"ListItem","position":1,"name":"Home","item":"https:\/\/bikefit.lu\/de\/"},{"@type":"ListItem","position":2,"name":"Produkte","item":"https:\/\/bikefit.lu\/de\/shop\/"},{"@type":"ListItem","position":3,"name":"Aerobar Armlehnenpolster-Keil-Set"}]},{"@type":"WebSite","@id":"https:\/\/bikefit.lu\/de\/#website","url":"https:\/\/bikefit.lu\/de\/","name":"bikefit.lu","description":"IMPROVING CYCLING","publisher":{"@id":"https:\/\/bikefit.lu\/de\/#\/schema\/person\/379af1263474d2f8cd1f41c2bd90273d"},"potentialAction":[{"@type":"SearchAction","target":{"@type":"EntryPoint","urlTemplate":"https:\/\/bikefit.lu\/de\/?s={search_term_string}"},"query-input":{"@type":"PropertyValueSpecification","valueRequired":true,"valueName":"search_term_string"}}],"inLanguage":"de"},{"@type":["Person","Organization"],"@id":"https:\/\/bikefit.lu\/de\/#\/schema\/person\/379af1263474d2f8cd1f41c2bd90273d","name":"Patrick Guillaume","image":{"@type":"ImageObject","inLanguage":"de","@id":"https:\/\/bikefit.lu\/wp-content\/uploads\/2024\/12\/cropped-bikefit-logoURL-RGB-jpg.jpg","url":"https:\/\/bikefit.lu\/wp-content\/uploads\/2024\/12\/cropped-bikefit-logoURL-RGB-jpg.jpg","contentUrl":"https:\/\/bikefit.lu\/wp-content\/uploads\/2024\/12\/cropped-bikefit-logoURL-RGB-jpg.jpg","width":512,"height":512,"caption":"Patrick Guillaume"},"logo":{"@id":"https:\/\/bikefit.lu\/wp-content\/uploads\/2024\/12\/cropped-bikefit-logoURL-RGB-jpg.jpg"},"sameAs":["https:\/\/bikefit.lu"],"honorificPrefix":"Mr","birthDate":"1966-11-18","gender":"male","knowsAbout":["Bike-fitting"],"knowsLanguage":["English","French","German","Luxembourgish"]}]},"og_availability":"instock","product_availability":"instock","product_condition":"new"},"_links":{"self":[{"href":"https:\/\/bikefit.lu\/de\/wp-json\/wp\/v2\/product\/97820","targetHints":{"allow":["GET"]}}],"collection":[{"href":"https:\/\/bikefit.lu\/de\/wp-json\/wp\/v2\/product"}],"about":[{"href":"https:\/\/bikefit.lu\/de\/wp-json\/wp\/v2\/types\/product"}],"replies":[{"embeddable":true,"href":"https:\/\/bikefit.lu\/de\/wp-json\/wp\/v2\/comments?post=97820"}],"version-history":[{"count":0,"href":"https:\/\/bikefit.lu\/de\/wp-json\/wp\/v2\/product\/97820\/revisions"}],"wp:featuredmedia":[{"embeddable":true,"href":"https:\/\/bikefit.lu\/de\/wp-json\/wp\/v2\/media\/97858"}],"wp:attachment":[{"href":"https:\/\/bikefit.lu\/de\/wp-json\/wp\/v2\/media?parent=97820"}],"wp:term":[{"taxonomy":"product_brand","embeddable":true,"href":"https:\/\/bikefit.lu\/de\/wp-json\/wp\/v2\/product_brand?post=97820"},{"taxonomy":"product_cat","embeddable":true,"href":"https:\/\/bikefit.lu\/de\/wp-json\/wp\/v2\/product_cat?post=97820"},{"taxonomy":"product_tag","embeddable":true,"href":"https:\/\/bikefit.lu\/de\/wp-json\/wp\/v2\/product_tag?post=97820"}],"curies":[{"name":"wp","href":"https:\/\/api.w.org\/{rel}","templated":true}]}}