{"id":97991,"date":"2025-12-16T20:30:17","date_gmt":"2025-12-16T19:30:17","guid":{"rendered":"https:\/\/bikefit.lu\/?post_type=product&#038;p=97991"},"modified":"2026-02-16T08:30:52","modified_gmt":"2026-02-16T07:30:52","slug":"aeria-riser-kit","status":"publish","type":"product","link":"https:\/\/bikefit.lu\/de\/product\/aeria-riser-kit\/","title":{"rendered":"Aeria Riser Kit"},"content":{"rendered":"<h3>Inhalt:<\/h3>\n<p><b>5\u201340 mm:<\/b><\/p>\n<ul>\n<li>4 x Profile Design Aeria 5 mm Riser<\/li>\n<li>2 x Profile Design Aeria 10 mm Riser<\/li>\n<li>2 x Profile Design Aeria 20 mm Riser<\/li>\n<li>4 x 20 mm Schrauben<\/li>\n<li>4 x 35 mm Schrauben<\/li>\n<li>4 x 30 mm Schrauben<\/li>\n<\/ul>\n<p><b>45\u201360 mm:<\/b><\/p>\n<ul>\n<li>2 x Profile Design Aeria 5 mm Riser<\/li>\n<li>1 x Profile Design Aeria 5 mm Br\u00fccke<\/li>\n<li>2 x Profile Design Aeria 10 mm Riser<\/li>\n<li>2 x Profile Design Aeria 40 mm Riser<\/li>\n<li>4 x 60 mm Schrauben<\/li>\n<li>4 x 65 mm Schrauben<\/li>\n<li>4 x 70 mm Schrauben<\/li>\n<li>4 x 75 mm Schrauben<\/li>\n<\/ul>\n<p><b>65\u201380 mm:<\/b><\/p>\n<ul>\n<li>2 x Profile Design Aeria 5 mm Riser<\/li>\n<li>1 x Profile Design Aeria 5 mm Br\u00fccke<\/li>\n<li>2 x Profile Design Aeria 10 mm Riser<\/li>\n<li>2 x Profile Design Aeria 20 mm Riser<\/li>\n<li>2 x Profile Design Aeria 40 mm Riser<\/li>\n<li>4 x 80 mm Schrauben<\/li>\n<li>4 x 85 mm Schrauben<\/li>\n<li>4 x 90 mm Schrauben<\/li>\n<li>4 x 95 mm Schrauben<\/li>\n<\/ul>\n","protected":false},"excerpt":{"rendered":"<h5>\u00dcbersicht<\/h5>\n<p>Die Aeria Riser Kits wurden entwickelt, damit der Fahrer den f\u00fcr seine Bed\u00fcrfnisse passenden Stack-Bereich w\u00e4hlen kann. Durch die Aufteilung des Riser-Kits in drei Stack-Bereiche hat der Fahrer die M\u00f6glichkeit, seine Position anzupassen, ohne das komplette Riser-Kit kaufen zu m\u00fcssen. <\/p>\n<h5>Technische Daten<\/h5>\n<ul style=\"line-height: 20.7999992370605px;\">\n<li><b>Kompatibilit\u00e4t:<\/b> Aeria AL, Aeria Evo, Aeria AL Evo, Aeria Carbon, Parlee TTiR Disc und BMC TM01 Flat Cockpit<\/li>\n<li><b>Lieferumfang:<\/b> R<span style=\"line-height: 19.0476px;\">iser und Schrauben, spezifisch f\u00fcr die Kit-Gr\u00f6\u00dfe<\/span><\/li>\n<li><b>Maximale H\u00f6he:<\/b> <span style=\"line-height: 19.0476px;\">Kits erh\u00e4ltlich in 5\u201340 mm, 45\u201360 mm oder 65\u201380 mm<\/span><\/li>\n<\/ul>\n","protected":false},"featured_media":97983,"comment_status":"open","ping_status":"closed","template":"","meta":[],"product_brand":[],"product_cat":[4789,4835],"product_tag":[5182,5179,5194],"class_list":{"0":"post-97991","1":"product","2":"type-product","3":"status-publish","4":"has-post-thumbnail","6":"product_cat-sale-de","7":"product_cat-kontaktpunkt-cockpit","8":"product_tag-triathlon-de","9":"product_tag-ultra-cycling-de","10":"product_tag-zeitfahren","11":"product_shipping_class-small-items-de","12":"pa_stack-45-60-mm","13":"pa_stack-5-40-mm","14":"pa_stack-65-80-mm","16":"first","17":"instock","18":"sale","19":"taxable","20":"shipping-taxable","21":"purchasable","22":"product-type-variable"},"yoast_head":"<!-- This site is optimized with the Yoast SEO Premium plugin v27.3 (Yoast SEO v27.3) - https:\/\/yoast.com\/product\/yoast-seo-premium-wordpress\/ -->\n<title>Aeria Riser Kit - bikefit.lu<\/title>\n<meta name=\"robots\" content=\"index, follow, max-snippet:-1, max-image-preview:large, max-video-preview:-1\" \/>\n<link rel=\"canonical\" href=\"https:\/\/bikefit.lu\/de\/product\/aeria-riser-kit\/\" \/>\n<meta property=\"og:locale\" content=\"de_DE\" \/>\n<meta property=\"og:type\" content=\"article\" \/>\n<meta property=\"og:title\" content=\"Aeria Riser Kit\" \/>\n<meta property=\"og:description\" content=\"\u00dcbersicht Die Aeria Riser Kits wurden entwickelt, damit der Fahrer den f\u00fcr seine Bed\u00fcrfnisse passenden Stack-Bereich w\u00e4hlen kann. Durch die Aufteilung des Riser-Kits in drei Stack-Bereiche hat der Fahrer die M\u00f6glichkeit, seine Position anzupassen, ohne das komplette Riser-Kit kaufen zu m\u00fcssen. Technische Daten  Kompatibilit\u00e4t: Aeria AL, Aeria Evo, Aeria AL Evo, Aeria Carbon, Parlee TTiR Disc und BMC TM01 Flat Cockpit  Lieferumfang: Riser und Schrauben, spezifisch f\u00fcr die Kit-Gr\u00f6\u00dfe  Maximale H\u00f6he: Kits erh\u00e4ltlich in 5\u201340 mm, 45\u201360 mm oder 65\u201380 mm\" \/>\n<meta property=\"og:url\" content=\"https:\/\/bikefit.lu\/de\/product\/aeria-riser-kit\/\" \/>\n<meta property=\"og:site_name\" content=\"bikefit.lu\" \/>\n<meta property=\"article:modified_time\" content=\"2026-02-16T07:30:52+00:00\" \/>\n<meta property=\"og:image\" content=\"https:\/\/bikefit.lu\/wp-content\/uploads\/2025\/12\/main_Bracket_Kit_5_40mm_1200x_d2a2.webp\" \/>\n\t<meta property=\"og:image:width\" content=\"1024\" \/>\n\t<meta property=\"og:image:height\" content=\"1024\" \/>\n\t<meta property=\"og:image:type\" content=\"image\/webp\" \/>\n<meta name=\"twitter:card\" content=\"summary_large_image\" \/>\n<meta name=\"twitter:label1\" content=\"Verf\u00fcgbarkeit\" \/>\n\t<meta name=\"twitter:data1\" content=\"Auf Lager\" \/>\n<script type=\"application\/ld+json\" class=\"yoast-schema-graph\">{\"@context\":\"https:\\\/\\\/schema.org\",\"@graph\":[{\"@type\":\"WebPage\",\"@id\":\"https:\\\/\\\/bikefit.lu\\\/de\\\/product\\\/aeria-riser-kit\\\/\",\"url\":\"https:\\\/\\\/bikefit.lu\\\/de\\\/product\\\/aeria-riser-kit\\\/\",\"name\":\"Aeria Riser Kit - bikefit.lu\",\"isPartOf\":{\"@id\":\"https:\\\/\\\/bikefit.lu\\\/de\\\/#website\"},\"primaryImageOfPage\":{\"@id\":\"https:\\\/\\\/bikefit.lu\\\/de\\\/product\\\/aeria-riser-kit\\\/#primaryimage\"},\"image\":{\"@id\":\"https:\\\/\\\/bikefit.lu\\\/de\\\/product\\\/aeria-riser-kit\\\/#primaryimage\"},\"thumbnailUrl\":\"https:\\\/\\\/bikefit.lu\\\/wp-content\\\/uploads\\\/2025\\\/12\\\/main_Bracket_Kit_5_40mm_1200x_d2a2.webp\",\"datePublished\":\"2025-12-16T19:30:17+00:00\",\"dateModified\":\"2026-02-16T07:30:52+00:00\",\"breadcrumb\":{\"@id\":\"https:\\\/\\\/bikefit.lu\\\/de\\\/product\\\/aeria-riser-kit\\\/#breadcrumb\"},\"inLanguage\":\"de\",\"potentialAction\":[{\"@type\":\"ReadAction\",\"target\":[\"https:\\\/\\\/bikefit.lu\\\/de\\\/product\\\/aeria-riser-kit\\\/\"]}]},{\"@type\":\"ImageObject\",\"inLanguage\":\"de\",\"@id\":\"https:\\\/\\\/bikefit.lu\\\/de\\\/product\\\/aeria-riser-kit\\\/#primaryimage\",\"url\":\"https:\\\/\\\/bikefit.lu\\\/wp-content\\\/uploads\\\/2025\\\/12\\\/main_Bracket_Kit_5_40mm_1200x_d2a2.webp\",\"contentUrl\":\"https:\\\/\\\/bikefit.lu\\\/wp-content\\\/uploads\\\/2025\\\/12\\\/main_Bracket_Kit_5_40mm_1200x_d2a2.webp\",\"width\":1024,\"height\":1024},{\"@type\":\"BreadcrumbList\",\"@id\":\"https:\\\/\\\/bikefit.lu\\\/de\\\/product\\\/aeria-riser-kit\\\/#breadcrumb\",\"itemListElement\":[{\"@type\":\"ListItem\",\"position\":1,\"name\":\"Home\",\"item\":\"https:\\\/\\\/bikefit.lu\\\/de\\\/\"},{\"@type\":\"ListItem\",\"position\":2,\"name\":\"Produkte\",\"item\":\"https:\\\/\\\/bikefit.lu\\\/de\\\/shop\\\/\"},{\"@type\":\"ListItem\",\"position\":3,\"name\":\"Aeria Riser Kit\"}]},{\"@type\":\"WebSite\",\"@id\":\"https:\\\/\\\/bikefit.lu\\\/de\\\/#website\",\"url\":\"https:\\\/\\\/bikefit.lu\\\/de\\\/\",\"name\":\"bikefit.lu\",\"description\":\"IMPROVING CYCLING\",\"publisher\":{\"@id\":\"https:\\\/\\\/bikefit.lu\\\/de\\\/#\\\/schema\\\/person\\\/379af1263474d2f8cd1f41c2bd90273d\"},\"potentialAction\":[{\"@type\":\"SearchAction\",\"target\":{\"@type\":\"EntryPoint\",\"urlTemplate\":\"https:\\\/\\\/bikefit.lu\\\/de\\\/?s={search_term_string}\"},\"query-input\":{\"@type\":\"PropertyValueSpecification\",\"valueRequired\":true,\"valueName\":\"search_term_string\"}}],\"inLanguage\":\"de\"},{\"@type\":[\"Person\",\"Organization\"],\"@id\":\"https:\\\/\\\/bikefit.lu\\\/de\\\/#\\\/schema\\\/person\\\/379af1263474d2f8cd1f41c2bd90273d\",\"name\":\"Patrick Guillaume\",\"image\":{\"@type\":\"ImageObject\",\"inLanguage\":\"de\",\"@id\":\"https:\\\/\\\/bikefit.lu\\\/wp-content\\\/uploads\\\/2024\\\/12\\\/cropped-bikefit-logoURL-RGB-jpg.jpg\",\"url\":\"https:\\\/\\\/bikefit.lu\\\/wp-content\\\/uploads\\\/2024\\\/12\\\/cropped-bikefit-logoURL-RGB-jpg.jpg\",\"contentUrl\":\"https:\\\/\\\/bikefit.lu\\\/wp-content\\\/uploads\\\/2024\\\/12\\\/cropped-bikefit-logoURL-RGB-jpg.jpg\",\"width\":512,\"height\":512,\"caption\":\"Patrick Guillaume\"},\"logo\":{\"@id\":\"https:\\\/\\\/bikefit.lu\\\/wp-content\\\/uploads\\\/2024\\\/12\\\/cropped-bikefit-logoURL-RGB-jpg.jpg\"},\"sameAs\":[\"https:\\\/\\\/bikefit.lu\"],\"honorificPrefix\":\"Mr\",\"birthDate\":\"1966-11-18\",\"gender\":\"male\",\"knowsAbout\":[\"Bike-fitting\"],\"knowsLanguage\":[\"English\",\"French\",\"German\",\"Luxembourgish\"]}]}<\/script>\n<meta property=\"og:availability\" content=\"instock\" \/>\n<meta property=\"product:availability\" content=\"instock\" \/>\n<meta property=\"product:condition\" content=\"new\" \/>\n<!-- \/ Yoast SEO Premium plugin. -->","yoast_head_json":{"title":"Aeria Riser Kit - bikefit.lu","robots":{"index":"index","follow":"follow","max-snippet":"max-snippet:-1","max-image-preview":"max-image-preview:large","max-video-preview":"max-video-preview:-1"},"canonical":"https:\/\/bikefit.lu\/de\/product\/aeria-riser-kit\/","og_locale":"de_DE","og_type":"article","og_title":"Aeria Riser Kit","og_description":"\u00dcbersicht Die Aeria Riser Kits wurden entwickelt, damit der Fahrer den f\u00fcr seine Bed\u00fcrfnisse passenden Stack-Bereich w\u00e4hlen kann. Durch die Aufteilung des Riser-Kits in drei Stack-Bereiche hat der Fahrer die M\u00f6glichkeit, seine Position anzupassen, ohne das komplette Riser-Kit kaufen zu m\u00fcssen. Technische Daten  Kompatibilit\u00e4t: Aeria AL, Aeria Evo, Aeria AL Evo, Aeria Carbon, Parlee TTiR Disc und BMC TM01 Flat Cockpit  Lieferumfang: Riser und Schrauben, spezifisch f\u00fcr die Kit-Gr\u00f6\u00dfe  Maximale H\u00f6he: Kits erh\u00e4ltlich in 5\u201340 mm, 45\u201360 mm oder 65\u201380 mm","og_url":"https:\/\/bikefit.lu\/de\/product\/aeria-riser-kit\/","og_site_name":"bikefit.lu","article_modified_time":"2026-02-16T07:30:52+00:00","og_image":[{"width":1024,"height":1024,"url":"https:\/\/bikefit.lu\/wp-content\/uploads\/2025\/12\/main_Bracket_Kit_5_40mm_1200x_d2a2.webp","type":"image\/webp"}],"twitter_card":"summary_large_image","twitter_misc":{"Verf\u00fcgbarkeit":"Auf Lager"},"schema":{"@context":"https:\/\/schema.org","@graph":[{"@type":"WebPage","@id":"https:\/\/bikefit.lu\/de\/product\/aeria-riser-kit\/","url":"https:\/\/bikefit.lu\/de\/product\/aeria-riser-kit\/","name":"Aeria Riser Kit - bikefit.lu","isPartOf":{"@id":"https:\/\/bikefit.lu\/de\/#website"},"primaryImageOfPage":{"@id":"https:\/\/bikefit.lu\/de\/product\/aeria-riser-kit\/#primaryimage"},"image":{"@id":"https:\/\/bikefit.lu\/de\/product\/aeria-riser-kit\/#primaryimage"},"thumbnailUrl":"https:\/\/bikefit.lu\/wp-content\/uploads\/2025\/12\/main_Bracket_Kit_5_40mm_1200x_d2a2.webp","datePublished":"2025-12-16T19:30:17+00:00","dateModified":"2026-02-16T07:30:52+00:00","breadcrumb":{"@id":"https:\/\/bikefit.lu\/de\/product\/aeria-riser-kit\/#breadcrumb"},"inLanguage":"de","potentialAction":[{"@type":"ReadAction","target":["https:\/\/bikefit.lu\/de\/product\/aeria-riser-kit\/"]}]},{"@type":"ImageObject","inLanguage":"de","@id":"https:\/\/bikefit.lu\/de\/product\/aeria-riser-kit\/#primaryimage","url":"https:\/\/bikefit.lu\/wp-content\/uploads\/2025\/12\/main_Bracket_Kit_5_40mm_1200x_d2a2.webp","contentUrl":"https:\/\/bikefit.lu\/wp-content\/uploads\/2025\/12\/main_Bracket_Kit_5_40mm_1200x_d2a2.webp","width":1024,"height":1024},{"@type":"BreadcrumbList","@id":"https:\/\/bikefit.lu\/de\/product\/aeria-riser-kit\/#breadcrumb","itemListElement":[{"@type":"ListItem","position":1,"name":"Home","item":"https:\/\/bikefit.lu\/de\/"},{"@type":"ListItem","position":2,"name":"Produkte","item":"https:\/\/bikefit.lu\/de\/shop\/"},{"@type":"ListItem","position":3,"name":"Aeria Riser Kit"}]},{"@type":"WebSite","@id":"https:\/\/bikefit.lu\/de\/#website","url":"https:\/\/bikefit.lu\/de\/","name":"bikefit.lu","description":"IMPROVING CYCLING","publisher":{"@id":"https:\/\/bikefit.lu\/de\/#\/schema\/person\/379af1263474d2f8cd1f41c2bd90273d"},"potentialAction":[{"@type":"SearchAction","target":{"@type":"EntryPoint","urlTemplate":"https:\/\/bikefit.lu\/de\/?s={search_term_string}"},"query-input":{"@type":"PropertyValueSpecification","valueRequired":true,"valueName":"search_term_string"}}],"inLanguage":"de"},{"@type":["Person","Organization"],"@id":"https:\/\/bikefit.lu\/de\/#\/schema\/person\/379af1263474d2f8cd1f41c2bd90273d","name":"Patrick Guillaume","image":{"@type":"ImageObject","inLanguage":"de","@id":"https:\/\/bikefit.lu\/wp-content\/uploads\/2024\/12\/cropped-bikefit-logoURL-RGB-jpg.jpg","url":"https:\/\/bikefit.lu\/wp-content\/uploads\/2024\/12\/cropped-bikefit-logoURL-RGB-jpg.jpg","contentUrl":"https:\/\/bikefit.lu\/wp-content\/uploads\/2024\/12\/cropped-bikefit-logoURL-RGB-jpg.jpg","width":512,"height":512,"caption":"Patrick Guillaume"},"logo":{"@id":"https:\/\/bikefit.lu\/wp-content\/uploads\/2024\/12\/cropped-bikefit-logoURL-RGB-jpg.jpg"},"sameAs":["https:\/\/bikefit.lu"],"honorificPrefix":"Mr","birthDate":"1966-11-18","gender":"male","knowsAbout":["Bike-fitting"],"knowsLanguage":["English","French","German","Luxembourgish"]}]},"og_availability":"instock","product_availability":"instock","product_condition":"new"},"_links":{"self":[{"href":"https:\/\/bikefit.lu\/de\/wp-json\/wp\/v2\/product\/97991","targetHints":{"allow":["GET"]}}],"collection":[{"href":"https:\/\/bikefit.lu\/de\/wp-json\/wp\/v2\/product"}],"about":[{"href":"https:\/\/bikefit.lu\/de\/wp-json\/wp\/v2\/types\/product"}],"replies":[{"embeddable":true,"href":"https:\/\/bikefit.lu\/de\/wp-json\/wp\/v2\/comments?post=97991"}],"version-history":[{"count":0,"href":"https:\/\/bikefit.lu\/de\/wp-json\/wp\/v2\/product\/97991\/revisions"}],"wp:featuredmedia":[{"embeddable":true,"href":"https:\/\/bikefit.lu\/de\/wp-json\/wp\/v2\/media\/97983"}],"wp:attachment":[{"href":"https:\/\/bikefit.lu\/de\/wp-json\/wp\/v2\/media?parent=97991"}],"wp:term":[{"taxonomy":"product_brand","embeddable":true,"href":"https:\/\/bikefit.lu\/de\/wp-json\/wp\/v2\/product_brand?post=97991"},{"taxonomy":"product_cat","embeddable":true,"href":"https:\/\/bikefit.lu\/de\/wp-json\/wp\/v2\/product_cat?post=97991"},{"taxonomy":"product_tag","embeddable":true,"href":"https:\/\/bikefit.lu\/de\/wp-json\/wp\/v2\/product_tag?post=97991"}],"curies":[{"name":"wp","href":"https:\/\/api.w.org\/{rel}","templated":true}]}}