{"id":98023,"date":"2025-12-16T20:48:12","date_gmt":"2025-12-16T19:48:12","guid":{"rendered":"https:\/\/bikefit.lu\/product\/supersonic-j5-halterungs-kit\/"},"modified":"2025-12-16T20:48:12","modified_gmt":"2025-12-16T19:48:12","slug":"supersonic-j5-halterungs-kit","status":"publish","type":"product","link":"https:\/\/bikefit.lu\/de\/product\/supersonic-j5-halterungs-kit\/","title":{"rendered":"Supersonic (J5) Halterungs-Kit"},"content":{"rendered":"<ul>\n<li><strong>Materialien:<\/strong> Geschmiedetes 6061-T6 AL<\/li>\n<li><strong>Stack H\u00f6he:<\/strong> 42 mm<\/li>\n<li><strong>Breitenverstellung:<\/strong> 37 mm<\/li>\n<li><strong>Basislenker-Klemmdurchmesser:<\/strong> 31,8 mm<\/li>\n<li><strong>Verl\u00e4ngerungsklemmdurchmesser:<\/strong> 22.2mm<\/li>\n<li><strong>Farbe:<\/strong> Schwarz<\/li>\n<li><strong>Gewicht:<\/strong> 266 g<\/li>\n<\/ul>\n","protected":false},"excerpt":{"rendered":"<p>Die Supersonic (J5) Halterung ist das Herzst\u00fcck der T-Carbon Aerobar-Linie. Die Supersonic-Halterung wurde f\u00fcr Anpassbarkeit entwickelt, mit Funktionen, die eine individuelle Anpassung erm\u00f6glichen, um die Fahrerposition optimal einzustellen. Die Inline Compression Clamp (ICC) bietet eine einfache, sichere und benutzerfreundliche Einstellung der Verl\u00e4ngerung mit einer einzigen Schraube. <\/p>\n<ul>\n<li><b>Vereinfachtes Keilsystem:<\/b> Zum Patent angemeldetes Inline-Keilsystem zur Reduzierung des Luftwiderstands und gleichm\u00e4\u00dfiger Klemmkr\u00e4fte.<\/li>\n<li><b>Aerobar Halterungs-Erh\u00f6hungs-Kit<\/b> M\u00f6glichkeit zur Erh\u00f6hung des Stacks auf bis zu 70 mm mit optionalem Aerobar Halterungs-Erh\u00f6hungs-Kit.<\/li>\n<\/ul>\n","protected":false},"featured_media":98006,"comment_status":"open","ping_status":"closed","template":"","meta":[],"product_brand":[5810],"product_cat":[4835],"product_tag":[5182,5179,5194],"class_list":{"0":"post-98023","1":"product","2":"type-product","3":"status-publish","4":"has-post-thumbnail","6":"product_brand-profile-design","7":"product_cat-kontaktpunkt-cockpit","8":"product_tag-triathlon-de","9":"product_tag-ultra-cycling-de","10":"product_tag-zeitfahren","11":"product_shipping_class-large-items-de","13":"first","14":"instock","15":"sold-individually","16":"taxable","17":"shipping-taxable","18":"purchasable","19":"product-type-simple"},"yoast_head":"<!-- This site is optimized with the Yoast SEO Premium plugin v27.3 (Yoast SEO v27.3) - https:\/\/yoast.com\/product\/yoast-seo-premium-wordpress\/ -->\n<title>Supersonic (J5) Halterungs-Kit - bikefit.lu<\/title>\n<meta name=\"robots\" content=\"index, follow, max-snippet:-1, max-image-preview:large, max-video-preview:-1\" \/>\n<link rel=\"canonical\" href=\"https:\/\/bikefit.lu\/de\/product\/supersonic-j5-halterungs-kit\/\" \/>\n<meta property=\"og:locale\" content=\"de_DE\" \/>\n<meta property=\"og:type\" content=\"article\" \/>\n<meta property=\"og:title\" content=\"Supersonic (J5) Halterungs-Kit\" \/>\n<meta property=\"og:description\" content=\"Die Supersonic (J5) Halterung ist das Herzst\u00fcck der T-Carbon Aerobar-Linie. Die Supersonic-Halterung wurde f\u00fcr Anpassbarkeit entwickelt, mit Funktionen, die eine individuelle Anpassung erm\u00f6glichen, um die Fahrerposition optimal einzustellen. Die Inline Compression Clamp (ICC) bietet eine einfache, sichere und benutzerfreundliche Einstellung der Verl\u00e4ngerung mit einer einzigen Schraube.   Vereinfachtes Keilsystem: Zum Patent angemeldetes Inline-Keilsystem zur Reduzierung des Luftwiderstands und gleichm\u00e4\u00dfiger Klemmkr\u00e4fte.  Aerobar Halterungs-Erh\u00f6hungs-Kit M\u00f6glichkeit zur Erh\u00f6hung des Stacks auf bis zu 70 mm mit optionalem Aerobar Halterungs-Erh\u00f6hungs-Kit.\" \/>\n<meta property=\"og:url\" content=\"https:\/\/bikefit.lu\/de\/product\/supersonic-j5-halterungs-kit\/\" \/>\n<meta property=\"og:site_name\" content=\"bikefit.lu\" \/>\n<meta property=\"og:image\" content=\"https:\/\/bikefit.lu\/wp-content\/uploads\/2025\/12\/J5.webp\" \/>\n\t<meta property=\"og:image:width\" content=\"1000\" \/>\n\t<meta property=\"og:image:height\" content=\"1000\" \/>\n\t<meta property=\"og:image:type\" content=\"image\/webp\" \/>\n<meta name=\"twitter:card\" content=\"summary_large_image\" \/>\n<meta name=\"twitter:label1\" content=\"Preis\" \/>\n\t<meta name=\"twitter:data1\" content=\"135,00&nbsp;&euro;\" \/>\n\t<meta name=\"twitter:label2\" content=\"Verf\u00fcgbarkeit\" \/>\n\t<meta name=\"twitter:data2\" content=\"Auf Lager\" \/>\n<script type=\"application\/ld+json\" class=\"yoast-schema-graph\">{\"@context\":\"https:\\\/\\\/schema.org\",\"@graph\":[{\"@type\":\"WebPage\",\"@id\":\"https:\\\/\\\/bikefit.lu\\\/de\\\/product\\\/supersonic-j5-halterungs-kit\\\/\",\"url\":\"https:\\\/\\\/bikefit.lu\\\/de\\\/product\\\/supersonic-j5-halterungs-kit\\\/\",\"name\":\"Supersonic (J5) Halterungs-Kit - bikefit.lu\",\"isPartOf\":{\"@id\":\"https:\\\/\\\/bikefit.lu\\\/de\\\/#website\"},\"primaryImageOfPage\":{\"@id\":\"https:\\\/\\\/bikefit.lu\\\/de\\\/product\\\/supersonic-j5-halterungs-kit\\\/#primaryimage\"},\"image\":{\"@id\":\"https:\\\/\\\/bikefit.lu\\\/de\\\/product\\\/supersonic-j5-halterungs-kit\\\/#primaryimage\"},\"thumbnailUrl\":\"https:\\\/\\\/bikefit.lu\\\/wp-content\\\/uploads\\\/2025\\\/12\\\/J5.webp\",\"datePublished\":\"2025-12-16T19:48:12+00:00\",\"breadcrumb\":{\"@id\":\"https:\\\/\\\/bikefit.lu\\\/de\\\/product\\\/supersonic-j5-halterungs-kit\\\/#breadcrumb\"},\"inLanguage\":\"de\",\"potentialAction\":[{\"@type\":\"ReadAction\",\"target\":[\"https:\\\/\\\/bikefit.lu\\\/de\\\/product\\\/supersonic-j5-halterungs-kit\\\/\"]}]},{\"@type\":\"ImageObject\",\"inLanguage\":\"de\",\"@id\":\"https:\\\/\\\/bikefit.lu\\\/de\\\/product\\\/supersonic-j5-halterungs-kit\\\/#primaryimage\",\"url\":\"https:\\\/\\\/bikefit.lu\\\/wp-content\\\/uploads\\\/2025\\\/12\\\/J5.webp\",\"contentUrl\":\"https:\\\/\\\/bikefit.lu\\\/wp-content\\\/uploads\\\/2025\\\/12\\\/J5.webp\",\"width\":1000,\"height\":1000},{\"@type\":\"BreadcrumbList\",\"@id\":\"https:\\\/\\\/bikefit.lu\\\/de\\\/product\\\/supersonic-j5-halterungs-kit\\\/#breadcrumb\",\"itemListElement\":[{\"@type\":\"ListItem\",\"position\":1,\"name\":\"Home\",\"item\":\"https:\\\/\\\/bikefit.lu\\\/de\\\/\"},{\"@type\":\"ListItem\",\"position\":2,\"name\":\"Produkte\",\"item\":\"https:\\\/\\\/bikefit.lu\\\/de\\\/shop\\\/\"},{\"@type\":\"ListItem\",\"position\":3,\"name\":\"Supersonic (J5) Halterungs-Kit\"}]},{\"@type\":\"WebSite\",\"@id\":\"https:\\\/\\\/bikefit.lu\\\/de\\\/#website\",\"url\":\"https:\\\/\\\/bikefit.lu\\\/de\\\/\",\"name\":\"bikefit.lu\",\"description\":\"IMPROVING CYCLING\",\"publisher\":{\"@id\":\"https:\\\/\\\/bikefit.lu\\\/de\\\/#\\\/schema\\\/person\\\/379af1263474d2f8cd1f41c2bd90273d\"},\"potentialAction\":[{\"@type\":\"SearchAction\",\"target\":{\"@type\":\"EntryPoint\",\"urlTemplate\":\"https:\\\/\\\/bikefit.lu\\\/de\\\/?s={search_term_string}\"},\"query-input\":{\"@type\":\"PropertyValueSpecification\",\"valueRequired\":true,\"valueName\":\"search_term_string\"}}],\"inLanguage\":\"de\"},{\"@type\":[\"Person\",\"Organization\"],\"@id\":\"https:\\\/\\\/bikefit.lu\\\/de\\\/#\\\/schema\\\/person\\\/379af1263474d2f8cd1f41c2bd90273d\",\"name\":\"Patrick Guillaume\",\"image\":{\"@type\":\"ImageObject\",\"inLanguage\":\"de\",\"@id\":\"https:\\\/\\\/bikefit.lu\\\/wp-content\\\/uploads\\\/2024\\\/12\\\/cropped-bikefit-logoURL-RGB-jpg.jpg\",\"url\":\"https:\\\/\\\/bikefit.lu\\\/wp-content\\\/uploads\\\/2024\\\/12\\\/cropped-bikefit-logoURL-RGB-jpg.jpg\",\"contentUrl\":\"https:\\\/\\\/bikefit.lu\\\/wp-content\\\/uploads\\\/2024\\\/12\\\/cropped-bikefit-logoURL-RGB-jpg.jpg\",\"width\":512,\"height\":512,\"caption\":\"Patrick Guillaume\"},\"logo\":{\"@id\":\"https:\\\/\\\/bikefit.lu\\\/wp-content\\\/uploads\\\/2024\\\/12\\\/cropped-bikefit-logoURL-RGB-jpg.jpg\"},\"sameAs\":[\"https:\\\/\\\/bikefit.lu\"],\"honorificPrefix\":\"Mr\",\"birthDate\":\"1966-11-18\",\"gender\":\"male\",\"knowsAbout\":[\"Bike-fitting\"],\"knowsLanguage\":[\"English\",\"French\",\"German\",\"Luxembourgish\"]}]}<\/script>\n<meta property=\"product:price:amount\" content=\"135.00\" \/>\n<meta property=\"product:price:currency\" content=\"EUR\" \/>\n<meta property=\"og:availability\" content=\"instock\" \/>\n<meta property=\"product:availability\" content=\"instock\" \/>\n<meta property=\"product:condition\" content=\"new\" \/>\n<!-- \/ Yoast SEO Premium plugin. -->","yoast_head_json":{"title":"Supersonic (J5) Halterungs-Kit - bikefit.lu","robots":{"index":"index","follow":"follow","max-snippet":"max-snippet:-1","max-image-preview":"max-image-preview:large","max-video-preview":"max-video-preview:-1"},"canonical":"https:\/\/bikefit.lu\/de\/product\/supersonic-j5-halterungs-kit\/","og_locale":"de_DE","og_type":"article","og_title":"Supersonic (J5) Halterungs-Kit","og_description":"Die Supersonic (J5) Halterung ist das Herzst\u00fcck der T-Carbon Aerobar-Linie. Die Supersonic-Halterung wurde f\u00fcr Anpassbarkeit entwickelt, mit Funktionen, die eine individuelle Anpassung erm\u00f6glichen, um die Fahrerposition optimal einzustellen. Die Inline Compression Clamp (ICC) bietet eine einfache, sichere und benutzerfreundliche Einstellung der Verl\u00e4ngerung mit einer einzigen Schraube.   Vereinfachtes Keilsystem: Zum Patent angemeldetes Inline-Keilsystem zur Reduzierung des Luftwiderstands und gleichm\u00e4\u00dfiger Klemmkr\u00e4fte.  Aerobar Halterungs-Erh\u00f6hungs-Kit M\u00f6glichkeit zur Erh\u00f6hung des Stacks auf bis zu 70 mm mit optionalem Aerobar Halterungs-Erh\u00f6hungs-Kit.","og_url":"https:\/\/bikefit.lu\/de\/product\/supersonic-j5-halterungs-kit\/","og_site_name":"bikefit.lu","og_image":[{"width":1000,"height":1000,"url":"https:\/\/bikefit.lu\/wp-content\/uploads\/2025\/12\/J5.webp","type":"image\/webp"}],"twitter_card":"summary_large_image","twitter_misc":{"Preis":"135,00&nbsp;&euro;","Verf\u00fcgbarkeit":"Auf Lager"},"schema":{"@context":"https:\/\/schema.org","@graph":[{"@type":"WebPage","@id":"https:\/\/bikefit.lu\/de\/product\/supersonic-j5-halterungs-kit\/","url":"https:\/\/bikefit.lu\/de\/product\/supersonic-j5-halterungs-kit\/","name":"Supersonic (J5) Halterungs-Kit - bikefit.lu","isPartOf":{"@id":"https:\/\/bikefit.lu\/de\/#website"},"primaryImageOfPage":{"@id":"https:\/\/bikefit.lu\/de\/product\/supersonic-j5-halterungs-kit\/#primaryimage"},"image":{"@id":"https:\/\/bikefit.lu\/de\/product\/supersonic-j5-halterungs-kit\/#primaryimage"},"thumbnailUrl":"https:\/\/bikefit.lu\/wp-content\/uploads\/2025\/12\/J5.webp","datePublished":"2025-12-16T19:48:12+00:00","breadcrumb":{"@id":"https:\/\/bikefit.lu\/de\/product\/supersonic-j5-halterungs-kit\/#breadcrumb"},"inLanguage":"de","potentialAction":[{"@type":"ReadAction","target":["https:\/\/bikefit.lu\/de\/product\/supersonic-j5-halterungs-kit\/"]}]},{"@type":"ImageObject","inLanguage":"de","@id":"https:\/\/bikefit.lu\/de\/product\/supersonic-j5-halterungs-kit\/#primaryimage","url":"https:\/\/bikefit.lu\/wp-content\/uploads\/2025\/12\/J5.webp","contentUrl":"https:\/\/bikefit.lu\/wp-content\/uploads\/2025\/12\/J5.webp","width":1000,"height":1000},{"@type":"BreadcrumbList","@id":"https:\/\/bikefit.lu\/de\/product\/supersonic-j5-halterungs-kit\/#breadcrumb","itemListElement":[{"@type":"ListItem","position":1,"name":"Home","item":"https:\/\/bikefit.lu\/de\/"},{"@type":"ListItem","position":2,"name":"Produkte","item":"https:\/\/bikefit.lu\/de\/shop\/"},{"@type":"ListItem","position":3,"name":"Supersonic (J5) Halterungs-Kit"}]},{"@type":"WebSite","@id":"https:\/\/bikefit.lu\/de\/#website","url":"https:\/\/bikefit.lu\/de\/","name":"bikefit.lu","description":"IMPROVING CYCLING","publisher":{"@id":"https:\/\/bikefit.lu\/de\/#\/schema\/person\/379af1263474d2f8cd1f41c2bd90273d"},"potentialAction":[{"@type":"SearchAction","target":{"@type":"EntryPoint","urlTemplate":"https:\/\/bikefit.lu\/de\/?s={search_term_string}"},"query-input":{"@type":"PropertyValueSpecification","valueRequired":true,"valueName":"search_term_string"}}],"inLanguage":"de"},{"@type":["Person","Organization"],"@id":"https:\/\/bikefit.lu\/de\/#\/schema\/person\/379af1263474d2f8cd1f41c2bd90273d","name":"Patrick Guillaume","image":{"@type":"ImageObject","inLanguage":"de","@id":"https:\/\/bikefit.lu\/wp-content\/uploads\/2024\/12\/cropped-bikefit-logoURL-RGB-jpg.jpg","url":"https:\/\/bikefit.lu\/wp-content\/uploads\/2024\/12\/cropped-bikefit-logoURL-RGB-jpg.jpg","contentUrl":"https:\/\/bikefit.lu\/wp-content\/uploads\/2024\/12\/cropped-bikefit-logoURL-RGB-jpg.jpg","width":512,"height":512,"caption":"Patrick Guillaume"},"logo":{"@id":"https:\/\/bikefit.lu\/wp-content\/uploads\/2024\/12\/cropped-bikefit-logoURL-RGB-jpg.jpg"},"sameAs":["https:\/\/bikefit.lu"],"honorificPrefix":"Mr","birthDate":"1966-11-18","gender":"male","knowsAbout":["Bike-fitting"],"knowsLanguage":["English","French","German","Luxembourgish"]}]},"product_price_amount":"135.00","product_price_currency":"EUR","og_availability":"instock","product_availability":"instock","product_condition":"new"},"_links":{"self":[{"href":"https:\/\/bikefit.lu\/de\/wp-json\/wp\/v2\/product\/98023","targetHints":{"allow":["GET"]}}],"collection":[{"href":"https:\/\/bikefit.lu\/de\/wp-json\/wp\/v2\/product"}],"about":[{"href":"https:\/\/bikefit.lu\/de\/wp-json\/wp\/v2\/types\/product"}],"replies":[{"embeddable":true,"href":"https:\/\/bikefit.lu\/de\/wp-json\/wp\/v2\/comments?post=98023"}],"version-history":[{"count":0,"href":"https:\/\/bikefit.lu\/de\/wp-json\/wp\/v2\/product\/98023\/revisions"}],"wp:featuredmedia":[{"embeddable":true,"href":"https:\/\/bikefit.lu\/de\/wp-json\/wp\/v2\/media\/98006"}],"wp:attachment":[{"href":"https:\/\/bikefit.lu\/de\/wp-json\/wp\/v2\/media?parent=98023"}],"wp:term":[{"taxonomy":"product_brand","embeddable":true,"href":"https:\/\/bikefit.lu\/de\/wp-json\/wp\/v2\/product_brand?post=98023"},{"taxonomy":"product_cat","embeddable":true,"href":"https:\/\/bikefit.lu\/de\/wp-json\/wp\/v2\/product_cat?post=98023"},{"taxonomy":"product_tag","embeddable":true,"href":"https:\/\/bikefit.lu\/de\/wp-json\/wp\/v2\/product_tag?post=98023"}],"curies":[{"name":"wp","href":"https:\/\/api.w.org\/{rel}","templated":true}]}}