{"id":98059,"date":"2025-12-16T21:26:09","date_gmt":"2025-12-16T20:26:09","guid":{"rendered":"https:\/\/bikefit.lu\/product\/race-armlehnen-kit\/"},"modified":"2025-12-16T21:26:09","modified_gmt":"2025-12-16T20:26:09","slug":"race-armlehnen-kit","status":"publish","type":"product","link":"https:\/\/bikefit.lu\/de\/product\/race-armlehnen-kit\/","title":{"rendered":"Race+ Armlehnen-Kit"},"content":{"rendered":"<ul>\n<li><b>Armlehnenkonstruktion:<\/b> Spritzguss-Nylon\/Glasfaser<\/li>\n<li><b>Polsterkonstruktion:<\/b> EVA-Schaumstoff<\/li>\n<li><strong>Polstermodell:<\/strong> 5 mm<\/li>\n<li><b>Farbe:<\/b> Mattes Schwarz<\/li>\n<li><strong>Hardware:<\/strong> M6 x 10 FHB<\/li>\n<li><b>Gewicht:<\/b> 187,65 g (Satz)<\/li>\n<\/ul>\n","protected":false},"excerpt":{"rendered":"<p class=\"textbox\" dir=\"ltr\">Die Race+ Armlehne hat die Form unserer beliebten Ergo-Armlehne und verl\u00e4ngert sie auf 124 mm, um die Kontaktfl\u00e4che f\u00fcr Ihre Arme zu vergr\u00f6\u00dfern und so den Druck auf Ihre Haut noch weiter zu verringern.<\/p>\n<p class=\"textbox\" dir=\"ltr\">Zus\u00e4tzlich hat Profile Design ein neues Oberfl\u00e4chenmuster entwickelt, das hilft, den Grip zu erh\u00f6hen und Schwei\u00df abzuleiten.<\/p>\n<p class=\"textbox\" dir=\"ltr\">Die Race+ kann mit jedem ihrer aktuellen und neueren Aerolenker-Modelle als potenzielles Komfort-Upgrade kombiniert werden.<\/p>\n<p class=\"textbox\" dir=\"ltr\"><strong>Spezifikationen<\/strong><\/p>\n<p><strong>Bolzenabstand:<\/strong> 15 mm<br \/>\n<strong>Reichweiten-Inkrement:<\/strong> 15 mm<br \/>\n<strong>Breiten-Inkrement:<\/strong> Variabel<br \/>\n<strong>L\u00e4nge:<\/strong> 124 mm<br \/>\n<strong>Stapelh\u00f6he:<\/strong> 16 mm<\/p>\n<p>Anleitung: <a href=\"https:\/\/bikefit.lu\/wp-content\/uploads\/2025\/12\/PFD_Ergo____Race__Armrest_Kits_IS_English_Rev.0.pdf\">Ergo+ \/ Race+ Armrest Kit Installationsanleitung<\/a><\/p>\n","protected":false},"featured_media":98052,"comment_status":"open","ping_status":"closed","template":"","meta":[],"product_brand":[5810],"product_cat":[4835],"product_tag":[5182,5179,5194],"class_list":{"0":"post-98059","1":"product","2":"type-product","3":"status-publish","4":"has-post-thumbnail","6":"product_brand-profile-design","7":"product_cat-kontaktpunkt-cockpit","8":"product_tag-triathlon-de","9":"product_tag-ultra-cycling-de","10":"product_tag-zeitfahren","11":"product_shipping_class-large-items-de","13":"first","14":"instock","15":"taxable","16":"shipping-taxable","17":"purchasable","18":"product-type-simple"},"yoast_head":"<!-- This site is optimized with the Yoast SEO Premium plugin v27.3 (Yoast SEO v27.3) - https:\/\/yoast.com\/product\/yoast-seo-premium-wordpress\/ -->\n<title>Race+ Armlehnen-Kit - bikefit.lu<\/title>\n<meta name=\"robots\" content=\"index, follow, max-snippet:-1, max-image-preview:large, max-video-preview:-1\" \/>\n<link rel=\"canonical\" href=\"https:\/\/bikefit.lu\/de\/product\/race-armlehnen-kit\/\" \/>\n<meta property=\"og:locale\" content=\"de_DE\" \/>\n<meta property=\"og:type\" content=\"article\" \/>\n<meta property=\"og:title\" content=\"Race+ Armlehnen-Kit\" \/>\n<meta property=\"og:description\" content=\"Die Race+ Armlehne hat die Form unserer beliebten Ergo-Armlehne und verl\u00e4ngert sie auf 124 mm, um die Kontaktfl\u00e4che f\u00fcr Ihre Arme zu vergr\u00f6\u00dfern und so den Druck auf Ihre Haut noch weiter zu verringern. Zus\u00e4tzlich hat Profile Design ein neues Oberfl\u00e4chenmuster entwickelt, das hilft, den Grip zu erh\u00f6hen und Schwei\u00df abzuleiten. Die Race+ kann mit jedem ihrer aktuellen und neueren Aerolenker-Modelle als potenzielles Komfort-Upgrade kombiniert werden. Spezifikationen Bolzenabstand: 15 mm Reichweiten-Inkrement: 15 mm Breiten-Inkrement: Variabel L\u00e4nge: 124 mm Stapelh\u00f6he: 16 mm Anleitung: Ergo+ \/ Race+ Armrest Kit Installationsanleitung\" \/>\n<meta property=\"og:url\" content=\"https:\/\/bikefit.lu\/de\/product\/race-armlehnen-kit\/\" \/>\n<meta property=\"og:site_name\" content=\"bikefit.lu\" \/>\n<meta property=\"og:image\" content=\"https:\/\/bikefit.lu\/wp-content\/uploads\/2025\/12\/Race__Armrest-Group_1000x.webp\" \/>\n\t<meta property=\"og:image:width\" content=\"1000\" \/>\n\t<meta property=\"og:image:height\" content=\"1000\" \/>\n\t<meta property=\"og:image:type\" content=\"image\/webp\" \/>\n<meta name=\"twitter:card\" content=\"summary_large_image\" \/>\n<meta name=\"twitter:label1\" content=\"Preis\" \/>\n\t<meta name=\"twitter:data1\" content=\"79,00&nbsp;&euro;\" \/>\n\t<meta name=\"twitter:label2\" content=\"Verf\u00fcgbarkeit\" \/>\n\t<meta name=\"twitter:data2\" content=\"Auf Lager\" \/>\n<script type=\"application\/ld+json\" class=\"yoast-schema-graph\">{\"@context\":\"https:\\\/\\\/schema.org\",\"@graph\":[{\"@type\":\"WebPage\",\"@id\":\"https:\\\/\\\/bikefit.lu\\\/de\\\/product\\\/race-armlehnen-kit\\\/\",\"url\":\"https:\\\/\\\/bikefit.lu\\\/de\\\/product\\\/race-armlehnen-kit\\\/\",\"name\":\"Race+ Armlehnen-Kit - bikefit.lu\",\"isPartOf\":{\"@id\":\"https:\\\/\\\/bikefit.lu\\\/de\\\/#website\"},\"primaryImageOfPage\":{\"@id\":\"https:\\\/\\\/bikefit.lu\\\/de\\\/product\\\/race-armlehnen-kit\\\/#primaryimage\"},\"image\":{\"@id\":\"https:\\\/\\\/bikefit.lu\\\/de\\\/product\\\/race-armlehnen-kit\\\/#primaryimage\"},\"thumbnailUrl\":\"https:\\\/\\\/bikefit.lu\\\/wp-content\\\/uploads\\\/2025\\\/12\\\/Race__Armrest-Group_1000x.webp\",\"datePublished\":\"2025-12-16T20:26:09+00:00\",\"breadcrumb\":{\"@id\":\"https:\\\/\\\/bikefit.lu\\\/de\\\/product\\\/race-armlehnen-kit\\\/#breadcrumb\"},\"inLanguage\":\"de\",\"potentialAction\":[{\"@type\":\"ReadAction\",\"target\":[\"https:\\\/\\\/bikefit.lu\\\/de\\\/product\\\/race-armlehnen-kit\\\/\"]}]},{\"@type\":\"ImageObject\",\"inLanguage\":\"de\",\"@id\":\"https:\\\/\\\/bikefit.lu\\\/de\\\/product\\\/race-armlehnen-kit\\\/#primaryimage\",\"url\":\"https:\\\/\\\/bikefit.lu\\\/wp-content\\\/uploads\\\/2025\\\/12\\\/Race__Armrest-Group_1000x.webp\",\"contentUrl\":\"https:\\\/\\\/bikefit.lu\\\/wp-content\\\/uploads\\\/2025\\\/12\\\/Race__Armrest-Group_1000x.webp\",\"width\":1000,\"height\":1000},{\"@type\":\"BreadcrumbList\",\"@id\":\"https:\\\/\\\/bikefit.lu\\\/de\\\/product\\\/race-armlehnen-kit\\\/#breadcrumb\",\"itemListElement\":[{\"@type\":\"ListItem\",\"position\":1,\"name\":\"Home\",\"item\":\"https:\\\/\\\/bikefit.lu\\\/de\\\/\"},{\"@type\":\"ListItem\",\"position\":2,\"name\":\"Produkte\",\"item\":\"https:\\\/\\\/bikefit.lu\\\/de\\\/shop\\\/\"},{\"@type\":\"ListItem\",\"position\":3,\"name\":\"Race+ Armlehnen-Kit\"}]},{\"@type\":\"WebSite\",\"@id\":\"https:\\\/\\\/bikefit.lu\\\/de\\\/#website\",\"url\":\"https:\\\/\\\/bikefit.lu\\\/de\\\/\",\"name\":\"bikefit.lu\",\"description\":\"IMPROVING CYCLING\",\"publisher\":{\"@id\":\"https:\\\/\\\/bikefit.lu\\\/de\\\/#\\\/schema\\\/person\\\/379af1263474d2f8cd1f41c2bd90273d\"},\"potentialAction\":[{\"@type\":\"SearchAction\",\"target\":{\"@type\":\"EntryPoint\",\"urlTemplate\":\"https:\\\/\\\/bikefit.lu\\\/de\\\/?s={search_term_string}\"},\"query-input\":{\"@type\":\"PropertyValueSpecification\",\"valueRequired\":true,\"valueName\":\"search_term_string\"}}],\"inLanguage\":\"de\"},{\"@type\":[\"Person\",\"Organization\"],\"@id\":\"https:\\\/\\\/bikefit.lu\\\/de\\\/#\\\/schema\\\/person\\\/379af1263474d2f8cd1f41c2bd90273d\",\"name\":\"Patrick Guillaume\",\"image\":{\"@type\":\"ImageObject\",\"inLanguage\":\"de\",\"@id\":\"https:\\\/\\\/bikefit.lu\\\/wp-content\\\/uploads\\\/2024\\\/12\\\/cropped-bikefit-logoURL-RGB-jpg.jpg\",\"url\":\"https:\\\/\\\/bikefit.lu\\\/wp-content\\\/uploads\\\/2024\\\/12\\\/cropped-bikefit-logoURL-RGB-jpg.jpg\",\"contentUrl\":\"https:\\\/\\\/bikefit.lu\\\/wp-content\\\/uploads\\\/2024\\\/12\\\/cropped-bikefit-logoURL-RGB-jpg.jpg\",\"width\":512,\"height\":512,\"caption\":\"Patrick Guillaume\"},\"logo\":{\"@id\":\"https:\\\/\\\/bikefit.lu\\\/wp-content\\\/uploads\\\/2024\\\/12\\\/cropped-bikefit-logoURL-RGB-jpg.jpg\"},\"sameAs\":[\"https:\\\/\\\/bikefit.lu\"],\"honorificPrefix\":\"Mr\",\"birthDate\":\"1966-11-18\",\"gender\":\"male\",\"knowsAbout\":[\"Bike-fitting\"],\"knowsLanguage\":[\"English\",\"French\",\"German\",\"Luxembourgish\"]}]}<\/script>\n<meta property=\"product:price:amount\" content=\"79.00\" \/>\n<meta property=\"product:price:currency\" content=\"EUR\" \/>\n<meta property=\"og:availability\" content=\"instock\" \/>\n<meta property=\"product:availability\" content=\"instock\" \/>\n<meta property=\"product:condition\" content=\"new\" \/>\n<!-- \/ Yoast SEO Premium plugin. -->","yoast_head_json":{"title":"Race+ Armlehnen-Kit - bikefit.lu","robots":{"index":"index","follow":"follow","max-snippet":"max-snippet:-1","max-image-preview":"max-image-preview:large","max-video-preview":"max-video-preview:-1"},"canonical":"https:\/\/bikefit.lu\/de\/product\/race-armlehnen-kit\/","og_locale":"de_DE","og_type":"article","og_title":"Race+ Armlehnen-Kit","og_description":"Die Race+ Armlehne hat die Form unserer beliebten Ergo-Armlehne und verl\u00e4ngert sie auf 124 mm, um die Kontaktfl\u00e4che f\u00fcr Ihre Arme zu vergr\u00f6\u00dfern und so den Druck auf Ihre Haut noch weiter zu verringern. Zus\u00e4tzlich hat Profile Design ein neues Oberfl\u00e4chenmuster entwickelt, das hilft, den Grip zu erh\u00f6hen und Schwei\u00df abzuleiten. Die Race+ kann mit jedem ihrer aktuellen und neueren Aerolenker-Modelle als potenzielles Komfort-Upgrade kombiniert werden. Spezifikationen Bolzenabstand: 15 mm Reichweiten-Inkrement: 15 mm Breiten-Inkrement: Variabel L\u00e4nge: 124 mm Stapelh\u00f6he: 16 mm Anleitung: Ergo+ \/ Race+ Armrest Kit Installationsanleitung","og_url":"https:\/\/bikefit.lu\/de\/product\/race-armlehnen-kit\/","og_site_name":"bikefit.lu","og_image":[{"width":1000,"height":1000,"url":"https:\/\/bikefit.lu\/wp-content\/uploads\/2025\/12\/Race__Armrest-Group_1000x.webp","type":"image\/webp"}],"twitter_card":"summary_large_image","twitter_misc":{"Preis":"79,00&nbsp;&euro;","Verf\u00fcgbarkeit":"Auf Lager"},"schema":{"@context":"https:\/\/schema.org","@graph":[{"@type":"WebPage","@id":"https:\/\/bikefit.lu\/de\/product\/race-armlehnen-kit\/","url":"https:\/\/bikefit.lu\/de\/product\/race-armlehnen-kit\/","name":"Race+ Armlehnen-Kit - bikefit.lu","isPartOf":{"@id":"https:\/\/bikefit.lu\/de\/#website"},"primaryImageOfPage":{"@id":"https:\/\/bikefit.lu\/de\/product\/race-armlehnen-kit\/#primaryimage"},"image":{"@id":"https:\/\/bikefit.lu\/de\/product\/race-armlehnen-kit\/#primaryimage"},"thumbnailUrl":"https:\/\/bikefit.lu\/wp-content\/uploads\/2025\/12\/Race__Armrest-Group_1000x.webp","datePublished":"2025-12-16T20:26:09+00:00","breadcrumb":{"@id":"https:\/\/bikefit.lu\/de\/product\/race-armlehnen-kit\/#breadcrumb"},"inLanguage":"de","potentialAction":[{"@type":"ReadAction","target":["https:\/\/bikefit.lu\/de\/product\/race-armlehnen-kit\/"]}]},{"@type":"ImageObject","inLanguage":"de","@id":"https:\/\/bikefit.lu\/de\/product\/race-armlehnen-kit\/#primaryimage","url":"https:\/\/bikefit.lu\/wp-content\/uploads\/2025\/12\/Race__Armrest-Group_1000x.webp","contentUrl":"https:\/\/bikefit.lu\/wp-content\/uploads\/2025\/12\/Race__Armrest-Group_1000x.webp","width":1000,"height":1000},{"@type":"BreadcrumbList","@id":"https:\/\/bikefit.lu\/de\/product\/race-armlehnen-kit\/#breadcrumb","itemListElement":[{"@type":"ListItem","position":1,"name":"Home","item":"https:\/\/bikefit.lu\/de\/"},{"@type":"ListItem","position":2,"name":"Produkte","item":"https:\/\/bikefit.lu\/de\/shop\/"},{"@type":"ListItem","position":3,"name":"Race+ Armlehnen-Kit"}]},{"@type":"WebSite","@id":"https:\/\/bikefit.lu\/de\/#website","url":"https:\/\/bikefit.lu\/de\/","name":"bikefit.lu","description":"IMPROVING CYCLING","publisher":{"@id":"https:\/\/bikefit.lu\/de\/#\/schema\/person\/379af1263474d2f8cd1f41c2bd90273d"},"potentialAction":[{"@type":"SearchAction","target":{"@type":"EntryPoint","urlTemplate":"https:\/\/bikefit.lu\/de\/?s={search_term_string}"},"query-input":{"@type":"PropertyValueSpecification","valueRequired":true,"valueName":"search_term_string"}}],"inLanguage":"de"},{"@type":["Person","Organization"],"@id":"https:\/\/bikefit.lu\/de\/#\/schema\/person\/379af1263474d2f8cd1f41c2bd90273d","name":"Patrick Guillaume","image":{"@type":"ImageObject","inLanguage":"de","@id":"https:\/\/bikefit.lu\/wp-content\/uploads\/2024\/12\/cropped-bikefit-logoURL-RGB-jpg.jpg","url":"https:\/\/bikefit.lu\/wp-content\/uploads\/2024\/12\/cropped-bikefit-logoURL-RGB-jpg.jpg","contentUrl":"https:\/\/bikefit.lu\/wp-content\/uploads\/2024\/12\/cropped-bikefit-logoURL-RGB-jpg.jpg","width":512,"height":512,"caption":"Patrick Guillaume"},"logo":{"@id":"https:\/\/bikefit.lu\/wp-content\/uploads\/2024\/12\/cropped-bikefit-logoURL-RGB-jpg.jpg"},"sameAs":["https:\/\/bikefit.lu"],"honorificPrefix":"Mr","birthDate":"1966-11-18","gender":"male","knowsAbout":["Bike-fitting"],"knowsLanguage":["English","French","German","Luxembourgish"]}]},"product_price_amount":"79.00","product_price_currency":"EUR","og_availability":"instock","product_availability":"instock","product_condition":"new"},"_links":{"self":[{"href":"https:\/\/bikefit.lu\/de\/wp-json\/wp\/v2\/product\/98059","targetHints":{"allow":["GET"]}}],"collection":[{"href":"https:\/\/bikefit.lu\/de\/wp-json\/wp\/v2\/product"}],"about":[{"href":"https:\/\/bikefit.lu\/de\/wp-json\/wp\/v2\/types\/product"}],"replies":[{"embeddable":true,"href":"https:\/\/bikefit.lu\/de\/wp-json\/wp\/v2\/comments?post=98059"}],"version-history":[{"count":0,"href":"https:\/\/bikefit.lu\/de\/wp-json\/wp\/v2\/product\/98059\/revisions"}],"wp:featuredmedia":[{"embeddable":true,"href":"https:\/\/bikefit.lu\/de\/wp-json\/wp\/v2\/media\/98052"}],"wp:attachment":[{"href":"https:\/\/bikefit.lu\/de\/wp-json\/wp\/v2\/media?parent=98059"}],"wp:term":[{"taxonomy":"product_brand","embeddable":true,"href":"https:\/\/bikefit.lu\/de\/wp-json\/wp\/v2\/product_brand?post=98059"},{"taxonomy":"product_cat","embeddable":true,"href":"https:\/\/bikefit.lu\/de\/wp-json\/wp\/v2\/product_cat?post=98059"},{"taxonomy":"product_tag","embeddable":true,"href":"https:\/\/bikefit.lu\/de\/wp-json\/wp\/v2\/product_tag?post=98059"}],"curies":[{"name":"wp","href":"https:\/\/api.w.org\/{rel}","templated":true}]}}