{"id":98102,"date":"2025-12-16T22:35:05","date_gmt":"2025-12-16T21:35:05","guid":{"rendered":"https:\/\/bikefit.lu\/product\/ergo-armlehnen-kit\/"},"modified":"2025-12-16T22:35:05","modified_gmt":"2025-12-16T21:35:05","slug":"ergo-armlehnen-kit","status":"publish","type":"product","link":"https:\/\/bikefit.lu\/de\/product\/ergo-armlehnen-kit\/","title":{"rendered":"Ergo+ Armlehnen-Kit"},"content":{"rendered":"<ul>\n<li><b>Armlehnenkonstruktion:<\/b> Spritzguss-Nylon\/Glasfaser<\/li>\n<li><b>Polsterkonstruktion:<\/b> EVA-Schaumstoff<\/li>\n<li><strong>Polstermodell:<\/strong> 10 mm<\/li>\n<li><b>Farbe:<\/b> Mattes Schwarz<\/li>\n<li><strong>Hardware:<\/strong> M6 x 10 FHB<\/li>\n<li><b>Gewicht:<\/b> 217 g<\/li>\n<\/ul>\n","protected":false},"excerpt":{"rendered":"<p class=\"textbox\" dir=\"ltr\">Die Ergo+ Armlehne hat die Form der beliebten Ergo Armlehne von Profile Design und verl\u00e4ngert sie auf 124 mm, um die Kontaktfl\u00e4che f\u00fcr Ihre Arme zu vergr\u00f6\u00dfern und so den Druck auf Ihre Haut noch weiter zu verringern.<\/p>\n<p class=\"textbox\" dir=\"ltr\">Zus\u00e4tzlich wurde eine neue Oberfl\u00e4chenstruktur entwickelt, die hilft, den Grip zu erh\u00f6hen und Schwei\u00df abzuleiten.<\/p>\n<p class=\"textbox\" dir=\"ltr\">Die Ergo+ kann mit allen aktuellen und neueren Aerobars als potenzielles Komfort-Upgrade kombiniert werden.<\/p>\n<p class=\"textbox\" dir=\"ltr\"><strong>Spezifikationen<\/strong><\/p>\n<p><strong>Bolzenabstand:<\/strong> 15 mm<br \/>\n<strong>Reichweiten-Inkrement:<\/strong> 15 mm<br \/>\n<strong>Breitenzuwachs:<\/strong> 18,5 mm<br \/>\n<strong>L\u00e4nge:<\/strong> 124 mm<br \/>\n<strong>Stapelh\u00f6he:<\/strong> 16 mm<\/p>\n<p>Anleitung: <a href=\"https:\/\/bikefit.lu\/wp-content\/uploads\/2025\/12\/PFD_Ergo____Race__Armrest_Kits_IS_English_Rev.0.pdf\">Ergo+ \/ Race+ Armrest Kit Installationsanleitung<\/a><\/p>\n<p><strong>Befolgen Sie die Anzugsdrehmoment-Spezifikationen von Profile Design und verwenden Sie offizielle Edelstahlschrauben, um ein Brechen der Armlehne zu verhindern.<\/strong><\/p>\n","protected":false},"featured_media":98065,"comment_status":"open","ping_status":"closed","template":"","meta":[],"product_brand":[],"product_cat":[4835],"product_tag":[5182,5179,5194],"class_list":{"0":"post-98102","1":"product","2":"type-product","3":"status-publish","4":"has-post-thumbnail","6":"product_cat-kontaktpunkt-cockpit","7":"product_tag-triathlon-de","8":"product_tag-ultra-cycling-de","9":"product_tag-zeitfahren","10":"product_shipping_class-large-items-de","12":"first","13":"instock","14":"taxable","15":"shipping-taxable","16":"purchasable","17":"product-type-simple"},"yoast_head":"<!-- This site is optimized with the Yoast SEO Premium plugin v27.3 (Yoast SEO v27.3) - https:\/\/yoast.com\/product\/yoast-seo-premium-wordpress\/ -->\n<title>Ergo+ Armlehnen-Kit - bikefit.lu<\/title>\n<meta name=\"robots\" content=\"index, follow, max-snippet:-1, max-image-preview:large, max-video-preview:-1\" \/>\n<link rel=\"canonical\" href=\"https:\/\/bikefit.lu\/de\/product\/ergo-armlehnen-kit\/\" \/>\n<meta property=\"og:locale\" content=\"de_DE\" \/>\n<meta property=\"og:type\" content=\"article\" \/>\n<meta property=\"og:title\" content=\"Ergo+ Armlehnen-Kit\" \/>\n<meta property=\"og:description\" content=\"Die Ergo+ Armlehne hat die Form der beliebten Ergo Armlehne von Profile Design und verl\u00e4ngert sie auf 124 mm, um die Kontaktfl\u00e4che f\u00fcr Ihre Arme zu vergr\u00f6\u00dfern und so den Druck auf Ihre Haut noch weiter zu verringern. Zus\u00e4tzlich wurde eine neue Oberfl\u00e4chenstruktur entwickelt, die hilft, den Grip zu erh\u00f6hen und Schwei\u00df abzuleiten. Die Ergo+ kann mit allen aktuellen und neueren Aerobars als potenzielles Komfort-Upgrade kombiniert werden. Spezifikationen Bolzenabstand: 15 mm Reichweiten-Inkrement: 15 mm Breitenzuwachs: 18,5 mm L\u00e4nge: 124 mm Stapelh\u00f6he: 16 mm Anleitung: Ergo+ \/ Race+ Armrest Kit Installationsanleitung Befolgen Sie die Anzugsdrehmoment-Spezifikationen von Profile Design und verwenden Sie offizielle Edelstahlschrauben, um ein Brechen der Armlehne zu verhindern.\" \/>\n<meta property=\"og:url\" content=\"https:\/\/bikefit.lu\/de\/product\/ergo-armlehnen-kit\/\" \/>\n<meta property=\"og:site_name\" content=\"bikefit.lu\" \/>\n<meta property=\"og:image\" content=\"https:\/\/bikefit.lu\/wp-content\/uploads\/2025\/12\/ERGO_ArmrestKit_newArmrest__01_2000x2000_72dpi_1000x.webp\" \/>\n\t<meta property=\"og:image:width\" content=\"1000\" \/>\n\t<meta property=\"og:image:height\" content=\"1001\" \/>\n\t<meta property=\"og:image:type\" content=\"image\/webp\" \/>\n<meta name=\"twitter:card\" content=\"summary_large_image\" \/>\n<meta name=\"twitter:label1\" content=\"Preis\" \/>\n\t<meta name=\"twitter:data1\" content=\"79,00&nbsp;&euro;\" \/>\n\t<meta name=\"twitter:label2\" content=\"Verf\u00fcgbarkeit\" \/>\n\t<meta name=\"twitter:data2\" content=\"Auf Lager\" \/>\n<script type=\"application\/ld+json\" class=\"yoast-schema-graph\">{\"@context\":\"https:\\\/\\\/schema.org\",\"@graph\":[{\"@type\":\"WebPage\",\"@id\":\"https:\\\/\\\/bikefit.lu\\\/de\\\/product\\\/ergo-armlehnen-kit\\\/\",\"url\":\"https:\\\/\\\/bikefit.lu\\\/de\\\/product\\\/ergo-armlehnen-kit\\\/\",\"name\":\"Ergo+ Armlehnen-Kit - bikefit.lu\",\"isPartOf\":{\"@id\":\"https:\\\/\\\/bikefit.lu\\\/de\\\/#website\"},\"primaryImageOfPage\":{\"@id\":\"https:\\\/\\\/bikefit.lu\\\/de\\\/product\\\/ergo-armlehnen-kit\\\/#primaryimage\"},\"image\":{\"@id\":\"https:\\\/\\\/bikefit.lu\\\/de\\\/product\\\/ergo-armlehnen-kit\\\/#primaryimage\"},\"thumbnailUrl\":\"https:\\\/\\\/bikefit.lu\\\/wp-content\\\/uploads\\\/2025\\\/12\\\/ERGO_ArmrestKit_newArmrest__01_2000x2000_72dpi_1000x.webp\",\"datePublished\":\"2025-12-16T21:35:05+00:00\",\"breadcrumb\":{\"@id\":\"https:\\\/\\\/bikefit.lu\\\/de\\\/product\\\/ergo-armlehnen-kit\\\/#breadcrumb\"},\"inLanguage\":\"de\",\"potentialAction\":[{\"@type\":\"ReadAction\",\"target\":[\"https:\\\/\\\/bikefit.lu\\\/de\\\/product\\\/ergo-armlehnen-kit\\\/\"]}]},{\"@type\":\"ImageObject\",\"inLanguage\":\"de\",\"@id\":\"https:\\\/\\\/bikefit.lu\\\/de\\\/product\\\/ergo-armlehnen-kit\\\/#primaryimage\",\"url\":\"https:\\\/\\\/bikefit.lu\\\/wp-content\\\/uploads\\\/2025\\\/12\\\/ERGO_ArmrestKit_newArmrest__01_2000x2000_72dpi_1000x.webp\",\"contentUrl\":\"https:\\\/\\\/bikefit.lu\\\/wp-content\\\/uploads\\\/2025\\\/12\\\/ERGO_ArmrestKit_newArmrest__01_2000x2000_72dpi_1000x.webp\",\"width\":1000,\"height\":1001},{\"@type\":\"BreadcrumbList\",\"@id\":\"https:\\\/\\\/bikefit.lu\\\/de\\\/product\\\/ergo-armlehnen-kit\\\/#breadcrumb\",\"itemListElement\":[{\"@type\":\"ListItem\",\"position\":1,\"name\":\"Home\",\"item\":\"https:\\\/\\\/bikefit.lu\\\/de\\\/\"},{\"@type\":\"ListItem\",\"position\":2,\"name\":\"Produkte\",\"item\":\"https:\\\/\\\/bikefit.lu\\\/de\\\/shop\\\/\"},{\"@type\":\"ListItem\",\"position\":3,\"name\":\"Ergo+ Armlehnen-Kit\"}]},{\"@type\":\"WebSite\",\"@id\":\"https:\\\/\\\/bikefit.lu\\\/de\\\/#website\",\"url\":\"https:\\\/\\\/bikefit.lu\\\/de\\\/\",\"name\":\"bikefit.lu\",\"description\":\"IMPROVING CYCLING\",\"publisher\":{\"@id\":\"https:\\\/\\\/bikefit.lu\\\/de\\\/#\\\/schema\\\/person\\\/379af1263474d2f8cd1f41c2bd90273d\"},\"potentialAction\":[{\"@type\":\"SearchAction\",\"target\":{\"@type\":\"EntryPoint\",\"urlTemplate\":\"https:\\\/\\\/bikefit.lu\\\/de\\\/?s={search_term_string}\"},\"query-input\":{\"@type\":\"PropertyValueSpecification\",\"valueRequired\":true,\"valueName\":\"search_term_string\"}}],\"inLanguage\":\"de\"},{\"@type\":[\"Person\",\"Organization\"],\"@id\":\"https:\\\/\\\/bikefit.lu\\\/de\\\/#\\\/schema\\\/person\\\/379af1263474d2f8cd1f41c2bd90273d\",\"name\":\"Patrick Guillaume\",\"image\":{\"@type\":\"ImageObject\",\"inLanguage\":\"de\",\"@id\":\"https:\\\/\\\/bikefit.lu\\\/wp-content\\\/uploads\\\/2024\\\/12\\\/cropped-bikefit-logoURL-RGB-jpg.jpg\",\"url\":\"https:\\\/\\\/bikefit.lu\\\/wp-content\\\/uploads\\\/2024\\\/12\\\/cropped-bikefit-logoURL-RGB-jpg.jpg\",\"contentUrl\":\"https:\\\/\\\/bikefit.lu\\\/wp-content\\\/uploads\\\/2024\\\/12\\\/cropped-bikefit-logoURL-RGB-jpg.jpg\",\"width\":512,\"height\":512,\"caption\":\"Patrick Guillaume\"},\"logo\":{\"@id\":\"https:\\\/\\\/bikefit.lu\\\/wp-content\\\/uploads\\\/2024\\\/12\\\/cropped-bikefit-logoURL-RGB-jpg.jpg\"},\"sameAs\":[\"https:\\\/\\\/bikefit.lu\"],\"honorificPrefix\":\"Mr\",\"birthDate\":\"1966-11-18\",\"gender\":\"male\",\"knowsAbout\":[\"Bike-fitting\"],\"knowsLanguage\":[\"English\",\"French\",\"German\",\"Luxembourgish\"]}]}<\/script>\n<meta property=\"product:price:amount\" content=\"79.00\" \/>\n<meta property=\"product:price:currency\" content=\"EUR\" \/>\n<meta property=\"og:availability\" content=\"instock\" \/>\n<meta property=\"product:availability\" content=\"instock\" \/>\n<meta property=\"product:condition\" content=\"new\" \/>\n<!-- \/ Yoast SEO Premium plugin. -->","yoast_head_json":{"title":"Ergo+ Armlehnen-Kit - bikefit.lu","robots":{"index":"index","follow":"follow","max-snippet":"max-snippet:-1","max-image-preview":"max-image-preview:large","max-video-preview":"max-video-preview:-1"},"canonical":"https:\/\/bikefit.lu\/de\/product\/ergo-armlehnen-kit\/","og_locale":"de_DE","og_type":"article","og_title":"Ergo+ Armlehnen-Kit","og_description":"Die Ergo+ Armlehne hat die Form der beliebten Ergo Armlehne von Profile Design und verl\u00e4ngert sie auf 124 mm, um die Kontaktfl\u00e4che f\u00fcr Ihre Arme zu vergr\u00f6\u00dfern und so den Druck auf Ihre Haut noch weiter zu verringern. Zus\u00e4tzlich wurde eine neue Oberfl\u00e4chenstruktur entwickelt, die hilft, den Grip zu erh\u00f6hen und Schwei\u00df abzuleiten. Die Ergo+ kann mit allen aktuellen und neueren Aerobars als potenzielles Komfort-Upgrade kombiniert werden. Spezifikationen Bolzenabstand: 15 mm Reichweiten-Inkrement: 15 mm Breitenzuwachs: 18,5 mm L\u00e4nge: 124 mm Stapelh\u00f6he: 16 mm Anleitung: Ergo+ \/ Race+ Armrest Kit Installationsanleitung Befolgen Sie die Anzugsdrehmoment-Spezifikationen von Profile Design und verwenden Sie offizielle Edelstahlschrauben, um ein Brechen der Armlehne zu verhindern.","og_url":"https:\/\/bikefit.lu\/de\/product\/ergo-armlehnen-kit\/","og_site_name":"bikefit.lu","og_image":[{"width":1000,"height":1001,"url":"https:\/\/bikefit.lu\/wp-content\/uploads\/2025\/12\/ERGO_ArmrestKit_newArmrest__01_2000x2000_72dpi_1000x.webp","type":"image\/webp"}],"twitter_card":"summary_large_image","twitter_misc":{"Preis":"79,00&nbsp;&euro;","Verf\u00fcgbarkeit":"Auf Lager"},"schema":{"@context":"https:\/\/schema.org","@graph":[{"@type":"WebPage","@id":"https:\/\/bikefit.lu\/de\/product\/ergo-armlehnen-kit\/","url":"https:\/\/bikefit.lu\/de\/product\/ergo-armlehnen-kit\/","name":"Ergo+ Armlehnen-Kit - bikefit.lu","isPartOf":{"@id":"https:\/\/bikefit.lu\/de\/#website"},"primaryImageOfPage":{"@id":"https:\/\/bikefit.lu\/de\/product\/ergo-armlehnen-kit\/#primaryimage"},"image":{"@id":"https:\/\/bikefit.lu\/de\/product\/ergo-armlehnen-kit\/#primaryimage"},"thumbnailUrl":"https:\/\/bikefit.lu\/wp-content\/uploads\/2025\/12\/ERGO_ArmrestKit_newArmrest__01_2000x2000_72dpi_1000x.webp","datePublished":"2025-12-16T21:35:05+00:00","breadcrumb":{"@id":"https:\/\/bikefit.lu\/de\/product\/ergo-armlehnen-kit\/#breadcrumb"},"inLanguage":"de","potentialAction":[{"@type":"ReadAction","target":["https:\/\/bikefit.lu\/de\/product\/ergo-armlehnen-kit\/"]}]},{"@type":"ImageObject","inLanguage":"de","@id":"https:\/\/bikefit.lu\/de\/product\/ergo-armlehnen-kit\/#primaryimage","url":"https:\/\/bikefit.lu\/wp-content\/uploads\/2025\/12\/ERGO_ArmrestKit_newArmrest__01_2000x2000_72dpi_1000x.webp","contentUrl":"https:\/\/bikefit.lu\/wp-content\/uploads\/2025\/12\/ERGO_ArmrestKit_newArmrest__01_2000x2000_72dpi_1000x.webp","width":1000,"height":1001},{"@type":"BreadcrumbList","@id":"https:\/\/bikefit.lu\/de\/product\/ergo-armlehnen-kit\/#breadcrumb","itemListElement":[{"@type":"ListItem","position":1,"name":"Home","item":"https:\/\/bikefit.lu\/de\/"},{"@type":"ListItem","position":2,"name":"Produkte","item":"https:\/\/bikefit.lu\/de\/shop\/"},{"@type":"ListItem","position":3,"name":"Ergo+ Armlehnen-Kit"}]},{"@type":"WebSite","@id":"https:\/\/bikefit.lu\/de\/#website","url":"https:\/\/bikefit.lu\/de\/","name":"bikefit.lu","description":"IMPROVING CYCLING","publisher":{"@id":"https:\/\/bikefit.lu\/de\/#\/schema\/person\/379af1263474d2f8cd1f41c2bd90273d"},"potentialAction":[{"@type":"SearchAction","target":{"@type":"EntryPoint","urlTemplate":"https:\/\/bikefit.lu\/de\/?s={search_term_string}"},"query-input":{"@type":"PropertyValueSpecification","valueRequired":true,"valueName":"search_term_string"}}],"inLanguage":"de"},{"@type":["Person","Organization"],"@id":"https:\/\/bikefit.lu\/de\/#\/schema\/person\/379af1263474d2f8cd1f41c2bd90273d","name":"Patrick Guillaume","image":{"@type":"ImageObject","inLanguage":"de","@id":"https:\/\/bikefit.lu\/wp-content\/uploads\/2024\/12\/cropped-bikefit-logoURL-RGB-jpg.jpg","url":"https:\/\/bikefit.lu\/wp-content\/uploads\/2024\/12\/cropped-bikefit-logoURL-RGB-jpg.jpg","contentUrl":"https:\/\/bikefit.lu\/wp-content\/uploads\/2024\/12\/cropped-bikefit-logoURL-RGB-jpg.jpg","width":512,"height":512,"caption":"Patrick Guillaume"},"logo":{"@id":"https:\/\/bikefit.lu\/wp-content\/uploads\/2024\/12\/cropped-bikefit-logoURL-RGB-jpg.jpg"},"sameAs":["https:\/\/bikefit.lu"],"honorificPrefix":"Mr","birthDate":"1966-11-18","gender":"male","knowsAbout":["Bike-fitting"],"knowsLanguage":["English","French","German","Luxembourgish"]}]},"product_price_amount":"79.00","product_price_currency":"EUR","og_availability":"instock","product_availability":"instock","product_condition":"new"},"_links":{"self":[{"href":"https:\/\/bikefit.lu\/de\/wp-json\/wp\/v2\/product\/98102","targetHints":{"allow":["GET"]}}],"collection":[{"href":"https:\/\/bikefit.lu\/de\/wp-json\/wp\/v2\/product"}],"about":[{"href":"https:\/\/bikefit.lu\/de\/wp-json\/wp\/v2\/types\/product"}],"replies":[{"embeddable":true,"href":"https:\/\/bikefit.lu\/de\/wp-json\/wp\/v2\/comments?post=98102"}],"version-history":[{"count":0,"href":"https:\/\/bikefit.lu\/de\/wp-json\/wp\/v2\/product\/98102\/revisions"}],"wp:featuredmedia":[{"embeddable":true,"href":"https:\/\/bikefit.lu\/de\/wp-json\/wp\/v2\/media\/98065"}],"wp:attachment":[{"href":"https:\/\/bikefit.lu\/de\/wp-json\/wp\/v2\/media?parent=98102"}],"wp:term":[{"taxonomy":"product_brand","embeddable":true,"href":"https:\/\/bikefit.lu\/de\/wp-json\/wp\/v2\/product_brand?post=98102"},{"taxonomy":"product_cat","embeddable":true,"href":"https:\/\/bikefit.lu\/de\/wp-json\/wp\/v2\/product_cat?post=98102"},{"taxonomy":"product_tag","embeddable":true,"href":"https:\/\/bikefit.lu\/de\/wp-json\/wp\/v2\/product_tag?post=98102"}],"curies":[{"name":"wp","href":"https:\/\/api.w.org\/{rel}","templated":true}]}}