{"id":98120,"date":"2025-12-17T07:07:53","date_gmt":"2025-12-17T06:07:53","guid":{"rendered":"https:\/\/bikefit.lu\/product\/45-25a-aluminium-extensions\/"},"modified":"2025-12-17T07:07:53","modified_gmt":"2025-12-17T06:07:53","slug":"45-25a-aluminium-extensions","status":"publish","type":"product","link":"https:\/\/bikefit.lu\/de\/product\/45-25a-aluminium-extensions\/","title":{"rendered":"45\/25A Aluminium-Extensions"},"content":{"rendered":"<ul>\n<li>L\u00e4nge der Extensions: 400 mm<\/li>\n<li><strong>Verl\u00e4ngerungswinkel:<\/strong> 45 Grad \/ 25 Grad<\/li>\n<li><b>Au\u00dfendurchmesser<\/b>: 22,2 mm<\/li>\n<li>Lieferumfang: Paarweise verkauft (1 rechter &amp; 1 linker Extension)<\/li>\n<li><b>Material:<\/b> 6061-T6 Aluminium, vorgebohrt f\u00fcr Innenverlegung der Schalthebelkabel<\/li>\n<li><b>Farben:<\/b> Mattschwarz<\/li>\n<li><b>Gewicht:<\/b> 200 g\/Paar<\/li>\n<\/ul>\n","protected":false},"excerpt":{"rendered":"<p>Die neue Extensions-Reihe wurde aus der bew\u00e4hrten T-Serie von Profile Design entwickelt. Sie wurde entwickelt, um unterschiedliche Passformen gezielt zu erm\u00f6glichen. Wir haben auch ein neues Namenssystem eingef\u00fchrt, bei dem der Name den Winkel und das Material der Extension angibt. So ist 4525a eine 45\u00b0- \/ 25\u00b0-Biegung aus Aluminium. <\/p>\n<p class=\"textbox\" dir=\"ltr\"><strong>Leistung<\/strong><\/p>\n<p class=\"textbox\" dir=\"ltr\">Der einzige Zweck von Extensions ist es, eine komfortable Handposition in Relation zu den Armauflagen zu bieten. Sie verbessern die Leistung, indem sie dem Fahrer erm\u00f6glichen, sich in seiner optimalen Position zu entspannen.<br \/>Deshalb bieten wir verschiedene Passformen an, damit jeder Fahrer seine beste Leistung erreichen kann.  <\/p>\n<p class=\"textbox\" dir=\"ltr\"><strong>Einstellungsm\u00f6glichkeiten<\/strong><\/p>\n<ul>\n<li data-open-accessibility-text-original=\"17px\"><strong>Form der Extension:<\/strong> Die 45\/25c Extensions haben einen ersten Abschnitt bei 45<span data-open-accessibility-text-original=\"17px\">\u00b0<\/span> und den Griff bei 25<span data-open-accessibility-text-original=\"17px\">\u00b0<\/span>. Der Fahrer kann w\u00e4hlen, ob er die Bars hoch h\u00e4lt, um eine niedrige Position einzunehmen, oder ob er ihn tief h\u00e4lt, um eine eher entspannte Position einzunehmen.<\/li>\n<\/ul>\n<p class=\"textbox\" dir=\"ltr\"><strong><img decoding=\"async\" src=\"https:\/\/cdn.shopify.com\/s\/files\/1\/2357\/3659\/files\/Extension_Angle-45-25a_740673b7-1f07-4628-a49a-e1bb0926a7e5.jpg?15350969489477904485?v=1540319615\" alt=\"\"><br \/>\n<\/strong><\/p>\n<ul>\n<li data-open-accessibility-text-original=\"17px\"><span data-open-accessibility-text-original=\"17px\">Die 45\/25a bieten eine seitliche Verschiebung von 7,5 mm pro Seite. Dadurch kann der Fahrer seine H\u00e4nde schmaler oder breiter machen, ohne die Verl\u00e4ngerungen so weit zu neigen, dass die Schalthebel sich ber\u00fchren.<\/span><\/li>\n<\/ul>\n<p data-open-accessibility-text-original=\"17px\"><span data-open-accessibility-text-original=\"17px\"><img decoding=\"async\" src=\"https:\/\/cdn.shopify.com\/s\/files\/1\/2357\/3659\/files\/Extension_Angle-45-25a-lateral_large.jpg?v=1540319635\" alt=\"\"><\/span><\/p>\n<ul>\n<li>Sie sind 400 mm lang und k\u00f6nnen auf die passende Gr\u00f6\u00dfe f\u00fcr fast jeden Fahrer zugeschnitten werden.<\/li>\n<li>Sie sind f\u00fcr die Kabelf\u00fchrung mit Auslass nach hinten gebohrt.<\/li>\n<\/ul>\n<p><strong>Herkunft<\/strong><\/p>\n<p>J\u00fcngste Trends bei der Aerobar-Passform gehen zu h\u00f6heren Handpositionen, daher haben wir die Erh\u00f6hung im Vergleich zu Extensions der vorherigen Generation erh\u00f6ht. Wir haben uns auf die beliebtesten Winkel aus unserem bisherigen Sortiment konzentriert und die 45\/25c als Mehrpositionsoption hinzugef\u00fcgt. Die 45\/25 slc wurde entwickelt, um sowohl die leichteste Carbon-Extension als auch die M\u00f6glichkeit zu bieten, unseren Aeroport Di2-Adapter mit einer Carbon-Extension zu verwenden. Umfangreiche Tests waren erforderlich, um dieses Ziel zu erreichen.   <\/p>\n<p><strong>F\u00fcr wen ist das geeignet?<\/strong><\/p>\n<p>Die Extensions passen in jeden Aerolenker, der f\u00fcr 22,2 mm ausgelegt ist.<br \/>Geeignet f\u00fcr alle Fahrer, die den Komfort ihrer Aerolenker-Griffe verbessern m\u00f6chten. <\/p>\n<p><strong>Zubeh\u00f6r<\/strong><\/p>\n<p>Diese Extensions wurden mit dem Aeroport im Hinterkopf entwickelt, sodass sie eine Shimano Di2 EW-RS910 Junction Box und einen BT-DN110 Akku aufnehmen k\u00f6nnen, mit Platz f\u00fcr ein EW-SD50 Kabel, das hindurchgef\u00fchrt werden kann.<\/p>\n","protected":false},"featured_media":98104,"comment_status":"open","ping_status":"closed","template":"","meta":[],"product_brand":[5810],"product_cat":[4789,4835],"product_tag":[5182,5179,5194],"class_list":{"0":"post-98120","1":"product","2":"type-product","3":"status-publish","4":"has-post-thumbnail","6":"product_brand-profile-design","7":"product_cat-sale-de","8":"product_cat-kontaktpunkt-cockpit","9":"product_tag-triathlon-de","10":"product_tag-ultra-cycling-de","11":"product_tag-zeitfahren","12":"product_shipping_class-large-items-de","14":"first","15":"instock","16":"sale","17":"sold-individually","18":"taxable","19":"shipping-taxable","20":"purchasable","21":"product-type-simple"},"yoast_head":"<!-- This site is optimized with the Yoast SEO Premium plugin v27.3 (Yoast SEO v27.3) - https:\/\/yoast.com\/product\/yoast-seo-premium-wordpress\/ -->\n<title>45\/25A Aluminium-Extensions - bikefit.lu<\/title>\n<meta name=\"robots\" content=\"index, follow, max-snippet:-1, max-image-preview:large, max-video-preview:-1\" \/>\n<link rel=\"canonical\" href=\"https:\/\/bikefit.lu\/de\/product\/45-25a-aluminium-extensions\/\" \/>\n<meta property=\"og:locale\" content=\"de_DE\" \/>\n<meta property=\"og:type\" content=\"article\" \/>\n<meta property=\"og:title\" content=\"45\/25A Aluminium-Extensions\" \/>\n<meta property=\"og:description\" content=\"Die neue Extensions-Reihe wurde aus der bew\u00e4hrten T-Serie von Profile Design entwickelt. Sie wurde entwickelt, um unterschiedliche Passformen gezielt zu erm\u00f6glichen. Wir haben auch ein neues Namenssystem eingef\u00fchrt, bei dem der Name den Winkel und das Material der Extension angibt. So ist 4525a eine 45\u00b0- \/ 25\u00b0-Biegung aus Aluminium. Leistung Der einzige Zweck von Extensions ist es, eine komfortable Handposition in Relation zu den Armauflagen zu bieten. Sie verbessern die Leistung, indem sie dem Fahrer erm\u00f6glichen, sich in seiner optimalen Position zu entspannen.Deshalb bieten wir verschiedene Passformen an, damit jeder Fahrer seine beste Leistung erreichen kann.  Einstellungsm\u00f6glichkeiten   Form der Extension: Die 45\/25c Extensions haben einen ersten Abschnitt bei 45\u00b0 und den Griff bei 25\u00b0. Der Fahrer kann w\u00e4hlen, ob er die Bars hoch h\u00e4lt, um eine niedrige Position einzunehmen, oder ob er ihn tief h\u00e4lt, um eine eher entspannte Position einzunehmen.    Die 45\/25a bieten eine seitliche Verschiebung von 7,5 mm pro Seite. Dadurch kann der Fahrer seine H\u00e4nde schmaler oder breiter machen, ohne die Verl\u00e4ngerungen so weit zu neigen, dass die Schalthebel sich ber\u00fchren.    Sie sind 400 mm lang und k\u00f6nnen auf die passende Gr\u00f6\u00dfe f\u00fcr fast jeden Fahrer zugeschnitten werden.  Sie sind f\u00fcr die Kabelf\u00fchrung mit Auslass nach hinten gebohrt. Herkunft J\u00fcngste Trends bei der Aerobar-Passform gehen zu h\u00f6heren Handpositionen, daher haben wir die Erh\u00f6hung im Vergleich zu Extensions der vorherigen Generation erh\u00f6ht. Wir haben uns auf die beliebtesten Winkel aus unserem bisherigen Sortiment konzentriert und die 45\/25c als Mehrpositionsoption hinzugef\u00fcgt. Die 45\/25 slc wurde entwickelt, um sowohl die leichteste Carbon-Extension als auch die M\u00f6glichkeit zu bieten, unseren Aeroport Di2-Adapter mit einer Carbon-Extension zu verwenden. Umfangreiche Tests waren erforderlich, um dieses Ziel zu erreichen.   F\u00fcr wen ist das geeignet? Die Extensions passen in jeden Aerolenker, der f\u00fcr 22,2 mm ausgelegt ist.Geeignet f\u00fcr alle Fahrer, die den Komfort ihrer Aerolenker-Griffe verbessern m\u00f6chten.  Zubeh\u00f6r Diese Extensions wurden mit dem Aeroport im Hinterkopf entwickelt, sodass sie eine Shimano Di2 EW-RS910 Junction Box und einen BT-DN110 Akku aufnehmen k\u00f6nnen, mit Platz f\u00fcr ein EW-SD50 Kabel, das hindurchgef\u00fchrt werden kann.\" \/>\n<meta property=\"og:url\" content=\"https:\/\/bikefit.lu\/de\/product\/45-25a-aluminium-extensions\/\" \/>\n<meta property=\"og:site_name\" content=\"bikefit.lu\" \/>\n<meta property=\"og:image\" content=\"https:\/\/bikefit.lu\/wp-content\/uploads\/2025\/12\/4525.jpg\" \/>\n\t<meta property=\"og:image:width\" content=\"1080\" \/>\n\t<meta property=\"og:image:height\" content=\"1080\" \/>\n\t<meta property=\"og:image:type\" content=\"image\/jpeg\" \/>\n<meta name=\"twitter:card\" content=\"summary_large_image\" \/>\n<meta name=\"twitter:label1\" content=\"Preis\" \/>\n\t<meta name=\"twitter:data1\" content=\"54,00&nbsp;&euro;\" \/>\n\t<meta name=\"twitter:label2\" content=\"Verf\u00fcgbarkeit\" \/>\n\t<meta name=\"twitter:data2\" content=\"Auf Lager\" \/>\n<script type=\"application\/ld+json\" class=\"yoast-schema-graph\">{\"@context\":\"https:\\\/\\\/schema.org\",\"@graph\":[{\"@type\":\"WebPage\",\"@id\":\"https:\\\/\\\/bikefit.lu\\\/de\\\/product\\\/45-25a-aluminium-extensions\\\/\",\"url\":\"https:\\\/\\\/bikefit.lu\\\/de\\\/product\\\/45-25a-aluminium-extensions\\\/\",\"name\":\"45\\\/25A Aluminium-Extensions - bikefit.lu\",\"isPartOf\":{\"@id\":\"https:\\\/\\\/bikefit.lu\\\/de\\\/#website\"},\"primaryImageOfPage\":{\"@id\":\"https:\\\/\\\/bikefit.lu\\\/de\\\/product\\\/45-25a-aluminium-extensions\\\/#primaryimage\"},\"image\":{\"@id\":\"https:\\\/\\\/bikefit.lu\\\/de\\\/product\\\/45-25a-aluminium-extensions\\\/#primaryimage\"},\"thumbnailUrl\":\"https:\\\/\\\/bikefit.lu\\\/wp-content\\\/uploads\\\/2025\\\/12\\\/4525.jpg\",\"datePublished\":\"2025-12-17T06:07:53+00:00\",\"breadcrumb\":{\"@id\":\"https:\\\/\\\/bikefit.lu\\\/de\\\/product\\\/45-25a-aluminium-extensions\\\/#breadcrumb\"},\"inLanguage\":\"de\",\"potentialAction\":[{\"@type\":\"ReadAction\",\"target\":[\"https:\\\/\\\/bikefit.lu\\\/de\\\/product\\\/45-25a-aluminium-extensions\\\/\"]}]},{\"@type\":\"ImageObject\",\"inLanguage\":\"de\",\"@id\":\"https:\\\/\\\/bikefit.lu\\\/de\\\/product\\\/45-25a-aluminium-extensions\\\/#primaryimage\",\"url\":\"https:\\\/\\\/bikefit.lu\\\/wp-content\\\/uploads\\\/2025\\\/12\\\/4525.jpg\",\"contentUrl\":\"https:\\\/\\\/bikefit.lu\\\/wp-content\\\/uploads\\\/2025\\\/12\\\/4525.jpg\",\"width\":1080,\"height\":1080},{\"@type\":\"BreadcrumbList\",\"@id\":\"https:\\\/\\\/bikefit.lu\\\/de\\\/product\\\/45-25a-aluminium-extensions\\\/#breadcrumb\",\"itemListElement\":[{\"@type\":\"ListItem\",\"position\":1,\"name\":\"Home\",\"item\":\"https:\\\/\\\/bikefit.lu\\\/de\\\/\"},{\"@type\":\"ListItem\",\"position\":2,\"name\":\"Produkte\",\"item\":\"https:\\\/\\\/bikefit.lu\\\/de\\\/shop\\\/\"},{\"@type\":\"ListItem\",\"position\":3,\"name\":\"45\\\/25A Aluminium-Extensions\"}]},{\"@type\":\"WebSite\",\"@id\":\"https:\\\/\\\/bikefit.lu\\\/de\\\/#website\",\"url\":\"https:\\\/\\\/bikefit.lu\\\/de\\\/\",\"name\":\"bikefit.lu\",\"description\":\"IMPROVING CYCLING\",\"publisher\":{\"@id\":\"https:\\\/\\\/bikefit.lu\\\/de\\\/#\\\/schema\\\/person\\\/379af1263474d2f8cd1f41c2bd90273d\"},\"potentialAction\":[{\"@type\":\"SearchAction\",\"target\":{\"@type\":\"EntryPoint\",\"urlTemplate\":\"https:\\\/\\\/bikefit.lu\\\/de\\\/?s={search_term_string}\"},\"query-input\":{\"@type\":\"PropertyValueSpecification\",\"valueRequired\":true,\"valueName\":\"search_term_string\"}}],\"inLanguage\":\"de\"},{\"@type\":[\"Person\",\"Organization\"],\"@id\":\"https:\\\/\\\/bikefit.lu\\\/de\\\/#\\\/schema\\\/person\\\/379af1263474d2f8cd1f41c2bd90273d\",\"name\":\"Patrick Guillaume\",\"image\":{\"@type\":\"ImageObject\",\"inLanguage\":\"de\",\"@id\":\"https:\\\/\\\/bikefit.lu\\\/wp-content\\\/uploads\\\/2024\\\/12\\\/cropped-bikefit-logoURL-RGB-jpg.jpg\",\"url\":\"https:\\\/\\\/bikefit.lu\\\/wp-content\\\/uploads\\\/2024\\\/12\\\/cropped-bikefit-logoURL-RGB-jpg.jpg\",\"contentUrl\":\"https:\\\/\\\/bikefit.lu\\\/wp-content\\\/uploads\\\/2024\\\/12\\\/cropped-bikefit-logoURL-RGB-jpg.jpg\",\"width\":512,\"height\":512,\"caption\":\"Patrick Guillaume\"},\"logo\":{\"@id\":\"https:\\\/\\\/bikefit.lu\\\/wp-content\\\/uploads\\\/2024\\\/12\\\/cropped-bikefit-logoURL-RGB-jpg.jpg\"},\"sameAs\":[\"https:\\\/\\\/bikefit.lu\"],\"honorificPrefix\":\"Mr\",\"birthDate\":\"1966-11-18\",\"gender\":\"male\",\"knowsAbout\":[\"Bike-fitting\"],\"knowsLanguage\":[\"English\",\"French\",\"German\",\"Luxembourgish\"]}]}<\/script>\n<meta property=\"product:price:amount\" content=\"54.00\" \/>\n<meta property=\"product:price:currency\" content=\"EUR\" \/>\n<meta property=\"og:availability\" content=\"instock\" \/>\n<meta property=\"product:availability\" content=\"instock\" \/>\n<meta property=\"product:condition\" content=\"new\" \/>\n<!-- \/ Yoast SEO Premium plugin. -->","yoast_head_json":{"title":"45\/25A Aluminium-Extensions - bikefit.lu","robots":{"index":"index","follow":"follow","max-snippet":"max-snippet:-1","max-image-preview":"max-image-preview:large","max-video-preview":"max-video-preview:-1"},"canonical":"https:\/\/bikefit.lu\/de\/product\/45-25a-aluminium-extensions\/","og_locale":"de_DE","og_type":"article","og_title":"45\/25A Aluminium-Extensions","og_description":"Die neue Extensions-Reihe wurde aus der bew\u00e4hrten T-Serie von Profile Design entwickelt. Sie wurde entwickelt, um unterschiedliche Passformen gezielt zu erm\u00f6glichen. Wir haben auch ein neues Namenssystem eingef\u00fchrt, bei dem der Name den Winkel und das Material der Extension angibt. So ist 4525a eine 45\u00b0- \/ 25\u00b0-Biegung aus Aluminium. Leistung Der einzige Zweck von Extensions ist es, eine komfortable Handposition in Relation zu den Armauflagen zu bieten. Sie verbessern die Leistung, indem sie dem Fahrer erm\u00f6glichen, sich in seiner optimalen Position zu entspannen.Deshalb bieten wir verschiedene Passformen an, damit jeder Fahrer seine beste Leistung erreichen kann.  Einstellungsm\u00f6glichkeiten   Form der Extension: Die 45\/25c Extensions haben einen ersten Abschnitt bei 45\u00b0 und den Griff bei 25\u00b0. Der Fahrer kann w\u00e4hlen, ob er die Bars hoch h\u00e4lt, um eine niedrige Position einzunehmen, oder ob er ihn tief h\u00e4lt, um eine eher entspannte Position einzunehmen.    Die 45\/25a bieten eine seitliche Verschiebung von 7,5 mm pro Seite. Dadurch kann der Fahrer seine H\u00e4nde schmaler oder breiter machen, ohne die Verl\u00e4ngerungen so weit zu neigen, dass die Schalthebel sich ber\u00fchren.    Sie sind 400 mm lang und k\u00f6nnen auf die passende Gr\u00f6\u00dfe f\u00fcr fast jeden Fahrer zugeschnitten werden.  Sie sind f\u00fcr die Kabelf\u00fchrung mit Auslass nach hinten gebohrt. Herkunft J\u00fcngste Trends bei der Aerobar-Passform gehen zu h\u00f6heren Handpositionen, daher haben wir die Erh\u00f6hung im Vergleich zu Extensions der vorherigen Generation erh\u00f6ht. Wir haben uns auf die beliebtesten Winkel aus unserem bisherigen Sortiment konzentriert und die 45\/25c als Mehrpositionsoption hinzugef\u00fcgt. Die 45\/25 slc wurde entwickelt, um sowohl die leichteste Carbon-Extension als auch die M\u00f6glichkeit zu bieten, unseren Aeroport Di2-Adapter mit einer Carbon-Extension zu verwenden. Umfangreiche Tests waren erforderlich, um dieses Ziel zu erreichen.   F\u00fcr wen ist das geeignet? Die Extensions passen in jeden Aerolenker, der f\u00fcr 22,2 mm ausgelegt ist.Geeignet f\u00fcr alle Fahrer, die den Komfort ihrer Aerolenker-Griffe verbessern m\u00f6chten.  Zubeh\u00f6r Diese Extensions wurden mit dem Aeroport im Hinterkopf entwickelt, sodass sie eine Shimano Di2 EW-RS910 Junction Box und einen BT-DN110 Akku aufnehmen k\u00f6nnen, mit Platz f\u00fcr ein EW-SD50 Kabel, das hindurchgef\u00fchrt werden kann.","og_url":"https:\/\/bikefit.lu\/de\/product\/45-25a-aluminium-extensions\/","og_site_name":"bikefit.lu","og_image":[{"width":1080,"height":1080,"url":"https:\/\/bikefit.lu\/wp-content\/uploads\/2025\/12\/4525.jpg","type":"image\/jpeg"}],"twitter_card":"summary_large_image","twitter_misc":{"Preis":"54,00&nbsp;&euro;","Verf\u00fcgbarkeit":"Auf Lager"},"schema":{"@context":"https:\/\/schema.org","@graph":[{"@type":"WebPage","@id":"https:\/\/bikefit.lu\/de\/product\/45-25a-aluminium-extensions\/","url":"https:\/\/bikefit.lu\/de\/product\/45-25a-aluminium-extensions\/","name":"45\/25A Aluminium-Extensions - bikefit.lu","isPartOf":{"@id":"https:\/\/bikefit.lu\/de\/#website"},"primaryImageOfPage":{"@id":"https:\/\/bikefit.lu\/de\/product\/45-25a-aluminium-extensions\/#primaryimage"},"image":{"@id":"https:\/\/bikefit.lu\/de\/product\/45-25a-aluminium-extensions\/#primaryimage"},"thumbnailUrl":"https:\/\/bikefit.lu\/wp-content\/uploads\/2025\/12\/4525.jpg","datePublished":"2025-12-17T06:07:53+00:00","breadcrumb":{"@id":"https:\/\/bikefit.lu\/de\/product\/45-25a-aluminium-extensions\/#breadcrumb"},"inLanguage":"de","potentialAction":[{"@type":"ReadAction","target":["https:\/\/bikefit.lu\/de\/product\/45-25a-aluminium-extensions\/"]}]},{"@type":"ImageObject","inLanguage":"de","@id":"https:\/\/bikefit.lu\/de\/product\/45-25a-aluminium-extensions\/#primaryimage","url":"https:\/\/bikefit.lu\/wp-content\/uploads\/2025\/12\/4525.jpg","contentUrl":"https:\/\/bikefit.lu\/wp-content\/uploads\/2025\/12\/4525.jpg","width":1080,"height":1080},{"@type":"BreadcrumbList","@id":"https:\/\/bikefit.lu\/de\/product\/45-25a-aluminium-extensions\/#breadcrumb","itemListElement":[{"@type":"ListItem","position":1,"name":"Home","item":"https:\/\/bikefit.lu\/de\/"},{"@type":"ListItem","position":2,"name":"Produkte","item":"https:\/\/bikefit.lu\/de\/shop\/"},{"@type":"ListItem","position":3,"name":"45\/25A Aluminium-Extensions"}]},{"@type":"WebSite","@id":"https:\/\/bikefit.lu\/de\/#website","url":"https:\/\/bikefit.lu\/de\/","name":"bikefit.lu","description":"IMPROVING CYCLING","publisher":{"@id":"https:\/\/bikefit.lu\/de\/#\/schema\/person\/379af1263474d2f8cd1f41c2bd90273d"},"potentialAction":[{"@type":"SearchAction","target":{"@type":"EntryPoint","urlTemplate":"https:\/\/bikefit.lu\/de\/?s={search_term_string}"},"query-input":{"@type":"PropertyValueSpecification","valueRequired":true,"valueName":"search_term_string"}}],"inLanguage":"de"},{"@type":["Person","Organization"],"@id":"https:\/\/bikefit.lu\/de\/#\/schema\/person\/379af1263474d2f8cd1f41c2bd90273d","name":"Patrick Guillaume","image":{"@type":"ImageObject","inLanguage":"de","@id":"https:\/\/bikefit.lu\/wp-content\/uploads\/2024\/12\/cropped-bikefit-logoURL-RGB-jpg.jpg","url":"https:\/\/bikefit.lu\/wp-content\/uploads\/2024\/12\/cropped-bikefit-logoURL-RGB-jpg.jpg","contentUrl":"https:\/\/bikefit.lu\/wp-content\/uploads\/2024\/12\/cropped-bikefit-logoURL-RGB-jpg.jpg","width":512,"height":512,"caption":"Patrick Guillaume"},"logo":{"@id":"https:\/\/bikefit.lu\/wp-content\/uploads\/2024\/12\/cropped-bikefit-logoURL-RGB-jpg.jpg"},"sameAs":["https:\/\/bikefit.lu"],"honorificPrefix":"Mr","birthDate":"1966-11-18","gender":"male","knowsAbout":["Bike-fitting"],"knowsLanguage":["English","French","German","Luxembourgish"]}]},"product_price_amount":"54.00","product_price_currency":"EUR","og_availability":"instock","product_availability":"instock","product_condition":"new"},"_links":{"self":[{"href":"https:\/\/bikefit.lu\/de\/wp-json\/wp\/v2\/product\/98120","targetHints":{"allow":["GET"]}}],"collection":[{"href":"https:\/\/bikefit.lu\/de\/wp-json\/wp\/v2\/product"}],"about":[{"href":"https:\/\/bikefit.lu\/de\/wp-json\/wp\/v2\/types\/product"}],"replies":[{"embeddable":true,"href":"https:\/\/bikefit.lu\/de\/wp-json\/wp\/v2\/comments?post=98120"}],"version-history":[{"count":0,"href":"https:\/\/bikefit.lu\/de\/wp-json\/wp\/v2\/product\/98120\/revisions"}],"wp:featuredmedia":[{"embeddable":true,"href":"https:\/\/bikefit.lu\/de\/wp-json\/wp\/v2\/media\/98104"}],"wp:attachment":[{"href":"https:\/\/bikefit.lu\/de\/wp-json\/wp\/v2\/media?parent=98120"}],"wp:term":[{"taxonomy":"product_brand","embeddable":true,"href":"https:\/\/bikefit.lu\/de\/wp-json\/wp\/v2\/product_brand?post=98120"},{"taxonomy":"product_cat","embeddable":true,"href":"https:\/\/bikefit.lu\/de\/wp-json\/wp\/v2\/product_cat?post=98120"},{"taxonomy":"product_tag","embeddable":true,"href":"https:\/\/bikefit.lu\/de\/wp-json\/wp\/v2\/product_tag?post=98120"}],"curies":[{"name":"wp","href":"https:\/\/api.w.org\/{rel}","templated":true}]}}