{"id":98369,"date":"2025-07-06T21:28:42","date_gmt":"2025-07-06T19:28:42","guid":{"rendered":"https:\/\/bikefit.lu\/product\/lorethree-legend-pro-road\/"},"modified":"2026-02-16T08:32:58","modified_gmt":"2026-02-16T07:32:58","slug":"lorethree-legend-pro-road","status":"publish","type":"product","link":"https:\/\/bikefit.lu\/de\/product\/lorethree-legend-pro-road\/","title":{"rendered":"LoreThree Legend Pro Road"},"content":{"rendered":"<p><span style=\"font-weight: 300;\">Technische Daten:<\/span><\/p>\n<ul>\n<li style=\"font-weight: 300;\" aria-level=\"1\"><span style=\"font-weight: 300;\">Obermaterial: Individuell bedrucktes U-Top<\/span><\/li>\n<li style=\"font-weight: 300;\" aria-level=\"1\"><span style=\"font-weight: 300;\">Plantare Sohle: Individuelle durchgehende Carbonfaserstreben<\/span><\/li>\n<li style=\"font-weight: 300;\" aria-level=\"1\"><span style=\"font-weight: 300;\">Innensohle: EVA-Innensohle mit weicher, antimikrobieller Mikrofaser-Oberschicht<\/span><\/li>\n<li style=\"font-weight: 300;\" aria-level=\"1\"><span style=\"font-weight: 300;\">Gewicht: ca. 330 g, US-Gr\u00f6\u00dfe 10 (das Gewicht variiert je nach Fu\u00dfanatomie) <\/span><\/li>\n<\/ul>\n","protected":false},"excerpt":{"rendered":"<h1>LoreThree Legend Pro Road<\/h1>\n<p>Der Legend Pro Road bietet umfassende, ma\u00dfgeschneiderte Low-Cut-Exzellenz mit ma\u00dfgefertigten dorsalen Power-Panels. Sie werden eine perfekt geformte Zehenbox, Fersenkappe und ein Obermaterial genie\u00dfen, das die meisten Passformprobleme l\u00f6st. F\u00fcr gro\u00dfe Anstrengungen (Ausrei\u00dfversuche, Verfolgungsjagden, Sprints) steht mehr Kraft\u00fcbertragung zur Verf\u00fcgung als bei jedem anderen Schuh auf dem Markt.  <\/p>\n<p>Jedes Paar LoreThree wird auf Bestellung gefertigt und vollst\u00e4ndig an den Fahrer angepasst. Der Schuh verf\u00fcgt \u00fcber zahlreiche zum Patent angemeldete Design- und Fertigungsfortschritte, um die nat\u00fcrliche biomechanische Funktion und den Komfort zu f\u00f6rdern. <\/p>\n<p>Kundenspezifische Schuhe werden auf Abruf in Salt Lake City entworfen, gedruckt und montiert und dann weltweit versandt.<\/p>\n<p style=\"text-align: center;\"><strong><a href=\"https:\/\/bikefit.lu\/lore-shoes\/\">Mehr erfahren<\/a><\/strong><\/p>\n<p><span style=\"font-weight: 300;\">Prozess:<\/span><\/p>\n<ul>\n<li style=\"font-weight: 300;\" aria-level=\"1\"><span style=\"font-weight: 300;\">Um einen LoreThree zu bauen, m\u00fcssen wir zun\u00e4chst einen hochaufl\u00f6senden digitalen Scan Ihrer F\u00fc\u00dfe hier im Fit-Studio in einem weniger als 10-min\u00fctigen Prozess erstellen. Vereinbaren Sie einen Termin mit uns, um sich scannen zu lassen, und wir geben Ihre LoreThree-Bestellung sofort oder sp\u00e4ter auf, wenn Sie dar\u00fcber nachdenken m\u00f6chten. Keine Verpflichtung.   <\/span><\/li>\n<\/ul>\n","protected":false},"featured_media":98298,"comment_status":"closed","ping_status":"closed","template":"","meta":[],"product_brand":[],"product_cat":[5842,5848],"product_tag":[4931,4935,5844,5125,5182,5179,5194],"class_list":{"0":"post-98369","1":"product","2":"type-product","3":"status-publish","4":"has-post-thumbnail","6":"product_cat-lore-schuhe","7":"product_cat-strasenrad","8":"product_tag-3-hole-de","9":"product_tag-4-hole-de","10":"product_tag-lorethree","11":"product_tag-road-de","12":"product_tag-triathlon-de","13":"product_tag-ultra-cycling-de","14":"product_tag-zeitfahren","15":"pa_color-schwarz","16":"pa_color-slate","17":"pa_color-weis","19":"first","20":"onbackorder","21":"taxable","22":"shipping-taxable","23":"purchasable","24":"product-type-simple"},"yoast_head":"<!-- This site is optimized with the Yoast SEO Premium plugin v27.3 (Yoast SEO v27.3) - https:\/\/yoast.com\/product\/yoast-seo-premium-wordpress\/ -->\n<title>LoreThree Legend Pro Road - bikefit.lu<\/title>\n<meta name=\"robots\" content=\"index, follow, max-snippet:-1, max-image-preview:large, max-video-preview:-1\" \/>\n<link rel=\"canonical\" href=\"https:\/\/bikefit.lu\/de\/product\/lorethree-legend-pro-road\/\" \/>\n<meta property=\"og:locale\" content=\"de_DE\" \/>\n<meta property=\"og:type\" content=\"article\" \/>\n<meta property=\"og:title\" content=\"LoreThree Legend Pro Road\" \/>\n<meta property=\"og:description\" content=\"LoreThree Legend Pro Road Der Legend Pro Road bietet umfassende, ma\u00dfgeschneiderte Low-Cut-Exzellenz mit ma\u00dfgefertigten dorsalen Power-Panels. Sie werden eine perfekt geformte Zehenbox, Fersenkappe und ein Obermaterial genie\u00dfen, das die meisten Passformprobleme l\u00f6st. F\u00fcr gro\u00dfe Anstrengungen (Ausrei\u00dfversuche, Verfolgungsjagden, Sprints) steht mehr Kraft\u00fcbertragung zur Verf\u00fcgung als bei jedem anderen Schuh auf dem Markt.  Jedes Paar LoreThree wird auf Bestellung gefertigt und vollst\u00e4ndig an den Fahrer angepasst. Der Schuh verf\u00fcgt \u00fcber zahlreiche zum Patent angemeldete Design- und Fertigungsfortschritte, um die nat\u00fcrliche biomechanische Funktion und den Komfort zu f\u00f6rdern.  Kundenspezifische Schuhe werden auf Abruf in Salt Lake City entworfen, gedruckt und montiert und dann weltweit versandt. Mehr erfahren Prozess:  Um einen LoreThree zu bauen, m\u00fcssen wir zun\u00e4chst einen hochaufl\u00f6senden digitalen Scan Ihrer F\u00fc\u00dfe hier im Fit-Studio in einem weniger als 10-min\u00fctigen Prozess erstellen. Vereinbaren Sie einen Termin mit uns, um sich scannen zu lassen, und wir geben Ihre LoreThree-Bestellung sofort oder sp\u00e4ter auf, wenn Sie dar\u00fcber nachdenken m\u00f6chten. Keine Verpflichtung.\" \/>\n<meta property=\"og:url\" content=\"https:\/\/bikefit.lu\/de\/product\/lorethree-legend-pro-road\/\" \/>\n<meta property=\"og:site_name\" content=\"bikefit.lu\" \/>\n<meta property=\"article:modified_time\" content=\"2026-02-16T07:32:58+00:00\" \/>\n<meta property=\"og:image\" content=\"https:\/\/bikefit.lu\/wp-content\/uploads\/2025\/07\/Legends-Pro-White-Pair.webp\" \/>\n\t<meta property=\"og:image:width\" content=\"1920\" \/>\n\t<meta property=\"og:image:height\" content=\"1920\" \/>\n\t<meta property=\"og:image:type\" content=\"image\/webp\" \/>\n<meta name=\"twitter:card\" content=\"summary_large_image\" \/>\n<meta name=\"twitter:label1\" content=\"Preis\" \/>\n\t<meta name=\"twitter:data1\" content=\"1.425,00&nbsp;&euro;\" \/>\n\t<meta name=\"twitter:label2\" content=\"Verf\u00fcgbarkeit\" \/>\n\t<meta name=\"twitter:data2\" content=\"bei Nachbestellung\" \/>\n<script type=\"application\/ld+json\" class=\"yoast-schema-graph\">{\"@context\":\"https:\\\/\\\/schema.org\",\"@graph\":[{\"@type\":\"WebPage\",\"@id\":\"https:\\\/\\\/bikefit.lu\\\/de\\\/product\\\/lorethree-legend-pro-road\\\/\",\"url\":\"https:\\\/\\\/bikefit.lu\\\/de\\\/product\\\/lorethree-legend-pro-road\\\/\",\"name\":\"LoreThree Legend Pro Road - bikefit.lu\",\"isPartOf\":{\"@id\":\"https:\\\/\\\/bikefit.lu\\\/de\\\/#website\"},\"primaryImageOfPage\":{\"@id\":\"https:\\\/\\\/bikefit.lu\\\/de\\\/product\\\/lorethree-legend-pro-road\\\/#primaryimage\"},\"image\":{\"@id\":\"https:\\\/\\\/bikefit.lu\\\/de\\\/product\\\/lorethree-legend-pro-road\\\/#primaryimage\"},\"thumbnailUrl\":\"https:\\\/\\\/bikefit.lu\\\/wp-content\\\/uploads\\\/2025\\\/07\\\/Legends-Pro-White-Pair.webp\",\"datePublished\":\"2025-07-06T19:28:42+00:00\",\"dateModified\":\"2026-02-16T07:32:58+00:00\",\"breadcrumb\":{\"@id\":\"https:\\\/\\\/bikefit.lu\\\/de\\\/product\\\/lorethree-legend-pro-road\\\/#breadcrumb\"},\"inLanguage\":\"de\",\"potentialAction\":[{\"@type\":\"ReadAction\",\"target\":[\"https:\\\/\\\/bikefit.lu\\\/de\\\/product\\\/lorethree-legend-pro-road\\\/\"]}]},{\"@type\":\"ImageObject\",\"inLanguage\":\"de\",\"@id\":\"https:\\\/\\\/bikefit.lu\\\/de\\\/product\\\/lorethree-legend-pro-road\\\/#primaryimage\",\"url\":\"https:\\\/\\\/bikefit.lu\\\/wp-content\\\/uploads\\\/2025\\\/07\\\/Legends-Pro-White-Pair.webp\",\"contentUrl\":\"https:\\\/\\\/bikefit.lu\\\/wp-content\\\/uploads\\\/2025\\\/07\\\/Legends-Pro-White-Pair.webp\",\"width\":1920,\"height\":1920},{\"@type\":\"BreadcrumbList\",\"@id\":\"https:\\\/\\\/bikefit.lu\\\/de\\\/product\\\/lorethree-legend-pro-road\\\/#breadcrumb\",\"itemListElement\":[{\"@type\":\"ListItem\",\"position\":1,\"name\":\"Home\",\"item\":\"https:\\\/\\\/bikefit.lu\\\/de\\\/\"},{\"@type\":\"ListItem\",\"position\":2,\"name\":\"Produkte\",\"item\":\"https:\\\/\\\/bikefit.lu\\\/de\\\/shop\\\/\"},{\"@type\":\"ListItem\",\"position\":3,\"name\":\"LoreThree Legend Pro Road\"}]},{\"@type\":\"WebSite\",\"@id\":\"https:\\\/\\\/bikefit.lu\\\/de\\\/#website\",\"url\":\"https:\\\/\\\/bikefit.lu\\\/de\\\/\",\"name\":\"bikefit.lu\",\"description\":\"IMPROVING CYCLING\",\"publisher\":{\"@id\":\"https:\\\/\\\/bikefit.lu\\\/de\\\/#\\\/schema\\\/person\\\/379af1263474d2f8cd1f41c2bd90273d\"},\"potentialAction\":[{\"@type\":\"SearchAction\",\"target\":{\"@type\":\"EntryPoint\",\"urlTemplate\":\"https:\\\/\\\/bikefit.lu\\\/de\\\/?s={search_term_string}\"},\"query-input\":{\"@type\":\"PropertyValueSpecification\",\"valueRequired\":true,\"valueName\":\"search_term_string\"}}],\"inLanguage\":\"de\"},{\"@type\":[\"Person\",\"Organization\"],\"@id\":\"https:\\\/\\\/bikefit.lu\\\/de\\\/#\\\/schema\\\/person\\\/379af1263474d2f8cd1f41c2bd90273d\",\"name\":\"Patrick Guillaume\",\"image\":{\"@type\":\"ImageObject\",\"inLanguage\":\"de\",\"@id\":\"https:\\\/\\\/bikefit.lu\\\/wp-content\\\/uploads\\\/2024\\\/12\\\/cropped-bikefit-logoURL-RGB-jpg.jpg\",\"url\":\"https:\\\/\\\/bikefit.lu\\\/wp-content\\\/uploads\\\/2024\\\/12\\\/cropped-bikefit-logoURL-RGB-jpg.jpg\",\"contentUrl\":\"https:\\\/\\\/bikefit.lu\\\/wp-content\\\/uploads\\\/2024\\\/12\\\/cropped-bikefit-logoURL-RGB-jpg.jpg\",\"width\":512,\"height\":512,\"caption\":\"Patrick Guillaume\"},\"logo\":{\"@id\":\"https:\\\/\\\/bikefit.lu\\\/wp-content\\\/uploads\\\/2024\\\/12\\\/cropped-bikefit-logoURL-RGB-jpg.jpg\"},\"sameAs\":[\"https:\\\/\\\/bikefit.lu\"],\"honorificPrefix\":\"Mr\",\"birthDate\":\"1966-11-18\",\"gender\":\"male\",\"knowsAbout\":[\"Bike-fitting\"],\"knowsLanguage\":[\"English\",\"French\",\"German\",\"Luxembourgish\"]}]}<\/script>\n<meta property=\"product:price:amount\" content=\"1425.00\" \/>\n<meta property=\"product:price:currency\" content=\"EUR\" \/>\n<meta property=\"og:availability\" content=\"backorder\" \/>\n<meta property=\"product:availability\" content=\"available for order\" \/>\n<meta property=\"product:condition\" content=\"new\" \/>\n<!-- \/ Yoast SEO Premium plugin. -->","yoast_head_json":{"title":"LoreThree Legend Pro Road - bikefit.lu","robots":{"index":"index","follow":"follow","max-snippet":"max-snippet:-1","max-image-preview":"max-image-preview:large","max-video-preview":"max-video-preview:-1"},"canonical":"https:\/\/bikefit.lu\/de\/product\/lorethree-legend-pro-road\/","og_locale":"de_DE","og_type":"article","og_title":"LoreThree Legend Pro Road","og_description":"LoreThree Legend Pro Road Der Legend Pro Road bietet umfassende, ma\u00dfgeschneiderte Low-Cut-Exzellenz mit ma\u00dfgefertigten dorsalen Power-Panels. Sie werden eine perfekt geformte Zehenbox, Fersenkappe und ein Obermaterial genie\u00dfen, das die meisten Passformprobleme l\u00f6st. F\u00fcr gro\u00dfe Anstrengungen (Ausrei\u00dfversuche, Verfolgungsjagden, Sprints) steht mehr Kraft\u00fcbertragung zur Verf\u00fcgung als bei jedem anderen Schuh auf dem Markt.  Jedes Paar LoreThree wird auf Bestellung gefertigt und vollst\u00e4ndig an den Fahrer angepasst. Der Schuh verf\u00fcgt \u00fcber zahlreiche zum Patent angemeldete Design- und Fertigungsfortschritte, um die nat\u00fcrliche biomechanische Funktion und den Komfort zu f\u00f6rdern.  Kundenspezifische Schuhe werden auf Abruf in Salt Lake City entworfen, gedruckt und montiert und dann weltweit versandt. Mehr erfahren Prozess:  Um einen LoreThree zu bauen, m\u00fcssen wir zun\u00e4chst einen hochaufl\u00f6senden digitalen Scan Ihrer F\u00fc\u00dfe hier im Fit-Studio in einem weniger als 10-min\u00fctigen Prozess erstellen. Vereinbaren Sie einen Termin mit uns, um sich scannen zu lassen, und wir geben Ihre LoreThree-Bestellung sofort oder sp\u00e4ter auf, wenn Sie dar\u00fcber nachdenken m\u00f6chten. Keine Verpflichtung.","og_url":"https:\/\/bikefit.lu\/de\/product\/lorethree-legend-pro-road\/","og_site_name":"bikefit.lu","article_modified_time":"2026-02-16T07:32:58+00:00","og_image":[{"width":1920,"height":1920,"url":"https:\/\/bikefit.lu\/wp-content\/uploads\/2025\/07\/Legends-Pro-White-Pair.webp","type":"image\/webp"}],"twitter_card":"summary_large_image","twitter_misc":{"Preis":"1.425,00&nbsp;&euro;","Verf\u00fcgbarkeit":"bei Nachbestellung"},"schema":{"@context":"https:\/\/schema.org","@graph":[{"@type":"WebPage","@id":"https:\/\/bikefit.lu\/de\/product\/lorethree-legend-pro-road\/","url":"https:\/\/bikefit.lu\/de\/product\/lorethree-legend-pro-road\/","name":"LoreThree Legend Pro Road - bikefit.lu","isPartOf":{"@id":"https:\/\/bikefit.lu\/de\/#website"},"primaryImageOfPage":{"@id":"https:\/\/bikefit.lu\/de\/product\/lorethree-legend-pro-road\/#primaryimage"},"image":{"@id":"https:\/\/bikefit.lu\/de\/product\/lorethree-legend-pro-road\/#primaryimage"},"thumbnailUrl":"https:\/\/bikefit.lu\/wp-content\/uploads\/2025\/07\/Legends-Pro-White-Pair.webp","datePublished":"2025-07-06T19:28:42+00:00","dateModified":"2026-02-16T07:32:58+00:00","breadcrumb":{"@id":"https:\/\/bikefit.lu\/de\/product\/lorethree-legend-pro-road\/#breadcrumb"},"inLanguage":"de","potentialAction":[{"@type":"ReadAction","target":["https:\/\/bikefit.lu\/de\/product\/lorethree-legend-pro-road\/"]}]},{"@type":"ImageObject","inLanguage":"de","@id":"https:\/\/bikefit.lu\/de\/product\/lorethree-legend-pro-road\/#primaryimage","url":"https:\/\/bikefit.lu\/wp-content\/uploads\/2025\/07\/Legends-Pro-White-Pair.webp","contentUrl":"https:\/\/bikefit.lu\/wp-content\/uploads\/2025\/07\/Legends-Pro-White-Pair.webp","width":1920,"height":1920},{"@type":"BreadcrumbList","@id":"https:\/\/bikefit.lu\/de\/product\/lorethree-legend-pro-road\/#breadcrumb","itemListElement":[{"@type":"ListItem","position":1,"name":"Home","item":"https:\/\/bikefit.lu\/de\/"},{"@type":"ListItem","position":2,"name":"Produkte","item":"https:\/\/bikefit.lu\/de\/shop\/"},{"@type":"ListItem","position":3,"name":"LoreThree Legend Pro Road"}]},{"@type":"WebSite","@id":"https:\/\/bikefit.lu\/de\/#website","url":"https:\/\/bikefit.lu\/de\/","name":"bikefit.lu","description":"IMPROVING CYCLING","publisher":{"@id":"https:\/\/bikefit.lu\/de\/#\/schema\/person\/379af1263474d2f8cd1f41c2bd90273d"},"potentialAction":[{"@type":"SearchAction","target":{"@type":"EntryPoint","urlTemplate":"https:\/\/bikefit.lu\/de\/?s={search_term_string}"},"query-input":{"@type":"PropertyValueSpecification","valueRequired":true,"valueName":"search_term_string"}}],"inLanguage":"de"},{"@type":["Person","Organization"],"@id":"https:\/\/bikefit.lu\/de\/#\/schema\/person\/379af1263474d2f8cd1f41c2bd90273d","name":"Patrick Guillaume","image":{"@type":"ImageObject","inLanguage":"de","@id":"https:\/\/bikefit.lu\/wp-content\/uploads\/2024\/12\/cropped-bikefit-logoURL-RGB-jpg.jpg","url":"https:\/\/bikefit.lu\/wp-content\/uploads\/2024\/12\/cropped-bikefit-logoURL-RGB-jpg.jpg","contentUrl":"https:\/\/bikefit.lu\/wp-content\/uploads\/2024\/12\/cropped-bikefit-logoURL-RGB-jpg.jpg","width":512,"height":512,"caption":"Patrick Guillaume"},"logo":{"@id":"https:\/\/bikefit.lu\/wp-content\/uploads\/2024\/12\/cropped-bikefit-logoURL-RGB-jpg.jpg"},"sameAs":["https:\/\/bikefit.lu"],"honorificPrefix":"Mr","birthDate":"1966-11-18","gender":"male","knowsAbout":["Bike-fitting"],"knowsLanguage":["English","French","German","Luxembourgish"]}]},"product_price_amount":"1425.00","product_price_currency":"EUR","og_availability":"backorder","product_availability":"available for order","product_condition":"new"},"_links":{"self":[{"href":"https:\/\/bikefit.lu\/de\/wp-json\/wp\/v2\/product\/98369","targetHints":{"allow":["GET"]}}],"collection":[{"href":"https:\/\/bikefit.lu\/de\/wp-json\/wp\/v2\/product"}],"about":[{"href":"https:\/\/bikefit.lu\/de\/wp-json\/wp\/v2\/types\/product"}],"replies":[{"embeddable":true,"href":"https:\/\/bikefit.lu\/de\/wp-json\/wp\/v2\/comments?post=98369"}],"version-history":[{"count":0,"href":"https:\/\/bikefit.lu\/de\/wp-json\/wp\/v2\/product\/98369\/revisions"}],"wp:featuredmedia":[{"embeddable":true,"href":"https:\/\/bikefit.lu\/de\/wp-json\/wp\/v2\/media\/98298"}],"wp:attachment":[{"href":"https:\/\/bikefit.lu\/de\/wp-json\/wp\/v2\/media?parent=98369"}],"wp:term":[{"taxonomy":"product_brand","embeddable":true,"href":"https:\/\/bikefit.lu\/de\/wp-json\/wp\/v2\/product_brand?post=98369"},{"taxonomy":"product_cat","embeddable":true,"href":"https:\/\/bikefit.lu\/de\/wp-json\/wp\/v2\/product_cat?post=98369"},{"taxonomy":"product_tag","embeddable":true,"href":"https:\/\/bikefit.lu\/de\/wp-json\/wp\/v2\/product_tag?post=98369"}],"curies":[{"name":"wp","href":"https:\/\/api.w.org\/{rel}","templated":true}]}}