{"id":98626,"date":"2026-01-30T09:14:33","date_gmt":"2026-01-30T08:14:33","guid":{"rendered":"https:\/\/bikefit.lu\/product\/bisaddle-health\/"},"modified":"2026-01-30T09:14:33","modified_gmt":"2026-01-30T08:14:33","slug":"bisaddle-health","status":"publish","type":"product","link":"https:\/\/bikefit.lu\/de\/product\/bisaddle-health\/","title":{"rendered":"BiSaddle Health+"},"content":{"rendered":"<h2>Spezifikationen:<\/h2>\n<ul>\n<li>Verstellbarer Stahlrahmen, strapazierf\u00e4hig<\/li>\n<li>Hintere Breite 100 mm bis 240 mm<\/li>\n<li>Vordere Breite 50 mm &#8211; 75 mm<\/li>\n<li>L\u00e4nge 130 mm<\/li>\n<li>Gewicht: 917 Gramm<\/li>\n<li>Gewichtsbegrenzung: bis zu 158 kg<\/li>\n<li>Anleitung zur Passform und Gebrauch<\/li>\n<\/ul>\n","protected":false},"excerpt":{"rendered":"<h2>Hauptunterscheidungsmerkmale:<\/h2>\n<ul>\n<li>F\u00fcr Menschen mit gr\u00f6\u00dferen Gesundheitsproblemen<\/li>\n<li>Breitester verstellbarer Sattel<\/li>\n<li>Ergonomisches Design zur perfekten Polsterung Ihrer Sitzknochen<\/li>\n<li>Kein Druck auf den Damm des Weichgewebes \u2026 was bedeutet, dass Sie NIEMALS Taubheitsgef\u00fchle in Ihren Genitalien haben werden!<\/li>\n<li>Reduziert die Belastung von unterem R\u00fccken, H\u00fcften und Knien<\/li>\n<li>Das einzigartige \u201enasenlose\u201c Design st\u00fctzt die \u201eSitzknochen\u201c und steigert die Leistung, indem es eine st\u00e4rkere Durchblutung der Beine f\u00f6rdert!<\/li>\n<li>Gefahren in aufrechter Position<\/li>\n<\/ul>\n<p><strong>VORTEILE<\/strong><\/p>\n<ul>\n<li>Schmerzfreie Fahrten<\/li>\n<li>BiSaddle-S\u00e4ttel beseitigen Schmerzen, Taubheitsgef\u00fchle, Beschwerden, Sattelwunden und Genitalverletzungen<\/li>\n<li>Hilft Ihnen, weiter und schneller zu fahren<\/li>\n<\/ul>\n<p><strong>EIGENSCHAFTEN:<\/strong><\/p>\n<ul>\n<li>BiSaddle ist der weltweit einzige Sattel mit einstellbarer Form. <strong>(PATENTIERT)<\/strong><\/li>\n<li>Das geteilte Satteldesign kann in Breite, Winkel und Profil an Ihre einzigartige K\u00f6rperform angepasst werden.<\/li>\n<li>Wenn sich Ihr Fahrstil oder Ihre K\u00f6rperform \u00e4ndert, k\u00f6nnen Sie ihn einfach f\u00fcr ultimativen Komfort neu einstellen.<\/li>\n<li> Alle Komponenten sind austauschbar, was ihn zum letzten Sattel macht, den Sie jemals kaufen m\u00fcssen.<\/li>\n<\/ul>\n","protected":false},"featured_media":98602,"comment_status":"open","ping_status":"closed","template":"","meta":[],"product_brand":[5861],"product_cat":[4836,4774],"product_tag":[5125,5179],"class_list":{"0":"post-98626","1":"product","2":"type-product","3":"status-publish","4":"has-post-thumbnail","6":"product_brand-bisaddle","7":"product_cat-kontaktpunkt-becken","8":"product_cat-road-contact-point-pelvis-de","9":"product_tag-road-de","10":"product_tag-ultra-cycling-de","11":"product_shipping_class-large-items-de","13":"first","14":"instock","15":"taxable","16":"shipping-taxable","17":"purchasable","18":"product-type-simple"},"yoast_head":"<!-- This site is optimized with the Yoast SEO Premium plugin v27.3 (Yoast SEO v27.3) - https:\/\/yoast.com\/product\/yoast-seo-premium-wordpress\/ -->\n<title>BiSaddle Health+ - bikefit.lu<\/title>\n<meta name=\"robots\" content=\"index, follow, max-snippet:-1, max-image-preview:large, max-video-preview:-1\" \/>\n<link rel=\"canonical\" href=\"https:\/\/bikefit.lu\/de\/product\/bisaddle-health\/\" \/>\n<meta property=\"og:locale\" content=\"de_DE\" \/>\n<meta property=\"og:type\" content=\"article\" \/>\n<meta property=\"og:title\" content=\"BiSaddle Health+\" \/>\n<meta property=\"og:description\" content=\"Hauptunterscheidungsmerkmale:  F\u00fcr Menschen mit gr\u00f6\u00dferen Gesundheitsproblemen  Breitester verstellbarer Sattel  Ergonomisches Design zur perfekten Polsterung Ihrer Sitzknochen  Kein Druck auf den Damm des Weichgewebes \u2026 was bedeutet, dass Sie NIEMALS Taubheitsgef\u00fchle in Ihren Genitalien haben werden!  Reduziert die Belastung von unterem R\u00fccken, H\u00fcften und Knien  Das einzigartige \u201enasenlose\u201c Design st\u00fctzt die \u201eSitzknochen\u201c und steigert die Leistung, indem es eine st\u00e4rkere Durchblutung der Beine f\u00f6rdert!  Gefahren in aufrechter Position VORTEILE  Schmerzfreie Fahrten  BiSaddle-S\u00e4ttel beseitigen Schmerzen, Taubheitsgef\u00fchle, Beschwerden, Sattelwunden und Genitalverletzungen  Hilft Ihnen, weiter und schneller zu fahren EIGENSCHAFTEN:  BiSaddle ist der weltweit einzige Sattel mit einstellbarer Form. (PATENTIERT)  Das geteilte Satteldesign kann in Breite, Winkel und Profil an Ihre einzigartige K\u00f6rperform angepasst werden.  Wenn sich Ihr Fahrstil oder Ihre K\u00f6rperform \u00e4ndert, k\u00f6nnen Sie ihn einfach f\u00fcr ultimativen Komfort neu einstellen.  Alle Komponenten sind austauschbar, was ihn zum letzten Sattel macht, den Sie jemals kaufen m\u00fcssen.\" \/>\n<meta property=\"og:url\" content=\"https:\/\/bikefit.lu\/de\/product\/bisaddle-health\/\" \/>\n<meta property=\"og:site_name\" content=\"bikefit.lu\" \/>\n<meta property=\"og:image\" content=\"https:\/\/bikefit.lu\/wp-content\/uploads\/2026\/01\/right-profile.png\" \/>\n\t<meta property=\"og:image:width\" content=\"1536\" \/>\n\t<meta property=\"og:image:height\" content=\"1024\" \/>\n\t<meta property=\"og:image:type\" content=\"image\/png\" \/>\n<meta name=\"twitter:card\" content=\"summary_large_image\" \/>\n<meta name=\"twitter:label1\" content=\"Preis\" \/>\n\t<meta name=\"twitter:data1\" content=\"219,00&nbsp;&euro;\" \/>\n\t<meta name=\"twitter:label2\" content=\"Verf\u00fcgbarkeit\" \/>\n\t<meta name=\"twitter:data2\" content=\"Auf Lager\" \/>\n<script type=\"application\/ld+json\" class=\"yoast-schema-graph\">{\"@context\":\"https:\\\/\\\/schema.org\",\"@graph\":[{\"@type\":\"WebPage\",\"@id\":\"https:\\\/\\\/bikefit.lu\\\/de\\\/product\\\/bisaddle-health\\\/\",\"url\":\"https:\\\/\\\/bikefit.lu\\\/de\\\/product\\\/bisaddle-health\\\/\",\"name\":\"BiSaddle Health+ - bikefit.lu\",\"isPartOf\":{\"@id\":\"https:\\\/\\\/bikefit.lu\\\/de\\\/#website\"},\"primaryImageOfPage\":{\"@id\":\"https:\\\/\\\/bikefit.lu\\\/de\\\/product\\\/bisaddle-health\\\/#primaryimage\"},\"image\":{\"@id\":\"https:\\\/\\\/bikefit.lu\\\/de\\\/product\\\/bisaddle-health\\\/#primaryimage\"},\"thumbnailUrl\":\"https:\\\/\\\/bikefit.lu\\\/wp-content\\\/uploads\\\/2026\\\/01\\\/right-profile.png\",\"datePublished\":\"2026-01-30T08:14:33+00:00\",\"breadcrumb\":{\"@id\":\"https:\\\/\\\/bikefit.lu\\\/de\\\/product\\\/bisaddle-health\\\/#breadcrumb\"},\"inLanguage\":\"de\",\"potentialAction\":[{\"@type\":\"ReadAction\",\"target\":[\"https:\\\/\\\/bikefit.lu\\\/de\\\/product\\\/bisaddle-health\\\/\"]}]},{\"@type\":\"ImageObject\",\"inLanguage\":\"de\",\"@id\":\"https:\\\/\\\/bikefit.lu\\\/de\\\/product\\\/bisaddle-health\\\/#primaryimage\",\"url\":\"https:\\\/\\\/bikefit.lu\\\/wp-content\\\/uploads\\\/2026\\\/01\\\/right-profile.png\",\"contentUrl\":\"https:\\\/\\\/bikefit.lu\\\/wp-content\\\/uploads\\\/2026\\\/01\\\/right-profile.png\",\"width\":1536,\"height\":1024},{\"@type\":\"BreadcrumbList\",\"@id\":\"https:\\\/\\\/bikefit.lu\\\/de\\\/product\\\/bisaddle-health\\\/#breadcrumb\",\"itemListElement\":[{\"@type\":\"ListItem\",\"position\":1,\"name\":\"Home\",\"item\":\"https:\\\/\\\/bikefit.lu\\\/de\\\/\"},{\"@type\":\"ListItem\",\"position\":2,\"name\":\"Produkte\",\"item\":\"https:\\\/\\\/bikefit.lu\\\/de\\\/shop\\\/\"},{\"@type\":\"ListItem\",\"position\":3,\"name\":\"BiSaddle Health+\"}]},{\"@type\":\"WebSite\",\"@id\":\"https:\\\/\\\/bikefit.lu\\\/de\\\/#website\",\"url\":\"https:\\\/\\\/bikefit.lu\\\/de\\\/\",\"name\":\"bikefit.lu\",\"description\":\"IMPROVING CYCLING\",\"publisher\":{\"@id\":\"https:\\\/\\\/bikefit.lu\\\/de\\\/#\\\/schema\\\/person\\\/379af1263474d2f8cd1f41c2bd90273d\"},\"potentialAction\":[{\"@type\":\"SearchAction\",\"target\":{\"@type\":\"EntryPoint\",\"urlTemplate\":\"https:\\\/\\\/bikefit.lu\\\/de\\\/?s={search_term_string}\"},\"query-input\":{\"@type\":\"PropertyValueSpecification\",\"valueRequired\":true,\"valueName\":\"search_term_string\"}}],\"inLanguage\":\"de\"},{\"@type\":[\"Person\",\"Organization\"],\"@id\":\"https:\\\/\\\/bikefit.lu\\\/de\\\/#\\\/schema\\\/person\\\/379af1263474d2f8cd1f41c2bd90273d\",\"name\":\"Patrick Guillaume\",\"image\":{\"@type\":\"ImageObject\",\"inLanguage\":\"de\",\"@id\":\"https:\\\/\\\/bikefit.lu\\\/wp-content\\\/uploads\\\/2024\\\/12\\\/cropped-bikefit-logoURL-RGB-jpg.jpg\",\"url\":\"https:\\\/\\\/bikefit.lu\\\/wp-content\\\/uploads\\\/2024\\\/12\\\/cropped-bikefit-logoURL-RGB-jpg.jpg\",\"contentUrl\":\"https:\\\/\\\/bikefit.lu\\\/wp-content\\\/uploads\\\/2024\\\/12\\\/cropped-bikefit-logoURL-RGB-jpg.jpg\",\"width\":512,\"height\":512,\"caption\":\"Patrick Guillaume\"},\"logo\":{\"@id\":\"https:\\\/\\\/bikefit.lu\\\/wp-content\\\/uploads\\\/2024\\\/12\\\/cropped-bikefit-logoURL-RGB-jpg.jpg\"},\"sameAs\":[\"https:\\\/\\\/bikefit.lu\"],\"honorificPrefix\":\"Mr\",\"birthDate\":\"1966-11-18\",\"gender\":\"male\",\"knowsAbout\":[\"Bike-fitting\"],\"knowsLanguage\":[\"English\",\"French\",\"German\",\"Luxembourgish\"]}]}<\/script>\n<meta property=\"product:price:amount\" content=\"219.00\" \/>\n<meta property=\"product:price:currency\" content=\"EUR\" \/>\n<meta property=\"og:availability\" content=\"instock\" \/>\n<meta property=\"product:availability\" content=\"instock\" \/>\n<meta property=\"product:condition\" content=\"new\" \/>\n<!-- \/ Yoast SEO Premium plugin. -->","yoast_head_json":{"title":"BiSaddle Health+ - bikefit.lu","robots":{"index":"index","follow":"follow","max-snippet":"max-snippet:-1","max-image-preview":"max-image-preview:large","max-video-preview":"max-video-preview:-1"},"canonical":"https:\/\/bikefit.lu\/de\/product\/bisaddle-health\/","og_locale":"de_DE","og_type":"article","og_title":"BiSaddle Health+","og_description":"Hauptunterscheidungsmerkmale:  F\u00fcr Menschen mit gr\u00f6\u00dferen Gesundheitsproblemen  Breitester verstellbarer Sattel  Ergonomisches Design zur perfekten Polsterung Ihrer Sitzknochen  Kein Druck auf den Damm des Weichgewebes \u2026 was bedeutet, dass Sie NIEMALS Taubheitsgef\u00fchle in Ihren Genitalien haben werden!  Reduziert die Belastung von unterem R\u00fccken, H\u00fcften und Knien  Das einzigartige \u201enasenlose\u201c Design st\u00fctzt die \u201eSitzknochen\u201c und steigert die Leistung, indem es eine st\u00e4rkere Durchblutung der Beine f\u00f6rdert!  Gefahren in aufrechter Position VORTEILE  Schmerzfreie Fahrten  BiSaddle-S\u00e4ttel beseitigen Schmerzen, Taubheitsgef\u00fchle, Beschwerden, Sattelwunden und Genitalverletzungen  Hilft Ihnen, weiter und schneller zu fahren EIGENSCHAFTEN:  BiSaddle ist der weltweit einzige Sattel mit einstellbarer Form. (PATENTIERT)  Das geteilte Satteldesign kann in Breite, Winkel und Profil an Ihre einzigartige K\u00f6rperform angepasst werden.  Wenn sich Ihr Fahrstil oder Ihre K\u00f6rperform \u00e4ndert, k\u00f6nnen Sie ihn einfach f\u00fcr ultimativen Komfort neu einstellen.  Alle Komponenten sind austauschbar, was ihn zum letzten Sattel macht, den Sie jemals kaufen m\u00fcssen.","og_url":"https:\/\/bikefit.lu\/de\/product\/bisaddle-health\/","og_site_name":"bikefit.lu","og_image":[{"width":1536,"height":1024,"url":"https:\/\/bikefit.lu\/wp-content\/uploads\/2026\/01\/right-profile.png","type":"image\/png"}],"twitter_card":"summary_large_image","twitter_misc":{"Preis":"219,00&nbsp;&euro;","Verf\u00fcgbarkeit":"Auf Lager"},"schema":{"@context":"https:\/\/schema.org","@graph":[{"@type":"WebPage","@id":"https:\/\/bikefit.lu\/de\/product\/bisaddle-health\/","url":"https:\/\/bikefit.lu\/de\/product\/bisaddle-health\/","name":"BiSaddle Health+ - bikefit.lu","isPartOf":{"@id":"https:\/\/bikefit.lu\/de\/#website"},"primaryImageOfPage":{"@id":"https:\/\/bikefit.lu\/de\/product\/bisaddle-health\/#primaryimage"},"image":{"@id":"https:\/\/bikefit.lu\/de\/product\/bisaddle-health\/#primaryimage"},"thumbnailUrl":"https:\/\/bikefit.lu\/wp-content\/uploads\/2026\/01\/right-profile.png","datePublished":"2026-01-30T08:14:33+00:00","breadcrumb":{"@id":"https:\/\/bikefit.lu\/de\/product\/bisaddle-health\/#breadcrumb"},"inLanguage":"de","potentialAction":[{"@type":"ReadAction","target":["https:\/\/bikefit.lu\/de\/product\/bisaddle-health\/"]}]},{"@type":"ImageObject","inLanguage":"de","@id":"https:\/\/bikefit.lu\/de\/product\/bisaddle-health\/#primaryimage","url":"https:\/\/bikefit.lu\/wp-content\/uploads\/2026\/01\/right-profile.png","contentUrl":"https:\/\/bikefit.lu\/wp-content\/uploads\/2026\/01\/right-profile.png","width":1536,"height":1024},{"@type":"BreadcrumbList","@id":"https:\/\/bikefit.lu\/de\/product\/bisaddle-health\/#breadcrumb","itemListElement":[{"@type":"ListItem","position":1,"name":"Home","item":"https:\/\/bikefit.lu\/de\/"},{"@type":"ListItem","position":2,"name":"Produkte","item":"https:\/\/bikefit.lu\/de\/shop\/"},{"@type":"ListItem","position":3,"name":"BiSaddle Health+"}]},{"@type":"WebSite","@id":"https:\/\/bikefit.lu\/de\/#website","url":"https:\/\/bikefit.lu\/de\/","name":"bikefit.lu","description":"IMPROVING CYCLING","publisher":{"@id":"https:\/\/bikefit.lu\/de\/#\/schema\/person\/379af1263474d2f8cd1f41c2bd90273d"},"potentialAction":[{"@type":"SearchAction","target":{"@type":"EntryPoint","urlTemplate":"https:\/\/bikefit.lu\/de\/?s={search_term_string}"},"query-input":{"@type":"PropertyValueSpecification","valueRequired":true,"valueName":"search_term_string"}}],"inLanguage":"de"},{"@type":["Person","Organization"],"@id":"https:\/\/bikefit.lu\/de\/#\/schema\/person\/379af1263474d2f8cd1f41c2bd90273d","name":"Patrick Guillaume","image":{"@type":"ImageObject","inLanguage":"de","@id":"https:\/\/bikefit.lu\/wp-content\/uploads\/2024\/12\/cropped-bikefit-logoURL-RGB-jpg.jpg","url":"https:\/\/bikefit.lu\/wp-content\/uploads\/2024\/12\/cropped-bikefit-logoURL-RGB-jpg.jpg","contentUrl":"https:\/\/bikefit.lu\/wp-content\/uploads\/2024\/12\/cropped-bikefit-logoURL-RGB-jpg.jpg","width":512,"height":512,"caption":"Patrick Guillaume"},"logo":{"@id":"https:\/\/bikefit.lu\/wp-content\/uploads\/2024\/12\/cropped-bikefit-logoURL-RGB-jpg.jpg"},"sameAs":["https:\/\/bikefit.lu"],"honorificPrefix":"Mr","birthDate":"1966-11-18","gender":"male","knowsAbout":["Bike-fitting"],"knowsLanguage":["English","French","German","Luxembourgish"]}]},"product_price_amount":"219.00","product_price_currency":"EUR","og_availability":"instock","product_availability":"instock","product_condition":"new"},"_links":{"self":[{"href":"https:\/\/bikefit.lu\/de\/wp-json\/wp\/v2\/product\/98626","targetHints":{"allow":["GET"]}}],"collection":[{"href":"https:\/\/bikefit.lu\/de\/wp-json\/wp\/v2\/product"}],"about":[{"href":"https:\/\/bikefit.lu\/de\/wp-json\/wp\/v2\/types\/product"}],"replies":[{"embeddable":true,"href":"https:\/\/bikefit.lu\/de\/wp-json\/wp\/v2\/comments?post=98626"}],"version-history":[{"count":0,"href":"https:\/\/bikefit.lu\/de\/wp-json\/wp\/v2\/product\/98626\/revisions"}],"wp:featuredmedia":[{"embeddable":true,"href":"https:\/\/bikefit.lu\/de\/wp-json\/wp\/v2\/media\/98602"}],"wp:attachment":[{"href":"https:\/\/bikefit.lu\/de\/wp-json\/wp\/v2\/media?parent=98626"}],"wp:term":[{"taxonomy":"product_brand","embeddable":true,"href":"https:\/\/bikefit.lu\/de\/wp-json\/wp\/v2\/product_brand?post=98626"},{"taxonomy":"product_cat","embeddable":true,"href":"https:\/\/bikefit.lu\/de\/wp-json\/wp\/v2\/product_cat?post=98626"},{"taxonomy":"product_tag","embeddable":true,"href":"https:\/\/bikefit.lu\/de\/wp-json\/wp\/v2\/product_tag?post=98626"}],"curies":[{"name":"wp","href":"https:\/\/api.w.org\/{rel}","templated":true}]}}