{"id":99394,"date":"2026-03-29T08:45:57","date_gmt":"2026-03-29T06:45:57","guid":{"rendered":"https:\/\/bikefit.lu\/product\/cx178-weiss-schwarz\/"},"modified":"2026-03-29T08:45:57","modified_gmt":"2026-03-29T06:45:57","slug":"cx178-weiss-schwarz","status":"publish","type":"product","link":"https:\/\/bikefit.lu\/de\/product\/cx178-weiss-schwarz\/","title":{"rendered":"CX178 Wei\u00df\/Schwarz"},"content":{"rendered":"<p><strong>Leisten:<\/strong> <a href=\"https:\/\/www.lakecycling.com\/pages\/shoe-lasts\" target=\"_blank\" rel=\"noopener noreferrer nofollow\">Sport Comfort Leisten<\/a> \u2013 Neu gestaltet mit einer breiteren Zehenbox und einer stabilen Vorfu\u00dfplattform f\u00f6rdert der Sport Comfort Leisten eine nat\u00fcrliche Zehenspreizung, verbesserte Ausrichtung und reduzierte Druckpunkte bei gleichzeitiger Beibehaltung der Pedaleffizienz.<\/p>\n<p><strong>Obermaterial:<\/strong> Das Obermaterial des CX178 besteht aus strapazierf\u00e4higer, dehnungsresistenter Mikrofaser mit pr\u00e4zisionsgeschnittenen Bel\u00fcftungs\u00f6ffnungen entlang des Vorfu\u00dfes und Mittelfu\u00dfes. Diese \u00d6ffnungen f\u00f6rdern die Luftzirkulation und das Feuchtigkeitsmanagement, ohne die strukturelle Integrit\u00e4t zu beeintr\u00e4chtigen. Die anatomische Formgebung des Obermaterials erg\u00e4nzt die neu entwickelte Zehenbox, reduziert die Kompression am medialen und lateralen Vorfu\u00df und erm\u00f6glicht den Zehen, sich unter Belastung nat\u00fcrlich auszudehnen. Dieses Design verbessert den Komfort bei gleichzeitig sicherem, leistungsorientiertem Sitz.   <\/p>\n<p><strong>Au\u00dfensohle:<\/strong> 60K Force Nylon-Verbundsohle. Eine steife, leichte Nylon-Verbundsohle bietet effiziente Kraft\u00fcbertragung mit kontrolliertem Flex f\u00fcr ganzt\u00e4gigen Komfort. Die Au\u00dfensohle verf\u00fcgt \u00fcber 9 mm Verstellbarkeit der Cleat-Schiene von Zehe zu Ferse und eine erweiterte Mittelfu\u00dfpositionierung, die es Fahrern erm\u00f6glicht, die Cleat-Platzierung f\u00fcr biomechanische Effizienz und reduzierte Belastung fein abzustimmen. Erweiterte Bel\u00fcftungskan\u00e4le in der Sohle verbessern die Luftzirkulation, w\u00e4hrend \u00fcbergro\u00dfe Fersen- und Zehen-Gehpolster die Traktion und Haltbarkeit abseits des Fahrrads erh\u00f6hen.   <\/p>\n<p><strong>Verschluss:<\/strong> BOA\u00ae Fit System L6 Drehverschluss. Der L6 Drehverschluss bietet eine schnelle, mikro-einstellbare Spannung \u00fcber den Mittelfu\u00df. Das System gew\u00e4hrleistet eine gleichm\u00e4\u00dfige Druckverteilung und schnelles An- und Ausziehen bei geringem Gewicht. In Kombination mit dem unterst\u00fctzenden Obermaterialmuster sorgt der Verschluss f\u00fcr einen handschuhartigen, sicheren Halt w\u00e4hrend des gesamten Pedaltritts.   <\/p>\n<p><strong>Gr\u00f6\u00dfen:<\/strong> Regul\u00e4r 36-50, Weit 39-50<\/p>\n<p>Um Ihnen bei der Suche nach der richtigen Gr\u00f6\u00dfe zu helfen, gehen Sie auf <a href=\"https:\/\/lakecycling.com\/pages\/sizing-charts\" target=\"_blank\" rel=\"noopener noreferrer\">diese Seite<\/a> oder kontaktieren Sie mich.<\/p>\n","protected":false},"excerpt":{"rendered":"<p>Der brandneue CX178 bietet moderne Leistung mit Schwerpunkt auf anatomischer Effizienz und Alltagskomfort. Er basiert auf einem neu gestalteten Leisten mit einer breiteren Zehenbox, der eine nat\u00fcrliche Zehenspreizung unterst\u00fctzt und Kompression reduziert, um Stabilit\u00e4t, Ausrichtung und Langstreckenkomfort zu verbessern. In Kombination mit Lakes bew\u00e4hrter Nylon-Verbundsohle und einem leichten Mikrofaser-Obermaterial bietet der CX178 ein ausgewogenes Verh\u00e4ltnis von Verstellbarkeit, Atmungsaktivit\u00e4t und Haltbarkeit \u2013 was ihn zu einer vielseitigen Option f\u00fcr Gelegenheits- und Wettkampffahrer macht.  <\/p>\n","protected":false},"featured_media":99389,"comment_status":"open","ping_status":"closed","template":"","meta":[],"product_brand":[],"product_cat":[5875,4909,4914],"product_tag":[4931,5876,5059,5125,5182,5179],"class_list":{"0":"post-99394","1":"product","2":"type-product","3":"status-publish","4":"has-post-thumbnail","6":"product_cat-cx178","7":"product_cat-lake-shoes-de","8":"product_cat-strasse","9":"product_tag-3-hole-de","10":"product_tag-cx178","11":"product_tag-lake-cycling-de","12":"product_tag-road-de","13":"product_tag-triathlon-de","14":"product_tag-ultra-cycling-de","15":"product_shipping_class-large-items-de","16":"pa_size-36-de","17":"pa_size-37-de-2","18":"pa_size-38-de","19":"pa_size-39-de-2","20":"pa_size-40-de-2","21":"pa_size-41-de","22":"pa_size-42-de","23":"pa_size-43-de-2","24":"pa_size-44-de","25":"pa_size-45-de","26":"pa_size-46-de","27":"pa_size-47-de","28":"pa_size-48-de","29":"pa_size-49-de","30":"pa_size-50-de","31":"pa_width-regular-de","32":"pa_width-wide-de-2","34":"first","35":"instock","36":"taxable","37":"shipping-taxable","38":"purchasable","39":"product-type-variable"},"yoast_head":"<!-- This site is optimized with the Yoast SEO Premium plugin v27.3 (Yoast SEO v27.3) - https:\/\/yoast.com\/product\/yoast-seo-premium-wordpress\/ -->\n<title>CX178 Wei\u00df\/Schwarz - bikefit.lu<\/title>\n<meta name=\"robots\" content=\"index, follow, max-snippet:-1, max-image-preview:large, max-video-preview:-1\" \/>\n<link rel=\"canonical\" href=\"https:\/\/bikefit.lu\/de\/product\/cx178-weiss-schwarz\/\" \/>\n<meta property=\"og:locale\" content=\"de_DE\" \/>\n<meta property=\"og:type\" content=\"article\" \/>\n<meta property=\"og:title\" content=\"CX178 Wei\u00df\/Schwarz\" \/>\n<meta property=\"og:description\" content=\"Der brandneue CX178 bietet moderne Leistung mit Schwerpunkt auf anatomischer Effizienz und Alltagskomfort. Er basiert auf einem neu gestalteten Leisten mit einer breiteren Zehenbox, der eine nat\u00fcrliche Zehenspreizung unterst\u00fctzt und Kompression reduziert, um Stabilit\u00e4t, Ausrichtung und Langstreckenkomfort zu verbessern. In Kombination mit Lakes bew\u00e4hrter Nylon-Verbundsohle und einem leichten Mikrofaser-Obermaterial bietet der CX178 ein ausgewogenes Verh\u00e4ltnis von Verstellbarkeit, Atmungsaktivit\u00e4t und Haltbarkeit \u2013 was ihn zu einer vielseitigen Option f\u00fcr Gelegenheits- und Wettkampffahrer macht.\" \/>\n<meta property=\"og:url\" content=\"https:\/\/bikefit.lu\/de\/product\/cx178-weiss-schwarz\/\" \/>\n<meta property=\"og:site_name\" content=\"bikefit.lu\" \/>\n<meta property=\"og:image\" content=\"https:\/\/bikefit.lu\/wp-content\/uploads\/2026\/03\/CX178-WHITE-BLACK-FRNT.webp\" \/>\n\t<meta property=\"og:image:width\" content=\"1000\" \/>\n\t<meta property=\"og:image:height\" content=\"742\" \/>\n\t<meta property=\"og:image:type\" content=\"image\/webp\" \/>\n<meta name=\"twitter:card\" content=\"summary_large_image\" \/>\n<meta name=\"twitter:label1\" content=\"Verf\u00fcgbarkeit\" \/>\n\t<meta name=\"twitter:data1\" content=\"Auf Lager\" \/>\n<script type=\"application\/ld+json\" class=\"yoast-schema-graph\">{\"@context\":\"https:\\\/\\\/schema.org\",\"@graph\":[{\"@type\":\"WebPage\",\"@id\":\"https:\\\/\\\/bikefit.lu\\\/de\\\/product\\\/cx178-weiss-schwarz\\\/\",\"url\":\"https:\\\/\\\/bikefit.lu\\\/de\\\/product\\\/cx178-weiss-schwarz\\\/\",\"name\":\"CX178 Wei\u00df\\\/Schwarz - bikefit.lu\",\"isPartOf\":{\"@id\":\"https:\\\/\\\/bikefit.lu\\\/de\\\/#website\"},\"primaryImageOfPage\":{\"@id\":\"https:\\\/\\\/bikefit.lu\\\/de\\\/product\\\/cx178-weiss-schwarz\\\/#primaryimage\"},\"image\":{\"@id\":\"https:\\\/\\\/bikefit.lu\\\/de\\\/product\\\/cx178-weiss-schwarz\\\/#primaryimage\"},\"thumbnailUrl\":\"https:\\\/\\\/bikefit.lu\\\/wp-content\\\/uploads\\\/2026\\\/03\\\/CX178-WHITE-BLACK-FRNT.webp\",\"datePublished\":\"2026-03-29T06:45:57+00:00\",\"breadcrumb\":{\"@id\":\"https:\\\/\\\/bikefit.lu\\\/de\\\/product\\\/cx178-weiss-schwarz\\\/#breadcrumb\"},\"inLanguage\":\"de\",\"potentialAction\":[{\"@type\":\"ReadAction\",\"target\":[\"https:\\\/\\\/bikefit.lu\\\/de\\\/product\\\/cx178-weiss-schwarz\\\/\"]}]},{\"@type\":\"ImageObject\",\"inLanguage\":\"de\",\"@id\":\"https:\\\/\\\/bikefit.lu\\\/de\\\/product\\\/cx178-weiss-schwarz\\\/#primaryimage\",\"url\":\"https:\\\/\\\/bikefit.lu\\\/wp-content\\\/uploads\\\/2026\\\/03\\\/CX178-WHITE-BLACK-FRNT.webp\",\"contentUrl\":\"https:\\\/\\\/bikefit.lu\\\/wp-content\\\/uploads\\\/2026\\\/03\\\/CX178-WHITE-BLACK-FRNT.webp\",\"width\":1000,\"height\":742},{\"@type\":\"BreadcrumbList\",\"@id\":\"https:\\\/\\\/bikefit.lu\\\/de\\\/product\\\/cx178-weiss-schwarz\\\/#breadcrumb\",\"itemListElement\":[{\"@type\":\"ListItem\",\"position\":1,\"name\":\"Home\",\"item\":\"https:\\\/\\\/bikefit.lu\\\/de\\\/\"},{\"@type\":\"ListItem\",\"position\":2,\"name\":\"Produkte\",\"item\":\"https:\\\/\\\/bikefit.lu\\\/de\\\/shop\\\/\"},{\"@type\":\"ListItem\",\"position\":3,\"name\":\"CX178 Wei\u00df\\\/Schwarz\"}]},{\"@type\":\"WebSite\",\"@id\":\"https:\\\/\\\/bikefit.lu\\\/de\\\/#website\",\"url\":\"https:\\\/\\\/bikefit.lu\\\/de\\\/\",\"name\":\"bikefit.lu\",\"description\":\"IMPROVING CYCLING\",\"publisher\":{\"@id\":\"https:\\\/\\\/bikefit.lu\\\/de\\\/#\\\/schema\\\/person\\\/379af1263474d2f8cd1f41c2bd90273d\"},\"potentialAction\":[{\"@type\":\"SearchAction\",\"target\":{\"@type\":\"EntryPoint\",\"urlTemplate\":\"https:\\\/\\\/bikefit.lu\\\/de\\\/?s={search_term_string}\"},\"query-input\":{\"@type\":\"PropertyValueSpecification\",\"valueRequired\":true,\"valueName\":\"search_term_string\"}}],\"inLanguage\":\"de\"},{\"@type\":[\"Person\",\"Organization\"],\"@id\":\"https:\\\/\\\/bikefit.lu\\\/de\\\/#\\\/schema\\\/person\\\/379af1263474d2f8cd1f41c2bd90273d\",\"name\":\"Patrick Guillaume\",\"image\":{\"@type\":\"ImageObject\",\"inLanguage\":\"de\",\"@id\":\"https:\\\/\\\/bikefit.lu\\\/wp-content\\\/uploads\\\/2024\\\/12\\\/cropped-bikefit-logoURL-RGB-jpg.jpg\",\"url\":\"https:\\\/\\\/bikefit.lu\\\/wp-content\\\/uploads\\\/2024\\\/12\\\/cropped-bikefit-logoURL-RGB-jpg.jpg\",\"contentUrl\":\"https:\\\/\\\/bikefit.lu\\\/wp-content\\\/uploads\\\/2024\\\/12\\\/cropped-bikefit-logoURL-RGB-jpg.jpg\",\"width\":512,\"height\":512,\"caption\":\"Patrick Guillaume\"},\"logo\":{\"@id\":\"https:\\\/\\\/bikefit.lu\\\/wp-content\\\/uploads\\\/2024\\\/12\\\/cropped-bikefit-logoURL-RGB-jpg.jpg\"},\"sameAs\":[\"https:\\\/\\\/bikefit.lu\"],\"honorificPrefix\":\"Mr\",\"birthDate\":\"1966-11-18\",\"gender\":\"male\",\"knowsAbout\":[\"Bike-fitting\"],\"knowsLanguage\":[\"English\",\"French\",\"German\",\"Luxembourgish\"]}]}<\/script>\n<meta property=\"og:availability\" content=\"instock\" \/>\n<meta property=\"product:availability\" content=\"instock\" \/>\n<meta property=\"product:condition\" content=\"new\" \/>\n<!-- \/ Yoast SEO Premium plugin. -->","yoast_head_json":{"title":"CX178 Wei\u00df\/Schwarz - bikefit.lu","robots":{"index":"index","follow":"follow","max-snippet":"max-snippet:-1","max-image-preview":"max-image-preview:large","max-video-preview":"max-video-preview:-1"},"canonical":"https:\/\/bikefit.lu\/de\/product\/cx178-weiss-schwarz\/","og_locale":"de_DE","og_type":"article","og_title":"CX178 Wei\u00df\/Schwarz","og_description":"Der brandneue CX178 bietet moderne Leistung mit Schwerpunkt auf anatomischer Effizienz und Alltagskomfort. Er basiert auf einem neu gestalteten Leisten mit einer breiteren Zehenbox, der eine nat\u00fcrliche Zehenspreizung unterst\u00fctzt und Kompression reduziert, um Stabilit\u00e4t, Ausrichtung und Langstreckenkomfort zu verbessern. In Kombination mit Lakes bew\u00e4hrter Nylon-Verbundsohle und einem leichten Mikrofaser-Obermaterial bietet der CX178 ein ausgewogenes Verh\u00e4ltnis von Verstellbarkeit, Atmungsaktivit\u00e4t und Haltbarkeit \u2013 was ihn zu einer vielseitigen Option f\u00fcr Gelegenheits- und Wettkampffahrer macht.","og_url":"https:\/\/bikefit.lu\/de\/product\/cx178-weiss-schwarz\/","og_site_name":"bikefit.lu","og_image":[{"width":1000,"height":742,"url":"https:\/\/bikefit.lu\/wp-content\/uploads\/2026\/03\/CX178-WHITE-BLACK-FRNT.webp","type":"image\/webp"}],"twitter_card":"summary_large_image","twitter_misc":{"Verf\u00fcgbarkeit":"Auf Lager"},"schema":{"@context":"https:\/\/schema.org","@graph":[{"@type":"WebPage","@id":"https:\/\/bikefit.lu\/de\/product\/cx178-weiss-schwarz\/","url":"https:\/\/bikefit.lu\/de\/product\/cx178-weiss-schwarz\/","name":"CX178 Wei\u00df\/Schwarz - bikefit.lu","isPartOf":{"@id":"https:\/\/bikefit.lu\/de\/#website"},"primaryImageOfPage":{"@id":"https:\/\/bikefit.lu\/de\/product\/cx178-weiss-schwarz\/#primaryimage"},"image":{"@id":"https:\/\/bikefit.lu\/de\/product\/cx178-weiss-schwarz\/#primaryimage"},"thumbnailUrl":"https:\/\/bikefit.lu\/wp-content\/uploads\/2026\/03\/CX178-WHITE-BLACK-FRNT.webp","datePublished":"2026-03-29T06:45:57+00:00","breadcrumb":{"@id":"https:\/\/bikefit.lu\/de\/product\/cx178-weiss-schwarz\/#breadcrumb"},"inLanguage":"de","potentialAction":[{"@type":"ReadAction","target":["https:\/\/bikefit.lu\/de\/product\/cx178-weiss-schwarz\/"]}]},{"@type":"ImageObject","inLanguage":"de","@id":"https:\/\/bikefit.lu\/de\/product\/cx178-weiss-schwarz\/#primaryimage","url":"https:\/\/bikefit.lu\/wp-content\/uploads\/2026\/03\/CX178-WHITE-BLACK-FRNT.webp","contentUrl":"https:\/\/bikefit.lu\/wp-content\/uploads\/2026\/03\/CX178-WHITE-BLACK-FRNT.webp","width":1000,"height":742},{"@type":"BreadcrumbList","@id":"https:\/\/bikefit.lu\/de\/product\/cx178-weiss-schwarz\/#breadcrumb","itemListElement":[{"@type":"ListItem","position":1,"name":"Home","item":"https:\/\/bikefit.lu\/de\/"},{"@type":"ListItem","position":2,"name":"Produkte","item":"https:\/\/bikefit.lu\/de\/shop\/"},{"@type":"ListItem","position":3,"name":"CX178 Wei\u00df\/Schwarz"}]},{"@type":"WebSite","@id":"https:\/\/bikefit.lu\/de\/#website","url":"https:\/\/bikefit.lu\/de\/","name":"bikefit.lu","description":"IMPROVING CYCLING","publisher":{"@id":"https:\/\/bikefit.lu\/de\/#\/schema\/person\/379af1263474d2f8cd1f41c2bd90273d"},"potentialAction":[{"@type":"SearchAction","target":{"@type":"EntryPoint","urlTemplate":"https:\/\/bikefit.lu\/de\/?s={search_term_string}"},"query-input":{"@type":"PropertyValueSpecification","valueRequired":true,"valueName":"search_term_string"}}],"inLanguage":"de"},{"@type":["Person","Organization"],"@id":"https:\/\/bikefit.lu\/de\/#\/schema\/person\/379af1263474d2f8cd1f41c2bd90273d","name":"Patrick Guillaume","image":{"@type":"ImageObject","inLanguage":"de","@id":"https:\/\/bikefit.lu\/wp-content\/uploads\/2024\/12\/cropped-bikefit-logoURL-RGB-jpg.jpg","url":"https:\/\/bikefit.lu\/wp-content\/uploads\/2024\/12\/cropped-bikefit-logoURL-RGB-jpg.jpg","contentUrl":"https:\/\/bikefit.lu\/wp-content\/uploads\/2024\/12\/cropped-bikefit-logoURL-RGB-jpg.jpg","width":512,"height":512,"caption":"Patrick Guillaume"},"logo":{"@id":"https:\/\/bikefit.lu\/wp-content\/uploads\/2024\/12\/cropped-bikefit-logoURL-RGB-jpg.jpg"},"sameAs":["https:\/\/bikefit.lu"],"honorificPrefix":"Mr","birthDate":"1966-11-18","gender":"male","knowsAbout":["Bike-fitting"],"knowsLanguage":["English","French","German","Luxembourgish"]}]},"og_availability":"instock","product_availability":"instock","product_condition":"new"},"_links":{"self":[{"href":"https:\/\/bikefit.lu\/de\/wp-json\/wp\/v2\/product\/99394","targetHints":{"allow":["GET"]}}],"collection":[{"href":"https:\/\/bikefit.lu\/de\/wp-json\/wp\/v2\/product"}],"about":[{"href":"https:\/\/bikefit.lu\/de\/wp-json\/wp\/v2\/types\/product"}],"replies":[{"embeddable":true,"href":"https:\/\/bikefit.lu\/de\/wp-json\/wp\/v2\/comments?post=99394"}],"version-history":[{"count":0,"href":"https:\/\/bikefit.lu\/de\/wp-json\/wp\/v2\/product\/99394\/revisions"}],"wp:featuredmedia":[{"embeddable":true,"href":"https:\/\/bikefit.lu\/de\/wp-json\/wp\/v2\/media\/99389"}],"wp:attachment":[{"href":"https:\/\/bikefit.lu\/de\/wp-json\/wp\/v2\/media?parent=99394"}],"wp:term":[{"taxonomy":"product_brand","embeddable":true,"href":"https:\/\/bikefit.lu\/de\/wp-json\/wp\/v2\/product_brand?post=99394"},{"taxonomy":"product_cat","embeddable":true,"href":"https:\/\/bikefit.lu\/de\/wp-json\/wp\/v2\/product_cat?post=99394"},{"taxonomy":"product_tag","embeddable":true,"href":"https:\/\/bikefit.lu\/de\/wp-json\/wp\/v2\/product_tag?post=99394"}],"curies":[{"name":"wp","href":"https:\/\/api.w.org\/{rel}","templated":true}]}}