{"id":77774,"date":"2024-02-05T17:13:28","date_gmt":"2024-02-05T17:13:28","guid":{"rendered":"https:\/\/staging.bikefit.lu\/conditions-generales-de-reservation\/"},"modified":"2024-02-22T09:57:09","modified_gmt":"2024-02-22T09:57:09","slug":"conditions-generales-de-reservation","status":"publish","type":"page","link":"https:\/\/bikefit.lu\/fr\/conditions-generales-de-reservation\/","title":{"rendered":"Conditions g\u00e9n\u00e9rales de r\u00e9servation"},"content":{"rendered":"\t\t<div data-elementor-type=\"wp-page\" data-elementor-id=\"77774\" class=\"elementor elementor-77774 elementor-75244\" data-elementor-post-type=\"page\">\n\t\t\t\t<div class=\"elementor-element elementor-element-4bdfadd e-flex e-con-boxed e-con e-parent\" data-id=\"4bdfadd\" data-element_type=\"container\" data-e-type=\"container\">\n\t\t\t\t\t<div class=\"e-con-inner\">\n\t\t\t\t<div class=\"elementor-element elementor-element-143c76d elementor-widget elementor-widget-heading\" data-id=\"143c76d\" data-element_type=\"widget\" data-e-type=\"widget\" data-widget_type=\"heading.default\">\n\t\t\t\t<div class=\"elementor-widget-container\">\n\t\t\t\t\t<h2 class=\"elementor-heading-title elementor-size-default\">Conditions g\u00e9n\u00e9rales de r\u00e9servation<\/h2>\t\t\t\t<\/div>\n\t\t\t\t<\/div>\n\t\t\t\t<div class=\"elementor-element elementor-element-84f21bf elementor-widget__width-initial elementor-widget elementor-widget-text-editor\" data-id=\"84f21bf\" data-element_type=\"widget\" data-e-type=\"widget\" data-widget_type=\"text-editor.default\">\n\t\t\t\t<div class=\"elementor-widget-container\">\n\t\t\t\t\t\t\t\t\t<p>Veuillez lire attentivement ces termes et conditions avant de r\u00e9server des services aupr\u00e8s de moi.<\/p>\n<p><strong>1. Processus de r\u00e9servation :<\/strong><\/p>\n<ul>\n<li>Toutes les r\u00e9servations doivent \u00eatre effectu\u00e9es par le biais de mon calendrier de r\u00e9servation en ligne ou en me contactant directement.<\/li>\n<li>Des s\u00e9ances multiples pour diff\u00e9rents services peuvent \u00eatre r\u00e9serv\u00e9es si n\u00e9cessaire.<\/li>\n<li>Aucun acompte n&#8217;est requis pour garantir votre r\u00e9servation.<\/li>\n<\/ul>\n<p><strong>2. Annulation et reprogrammation :<\/strong><\/p>\n<ul>\n<li>Les demandes d&#8217;annulation ou de report doivent \u00eatre faites au moins deux jours <strong>ouvrables<\/strong> avant la session pr\u00e9vue.<\/li>\n<li>Contactez-moi d\u00e8s que possible si vous devez annuler ou reporter votre rendez-vous.<\/li>\n<li>Des frais peuvent \u00eatre appliqu\u00e9s en cas d&#8217;annulation ou de reprogrammation dans les d\u00e9lais impartis.<\/li>\n<\/ul>\n<p><strong>3. Paiement et tarification :<\/strong><\/p>\n<ul>\n<li>Les tarifs de mes services varient en fonction du type de service et des \u00e9ventuels composants suppl\u00e9mentaires.<\/li>\n<li>J&#8217;accepte diff\u00e9rents modes de paiement, y compris les esp\u00e8ces, toutes les principales cartes de cr\u00e9dit et de d\u00e9bit, y compris PostFinance Card ainsi que TWINT, Apple Pay et autres solutions de paiement mobile, Payconiq<\/li>\n<\/ul>\n<p><strong>4. R\u00e9sultats et suivi :<\/strong><\/p>\n<ul>\n<li>Apr\u00e8s la s\u00e9ance, vous pouvez vous attendre \u00e0 recevoir un rapport ou une documentation sur les r\u00e9sultats de la s\u00e9ance.<\/li>\n<li>Un soutien de suivi ou des r\u00e9glage peuvent \u00eatre inclus en fonction du service r\u00e9serv\u00e9.<\/li>\n<\/ul>\n<p><strong>5. Services compl\u00e9mentaires :<\/strong><\/p>\n<ul>\n<li>Je propose des services suppl\u00e9mentaires tels que des semelles sur mesure, des composantes, chaussures Lake, diff\u00e9rents r\u00e9glages et tests.<\/li>\n<li>Des r\u00e9ductions ou des promotions peuvent \u00eatre accord\u00e9es pour des services suppl\u00e9mentaires.<\/li>\n<\/ul>\n<p><strong>6. S\u00e9curit\u00e9 et sant\u00e9 :<\/strong><\/p>\n<ul>\n<li>Les services de fitting et sizing conviennent aux cyclistes de tous \u00e2ges et de toutes conditions physiques.<\/li>\n<li>Veuillez m&#8217;informer de toute condition de sant\u00e9 ou m\u00e9dicale pouvant affecter la s\u00e9ance.<\/li>\n<li>Je donne la priorit\u00e9 \u00e0 la s\u00e9curit\u00e9 pendant le processus de fitting\/sizing afin de garantir une exp\u00e9rience confortable et s\u00e9curis\u00e9e \u00e0 mes clients.<\/li>\n<\/ul>\n<p>En r\u00e9servant une s\u00e9ance avec moi, vous reconnaissez avoir lu, compris et accept\u00e9 de respecter ces termes et conditions.<\/p>\n<p>Si vous avez des questions ou des pr\u00e9occupations concernant ces conditions, veuillez me contacter pour obtenir des \u00e9claircissements.<\/p>\n\t\t\t\t\t\t\t\t<\/div>\n\t\t\t\t<\/div>\n\t\t\t\t\t<\/div>\n\t\t\t\t<\/div>\n\t\t<div class=\"elementor-element elementor-element-15f26f3 e-flex e-con-boxed e-con e-parent\" data-id=\"15f26f3\" data-element_type=\"container\" data-e-type=\"container\">\n\t\t\t\t\t<div class=\"e-con-inner\">\n\t\t\t\t<div class=\"elementor-element elementor-element-2b9cde9 elementor-widget__width-initial elementor-fixed elementor-hidden-mobile elementor-view-default elementor-widget elementor-widget-icon\" data-id=\"2b9cde9\" data-element_type=\"widget\" data-e-type=\"widget\" data-settings=\"{&quot;_position&quot;:&quot;fixed&quot;}\" data-widget_type=\"icon.default\">\n\t\t\t\t<div class=\"elementor-widget-container\">\n\t\t\t\t\t\t\t<div class=\"elementor-icon-wrapper\">\n\t\t\t<a class=\"elementor-icon\" href=\"#Go2Top\">\n\t\t\t<i aria-hidden=\"true\" class=\"fas fa-chevron-up\"><\/i>\t\t\t<\/a>\n\t\t<\/div>\n\t\t\t\t\t\t<\/div>\n\t\t\t\t<\/div>\n\t\t\t\t\t<\/div>\n\t\t\t\t<\/div>\n\t\t\t\t<\/div>\n\t\t","protected":false},"excerpt":{"rendered":"<p>Conditions g\u00e9n\u00e9rales de r\u00e9servation Veuillez lire attentivement ces termes et conditions avant de r\u00e9server des services aupr\u00e8s de moi. 1. Processus de r\u00e9servation : Toutes les r\u00e9servations doivent \u00eatre effectu\u00e9es par le biais de mon calendrier de r\u00e9servation en ligne ou en me contactant directement. Des s\u00e9ances multiples pour diff\u00e9rents services peuvent \u00eatre r\u00e9serv\u00e9es si [&hellip;]<\/p>\n","protected":false},"author":1,"featured_media":0,"parent":0,"menu_order":37,"comment_status":"closed","ping_status":"closed","template":"","meta":{"footnotes":""},"class_list":["post-77774","page","type-page","status-publish","hentry"],"yoast_head":"<!-- This site is optimized with the Yoast SEO Premium plugin v27.3 (Yoast SEO v27.3) - https:\/\/yoast.com\/product\/yoast-seo-premium-wordpress\/ -->\n<title>Conditions g\u00e9n\u00e9rales de r\u00e9servation - bikefit.lu<\/title>\n<meta name=\"robots\" content=\"index, follow, max-snippet:-1, max-image-preview:large, max-video-preview:-1\" \/>\n<link rel=\"canonical\" href=\"https:\/\/bikefit.lu\/fr\/conditions-generales-de-reservation\/\" \/>\n<meta property=\"og:locale\" content=\"fr_FR\" \/>\n<meta property=\"og:type\" content=\"article\" \/>\n<meta property=\"og:title\" content=\"Conditions g\u00e9n\u00e9rales de r\u00e9servation\" \/>\n<meta property=\"og:description\" content=\"Conditions g\u00e9n\u00e9rales de r\u00e9servation Veuillez lire attentivement ces termes et conditions avant de r\u00e9server des services aupr\u00e8s de moi. 1. Processus de r\u00e9servation : Toutes les r\u00e9servations doivent \u00eatre effectu\u00e9es par le biais de mon calendrier de r\u00e9servation en ligne ou en me contactant directement. Des s\u00e9ances multiples pour diff\u00e9rents services peuvent \u00eatre r\u00e9serv\u00e9es si [&hellip;]\" \/>\n<meta property=\"og:url\" content=\"https:\/\/bikefit.lu\/fr\/conditions-generales-de-reservation\/\" \/>\n<meta property=\"og:site_name\" content=\"bikefit.lu\" \/>\n<meta property=\"article:modified_time\" content=\"2024-02-22T09:57:09+00:00\" \/>\n<meta property=\"og:image\" content=\"https:\/\/bikefit.lu\/wp-content\/uploads\/2023\/12\/bikefit-logoURL-RGBtransp.jpg\" \/>\n\t<meta property=\"og:image:width\" content=\"1181\" \/>\n\t<meta property=\"og:image:height\" content=\"1181\" \/>\n\t<meta property=\"og:image:type\" content=\"image\/jpeg\" \/>\n<meta name=\"twitter:card\" content=\"summary_large_image\" \/>\n<meta name=\"twitter:label1\" content=\"Dur\u00e9e de lecture estim\u00e9e\" \/>\n\t<meta name=\"twitter:data1\" content=\"2 minutes\" \/>\n<script type=\"application\/ld+json\" class=\"yoast-schema-graph\">{\"@context\":\"https:\\\/\\\/schema.org\",\"@graph\":[{\"@type\":\"WebPage\",\"@id\":\"https:\\\/\\\/bikefit.lu\\\/fr\\\/conditions-generales-de-reservation\\\/\",\"url\":\"https:\\\/\\\/bikefit.lu\\\/fr\\\/conditions-generales-de-reservation\\\/\",\"name\":\"Conditions g\u00e9n\u00e9rales de r\u00e9servation - bikefit.lu\",\"isPartOf\":{\"@id\":\"https:\\\/\\\/bikefit.lu\\\/fr\\\/#website\"},\"datePublished\":\"2024-02-05T17:13:28+00:00\",\"dateModified\":\"2024-02-22T09:57:09+00:00\",\"breadcrumb\":{\"@id\":\"https:\\\/\\\/bikefit.lu\\\/fr\\\/conditions-generales-de-reservation\\\/#breadcrumb\"},\"inLanguage\":\"fr-FR\",\"potentialAction\":[{\"@type\":\"ReadAction\",\"target\":[\"https:\\\/\\\/bikefit.lu\\\/fr\\\/conditions-generales-de-reservation\\\/\"]}]},{\"@type\":\"BreadcrumbList\",\"@id\":\"https:\\\/\\\/bikefit.lu\\\/fr\\\/conditions-generales-de-reservation\\\/#breadcrumb\",\"itemListElement\":[{\"@type\":\"ListItem\",\"position\":1,\"name\":\"Home\",\"item\":\"https:\\\/\\\/bikefit.lu\\\/fr\\\/\"},{\"@type\":\"ListItem\",\"position\":2,\"name\":\"Conditions g\u00e9n\u00e9rales de r\u00e9servation\"}]},{\"@type\":\"WebSite\",\"@id\":\"https:\\\/\\\/bikefit.lu\\\/fr\\\/#website\",\"url\":\"https:\\\/\\\/bikefit.lu\\\/fr\\\/\",\"name\":\"bikefit.lu\",\"description\":\"IMPROVING CYCLING\",\"publisher\":{\"@id\":\"https:\\\/\\\/bikefit.lu\\\/fr\\\/#\\\/schema\\\/person\\\/379af1263474d2f8cd1f41c2bd90273d\"},\"potentialAction\":[{\"@type\":\"SearchAction\",\"target\":{\"@type\":\"EntryPoint\",\"urlTemplate\":\"https:\\\/\\\/bikefit.lu\\\/fr\\\/?s={search_term_string}\"},\"query-input\":{\"@type\":\"PropertyValueSpecification\",\"valueRequired\":true,\"valueName\":\"search_term_string\"}}],\"inLanguage\":\"fr-FR\"},{\"@type\":[\"Person\",\"Organization\"],\"@id\":\"https:\\\/\\\/bikefit.lu\\\/fr\\\/#\\\/schema\\\/person\\\/379af1263474d2f8cd1f41c2bd90273d\",\"name\":\"Patrick Guillaume\",\"image\":{\"@type\":\"ImageObject\",\"inLanguage\":\"fr-FR\",\"@id\":\"https:\\\/\\\/bikefit.lu\\\/wp-content\\\/uploads\\\/2024\\\/12\\\/cropped-bikefit-logoURL-RGB-jpg.jpg\",\"url\":\"https:\\\/\\\/bikefit.lu\\\/wp-content\\\/uploads\\\/2024\\\/12\\\/cropped-bikefit-logoURL-RGB-jpg.jpg\",\"contentUrl\":\"https:\\\/\\\/bikefit.lu\\\/wp-content\\\/uploads\\\/2024\\\/12\\\/cropped-bikefit-logoURL-RGB-jpg.jpg\",\"width\":512,\"height\":512,\"caption\":\"Patrick Guillaume\"},\"logo\":{\"@id\":\"https:\\\/\\\/bikefit.lu\\\/wp-content\\\/uploads\\\/2024\\\/12\\\/cropped-bikefit-logoURL-RGB-jpg.jpg\"},\"sameAs\":[\"https:\\\/\\\/bikefit.lu\"],\"honorificPrefix\":\"Mr\",\"birthDate\":\"1966-11-18\",\"gender\":\"male\",\"knowsAbout\":[\"Bike-fitting\"],\"knowsLanguage\":[\"English\",\"French\",\"German\",\"Luxembourgish\"]}]}<\/script>\n<!-- \/ Yoast SEO Premium plugin. -->","yoast_head_json":{"title":"Conditions g\u00e9n\u00e9rales de r\u00e9servation - bikefit.lu","robots":{"index":"index","follow":"follow","max-snippet":"max-snippet:-1","max-image-preview":"max-image-preview:large","max-video-preview":"max-video-preview:-1"},"canonical":"https:\/\/bikefit.lu\/fr\/conditions-generales-de-reservation\/","og_locale":"fr_FR","og_type":"article","og_title":"Conditions g\u00e9n\u00e9rales de r\u00e9servation","og_description":"Conditions g\u00e9n\u00e9rales de r\u00e9servation Veuillez lire attentivement ces termes et conditions avant de r\u00e9server des services aupr\u00e8s de moi. 1. Processus de r\u00e9servation : Toutes les r\u00e9servations doivent \u00eatre effectu\u00e9es par le biais de mon calendrier de r\u00e9servation en ligne ou en me contactant directement. Des s\u00e9ances multiples pour diff\u00e9rents services peuvent \u00eatre r\u00e9serv\u00e9es si [&hellip;]","og_url":"https:\/\/bikefit.lu\/fr\/conditions-generales-de-reservation\/","og_site_name":"bikefit.lu","article_modified_time":"2024-02-22T09:57:09+00:00","og_image":[{"width":1181,"height":1181,"url":"https:\/\/bikefit.lu\/wp-content\/uploads\/2023\/12\/bikefit-logoURL-RGBtransp.jpg","type":"image\/jpeg"}],"twitter_card":"summary_large_image","twitter_misc":{"Dur\u00e9e de lecture estim\u00e9e":"2 minutes"},"schema":{"@context":"https:\/\/schema.org","@graph":[{"@type":"WebPage","@id":"https:\/\/bikefit.lu\/fr\/conditions-generales-de-reservation\/","url":"https:\/\/bikefit.lu\/fr\/conditions-generales-de-reservation\/","name":"Conditions g\u00e9n\u00e9rales de r\u00e9servation - bikefit.lu","isPartOf":{"@id":"https:\/\/bikefit.lu\/fr\/#website"},"datePublished":"2024-02-05T17:13:28+00:00","dateModified":"2024-02-22T09:57:09+00:00","breadcrumb":{"@id":"https:\/\/bikefit.lu\/fr\/conditions-generales-de-reservation\/#breadcrumb"},"inLanguage":"fr-FR","potentialAction":[{"@type":"ReadAction","target":["https:\/\/bikefit.lu\/fr\/conditions-generales-de-reservation\/"]}]},{"@type":"BreadcrumbList","@id":"https:\/\/bikefit.lu\/fr\/conditions-generales-de-reservation\/#breadcrumb","itemListElement":[{"@type":"ListItem","position":1,"name":"Home","item":"https:\/\/bikefit.lu\/fr\/"},{"@type":"ListItem","position":2,"name":"Conditions g\u00e9n\u00e9rales de r\u00e9servation"}]},{"@type":"WebSite","@id":"https:\/\/bikefit.lu\/fr\/#website","url":"https:\/\/bikefit.lu\/fr\/","name":"bikefit.lu","description":"IMPROVING CYCLING","publisher":{"@id":"https:\/\/bikefit.lu\/fr\/#\/schema\/person\/379af1263474d2f8cd1f41c2bd90273d"},"potentialAction":[{"@type":"SearchAction","target":{"@type":"EntryPoint","urlTemplate":"https:\/\/bikefit.lu\/fr\/?s={search_term_string}"},"query-input":{"@type":"PropertyValueSpecification","valueRequired":true,"valueName":"search_term_string"}}],"inLanguage":"fr-FR"},{"@type":["Person","Organization"],"@id":"https:\/\/bikefit.lu\/fr\/#\/schema\/person\/379af1263474d2f8cd1f41c2bd90273d","name":"Patrick Guillaume","image":{"@type":"ImageObject","inLanguage":"fr-FR","@id":"https:\/\/bikefit.lu\/wp-content\/uploads\/2024\/12\/cropped-bikefit-logoURL-RGB-jpg.jpg","url":"https:\/\/bikefit.lu\/wp-content\/uploads\/2024\/12\/cropped-bikefit-logoURL-RGB-jpg.jpg","contentUrl":"https:\/\/bikefit.lu\/wp-content\/uploads\/2024\/12\/cropped-bikefit-logoURL-RGB-jpg.jpg","width":512,"height":512,"caption":"Patrick Guillaume"},"logo":{"@id":"https:\/\/bikefit.lu\/wp-content\/uploads\/2024\/12\/cropped-bikefit-logoURL-RGB-jpg.jpg"},"sameAs":["https:\/\/bikefit.lu"],"honorificPrefix":"Mr","birthDate":"1966-11-18","gender":"male","knowsAbout":["Bike-fitting"],"knowsLanguage":["English","French","German","Luxembourgish"]}]}},"jetpack_shortlink":"https:\/\/wp.me\/PeuPYZ-keq","_links":{"self":[{"href":"https:\/\/bikefit.lu\/fr\/wp-json\/wp\/v2\/pages\/77774","targetHints":{"allow":["GET"]}}],"collection":[{"href":"https:\/\/bikefit.lu\/fr\/wp-json\/wp\/v2\/pages"}],"about":[{"href":"https:\/\/bikefit.lu\/fr\/wp-json\/wp\/v2\/types\/page"}],"author":[{"embeddable":true,"href":"https:\/\/bikefit.lu\/fr\/wp-json\/wp\/v2\/users\/1"}],"replies":[{"embeddable":true,"href":"https:\/\/bikefit.lu\/fr\/wp-json\/wp\/v2\/comments?post=77774"}],"version-history":[{"count":0,"href":"https:\/\/bikefit.lu\/fr\/wp-json\/wp\/v2\/pages\/77774\/revisions"}],"wp:attachment":[{"href":"https:\/\/bikefit.lu\/fr\/wp-json\/wp\/v2\/media?parent=77774"}],"curies":[{"name":"wp","href":"https:\/\/api.w.org\/{rel}","templated":true}]}}