{"id":77864,"date":"2024-01-09T18:51:48","date_gmt":"2024-01-09T18:51:48","guid":{"rendered":"https:\/\/staging.bikefit.lu\/semelles-sur-mesure\/"},"modified":"2024-11-09T08:29:53","modified_gmt":"2024-11-09T08:29:53","slug":"semelles-sur-mesure","status":"publish","type":"page","link":"https:\/\/bikefit.lu\/fr\/semelles-sur-mesure\/","title":{"rendered":"Semelles sur mesure"},"content":{"rendered":"\t\t<div data-elementor-type=\"wp-page\" data-elementor-id=\"77864\" class=\"elementor elementor-77864 elementor-72540\" data-elementor-post-type=\"page\">\n\t\t\t\t<div class=\"elementor-element elementor-element-2b62b49 e-flex e-con-boxed e-con e-parent\" data-id=\"2b62b49\" data-element_type=\"container\" data-e-type=\"container\">\n\t\t\t\t\t<div class=\"e-con-inner\">\n\t\t\t\t<div class=\"elementor-element elementor-element-7c34045 elementor-widget elementor-widget-text-editor\" data-id=\"7c34045\" data-element_type=\"widget\" data-e-type=\"widget\" data-widget_type=\"text-editor.default\">\n\t\t\t\t<div class=\"elementor-widget-container\">\n\t\t\t\t\t\t\t\t\t<p>Tout est en ordre : vous avez atteint la position optimale sur le v\u00e9lo qui vous convient le mieux. Cependant, l&#8217;\u00e9tape critique consiste maintenant \u00e0 s&#8217;assurer que vous maximisez le transfert de puissance vers les p\u00e9dales, un facteur qui peut \u00eatre compromis si vous n\u00e9gligez l&#8217;interface pied-p\u00e9dale. <\/p>\n\t\t\t\t\t\t\t\t<\/div>\n\t\t\t\t<\/div>\n\t\t<div class=\"elementor-element elementor-element-c2c61a6 e-flex e-con-boxed e-con e-child\" data-id=\"c2c61a6\" data-element_type=\"container\" data-e-type=\"container\">\n\t\t\t\t\t<div class=\"e-con-inner\">\n\t\t\t\t<div class=\"elementor-element elementor-element-88bd67f elementor-widget__width-initial elementor-widget elementor-widget-image\" data-id=\"88bd67f\" data-element_type=\"widget\" data-e-type=\"widget\" data-widget_type=\"image.default\">\n\t\t\t\t<div class=\"elementor-widget-container\">\n\t\t\t\t\t\t\t\t\t\t\t\t\t\t\t<img fetchpriority=\"high\" decoding=\"async\" width=\"275\" height=\"183\" src=\"https:\/\/bikefit.lu\/wp-content\/uploads\/2024\/01\/Burning-feet.jpeg\" class=\"attachment-large size-large wp-image-77068\" alt=\"\" srcset=\"https:\/\/bikefit.lu\/wp-content\/uploads\/2024\/01\/Burning-feet.jpeg 275w, https:\/\/bikefit.lu\/wp-content\/uploads\/2024\/01\/Burning-feet-150x100.jpeg 150w, https:\/\/bikefit.lu\/wp-content\/uploads\/2024\/01\/Burning-feet-200x133.jpeg 200w\" sizes=\"(max-width: 275px) 100vw, 275px\" \/>\t\t\t\t\t\t\t\t\t\t\t\t\t\t\t<\/div>\n\t\t\t\t<\/div>\n\t\t\t\t<div class=\"elementor-element elementor-element-8f5f341 elementor-widget elementor-widget-text-editor\" data-id=\"8f5f341\" data-element_type=\"widget\" data-e-type=\"widget\" data-widget_type=\"text-editor.default\">\n\t\t\t\t<div class=\"elementor-widget-container\">\n\t\t\t\t\t\t\t\t\t<p>Beaucoup semblent les oublier et les n\u00e9gliger, pourtant c&#8217;est par nos pieds que nous transmettons nos efforts aux p\u00e9dales. Une bonne semelle contribue de mani\u00e8re significative au confort, en particulier sur les longues distances, en assurant un soutien suffisant de la vo\u00fbte plantaire. L&#8217;absence de ce soutien peut entra\u00eener une fatigue rapide de la musculature de soutien du pied, avec pour cons\u00e9quence des pieds br\u00fblants.   <\/p>\n\t\t\t\t\t\t\t\t<\/div>\n\t\t\t\t<\/div>\n\t\t\t\t\t<\/div>\n\t\t\t\t<\/div>\n\t\t<div class=\"elementor-element elementor-element-614fda6 e-flex e-con-boxed e-con e-child\" data-id=\"614fda6\" data-element_type=\"container\" data-e-type=\"container\">\n\t\t\t\t\t<div class=\"e-con-inner\">\n\t\t\t\t<div class=\"elementor-element elementor-element-3087561 elementor-widget__width-initial elementor-widget elementor-widget-image\" data-id=\"3087561\" data-element_type=\"widget\" data-e-type=\"widget\" data-widget_type=\"image.default\">\n\t\t\t\t<div class=\"elementor-widget-container\">\n\t\t\t\t\t\t\t\t\t\t\t\t\t\t\t<img decoding=\"async\" width=\"360\" height=\"381\" src=\"https:\/\/bikefit.lu\/wp-content\/uploads\/2024\/01\/95fabf_3fdefc22f1ca4181b2e64e6d6647c188mv2.jpg\" class=\"attachment-large size-large wp-image-77071\" alt=\"\" srcset=\"https:\/\/bikefit.lu\/wp-content\/uploads\/2024\/01\/95fabf_3fdefc22f1ca4181b2e64e6d6647c188mv2.jpg 360w, https:\/\/bikefit.lu\/wp-content\/uploads\/2024\/01\/95fabf_3fdefc22f1ca4181b2e64e6d6647c188mv2-283x300.jpg 283w, https:\/\/bikefit.lu\/wp-content\/uploads\/2024\/01\/95fabf_3fdefc22f1ca4181b2e64e6d6647c188mv2-142x150.jpg 142w, https:\/\/bikefit.lu\/wp-content\/uploads\/2024\/01\/95fabf_3fdefc22f1ca4181b2e64e6d6647c188mv2-200x212.jpg 200w, https:\/\/bikefit.lu\/wp-content\/uploads\/2024\/01\/95fabf_3fdefc22f1ca4181b2e64e6d6647c188mv2-300x318.jpg 300w\" sizes=\"(max-width: 360px) 100vw, 360px\" \/>\t\t\t\t\t\t\t\t\t\t\t\t\t\t\t<\/div>\n\t\t\t\t<\/div>\n\t\t\t\t<div class=\"elementor-element elementor-element-94442e7 elementor-widget elementor-widget-text-editor\" data-id=\"94442e7\" data-element_type=\"widget\" data-e-type=\"widget\" data-widget_type=\"text-editor.default\">\n\t\t\t\t<div class=\"elementor-widget-container\">\n\t\t\t\t\t\t\t\t\t<p>En outre, l&#8217;affaissement de la vo\u00fbte plantaire peut avoir un impact sur la stabilit\u00e9 et les performances du genou, entra\u00eenant une augmentation de la tension sur le genou pendant la fatigue musculaire. Il est essentiel de traiter ces probl\u00e8mes biom\u00e9caniques par un soutien ad\u00e9quat de la vo\u00fbte plantaire afin de maintenir des performances cyclistes optimales et de pr\u00e9venir l&#8217;inconfort. <\/p>\n\t\t\t\t\t\t\t\t<\/div>\n\t\t\t\t<\/div>\n\t\t\t\t\t<\/div>\n\t\t\t\t<\/div>\n\t\t<div class=\"elementor-element elementor-element-eb07d3a e-flex e-con-boxed e-con e-child\" data-id=\"eb07d3a\" data-element_type=\"container\" data-e-type=\"container\">\n\t\t\t\t\t<div class=\"e-con-inner\">\n\t\t\t\t<div class=\"elementor-element elementor-element-9e0c836 elementor-widget elementor-widget-text-editor\" data-id=\"9e0c836\" data-element_type=\"widget\" data-e-type=\"widget\" data-widget_type=\"text-editor.default\">\n\t\t\t\t<div class=\"elementor-widget-container\">\n\t\t\t\t\t\t\t\t\t<p>La plupart des chaussures de v\u00e9lo, m\u00eame on\u00e9reuses, sont \u00e9quip\u00e9es de semelles plates, offrant un soutien minimal de la vo\u00fbte plantaire et n\u00e9cessitant souvent un remplacement rapide. Pourquoi ? Parce que chaque personne est diff\u00e9rente et que personne n&#8217;est sym\u00e9trique. Les cyclistes ont des pieds diff\u00e9rents, et chaque cycliste a besoin de semelles adapt\u00e9es \u00e0 ses pieds. Compte tenu de la fr\u00e9quence des coups de p\u00e9dale et de la surface de contact relativement r\u00e9duite, il est crucial d&#8217;assurer \u00e0 vos pieds une stabilit\u00e9 et une meilleure r\u00e9partition de la surface d&#8217;appui. C&#8217;est pourquoi, \u00e0 mon avis, tout autant qu&#8217;une position personnalis\u00e9e, <strong>chaque cycliste devrait avoir des semelles personnalis\u00e9es<\/strong>.     <\/p>\n<p>Si vous comprenez l&#8217;importance de ce que vous avez lu ci-dessus et que vous voulez &#8220;am\u00e9liorer votre cyclisme&#8221;, je vous demanderais d&#8217;apporter votre v\u00e9lo afin que vous puissiez sentir les ajustements n\u00e9cessaires en p\u00e9dalant. Ce n&#8217;est qu&#8217;en vous observant p\u00e9daler que je pourrai \u00e9valuer le besoin d&#8217;adaptations suppl\u00e9mentaires. <\/p>\n<p>Ces semelles pr\u00e9sentent un inconv\u00e9nient majeur: une fois que vous les aurez essay\u00e9es, vous ne pourrez plus vous en passer.<\/p>\n<p>Les semelles Custom Pro co\u00fbtent 159 \u20ac, et les Custom Pro Ultra, plus rigides, 209 \u20ac pour les rendez-vous ind\u00e9pendants. S&#8217;ils sont effectu\u00e9s au cours de la m\u00eame s\u00e9ance d&#8217;essayage ou lors de l&#8217;achat des chaussures Lake sur place, ils co\u00fbtent respectivement 106 \u20ac et 159 \u20ac. <\/p>\n\t\t\t\t\t\t\t\t<\/div>\n\t\t\t\t<\/div>\n\t\t<div class=\"elementor-element elementor-element-c8834f3 e-con-full e-flex e-con e-child\" data-id=\"c8834f3\" data-element_type=\"container\" data-e-type=\"container\">\n\t\t\t\t<div class=\"elementor-element elementor-element-6a9b522 elementor-widget elementor-widget-image\" data-id=\"6a9b522\" data-element_type=\"widget\" data-e-type=\"widget\" data-widget_type=\"image.default\">\n\t\t\t\t<div class=\"elementor-widget-container\">\n\t\t\t\t\t\t\t\t\t\t\t\t\t\t\t<img decoding=\"async\" width=\"450\" height=\"300\" src=\"https:\/\/bikefit.lu\/wp-content\/uploads\/2024\/01\/Bikefit-2018-00107-scaled-1.webp\" class=\"attachment-large size-large wp-image-77065\" alt=\"\" srcset=\"https:\/\/bikefit.lu\/wp-content\/uploads\/2024\/01\/Bikefit-2018-00107-scaled-1.webp 450w, https:\/\/bikefit.lu\/wp-content\/uploads\/2024\/01\/Bikefit-2018-00107-scaled-1-150x100.webp 150w, https:\/\/bikefit.lu\/wp-content\/uploads\/2024\/01\/Bikefit-2018-00107-scaled-1-200x133.webp 200w, https:\/\/bikefit.lu\/wp-content\/uploads\/2024\/01\/Bikefit-2018-00107-scaled-1-300x200.webp 300w\" sizes=\"(max-width: 450px) 100vw, 450px\" \/>\t\t\t\t\t\t\t\t\t\t\t\t\t\t\t<\/div>\n\t\t\t\t<\/div>\n\t\t\t\t<div class=\"elementor-element elementor-element-2cc9af9 elementor-widget__width-initial elementor-widget elementor-widget-text-editor\" data-id=\"2cc9af9\" data-element_type=\"widget\" data-e-type=\"widget\" data-widget_type=\"text-editor.default\">\n\t\t\t\t<div class=\"elementor-widget-container\">\n\t\t\t\t\t\t\t\t\t<p>Les semelles sur mesure r\u00e9pondent \u00e0 ces besoins. Apr\u00e8s avoir examin\u00e9 vos pieds, vous les placez sur des coussins pour cr\u00e9er un moule en 3D. Le moule accueille des semelles plates pr\u00e9chauff\u00e9es, qui \u00e9pousent la forme de vos pieds. Une fois refroidies, elles sont ajust\u00e9es \u00e0 vos chaussures. Bien qu&#8217;elles soient pr\u00eates \u00e0 l&#8217;emploi, je pr\u00e9f\u00e8re v\u00e9rifier la position des crampons avant d&#8217;enfourcher votre v\u00e9lo, d\u00e9j\u00e0 install\u00e9 sur le trainer.    <\/p>\n\t\t\t\t\t\t\t\t<\/div>\n\t\t\t\t<\/div>\n\t\t\t\t<\/div>\n\t\t\t\t\t<\/div>\n\t\t\t\t<\/div>\n\t\t\t\t\t<\/div>\n\t\t\t\t<\/div>\n\t\t\t\t<\/div>\n\t\t","protected":false},"excerpt":{"rendered":"<p>Tout est en ordre : vous avez atteint la position optimale sur le v\u00e9lo qui vous convient le mieux. Cependant, l&#8217;\u00e9tape critique consiste maintenant \u00e0 s&#8217;assurer que vous maximisez le transfert de puissance vers les p\u00e9dales, un facteur qui peut \u00eatre compromis si vous n\u00e9gligez l&#8217;interface pied-p\u00e9dale. Beaucoup semblent les oublier et les n\u00e9gliger, pourtant [&hellip;]<\/p>\n","protected":false},"author":1,"featured_media":0,"parent":0,"menu_order":75,"comment_status":"closed","ping_status":"closed","template":"","meta":{"footnotes":""},"class_list":["post-77864","page","type-page","status-publish","hentry"],"yoast_head":"<!-- This site is optimized with the Yoast SEO Premium plugin v27.3 (Yoast SEO v27.3) - https:\/\/yoast.com\/product\/yoast-seo-premium-wordpress\/ -->\n<title>Semelles sur mesure - bikefit.lu<\/title>\n<meta name=\"robots\" content=\"index, follow, max-snippet:-1, max-image-preview:large, max-video-preview:-1\" \/>\n<link rel=\"canonical\" href=\"https:\/\/bikefit.lu\/fr\/semelles-sur-mesure\/\" \/>\n<meta property=\"og:locale\" content=\"fr_FR\" \/>\n<meta property=\"og:type\" content=\"article\" \/>\n<meta property=\"og:title\" content=\"Semelles sur mesure\" \/>\n<meta property=\"og:description\" content=\"Tout est en ordre : vous avez atteint la position optimale sur le v\u00e9lo qui vous convient le mieux. Cependant, l&#8217;\u00e9tape critique consiste maintenant \u00e0 s&#8217;assurer que vous maximisez le transfert de puissance vers les p\u00e9dales, un facteur qui peut \u00eatre compromis si vous n\u00e9gligez l&#8217;interface pied-p\u00e9dale. Beaucoup semblent les oublier et les n\u00e9gliger, pourtant [&hellip;]\" \/>\n<meta property=\"og:url\" content=\"https:\/\/bikefit.lu\/fr\/semelles-sur-mesure\/\" \/>\n<meta property=\"og:site_name\" content=\"bikefit.lu\" \/>\n<meta property=\"article:modified_time\" content=\"2024-11-09T08:29:53+00:00\" \/>\n<meta property=\"og:image\" content=\"https:\/\/bikefit.lu\/wp-content\/uploads\/2024\/01\/Burning-feet.jpeg\" \/>\n<meta name=\"twitter:card\" content=\"summary_large_image\" \/>\n<meta name=\"twitter:label1\" content=\"Dur\u00e9e de lecture estim\u00e9e\" \/>\n\t<meta name=\"twitter:data1\" content=\"3 minutes\" \/>\n<script type=\"application\/ld+json\" class=\"yoast-schema-graph\">{\"@context\":\"https:\\\/\\\/schema.org\",\"@graph\":[{\"@type\":\"WebPage\",\"@id\":\"https:\\\/\\\/bikefit.lu\\\/fr\\\/semelles-sur-mesure\\\/\",\"url\":\"https:\\\/\\\/bikefit.lu\\\/fr\\\/semelles-sur-mesure\\\/\",\"name\":\"Semelles sur mesure - bikefit.lu\",\"isPartOf\":{\"@id\":\"https:\\\/\\\/bikefit.lu\\\/fr\\\/#website\"},\"primaryImageOfPage\":{\"@id\":\"https:\\\/\\\/bikefit.lu\\\/fr\\\/semelles-sur-mesure\\\/#primaryimage\"},\"image\":{\"@id\":\"https:\\\/\\\/bikefit.lu\\\/fr\\\/semelles-sur-mesure\\\/#primaryimage\"},\"thumbnailUrl\":\"https:\\\/\\\/bikefit.lu\\\/wp-content\\\/uploads\\\/2024\\\/01\\\/Burning-feet.jpeg\",\"datePublished\":\"2024-01-09T18:51:48+00:00\",\"dateModified\":\"2024-11-09T08:29:53+00:00\",\"breadcrumb\":{\"@id\":\"https:\\\/\\\/bikefit.lu\\\/fr\\\/semelles-sur-mesure\\\/#breadcrumb\"},\"inLanguage\":\"fr-FR\",\"potentialAction\":[{\"@type\":\"ReadAction\",\"target\":[\"https:\\\/\\\/bikefit.lu\\\/fr\\\/semelles-sur-mesure\\\/\"]}]},{\"@type\":\"ImageObject\",\"inLanguage\":\"fr-FR\",\"@id\":\"https:\\\/\\\/bikefit.lu\\\/fr\\\/semelles-sur-mesure\\\/#primaryimage\",\"url\":\"https:\\\/\\\/bikefit.lu\\\/wp-content\\\/uploads\\\/2024\\\/01\\\/Burning-feet.jpeg\",\"contentUrl\":\"https:\\\/\\\/bikefit.lu\\\/wp-content\\\/uploads\\\/2024\\\/01\\\/Burning-feet.jpeg\"},{\"@type\":\"BreadcrumbList\",\"@id\":\"https:\\\/\\\/bikefit.lu\\\/fr\\\/semelles-sur-mesure\\\/#breadcrumb\",\"itemListElement\":[{\"@type\":\"ListItem\",\"position\":1,\"name\":\"Home\",\"item\":\"https:\\\/\\\/bikefit.lu\\\/fr\\\/\"},{\"@type\":\"ListItem\",\"position\":2,\"name\":\"Semelles sur mesure\"}]},{\"@type\":\"WebSite\",\"@id\":\"https:\\\/\\\/bikefit.lu\\\/fr\\\/#website\",\"url\":\"https:\\\/\\\/bikefit.lu\\\/fr\\\/\",\"name\":\"bikefit.lu\",\"description\":\"IMPROVING CYCLING\",\"publisher\":{\"@id\":\"https:\\\/\\\/bikefit.lu\\\/fr\\\/#\\\/schema\\\/person\\\/379af1263474d2f8cd1f41c2bd90273d\"},\"potentialAction\":[{\"@type\":\"SearchAction\",\"target\":{\"@type\":\"EntryPoint\",\"urlTemplate\":\"https:\\\/\\\/bikefit.lu\\\/fr\\\/?s={search_term_string}\"},\"query-input\":{\"@type\":\"PropertyValueSpecification\",\"valueRequired\":true,\"valueName\":\"search_term_string\"}}],\"inLanguage\":\"fr-FR\"},{\"@type\":[\"Person\",\"Organization\"],\"@id\":\"https:\\\/\\\/bikefit.lu\\\/fr\\\/#\\\/schema\\\/person\\\/379af1263474d2f8cd1f41c2bd90273d\",\"name\":\"Patrick Guillaume\",\"image\":{\"@type\":\"ImageObject\",\"inLanguage\":\"fr-FR\",\"@id\":\"https:\\\/\\\/bikefit.lu\\\/wp-content\\\/uploads\\\/2024\\\/12\\\/cropped-bikefit-logoURL-RGB-jpg.jpg\",\"url\":\"https:\\\/\\\/bikefit.lu\\\/wp-content\\\/uploads\\\/2024\\\/12\\\/cropped-bikefit-logoURL-RGB-jpg.jpg\",\"contentUrl\":\"https:\\\/\\\/bikefit.lu\\\/wp-content\\\/uploads\\\/2024\\\/12\\\/cropped-bikefit-logoURL-RGB-jpg.jpg\",\"width\":512,\"height\":512,\"caption\":\"Patrick Guillaume\"},\"logo\":{\"@id\":\"https:\\\/\\\/bikefit.lu\\\/wp-content\\\/uploads\\\/2024\\\/12\\\/cropped-bikefit-logoURL-RGB-jpg.jpg\"},\"sameAs\":[\"https:\\\/\\\/bikefit.lu\"],\"honorificPrefix\":\"Mr\",\"birthDate\":\"1966-11-18\",\"gender\":\"male\",\"knowsAbout\":[\"Bike-fitting\"],\"knowsLanguage\":[\"English\",\"French\",\"German\",\"Luxembourgish\"]}]}<\/script>\n<!-- \/ Yoast SEO Premium plugin. -->","yoast_head_json":{"title":"Semelles sur mesure - bikefit.lu","robots":{"index":"index","follow":"follow","max-snippet":"max-snippet:-1","max-image-preview":"max-image-preview:large","max-video-preview":"max-video-preview:-1"},"canonical":"https:\/\/bikefit.lu\/fr\/semelles-sur-mesure\/","og_locale":"fr_FR","og_type":"article","og_title":"Semelles sur mesure","og_description":"Tout est en ordre : vous avez atteint la position optimale sur le v\u00e9lo qui vous convient le mieux. Cependant, l&#8217;\u00e9tape critique consiste maintenant \u00e0 s&#8217;assurer que vous maximisez le transfert de puissance vers les p\u00e9dales, un facteur qui peut \u00eatre compromis si vous n\u00e9gligez l&#8217;interface pied-p\u00e9dale. Beaucoup semblent les oublier et les n\u00e9gliger, pourtant [&hellip;]","og_url":"https:\/\/bikefit.lu\/fr\/semelles-sur-mesure\/","og_site_name":"bikefit.lu","article_modified_time":"2024-11-09T08:29:53+00:00","og_image":[{"url":"https:\/\/bikefit.lu\/wp-content\/uploads\/2024\/01\/Burning-feet.jpeg","type":"","width":"","height":""}],"twitter_card":"summary_large_image","twitter_misc":{"Dur\u00e9e de lecture estim\u00e9e":"3 minutes"},"schema":{"@context":"https:\/\/schema.org","@graph":[{"@type":"WebPage","@id":"https:\/\/bikefit.lu\/fr\/semelles-sur-mesure\/","url":"https:\/\/bikefit.lu\/fr\/semelles-sur-mesure\/","name":"Semelles sur mesure - bikefit.lu","isPartOf":{"@id":"https:\/\/bikefit.lu\/fr\/#website"},"primaryImageOfPage":{"@id":"https:\/\/bikefit.lu\/fr\/semelles-sur-mesure\/#primaryimage"},"image":{"@id":"https:\/\/bikefit.lu\/fr\/semelles-sur-mesure\/#primaryimage"},"thumbnailUrl":"https:\/\/bikefit.lu\/wp-content\/uploads\/2024\/01\/Burning-feet.jpeg","datePublished":"2024-01-09T18:51:48+00:00","dateModified":"2024-11-09T08:29:53+00:00","breadcrumb":{"@id":"https:\/\/bikefit.lu\/fr\/semelles-sur-mesure\/#breadcrumb"},"inLanguage":"fr-FR","potentialAction":[{"@type":"ReadAction","target":["https:\/\/bikefit.lu\/fr\/semelles-sur-mesure\/"]}]},{"@type":"ImageObject","inLanguage":"fr-FR","@id":"https:\/\/bikefit.lu\/fr\/semelles-sur-mesure\/#primaryimage","url":"https:\/\/bikefit.lu\/wp-content\/uploads\/2024\/01\/Burning-feet.jpeg","contentUrl":"https:\/\/bikefit.lu\/wp-content\/uploads\/2024\/01\/Burning-feet.jpeg"},{"@type":"BreadcrumbList","@id":"https:\/\/bikefit.lu\/fr\/semelles-sur-mesure\/#breadcrumb","itemListElement":[{"@type":"ListItem","position":1,"name":"Home","item":"https:\/\/bikefit.lu\/fr\/"},{"@type":"ListItem","position":2,"name":"Semelles sur mesure"}]},{"@type":"WebSite","@id":"https:\/\/bikefit.lu\/fr\/#website","url":"https:\/\/bikefit.lu\/fr\/","name":"bikefit.lu","description":"IMPROVING CYCLING","publisher":{"@id":"https:\/\/bikefit.lu\/fr\/#\/schema\/person\/379af1263474d2f8cd1f41c2bd90273d"},"potentialAction":[{"@type":"SearchAction","target":{"@type":"EntryPoint","urlTemplate":"https:\/\/bikefit.lu\/fr\/?s={search_term_string}"},"query-input":{"@type":"PropertyValueSpecification","valueRequired":true,"valueName":"search_term_string"}}],"inLanguage":"fr-FR"},{"@type":["Person","Organization"],"@id":"https:\/\/bikefit.lu\/fr\/#\/schema\/person\/379af1263474d2f8cd1f41c2bd90273d","name":"Patrick Guillaume","image":{"@type":"ImageObject","inLanguage":"fr-FR","@id":"https:\/\/bikefit.lu\/wp-content\/uploads\/2024\/12\/cropped-bikefit-logoURL-RGB-jpg.jpg","url":"https:\/\/bikefit.lu\/wp-content\/uploads\/2024\/12\/cropped-bikefit-logoURL-RGB-jpg.jpg","contentUrl":"https:\/\/bikefit.lu\/wp-content\/uploads\/2024\/12\/cropped-bikefit-logoURL-RGB-jpg.jpg","width":512,"height":512,"caption":"Patrick Guillaume"},"logo":{"@id":"https:\/\/bikefit.lu\/wp-content\/uploads\/2024\/12\/cropped-bikefit-logoURL-RGB-jpg.jpg"},"sameAs":["https:\/\/bikefit.lu"],"honorificPrefix":"Mr","birthDate":"1966-11-18","gender":"male","knowsAbout":["Bike-fitting"],"knowsLanguage":["English","French","German","Luxembourgish"]}]}},"jetpack_shortlink":"https:\/\/wp.me\/PeuPYZ-kfS","_links":{"self":[{"href":"https:\/\/bikefit.lu\/fr\/wp-json\/wp\/v2\/pages\/77864","targetHints":{"allow":["GET"]}}],"collection":[{"href":"https:\/\/bikefit.lu\/fr\/wp-json\/wp\/v2\/pages"}],"about":[{"href":"https:\/\/bikefit.lu\/fr\/wp-json\/wp\/v2\/types\/page"}],"author":[{"embeddable":true,"href":"https:\/\/bikefit.lu\/fr\/wp-json\/wp\/v2\/users\/1"}],"replies":[{"embeddable":true,"href":"https:\/\/bikefit.lu\/fr\/wp-json\/wp\/v2\/comments?post=77864"}],"version-history":[{"count":0,"href":"https:\/\/bikefit.lu\/fr\/wp-json\/wp\/v2\/pages\/77864\/revisions"}],"wp:attachment":[{"href":"https:\/\/bikefit.lu\/fr\/wp-json\/wp\/v2\/media?parent=77864"}],"curies":[{"name":"wp","href":"https:\/\/api.w.org\/{rel}","templated":true}]}}