{"id":78439,"date":"2024-02-02T17:26:53","date_gmt":"2024-02-02T17:26:53","guid":{"rendered":"https:\/\/staging.bikefit.lu\/shop\/non%20class\u00e9\/ergon-tp1-cleat-tool-shimano-spd\/"},"modified":"2025-04-15T12:06:40","modified_gmt":"2025-04-15T10:06:40","slug":"ergon-tp1-cleat-tool-shimano-spd","status":"publish","type":"product","link":"https:\/\/bikefit.lu\/fr\/product\/ergon-tp1-cleat-tool-shimano-spd\/","title":{"rendered":"Outil pour cales Ergon TP1 Shimano SPD\u00ae"},"content":{"rendered":"","protected":false},"excerpt":{"rendered":"<p>Des cales correctement install\u00e9es se remarquent d\u00e8s la premi\u00e8re sortie, le cycliste ressentant plus de puissance, plus de confort et plus d&#8217;efficacit\u00e9. L&#8217;Ergon TP1 permet de r\u00e9gler avec pr\u00e9cision les trois axes importants lors de l&#8217;installation des cales: la position avant\/arri\u00e8re, le stance (Q-Factor) et l&#8217;angle du pied. En p\u00e9dalant, la puissance des jambes est transform\u00e9e en propulsion par l&#8217;interm\u00e9diaire des pieds. C&#8217;est pourquoi la position correcte des pieds est de la plus haute importance, car elle d\u00e9termine les performances et le confort. Le TP1 est le premier outil permettant un r\u00e9glage pr\u00e9cis et facile des cales de v\u00e9lo. Il est utilis\u00e9 par de nombreuses \u00e9quipes professionnelles et sp\u00e9cialistes de bike-fitting dans le monde entier.     <\/p>\n<p>Mat\u00e9riau : Composite<\/p>\n","protected":false},"featured_media":88757,"comment_status":"closed","ping_status":"closed","template":"","meta":[],"product_brand":[],"product_cat":[4783,4826],"product_tag":[5028,5071,4824,5154,5168],"class_list":{"0":"post-78439","1":"product","2":"type-product","3":"status-publish","4":"has-post-thumbnail","6":"product_cat-offroad-fr-2","7":"product_cat-foot-pedal-interface-fr","8":"product_tag-ergon-fr","9":"product_tag-foot-pedal-interface-fr","10":"product_tag-offroad-fr","11":"product_tag-shimano-fr","12":"product_tag-tp1-cleat-tool-fr","13":"product_shipping_class-small-items-fr","15":"first","16":"instock","17":"taxable","18":"shipping-taxable","19":"purchasable","20":"product-type-simple"},"yoast_head":"<!-- This site is optimized with the Yoast SEO Premium plugin v27.3 (Yoast SEO v27.3) - https:\/\/yoast.com\/product\/yoast-seo-premium-wordpress\/ -->\n<title>Outil pour cales Ergon TP1 Shimano SPD\u00ae - bikefit.lu<\/title>\n<meta name=\"robots\" content=\"index, follow, max-snippet:-1, max-image-preview:large, max-video-preview:-1\" \/>\n<link rel=\"canonical\" href=\"https:\/\/bikefit.lu\/fr\/product\/ergon-tp1-cleat-tool-shimano-spd\/\" \/>\n<meta property=\"og:locale\" content=\"fr_FR\" \/>\n<meta property=\"og:type\" content=\"article\" \/>\n<meta property=\"og:title\" content=\"Outil pour cales Ergon TP1 Shimano SPD\u00ae\" \/>\n<meta property=\"og:description\" content=\"Des cales correctement install\u00e9es se remarquent d\u00e8s la premi\u00e8re sortie, le cycliste ressentant plus de puissance, plus de confort et plus d&#039;efficacit\u00e9. L&#039;Ergon TP1 permet de r\u00e9gler avec pr\u00e9cision les trois axes importants lors de l&#039;installation des cales: la position avant\/arri\u00e8re, le stance (Q-Factor) et l&#039;angle du pied. En p\u00e9dalant, la puissance des jambes est transform\u00e9e en propulsion par l&#039;interm\u00e9diaire des pieds. C&#039;est pourquoi la position correcte des pieds est de la plus haute importance, car elle d\u00e9termine les performances et le confort. Le TP1 est le premier outil permettant un r\u00e9glage pr\u00e9cis et facile des cales de v\u00e9lo. Il est utilis\u00e9 par de nombreuses \u00e9quipes professionnelles et sp\u00e9cialistes de bike-fitting dans le monde entier.    Mat\u00e9riau : Composite\" \/>\n<meta property=\"og:url\" content=\"https:\/\/bikefit.lu\/fr\/product\/ergon-tp1-cleat-tool-shimano-spd\/\" \/>\n<meta property=\"og:site_name\" content=\"bikefit.lu\" \/>\n<meta property=\"article:modified_time\" content=\"2025-04-15T10:06:40+00:00\" \/>\n<meta property=\"og:image\" content=\"https:\/\/bikefit.lu\/wp-content\/uploads\/2024\/02\/48000000_detail_1_800x800-1.jpg\" \/>\n\t<meta property=\"og:image:width\" content=\"800\" \/>\n\t<meta property=\"og:image:height\" content=\"746\" \/>\n\t<meta property=\"og:image:type\" content=\"image\/jpeg\" \/>\n<meta name=\"twitter:card\" content=\"summary_large_image\" \/>\n<meta name=\"twitter:label1\" content=\"Prix\" \/>\n\t<meta name=\"twitter:data1\" content=\"29,95&nbsp;&euro;\" \/>\n\t<meta name=\"twitter:label2\" content=\"Disponibilit\u00e9\" \/>\n\t<meta name=\"twitter:data2\" content=\"En stock\" \/>\n<script type=\"application\/ld+json\" class=\"yoast-schema-graph\">{\"@context\":\"https:\\\/\\\/schema.org\",\"@graph\":[{\"@type\":\"WebPage\",\"@id\":\"https:\\\/\\\/bikefit.lu\\\/fr\\\/product\\\/ergon-tp1-cleat-tool-shimano-spd\\\/\",\"url\":\"https:\\\/\\\/bikefit.lu\\\/fr\\\/product\\\/ergon-tp1-cleat-tool-shimano-spd\\\/\",\"name\":\"Outil pour cales Ergon TP1 Shimano SPD\u00ae - bikefit.lu\",\"isPartOf\":{\"@id\":\"https:\\\/\\\/bikefit.lu\\\/fr\\\/#website\"},\"primaryImageOfPage\":{\"@id\":\"https:\\\/\\\/bikefit.lu\\\/fr\\\/product\\\/ergon-tp1-cleat-tool-shimano-spd\\\/#primaryimage\"},\"image\":{\"@id\":\"https:\\\/\\\/bikefit.lu\\\/fr\\\/product\\\/ergon-tp1-cleat-tool-shimano-spd\\\/#primaryimage\"},\"thumbnailUrl\":\"https:\\\/\\\/bikefit.lu\\\/wp-content\\\/uploads\\\/2024\\\/02\\\/48000000_detail_1_800x800-1.jpg\",\"datePublished\":\"2024-02-02T17:26:53+00:00\",\"dateModified\":\"2025-04-15T10:06:40+00:00\",\"breadcrumb\":{\"@id\":\"https:\\\/\\\/bikefit.lu\\\/fr\\\/product\\\/ergon-tp1-cleat-tool-shimano-spd\\\/#breadcrumb\"},\"inLanguage\":\"fr-FR\",\"potentialAction\":[{\"@type\":\"ReadAction\",\"target\":[\"https:\\\/\\\/bikefit.lu\\\/fr\\\/product\\\/ergon-tp1-cleat-tool-shimano-spd\\\/\"]}]},{\"@type\":\"ImageObject\",\"inLanguage\":\"fr-FR\",\"@id\":\"https:\\\/\\\/bikefit.lu\\\/fr\\\/product\\\/ergon-tp1-cleat-tool-shimano-spd\\\/#primaryimage\",\"url\":\"https:\\\/\\\/bikefit.lu\\\/wp-content\\\/uploads\\\/2024\\\/02\\\/48000000_detail_1_800x800-1.jpg\",\"contentUrl\":\"https:\\\/\\\/bikefit.lu\\\/wp-content\\\/uploads\\\/2024\\\/02\\\/48000000_detail_1_800x800-1.jpg\",\"width\":800,\"height\":746},{\"@type\":\"BreadcrumbList\",\"@id\":\"https:\\\/\\\/bikefit.lu\\\/fr\\\/product\\\/ergon-tp1-cleat-tool-shimano-spd\\\/#breadcrumb\",\"itemListElement\":[{\"@type\":\"ListItem\",\"position\":1,\"name\":\"Home\",\"item\":\"https:\\\/\\\/bikefit.lu\\\/fr\\\/\"},{\"@type\":\"ListItem\",\"position\":2,\"name\":\"Produits\",\"item\":\"https:\\\/\\\/bikefit.lu\\\/fr\\\/shop\\\/\"},{\"@type\":\"ListItem\",\"position\":3,\"name\":\"Outil pour cales Ergon TP1 Shimano SPD\u00ae\"}]},{\"@type\":\"WebSite\",\"@id\":\"https:\\\/\\\/bikefit.lu\\\/fr\\\/#website\",\"url\":\"https:\\\/\\\/bikefit.lu\\\/fr\\\/\",\"name\":\"bikefit.lu\",\"description\":\"IMPROVING CYCLING\",\"publisher\":{\"@id\":\"https:\\\/\\\/bikefit.lu\\\/fr\\\/#\\\/schema\\\/person\\\/379af1263474d2f8cd1f41c2bd90273d\"},\"potentialAction\":[{\"@type\":\"SearchAction\",\"target\":{\"@type\":\"EntryPoint\",\"urlTemplate\":\"https:\\\/\\\/bikefit.lu\\\/fr\\\/?s={search_term_string}\"},\"query-input\":{\"@type\":\"PropertyValueSpecification\",\"valueRequired\":true,\"valueName\":\"search_term_string\"}}],\"inLanguage\":\"fr-FR\"},{\"@type\":[\"Person\",\"Organization\"],\"@id\":\"https:\\\/\\\/bikefit.lu\\\/fr\\\/#\\\/schema\\\/person\\\/379af1263474d2f8cd1f41c2bd90273d\",\"name\":\"Patrick Guillaume\",\"image\":{\"@type\":\"ImageObject\",\"inLanguage\":\"fr-FR\",\"@id\":\"https:\\\/\\\/bikefit.lu\\\/wp-content\\\/uploads\\\/2024\\\/12\\\/cropped-bikefit-logoURL-RGB-jpg.jpg\",\"url\":\"https:\\\/\\\/bikefit.lu\\\/wp-content\\\/uploads\\\/2024\\\/12\\\/cropped-bikefit-logoURL-RGB-jpg.jpg\",\"contentUrl\":\"https:\\\/\\\/bikefit.lu\\\/wp-content\\\/uploads\\\/2024\\\/12\\\/cropped-bikefit-logoURL-RGB-jpg.jpg\",\"width\":512,\"height\":512,\"caption\":\"Patrick Guillaume\"},\"logo\":{\"@id\":\"https:\\\/\\\/bikefit.lu\\\/wp-content\\\/uploads\\\/2024\\\/12\\\/cropped-bikefit-logoURL-RGB-jpg.jpg\"},\"sameAs\":[\"https:\\\/\\\/bikefit.lu\"],\"honorificPrefix\":\"Mr\",\"birthDate\":\"1966-11-18\",\"gender\":\"male\",\"knowsAbout\":[\"Bike-fitting\"],\"knowsLanguage\":[\"English\",\"French\",\"German\",\"Luxembourgish\"]}]}<\/script>\n<meta property=\"product:price:amount\" content=\"29.95\" \/>\n<meta property=\"product:price:currency\" content=\"EUR\" \/>\n<meta property=\"og:availability\" content=\"instock\" \/>\n<meta property=\"product:availability\" content=\"instock\" \/>\n<meta property=\"product:condition\" content=\"new\" \/>\n<!-- \/ Yoast SEO Premium plugin. -->","yoast_head_json":{"title":"Outil pour cales Ergon TP1 Shimano SPD\u00ae - bikefit.lu","robots":{"index":"index","follow":"follow","max-snippet":"max-snippet:-1","max-image-preview":"max-image-preview:large","max-video-preview":"max-video-preview:-1"},"canonical":"https:\/\/bikefit.lu\/fr\/product\/ergon-tp1-cleat-tool-shimano-spd\/","og_locale":"fr_FR","og_type":"article","og_title":"Outil pour cales Ergon TP1 Shimano SPD\u00ae","og_description":"Des cales correctement install\u00e9es se remarquent d\u00e8s la premi\u00e8re sortie, le cycliste ressentant plus de puissance, plus de confort et plus d'efficacit\u00e9. L'Ergon TP1 permet de r\u00e9gler avec pr\u00e9cision les trois axes importants lors de l'installation des cales: la position avant\/arri\u00e8re, le stance (Q-Factor) et l'angle du pied. En p\u00e9dalant, la puissance des jambes est transform\u00e9e en propulsion par l'interm\u00e9diaire des pieds. C'est pourquoi la position correcte des pieds est de la plus haute importance, car elle d\u00e9termine les performances et le confort. Le TP1 est le premier outil permettant un r\u00e9glage pr\u00e9cis et facile des cales de v\u00e9lo. Il est utilis\u00e9 par de nombreuses \u00e9quipes professionnelles et sp\u00e9cialistes de bike-fitting dans le monde entier.    Mat\u00e9riau : Composite","og_url":"https:\/\/bikefit.lu\/fr\/product\/ergon-tp1-cleat-tool-shimano-spd\/","og_site_name":"bikefit.lu","article_modified_time":"2025-04-15T10:06:40+00:00","og_image":[{"width":800,"height":746,"url":"https:\/\/bikefit.lu\/wp-content\/uploads\/2024\/02\/48000000_detail_1_800x800-1.jpg","type":"image\/jpeg"}],"twitter_card":"summary_large_image","twitter_misc":{"Prix":"29,95&nbsp;&euro;","Disponibilit\u00e9":"En stock"},"schema":{"@context":"https:\/\/schema.org","@graph":[{"@type":"WebPage","@id":"https:\/\/bikefit.lu\/fr\/product\/ergon-tp1-cleat-tool-shimano-spd\/","url":"https:\/\/bikefit.lu\/fr\/product\/ergon-tp1-cleat-tool-shimano-spd\/","name":"Outil pour cales Ergon TP1 Shimano SPD\u00ae - bikefit.lu","isPartOf":{"@id":"https:\/\/bikefit.lu\/fr\/#website"},"primaryImageOfPage":{"@id":"https:\/\/bikefit.lu\/fr\/product\/ergon-tp1-cleat-tool-shimano-spd\/#primaryimage"},"image":{"@id":"https:\/\/bikefit.lu\/fr\/product\/ergon-tp1-cleat-tool-shimano-spd\/#primaryimage"},"thumbnailUrl":"https:\/\/bikefit.lu\/wp-content\/uploads\/2024\/02\/48000000_detail_1_800x800-1.jpg","datePublished":"2024-02-02T17:26:53+00:00","dateModified":"2025-04-15T10:06:40+00:00","breadcrumb":{"@id":"https:\/\/bikefit.lu\/fr\/product\/ergon-tp1-cleat-tool-shimano-spd\/#breadcrumb"},"inLanguage":"fr-FR","potentialAction":[{"@type":"ReadAction","target":["https:\/\/bikefit.lu\/fr\/product\/ergon-tp1-cleat-tool-shimano-spd\/"]}]},{"@type":"ImageObject","inLanguage":"fr-FR","@id":"https:\/\/bikefit.lu\/fr\/product\/ergon-tp1-cleat-tool-shimano-spd\/#primaryimage","url":"https:\/\/bikefit.lu\/wp-content\/uploads\/2024\/02\/48000000_detail_1_800x800-1.jpg","contentUrl":"https:\/\/bikefit.lu\/wp-content\/uploads\/2024\/02\/48000000_detail_1_800x800-1.jpg","width":800,"height":746},{"@type":"BreadcrumbList","@id":"https:\/\/bikefit.lu\/fr\/product\/ergon-tp1-cleat-tool-shimano-spd\/#breadcrumb","itemListElement":[{"@type":"ListItem","position":1,"name":"Home","item":"https:\/\/bikefit.lu\/fr\/"},{"@type":"ListItem","position":2,"name":"Produits","item":"https:\/\/bikefit.lu\/fr\/shop\/"},{"@type":"ListItem","position":3,"name":"Outil pour cales Ergon TP1 Shimano SPD\u00ae"}]},{"@type":"WebSite","@id":"https:\/\/bikefit.lu\/fr\/#website","url":"https:\/\/bikefit.lu\/fr\/","name":"bikefit.lu","description":"IMPROVING CYCLING","publisher":{"@id":"https:\/\/bikefit.lu\/fr\/#\/schema\/person\/379af1263474d2f8cd1f41c2bd90273d"},"potentialAction":[{"@type":"SearchAction","target":{"@type":"EntryPoint","urlTemplate":"https:\/\/bikefit.lu\/fr\/?s={search_term_string}"},"query-input":{"@type":"PropertyValueSpecification","valueRequired":true,"valueName":"search_term_string"}}],"inLanguage":"fr-FR"},{"@type":["Person","Organization"],"@id":"https:\/\/bikefit.lu\/fr\/#\/schema\/person\/379af1263474d2f8cd1f41c2bd90273d","name":"Patrick Guillaume","image":{"@type":"ImageObject","inLanguage":"fr-FR","@id":"https:\/\/bikefit.lu\/wp-content\/uploads\/2024\/12\/cropped-bikefit-logoURL-RGB-jpg.jpg","url":"https:\/\/bikefit.lu\/wp-content\/uploads\/2024\/12\/cropped-bikefit-logoURL-RGB-jpg.jpg","contentUrl":"https:\/\/bikefit.lu\/wp-content\/uploads\/2024\/12\/cropped-bikefit-logoURL-RGB-jpg.jpg","width":512,"height":512,"caption":"Patrick Guillaume"},"logo":{"@id":"https:\/\/bikefit.lu\/wp-content\/uploads\/2024\/12\/cropped-bikefit-logoURL-RGB-jpg.jpg"},"sameAs":["https:\/\/bikefit.lu"],"honorificPrefix":"Mr","birthDate":"1966-11-18","gender":"male","knowsAbout":["Bike-fitting"],"knowsLanguage":["English","French","German","Luxembourgish"]}]},"product_price_amount":"29.95","product_price_currency":"EUR","og_availability":"instock","product_availability":"instock","product_condition":"new"},"_links":{"self":[{"href":"https:\/\/bikefit.lu\/fr\/wp-json\/wp\/v2\/product\/78439","targetHints":{"allow":["GET"]}}],"collection":[{"href":"https:\/\/bikefit.lu\/fr\/wp-json\/wp\/v2\/product"}],"about":[{"href":"https:\/\/bikefit.lu\/fr\/wp-json\/wp\/v2\/types\/product"}],"replies":[{"embeddable":true,"href":"https:\/\/bikefit.lu\/fr\/wp-json\/wp\/v2\/comments?post=78439"}],"version-history":[{"count":0,"href":"https:\/\/bikefit.lu\/fr\/wp-json\/wp\/v2\/product\/78439\/revisions"}],"wp:featuredmedia":[{"embeddable":true,"href":"https:\/\/bikefit.lu\/fr\/wp-json\/wp\/v2\/media\/88757"}],"wp:attachment":[{"href":"https:\/\/bikefit.lu\/fr\/wp-json\/wp\/v2\/media?parent=78439"}],"wp:term":[{"taxonomy":"product_brand","embeddable":true,"href":"https:\/\/bikefit.lu\/fr\/wp-json\/wp\/v2\/product_brand?post=78439"},{"taxonomy":"product_cat","embeddable":true,"href":"https:\/\/bikefit.lu\/fr\/wp-json\/wp\/v2\/product_cat?post=78439"},{"taxonomy":"product_tag","embeddable":true,"href":"https:\/\/bikefit.lu\/fr\/wp-json\/wp\/v2\/product_tag?post=78439"}],"curies":[{"name":"wp","href":"https:\/\/api.w.org\/{rel}","templated":true}]}}