{"id":78441,"date":"2024-01-25T11:49:44","date_gmt":"2024-01-25T11:49:44","guid":{"rendered":"https:\/\/staging.bikefit.lu\/shop\/non%20class\u00e9\/bikefit-20-mm-entretoise-de-pedale\/"},"modified":"2025-03-11T09:57:58","modified_gmt":"2025-03-11T09:57:58","slug":"bikefit-20-mm-entretoise-de-pedale","status":"publish","type":"product","link":"https:\/\/bikefit.lu\/fr\/product\/bikefit-20-mm-entretoise-de-pedale\/","title":{"rendered":"Entretoise de p\u00e9dale Bikefit de 20 mm (G &amp; D)"},"content":{"rendered":"<p><em>N&#8217;est pas destin\u00e9 \u00e0 \u00eatre utilis\u00e9 avec des manivelles en carbone.<\/em><\/p>\n","protected":false},"excerpt":{"rendered":"<p>Ces entretoises de p\u00e9dale en acier inoxydable sont utilis\u00e9es avec les genoux qui se d\u00e9placent \u00e0 l&#8217;ext\u00e9rieur de la p\u00e9dale en ajoutant de la longueur \u00e0 l&#8217;axe de la p\u00e9dale. Elles sont con\u00e7ues pour d\u00e9placer le pied vers l&#8217;ext\u00e9rieur et l&#8217;\u00e9loigner du bras de la manivelle afin d&#8217;offrir un meilleur d\u00e9gagement pour le pied. Cela ajoute de la largeur \u00e0 la position pour les cyclistes qui ont besoin d&#8217;aide avec les genoux en dehors, les orteils en dehors, les pieds tr\u00e8s larges, les hanches larges, ou pour ceux qui souffrent d&#8217;une g\u00eane sur l&#8217;ext\u00e9rieur du genou.<\/p>\n<p>Ces entretoises pour p\u00e9dales fonctionnent avec les p\u00e9dales qui n&#8217;ont pas de m\u00e9plat (les p\u00e9dales sont fix\u00e9es au bras de manivelle avec une cl\u00e9 hexagonale de 6 ou 8 mm) ET avec les p\u00e9dales qui ont un m\u00e9plat.<\/p>\n","protected":false},"featured_media":77275,"comment_status":"closed","ping_status":"closed","template":"","meta":[],"product_brand":[],"product_cat":[4780,4826],"product_tag":[5193,5071,5066,4824,5124,5183,5178],"class_list":{"0":"post-78441","1":"product","2":"type-product","3":"status-publish","4":"has-post-thumbnail","6":"product_cat-hardware-fr","7":"product_cat-foot-pedal-interface-fr","8":"product_tag-contre-la-montre","9":"product_tag-foot-pedal-interface-fr","10":"product_tag-hardware-fr","11":"product_tag-offroad-fr","12":"product_tag-road-fr","13":"product_tag-triathlon-fr","14":"product_tag-ultra-cycling-fr","15":"product_shipping_class-small-items-fr","17":"first","18":"instock","19":"taxable","20":"shipping-taxable","21":"purchasable","22":"product-type-simple"},"yoast_head":"<!-- This site is optimized with the Yoast SEO Premium plugin v27.3 (Yoast SEO v27.3) - https:\/\/yoast.com\/product\/yoast-seo-premium-wordpress\/ -->\n<title>Entretoise de p\u00e9dale Bikefit de 20 mm (G &amp; D) - bikefit.lu<\/title>\n<meta name=\"robots\" content=\"index, follow, max-snippet:-1, max-image-preview:large, max-video-preview:-1\" \/>\n<link rel=\"canonical\" href=\"https:\/\/bikefit.lu\/fr\/product\/bikefit-20-mm-entretoise-de-pedale\/\" \/>\n<meta property=\"og:locale\" content=\"fr_FR\" \/>\n<meta property=\"og:type\" content=\"article\" \/>\n<meta property=\"og:title\" content=\"Entretoise de p\u00e9dale Bikefit de 20 mm (G &amp; D)\" \/>\n<meta property=\"og:description\" content=\"Ces entretoises de p\u00e9dale en acier inoxydable sont utilis\u00e9es avec les genoux qui se d\u00e9placent \u00e0 l&#039;ext\u00e9rieur de la p\u00e9dale en ajoutant de la longueur \u00e0 l&#039;axe de la p\u00e9dale. Elles sont con\u00e7ues pour d\u00e9placer le pied vers l&#039;ext\u00e9rieur et l&#039;\u00e9loigner du bras de la manivelle afin d&#039;offrir un meilleur d\u00e9gagement pour le pied. Cela ajoute de la largeur \u00e0 la position pour les cyclistes qui ont besoin d&#039;aide avec les genoux en dehors, les orteils en dehors, les pieds tr\u00e8s larges, les hanches larges, ou pour ceux qui souffrent d&#039;une g\u00eane sur l&#039;ext\u00e9rieur du genou. Ces entretoises pour p\u00e9dales fonctionnent avec les p\u00e9dales qui n&#039;ont pas de m\u00e9plat (les p\u00e9dales sont fix\u00e9es au bras de manivelle avec une cl\u00e9 hexagonale de 6 ou 8 mm) ET avec les p\u00e9dales qui ont un m\u00e9plat.\" \/>\n<meta property=\"og:url\" content=\"https:\/\/bikefit.lu\/fr\/product\/bikefit-20-mm-entretoise-de-pedale\/\" \/>\n<meta property=\"og:site_name\" content=\"bikefit.lu\" \/>\n<meta property=\"article:modified_time\" content=\"2025-03-11T09:57:58+00:00\" \/>\n<meta property=\"og:image\" content=\"https:\/\/bikefit.lu\/wp-content\/uploads\/2024\/01\/pedalextenderswithadapters-scaled-1.webp\" \/>\n\t<meta property=\"og:image:width\" content=\"2560\" \/>\n\t<meta property=\"og:image:height\" content=\"2560\" \/>\n\t<meta property=\"og:image:type\" content=\"image\/webp\" \/>\n<meta name=\"twitter:card\" content=\"summary_large_image\" \/>\n<meta name=\"twitter:label1\" content=\"Prix\" \/>\n\t<meta name=\"twitter:data1\" content=\"64,90&nbsp;&euro;\" \/>\n\t<meta name=\"twitter:label2\" content=\"Disponibilit\u00e9\" \/>\n\t<meta name=\"twitter:data2\" content=\"En stock\" \/>\n<script type=\"application\/ld+json\" class=\"yoast-schema-graph\">{\"@context\":\"https:\\\/\\\/schema.org\",\"@graph\":[{\"@type\":\"WebPage\",\"@id\":\"https:\\\/\\\/bikefit.lu\\\/fr\\\/product\\\/bikefit-20-mm-entretoise-de-pedale\\\/\",\"url\":\"https:\\\/\\\/bikefit.lu\\\/fr\\\/product\\\/bikefit-20-mm-entretoise-de-pedale\\\/\",\"name\":\"Entretoise de p\u00e9dale Bikefit de 20 mm (G &amp; D) - bikefit.lu\",\"isPartOf\":{\"@id\":\"https:\\\/\\\/bikefit.lu\\\/fr\\\/#website\"},\"primaryImageOfPage\":{\"@id\":\"https:\\\/\\\/bikefit.lu\\\/fr\\\/product\\\/bikefit-20-mm-entretoise-de-pedale\\\/#primaryimage\"},\"image\":{\"@id\":\"https:\\\/\\\/bikefit.lu\\\/fr\\\/product\\\/bikefit-20-mm-entretoise-de-pedale\\\/#primaryimage\"},\"thumbnailUrl\":\"https:\\\/\\\/bikefit.lu\\\/wp-content\\\/uploads\\\/2024\\\/01\\\/pedalextenderswithadapters-scaled-1.webp\",\"datePublished\":\"2024-01-25T11:49:44+00:00\",\"dateModified\":\"2025-03-11T09:57:58+00:00\",\"breadcrumb\":{\"@id\":\"https:\\\/\\\/bikefit.lu\\\/fr\\\/product\\\/bikefit-20-mm-entretoise-de-pedale\\\/#breadcrumb\"},\"inLanguage\":\"fr-FR\",\"potentialAction\":[{\"@type\":\"ReadAction\",\"target\":[\"https:\\\/\\\/bikefit.lu\\\/fr\\\/product\\\/bikefit-20-mm-entretoise-de-pedale\\\/\"]}]},{\"@type\":\"ImageObject\",\"inLanguage\":\"fr-FR\",\"@id\":\"https:\\\/\\\/bikefit.lu\\\/fr\\\/product\\\/bikefit-20-mm-entretoise-de-pedale\\\/#primaryimage\",\"url\":\"https:\\\/\\\/bikefit.lu\\\/wp-content\\\/uploads\\\/2024\\\/01\\\/pedalextenderswithadapters-scaled-1.webp\",\"contentUrl\":\"https:\\\/\\\/bikefit.lu\\\/wp-content\\\/uploads\\\/2024\\\/01\\\/pedalextenderswithadapters-scaled-1.webp\",\"width\":2560,\"height\":2560},{\"@type\":\"BreadcrumbList\",\"@id\":\"https:\\\/\\\/bikefit.lu\\\/fr\\\/product\\\/bikefit-20-mm-entretoise-de-pedale\\\/#breadcrumb\",\"itemListElement\":[{\"@type\":\"ListItem\",\"position\":1,\"name\":\"Home\",\"item\":\"https:\\\/\\\/bikefit.lu\\\/fr\\\/\"},{\"@type\":\"ListItem\",\"position\":2,\"name\":\"Produits\",\"item\":\"https:\\\/\\\/bikefit.lu\\\/fr\\\/shop\\\/\"},{\"@type\":\"ListItem\",\"position\":3,\"name\":\"Entretoise de p\u00e9dale Bikefit de 20 mm (G &amp; D)\"}]},{\"@type\":\"WebSite\",\"@id\":\"https:\\\/\\\/bikefit.lu\\\/fr\\\/#website\",\"url\":\"https:\\\/\\\/bikefit.lu\\\/fr\\\/\",\"name\":\"bikefit.lu\",\"description\":\"IMPROVING CYCLING\",\"publisher\":{\"@id\":\"https:\\\/\\\/bikefit.lu\\\/fr\\\/#\\\/schema\\\/person\\\/379af1263474d2f8cd1f41c2bd90273d\"},\"potentialAction\":[{\"@type\":\"SearchAction\",\"target\":{\"@type\":\"EntryPoint\",\"urlTemplate\":\"https:\\\/\\\/bikefit.lu\\\/fr\\\/?s={search_term_string}\"},\"query-input\":{\"@type\":\"PropertyValueSpecification\",\"valueRequired\":true,\"valueName\":\"search_term_string\"}}],\"inLanguage\":\"fr-FR\"},{\"@type\":[\"Person\",\"Organization\"],\"@id\":\"https:\\\/\\\/bikefit.lu\\\/fr\\\/#\\\/schema\\\/person\\\/379af1263474d2f8cd1f41c2bd90273d\",\"name\":\"Patrick Guillaume\",\"image\":{\"@type\":\"ImageObject\",\"inLanguage\":\"fr-FR\",\"@id\":\"https:\\\/\\\/bikefit.lu\\\/wp-content\\\/uploads\\\/2024\\\/12\\\/cropped-bikefit-logoURL-RGB-jpg.jpg\",\"url\":\"https:\\\/\\\/bikefit.lu\\\/wp-content\\\/uploads\\\/2024\\\/12\\\/cropped-bikefit-logoURL-RGB-jpg.jpg\",\"contentUrl\":\"https:\\\/\\\/bikefit.lu\\\/wp-content\\\/uploads\\\/2024\\\/12\\\/cropped-bikefit-logoURL-RGB-jpg.jpg\",\"width\":512,\"height\":512,\"caption\":\"Patrick Guillaume\"},\"logo\":{\"@id\":\"https:\\\/\\\/bikefit.lu\\\/wp-content\\\/uploads\\\/2024\\\/12\\\/cropped-bikefit-logoURL-RGB-jpg.jpg\"},\"sameAs\":[\"https:\\\/\\\/bikefit.lu\"],\"honorificPrefix\":\"Mr\",\"birthDate\":\"1966-11-18\",\"gender\":\"male\",\"knowsAbout\":[\"Bike-fitting\"],\"knowsLanguage\":[\"English\",\"French\",\"German\",\"Luxembourgish\"]}]}<\/script>\n<meta property=\"product:price:amount\" content=\"64.90\" \/>\n<meta property=\"product:price:currency\" content=\"EUR\" \/>\n<meta property=\"og:availability\" content=\"instock\" \/>\n<meta property=\"product:availability\" content=\"instock\" \/>\n<meta property=\"product:condition\" content=\"new\" \/>\n<!-- \/ Yoast SEO Premium plugin. -->","yoast_head_json":{"title":"Entretoise de p\u00e9dale Bikefit de 20 mm (G &amp; D) - bikefit.lu","robots":{"index":"index","follow":"follow","max-snippet":"max-snippet:-1","max-image-preview":"max-image-preview:large","max-video-preview":"max-video-preview:-1"},"canonical":"https:\/\/bikefit.lu\/fr\/product\/bikefit-20-mm-entretoise-de-pedale\/","og_locale":"fr_FR","og_type":"article","og_title":"Entretoise de p\u00e9dale Bikefit de 20 mm (G &amp; D)","og_description":"Ces entretoises de p\u00e9dale en acier inoxydable sont utilis\u00e9es avec les genoux qui se d\u00e9placent \u00e0 l'ext\u00e9rieur de la p\u00e9dale en ajoutant de la longueur \u00e0 l'axe de la p\u00e9dale. Elles sont con\u00e7ues pour d\u00e9placer le pied vers l'ext\u00e9rieur et l'\u00e9loigner du bras de la manivelle afin d'offrir un meilleur d\u00e9gagement pour le pied. Cela ajoute de la largeur \u00e0 la position pour les cyclistes qui ont besoin d'aide avec les genoux en dehors, les orteils en dehors, les pieds tr\u00e8s larges, les hanches larges, ou pour ceux qui souffrent d'une g\u00eane sur l'ext\u00e9rieur du genou. Ces entretoises pour p\u00e9dales fonctionnent avec les p\u00e9dales qui n'ont pas de m\u00e9plat (les p\u00e9dales sont fix\u00e9es au bras de manivelle avec une cl\u00e9 hexagonale de 6 ou 8 mm) ET avec les p\u00e9dales qui ont un m\u00e9plat.","og_url":"https:\/\/bikefit.lu\/fr\/product\/bikefit-20-mm-entretoise-de-pedale\/","og_site_name":"bikefit.lu","article_modified_time":"2025-03-11T09:57:58+00:00","og_image":[{"width":2560,"height":2560,"url":"https:\/\/bikefit.lu\/wp-content\/uploads\/2024\/01\/pedalextenderswithadapters-scaled-1.webp","type":"image\/webp"}],"twitter_card":"summary_large_image","twitter_misc":{"Prix":"64,90&nbsp;&euro;","Disponibilit\u00e9":"En stock"},"schema":{"@context":"https:\/\/schema.org","@graph":[{"@type":"WebPage","@id":"https:\/\/bikefit.lu\/fr\/product\/bikefit-20-mm-entretoise-de-pedale\/","url":"https:\/\/bikefit.lu\/fr\/product\/bikefit-20-mm-entretoise-de-pedale\/","name":"Entretoise de p\u00e9dale Bikefit de 20 mm (G &amp; D) - bikefit.lu","isPartOf":{"@id":"https:\/\/bikefit.lu\/fr\/#website"},"primaryImageOfPage":{"@id":"https:\/\/bikefit.lu\/fr\/product\/bikefit-20-mm-entretoise-de-pedale\/#primaryimage"},"image":{"@id":"https:\/\/bikefit.lu\/fr\/product\/bikefit-20-mm-entretoise-de-pedale\/#primaryimage"},"thumbnailUrl":"https:\/\/bikefit.lu\/wp-content\/uploads\/2024\/01\/pedalextenderswithadapters-scaled-1.webp","datePublished":"2024-01-25T11:49:44+00:00","dateModified":"2025-03-11T09:57:58+00:00","breadcrumb":{"@id":"https:\/\/bikefit.lu\/fr\/product\/bikefit-20-mm-entretoise-de-pedale\/#breadcrumb"},"inLanguage":"fr-FR","potentialAction":[{"@type":"ReadAction","target":["https:\/\/bikefit.lu\/fr\/product\/bikefit-20-mm-entretoise-de-pedale\/"]}]},{"@type":"ImageObject","inLanguage":"fr-FR","@id":"https:\/\/bikefit.lu\/fr\/product\/bikefit-20-mm-entretoise-de-pedale\/#primaryimage","url":"https:\/\/bikefit.lu\/wp-content\/uploads\/2024\/01\/pedalextenderswithadapters-scaled-1.webp","contentUrl":"https:\/\/bikefit.lu\/wp-content\/uploads\/2024\/01\/pedalextenderswithadapters-scaled-1.webp","width":2560,"height":2560},{"@type":"BreadcrumbList","@id":"https:\/\/bikefit.lu\/fr\/product\/bikefit-20-mm-entretoise-de-pedale\/#breadcrumb","itemListElement":[{"@type":"ListItem","position":1,"name":"Home","item":"https:\/\/bikefit.lu\/fr\/"},{"@type":"ListItem","position":2,"name":"Produits","item":"https:\/\/bikefit.lu\/fr\/shop\/"},{"@type":"ListItem","position":3,"name":"Entretoise de p\u00e9dale Bikefit de 20 mm (G &amp; D)"}]},{"@type":"WebSite","@id":"https:\/\/bikefit.lu\/fr\/#website","url":"https:\/\/bikefit.lu\/fr\/","name":"bikefit.lu","description":"IMPROVING CYCLING","publisher":{"@id":"https:\/\/bikefit.lu\/fr\/#\/schema\/person\/379af1263474d2f8cd1f41c2bd90273d"},"potentialAction":[{"@type":"SearchAction","target":{"@type":"EntryPoint","urlTemplate":"https:\/\/bikefit.lu\/fr\/?s={search_term_string}"},"query-input":{"@type":"PropertyValueSpecification","valueRequired":true,"valueName":"search_term_string"}}],"inLanguage":"fr-FR"},{"@type":["Person","Organization"],"@id":"https:\/\/bikefit.lu\/fr\/#\/schema\/person\/379af1263474d2f8cd1f41c2bd90273d","name":"Patrick Guillaume","image":{"@type":"ImageObject","inLanguage":"fr-FR","@id":"https:\/\/bikefit.lu\/wp-content\/uploads\/2024\/12\/cropped-bikefit-logoURL-RGB-jpg.jpg","url":"https:\/\/bikefit.lu\/wp-content\/uploads\/2024\/12\/cropped-bikefit-logoURL-RGB-jpg.jpg","contentUrl":"https:\/\/bikefit.lu\/wp-content\/uploads\/2024\/12\/cropped-bikefit-logoURL-RGB-jpg.jpg","width":512,"height":512,"caption":"Patrick Guillaume"},"logo":{"@id":"https:\/\/bikefit.lu\/wp-content\/uploads\/2024\/12\/cropped-bikefit-logoURL-RGB-jpg.jpg"},"sameAs":["https:\/\/bikefit.lu"],"honorificPrefix":"Mr","birthDate":"1966-11-18","gender":"male","knowsAbout":["Bike-fitting"],"knowsLanguage":["English","French","German","Luxembourgish"]}]},"product_price_amount":"64.90","product_price_currency":"EUR","og_availability":"instock","product_availability":"instock","product_condition":"new"},"_links":{"self":[{"href":"https:\/\/bikefit.lu\/fr\/wp-json\/wp\/v2\/product\/78441","targetHints":{"allow":["GET"]}}],"collection":[{"href":"https:\/\/bikefit.lu\/fr\/wp-json\/wp\/v2\/product"}],"about":[{"href":"https:\/\/bikefit.lu\/fr\/wp-json\/wp\/v2\/types\/product"}],"replies":[{"embeddable":true,"href":"https:\/\/bikefit.lu\/fr\/wp-json\/wp\/v2\/comments?post=78441"}],"version-history":[{"count":0,"href":"https:\/\/bikefit.lu\/fr\/wp-json\/wp\/v2\/product\/78441\/revisions"}],"wp:featuredmedia":[{"embeddable":true,"href":"https:\/\/bikefit.lu\/fr\/wp-json\/wp\/v2\/media\/77275"}],"wp:attachment":[{"href":"https:\/\/bikefit.lu\/fr\/wp-json\/wp\/v2\/media?parent=78441"}],"wp:term":[{"taxonomy":"product_brand","embeddable":true,"href":"https:\/\/bikefit.lu\/fr\/wp-json\/wp\/v2\/product_brand?post=78441"},{"taxonomy":"product_cat","embeddable":true,"href":"https:\/\/bikefit.lu\/fr\/wp-json\/wp\/v2\/product_cat?post=78441"},{"taxonomy":"product_tag","embeddable":true,"href":"https:\/\/bikefit.lu\/fr\/wp-json\/wp\/v2\/product_tag?post=78441"}],"curies":[{"name":"wp","href":"https:\/\/api.w.org\/{rel}","templated":true}]}}