{"id":78572,"date":"2024-01-25T11:29:57","date_gmt":"2024-01-25T11:29:57","guid":{"rendered":"https:\/\/staging.bikefit.lu\/shop\/non%20class\u00e9\/ergotec-extensions-de-laxe-de-la-pedale-18mm\/"},"modified":"2025-04-14T18:55:04","modified_gmt":"2025-04-14T16:55:04","slug":"ergotec-extensions-de-laxe-de-la-pedale-18mm","status":"publish","type":"product","link":"https:\/\/bikefit.lu\/fr\/product\/ergotec-extensions-de-laxe-de-la-pedale-18mm\/","title":{"rendered":"Extensions de l&#8217;axe de p\u00e9dale Ergotec 18mm"},"content":{"rendered":"<hr>\n<h3>Caract\u00e9ristiques du produit &#8211; Extensions d&#8217;axe de p\u00e9dale 18 mm Ergotec<\/h3>\n<ul>\n<li><strong>Taille : <\/strong>18 mm<\/li>\n<li><strong>Filet : <\/strong>9\/16&#8243;<\/li>\n<\/ul>\n<h3>Mat\u00e9riau<\/h3>\n<ul>\n<li>Acier inoxydable<\/li>\n<\/ul>\n<h3>Couleur<\/h3>\n<ul>\n<li>noir<\/li>\n<\/ul>\n<h3>Poids<\/h3>\n<ul>\n<li>environ. 78 g<\/li>\n<\/ul>\n<hr>\n<h3>Contenu de la livraison<\/h3>\n<ul>\n<li>1 paire de rallonges d&#8217;axe de p\u00e9dale ergotec 18 mm<\/li>\n<\/ul>\n","protected":false},"excerpt":{"rendered":"<p>L&#8217;extension de l&#8217;axe de p\u00e9dale Ergotec augmente le facteur Q (la distance entre les deux p\u00e9dales) de la largeur de la manivelle de 18 mm.<\/p>\n<p>Attention : Ces entretoises pour p\u00e9dales NE fonctionnent PAS avec les p\u00e9dales qui n&#8217;ont pas de plats de serrage (les p\u00e9dales sont fix\u00e9es au bras de manivelle avec une cl\u00e9 hexagonale de 6 ou 8 mm). Vous pouvez les monter mais vous ne pourrez pas les retirer des p\u00e9dales.<\/p>\n<p><em>N&#8217;est pas destin\u00e9 \u00e0 \u00eatre utilis\u00e9 avec des manivelles en carbone.<\/em><\/p>\n","protected":false},"featured_media":77272,"comment_status":"closed","ping_status":"closed","template":"","meta":[],"product_brand":[],"product_cat":[4780,4826],"product_tag":[5193,5205,5071,4824,5124,5183,5178],"class_list":{"0":"post-78572","1":"product","2":"type-product","3":"status-publish","4":"has-post-thumbnail","6":"product_cat-hardware-fr","7":"product_cat-foot-pedal-interface-fr","8":"product_tag-contre-la-montre","9":"product_tag-ergotec-fr","10":"product_tag-foot-pedal-interface-fr","11":"product_tag-offroad-fr","12":"product_tag-road-fr","13":"product_tag-triathlon-fr","14":"product_tag-ultra-cycling-fr","15":"product_shipping_class-small-items-fr","17":"first","18":"instock","19":"taxable","20":"shipping-taxable","21":"purchasable","22":"product-type-simple"},"yoast_head":"<!-- This site is optimized with the Yoast SEO Premium plugin v27.3 (Yoast SEO v27.3) - https:\/\/yoast.com\/product\/yoast-seo-premium-wordpress\/ -->\n<title>Extensions de l&#039;axe de p\u00e9dale Ergotec 18mm - bikefit.lu<\/title>\n<meta name=\"robots\" content=\"index, follow, max-snippet:-1, max-image-preview:large, max-video-preview:-1\" \/>\n<link rel=\"canonical\" href=\"https:\/\/bikefit.lu\/fr\/product\/ergotec-extensions-de-laxe-de-la-pedale-18mm\/\" \/>\n<meta property=\"og:locale\" content=\"fr_FR\" \/>\n<meta property=\"og:type\" content=\"article\" \/>\n<meta property=\"og:title\" content=\"Extensions de l&#039;axe de p\u00e9dale Ergotec 18mm\" \/>\n<meta property=\"og:description\" content=\"L&#039;extension de l&#039;axe de p\u00e9dale Ergotec augmente le facteur Q (la distance entre les deux p\u00e9dales) de la largeur de la manivelle de 18 mm. Attention : Ces entretoises pour p\u00e9dales NE fonctionnent PAS avec les p\u00e9dales qui n&#039;ont pas de plats de serrage (les p\u00e9dales sont fix\u00e9es au bras de manivelle avec une cl\u00e9 hexagonale de 6 ou 8 mm). Vous pouvez les monter mais vous ne pourrez pas les retirer des p\u00e9dales. N&#039;est pas destin\u00e9 \u00e0 \u00eatre utilis\u00e9 avec des manivelles en carbone.\" \/>\n<meta property=\"og:url\" content=\"https:\/\/bikefit.lu\/fr\/product\/ergotec-extensions-de-laxe-de-la-pedale-18mm\/\" \/>\n<meta property=\"og:site_name\" content=\"bikefit.lu\" \/>\n<meta property=\"article:modified_time\" content=\"2025-04-14T16:55:04+00:00\" \/>\n<meta property=\"og:image\" content=\"https:\/\/bikefit.lu\/wp-content\/uploads\/2024\/01\/Ergotec.jpg\" \/>\n\t<meta property=\"og:image:width\" content=\"800\" \/>\n\t<meta property=\"og:image:height\" content=\"800\" \/>\n\t<meta property=\"og:image:type\" content=\"image\/jpeg\" \/>\n<meta name=\"twitter:card\" content=\"summary_large_image\" \/>\n<meta name=\"twitter:label1\" content=\"Prix\" \/>\n\t<meta name=\"twitter:data1\" content=\"47,00&nbsp;&euro;\" \/>\n\t<meta name=\"twitter:label2\" content=\"Disponibilit\u00e9\" \/>\n\t<meta name=\"twitter:data2\" content=\"En stock\" \/>\n<script type=\"application\/ld+json\" class=\"yoast-schema-graph\">{\"@context\":\"https:\\\/\\\/schema.org\",\"@graph\":[{\"@type\":\"WebPage\",\"@id\":\"https:\\\/\\\/bikefit.lu\\\/fr\\\/product\\\/ergotec-extensions-de-laxe-de-la-pedale-18mm\\\/\",\"url\":\"https:\\\/\\\/bikefit.lu\\\/fr\\\/product\\\/ergotec-extensions-de-laxe-de-la-pedale-18mm\\\/\",\"name\":\"Extensions de l'axe de p\u00e9dale Ergotec 18mm - bikefit.lu\",\"isPartOf\":{\"@id\":\"https:\\\/\\\/bikefit.lu\\\/fr\\\/#website\"},\"primaryImageOfPage\":{\"@id\":\"https:\\\/\\\/bikefit.lu\\\/fr\\\/product\\\/ergotec-extensions-de-laxe-de-la-pedale-18mm\\\/#primaryimage\"},\"image\":{\"@id\":\"https:\\\/\\\/bikefit.lu\\\/fr\\\/product\\\/ergotec-extensions-de-laxe-de-la-pedale-18mm\\\/#primaryimage\"},\"thumbnailUrl\":\"https:\\\/\\\/bikefit.lu\\\/wp-content\\\/uploads\\\/2024\\\/01\\\/Ergotec.jpg\",\"datePublished\":\"2024-01-25T11:29:57+00:00\",\"dateModified\":\"2025-04-14T16:55:04+00:00\",\"breadcrumb\":{\"@id\":\"https:\\\/\\\/bikefit.lu\\\/fr\\\/product\\\/ergotec-extensions-de-laxe-de-la-pedale-18mm\\\/#breadcrumb\"},\"inLanguage\":\"fr-FR\",\"potentialAction\":[{\"@type\":\"ReadAction\",\"target\":[\"https:\\\/\\\/bikefit.lu\\\/fr\\\/product\\\/ergotec-extensions-de-laxe-de-la-pedale-18mm\\\/\"]}]},{\"@type\":\"ImageObject\",\"inLanguage\":\"fr-FR\",\"@id\":\"https:\\\/\\\/bikefit.lu\\\/fr\\\/product\\\/ergotec-extensions-de-laxe-de-la-pedale-18mm\\\/#primaryimage\",\"url\":\"https:\\\/\\\/bikefit.lu\\\/wp-content\\\/uploads\\\/2024\\\/01\\\/Ergotec.jpg\",\"contentUrl\":\"https:\\\/\\\/bikefit.lu\\\/wp-content\\\/uploads\\\/2024\\\/01\\\/Ergotec.jpg\",\"width\":800,\"height\":800},{\"@type\":\"BreadcrumbList\",\"@id\":\"https:\\\/\\\/bikefit.lu\\\/fr\\\/product\\\/ergotec-extensions-de-laxe-de-la-pedale-18mm\\\/#breadcrumb\",\"itemListElement\":[{\"@type\":\"ListItem\",\"position\":1,\"name\":\"Home\",\"item\":\"https:\\\/\\\/bikefit.lu\\\/fr\\\/\"},{\"@type\":\"ListItem\",\"position\":2,\"name\":\"Produits\",\"item\":\"https:\\\/\\\/bikefit.lu\\\/fr\\\/shop\\\/\"},{\"@type\":\"ListItem\",\"position\":3,\"name\":\"Extensions de l&#8217;axe de p\u00e9dale Ergotec 18mm\"}]},{\"@type\":\"WebSite\",\"@id\":\"https:\\\/\\\/bikefit.lu\\\/fr\\\/#website\",\"url\":\"https:\\\/\\\/bikefit.lu\\\/fr\\\/\",\"name\":\"bikefit.lu\",\"description\":\"IMPROVING CYCLING\",\"publisher\":{\"@id\":\"https:\\\/\\\/bikefit.lu\\\/fr\\\/#\\\/schema\\\/person\\\/379af1263474d2f8cd1f41c2bd90273d\"},\"potentialAction\":[{\"@type\":\"SearchAction\",\"target\":{\"@type\":\"EntryPoint\",\"urlTemplate\":\"https:\\\/\\\/bikefit.lu\\\/fr\\\/?s={search_term_string}\"},\"query-input\":{\"@type\":\"PropertyValueSpecification\",\"valueRequired\":true,\"valueName\":\"search_term_string\"}}],\"inLanguage\":\"fr-FR\"},{\"@type\":[\"Person\",\"Organization\"],\"@id\":\"https:\\\/\\\/bikefit.lu\\\/fr\\\/#\\\/schema\\\/person\\\/379af1263474d2f8cd1f41c2bd90273d\",\"name\":\"Patrick Guillaume\",\"image\":{\"@type\":\"ImageObject\",\"inLanguage\":\"fr-FR\",\"@id\":\"https:\\\/\\\/bikefit.lu\\\/wp-content\\\/uploads\\\/2024\\\/12\\\/cropped-bikefit-logoURL-RGB-jpg.jpg\",\"url\":\"https:\\\/\\\/bikefit.lu\\\/wp-content\\\/uploads\\\/2024\\\/12\\\/cropped-bikefit-logoURL-RGB-jpg.jpg\",\"contentUrl\":\"https:\\\/\\\/bikefit.lu\\\/wp-content\\\/uploads\\\/2024\\\/12\\\/cropped-bikefit-logoURL-RGB-jpg.jpg\",\"width\":512,\"height\":512,\"caption\":\"Patrick Guillaume\"},\"logo\":{\"@id\":\"https:\\\/\\\/bikefit.lu\\\/wp-content\\\/uploads\\\/2024\\\/12\\\/cropped-bikefit-logoURL-RGB-jpg.jpg\"},\"sameAs\":[\"https:\\\/\\\/bikefit.lu\"],\"honorificPrefix\":\"Mr\",\"birthDate\":\"1966-11-18\",\"gender\":\"male\",\"knowsAbout\":[\"Bike-fitting\"],\"knowsLanguage\":[\"English\",\"French\",\"German\",\"Luxembourgish\"]}]}<\/script>\n<meta property=\"product:price:amount\" content=\"47.00\" \/>\n<meta property=\"product:price:currency\" content=\"EUR\" \/>\n<meta property=\"og:availability\" content=\"instock\" \/>\n<meta property=\"product:availability\" content=\"instock\" \/>\n<meta property=\"product:condition\" content=\"new\" \/>\n<!-- \/ Yoast SEO Premium plugin. -->","yoast_head_json":{"title":"Extensions de l'axe de p\u00e9dale Ergotec 18mm - bikefit.lu","robots":{"index":"index","follow":"follow","max-snippet":"max-snippet:-1","max-image-preview":"max-image-preview:large","max-video-preview":"max-video-preview:-1"},"canonical":"https:\/\/bikefit.lu\/fr\/product\/ergotec-extensions-de-laxe-de-la-pedale-18mm\/","og_locale":"fr_FR","og_type":"article","og_title":"Extensions de l'axe de p\u00e9dale Ergotec 18mm","og_description":"L'extension de l'axe de p\u00e9dale Ergotec augmente le facteur Q (la distance entre les deux p\u00e9dales) de la largeur de la manivelle de 18 mm. Attention : Ces entretoises pour p\u00e9dales NE fonctionnent PAS avec les p\u00e9dales qui n'ont pas de plats de serrage (les p\u00e9dales sont fix\u00e9es au bras de manivelle avec une cl\u00e9 hexagonale de 6 ou 8 mm). Vous pouvez les monter mais vous ne pourrez pas les retirer des p\u00e9dales. N'est pas destin\u00e9 \u00e0 \u00eatre utilis\u00e9 avec des manivelles en carbone.","og_url":"https:\/\/bikefit.lu\/fr\/product\/ergotec-extensions-de-laxe-de-la-pedale-18mm\/","og_site_name":"bikefit.lu","article_modified_time":"2025-04-14T16:55:04+00:00","og_image":[{"width":800,"height":800,"url":"https:\/\/bikefit.lu\/wp-content\/uploads\/2024\/01\/Ergotec.jpg","type":"image\/jpeg"}],"twitter_card":"summary_large_image","twitter_misc":{"Prix":"47,00&nbsp;&euro;","Disponibilit\u00e9":"En stock"},"schema":{"@context":"https:\/\/schema.org","@graph":[{"@type":"WebPage","@id":"https:\/\/bikefit.lu\/fr\/product\/ergotec-extensions-de-laxe-de-la-pedale-18mm\/","url":"https:\/\/bikefit.lu\/fr\/product\/ergotec-extensions-de-laxe-de-la-pedale-18mm\/","name":"Extensions de l'axe de p\u00e9dale Ergotec 18mm - bikefit.lu","isPartOf":{"@id":"https:\/\/bikefit.lu\/fr\/#website"},"primaryImageOfPage":{"@id":"https:\/\/bikefit.lu\/fr\/product\/ergotec-extensions-de-laxe-de-la-pedale-18mm\/#primaryimage"},"image":{"@id":"https:\/\/bikefit.lu\/fr\/product\/ergotec-extensions-de-laxe-de-la-pedale-18mm\/#primaryimage"},"thumbnailUrl":"https:\/\/bikefit.lu\/wp-content\/uploads\/2024\/01\/Ergotec.jpg","datePublished":"2024-01-25T11:29:57+00:00","dateModified":"2025-04-14T16:55:04+00:00","breadcrumb":{"@id":"https:\/\/bikefit.lu\/fr\/product\/ergotec-extensions-de-laxe-de-la-pedale-18mm\/#breadcrumb"},"inLanguage":"fr-FR","potentialAction":[{"@type":"ReadAction","target":["https:\/\/bikefit.lu\/fr\/product\/ergotec-extensions-de-laxe-de-la-pedale-18mm\/"]}]},{"@type":"ImageObject","inLanguage":"fr-FR","@id":"https:\/\/bikefit.lu\/fr\/product\/ergotec-extensions-de-laxe-de-la-pedale-18mm\/#primaryimage","url":"https:\/\/bikefit.lu\/wp-content\/uploads\/2024\/01\/Ergotec.jpg","contentUrl":"https:\/\/bikefit.lu\/wp-content\/uploads\/2024\/01\/Ergotec.jpg","width":800,"height":800},{"@type":"BreadcrumbList","@id":"https:\/\/bikefit.lu\/fr\/product\/ergotec-extensions-de-laxe-de-la-pedale-18mm\/#breadcrumb","itemListElement":[{"@type":"ListItem","position":1,"name":"Home","item":"https:\/\/bikefit.lu\/fr\/"},{"@type":"ListItem","position":2,"name":"Produits","item":"https:\/\/bikefit.lu\/fr\/shop\/"},{"@type":"ListItem","position":3,"name":"Extensions de l&#8217;axe de p\u00e9dale Ergotec 18mm"}]},{"@type":"WebSite","@id":"https:\/\/bikefit.lu\/fr\/#website","url":"https:\/\/bikefit.lu\/fr\/","name":"bikefit.lu","description":"IMPROVING CYCLING","publisher":{"@id":"https:\/\/bikefit.lu\/fr\/#\/schema\/person\/379af1263474d2f8cd1f41c2bd90273d"},"potentialAction":[{"@type":"SearchAction","target":{"@type":"EntryPoint","urlTemplate":"https:\/\/bikefit.lu\/fr\/?s={search_term_string}"},"query-input":{"@type":"PropertyValueSpecification","valueRequired":true,"valueName":"search_term_string"}}],"inLanguage":"fr-FR"},{"@type":["Person","Organization"],"@id":"https:\/\/bikefit.lu\/fr\/#\/schema\/person\/379af1263474d2f8cd1f41c2bd90273d","name":"Patrick Guillaume","image":{"@type":"ImageObject","inLanguage":"fr-FR","@id":"https:\/\/bikefit.lu\/wp-content\/uploads\/2024\/12\/cropped-bikefit-logoURL-RGB-jpg.jpg","url":"https:\/\/bikefit.lu\/wp-content\/uploads\/2024\/12\/cropped-bikefit-logoURL-RGB-jpg.jpg","contentUrl":"https:\/\/bikefit.lu\/wp-content\/uploads\/2024\/12\/cropped-bikefit-logoURL-RGB-jpg.jpg","width":512,"height":512,"caption":"Patrick Guillaume"},"logo":{"@id":"https:\/\/bikefit.lu\/wp-content\/uploads\/2024\/12\/cropped-bikefit-logoURL-RGB-jpg.jpg"},"sameAs":["https:\/\/bikefit.lu"],"honorificPrefix":"Mr","birthDate":"1966-11-18","gender":"male","knowsAbout":["Bike-fitting"],"knowsLanguage":["English","French","German","Luxembourgish"]}]},"product_price_amount":"47.00","product_price_currency":"EUR","og_availability":"instock","product_availability":"instock","product_condition":"new"},"_links":{"self":[{"href":"https:\/\/bikefit.lu\/fr\/wp-json\/wp\/v2\/product\/78572","targetHints":{"allow":["GET"]}}],"collection":[{"href":"https:\/\/bikefit.lu\/fr\/wp-json\/wp\/v2\/product"}],"about":[{"href":"https:\/\/bikefit.lu\/fr\/wp-json\/wp\/v2\/types\/product"}],"replies":[{"embeddable":true,"href":"https:\/\/bikefit.lu\/fr\/wp-json\/wp\/v2\/comments?post=78572"}],"version-history":[{"count":0,"href":"https:\/\/bikefit.lu\/fr\/wp-json\/wp\/v2\/product\/78572\/revisions"}],"wp:featuredmedia":[{"embeddable":true,"href":"https:\/\/bikefit.lu\/fr\/wp-json\/wp\/v2\/media\/77272"}],"wp:attachment":[{"href":"https:\/\/bikefit.lu\/fr\/wp-json\/wp\/v2\/media?parent=78572"}],"wp:term":[{"taxonomy":"product_brand","embeddable":true,"href":"https:\/\/bikefit.lu\/fr\/wp-json\/wp\/v2\/product_brand?post=78572"},{"taxonomy":"product_cat","embeddable":true,"href":"https:\/\/bikefit.lu\/fr\/wp-json\/wp\/v2\/product_cat?post=78572"},{"taxonomy":"product_tag","embeddable":true,"href":"https:\/\/bikefit.lu\/fr\/wp-json\/wp\/v2\/product_tag?post=78572"}],"curies":[{"name":"wp","href":"https:\/\/api.w.org\/{rel}","templated":true}]}}