{"id":78602,"date":"2023-04-28T09:04:15","date_gmt":"2023-04-28T09:04:15","guid":{"rendered":"https:\/\/staging.bikefit.lu\/shop\/non%20class\u00e9\/entretoises-de-compensation-de-longueur-de-jambes-form-3-trous-universel\/"},"modified":"2025-06-10T23:15:52","modified_gmt":"2025-06-10T21:15:52","slug":"entretoises-de-compensation-de-longueur-de-jambes-form-3-trous-universel","status":"publish","type":"product","link":"https:\/\/bikefit.lu\/fr\/product\/entretoises-de-compensation-de-longueur-de-jambes-form-3-trous-universel\/","title":{"rendered":"Entretoises de compensation de longueur de jambes Form\u00ae 3 trous \u2013 universel"},"content":{"rendered":"<p>La cale de compensation de longueur de jambe FORM est compatible avec toutes les les cales de route \u00e0 3 trous. Ce produit comprend un certain nombre de fonctionnalit\u00e9s innovantes et utiles: <\/p>\n<ul>\n<li>Une forme incurv\u00e9e pour \u00e9pouser la forme de la semelle d\u2019une chaussure de v\u00e9lo<\/li>\n<li>Une face avant chanfrein\u00e9e pour faciliter l\u2019engagement, notamment lorsque les cales sont empil\u00e9es<\/li>\n<li>Un syst\u00e8me de &#8220;broches&#8221; pour relier plusieurs cales ou coins FORM entre eux.<\/li>\n<li>Marqueurs de position des cales pour aider \u00e0 l\u2019alignement de la cale sur l\u2019entretoise<\/li>\n<li>Fabriqu\u00e9 \u00e0 partir de nylon r\u00e9sistant aux chocs pour r\u00e9duire les dommages dus aux engagements r\u00e9p\u00e9t\u00e9s<\/li>\n<\/ul>\n","protected":false},"excerpt":{"rendered":"<p class=\"ai-optimize-37\">Les cales de longueur de jambe sont utilis\u00e9es pour augmenter la longueur effective d&#8217;une jambe plus courte dans les cas o\u00f9 un cycliste souffre d&#8217;une diff\u00e9rence de longueur de jambe. Les signes d&#8217;une anomalie peuvent \u00eatre les suivants :<\/p>\n<p class=\"ai-optimize-38\">a) hyperextension d\u2019un c\u00f4t\u00e9 au plus bas de la p\u00e9dale<\/p>\n<p class=\"ai-optimize-39\">b) bassin inclin\u00e9 ou cycliste pench\u00e9 d\u2019un c\u00f4t\u00e9 de la selle afin de conserver la connexion avec les p\u00e9dales au plus bas de la course<\/p>\n<p class=\"ai-optimize-40\">c) une jambe manque d\u2019extension tandis que l\u2019autre se sent juste comme il faut<\/p>\n<p class=\"ai-optimize-41\">En supposant que la position du cycliste est correcte et que ses jambes ont \u00e9t\u00e9 \u00e9valu\u00e9es comme pr\u00e9sentant une divergence, les probl\u00e8mes ci-dessus pourraient \u00eatre r\u00e9solus avec l\u2019utilisation de cales de longueur de jambe. Le shimming, avec la bonne hauteur d\u2019entretoises, peut cr\u00e9er une extension de jambe plus \u00e9gale, stabiliser le bassin et conduire \u00e0 un coup de p\u00e9dale plus lisse et plus contr\u00f4l\u00e9 sur le c\u00f4t\u00e9 le plus court.<\/p>\n<p class=\"ai-optimize-42\">LE KIT COMPREND : 1 x cale de 2 mm\/ 1 x cale de 3 mm\/ broches \/ vis. Si vous devez utiliser plus d\u2019une cale, il est recommand\u00e9 de commander le kit afin d\u2019avoir les broches. Si vous devez utiliser plus d\u2019une cale, il est recommand\u00e9 de commander le kit afin d\u2019avoir les broches.<\/p>\n<p class=\"ai-optimize-43\"><span style=\"color: #00ccff;\"><strong>Les paquets (5 cales) et les articles individuels sont livr\u00e9s <span style=\"color: #ff0000;\">sans <\/span>vis. Voir le tableau pour commander les longueurs de vis n\u00e9cessaires.<\/strong><\/span><\/p>\n<p>&nbsp;<\/p>\n","protected":false},"featured_media":77191,"comment_status":"closed","ping_status":"closed","template":"","meta":[],"product_brand":[],"product_cat":[4826,4785],"product_tag":[4930,5071,5052,5104,5190],"class_list":{"0":"post-78602","1":"product","2":"type-product","3":"status-publish","4":"has-post-thumbnail","6":"product_cat-foot-pedal-interface-fr","7":"product_cat-road-fr","8":"product_tag-3-hole-fr","9":"product_tag-foot-pedal-interface-fr","10":"product_tag-form-fr","11":"product_tag-shims","12":"product_tag-universel-fr","13":"product_shipping_class-format-s-fr","14":"pa_stack-kit-1-x-2-mm-1-x-3-mm-fr","15":"pa_stack-pack-5-x-2-mm-fr","16":"pa_stack-pack-5-x-3-mm-fr","17":"pa_stack-single-2-mm-fr","18":"pa_stack-single-3-mm-fr","20":"first","21":"instock","22":"taxable","23":"shipping-taxable","24":"purchasable","25":"product-type-variable"},"yoast_head":"<!-- This site is optimized with the Yoast SEO Premium plugin v27.3 (Yoast SEO v27.3) - https:\/\/yoast.com\/product\/yoast-seo-premium-wordpress\/ -->\n<title>Entretoises de compensation de longueur de jambes Form\u00ae 3 trous \u2013 universel - bikefit.lu<\/title>\n<meta name=\"robots\" content=\"index, follow, max-snippet:-1, max-image-preview:large, max-video-preview:-1\" \/>\n<link rel=\"canonical\" href=\"https:\/\/bikefit.lu\/fr\/product\/entretoises-de-compensation-de-longueur-de-jambes-form-3-trous-universel\/\" \/>\n<meta property=\"og:locale\" content=\"fr_FR\" \/>\n<meta property=\"og:type\" content=\"article\" \/>\n<meta property=\"og:title\" content=\"Entretoises de compensation de longueur de jambes Form\u00ae 3 trous \u2013 universel\" \/>\n<meta property=\"og:description\" content=\"Les cales de longueur de jambe sont utilis\u00e9es pour augmenter la longueur effective d&#039;une jambe plus courte dans les cas o\u00f9 un cycliste souffre d&#039;une diff\u00e9rence de longueur de jambe. Les signes d&#039;une anomalie peuvent \u00eatre les suivants : a) hyperextension d\u2019un c\u00f4t\u00e9 au plus bas de la p\u00e9dale b) bassin inclin\u00e9 ou cycliste pench\u00e9 d\u2019un c\u00f4t\u00e9 de la selle afin de conserver la connexion avec les p\u00e9dales au plus bas de la course c) une jambe manque d\u2019extension tandis que l\u2019autre se sent juste comme il faut En supposant que la position du cycliste est correcte et que ses jambes ont \u00e9t\u00e9 \u00e9valu\u00e9es comme pr\u00e9sentant une divergence, les probl\u00e8mes ci-dessus pourraient \u00eatre r\u00e9solus avec l\u2019utilisation de cales de longueur de jambe. Le shimming, avec la bonne hauteur d\u2019entretoises, peut cr\u00e9er une extension de jambe plus \u00e9gale, stabiliser le bassin et conduire \u00e0 un coup de p\u00e9dale plus lisse et plus contr\u00f4l\u00e9 sur le c\u00f4t\u00e9 le plus court. LE KIT COMPREND : 1 x cale de 2 mm\/ 1 x cale de 3 mm\/ broches \/ vis. Si vous devez utiliser plus d\u2019une cale, il est recommand\u00e9 de commander le kit afin d\u2019avoir les broches. Si vous devez utiliser plus d\u2019une cale, il est recommand\u00e9 de commander le kit afin d\u2019avoir les broches. Les paquets (5 cales) et les articles individuels sont livr\u00e9s sans vis. Voir le tableau pour commander les longueurs de vis n\u00e9cessaires. &nbsp;\" \/>\n<meta property=\"og:url\" content=\"https:\/\/bikefit.lu\/fr\/product\/entretoises-de-compensation-de-longueur-de-jambes-form-3-trous-universel\/\" \/>\n<meta property=\"og:site_name\" content=\"bikefit.lu\" \/>\n<meta property=\"article:modified_time\" content=\"2025-06-10T21:15:52+00:00\" \/>\n<meta property=\"og:image\" content=\"https:\/\/bikefit.lu\/wp-content\/uploads\/2023\/04\/1a-leg-length-shim-universal-1.webp\" \/>\n\t<meta property=\"og:image:width\" content=\"1920\" \/>\n\t<meta property=\"og:image:height\" content=\"1920\" \/>\n\t<meta property=\"og:image:type\" content=\"image\/webp\" \/>\n<meta name=\"twitter:card\" content=\"summary_large_image\" \/>\n<meta name=\"twitter:label1\" content=\"Disponibilit\u00e9\" \/>\n\t<meta name=\"twitter:data1\" content=\"En stock\" \/>\n<script type=\"application\/ld+json\" class=\"yoast-schema-graph\">{\"@context\":\"https:\\\/\\\/schema.org\",\"@graph\":[{\"@type\":\"WebPage\",\"@id\":\"https:\\\/\\\/bikefit.lu\\\/fr\\\/product\\\/entretoises-de-compensation-de-longueur-de-jambes-form-3-trous-universel\\\/\",\"url\":\"https:\\\/\\\/bikefit.lu\\\/fr\\\/product\\\/entretoises-de-compensation-de-longueur-de-jambes-form-3-trous-universel\\\/\",\"name\":\"Entretoises de compensation de longueur de jambes Form\u00ae 3 trous \u2013 universel - bikefit.lu\",\"isPartOf\":{\"@id\":\"https:\\\/\\\/bikefit.lu\\\/fr\\\/#website\"},\"primaryImageOfPage\":{\"@id\":\"https:\\\/\\\/bikefit.lu\\\/fr\\\/product\\\/entretoises-de-compensation-de-longueur-de-jambes-form-3-trous-universel\\\/#primaryimage\"},\"image\":{\"@id\":\"https:\\\/\\\/bikefit.lu\\\/fr\\\/product\\\/entretoises-de-compensation-de-longueur-de-jambes-form-3-trous-universel\\\/#primaryimage\"},\"thumbnailUrl\":\"https:\\\/\\\/bikefit.lu\\\/wp-content\\\/uploads\\\/2023\\\/04\\\/1a-leg-length-shim-universal-1.webp\",\"datePublished\":\"2023-04-28T09:04:15+00:00\",\"dateModified\":\"2025-06-10T21:15:52+00:00\",\"breadcrumb\":{\"@id\":\"https:\\\/\\\/bikefit.lu\\\/fr\\\/product\\\/entretoises-de-compensation-de-longueur-de-jambes-form-3-trous-universel\\\/#breadcrumb\"},\"inLanguage\":\"fr-FR\",\"potentialAction\":[{\"@type\":\"ReadAction\",\"target\":[\"https:\\\/\\\/bikefit.lu\\\/fr\\\/product\\\/entretoises-de-compensation-de-longueur-de-jambes-form-3-trous-universel\\\/\"]}]},{\"@type\":\"ImageObject\",\"inLanguage\":\"fr-FR\",\"@id\":\"https:\\\/\\\/bikefit.lu\\\/fr\\\/product\\\/entretoises-de-compensation-de-longueur-de-jambes-form-3-trous-universel\\\/#primaryimage\",\"url\":\"https:\\\/\\\/bikefit.lu\\\/wp-content\\\/uploads\\\/2023\\\/04\\\/1a-leg-length-shim-universal-1.webp\",\"contentUrl\":\"https:\\\/\\\/bikefit.lu\\\/wp-content\\\/uploads\\\/2023\\\/04\\\/1a-leg-length-shim-universal-1.webp\",\"width\":1920,\"height\":1920},{\"@type\":\"BreadcrumbList\",\"@id\":\"https:\\\/\\\/bikefit.lu\\\/fr\\\/product\\\/entretoises-de-compensation-de-longueur-de-jambes-form-3-trous-universel\\\/#breadcrumb\",\"itemListElement\":[{\"@type\":\"ListItem\",\"position\":1,\"name\":\"Home\",\"item\":\"https:\\\/\\\/bikefit.lu\\\/fr\\\/\"},{\"@type\":\"ListItem\",\"position\":2,\"name\":\"Produits\",\"item\":\"https:\\\/\\\/bikefit.lu\\\/fr\\\/shop\\\/\"},{\"@type\":\"ListItem\",\"position\":3,\"name\":\"Entretoises de compensation de longueur de jambes Form\u00ae 3 trous \u2013 universel\"}]},{\"@type\":\"WebSite\",\"@id\":\"https:\\\/\\\/bikefit.lu\\\/fr\\\/#website\",\"url\":\"https:\\\/\\\/bikefit.lu\\\/fr\\\/\",\"name\":\"bikefit.lu\",\"description\":\"IMPROVING CYCLING\",\"publisher\":{\"@id\":\"https:\\\/\\\/bikefit.lu\\\/fr\\\/#\\\/schema\\\/person\\\/379af1263474d2f8cd1f41c2bd90273d\"},\"potentialAction\":[{\"@type\":\"SearchAction\",\"target\":{\"@type\":\"EntryPoint\",\"urlTemplate\":\"https:\\\/\\\/bikefit.lu\\\/fr\\\/?s={search_term_string}\"},\"query-input\":{\"@type\":\"PropertyValueSpecification\",\"valueRequired\":true,\"valueName\":\"search_term_string\"}}],\"inLanguage\":\"fr-FR\"},{\"@type\":[\"Person\",\"Organization\"],\"@id\":\"https:\\\/\\\/bikefit.lu\\\/fr\\\/#\\\/schema\\\/person\\\/379af1263474d2f8cd1f41c2bd90273d\",\"name\":\"Patrick Guillaume\",\"image\":{\"@type\":\"ImageObject\",\"inLanguage\":\"fr-FR\",\"@id\":\"https:\\\/\\\/bikefit.lu\\\/wp-content\\\/uploads\\\/2024\\\/12\\\/cropped-bikefit-logoURL-RGB-jpg.jpg\",\"url\":\"https:\\\/\\\/bikefit.lu\\\/wp-content\\\/uploads\\\/2024\\\/12\\\/cropped-bikefit-logoURL-RGB-jpg.jpg\",\"contentUrl\":\"https:\\\/\\\/bikefit.lu\\\/wp-content\\\/uploads\\\/2024\\\/12\\\/cropped-bikefit-logoURL-RGB-jpg.jpg\",\"width\":512,\"height\":512,\"caption\":\"Patrick Guillaume\"},\"logo\":{\"@id\":\"https:\\\/\\\/bikefit.lu\\\/wp-content\\\/uploads\\\/2024\\\/12\\\/cropped-bikefit-logoURL-RGB-jpg.jpg\"},\"sameAs\":[\"https:\\\/\\\/bikefit.lu\"],\"honorificPrefix\":\"Mr\",\"birthDate\":\"1966-11-18\",\"gender\":\"male\",\"knowsAbout\":[\"Bike-fitting\"],\"knowsLanguage\":[\"English\",\"French\",\"German\",\"Luxembourgish\"]}]}<\/script>\n<meta property=\"og:availability\" content=\"instock\" \/>\n<meta property=\"product:availability\" content=\"instock\" \/>\n<meta property=\"product:condition\" content=\"new\" \/>\n<!-- \/ Yoast SEO Premium plugin. -->","yoast_head_json":{"title":"Entretoises de compensation de longueur de jambes Form\u00ae 3 trous \u2013 universel - bikefit.lu","robots":{"index":"index","follow":"follow","max-snippet":"max-snippet:-1","max-image-preview":"max-image-preview:large","max-video-preview":"max-video-preview:-1"},"canonical":"https:\/\/bikefit.lu\/fr\/product\/entretoises-de-compensation-de-longueur-de-jambes-form-3-trous-universel\/","og_locale":"fr_FR","og_type":"article","og_title":"Entretoises de compensation de longueur de jambes Form\u00ae 3 trous \u2013 universel","og_description":"Les cales de longueur de jambe sont utilis\u00e9es pour augmenter la longueur effective d'une jambe plus courte dans les cas o\u00f9 un cycliste souffre d'une diff\u00e9rence de longueur de jambe. Les signes d'une anomalie peuvent \u00eatre les suivants : a) hyperextension d\u2019un c\u00f4t\u00e9 au plus bas de la p\u00e9dale b) bassin inclin\u00e9 ou cycliste pench\u00e9 d\u2019un c\u00f4t\u00e9 de la selle afin de conserver la connexion avec les p\u00e9dales au plus bas de la course c) une jambe manque d\u2019extension tandis que l\u2019autre se sent juste comme il faut En supposant que la position du cycliste est correcte et que ses jambes ont \u00e9t\u00e9 \u00e9valu\u00e9es comme pr\u00e9sentant une divergence, les probl\u00e8mes ci-dessus pourraient \u00eatre r\u00e9solus avec l\u2019utilisation de cales de longueur de jambe. Le shimming, avec la bonne hauteur d\u2019entretoises, peut cr\u00e9er une extension de jambe plus \u00e9gale, stabiliser le bassin et conduire \u00e0 un coup de p\u00e9dale plus lisse et plus contr\u00f4l\u00e9 sur le c\u00f4t\u00e9 le plus court. LE KIT COMPREND : 1 x cale de 2 mm\/ 1 x cale de 3 mm\/ broches \/ vis. Si vous devez utiliser plus d\u2019une cale, il est recommand\u00e9 de commander le kit afin d\u2019avoir les broches. Si vous devez utiliser plus d\u2019une cale, il est recommand\u00e9 de commander le kit afin d\u2019avoir les broches. Les paquets (5 cales) et les articles individuels sont livr\u00e9s sans vis. Voir le tableau pour commander les longueurs de vis n\u00e9cessaires. &nbsp;","og_url":"https:\/\/bikefit.lu\/fr\/product\/entretoises-de-compensation-de-longueur-de-jambes-form-3-trous-universel\/","og_site_name":"bikefit.lu","article_modified_time":"2025-06-10T21:15:52+00:00","og_image":[{"width":1920,"height":1920,"url":"https:\/\/bikefit.lu\/wp-content\/uploads\/2023\/04\/1a-leg-length-shim-universal-1.webp","type":"image\/webp"}],"twitter_card":"summary_large_image","twitter_misc":{"Disponibilit\u00e9":"En stock"},"schema":{"@context":"https:\/\/schema.org","@graph":[{"@type":"WebPage","@id":"https:\/\/bikefit.lu\/fr\/product\/entretoises-de-compensation-de-longueur-de-jambes-form-3-trous-universel\/","url":"https:\/\/bikefit.lu\/fr\/product\/entretoises-de-compensation-de-longueur-de-jambes-form-3-trous-universel\/","name":"Entretoises de compensation de longueur de jambes Form\u00ae 3 trous \u2013 universel - bikefit.lu","isPartOf":{"@id":"https:\/\/bikefit.lu\/fr\/#website"},"primaryImageOfPage":{"@id":"https:\/\/bikefit.lu\/fr\/product\/entretoises-de-compensation-de-longueur-de-jambes-form-3-trous-universel\/#primaryimage"},"image":{"@id":"https:\/\/bikefit.lu\/fr\/product\/entretoises-de-compensation-de-longueur-de-jambes-form-3-trous-universel\/#primaryimage"},"thumbnailUrl":"https:\/\/bikefit.lu\/wp-content\/uploads\/2023\/04\/1a-leg-length-shim-universal-1.webp","datePublished":"2023-04-28T09:04:15+00:00","dateModified":"2025-06-10T21:15:52+00:00","breadcrumb":{"@id":"https:\/\/bikefit.lu\/fr\/product\/entretoises-de-compensation-de-longueur-de-jambes-form-3-trous-universel\/#breadcrumb"},"inLanguage":"fr-FR","potentialAction":[{"@type":"ReadAction","target":["https:\/\/bikefit.lu\/fr\/product\/entretoises-de-compensation-de-longueur-de-jambes-form-3-trous-universel\/"]}]},{"@type":"ImageObject","inLanguage":"fr-FR","@id":"https:\/\/bikefit.lu\/fr\/product\/entretoises-de-compensation-de-longueur-de-jambes-form-3-trous-universel\/#primaryimage","url":"https:\/\/bikefit.lu\/wp-content\/uploads\/2023\/04\/1a-leg-length-shim-universal-1.webp","contentUrl":"https:\/\/bikefit.lu\/wp-content\/uploads\/2023\/04\/1a-leg-length-shim-universal-1.webp","width":1920,"height":1920},{"@type":"BreadcrumbList","@id":"https:\/\/bikefit.lu\/fr\/product\/entretoises-de-compensation-de-longueur-de-jambes-form-3-trous-universel\/#breadcrumb","itemListElement":[{"@type":"ListItem","position":1,"name":"Home","item":"https:\/\/bikefit.lu\/fr\/"},{"@type":"ListItem","position":2,"name":"Produits","item":"https:\/\/bikefit.lu\/fr\/shop\/"},{"@type":"ListItem","position":3,"name":"Entretoises de compensation de longueur de jambes Form\u00ae 3 trous \u2013 universel"}]},{"@type":"WebSite","@id":"https:\/\/bikefit.lu\/fr\/#website","url":"https:\/\/bikefit.lu\/fr\/","name":"bikefit.lu","description":"IMPROVING CYCLING","publisher":{"@id":"https:\/\/bikefit.lu\/fr\/#\/schema\/person\/379af1263474d2f8cd1f41c2bd90273d"},"potentialAction":[{"@type":"SearchAction","target":{"@type":"EntryPoint","urlTemplate":"https:\/\/bikefit.lu\/fr\/?s={search_term_string}"},"query-input":{"@type":"PropertyValueSpecification","valueRequired":true,"valueName":"search_term_string"}}],"inLanguage":"fr-FR"},{"@type":["Person","Organization"],"@id":"https:\/\/bikefit.lu\/fr\/#\/schema\/person\/379af1263474d2f8cd1f41c2bd90273d","name":"Patrick Guillaume","image":{"@type":"ImageObject","inLanguage":"fr-FR","@id":"https:\/\/bikefit.lu\/wp-content\/uploads\/2024\/12\/cropped-bikefit-logoURL-RGB-jpg.jpg","url":"https:\/\/bikefit.lu\/wp-content\/uploads\/2024\/12\/cropped-bikefit-logoURL-RGB-jpg.jpg","contentUrl":"https:\/\/bikefit.lu\/wp-content\/uploads\/2024\/12\/cropped-bikefit-logoURL-RGB-jpg.jpg","width":512,"height":512,"caption":"Patrick Guillaume"},"logo":{"@id":"https:\/\/bikefit.lu\/wp-content\/uploads\/2024\/12\/cropped-bikefit-logoURL-RGB-jpg.jpg"},"sameAs":["https:\/\/bikefit.lu"],"honorificPrefix":"Mr","birthDate":"1966-11-18","gender":"male","knowsAbout":["Bike-fitting"],"knowsLanguage":["English","French","German","Luxembourgish"]}]},"og_availability":"instock","product_availability":"instock","product_condition":"new"},"_links":{"self":[{"href":"https:\/\/bikefit.lu\/fr\/wp-json\/wp\/v2\/product\/78602","targetHints":{"allow":["GET"]}}],"collection":[{"href":"https:\/\/bikefit.lu\/fr\/wp-json\/wp\/v2\/product"}],"about":[{"href":"https:\/\/bikefit.lu\/fr\/wp-json\/wp\/v2\/types\/product"}],"replies":[{"embeddable":true,"href":"https:\/\/bikefit.lu\/fr\/wp-json\/wp\/v2\/comments?post=78602"}],"version-history":[{"count":0,"href":"https:\/\/bikefit.lu\/fr\/wp-json\/wp\/v2\/product\/78602\/revisions"}],"wp:featuredmedia":[{"embeddable":true,"href":"https:\/\/bikefit.lu\/fr\/wp-json\/wp\/v2\/media\/77191"}],"wp:attachment":[{"href":"https:\/\/bikefit.lu\/fr\/wp-json\/wp\/v2\/media?parent=78602"}],"wp:term":[{"taxonomy":"product_brand","embeddable":true,"href":"https:\/\/bikefit.lu\/fr\/wp-json\/wp\/v2\/product_brand?post=78602"},{"taxonomy":"product_cat","embeddable":true,"href":"https:\/\/bikefit.lu\/fr\/wp-json\/wp\/v2\/product_cat?post=78602"},{"taxonomy":"product_tag","embeddable":true,"href":"https:\/\/bikefit.lu\/fr\/wp-json\/wp\/v2\/product_tag?post=78602"}],"curies":[{"name":"wp","href":"https:\/\/api.w.org\/{rel}","templated":true}]}}