{"id":78610,"date":"2023-04-28T07:00:44","date_gmt":"2023-04-28T05:00:44","guid":{"rendered":"https:\/\/staging.bikefit.lu\/shop\/non%20class\u00e9\/form-entretoises-pour-pedales-2mm\/"},"modified":"2025-04-14T19:01:01","modified_gmt":"2025-04-14T17:01:01","slug":"form-entretoises-pour-pedales-2mm","status":"publish","type":"product","link":"https:\/\/bikefit.lu\/fr\/product\/form-entretoises-pour-pedales-2mm\/","title":{"rendered":"Entretoises pour p\u00e9dales FORM\u00ae &#8211; 2 mm"},"content":{"rendered":"","protected":false},"excerpt":{"rendered":"<p>Ces entretoises de p\u00e9dale de 2 mm sont con\u00e7ues pour \u00e9largir l&#8217;\u00e9cartement des pieds du cycliste de 2 mm par c\u00f4t\u00e9, soit 4 mm au total.<\/p>\n<p>Elles conviennent aux cyclistes qui estiment que le facteur Q de leur v\u00e9lo est restrictif et qui se trouvent d\u00e9j\u00e0 \u00e0 l&#8217;extr\u00e9mit\u00e9 ext\u00e9rieure de la plage de r\u00e9glage de leurs cales.<\/p>\n<p>Compatibles avec toutes les p\u00e9dales dot\u00e9es d&#8217;un axe de 9\/16 de pouce.<\/p>\n<p>Il n&#8217;est pas recommand\u00e9 d&#8217;utiliser plus d&#8217;une entretoise par c\u00f4t\u00e9 afin de garantir un filetage suffisant \u00e0 l&#8217;int\u00e9rieur de la manivelle.<\/p>\n","protected":false},"featured_media":77203,"comment_status":"closed","ping_status":"closed","template":"","meta":[],"product_brand":[],"product_cat":[4780,4783,4826,4785],"product_tag":[5071,5052,5066,5124,5690,5183,5178],"class_list":{"0":"post-78610","1":"product","2":"type-product","3":"status-publish","4":"has-post-thumbnail","6":"product_cat-hardware-fr","7":"product_cat-offroad-fr-2","8":"product_cat-foot-pedal-interface-fr","9":"product_cat-road-fr","10":"product_tag-foot-pedal-interface-fr","11":"product_tag-form-fr","12":"product_tag-hardware-fr","13":"product_tag-road-fr","14":"product_tag-spacers-fr","15":"product_tag-triathlon-fr","16":"product_tag-ultra-cycling-fr","17":"product_shipping_class-format-xs-fr","19":"first","20":"instock","21":"taxable","22":"shipping-taxable","23":"purchasable","24":"product-type-simple"},"yoast_head":"<!-- This site is optimized with the Yoast SEO Premium plugin v27.3 (Yoast SEO v27.3) - https:\/\/yoast.com\/product\/yoast-seo-premium-wordpress\/ -->\n<title>Entretoises pour p\u00e9dales FORM\u00ae - 2 mm - bikefit.lu<\/title>\n<meta name=\"robots\" content=\"index, follow, max-snippet:-1, max-image-preview:large, max-video-preview:-1\" \/>\n<link rel=\"canonical\" href=\"https:\/\/bikefit.lu\/fr\/product\/form-entretoises-pour-pedales-2mm\/\" \/>\n<meta property=\"og:locale\" content=\"fr_FR\" \/>\n<meta property=\"og:type\" content=\"article\" \/>\n<meta property=\"og:title\" content=\"Entretoises pour p\u00e9dales FORM\u00ae - 2 mm\" \/>\n<meta property=\"og:description\" content=\"Ces entretoises de p\u00e9dale de 2 mm sont con\u00e7ues pour \u00e9largir l&#039;\u00e9cartement des pieds du cycliste de 2 mm par c\u00f4t\u00e9, soit 4 mm au total. Elles conviennent aux cyclistes qui estiment que le facteur Q de leur v\u00e9lo est restrictif et qui se trouvent d\u00e9j\u00e0 \u00e0 l&#039;extr\u00e9mit\u00e9 ext\u00e9rieure de la plage de r\u00e9glage de leurs cales. Compatibles avec toutes les p\u00e9dales dot\u00e9es d&#039;un axe de 9\/16 de pouce. Il n&#039;est pas recommand\u00e9 d&#039;utiliser plus d&#039;une entretoise par c\u00f4t\u00e9 afin de garantir un filetage suffisant \u00e0 l&#039;int\u00e9rieur de la manivelle.\" \/>\n<meta property=\"og:url\" content=\"https:\/\/bikefit.lu\/fr\/product\/form-entretoises-pour-pedales-2mm\/\" \/>\n<meta property=\"og:site_name\" content=\"bikefit.lu\" \/>\n<meta property=\"article:modified_time\" content=\"2025-04-14T17:01:01+00:00\" \/>\n<meta property=\"og:image\" content=\"https:\/\/bikefit.lu\/wp-content\/uploads\/2023\/04\/09-2mm-pedal-washer-spacer-1.webp\" \/>\n\t<meta property=\"og:image:width\" content=\"1920\" \/>\n\t<meta property=\"og:image:height\" content=\"1920\" \/>\n\t<meta property=\"og:image:type\" content=\"image\/webp\" \/>\n<meta name=\"twitter:card\" content=\"summary_large_image\" \/>\n<meta name=\"twitter:label1\" content=\"Prix\" \/>\n\t<meta name=\"twitter:data1\" content=\"2,50&nbsp;&euro;\" \/>\n\t<meta name=\"twitter:label2\" content=\"Disponibilit\u00e9\" \/>\n\t<meta name=\"twitter:data2\" content=\"En stock\" \/>\n<script type=\"application\/ld+json\" class=\"yoast-schema-graph\">{\"@context\":\"https:\\\/\\\/schema.org\",\"@graph\":[{\"@type\":\"WebPage\",\"@id\":\"https:\\\/\\\/bikefit.lu\\\/fr\\\/product\\\/form-entretoises-pour-pedales-2mm\\\/\",\"url\":\"https:\\\/\\\/bikefit.lu\\\/fr\\\/product\\\/form-entretoises-pour-pedales-2mm\\\/\",\"name\":\"Entretoises pour p\u00e9dales FORM\u00ae - 2 mm - bikefit.lu\",\"isPartOf\":{\"@id\":\"https:\\\/\\\/bikefit.lu\\\/fr\\\/#website\"},\"primaryImageOfPage\":{\"@id\":\"https:\\\/\\\/bikefit.lu\\\/fr\\\/product\\\/form-entretoises-pour-pedales-2mm\\\/#primaryimage\"},\"image\":{\"@id\":\"https:\\\/\\\/bikefit.lu\\\/fr\\\/product\\\/form-entretoises-pour-pedales-2mm\\\/#primaryimage\"},\"thumbnailUrl\":\"https:\\\/\\\/bikefit.lu\\\/wp-content\\\/uploads\\\/2023\\\/04\\\/09-2mm-pedal-washer-spacer-1.webp\",\"datePublished\":\"2023-04-28T05:00:44+00:00\",\"dateModified\":\"2025-04-14T17:01:01+00:00\",\"breadcrumb\":{\"@id\":\"https:\\\/\\\/bikefit.lu\\\/fr\\\/product\\\/form-entretoises-pour-pedales-2mm\\\/#breadcrumb\"},\"inLanguage\":\"fr-FR\",\"potentialAction\":[{\"@type\":\"ReadAction\",\"target\":[\"https:\\\/\\\/bikefit.lu\\\/fr\\\/product\\\/form-entretoises-pour-pedales-2mm\\\/\"]}]},{\"@type\":\"ImageObject\",\"inLanguage\":\"fr-FR\",\"@id\":\"https:\\\/\\\/bikefit.lu\\\/fr\\\/product\\\/form-entretoises-pour-pedales-2mm\\\/#primaryimage\",\"url\":\"https:\\\/\\\/bikefit.lu\\\/wp-content\\\/uploads\\\/2023\\\/04\\\/09-2mm-pedal-washer-spacer-1.webp\",\"contentUrl\":\"https:\\\/\\\/bikefit.lu\\\/wp-content\\\/uploads\\\/2023\\\/04\\\/09-2mm-pedal-washer-spacer-1.webp\",\"width\":1920,\"height\":1920},{\"@type\":\"BreadcrumbList\",\"@id\":\"https:\\\/\\\/bikefit.lu\\\/fr\\\/product\\\/form-entretoises-pour-pedales-2mm\\\/#breadcrumb\",\"itemListElement\":[{\"@type\":\"ListItem\",\"position\":1,\"name\":\"Home\",\"item\":\"https:\\\/\\\/bikefit.lu\\\/fr\\\/\"},{\"@type\":\"ListItem\",\"position\":2,\"name\":\"Produits\",\"item\":\"https:\\\/\\\/bikefit.lu\\\/fr\\\/shop\\\/\"},{\"@type\":\"ListItem\",\"position\":3,\"name\":\"Entretoises pour p\u00e9dales FORM\u00ae &#8211; 2 mm\"}]},{\"@type\":\"WebSite\",\"@id\":\"https:\\\/\\\/bikefit.lu\\\/fr\\\/#website\",\"url\":\"https:\\\/\\\/bikefit.lu\\\/fr\\\/\",\"name\":\"bikefit.lu\",\"description\":\"IMPROVING CYCLING\",\"publisher\":{\"@id\":\"https:\\\/\\\/bikefit.lu\\\/fr\\\/#\\\/schema\\\/person\\\/379af1263474d2f8cd1f41c2bd90273d\"},\"potentialAction\":[{\"@type\":\"SearchAction\",\"target\":{\"@type\":\"EntryPoint\",\"urlTemplate\":\"https:\\\/\\\/bikefit.lu\\\/fr\\\/?s={search_term_string}\"},\"query-input\":{\"@type\":\"PropertyValueSpecification\",\"valueRequired\":true,\"valueName\":\"search_term_string\"}}],\"inLanguage\":\"fr-FR\"},{\"@type\":[\"Person\",\"Organization\"],\"@id\":\"https:\\\/\\\/bikefit.lu\\\/fr\\\/#\\\/schema\\\/person\\\/379af1263474d2f8cd1f41c2bd90273d\",\"name\":\"Patrick Guillaume\",\"image\":{\"@type\":\"ImageObject\",\"inLanguage\":\"fr-FR\",\"@id\":\"https:\\\/\\\/bikefit.lu\\\/wp-content\\\/uploads\\\/2024\\\/12\\\/cropped-bikefit-logoURL-RGB-jpg.jpg\",\"url\":\"https:\\\/\\\/bikefit.lu\\\/wp-content\\\/uploads\\\/2024\\\/12\\\/cropped-bikefit-logoURL-RGB-jpg.jpg\",\"contentUrl\":\"https:\\\/\\\/bikefit.lu\\\/wp-content\\\/uploads\\\/2024\\\/12\\\/cropped-bikefit-logoURL-RGB-jpg.jpg\",\"width\":512,\"height\":512,\"caption\":\"Patrick Guillaume\"},\"logo\":{\"@id\":\"https:\\\/\\\/bikefit.lu\\\/wp-content\\\/uploads\\\/2024\\\/12\\\/cropped-bikefit-logoURL-RGB-jpg.jpg\"},\"sameAs\":[\"https:\\\/\\\/bikefit.lu\"],\"honorificPrefix\":\"Mr\",\"birthDate\":\"1966-11-18\",\"gender\":\"male\",\"knowsAbout\":[\"Bike-fitting\"],\"knowsLanguage\":[\"English\",\"French\",\"German\",\"Luxembourgish\"]}]}<\/script>\n<meta property=\"product:price:amount\" content=\"2.50\" \/>\n<meta property=\"product:price:currency\" content=\"EUR\" \/>\n<meta property=\"og:availability\" content=\"instock\" \/>\n<meta property=\"product:availability\" content=\"instock\" \/>\n<meta property=\"product:condition\" content=\"new\" \/>\n<!-- \/ Yoast SEO Premium plugin. -->","yoast_head_json":{"title":"Entretoises pour p\u00e9dales FORM\u00ae - 2 mm - bikefit.lu","robots":{"index":"index","follow":"follow","max-snippet":"max-snippet:-1","max-image-preview":"max-image-preview:large","max-video-preview":"max-video-preview:-1"},"canonical":"https:\/\/bikefit.lu\/fr\/product\/form-entretoises-pour-pedales-2mm\/","og_locale":"fr_FR","og_type":"article","og_title":"Entretoises pour p\u00e9dales FORM\u00ae - 2 mm","og_description":"Ces entretoises de p\u00e9dale de 2 mm sont con\u00e7ues pour \u00e9largir l'\u00e9cartement des pieds du cycliste de 2 mm par c\u00f4t\u00e9, soit 4 mm au total. Elles conviennent aux cyclistes qui estiment que le facteur Q de leur v\u00e9lo est restrictif et qui se trouvent d\u00e9j\u00e0 \u00e0 l'extr\u00e9mit\u00e9 ext\u00e9rieure de la plage de r\u00e9glage de leurs cales. Compatibles avec toutes les p\u00e9dales dot\u00e9es d'un axe de 9\/16 de pouce. Il n'est pas recommand\u00e9 d'utiliser plus d'une entretoise par c\u00f4t\u00e9 afin de garantir un filetage suffisant \u00e0 l'int\u00e9rieur de la manivelle.","og_url":"https:\/\/bikefit.lu\/fr\/product\/form-entretoises-pour-pedales-2mm\/","og_site_name":"bikefit.lu","article_modified_time":"2025-04-14T17:01:01+00:00","og_image":[{"width":1920,"height":1920,"url":"https:\/\/bikefit.lu\/wp-content\/uploads\/2023\/04\/09-2mm-pedal-washer-spacer-1.webp","type":"image\/webp"}],"twitter_card":"summary_large_image","twitter_misc":{"Prix":"2,50&nbsp;&euro;","Disponibilit\u00e9":"En stock"},"schema":{"@context":"https:\/\/schema.org","@graph":[{"@type":"WebPage","@id":"https:\/\/bikefit.lu\/fr\/product\/form-entretoises-pour-pedales-2mm\/","url":"https:\/\/bikefit.lu\/fr\/product\/form-entretoises-pour-pedales-2mm\/","name":"Entretoises pour p\u00e9dales FORM\u00ae - 2 mm - bikefit.lu","isPartOf":{"@id":"https:\/\/bikefit.lu\/fr\/#website"},"primaryImageOfPage":{"@id":"https:\/\/bikefit.lu\/fr\/product\/form-entretoises-pour-pedales-2mm\/#primaryimage"},"image":{"@id":"https:\/\/bikefit.lu\/fr\/product\/form-entretoises-pour-pedales-2mm\/#primaryimage"},"thumbnailUrl":"https:\/\/bikefit.lu\/wp-content\/uploads\/2023\/04\/09-2mm-pedal-washer-spacer-1.webp","datePublished":"2023-04-28T05:00:44+00:00","dateModified":"2025-04-14T17:01:01+00:00","breadcrumb":{"@id":"https:\/\/bikefit.lu\/fr\/product\/form-entretoises-pour-pedales-2mm\/#breadcrumb"},"inLanguage":"fr-FR","potentialAction":[{"@type":"ReadAction","target":["https:\/\/bikefit.lu\/fr\/product\/form-entretoises-pour-pedales-2mm\/"]}]},{"@type":"ImageObject","inLanguage":"fr-FR","@id":"https:\/\/bikefit.lu\/fr\/product\/form-entretoises-pour-pedales-2mm\/#primaryimage","url":"https:\/\/bikefit.lu\/wp-content\/uploads\/2023\/04\/09-2mm-pedal-washer-spacer-1.webp","contentUrl":"https:\/\/bikefit.lu\/wp-content\/uploads\/2023\/04\/09-2mm-pedal-washer-spacer-1.webp","width":1920,"height":1920},{"@type":"BreadcrumbList","@id":"https:\/\/bikefit.lu\/fr\/product\/form-entretoises-pour-pedales-2mm\/#breadcrumb","itemListElement":[{"@type":"ListItem","position":1,"name":"Home","item":"https:\/\/bikefit.lu\/fr\/"},{"@type":"ListItem","position":2,"name":"Produits","item":"https:\/\/bikefit.lu\/fr\/shop\/"},{"@type":"ListItem","position":3,"name":"Entretoises pour p\u00e9dales FORM\u00ae &#8211; 2 mm"}]},{"@type":"WebSite","@id":"https:\/\/bikefit.lu\/fr\/#website","url":"https:\/\/bikefit.lu\/fr\/","name":"bikefit.lu","description":"IMPROVING CYCLING","publisher":{"@id":"https:\/\/bikefit.lu\/fr\/#\/schema\/person\/379af1263474d2f8cd1f41c2bd90273d"},"potentialAction":[{"@type":"SearchAction","target":{"@type":"EntryPoint","urlTemplate":"https:\/\/bikefit.lu\/fr\/?s={search_term_string}"},"query-input":{"@type":"PropertyValueSpecification","valueRequired":true,"valueName":"search_term_string"}}],"inLanguage":"fr-FR"},{"@type":["Person","Organization"],"@id":"https:\/\/bikefit.lu\/fr\/#\/schema\/person\/379af1263474d2f8cd1f41c2bd90273d","name":"Patrick Guillaume","image":{"@type":"ImageObject","inLanguage":"fr-FR","@id":"https:\/\/bikefit.lu\/wp-content\/uploads\/2024\/12\/cropped-bikefit-logoURL-RGB-jpg.jpg","url":"https:\/\/bikefit.lu\/wp-content\/uploads\/2024\/12\/cropped-bikefit-logoURL-RGB-jpg.jpg","contentUrl":"https:\/\/bikefit.lu\/wp-content\/uploads\/2024\/12\/cropped-bikefit-logoURL-RGB-jpg.jpg","width":512,"height":512,"caption":"Patrick Guillaume"},"logo":{"@id":"https:\/\/bikefit.lu\/wp-content\/uploads\/2024\/12\/cropped-bikefit-logoURL-RGB-jpg.jpg"},"sameAs":["https:\/\/bikefit.lu"],"honorificPrefix":"Mr","birthDate":"1966-11-18","gender":"male","knowsAbout":["Bike-fitting"],"knowsLanguage":["English","French","German","Luxembourgish"]}]},"product_price_amount":"2.50","product_price_currency":"EUR","og_availability":"instock","product_availability":"instock","product_condition":"new"},"_links":{"self":[{"href":"https:\/\/bikefit.lu\/fr\/wp-json\/wp\/v2\/product\/78610","targetHints":{"allow":["GET"]}}],"collection":[{"href":"https:\/\/bikefit.lu\/fr\/wp-json\/wp\/v2\/product"}],"about":[{"href":"https:\/\/bikefit.lu\/fr\/wp-json\/wp\/v2\/types\/product"}],"replies":[{"embeddable":true,"href":"https:\/\/bikefit.lu\/fr\/wp-json\/wp\/v2\/comments?post=78610"}],"version-history":[{"count":0,"href":"https:\/\/bikefit.lu\/fr\/wp-json\/wp\/v2\/product\/78610\/revisions"}],"wp:featuredmedia":[{"embeddable":true,"href":"https:\/\/bikefit.lu\/fr\/wp-json\/wp\/v2\/media\/77203"}],"wp:attachment":[{"href":"https:\/\/bikefit.lu\/fr\/wp-json\/wp\/v2\/media?parent=78610"}],"wp:term":[{"taxonomy":"product_brand","embeddable":true,"href":"https:\/\/bikefit.lu\/fr\/wp-json\/wp\/v2\/product_brand?post=78610"},{"taxonomy":"product_cat","embeddable":true,"href":"https:\/\/bikefit.lu\/fr\/wp-json\/wp\/v2\/product_cat?post=78610"},{"taxonomy":"product_tag","embeddable":true,"href":"https:\/\/bikefit.lu\/fr\/wp-json\/wp\/v2\/product_tag?post=78610"}],"curies":[{"name":"wp","href":"https:\/\/api.w.org\/{rel}","templated":true}]}}