{"id":78766,"date":"2021-02-04T21:28:40","date_gmt":"2021-02-04T21:28:40","guid":{"rendered":"https:\/\/staging.bikefit.lu\/shop\/non%20class\u00e9\/shimano-sm-sh56\/"},"modified":"2025-04-18T11:44:24","modified_gmt":"2025-04-18T09:44:24","slug":"shimano-sm-sh56","status":"publish","type":"product","link":"https:\/\/bikefit.lu\/fr\/product\/shimano-sm-sh56\/","title":{"rendered":"Shimano SM-SH56"},"content":{"rendered":"<p><strong><span style=\"font-size: 12pt; font-family: arial, helvetica, sans-serif;\"><span class=\"manufacturer\">Shimano<\/span> SPD SM-SH56 Cales de p\u00e9dales VTT<\/span><\/strong><\/p>\n<p><span style=\"font-size: 12pt; font-family: arial, helvetica, sans-serif;\">Cales Shimano SM-SH56 \u00e0 d\u00e9gagement multiple &#8211; Convient \u00e0 toutes les p\u00e9dales SPD Shimano, \u00e0 l&#8217;exception de la PD-M858.<br \/>\n<\/span><span style=\"font-size: 12pt; font-family: arial, helvetica, sans-serif;\">La sortie de la p\u00e9dale est possible non seulement en tournant le pied vers la gauche ou la droite, mais aussi en le tirant vers le haut.<\/span><\/p>\n<hr>\n<p><strong><span style=\"font-size: 12pt; font-family: arial, helvetica, sans-serif;\">Caract\u00e9ristiques du produit<\/span><\/strong><\/p>\n<p><span style=\"font-size: 12pt; font-family: arial, helvetica, sans-serif;\">Mod\u00e8le : SM-SH56<br \/>\n<\/span><span style=\"font-size: 12pt; font-family: arial, helvetica, sans-serif;\">Syst\u00e8me de p\u00e9dales : SPD<br \/>\n<\/span><span style=\"font-size: 12pt; font-family: arial, helvetica, sans-serif;\">D\u00e9clenchement : Multi release lib\u00e8re la cale en faisant rouler ou tourner le talon dans plusieurs directions.<\/span><\/p>\n<p>&nbsp;<\/p>\n<p><strong><span style=\"font-size: 12pt; font-family: arial, helvetica, sans-serif;\">Compatibilit\u00e9<\/span><\/strong><\/p>\n<p><span style=\"font-size: 12pt; font-family: arial, helvetica, sans-serif;\">Toutes les chaussures\/p\u00e9dales SPD <em>(non compatible avec PD-M858<\/em>)<\/span><\/p>\n<p>&nbsp;<\/p>\n<p><strong><span style=\"font-size: 12pt; font-family: arial, helvetica, sans-serif;\"><br \/>\nContenu de la livraison<\/span><\/strong><\/p>\n<p><span style=\"font-size: 12pt; font-family: arial, helvetica, sans-serif;\">1 paire de cales de p\u00e9dales VTT Shimano SPD SM-SH56<\/span><\/p>\n","protected":false},"excerpt":{"rendered":"<p><strong><span style=\"font-size: 12pt;\">SPD &#8211; SHIMANO PEDALING DYNAMICS<\/span><\/strong><\/p>\n<p><span style=\"font-size: 12pt;\"><strong>Sur et hors du v\u00e9lo<\/strong><\/span><br \/>\n<span style=\"font-size: 12pt;\">Le SPD est un syst\u00e8me qui fonctionne aussi bien sur le v\u00e9lo qu&#8217;en dehors. Il rend le p\u00e9dalage plus efficace avec une grande vari\u00e9t\u00e9 de styles de chaussures et de p\u00e9dales et la cale encastr\u00e9e rend la marche plus confortable. Le syst\u00e8me SPD vous permet de p\u00e9daler avec plus d&#8217;efficacit\u00e9, de stabilit\u00e9 et de confort.<\/span><\/p>\n<p><span style=\"font-size: 12pt;\"><strong>Le confort de la marche<\/strong><\/span><br \/>\n<span style=\"font-size: 12pt;\">SHIMANO a invent\u00e9 le SPD pour r\u00e9pondre aux besoins d&#8217;un style de vie en pleine expansion appel\u00e9 MTB et de plus en plus Gravel. En \u00e9liminant les pinces \u00e0 orteils et en int\u00e9grant la p\u00e9dale et la semelle ext\u00e9rieure dans un syst\u00e8me de transfert de puissance unique et unifi\u00e9, SHIMANO a chang\u00e9 l&#8217;industrie en augmentant non seulement la puissance de la p\u00e9dale, mais aussi le contr\u00f4le du cycliste sur des styles de conduite de plus en plus aventureux. Aujourd&#8217;hui, il n&#8217;y a pas un seul style de VTT, ni une seule p\u00e9dale SPD qui lui corresponde. Il y a de tout dans le paysage, des courses XC rapides aux sentiers escarp\u00e9s, rocailleux, humides, enracin\u00e9s et boueux. Les p\u00e9dales SHIMANO SPD ne sont pas en reste. L&#8217;h\u00e9ritage de la fiabilit\u00e9, de la robustesse et de l&#8217;endurance &#8220;dans la poussi\u00e8re&#8221; se poursuit avec l&#8217;\u00e9volution de la conception des p\u00e9dales pour r\u00e9pondre aux besoins de votre style personnel de conduite. Conception de syst\u00e8mes. Rider- Tuned. C&#8217;est vous qui choisissez.<\/span><\/p>\n","protected":false},"featured_media":88736,"comment_status":"closed","ping_status":"closed","template":"","meta":[],"product_brand":[],"product_cat":[4829,4841,4783,4826],"product_tag":[5037,4824,5154],"class_list":{"0":"post-78766","1":"product","2":"type-product","3":"status-publish","4":"has-post-thumbnail","6":"product_cat-cales","7":"product_cat-cales-offroad","8":"product_cat-offroad-fr-2","9":"product_cat-foot-pedal-interface-fr","10":"product_tag-cleats-fr","11":"product_tag-offroad-fr","12":"product_tag-shimano-fr","13":"product_shipping_class-format-s-fr","15":"first","16":"instock","17":"taxable","18":"shipping-taxable","19":"purchasable","20":"product-type-simple"},"yoast_head":"<!-- This site is optimized with the Yoast SEO Premium plugin v27.3 (Yoast SEO v27.3) - https:\/\/yoast.com\/product\/yoast-seo-premium-wordpress\/ -->\n<title>Shimano SM-SH56 - bikefit.lu<\/title>\n<meta name=\"robots\" content=\"index, follow, max-snippet:-1, max-image-preview:large, max-video-preview:-1\" \/>\n<link rel=\"canonical\" href=\"https:\/\/bikefit.lu\/fr\/product\/shimano-sm-sh56\/\" \/>\n<meta property=\"og:locale\" content=\"fr_FR\" \/>\n<meta property=\"og:type\" content=\"article\" \/>\n<meta property=\"og:title\" content=\"Shimano SM-SH56\" \/>\n<meta property=\"og:description\" content=\"SPD - SHIMANO PEDALING DYNAMICS Sur et hors du v\u00e9lo Le SPD est un syst\u00e8me qui fonctionne aussi bien sur le v\u00e9lo qu&#039;en dehors. Il rend le p\u00e9dalage plus efficace avec une grande vari\u00e9t\u00e9 de styles de chaussures et de p\u00e9dales et la cale encastr\u00e9e rend la marche plus confortable. Le syst\u00e8me SPD vous permet de p\u00e9daler avec plus d&#039;efficacit\u00e9, de stabilit\u00e9 et de confort. Le confort de la marche SHIMANO a invent\u00e9 le SPD pour r\u00e9pondre aux besoins d&#039;un style de vie en pleine expansion appel\u00e9 MTB et de plus en plus Gravel. En \u00e9liminant les pinces \u00e0 orteils et en int\u00e9grant la p\u00e9dale et la semelle ext\u00e9rieure dans un syst\u00e8me de transfert de puissance unique et unifi\u00e9, SHIMANO a chang\u00e9 l&#039;industrie en augmentant non seulement la puissance de la p\u00e9dale, mais aussi le contr\u00f4le du cycliste sur des styles de conduite de plus en plus aventureux. Aujourd&#039;hui, il n&#039;y a pas un seul style de VTT, ni une seule p\u00e9dale SPD qui lui corresponde. Il y a de tout dans le paysage, des courses XC rapides aux sentiers escarp\u00e9s, rocailleux, humides, enracin\u00e9s et boueux. Les p\u00e9dales SHIMANO SPD ne sont pas en reste. L&#039;h\u00e9ritage de la fiabilit\u00e9, de la robustesse et de l&#039;endurance &quot;dans la poussi\u00e8re&quot; se poursuit avec l&#039;\u00e9volution de la conception des p\u00e9dales pour r\u00e9pondre aux besoins de votre style personnel de conduite. Conception de syst\u00e8mes. Rider- Tuned. C&#039;est vous qui choisissez.\" \/>\n<meta property=\"og:url\" content=\"https:\/\/bikefit.lu\/fr\/product\/shimano-sm-sh56\/\" \/>\n<meta property=\"og:site_name\" content=\"bikefit.lu\" \/>\n<meta property=\"article:modified_time\" content=\"2025-04-18T09:44:24+00:00\" \/>\n<meta property=\"og:image\" content=\"https:\/\/bikefit.lu\/wp-content\/uploads\/2021\/02\/Shimano-SM-SH56-MTB-SPD-Pedal-Cleats-Y41S98100_b.jpg\" \/>\n\t<meta property=\"og:image:width\" content=\"1000\" \/>\n\t<meta property=\"og:image:height\" content=\"887\" \/>\n\t<meta property=\"og:image:type\" content=\"image\/jpeg\" \/>\n<meta name=\"twitter:card\" content=\"summary_large_image\" \/>\n<meta name=\"twitter:label1\" content=\"Prix\" \/>\n\t<meta name=\"twitter:data1\" content=\"14,99&nbsp;&euro;\" \/>\n\t<meta name=\"twitter:label2\" content=\"Disponibilit\u00e9\" \/>\n\t<meta name=\"twitter:data2\" content=\"En stock\" \/>\n<script type=\"application\/ld+json\" class=\"yoast-schema-graph\">{\"@context\":\"https:\\\/\\\/schema.org\",\"@graph\":[{\"@type\":\"WebPage\",\"@id\":\"https:\\\/\\\/bikefit.lu\\\/fr\\\/product\\\/shimano-sm-sh56\\\/\",\"url\":\"https:\\\/\\\/bikefit.lu\\\/fr\\\/product\\\/shimano-sm-sh56\\\/\",\"name\":\"Shimano SM-SH56 - bikefit.lu\",\"isPartOf\":{\"@id\":\"https:\\\/\\\/bikefit.lu\\\/fr\\\/#website\"},\"primaryImageOfPage\":{\"@id\":\"https:\\\/\\\/bikefit.lu\\\/fr\\\/product\\\/shimano-sm-sh56\\\/#primaryimage\"},\"image\":{\"@id\":\"https:\\\/\\\/bikefit.lu\\\/fr\\\/product\\\/shimano-sm-sh56\\\/#primaryimage\"},\"thumbnailUrl\":\"https:\\\/\\\/bikefit.lu\\\/wp-content\\\/uploads\\\/2021\\\/02\\\/Shimano-SM-SH56-MTB-SPD-Pedal-Cleats-Y41S98100_b.jpg\",\"datePublished\":\"2021-02-04T21:28:40+00:00\",\"dateModified\":\"2025-04-18T09:44:24+00:00\",\"breadcrumb\":{\"@id\":\"https:\\\/\\\/bikefit.lu\\\/fr\\\/product\\\/shimano-sm-sh56\\\/#breadcrumb\"},\"inLanguage\":\"fr-FR\",\"potentialAction\":[{\"@type\":\"ReadAction\",\"target\":[\"https:\\\/\\\/bikefit.lu\\\/fr\\\/product\\\/shimano-sm-sh56\\\/\"]}]},{\"@type\":\"ImageObject\",\"inLanguage\":\"fr-FR\",\"@id\":\"https:\\\/\\\/bikefit.lu\\\/fr\\\/product\\\/shimano-sm-sh56\\\/#primaryimage\",\"url\":\"https:\\\/\\\/bikefit.lu\\\/wp-content\\\/uploads\\\/2021\\\/02\\\/Shimano-SM-SH56-MTB-SPD-Pedal-Cleats-Y41S98100_b.jpg\",\"contentUrl\":\"https:\\\/\\\/bikefit.lu\\\/wp-content\\\/uploads\\\/2021\\\/02\\\/Shimano-SM-SH56-MTB-SPD-Pedal-Cleats-Y41S98100_b.jpg\",\"width\":1000,\"height\":887},{\"@type\":\"BreadcrumbList\",\"@id\":\"https:\\\/\\\/bikefit.lu\\\/fr\\\/product\\\/shimano-sm-sh56\\\/#breadcrumb\",\"itemListElement\":[{\"@type\":\"ListItem\",\"position\":1,\"name\":\"Home\",\"item\":\"https:\\\/\\\/bikefit.lu\\\/fr\\\/\"},{\"@type\":\"ListItem\",\"position\":2,\"name\":\"Produits\",\"item\":\"https:\\\/\\\/bikefit.lu\\\/fr\\\/shop\\\/\"},{\"@type\":\"ListItem\",\"position\":3,\"name\":\"Shimano SM-SH56\"}]},{\"@type\":\"WebSite\",\"@id\":\"https:\\\/\\\/bikefit.lu\\\/fr\\\/#website\",\"url\":\"https:\\\/\\\/bikefit.lu\\\/fr\\\/\",\"name\":\"bikefit.lu\",\"description\":\"IMPROVING CYCLING\",\"publisher\":{\"@id\":\"https:\\\/\\\/bikefit.lu\\\/fr\\\/#\\\/schema\\\/person\\\/379af1263474d2f8cd1f41c2bd90273d\"},\"potentialAction\":[{\"@type\":\"SearchAction\",\"target\":{\"@type\":\"EntryPoint\",\"urlTemplate\":\"https:\\\/\\\/bikefit.lu\\\/fr\\\/?s={search_term_string}\"},\"query-input\":{\"@type\":\"PropertyValueSpecification\",\"valueRequired\":true,\"valueName\":\"search_term_string\"}}],\"inLanguage\":\"fr-FR\"},{\"@type\":[\"Person\",\"Organization\"],\"@id\":\"https:\\\/\\\/bikefit.lu\\\/fr\\\/#\\\/schema\\\/person\\\/379af1263474d2f8cd1f41c2bd90273d\",\"name\":\"Patrick Guillaume\",\"image\":{\"@type\":\"ImageObject\",\"inLanguage\":\"fr-FR\",\"@id\":\"https:\\\/\\\/bikefit.lu\\\/wp-content\\\/uploads\\\/2024\\\/12\\\/cropped-bikefit-logoURL-RGB-jpg.jpg\",\"url\":\"https:\\\/\\\/bikefit.lu\\\/wp-content\\\/uploads\\\/2024\\\/12\\\/cropped-bikefit-logoURL-RGB-jpg.jpg\",\"contentUrl\":\"https:\\\/\\\/bikefit.lu\\\/wp-content\\\/uploads\\\/2024\\\/12\\\/cropped-bikefit-logoURL-RGB-jpg.jpg\",\"width\":512,\"height\":512,\"caption\":\"Patrick Guillaume\"},\"logo\":{\"@id\":\"https:\\\/\\\/bikefit.lu\\\/wp-content\\\/uploads\\\/2024\\\/12\\\/cropped-bikefit-logoURL-RGB-jpg.jpg\"},\"sameAs\":[\"https:\\\/\\\/bikefit.lu\"],\"honorificPrefix\":\"Mr\",\"birthDate\":\"1966-11-18\",\"gender\":\"male\",\"knowsAbout\":[\"Bike-fitting\"],\"knowsLanguage\":[\"English\",\"French\",\"German\",\"Luxembourgish\"]}]}<\/script>\n<meta property=\"product:price:amount\" content=\"14.99\" \/>\n<meta property=\"product:price:currency\" content=\"EUR\" \/>\n<meta property=\"og:availability\" content=\"instock\" \/>\n<meta property=\"product:availability\" content=\"instock\" \/>\n<meta property=\"product:condition\" content=\"new\" \/>\n<!-- \/ Yoast SEO Premium plugin. -->","yoast_head_json":{"title":"Shimano SM-SH56 - bikefit.lu","robots":{"index":"index","follow":"follow","max-snippet":"max-snippet:-1","max-image-preview":"max-image-preview:large","max-video-preview":"max-video-preview:-1"},"canonical":"https:\/\/bikefit.lu\/fr\/product\/shimano-sm-sh56\/","og_locale":"fr_FR","og_type":"article","og_title":"Shimano SM-SH56","og_description":"SPD - SHIMANO PEDALING DYNAMICS Sur et hors du v\u00e9lo Le SPD est un syst\u00e8me qui fonctionne aussi bien sur le v\u00e9lo qu'en dehors. Il rend le p\u00e9dalage plus efficace avec une grande vari\u00e9t\u00e9 de styles de chaussures et de p\u00e9dales et la cale encastr\u00e9e rend la marche plus confortable. Le syst\u00e8me SPD vous permet de p\u00e9daler avec plus d'efficacit\u00e9, de stabilit\u00e9 et de confort. Le confort de la marche SHIMANO a invent\u00e9 le SPD pour r\u00e9pondre aux besoins d'un style de vie en pleine expansion appel\u00e9 MTB et de plus en plus Gravel. En \u00e9liminant les pinces \u00e0 orteils et en int\u00e9grant la p\u00e9dale et la semelle ext\u00e9rieure dans un syst\u00e8me de transfert de puissance unique et unifi\u00e9, SHIMANO a chang\u00e9 l'industrie en augmentant non seulement la puissance de la p\u00e9dale, mais aussi le contr\u00f4le du cycliste sur des styles de conduite de plus en plus aventureux. Aujourd'hui, il n'y a pas un seul style de VTT, ni une seule p\u00e9dale SPD qui lui corresponde. Il y a de tout dans le paysage, des courses XC rapides aux sentiers escarp\u00e9s, rocailleux, humides, enracin\u00e9s et boueux. Les p\u00e9dales SHIMANO SPD ne sont pas en reste. L'h\u00e9ritage de la fiabilit\u00e9, de la robustesse et de l'endurance \"dans la poussi\u00e8re\" se poursuit avec l'\u00e9volution de la conception des p\u00e9dales pour r\u00e9pondre aux besoins de votre style personnel de conduite. Conception de syst\u00e8mes. Rider- Tuned. C'est vous qui choisissez.","og_url":"https:\/\/bikefit.lu\/fr\/product\/shimano-sm-sh56\/","og_site_name":"bikefit.lu","article_modified_time":"2025-04-18T09:44:24+00:00","og_image":[{"width":1000,"height":887,"url":"https:\/\/bikefit.lu\/wp-content\/uploads\/2021\/02\/Shimano-SM-SH56-MTB-SPD-Pedal-Cleats-Y41S98100_b.jpg","type":"image\/jpeg"}],"twitter_card":"summary_large_image","twitter_misc":{"Prix":"14,99&nbsp;&euro;","Disponibilit\u00e9":"En stock"},"schema":{"@context":"https:\/\/schema.org","@graph":[{"@type":"WebPage","@id":"https:\/\/bikefit.lu\/fr\/product\/shimano-sm-sh56\/","url":"https:\/\/bikefit.lu\/fr\/product\/shimano-sm-sh56\/","name":"Shimano SM-SH56 - bikefit.lu","isPartOf":{"@id":"https:\/\/bikefit.lu\/fr\/#website"},"primaryImageOfPage":{"@id":"https:\/\/bikefit.lu\/fr\/product\/shimano-sm-sh56\/#primaryimage"},"image":{"@id":"https:\/\/bikefit.lu\/fr\/product\/shimano-sm-sh56\/#primaryimage"},"thumbnailUrl":"https:\/\/bikefit.lu\/wp-content\/uploads\/2021\/02\/Shimano-SM-SH56-MTB-SPD-Pedal-Cleats-Y41S98100_b.jpg","datePublished":"2021-02-04T21:28:40+00:00","dateModified":"2025-04-18T09:44:24+00:00","breadcrumb":{"@id":"https:\/\/bikefit.lu\/fr\/product\/shimano-sm-sh56\/#breadcrumb"},"inLanguage":"fr-FR","potentialAction":[{"@type":"ReadAction","target":["https:\/\/bikefit.lu\/fr\/product\/shimano-sm-sh56\/"]}]},{"@type":"ImageObject","inLanguage":"fr-FR","@id":"https:\/\/bikefit.lu\/fr\/product\/shimano-sm-sh56\/#primaryimage","url":"https:\/\/bikefit.lu\/wp-content\/uploads\/2021\/02\/Shimano-SM-SH56-MTB-SPD-Pedal-Cleats-Y41S98100_b.jpg","contentUrl":"https:\/\/bikefit.lu\/wp-content\/uploads\/2021\/02\/Shimano-SM-SH56-MTB-SPD-Pedal-Cleats-Y41S98100_b.jpg","width":1000,"height":887},{"@type":"BreadcrumbList","@id":"https:\/\/bikefit.lu\/fr\/product\/shimano-sm-sh56\/#breadcrumb","itemListElement":[{"@type":"ListItem","position":1,"name":"Home","item":"https:\/\/bikefit.lu\/fr\/"},{"@type":"ListItem","position":2,"name":"Produits","item":"https:\/\/bikefit.lu\/fr\/shop\/"},{"@type":"ListItem","position":3,"name":"Shimano SM-SH56"}]},{"@type":"WebSite","@id":"https:\/\/bikefit.lu\/fr\/#website","url":"https:\/\/bikefit.lu\/fr\/","name":"bikefit.lu","description":"IMPROVING CYCLING","publisher":{"@id":"https:\/\/bikefit.lu\/fr\/#\/schema\/person\/379af1263474d2f8cd1f41c2bd90273d"},"potentialAction":[{"@type":"SearchAction","target":{"@type":"EntryPoint","urlTemplate":"https:\/\/bikefit.lu\/fr\/?s={search_term_string}"},"query-input":{"@type":"PropertyValueSpecification","valueRequired":true,"valueName":"search_term_string"}}],"inLanguage":"fr-FR"},{"@type":["Person","Organization"],"@id":"https:\/\/bikefit.lu\/fr\/#\/schema\/person\/379af1263474d2f8cd1f41c2bd90273d","name":"Patrick Guillaume","image":{"@type":"ImageObject","inLanguage":"fr-FR","@id":"https:\/\/bikefit.lu\/wp-content\/uploads\/2024\/12\/cropped-bikefit-logoURL-RGB-jpg.jpg","url":"https:\/\/bikefit.lu\/wp-content\/uploads\/2024\/12\/cropped-bikefit-logoURL-RGB-jpg.jpg","contentUrl":"https:\/\/bikefit.lu\/wp-content\/uploads\/2024\/12\/cropped-bikefit-logoURL-RGB-jpg.jpg","width":512,"height":512,"caption":"Patrick Guillaume"},"logo":{"@id":"https:\/\/bikefit.lu\/wp-content\/uploads\/2024\/12\/cropped-bikefit-logoURL-RGB-jpg.jpg"},"sameAs":["https:\/\/bikefit.lu"],"honorificPrefix":"Mr","birthDate":"1966-11-18","gender":"male","knowsAbout":["Bike-fitting"],"knowsLanguage":["English","French","German","Luxembourgish"]}]},"product_price_amount":"14.99","product_price_currency":"EUR","og_availability":"instock","product_availability":"instock","product_condition":"new"},"_links":{"self":[{"href":"https:\/\/bikefit.lu\/fr\/wp-json\/wp\/v2\/product\/78766","targetHints":{"allow":["GET"]}}],"collection":[{"href":"https:\/\/bikefit.lu\/fr\/wp-json\/wp\/v2\/product"}],"about":[{"href":"https:\/\/bikefit.lu\/fr\/wp-json\/wp\/v2\/types\/product"}],"replies":[{"embeddable":true,"href":"https:\/\/bikefit.lu\/fr\/wp-json\/wp\/v2\/comments?post=78766"}],"version-history":[{"count":0,"href":"https:\/\/bikefit.lu\/fr\/wp-json\/wp\/v2\/product\/78766\/revisions"}],"wp:featuredmedia":[{"embeddable":true,"href":"https:\/\/bikefit.lu\/fr\/wp-json\/wp\/v2\/media\/88736"}],"wp:attachment":[{"href":"https:\/\/bikefit.lu\/fr\/wp-json\/wp\/v2\/media?parent=78766"}],"wp:term":[{"taxonomy":"product_brand","embeddable":true,"href":"https:\/\/bikefit.lu\/fr\/wp-json\/wp\/v2\/product_brand?post=78766"},{"taxonomy":"product_cat","embeddable":true,"href":"https:\/\/bikefit.lu\/fr\/wp-json\/wp\/v2\/product_cat?post=78766"},{"taxonomy":"product_tag","embeddable":true,"href":"https:\/\/bikefit.lu\/fr\/wp-json\/wp\/v2\/product_tag?post=78766"}],"curies":[{"name":"wp","href":"https:\/\/api.w.org\/{rel}","templated":true}]}}