{"id":78789,"date":"2021-02-03T18:44:12","date_gmt":"2021-02-03T18:44:12","guid":{"rendered":"https:\/\/staging.bikefit.lu\/shop\/non%20class\u00e9\/shimano-sm-sh11\/"},"modified":"2025-04-18T10:36:16","modified_gmt":"2025-04-18T08:36:16","slug":"shimano-sm-sh11","status":"publish","type":"product","link":"https:\/\/bikefit.lu\/fr\/product\/shimano-sm-sh11\/","title":{"rendered":"Shimano SM-SH11"},"content":{"rendered":"<p><span style=\"font-family: arial, helvetica, sans-serif;\"><strong><span style=\"font-size: 12pt;\">Caract\u00e9ristiques du produit<\/span><\/strong><\/span><\/p>\n<p><span style=\"font-family: arial, helvetica, sans-serif;\"><span style=\"font-size: 12pt;\">Mod\u00e8le : SM-SH11<br \/>\nConvient aux p\u00e9dales SPD-SL<br \/>\n<\/span><span style=\"font-size: 12pt;\">Libert\u00e9 de mouvement : 6\u00b0<\/span><\/span><\/p>\n<p><span style=\"font-family: arial, helvetica, sans-serif;\"><strong><span style=\"font-size: 12pt;\">Mat\u00e9riau<\/span><\/strong><\/span><\/p>\n<p><span style=\"font-family: arial, helvetica, sans-serif; font-size: 12pt;\">Composite<\/span><\/p>\n<p><span style=\"font-family: arial, helvetica, sans-serif;\"><strong><span style=\"font-size: 12pt;\">Couleur<\/span><\/strong><\/span><\/p>\n<p><span style=\"font-family: arial, helvetica, sans-serif; font-size: 12pt;\">noir\/jaune<\/span><\/p>\n<hr>\n<p><span style=\"font-family: arial, helvetica, sans-serif;\"><strong><span style=\"font-size: 12pt;\">Contenu de la livraison<\/span><\/strong><\/span><\/p>\n<p><span style=\"font-family: arial, helvetica, sans-serif;\"><span style=\"font-size: 12pt;\">1 paire de cales Shimano SPD-SL SM-SH11<br \/>\n<\/span><span style=\"font-size: 12pt;\">Mat\u00e9riel de fixation<\/span><\/span><\/p>\n","protected":false},"excerpt":{"rendered":"<p class=\"kurztext\"><span style=\"font-size: 12pt; font-family: arial, helvetica, sans-serif;\">Cales de p\u00e9dales Shimano SPD-SL en jaune avec mode flottant. Permet \u00e0 vos pieds de se d\u00e9placer d&#8217;un c\u00f4t\u00e9 \u00e0 l&#8217;autre \u00e0 un angle de 6 degr\u00e9s.<\/span><\/p>\n<h2><span style=\"font-size: 12pt; font-family: arial, helvetica, sans-serif;\">L&#8217;interface entre la chaussure et la p\u00e9dale : les cales Shimano SM-SH11<\/span><\/h2>\n<p class=\"beschreibung\"><span style=\"font-size: 12pt; font-family: arial, helvetica, sans-serif;\">Les p\u00e9dales et les cales Shimano ont \u00e9t\u00e9 con\u00e7ues pour fonctionner comme un syst\u00e8me et sont adapt\u00e9es avec pr\u00e9cision pour garantir un transfert de puissance et une s\u00e9curit\u00e9 optimaux. Les cales peuvent s&#8217;user en cas d&#8217;utilisation intensive et surtout en cas de marche. Elles doivent donc \u00eatre remplac\u00e9s pour maintenir les niveaux de confort et de fiabilit\u00e9.<\/span><\/p>\n","protected":false},"featured_media":76378,"comment_status":"closed","ping_status":"closed","template":"","meta":[],"product_brand":[],"product_cat":[4842,4826,4785],"product_tag":[4930,5037,5124,5154],"class_list":{"0":"post-78789","1":"product","2":"type-product","3":"status-publish","4":"has-post-thumbnail","6":"product_cat-cales-route","7":"product_cat-foot-pedal-interface-fr","8":"product_cat-road-fr","9":"product_tag-3-hole-fr","10":"product_tag-cleats-fr","11":"product_tag-road-fr","12":"product_tag-shimano-fr","13":"product_shipping_class-format-s-fr","15":"first","16":"instock","17":"taxable","18":"shipping-taxable","19":"purchasable","20":"product-type-simple"},"yoast_head":"<!-- This site is optimized with the Yoast SEO Premium plugin v27.3 (Yoast SEO v27.3) - https:\/\/yoast.com\/product\/yoast-seo-premium-wordpress\/ -->\n<title>Shimano SM-SH11 - bikefit.lu<\/title>\n<meta name=\"robots\" content=\"index, follow, max-snippet:-1, max-image-preview:large, max-video-preview:-1\" \/>\n<link rel=\"canonical\" href=\"https:\/\/bikefit.lu\/fr\/product\/shimano-sm-sh11\/\" \/>\n<meta property=\"og:locale\" content=\"fr_FR\" \/>\n<meta property=\"og:type\" content=\"article\" \/>\n<meta property=\"og:title\" content=\"Shimano SM-SH11\" \/>\n<meta property=\"og:description\" content=\"Cales de p\u00e9dales Shimano SPD-SL en jaune avec mode flottant. Permet \u00e0 vos pieds de se d\u00e9placer d&#039;un c\u00f4t\u00e9 \u00e0 l&#039;autre \u00e0 un angle de 6 degr\u00e9s. L&#039;interface entre la chaussure et la p\u00e9dale : les cales Shimano SM-SH11 Les p\u00e9dales et les cales Shimano ont \u00e9t\u00e9 con\u00e7ues pour fonctionner comme un syst\u00e8me et sont adapt\u00e9es avec pr\u00e9cision pour garantir un transfert de puissance et une s\u00e9curit\u00e9 optimaux. Les cales peuvent s&#039;user en cas d&#039;utilisation intensive et surtout en cas de marche. Elles doivent donc \u00eatre remplac\u00e9s pour maintenir les niveaux de confort et de fiabilit\u00e9.\" \/>\n<meta property=\"og:url\" content=\"https:\/\/bikefit.lu\/fr\/product\/shimano-sm-sh11\/\" \/>\n<meta property=\"og:site_name\" content=\"bikefit.lu\" \/>\n<meta property=\"article:modified_time\" content=\"2025-04-18T08:36:16+00:00\" \/>\n<meta property=\"og:image\" content=\"https:\/\/bikefit.lu\/wp-content\/uploads\/2021\/02\/SM-SH11.jpg\" \/>\n\t<meta property=\"og:image:width\" content=\"1100\" \/>\n\t<meta property=\"og:image:height\" content=\"860\" \/>\n\t<meta property=\"og:image:type\" content=\"image\/jpeg\" \/>\n<meta name=\"twitter:card\" content=\"summary_large_image\" \/>\n<meta name=\"twitter:label1\" content=\"Prix\" \/>\n\t<meta name=\"twitter:data1\" content=\"23,50&nbsp;&euro;\" \/>\n\t<meta name=\"twitter:label2\" content=\"Disponibilit\u00e9\" \/>\n\t<meta name=\"twitter:data2\" content=\"En stock\" \/>\n<script type=\"application\/ld+json\" class=\"yoast-schema-graph\">{\"@context\":\"https:\\\/\\\/schema.org\",\"@graph\":[{\"@type\":\"WebPage\",\"@id\":\"https:\\\/\\\/bikefit.lu\\\/fr\\\/product\\\/shimano-sm-sh11\\\/\",\"url\":\"https:\\\/\\\/bikefit.lu\\\/fr\\\/product\\\/shimano-sm-sh11\\\/\",\"name\":\"Shimano SM-SH11 - bikefit.lu\",\"isPartOf\":{\"@id\":\"https:\\\/\\\/bikefit.lu\\\/fr\\\/#website\"},\"primaryImageOfPage\":{\"@id\":\"https:\\\/\\\/bikefit.lu\\\/fr\\\/product\\\/shimano-sm-sh11\\\/#primaryimage\"},\"image\":{\"@id\":\"https:\\\/\\\/bikefit.lu\\\/fr\\\/product\\\/shimano-sm-sh11\\\/#primaryimage\"},\"thumbnailUrl\":\"https:\\\/\\\/bikefit.lu\\\/wp-content\\\/uploads\\\/2021\\\/02\\\/SM-SH11.jpg\",\"datePublished\":\"2021-02-03T18:44:12+00:00\",\"dateModified\":\"2025-04-18T08:36:16+00:00\",\"breadcrumb\":{\"@id\":\"https:\\\/\\\/bikefit.lu\\\/fr\\\/product\\\/shimano-sm-sh11\\\/#breadcrumb\"},\"inLanguage\":\"fr-FR\",\"potentialAction\":[{\"@type\":\"ReadAction\",\"target\":[\"https:\\\/\\\/bikefit.lu\\\/fr\\\/product\\\/shimano-sm-sh11\\\/\"]}]},{\"@type\":\"ImageObject\",\"inLanguage\":\"fr-FR\",\"@id\":\"https:\\\/\\\/bikefit.lu\\\/fr\\\/product\\\/shimano-sm-sh11\\\/#primaryimage\",\"url\":\"https:\\\/\\\/bikefit.lu\\\/wp-content\\\/uploads\\\/2021\\\/02\\\/SM-SH11.jpg\",\"contentUrl\":\"https:\\\/\\\/bikefit.lu\\\/wp-content\\\/uploads\\\/2021\\\/02\\\/SM-SH11.jpg\",\"width\":1100,\"height\":860},{\"@type\":\"BreadcrumbList\",\"@id\":\"https:\\\/\\\/bikefit.lu\\\/fr\\\/product\\\/shimano-sm-sh11\\\/#breadcrumb\",\"itemListElement\":[{\"@type\":\"ListItem\",\"position\":1,\"name\":\"Home\",\"item\":\"https:\\\/\\\/bikefit.lu\\\/fr\\\/\"},{\"@type\":\"ListItem\",\"position\":2,\"name\":\"Produits\",\"item\":\"https:\\\/\\\/bikefit.lu\\\/fr\\\/shop\\\/\"},{\"@type\":\"ListItem\",\"position\":3,\"name\":\"Shimano SM-SH11\"}]},{\"@type\":\"WebSite\",\"@id\":\"https:\\\/\\\/bikefit.lu\\\/fr\\\/#website\",\"url\":\"https:\\\/\\\/bikefit.lu\\\/fr\\\/\",\"name\":\"bikefit.lu\",\"description\":\"IMPROVING CYCLING\",\"publisher\":{\"@id\":\"https:\\\/\\\/bikefit.lu\\\/fr\\\/#\\\/schema\\\/person\\\/379af1263474d2f8cd1f41c2bd90273d\"},\"potentialAction\":[{\"@type\":\"SearchAction\",\"target\":{\"@type\":\"EntryPoint\",\"urlTemplate\":\"https:\\\/\\\/bikefit.lu\\\/fr\\\/?s={search_term_string}\"},\"query-input\":{\"@type\":\"PropertyValueSpecification\",\"valueRequired\":true,\"valueName\":\"search_term_string\"}}],\"inLanguage\":\"fr-FR\"},{\"@type\":[\"Person\",\"Organization\"],\"@id\":\"https:\\\/\\\/bikefit.lu\\\/fr\\\/#\\\/schema\\\/person\\\/379af1263474d2f8cd1f41c2bd90273d\",\"name\":\"Patrick Guillaume\",\"image\":{\"@type\":\"ImageObject\",\"inLanguage\":\"fr-FR\",\"@id\":\"https:\\\/\\\/bikefit.lu\\\/wp-content\\\/uploads\\\/2024\\\/12\\\/cropped-bikefit-logoURL-RGB-jpg.jpg\",\"url\":\"https:\\\/\\\/bikefit.lu\\\/wp-content\\\/uploads\\\/2024\\\/12\\\/cropped-bikefit-logoURL-RGB-jpg.jpg\",\"contentUrl\":\"https:\\\/\\\/bikefit.lu\\\/wp-content\\\/uploads\\\/2024\\\/12\\\/cropped-bikefit-logoURL-RGB-jpg.jpg\",\"width\":512,\"height\":512,\"caption\":\"Patrick Guillaume\"},\"logo\":{\"@id\":\"https:\\\/\\\/bikefit.lu\\\/wp-content\\\/uploads\\\/2024\\\/12\\\/cropped-bikefit-logoURL-RGB-jpg.jpg\"},\"sameAs\":[\"https:\\\/\\\/bikefit.lu\"],\"honorificPrefix\":\"Mr\",\"birthDate\":\"1966-11-18\",\"gender\":\"male\",\"knowsAbout\":[\"Bike-fitting\"],\"knowsLanguage\":[\"English\",\"French\",\"German\",\"Luxembourgish\"]}]}<\/script>\n<meta property=\"product:price:amount\" content=\"23.50\" \/>\n<meta property=\"product:price:currency\" content=\"EUR\" \/>\n<meta property=\"og:availability\" content=\"instock\" \/>\n<meta property=\"product:availability\" content=\"instock\" \/>\n<meta property=\"product:condition\" content=\"new\" \/>\n<!-- \/ Yoast SEO Premium plugin. -->","yoast_head_json":{"title":"Shimano SM-SH11 - bikefit.lu","robots":{"index":"index","follow":"follow","max-snippet":"max-snippet:-1","max-image-preview":"max-image-preview:large","max-video-preview":"max-video-preview:-1"},"canonical":"https:\/\/bikefit.lu\/fr\/product\/shimano-sm-sh11\/","og_locale":"fr_FR","og_type":"article","og_title":"Shimano SM-SH11","og_description":"Cales de p\u00e9dales Shimano SPD-SL en jaune avec mode flottant. Permet \u00e0 vos pieds de se d\u00e9placer d'un c\u00f4t\u00e9 \u00e0 l'autre \u00e0 un angle de 6 degr\u00e9s. L'interface entre la chaussure et la p\u00e9dale : les cales Shimano SM-SH11 Les p\u00e9dales et les cales Shimano ont \u00e9t\u00e9 con\u00e7ues pour fonctionner comme un syst\u00e8me et sont adapt\u00e9es avec pr\u00e9cision pour garantir un transfert de puissance et une s\u00e9curit\u00e9 optimaux. Les cales peuvent s'user en cas d'utilisation intensive et surtout en cas de marche. Elles doivent donc \u00eatre remplac\u00e9s pour maintenir les niveaux de confort et de fiabilit\u00e9.","og_url":"https:\/\/bikefit.lu\/fr\/product\/shimano-sm-sh11\/","og_site_name":"bikefit.lu","article_modified_time":"2025-04-18T08:36:16+00:00","og_image":[{"width":1100,"height":860,"url":"https:\/\/bikefit.lu\/wp-content\/uploads\/2021\/02\/SM-SH11.jpg","type":"image\/jpeg"}],"twitter_card":"summary_large_image","twitter_misc":{"Prix":"23,50&nbsp;&euro;","Disponibilit\u00e9":"En stock"},"schema":{"@context":"https:\/\/schema.org","@graph":[{"@type":"WebPage","@id":"https:\/\/bikefit.lu\/fr\/product\/shimano-sm-sh11\/","url":"https:\/\/bikefit.lu\/fr\/product\/shimano-sm-sh11\/","name":"Shimano SM-SH11 - bikefit.lu","isPartOf":{"@id":"https:\/\/bikefit.lu\/fr\/#website"},"primaryImageOfPage":{"@id":"https:\/\/bikefit.lu\/fr\/product\/shimano-sm-sh11\/#primaryimage"},"image":{"@id":"https:\/\/bikefit.lu\/fr\/product\/shimano-sm-sh11\/#primaryimage"},"thumbnailUrl":"https:\/\/bikefit.lu\/wp-content\/uploads\/2021\/02\/SM-SH11.jpg","datePublished":"2021-02-03T18:44:12+00:00","dateModified":"2025-04-18T08:36:16+00:00","breadcrumb":{"@id":"https:\/\/bikefit.lu\/fr\/product\/shimano-sm-sh11\/#breadcrumb"},"inLanguage":"fr-FR","potentialAction":[{"@type":"ReadAction","target":["https:\/\/bikefit.lu\/fr\/product\/shimano-sm-sh11\/"]}]},{"@type":"ImageObject","inLanguage":"fr-FR","@id":"https:\/\/bikefit.lu\/fr\/product\/shimano-sm-sh11\/#primaryimage","url":"https:\/\/bikefit.lu\/wp-content\/uploads\/2021\/02\/SM-SH11.jpg","contentUrl":"https:\/\/bikefit.lu\/wp-content\/uploads\/2021\/02\/SM-SH11.jpg","width":1100,"height":860},{"@type":"BreadcrumbList","@id":"https:\/\/bikefit.lu\/fr\/product\/shimano-sm-sh11\/#breadcrumb","itemListElement":[{"@type":"ListItem","position":1,"name":"Home","item":"https:\/\/bikefit.lu\/fr\/"},{"@type":"ListItem","position":2,"name":"Produits","item":"https:\/\/bikefit.lu\/fr\/shop\/"},{"@type":"ListItem","position":3,"name":"Shimano SM-SH11"}]},{"@type":"WebSite","@id":"https:\/\/bikefit.lu\/fr\/#website","url":"https:\/\/bikefit.lu\/fr\/","name":"bikefit.lu","description":"IMPROVING CYCLING","publisher":{"@id":"https:\/\/bikefit.lu\/fr\/#\/schema\/person\/379af1263474d2f8cd1f41c2bd90273d"},"potentialAction":[{"@type":"SearchAction","target":{"@type":"EntryPoint","urlTemplate":"https:\/\/bikefit.lu\/fr\/?s={search_term_string}"},"query-input":{"@type":"PropertyValueSpecification","valueRequired":true,"valueName":"search_term_string"}}],"inLanguage":"fr-FR"},{"@type":["Person","Organization"],"@id":"https:\/\/bikefit.lu\/fr\/#\/schema\/person\/379af1263474d2f8cd1f41c2bd90273d","name":"Patrick Guillaume","image":{"@type":"ImageObject","inLanguage":"fr-FR","@id":"https:\/\/bikefit.lu\/wp-content\/uploads\/2024\/12\/cropped-bikefit-logoURL-RGB-jpg.jpg","url":"https:\/\/bikefit.lu\/wp-content\/uploads\/2024\/12\/cropped-bikefit-logoURL-RGB-jpg.jpg","contentUrl":"https:\/\/bikefit.lu\/wp-content\/uploads\/2024\/12\/cropped-bikefit-logoURL-RGB-jpg.jpg","width":512,"height":512,"caption":"Patrick Guillaume"},"logo":{"@id":"https:\/\/bikefit.lu\/wp-content\/uploads\/2024\/12\/cropped-bikefit-logoURL-RGB-jpg.jpg"},"sameAs":["https:\/\/bikefit.lu"],"honorificPrefix":"Mr","birthDate":"1966-11-18","gender":"male","knowsAbout":["Bike-fitting"],"knowsLanguage":["English","French","German","Luxembourgish"]}]},"product_price_amount":"23.50","product_price_currency":"EUR","og_availability":"instock","product_availability":"instock","product_condition":"new"},"_links":{"self":[{"href":"https:\/\/bikefit.lu\/fr\/wp-json\/wp\/v2\/product\/78789","targetHints":{"allow":["GET"]}}],"collection":[{"href":"https:\/\/bikefit.lu\/fr\/wp-json\/wp\/v2\/product"}],"about":[{"href":"https:\/\/bikefit.lu\/fr\/wp-json\/wp\/v2\/types\/product"}],"replies":[{"embeddable":true,"href":"https:\/\/bikefit.lu\/fr\/wp-json\/wp\/v2\/comments?post=78789"}],"version-history":[{"count":0,"href":"https:\/\/bikefit.lu\/fr\/wp-json\/wp\/v2\/product\/78789\/revisions"}],"wp:featuredmedia":[{"embeddable":true,"href":"https:\/\/bikefit.lu\/fr\/wp-json\/wp\/v2\/media\/76378"}],"wp:attachment":[{"href":"https:\/\/bikefit.lu\/fr\/wp-json\/wp\/v2\/media?parent=78789"}],"wp:term":[{"taxonomy":"product_brand","embeddable":true,"href":"https:\/\/bikefit.lu\/fr\/wp-json\/wp\/v2\/product_brand?post=78789"},{"taxonomy":"product_cat","embeddable":true,"href":"https:\/\/bikefit.lu\/fr\/wp-json\/wp\/v2\/product_cat?post=78789"},{"taxonomy":"product_tag","embeddable":true,"href":"https:\/\/bikefit.lu\/fr\/wp-json\/wp\/v2\/product_tag?post=78789"}],"curies":[{"name":"wp","href":"https:\/\/api.w.org\/{rel}","templated":true}]}}