{"id":78962,"date":"2023-04-28T06:14:50","date_gmt":"2023-04-28T06:14:50","guid":{"rendered":"https:\/\/staging.bikefit.lu\/shop\/non%20class\u00e9\/coins-de-talon-route-vtt-universel-form\/"},"modified":"2025-06-02T14:16:12","modified_gmt":"2025-06-02T12:16:12","slug":"coins-de-talon-route-vtt-universel-form","status":"publish","type":"product","link":"https:\/\/bikefit.lu\/fr\/product\/coins-de-talon-route-vtt-universel-form\/","title":{"rendered":"Coins de talon \u2013 Route \/ VTT universel FORM\u00ae"},"content":{"rendered":"","protected":false},"excerpt":{"rendered":"<p>&#8211; Les coins de talon sont utilis\u00e9es \u00e0 l&#8217;int\u00e9rieur de la chaussure pour incliner l&#8217;arri\u00e8re du pied et corriger et soutenir directement le valgus\/pronation de l&#8217;arri\u00e8re-pied.<br \/>\n&#8211; D&#8217;une mani\u00e8re analogue aux coins de cales ou aux coins d&#8217;avant-pied (int\u00e9rieures \u00e0 la chaussure), la cale de talon soul\u00e8ve le c\u00f4t\u00e9 affaiss\u00e9 du pied, augmentant ainsi la stabilit\u00e9 et le contr\u00f4le. Cependant, contrairement aux coin de cale (qui incline l&#8217;int\u00e9gralit\u00e9 de la chaussure), ou \u00e0 la cale d&#8217;avant-pied (qui incline directement l&#8217;avant-pied et indirectement l&#8217;arri\u00e8re-pied), la cale de talon n&#8217;ajuste que le talon.<br \/>\n&#8211; Avec une inclinaison d\u20191 degr\u00e9, les coins de talon peuvent \u00eatre empil\u00e9s pour obtenir plus d\u2019angle, ou empil\u00e9es \u00e0 des angles oppos\u00e9s pour obtenir un soul\u00e8vement du talon si n\u00e9cessaire. Ils viennent en taille unique et peuvent \u00eatre coup\u00e9s pour s\u2019adapter \u00e0 la forme de la chaussure. Ils sont disponibles en taille unique et peuvent \u00eatre coup\u00e9s sur mesure.<\/p>\n","protected":false},"featured_media":77206,"comment_status":"closed","ping_status":"closed","template":"","meta":[],"product_brand":[],"product_cat":[4783,4826,4785],"product_tag":[5071,5052,5063],"class_list":{"0":"post-78962","1":"product","2":"type-product","3":"status-publish","4":"has-post-thumbnail","6":"product_cat-offroad-fr-2","7":"product_cat-foot-pedal-interface-fr","8":"product_cat-road-fr","9":"product_tag-foot-pedal-interface-fr","10":"product_tag-form-fr","11":"product_tag-heel-wedges-fr","12":"product_shipping_class-format-xs-fr","14":"first","15":"instock","16":"taxable","17":"shipping-taxable","18":"purchasable","19":"product-type-variable"},"yoast_head":"<!-- This site is optimized with the Yoast SEO Premium plugin v27.3 (Yoast SEO v27.3) - https:\/\/yoast.com\/product\/yoast-seo-premium-wordpress\/ -->\n<title>Coins de talon \u2013 Route \/ VTT universel FORM\u00ae - bikefit.lu<\/title>\n<meta name=\"robots\" content=\"index, follow, max-snippet:-1, max-image-preview:large, max-video-preview:-1\" \/>\n<link rel=\"canonical\" href=\"https:\/\/bikefit.lu\/fr\/product\/coins-de-talon-route-vtt-universel-form\/\" \/>\n<meta property=\"og:locale\" content=\"fr_FR\" \/>\n<meta property=\"og:type\" content=\"article\" \/>\n<meta property=\"og:title\" content=\"Coins de talon \u2013 Route \/ VTT universel FORM\u00ae\" \/>\n<meta property=\"og:description\" content=\"- Les coins de talon sont utilis\u00e9es \u00e0 l&#039;int\u00e9rieur de la chaussure pour incliner l&#039;arri\u00e8re du pied et corriger et soutenir directement le valgus\/pronation de l&#039;arri\u00e8re-pied. - D&#039;une mani\u00e8re analogue aux coins de cales ou aux coins d&#039;avant-pied (int\u00e9rieures \u00e0 la chaussure), la cale de talon soul\u00e8ve le c\u00f4t\u00e9 affaiss\u00e9 du pied, augmentant ainsi la stabilit\u00e9 et le contr\u00f4le. Cependant, contrairement aux coin de cale (qui incline l&#039;int\u00e9gralit\u00e9 de la chaussure), ou \u00e0 la cale d&#039;avant-pied (qui incline directement l&#039;avant-pied et indirectement l&#039;arri\u00e8re-pied), la cale de talon n&#039;ajuste que le talon. - Avec une inclinaison d\u20191 degr\u00e9, les coins de talon peuvent \u00eatre empil\u00e9s pour obtenir plus d\u2019angle, ou empil\u00e9es \u00e0 des angles oppos\u00e9s pour obtenir un soul\u00e8vement du talon si n\u00e9cessaire. Ils viennent en taille unique et peuvent \u00eatre coup\u00e9s pour s\u2019adapter \u00e0 la forme de la chaussure. Ils sont disponibles en taille unique et peuvent \u00eatre coup\u00e9s sur mesure.\" \/>\n<meta property=\"og:url\" content=\"https:\/\/bikefit.lu\/fr\/product\/coins-de-talon-route-vtt-universel-form\/\" \/>\n<meta property=\"og:site_name\" content=\"bikefit.lu\" \/>\n<meta property=\"article:modified_time\" content=\"2025-06-02T12:16:12+00:00\" \/>\n<meta property=\"og:image\" content=\"https:\/\/bikefit.lu\/wp-content\/uploads\/2023\/04\/05a-heel-wedge-1.webp\" \/>\n\t<meta property=\"og:image:width\" content=\"1920\" \/>\n\t<meta property=\"og:image:height\" content=\"1920\" \/>\n\t<meta property=\"og:image:type\" content=\"image\/webp\" \/>\n<meta name=\"twitter:card\" content=\"summary_large_image\" \/>\n<meta name=\"twitter:label1\" content=\"Disponibilit\u00e9\" \/>\n\t<meta name=\"twitter:data1\" content=\"En stock\" \/>\n<script type=\"application\/ld+json\" class=\"yoast-schema-graph\">{\"@context\":\"https:\\\/\\\/schema.org\",\"@graph\":[{\"@type\":\"WebPage\",\"@id\":\"https:\\\/\\\/bikefit.lu\\\/fr\\\/product\\\/coins-de-talon-route-vtt-universel-form\\\/\",\"url\":\"https:\\\/\\\/bikefit.lu\\\/fr\\\/product\\\/coins-de-talon-route-vtt-universel-form\\\/\",\"name\":\"Coins de talon \u2013 Route \\\/ VTT universel FORM\u00ae - bikefit.lu\",\"isPartOf\":{\"@id\":\"https:\\\/\\\/bikefit.lu\\\/fr\\\/#website\"},\"primaryImageOfPage\":{\"@id\":\"https:\\\/\\\/bikefit.lu\\\/fr\\\/product\\\/coins-de-talon-route-vtt-universel-form\\\/#primaryimage\"},\"image\":{\"@id\":\"https:\\\/\\\/bikefit.lu\\\/fr\\\/product\\\/coins-de-talon-route-vtt-universel-form\\\/#primaryimage\"},\"thumbnailUrl\":\"https:\\\/\\\/bikefit.lu\\\/wp-content\\\/uploads\\\/2023\\\/04\\\/05a-heel-wedge-1.webp\",\"datePublished\":\"2023-04-28T06:14:50+00:00\",\"dateModified\":\"2025-06-02T12:16:12+00:00\",\"breadcrumb\":{\"@id\":\"https:\\\/\\\/bikefit.lu\\\/fr\\\/product\\\/coins-de-talon-route-vtt-universel-form\\\/#breadcrumb\"},\"inLanguage\":\"fr-FR\",\"potentialAction\":[{\"@type\":\"ReadAction\",\"target\":[\"https:\\\/\\\/bikefit.lu\\\/fr\\\/product\\\/coins-de-talon-route-vtt-universel-form\\\/\"]}]},{\"@type\":\"ImageObject\",\"inLanguage\":\"fr-FR\",\"@id\":\"https:\\\/\\\/bikefit.lu\\\/fr\\\/product\\\/coins-de-talon-route-vtt-universel-form\\\/#primaryimage\",\"url\":\"https:\\\/\\\/bikefit.lu\\\/wp-content\\\/uploads\\\/2023\\\/04\\\/05a-heel-wedge-1.webp\",\"contentUrl\":\"https:\\\/\\\/bikefit.lu\\\/wp-content\\\/uploads\\\/2023\\\/04\\\/05a-heel-wedge-1.webp\",\"width\":1920,\"height\":1920},{\"@type\":\"BreadcrumbList\",\"@id\":\"https:\\\/\\\/bikefit.lu\\\/fr\\\/product\\\/coins-de-talon-route-vtt-universel-form\\\/#breadcrumb\",\"itemListElement\":[{\"@type\":\"ListItem\",\"position\":1,\"name\":\"Home\",\"item\":\"https:\\\/\\\/bikefit.lu\\\/fr\\\/\"},{\"@type\":\"ListItem\",\"position\":2,\"name\":\"Produits\",\"item\":\"https:\\\/\\\/bikefit.lu\\\/fr\\\/shop\\\/\"},{\"@type\":\"ListItem\",\"position\":3,\"name\":\"Coins de talon \u2013 Route \\\/ VTT universel FORM\u00ae\"}]},{\"@type\":\"WebSite\",\"@id\":\"https:\\\/\\\/bikefit.lu\\\/fr\\\/#website\",\"url\":\"https:\\\/\\\/bikefit.lu\\\/fr\\\/\",\"name\":\"bikefit.lu\",\"description\":\"IMPROVING CYCLING\",\"publisher\":{\"@id\":\"https:\\\/\\\/bikefit.lu\\\/fr\\\/#\\\/schema\\\/person\\\/379af1263474d2f8cd1f41c2bd90273d\"},\"potentialAction\":[{\"@type\":\"SearchAction\",\"target\":{\"@type\":\"EntryPoint\",\"urlTemplate\":\"https:\\\/\\\/bikefit.lu\\\/fr\\\/?s={search_term_string}\"},\"query-input\":{\"@type\":\"PropertyValueSpecification\",\"valueRequired\":true,\"valueName\":\"search_term_string\"}}],\"inLanguage\":\"fr-FR\"},{\"@type\":[\"Person\",\"Organization\"],\"@id\":\"https:\\\/\\\/bikefit.lu\\\/fr\\\/#\\\/schema\\\/person\\\/379af1263474d2f8cd1f41c2bd90273d\",\"name\":\"Patrick Guillaume\",\"image\":{\"@type\":\"ImageObject\",\"inLanguage\":\"fr-FR\",\"@id\":\"https:\\\/\\\/bikefit.lu\\\/wp-content\\\/uploads\\\/2024\\\/12\\\/cropped-bikefit-logoURL-RGB-jpg.jpg\",\"url\":\"https:\\\/\\\/bikefit.lu\\\/wp-content\\\/uploads\\\/2024\\\/12\\\/cropped-bikefit-logoURL-RGB-jpg.jpg\",\"contentUrl\":\"https:\\\/\\\/bikefit.lu\\\/wp-content\\\/uploads\\\/2024\\\/12\\\/cropped-bikefit-logoURL-RGB-jpg.jpg\",\"width\":512,\"height\":512,\"caption\":\"Patrick Guillaume\"},\"logo\":{\"@id\":\"https:\\\/\\\/bikefit.lu\\\/wp-content\\\/uploads\\\/2024\\\/12\\\/cropped-bikefit-logoURL-RGB-jpg.jpg\"},\"sameAs\":[\"https:\\\/\\\/bikefit.lu\"],\"honorificPrefix\":\"Mr\",\"birthDate\":\"1966-11-18\",\"gender\":\"male\",\"knowsAbout\":[\"Bike-fitting\"],\"knowsLanguage\":[\"English\",\"French\",\"German\",\"Luxembourgish\"]}]}<\/script>\n<meta property=\"og:availability\" content=\"instock\" \/>\n<meta property=\"product:availability\" content=\"instock\" \/>\n<meta property=\"product:condition\" content=\"new\" \/>\n<!-- \/ Yoast SEO Premium plugin. -->","yoast_head_json":{"title":"Coins de talon \u2013 Route \/ VTT universel FORM\u00ae - bikefit.lu","robots":{"index":"index","follow":"follow","max-snippet":"max-snippet:-1","max-image-preview":"max-image-preview:large","max-video-preview":"max-video-preview:-1"},"canonical":"https:\/\/bikefit.lu\/fr\/product\/coins-de-talon-route-vtt-universel-form\/","og_locale":"fr_FR","og_type":"article","og_title":"Coins de talon \u2013 Route \/ VTT universel FORM\u00ae","og_description":"- Les coins de talon sont utilis\u00e9es \u00e0 l'int\u00e9rieur de la chaussure pour incliner l'arri\u00e8re du pied et corriger et soutenir directement le valgus\/pronation de l'arri\u00e8re-pied. - D'une mani\u00e8re analogue aux coins de cales ou aux coins d'avant-pied (int\u00e9rieures \u00e0 la chaussure), la cale de talon soul\u00e8ve le c\u00f4t\u00e9 affaiss\u00e9 du pied, augmentant ainsi la stabilit\u00e9 et le contr\u00f4le. Cependant, contrairement aux coin de cale (qui incline l'int\u00e9gralit\u00e9 de la chaussure), ou \u00e0 la cale d'avant-pied (qui incline directement l'avant-pied et indirectement l'arri\u00e8re-pied), la cale de talon n'ajuste que le talon. - Avec une inclinaison d\u20191 degr\u00e9, les coins de talon peuvent \u00eatre empil\u00e9s pour obtenir plus d\u2019angle, ou empil\u00e9es \u00e0 des angles oppos\u00e9s pour obtenir un soul\u00e8vement du talon si n\u00e9cessaire. Ils viennent en taille unique et peuvent \u00eatre coup\u00e9s pour s\u2019adapter \u00e0 la forme de la chaussure. Ils sont disponibles en taille unique et peuvent \u00eatre coup\u00e9s sur mesure.","og_url":"https:\/\/bikefit.lu\/fr\/product\/coins-de-talon-route-vtt-universel-form\/","og_site_name":"bikefit.lu","article_modified_time":"2025-06-02T12:16:12+00:00","og_image":[{"width":1920,"height":1920,"url":"https:\/\/bikefit.lu\/wp-content\/uploads\/2023\/04\/05a-heel-wedge-1.webp","type":"image\/webp"}],"twitter_card":"summary_large_image","twitter_misc":{"Disponibilit\u00e9":"En stock"},"schema":{"@context":"https:\/\/schema.org","@graph":[{"@type":"WebPage","@id":"https:\/\/bikefit.lu\/fr\/product\/coins-de-talon-route-vtt-universel-form\/","url":"https:\/\/bikefit.lu\/fr\/product\/coins-de-talon-route-vtt-universel-form\/","name":"Coins de talon \u2013 Route \/ VTT universel FORM\u00ae - bikefit.lu","isPartOf":{"@id":"https:\/\/bikefit.lu\/fr\/#website"},"primaryImageOfPage":{"@id":"https:\/\/bikefit.lu\/fr\/product\/coins-de-talon-route-vtt-universel-form\/#primaryimage"},"image":{"@id":"https:\/\/bikefit.lu\/fr\/product\/coins-de-talon-route-vtt-universel-form\/#primaryimage"},"thumbnailUrl":"https:\/\/bikefit.lu\/wp-content\/uploads\/2023\/04\/05a-heel-wedge-1.webp","datePublished":"2023-04-28T06:14:50+00:00","dateModified":"2025-06-02T12:16:12+00:00","breadcrumb":{"@id":"https:\/\/bikefit.lu\/fr\/product\/coins-de-talon-route-vtt-universel-form\/#breadcrumb"},"inLanguage":"fr-FR","potentialAction":[{"@type":"ReadAction","target":["https:\/\/bikefit.lu\/fr\/product\/coins-de-talon-route-vtt-universel-form\/"]}]},{"@type":"ImageObject","inLanguage":"fr-FR","@id":"https:\/\/bikefit.lu\/fr\/product\/coins-de-talon-route-vtt-universel-form\/#primaryimage","url":"https:\/\/bikefit.lu\/wp-content\/uploads\/2023\/04\/05a-heel-wedge-1.webp","contentUrl":"https:\/\/bikefit.lu\/wp-content\/uploads\/2023\/04\/05a-heel-wedge-1.webp","width":1920,"height":1920},{"@type":"BreadcrumbList","@id":"https:\/\/bikefit.lu\/fr\/product\/coins-de-talon-route-vtt-universel-form\/#breadcrumb","itemListElement":[{"@type":"ListItem","position":1,"name":"Home","item":"https:\/\/bikefit.lu\/fr\/"},{"@type":"ListItem","position":2,"name":"Produits","item":"https:\/\/bikefit.lu\/fr\/shop\/"},{"@type":"ListItem","position":3,"name":"Coins de talon \u2013 Route \/ VTT universel FORM\u00ae"}]},{"@type":"WebSite","@id":"https:\/\/bikefit.lu\/fr\/#website","url":"https:\/\/bikefit.lu\/fr\/","name":"bikefit.lu","description":"IMPROVING CYCLING","publisher":{"@id":"https:\/\/bikefit.lu\/fr\/#\/schema\/person\/379af1263474d2f8cd1f41c2bd90273d"},"potentialAction":[{"@type":"SearchAction","target":{"@type":"EntryPoint","urlTemplate":"https:\/\/bikefit.lu\/fr\/?s={search_term_string}"},"query-input":{"@type":"PropertyValueSpecification","valueRequired":true,"valueName":"search_term_string"}}],"inLanguage":"fr-FR"},{"@type":["Person","Organization"],"@id":"https:\/\/bikefit.lu\/fr\/#\/schema\/person\/379af1263474d2f8cd1f41c2bd90273d","name":"Patrick Guillaume","image":{"@type":"ImageObject","inLanguage":"fr-FR","@id":"https:\/\/bikefit.lu\/wp-content\/uploads\/2024\/12\/cropped-bikefit-logoURL-RGB-jpg.jpg","url":"https:\/\/bikefit.lu\/wp-content\/uploads\/2024\/12\/cropped-bikefit-logoURL-RGB-jpg.jpg","contentUrl":"https:\/\/bikefit.lu\/wp-content\/uploads\/2024\/12\/cropped-bikefit-logoURL-RGB-jpg.jpg","width":512,"height":512,"caption":"Patrick Guillaume"},"logo":{"@id":"https:\/\/bikefit.lu\/wp-content\/uploads\/2024\/12\/cropped-bikefit-logoURL-RGB-jpg.jpg"},"sameAs":["https:\/\/bikefit.lu"],"honorificPrefix":"Mr","birthDate":"1966-11-18","gender":"male","knowsAbout":["Bike-fitting"],"knowsLanguage":["English","French","German","Luxembourgish"]}]},"og_availability":"instock","product_availability":"instock","product_condition":"new"},"_links":{"self":[{"href":"https:\/\/bikefit.lu\/fr\/wp-json\/wp\/v2\/product\/78962","targetHints":{"allow":["GET"]}}],"collection":[{"href":"https:\/\/bikefit.lu\/fr\/wp-json\/wp\/v2\/product"}],"about":[{"href":"https:\/\/bikefit.lu\/fr\/wp-json\/wp\/v2\/types\/product"}],"replies":[{"embeddable":true,"href":"https:\/\/bikefit.lu\/fr\/wp-json\/wp\/v2\/comments?post=78962"}],"version-history":[{"count":0,"href":"https:\/\/bikefit.lu\/fr\/wp-json\/wp\/v2\/product\/78962\/revisions"}],"wp:featuredmedia":[{"embeddable":true,"href":"https:\/\/bikefit.lu\/fr\/wp-json\/wp\/v2\/media\/77206"}],"wp:attachment":[{"href":"https:\/\/bikefit.lu\/fr\/wp-json\/wp\/v2\/media?parent=78962"}],"wp:term":[{"taxonomy":"product_brand","embeddable":true,"href":"https:\/\/bikefit.lu\/fr\/wp-json\/wp\/v2\/product_brand?post=78962"},{"taxonomy":"product_cat","embeddable":true,"href":"https:\/\/bikefit.lu\/fr\/wp-json\/wp\/v2\/product_cat?post=78962"},{"taxonomy":"product_tag","embeddable":true,"href":"https:\/\/bikefit.lu\/fr\/wp-json\/wp\/v2\/product_tag?post=78962"}],"curies":[{"name":"wp","href":"https:\/\/api.w.org\/{rel}","templated":true}]}}