{"id":79310,"date":"2022-10-14T09:17:52","date_gmt":"2022-10-14T09:17:52","guid":{"rendered":"https:\/\/staging.bikefit.lu\/shop\/non%20class\u00e9\/extension-de-plaque-de-base-form-ml9-pour-wahoo-speedplay\/"},"modified":"2025-04-14T17:56:27","modified_gmt":"2025-04-14T15:56:27","slug":"extension-de-plaque-de-base-form-ml9-pour-wahoo-speedplay","status":"publish","type":"product","link":"https:\/\/bikefit.lu\/fr\/product\/extension-de-plaque-de-base-form-ml9-pour-wahoo-speedplay\/","title":{"rendered":"Form\u00ae ML9 &#8211; Plaque d&#8217;extension de cale pour Wahoo Speedplay"},"content":{"rendered":"<div id=\"description\">\n<p>LE KIT COMPREND<\/p>\n<ul>\n<li>G &amp; D &#8211; Deux ( ou six) plaques \/ vis de la plaque de base \/ vis des cales \/ mini outil Torx<\/li>\n<li>L IN \/ R OUT &#8211; Plaque unique \/ vis de la plaque de base \/ vis de cale \/ mini outil Torx<\/li>\n<li>R IN \/ L OUT &#8211; Plaque unique \/ vis de la plaque de base \/ vis de cale \/ mini outil Torx<\/li>\n<\/ul>\n<p><em>*Veuillez noter :<\/em><\/p>\n<ul>\n<li><em> Ces plaques sont con\u00e7ues pour utiliser des vis Torx \u00e0 t\u00eate frais\u00e9e (fournies). L&#8217;utilisation d&#8217;autres vis pourrait compromettre les r\u00e9sultats. <\/em><\/li>\n<li><em>Dans certaines configurations, il peut \u00eatre n\u00e9cessaire d&#8217;ajuster l\u00e9g\u00e8rement les cales bleues Speedplay pour obtenir un ajustement maximal vers l&#8217;arri\u00e8re. Cette op\u00e9ration s&#8217;effectue facilement \u00e0 l&#8217;aide d&#8217;un couteau de bricolage, d&#8217;une perceuse ou des deux.  <\/em><em>Veuillez consulter la galerie de photos ou nous contacter pour plus d&#8217;informations.<\/em><\/li>\n<\/ul>\n<\/div>\n","protected":false},"excerpt":{"rendered":"<p id=\"isPasted\">Les plaques d&#8217;extension FORM Wahoo Speedplay offrent aux cyclistes des possibilit\u00e9s de r\u00e9glage suppl\u00e9mentaires en dehors de la plage de la plaque de base standard Speedplay. Il peut s&#8217;agir d&#8217;un ajustement vers l&#8217;arri\u00e8re, d&#8217;un ajustement m\u00e9dian ou d&#8217;un ajustement lat\u00e9ral. Avec trois options de plaques au choix, vous pouvez explorer de multiples configurations.  <\/p>\n<p>La ML9 est une plaque destin\u00e9e uniquement \u00e0 l&#8217;ajustement m\u00e9dial ou lat\u00e9ral et offre jusqu&#8217;\u00e0 9 mm d&#8217;ajustement lat\u00e9ral suppl\u00e9mentaire par rapport \u00e0 une plaque de base Speedplay standard. L&#8217;utilisation de cette plaque est une fa\u00e7on intelligente pour les pilotes de grande ou de petite taille d&#8217;augmenter ou de r\u00e9duire la largeur de leur position sur le v\u00e9lo. La plaque comporte deux s\u00e9ries de trous de fixation de taquets, l&#8217;une en position standard et l&#8217;autre en position m\u00e9diane\/lat\u00e9rale.  <\/p>\n<p>Remarque. Le ML9 perd les 3 derniers millim\u00e8tres de r\u00e9glage de la plaque vers l&#8217;arri\u00e8re par rapport \u00e0 une plaque de base Speedplay standard. N&#8217;utilisez cette plaque que si vous disposez d&#8217;un r\u00e9glage arri\u00e8re suffisant sur votre chaussure.  <em> <\/em><\/p>\n","protected":false},"featured_media":88400,"comment_status":"closed","ping_status":"closed","template":"","meta":[],"product_brand":[],"product_cat":[4826,4785],"product_tag":[4933,5071,5052,5494,5124,5176],"class_list":{"0":"post-79310","1":"product","2":"type-product","3":"status-publish","4":"has-post-thumbnail","6":"product_cat-foot-pedal-interface-fr","7":"product_cat-road-fr","8":"product_tag-4-hole-fr","9":"product_tag-foot-pedal-interface-fr","10":"product_tag-form-fr","11":"product_tag-plaque-dextension-de-cales","12":"product_tag-road-fr","13":"product_tag-wahoo-speedplay-fr","15":"first","16":"instock","17":"taxable","18":"shipping-taxable","19":"purchasable","20":"product-type-variable"},"group_of_quantity":0,"min_quantity":0,"max_quantity":"","exclude_order_quantity_value_rules":"no","exclude_category_quantity_rules":"no","combine_variations":"no","yoast_head":"<!-- This site is optimized with the Yoast SEO Premium plugin v27.4 (Yoast SEO v27.4) - https:\/\/yoast.com\/product\/yoast-seo-premium-wordpress\/ -->\n<title>Form\u00ae ML9 - Plaque d&#039;extension de cale pour Wahoo Speedplay - bikefit.lu<\/title>\n<meta name=\"robots\" content=\"index, follow, max-snippet:-1, max-image-preview:large, max-video-preview:-1\" \/>\n<link rel=\"canonical\" href=\"https:\/\/bikefit.lu\/fr\/product\/extension-de-plaque-de-base-form-ml9-pour-wahoo-speedplay\/\" \/>\n<meta property=\"og:locale\" content=\"fr_FR\" \/>\n<meta property=\"og:type\" content=\"article\" \/>\n<meta property=\"og:title\" content=\"Form\u00ae ML9 - Plaque d&#039;extension de cale pour Wahoo Speedplay\" \/>\n<meta property=\"og:description\" content=\"Les plaques d&#039;extension FORM Wahoo Speedplay offrent aux cyclistes des possibilit\u00e9s de r\u00e9glage suppl\u00e9mentaires en dehors de la plage de la plaque de base standard Speedplay. Il peut s&#039;agir d&#039;un ajustement vers l&#039;arri\u00e8re, d&#039;un ajustement m\u00e9dian ou d&#039;un ajustement lat\u00e9ral. Avec trois options de plaques au choix, vous pouvez explorer de multiples configurations.  La ML9 est une plaque destin\u00e9e uniquement \u00e0 l&#039;ajustement m\u00e9dial ou lat\u00e9ral et offre jusqu&#039;\u00e0 9 mm d&#039;ajustement lat\u00e9ral suppl\u00e9mentaire par rapport \u00e0 une plaque de base Speedplay standard. L&#039;utilisation de cette plaque est une fa\u00e7on intelligente pour les pilotes de grande ou de petite taille d&#039;augmenter ou de r\u00e9duire la largeur de leur position sur le v\u00e9lo. La plaque comporte deux s\u00e9ries de trous de fixation de taquets, l&#039;une en position standard et l&#039;autre en position m\u00e9diane\/lat\u00e9rale.  Remarque. Le ML9 perd les 3 derniers millim\u00e8tres de r\u00e9glage de la plaque vers l&#039;arri\u00e8re par rapport \u00e0 une plaque de base Speedplay standard. N&#039;utilisez cette plaque que si vous disposez d&#039;un r\u00e9glage arri\u00e8re suffisant sur votre chaussure.\" \/>\n<meta property=\"og:url\" content=\"https:\/\/bikefit.lu\/fr\/product\/extension-de-plaque-de-base-form-ml9-pour-wahoo-speedplay\/\" \/>\n<meta property=\"og:site_name\" content=\"bikefit.lu\" \/>\n<meta property=\"article:modified_time\" content=\"2025-04-14T15:56:27+00:00\" \/>\n<meta property=\"og:image\" content=\"https:\/\/bikefit.lu\/wp-content\/uploads\/2024\/12\/ml9.webp\" \/>\n\t<meta property=\"og:image:width\" content=\"1920\" \/>\n\t<meta property=\"og:image:height\" content=\"1920\" \/>\n\t<meta property=\"og:image:type\" content=\"image\/webp\" \/>\n<meta name=\"twitter:card\" content=\"summary_large_image\" \/>\n<meta name=\"twitter:label1\" content=\"Disponibilit\u00e9\" \/>\n\t<meta name=\"twitter:data1\" content=\"En stock\" \/>\n<script type=\"application\/ld+json\" class=\"yoast-schema-graph\">{\"@context\":\"https:\\\/\\\/schema.org\",\"@graph\":[{\"@type\":\"WebPage\",\"@id\":\"https:\\\/\\\/bikefit.lu\\\/fr\\\/product\\\/extension-de-plaque-de-base-form-ml9-pour-wahoo-speedplay\\\/\",\"url\":\"https:\\\/\\\/bikefit.lu\\\/fr\\\/product\\\/extension-de-plaque-de-base-form-ml9-pour-wahoo-speedplay\\\/\",\"name\":\"Form\u00ae ML9 - Plaque d'extension de cale pour Wahoo Speedplay - bikefit.lu\",\"isPartOf\":{\"@id\":\"https:\\\/\\\/bikefit.lu\\\/fr\\\/#website\"},\"primaryImageOfPage\":{\"@id\":\"https:\\\/\\\/bikefit.lu\\\/fr\\\/product\\\/extension-de-plaque-de-base-form-ml9-pour-wahoo-speedplay\\\/#primaryimage\"},\"image\":{\"@id\":\"https:\\\/\\\/bikefit.lu\\\/fr\\\/product\\\/extension-de-plaque-de-base-form-ml9-pour-wahoo-speedplay\\\/#primaryimage\"},\"thumbnailUrl\":\"https:\\\/\\\/bikefit.lu\\\/wp-content\\\/uploads\\\/2024\\\/12\\\/ml9.webp\",\"datePublished\":\"2022-10-14T09:17:52+00:00\",\"dateModified\":\"2025-04-14T15:56:27+00:00\",\"breadcrumb\":{\"@id\":\"https:\\\/\\\/bikefit.lu\\\/fr\\\/product\\\/extension-de-plaque-de-base-form-ml9-pour-wahoo-speedplay\\\/#breadcrumb\"},\"inLanguage\":\"fr-FR\",\"potentialAction\":[{\"@type\":\"ReadAction\",\"target\":[\"https:\\\/\\\/bikefit.lu\\\/fr\\\/product\\\/extension-de-plaque-de-base-form-ml9-pour-wahoo-speedplay\\\/\"]}]},{\"@type\":\"ImageObject\",\"inLanguage\":\"fr-FR\",\"@id\":\"https:\\\/\\\/bikefit.lu\\\/fr\\\/product\\\/extension-de-plaque-de-base-form-ml9-pour-wahoo-speedplay\\\/#primaryimage\",\"url\":\"https:\\\/\\\/bikefit.lu\\\/wp-content\\\/uploads\\\/2024\\\/12\\\/ml9.webp\",\"contentUrl\":\"https:\\\/\\\/bikefit.lu\\\/wp-content\\\/uploads\\\/2024\\\/12\\\/ml9.webp\",\"width\":1920,\"height\":1920},{\"@type\":\"BreadcrumbList\",\"@id\":\"https:\\\/\\\/bikefit.lu\\\/fr\\\/product\\\/extension-de-plaque-de-base-form-ml9-pour-wahoo-speedplay\\\/#breadcrumb\",\"itemListElement\":[{\"@type\":\"ListItem\",\"position\":1,\"name\":\"Home\",\"item\":\"https:\\\/\\\/bikefit.lu\\\/fr\\\/\"},{\"@type\":\"ListItem\",\"position\":2,\"name\":\"Shop\",\"item\":\"https:\\\/\\\/bikefit.lu\\\/fr\\\/shop\\\/\"},{\"@type\":\"ListItem\",\"position\":3,\"name\":\"Form\u00ae ML9 &#8211; Plaque d&#8217;extension de cale pour Wahoo Speedplay\"}]},{\"@type\":\"WebSite\",\"@id\":\"https:\\\/\\\/bikefit.lu\\\/fr\\\/#website\",\"url\":\"https:\\\/\\\/bikefit.lu\\\/fr\\\/\",\"name\":\"bikefit.lu\",\"description\":\"IMPROVING CYCLING\",\"publisher\":{\"@id\":\"https:\\\/\\\/bikefit.lu\\\/fr\\\/#\\\/schema\\\/person\\\/379af1263474d2f8cd1f41c2bd90273d\"},\"potentialAction\":[{\"@type\":\"SearchAction\",\"target\":{\"@type\":\"EntryPoint\",\"urlTemplate\":\"https:\\\/\\\/bikefit.lu\\\/fr\\\/?s={search_term_string}\"},\"query-input\":{\"@type\":\"PropertyValueSpecification\",\"valueRequired\":true,\"valueName\":\"search_term_string\"}}],\"inLanguage\":\"fr-FR\"},{\"@type\":[\"Person\",\"Organization\"],\"@id\":\"https:\\\/\\\/bikefit.lu\\\/fr\\\/#\\\/schema\\\/person\\\/379af1263474d2f8cd1f41c2bd90273d\",\"name\":\"Patrick Guillaume\",\"image\":{\"@type\":\"ImageObject\",\"inLanguage\":\"fr-FR\",\"@id\":\"https:\\\/\\\/bikefit.lu\\\/wp-content\\\/uploads\\\/2024\\\/12\\\/cropped-bikefit-logoURL-RGB-jpg.jpg\",\"url\":\"https:\\\/\\\/bikefit.lu\\\/wp-content\\\/uploads\\\/2024\\\/12\\\/cropped-bikefit-logoURL-RGB-jpg.jpg\",\"contentUrl\":\"https:\\\/\\\/bikefit.lu\\\/wp-content\\\/uploads\\\/2024\\\/12\\\/cropped-bikefit-logoURL-RGB-jpg.jpg\",\"width\":512,\"height\":512,\"caption\":\"Patrick Guillaume\"},\"logo\":{\"@id\":\"https:\\\/\\\/bikefit.lu\\\/wp-content\\\/uploads\\\/2024\\\/12\\\/cropped-bikefit-logoURL-RGB-jpg.jpg\"},\"sameAs\":[\"https:\\\/\\\/bikefit.lu\"],\"honorificPrefix\":\"Mr\",\"birthDate\":\"1966-11-18\",\"gender\":\"male\",\"knowsAbout\":[\"Bike-fitting\"],\"knowsLanguage\":[\"English\",\"French\",\"German\",\"Luxembourgish\"]}]}<\/script>\n<meta property=\"og:availability\" content=\"instock\" \/>\n<meta property=\"product:availability\" content=\"instock\" \/>\n<meta property=\"product:condition\" content=\"new\" \/>\n<!-- \/ Yoast SEO Premium plugin. -->","yoast_head_json":{"title":"Form\u00ae ML9 - Plaque d'extension de cale pour Wahoo Speedplay - bikefit.lu","robots":{"index":"index","follow":"follow","max-snippet":"max-snippet:-1","max-image-preview":"max-image-preview:large","max-video-preview":"max-video-preview:-1"},"canonical":"https:\/\/bikefit.lu\/fr\/product\/extension-de-plaque-de-base-form-ml9-pour-wahoo-speedplay\/","og_locale":"fr_FR","og_type":"article","og_title":"Form\u00ae ML9 - Plaque d'extension de cale pour Wahoo Speedplay","og_description":"Les plaques d'extension FORM Wahoo Speedplay offrent aux cyclistes des possibilit\u00e9s de r\u00e9glage suppl\u00e9mentaires en dehors de la plage de la plaque de base standard Speedplay. Il peut s'agir d'un ajustement vers l'arri\u00e8re, d'un ajustement m\u00e9dian ou d'un ajustement lat\u00e9ral. Avec trois options de plaques au choix, vous pouvez explorer de multiples configurations.  La ML9 est une plaque destin\u00e9e uniquement \u00e0 l'ajustement m\u00e9dial ou lat\u00e9ral et offre jusqu'\u00e0 9 mm d'ajustement lat\u00e9ral suppl\u00e9mentaire par rapport \u00e0 une plaque de base Speedplay standard. L'utilisation de cette plaque est une fa\u00e7on intelligente pour les pilotes de grande ou de petite taille d'augmenter ou de r\u00e9duire la largeur de leur position sur le v\u00e9lo. La plaque comporte deux s\u00e9ries de trous de fixation de taquets, l'une en position standard et l'autre en position m\u00e9diane\/lat\u00e9rale.  Remarque. Le ML9 perd les 3 derniers millim\u00e8tres de r\u00e9glage de la plaque vers l'arri\u00e8re par rapport \u00e0 une plaque de base Speedplay standard. N'utilisez cette plaque que si vous disposez d'un r\u00e9glage arri\u00e8re suffisant sur votre chaussure.","og_url":"https:\/\/bikefit.lu\/fr\/product\/extension-de-plaque-de-base-form-ml9-pour-wahoo-speedplay\/","og_site_name":"bikefit.lu","article_modified_time":"2025-04-14T15:56:27+00:00","og_image":[{"width":1920,"height":1920,"url":"https:\/\/bikefit.lu\/wp-content\/uploads\/2024\/12\/ml9.webp","type":"image\/webp"}],"twitter_card":"summary_large_image","twitter_misc":{"Disponibilit\u00e9":"En stock"},"schema":{"@context":"https:\/\/schema.org","@graph":[{"@type":"WebPage","@id":"https:\/\/bikefit.lu\/fr\/product\/extension-de-plaque-de-base-form-ml9-pour-wahoo-speedplay\/","url":"https:\/\/bikefit.lu\/fr\/product\/extension-de-plaque-de-base-form-ml9-pour-wahoo-speedplay\/","name":"Form\u00ae ML9 - Plaque d'extension de cale pour Wahoo Speedplay - bikefit.lu","isPartOf":{"@id":"https:\/\/bikefit.lu\/fr\/#website"},"primaryImageOfPage":{"@id":"https:\/\/bikefit.lu\/fr\/product\/extension-de-plaque-de-base-form-ml9-pour-wahoo-speedplay\/#primaryimage"},"image":{"@id":"https:\/\/bikefit.lu\/fr\/product\/extension-de-plaque-de-base-form-ml9-pour-wahoo-speedplay\/#primaryimage"},"thumbnailUrl":"https:\/\/bikefit.lu\/wp-content\/uploads\/2024\/12\/ml9.webp","datePublished":"2022-10-14T09:17:52+00:00","dateModified":"2025-04-14T15:56:27+00:00","breadcrumb":{"@id":"https:\/\/bikefit.lu\/fr\/product\/extension-de-plaque-de-base-form-ml9-pour-wahoo-speedplay\/#breadcrumb"},"inLanguage":"fr-FR","potentialAction":[{"@type":"ReadAction","target":["https:\/\/bikefit.lu\/fr\/product\/extension-de-plaque-de-base-form-ml9-pour-wahoo-speedplay\/"]}]},{"@type":"ImageObject","inLanguage":"fr-FR","@id":"https:\/\/bikefit.lu\/fr\/product\/extension-de-plaque-de-base-form-ml9-pour-wahoo-speedplay\/#primaryimage","url":"https:\/\/bikefit.lu\/wp-content\/uploads\/2024\/12\/ml9.webp","contentUrl":"https:\/\/bikefit.lu\/wp-content\/uploads\/2024\/12\/ml9.webp","width":1920,"height":1920},{"@type":"BreadcrumbList","@id":"https:\/\/bikefit.lu\/fr\/product\/extension-de-plaque-de-base-form-ml9-pour-wahoo-speedplay\/#breadcrumb","itemListElement":[{"@type":"ListItem","position":1,"name":"Home","item":"https:\/\/bikefit.lu\/fr\/"},{"@type":"ListItem","position":2,"name":"Shop","item":"https:\/\/bikefit.lu\/fr\/shop\/"},{"@type":"ListItem","position":3,"name":"Form\u00ae ML9 &#8211; Plaque d&#8217;extension de cale pour Wahoo Speedplay"}]},{"@type":"WebSite","@id":"https:\/\/bikefit.lu\/fr\/#website","url":"https:\/\/bikefit.lu\/fr\/","name":"bikefit.lu","description":"IMPROVING CYCLING","publisher":{"@id":"https:\/\/bikefit.lu\/fr\/#\/schema\/person\/379af1263474d2f8cd1f41c2bd90273d"},"potentialAction":[{"@type":"SearchAction","target":{"@type":"EntryPoint","urlTemplate":"https:\/\/bikefit.lu\/fr\/?s={search_term_string}"},"query-input":{"@type":"PropertyValueSpecification","valueRequired":true,"valueName":"search_term_string"}}],"inLanguage":"fr-FR"},{"@type":["Person","Organization"],"@id":"https:\/\/bikefit.lu\/fr\/#\/schema\/person\/379af1263474d2f8cd1f41c2bd90273d","name":"Patrick Guillaume","image":{"@type":"ImageObject","inLanguage":"fr-FR","@id":"https:\/\/bikefit.lu\/wp-content\/uploads\/2024\/12\/cropped-bikefit-logoURL-RGB-jpg.jpg","url":"https:\/\/bikefit.lu\/wp-content\/uploads\/2024\/12\/cropped-bikefit-logoURL-RGB-jpg.jpg","contentUrl":"https:\/\/bikefit.lu\/wp-content\/uploads\/2024\/12\/cropped-bikefit-logoURL-RGB-jpg.jpg","width":512,"height":512,"caption":"Patrick Guillaume"},"logo":{"@id":"https:\/\/bikefit.lu\/wp-content\/uploads\/2024\/12\/cropped-bikefit-logoURL-RGB-jpg.jpg"},"sameAs":["https:\/\/bikefit.lu"],"honorificPrefix":"Mr","birthDate":"1966-11-18","gender":"male","knowsAbout":["Bike-fitting"],"knowsLanguage":["English","French","German","Luxembourgish"]}]},"og_availability":"instock","product_availability":"instock","product_condition":"new"},"_links":{"self":[{"href":"https:\/\/bikefit.lu\/fr\/wp-json\/wp\/v2\/product\/79310","targetHints":{"allow":["GET"]}}],"collection":[{"href":"https:\/\/bikefit.lu\/fr\/wp-json\/wp\/v2\/product"}],"about":[{"href":"https:\/\/bikefit.lu\/fr\/wp-json\/wp\/v2\/types\/product"}],"replies":[{"embeddable":true,"href":"https:\/\/bikefit.lu\/fr\/wp-json\/wp\/v2\/comments?post=79310"}],"version-history":[{"count":0,"href":"https:\/\/bikefit.lu\/fr\/wp-json\/wp\/v2\/product\/79310\/revisions"}],"wp:featuredmedia":[{"embeddable":true,"href":"https:\/\/bikefit.lu\/fr\/wp-json\/wp\/v2\/media\/88400"}],"wp:attachment":[{"href":"https:\/\/bikefit.lu\/fr\/wp-json\/wp\/v2\/media?parent=79310"}],"wp:term":[{"taxonomy":"product_brand","embeddable":true,"href":"https:\/\/bikefit.lu\/fr\/wp-json\/wp\/v2\/product_brand?post=79310"},{"taxonomy":"product_cat","embeddable":true,"href":"https:\/\/bikefit.lu\/fr\/wp-json\/wp\/v2\/product_cat?post=79310"},{"taxonomy":"product_tag","embeddable":true,"href":"https:\/\/bikefit.lu\/fr\/wp-json\/wp\/v2\/product_tag?post=79310"}],"curies":[{"name":"wp","href":"https:\/\/api.w.org\/{rel}","templated":true}]}}