{"id":79383,"date":"2022-10-04T04:25:27","date_gmt":"2022-10-04T04:25:27","guid":{"rendered":"https:\/\/staging.bikefit.lu\/shop\/non%20class\u00e9\/coins-wedges-form-pour-wahoo-speedplay\/"},"modified":"2026-01-05T10:27:05","modified_gmt":"2026-01-05T09:27:05","slug":"coins-wedges-form-pour-wahoo-speedplay","status":"publish","type":"product","link":"https:\/\/bikefit.lu\/fr\/product\/coins-wedges-form-pour-wahoo-speedplay\/","title":{"rendered":"Coins (wedges) FORM\u00ae pour Wahoo Speedplay"},"content":{"rendered":"","protected":false},"excerpt":{"rendered":"<div id=\"properties\">&#8211; Les coins sont utilis\u00e9s pour corriger la pronation du pied, augmenter la proprioception et assurer une meilleure stabilit\u00e9 et un meilleur contr\u00f4le lors de la pratique du cyclisme. Ils sont \u00e9galement utilis\u00e9s pour modifier indirectement l&#8217;angle du genou afin de r\u00e9duire les douleurs lat\u00e9rales ou m\u00e9diales du genou associ\u00e9es \u00e0 une mauvaise trajectoire de la jambe.<br \/>\n&#8211; Les coins de cales orientent la chaussure\/le pied du coureur en modifiant l&#8217;angle entre la cale et la chaussure. Chaque coin offre un degr\u00e9 d&#8217;inclinaison et plusieurs cales peuvent \u00eatre superpos\u00e9es pour obtenir l&#8217;angle souhait\u00e9. <\/div>\n<div>&#8211; L&#8217;id\u00e9al est de placer les coins dans le carde d&#8217;une s\u00e9ance de bike fitting ou lors d&#8217;une \u00e9valuation du p\u00e9dalage et de la puissance. Cependant, ils peuvent \u00e9galement \u00eatre ajust\u00e9s judicieusement par les cyclistes eux-m\u00eames \u00e0 condition que l\u2019exercice soit effectu\u00e9 de mani\u00e8re contr\u00f4l\u00e9e.<br \/>\n&#8211; Les wedges Speedplay s&#8217;adaptent \u00e0 toutes les p\u00e9dales de route Speedplay, y compris les V1, V2, Walkable et Aero, ainsi qu&#8217;\u00e0 la nouvelle g\u00e9n\u00e9ration de Wahoo Speedplay.<br \/>\n&#8211; LE KIT COMPREND : 4 wedges et vis \/ N&#8217;oubliez pas les vis si vous commandez des cales individuelles !<\/div>\n","protected":false},"featured_media":88364,"comment_status":"closed","ping_status":"closed","template":"","meta":[],"product_brand":[],"product_cat":[4826,4785],"product_tag":[4933,5048,5071,5052,5124,5176],"class_list":{"0":"post-79383","1":"product","2":"type-product","3":"status-publish","4":"has-post-thumbnail","6":"product_cat-foot-pedal-interface-fr","7":"product_cat-road-fr","8":"product_tag-4-hole-fr","9":"product_tag-cleat-wedges-fr","10":"product_tag-foot-pedal-interface-fr","11":"product_tag-form-fr","12":"product_tag-road-fr","13":"product_tag-wahoo-speedplay-fr","14":"product_shipping_class-format-xs-fr","16":"first","17":"instock","18":"taxable","19":"shipping-taxable","20":"purchasable","21":"product-type-variable"},"group_of_quantity":0,"min_quantity":0,"max_quantity":"","exclude_order_quantity_value_rules":"no","exclude_category_quantity_rules":"no","combine_variations":"no","yoast_head":"<!-- This site is optimized with the Yoast SEO Premium plugin v27.4 (Yoast SEO v27.4) - https:\/\/yoast.com\/product\/yoast-seo-premium-wordpress\/ -->\n<title>Coins (wedges) FORM\u00ae pour Wahoo Speedplay - bikefit.lu<\/title>\n<meta name=\"robots\" content=\"index, follow, max-snippet:-1, max-image-preview:large, max-video-preview:-1\" \/>\n<link rel=\"canonical\" href=\"https:\/\/bikefit.lu\/fr\/product\/coins-wedges-form-pour-wahoo-speedplay\/\" \/>\n<meta property=\"og:locale\" content=\"fr_FR\" \/>\n<meta property=\"og:type\" content=\"article\" \/>\n<meta property=\"og:title\" content=\"Coins (wedges) FORM\u00ae pour Wahoo Speedplay\" \/>\n<meta property=\"og:description\" content=\"- Les coins sont utilis\u00e9s pour corriger la pronation du pied, augmenter la proprioception et assurer une meilleure stabilit\u00e9 et un meilleur contr\u00f4le lors de la pratique du cyclisme. Ils sont \u00e9galement utilis\u00e9s pour modifier indirectement l&#039;angle du genou afin de r\u00e9duire les douleurs lat\u00e9rales ou m\u00e9diales du genou associ\u00e9es \u00e0 une mauvaise trajectoire de la jambe. - Les coins de cales orientent la chaussure\/le pied du coureur en modifiant l&#039;angle entre la cale et la chaussure. Chaque coin offre un degr\u00e9 d&#039;inclinaison et plusieurs cales peuvent \u00eatre superpos\u00e9es pour obtenir l&#039;angle souhait\u00e9. - L&#039;id\u00e9al est de placer les coins dans le carde d&#039;une s\u00e9ance de bike fitting ou lors d&#039;une \u00e9valuation du p\u00e9dalage et de la puissance. Cependant, ils peuvent \u00e9galement \u00eatre ajust\u00e9s judicieusement par les cyclistes eux-m\u00eames \u00e0 condition que l\u2019exercice soit effectu\u00e9 de mani\u00e8re contr\u00f4l\u00e9e. - Les wedges Speedplay s&#039;adaptent \u00e0 toutes les p\u00e9dales de route Speedplay, y compris les V1, V2, Walkable et Aero, ainsi qu&#039;\u00e0 la nouvelle g\u00e9n\u00e9ration de Wahoo Speedplay. - LE KIT COMPREND : 4 wedges et vis \/ N&#039;oubliez pas les vis si vous commandez des cales individuelles !\" \/>\n<meta property=\"og:url\" content=\"https:\/\/bikefit.lu\/fr\/product\/coins-wedges-form-pour-wahoo-speedplay\/\" \/>\n<meta property=\"og:site_name\" content=\"bikefit.lu\" \/>\n<meta property=\"article:modified_time\" content=\"2026-01-05T09:27:05+00:00\" \/>\n<meta property=\"og:image\" content=\"https:\/\/bikefit.lu\/wp-content\/uploads\/2024\/12\/04a-cleat-wedge-speedplay.webp\" \/>\n\t<meta property=\"og:image:width\" content=\"1920\" \/>\n\t<meta property=\"og:image:height\" content=\"1920\" \/>\n\t<meta property=\"og:image:type\" content=\"image\/webp\" \/>\n<meta name=\"twitter:card\" content=\"summary_large_image\" \/>\n<meta name=\"twitter:label1\" content=\"Disponibilit\u00e9\" \/>\n\t<meta name=\"twitter:data1\" content=\"En stock\" \/>\n<script type=\"application\/ld+json\" class=\"yoast-schema-graph\">{\"@context\":\"https:\\\/\\\/schema.org\",\"@graph\":[{\"@type\":\"WebPage\",\"@id\":\"https:\\\/\\\/bikefit.lu\\\/fr\\\/product\\\/coins-wedges-form-pour-wahoo-speedplay\\\/\",\"url\":\"https:\\\/\\\/bikefit.lu\\\/fr\\\/product\\\/coins-wedges-form-pour-wahoo-speedplay\\\/\",\"name\":\"Coins (wedges) FORM\u00ae pour Wahoo Speedplay - bikefit.lu\",\"isPartOf\":{\"@id\":\"https:\\\/\\\/bikefit.lu\\\/fr\\\/#website\"},\"primaryImageOfPage\":{\"@id\":\"https:\\\/\\\/bikefit.lu\\\/fr\\\/product\\\/coins-wedges-form-pour-wahoo-speedplay\\\/#primaryimage\"},\"image\":{\"@id\":\"https:\\\/\\\/bikefit.lu\\\/fr\\\/product\\\/coins-wedges-form-pour-wahoo-speedplay\\\/#primaryimage\"},\"thumbnailUrl\":\"https:\\\/\\\/bikefit.lu\\\/wp-content\\\/uploads\\\/2024\\\/12\\\/04a-cleat-wedge-speedplay.webp\",\"datePublished\":\"2022-10-04T04:25:27+00:00\",\"dateModified\":\"2026-01-05T09:27:05+00:00\",\"breadcrumb\":{\"@id\":\"https:\\\/\\\/bikefit.lu\\\/fr\\\/product\\\/coins-wedges-form-pour-wahoo-speedplay\\\/#breadcrumb\"},\"inLanguage\":\"fr-FR\",\"potentialAction\":[{\"@type\":\"ReadAction\",\"target\":[\"https:\\\/\\\/bikefit.lu\\\/fr\\\/product\\\/coins-wedges-form-pour-wahoo-speedplay\\\/\"]}]},{\"@type\":\"ImageObject\",\"inLanguage\":\"fr-FR\",\"@id\":\"https:\\\/\\\/bikefit.lu\\\/fr\\\/product\\\/coins-wedges-form-pour-wahoo-speedplay\\\/#primaryimage\",\"url\":\"https:\\\/\\\/bikefit.lu\\\/wp-content\\\/uploads\\\/2024\\\/12\\\/04a-cleat-wedge-speedplay.webp\",\"contentUrl\":\"https:\\\/\\\/bikefit.lu\\\/wp-content\\\/uploads\\\/2024\\\/12\\\/04a-cleat-wedge-speedplay.webp\",\"width\":1920,\"height\":1920},{\"@type\":\"BreadcrumbList\",\"@id\":\"https:\\\/\\\/bikefit.lu\\\/fr\\\/product\\\/coins-wedges-form-pour-wahoo-speedplay\\\/#breadcrumb\",\"itemListElement\":[{\"@type\":\"ListItem\",\"position\":1,\"name\":\"Home\",\"item\":\"https:\\\/\\\/bikefit.lu\\\/fr\\\/\"},{\"@type\":\"ListItem\",\"position\":2,\"name\":\"Shop\",\"item\":\"https:\\\/\\\/bikefit.lu\\\/fr\\\/shop\\\/\"},{\"@type\":\"ListItem\",\"position\":3,\"name\":\"Coins (wedges) FORM\u00ae pour Wahoo Speedplay\"}]},{\"@type\":\"WebSite\",\"@id\":\"https:\\\/\\\/bikefit.lu\\\/fr\\\/#website\",\"url\":\"https:\\\/\\\/bikefit.lu\\\/fr\\\/\",\"name\":\"bikefit.lu\",\"description\":\"IMPROVING CYCLING\",\"publisher\":{\"@id\":\"https:\\\/\\\/bikefit.lu\\\/fr\\\/#\\\/schema\\\/person\\\/379af1263474d2f8cd1f41c2bd90273d\"},\"potentialAction\":[{\"@type\":\"SearchAction\",\"target\":{\"@type\":\"EntryPoint\",\"urlTemplate\":\"https:\\\/\\\/bikefit.lu\\\/fr\\\/?s={search_term_string}\"},\"query-input\":{\"@type\":\"PropertyValueSpecification\",\"valueRequired\":true,\"valueName\":\"search_term_string\"}}],\"inLanguage\":\"fr-FR\"},{\"@type\":[\"Person\",\"Organization\"],\"@id\":\"https:\\\/\\\/bikefit.lu\\\/fr\\\/#\\\/schema\\\/person\\\/379af1263474d2f8cd1f41c2bd90273d\",\"name\":\"Patrick Guillaume\",\"image\":{\"@type\":\"ImageObject\",\"inLanguage\":\"fr-FR\",\"@id\":\"https:\\\/\\\/bikefit.lu\\\/wp-content\\\/uploads\\\/2024\\\/12\\\/cropped-bikefit-logoURL-RGB-jpg.jpg\",\"url\":\"https:\\\/\\\/bikefit.lu\\\/wp-content\\\/uploads\\\/2024\\\/12\\\/cropped-bikefit-logoURL-RGB-jpg.jpg\",\"contentUrl\":\"https:\\\/\\\/bikefit.lu\\\/wp-content\\\/uploads\\\/2024\\\/12\\\/cropped-bikefit-logoURL-RGB-jpg.jpg\",\"width\":512,\"height\":512,\"caption\":\"Patrick Guillaume\"},\"logo\":{\"@id\":\"https:\\\/\\\/bikefit.lu\\\/wp-content\\\/uploads\\\/2024\\\/12\\\/cropped-bikefit-logoURL-RGB-jpg.jpg\"},\"sameAs\":[\"https:\\\/\\\/bikefit.lu\"],\"honorificPrefix\":\"Mr\",\"birthDate\":\"1966-11-18\",\"gender\":\"male\",\"knowsAbout\":[\"Bike-fitting\"],\"knowsLanguage\":[\"English\",\"French\",\"German\",\"Luxembourgish\"]}]}<\/script>\n<meta property=\"og:availability\" content=\"instock\" \/>\n<meta property=\"product:availability\" content=\"instock\" \/>\n<meta property=\"product:condition\" content=\"new\" \/>\n<!-- \/ Yoast SEO Premium plugin. -->","yoast_head_json":{"title":"Coins (wedges) FORM\u00ae pour Wahoo Speedplay - bikefit.lu","robots":{"index":"index","follow":"follow","max-snippet":"max-snippet:-1","max-image-preview":"max-image-preview:large","max-video-preview":"max-video-preview:-1"},"canonical":"https:\/\/bikefit.lu\/fr\/product\/coins-wedges-form-pour-wahoo-speedplay\/","og_locale":"fr_FR","og_type":"article","og_title":"Coins (wedges) FORM\u00ae pour Wahoo Speedplay","og_description":"- Les coins sont utilis\u00e9s pour corriger la pronation du pied, augmenter la proprioception et assurer une meilleure stabilit\u00e9 et un meilleur contr\u00f4le lors de la pratique du cyclisme. Ils sont \u00e9galement utilis\u00e9s pour modifier indirectement l'angle du genou afin de r\u00e9duire les douleurs lat\u00e9rales ou m\u00e9diales du genou associ\u00e9es \u00e0 une mauvaise trajectoire de la jambe. - Les coins de cales orientent la chaussure\/le pied du coureur en modifiant l'angle entre la cale et la chaussure. Chaque coin offre un degr\u00e9 d'inclinaison et plusieurs cales peuvent \u00eatre superpos\u00e9es pour obtenir l'angle souhait\u00e9. - L'id\u00e9al est de placer les coins dans le carde d'une s\u00e9ance de bike fitting ou lors d'une \u00e9valuation du p\u00e9dalage et de la puissance. Cependant, ils peuvent \u00e9galement \u00eatre ajust\u00e9s judicieusement par les cyclistes eux-m\u00eames \u00e0 condition que l\u2019exercice soit effectu\u00e9 de mani\u00e8re contr\u00f4l\u00e9e. - Les wedges Speedplay s'adaptent \u00e0 toutes les p\u00e9dales de route Speedplay, y compris les V1, V2, Walkable et Aero, ainsi qu'\u00e0 la nouvelle g\u00e9n\u00e9ration de Wahoo Speedplay. - LE KIT COMPREND : 4 wedges et vis \/ N'oubliez pas les vis si vous commandez des cales individuelles !","og_url":"https:\/\/bikefit.lu\/fr\/product\/coins-wedges-form-pour-wahoo-speedplay\/","og_site_name":"bikefit.lu","article_modified_time":"2026-01-05T09:27:05+00:00","og_image":[{"width":1920,"height":1920,"url":"https:\/\/bikefit.lu\/wp-content\/uploads\/2024\/12\/04a-cleat-wedge-speedplay.webp","type":"image\/webp"}],"twitter_card":"summary_large_image","twitter_misc":{"Disponibilit\u00e9":"En stock"},"schema":{"@context":"https:\/\/schema.org","@graph":[{"@type":"WebPage","@id":"https:\/\/bikefit.lu\/fr\/product\/coins-wedges-form-pour-wahoo-speedplay\/","url":"https:\/\/bikefit.lu\/fr\/product\/coins-wedges-form-pour-wahoo-speedplay\/","name":"Coins (wedges) FORM\u00ae pour Wahoo Speedplay - bikefit.lu","isPartOf":{"@id":"https:\/\/bikefit.lu\/fr\/#website"},"primaryImageOfPage":{"@id":"https:\/\/bikefit.lu\/fr\/product\/coins-wedges-form-pour-wahoo-speedplay\/#primaryimage"},"image":{"@id":"https:\/\/bikefit.lu\/fr\/product\/coins-wedges-form-pour-wahoo-speedplay\/#primaryimage"},"thumbnailUrl":"https:\/\/bikefit.lu\/wp-content\/uploads\/2024\/12\/04a-cleat-wedge-speedplay.webp","datePublished":"2022-10-04T04:25:27+00:00","dateModified":"2026-01-05T09:27:05+00:00","breadcrumb":{"@id":"https:\/\/bikefit.lu\/fr\/product\/coins-wedges-form-pour-wahoo-speedplay\/#breadcrumb"},"inLanguage":"fr-FR","potentialAction":[{"@type":"ReadAction","target":["https:\/\/bikefit.lu\/fr\/product\/coins-wedges-form-pour-wahoo-speedplay\/"]}]},{"@type":"ImageObject","inLanguage":"fr-FR","@id":"https:\/\/bikefit.lu\/fr\/product\/coins-wedges-form-pour-wahoo-speedplay\/#primaryimage","url":"https:\/\/bikefit.lu\/wp-content\/uploads\/2024\/12\/04a-cleat-wedge-speedplay.webp","contentUrl":"https:\/\/bikefit.lu\/wp-content\/uploads\/2024\/12\/04a-cleat-wedge-speedplay.webp","width":1920,"height":1920},{"@type":"BreadcrumbList","@id":"https:\/\/bikefit.lu\/fr\/product\/coins-wedges-form-pour-wahoo-speedplay\/#breadcrumb","itemListElement":[{"@type":"ListItem","position":1,"name":"Home","item":"https:\/\/bikefit.lu\/fr\/"},{"@type":"ListItem","position":2,"name":"Shop","item":"https:\/\/bikefit.lu\/fr\/shop\/"},{"@type":"ListItem","position":3,"name":"Coins (wedges) FORM\u00ae pour Wahoo Speedplay"}]},{"@type":"WebSite","@id":"https:\/\/bikefit.lu\/fr\/#website","url":"https:\/\/bikefit.lu\/fr\/","name":"bikefit.lu","description":"IMPROVING CYCLING","publisher":{"@id":"https:\/\/bikefit.lu\/fr\/#\/schema\/person\/379af1263474d2f8cd1f41c2bd90273d"},"potentialAction":[{"@type":"SearchAction","target":{"@type":"EntryPoint","urlTemplate":"https:\/\/bikefit.lu\/fr\/?s={search_term_string}"},"query-input":{"@type":"PropertyValueSpecification","valueRequired":true,"valueName":"search_term_string"}}],"inLanguage":"fr-FR"},{"@type":["Person","Organization"],"@id":"https:\/\/bikefit.lu\/fr\/#\/schema\/person\/379af1263474d2f8cd1f41c2bd90273d","name":"Patrick Guillaume","image":{"@type":"ImageObject","inLanguage":"fr-FR","@id":"https:\/\/bikefit.lu\/wp-content\/uploads\/2024\/12\/cropped-bikefit-logoURL-RGB-jpg.jpg","url":"https:\/\/bikefit.lu\/wp-content\/uploads\/2024\/12\/cropped-bikefit-logoURL-RGB-jpg.jpg","contentUrl":"https:\/\/bikefit.lu\/wp-content\/uploads\/2024\/12\/cropped-bikefit-logoURL-RGB-jpg.jpg","width":512,"height":512,"caption":"Patrick Guillaume"},"logo":{"@id":"https:\/\/bikefit.lu\/wp-content\/uploads\/2024\/12\/cropped-bikefit-logoURL-RGB-jpg.jpg"},"sameAs":["https:\/\/bikefit.lu"],"honorificPrefix":"Mr","birthDate":"1966-11-18","gender":"male","knowsAbout":["Bike-fitting"],"knowsLanguage":["English","French","German","Luxembourgish"]}]},"og_availability":"instock","product_availability":"instock","product_condition":"new"},"_links":{"self":[{"href":"https:\/\/bikefit.lu\/fr\/wp-json\/wp\/v2\/product\/79383","targetHints":{"allow":["GET"]}}],"collection":[{"href":"https:\/\/bikefit.lu\/fr\/wp-json\/wp\/v2\/product"}],"about":[{"href":"https:\/\/bikefit.lu\/fr\/wp-json\/wp\/v2\/types\/product"}],"replies":[{"embeddable":true,"href":"https:\/\/bikefit.lu\/fr\/wp-json\/wp\/v2\/comments?post=79383"}],"version-history":[{"count":0,"href":"https:\/\/bikefit.lu\/fr\/wp-json\/wp\/v2\/product\/79383\/revisions"}],"wp:featuredmedia":[{"embeddable":true,"href":"https:\/\/bikefit.lu\/fr\/wp-json\/wp\/v2\/media\/88364"}],"wp:attachment":[{"href":"https:\/\/bikefit.lu\/fr\/wp-json\/wp\/v2\/media?parent=79383"}],"wp:term":[{"taxonomy":"product_brand","embeddable":true,"href":"https:\/\/bikefit.lu\/fr\/wp-json\/wp\/v2\/product_brand?post=79383"},{"taxonomy":"product_cat","embeddable":true,"href":"https:\/\/bikefit.lu\/fr\/wp-json\/wp\/v2\/product_cat?post=79383"},{"taxonomy":"product_tag","embeddable":true,"href":"https:\/\/bikefit.lu\/fr\/wp-json\/wp\/v2\/product_tag?post=79383"}],"curies":[{"name":"wp","href":"https:\/\/api.w.org\/{rel}","templated":true}]}}