{"id":79398,"date":"2022-10-01T05:08:15","date_gmt":"2022-10-01T05:08:15","guid":{"rendered":"https:\/\/staging.bikefit.lu\/shop\/non%20class\u00e9\/coins-wedges-universels-form-a-3-trous-spdsl-look\/"},"modified":"2026-03-10T18:18:25","modified_gmt":"2026-03-10T17:18:25","slug":"coins-wedges-universels-form-a-3-trous-spdsl-look","status":"publish","type":"product","link":"https:\/\/bikefit.lu\/fr\/product\/coins-wedges-universels-form-a-3-trous-spdsl-look\/","title":{"rendered":"Coins (wedges) universels FORM\u00ae \u00e0 3 trous (SPDSL, Look, &#8230;)"},"content":{"rendered":"","protected":false},"excerpt":{"rendered":"<div id=\"properties\">* Les coins sont utilis\u00e9s pour corriger la pronation du pied, augmenter la proprioception et fournir une meilleure stabilit\u00e9 et un meilleur contr\u00f4le pendant le cyclisme. Elles sont \u00e9galement utilis\u00e9es pour modifier indirectement l&#8217;angle du genou afin de r\u00e9duire les douleurs lat\u00e9rales ou m\u00e9diales du genou associ\u00e9es \u00e0 une mauvaise trajectoire de la jambe.<br \/>\n* Les coins de cales orientent la chaussure\/le pied du cycliste en modifiant l&#8217;angle entre la cale et la chaussure. Chaque coin offre un degr\u00e9 d&#8217;inclinaison et plusieurs coins peuvent \u00eatre utilis\u00e9s pour obtenir l&#8217;angle souhait\u00e9.<br \/>\n* Les coins sont mieux adapt\u00e9s lors d&#8217;une s\u00e9ance de fitting ou lors d&#8217;une \u00e9valuation du p\u00e9dalage et de la puissance. Toutefois, les cyclistes peuvent \u00e9galement les poser eux-m\u00eames de mani\u00e8re judicieuse, \u00e0 condition que l&#8217;exercice soit effectu\u00e9 de mani\u00e8re contr\u00f4l\u00e9e.<br \/>\n* Les coins universels \u00e0 3 trous sont compatibles avec les cales Shimano SPDSL, les cales Look \u00e0 3 trous et les p\u00e9dales Time\/Mavic.<br \/>\n* LE KIT COMPREND : 4 coins et vis \/ N&#8217;oubliez pas les vis si vous commandez des coins individuels !<\/div>\n","protected":false},"featured_media":88352,"comment_status":"closed","ping_status":"closed","template":"","meta":[],"product_brand":[],"product_cat":[4826,4785],"product_tag":[4930,5048,5052,5078,5124,5154,5190],"class_list":{"0":"post-79398","1":"product","2":"type-product","3":"status-publish","4":"has-post-thumbnail","6":"product_cat-foot-pedal-interface-fr","7":"product_cat-road-fr","8":"product_tag-3-hole-fr","9":"product_tag-cleat-wedges-fr","10":"product_tag-form-fr","11":"product_tag-look-fr","12":"product_tag-road-fr","13":"product_tag-shimano-fr","14":"product_tag-universel-fr","15":"product_shipping_class-format-xs-fr","17":"first","18":"instock","19":"taxable","20":"shipping-taxable","21":"purchasable","22":"product-type-variable"},"yoast_head":"<!-- This site is optimized with the Yoast SEO Premium plugin v27.3 (Yoast SEO v27.3) - https:\/\/yoast.com\/product\/yoast-seo-premium-wordpress\/ -->\n<title>Coins (wedges) universels FORM\u00ae \u00e0 3 trous (SPDSL, Look, ...) - bikefit.lu<\/title>\n<meta name=\"robots\" content=\"index, follow, max-snippet:-1, max-image-preview:large, max-video-preview:-1\" \/>\n<link rel=\"canonical\" href=\"https:\/\/bikefit.lu\/fr\/product\/coins-wedges-universels-form-a-3-trous-spdsl-look\/\" \/>\n<meta property=\"og:locale\" content=\"fr_FR\" \/>\n<meta property=\"og:type\" content=\"article\" \/>\n<meta property=\"og:title\" content=\"Coins (wedges) universels FORM\u00ae \u00e0 3 trous (SPDSL, Look, ...)\" \/>\n<meta property=\"og:description\" content=\"* Les coins sont utilis\u00e9s pour corriger la pronation du pied, augmenter la proprioception et fournir une meilleure stabilit\u00e9 et un meilleur contr\u00f4le pendant le cyclisme. Elles sont \u00e9galement utilis\u00e9es pour modifier indirectement l&#039;angle du genou afin de r\u00e9duire les douleurs lat\u00e9rales ou m\u00e9diales du genou associ\u00e9es \u00e0 une mauvaise trajectoire de la jambe. * Les coins de cales orientent la chaussure\/le pied du cycliste en modifiant l&#039;angle entre la cale et la chaussure. Chaque coin offre un degr\u00e9 d&#039;inclinaison et plusieurs coins peuvent \u00eatre utilis\u00e9s pour obtenir l&#039;angle souhait\u00e9. * Les coins sont mieux adapt\u00e9s lors d&#039;une s\u00e9ance de fitting ou lors d&#039;une \u00e9valuation du p\u00e9dalage et de la puissance. Toutefois, les cyclistes peuvent \u00e9galement les poser eux-m\u00eames de mani\u00e8re judicieuse, \u00e0 condition que l&#039;exercice soit effectu\u00e9 de mani\u00e8re contr\u00f4l\u00e9e. * Les coins universels \u00e0 3 trous sont compatibles avec les cales Shimano SPDSL, les cales Look \u00e0 3 trous et les p\u00e9dales Time\/Mavic. * LE KIT COMPREND : 4 coins et vis \/ N&#039;oubliez pas les vis si vous commandez des coins individuels !\" \/>\n<meta property=\"og:url\" content=\"https:\/\/bikefit.lu\/fr\/product\/coins-wedges-universels-form-a-3-trous-spdsl-look\/\" \/>\n<meta property=\"og:site_name\" content=\"bikefit.lu\" \/>\n<meta property=\"article:modified_time\" content=\"2026-03-10T17:18:25+00:00\" \/>\n<meta property=\"og:image\" content=\"https:\/\/bikefit.lu\/wp-content\/uploads\/2024\/12\/03a-cleat-wedge-universal-3-hole.webp\" \/>\n\t<meta property=\"og:image:width\" content=\"1920\" \/>\n\t<meta property=\"og:image:height\" content=\"1920\" \/>\n\t<meta property=\"og:image:type\" content=\"image\/webp\" \/>\n<meta name=\"twitter:card\" content=\"summary_large_image\" \/>\n<meta name=\"twitter:label1\" content=\"Disponibilit\u00e9\" \/>\n\t<meta name=\"twitter:data1\" content=\"En stock\" \/>\n<script type=\"application\/ld+json\" class=\"yoast-schema-graph\">{\"@context\":\"https:\\\/\\\/schema.org\",\"@graph\":[{\"@type\":\"WebPage\",\"@id\":\"https:\\\/\\\/bikefit.lu\\\/fr\\\/product\\\/coins-wedges-universels-form-a-3-trous-spdsl-look\\\/\",\"url\":\"https:\\\/\\\/bikefit.lu\\\/fr\\\/product\\\/coins-wedges-universels-form-a-3-trous-spdsl-look\\\/\",\"name\":\"Coins (wedges) universels FORM\u00ae \u00e0 3 trous (SPDSL, Look, ...) - bikefit.lu\",\"isPartOf\":{\"@id\":\"https:\\\/\\\/bikefit.lu\\\/fr\\\/#website\"},\"primaryImageOfPage\":{\"@id\":\"https:\\\/\\\/bikefit.lu\\\/fr\\\/product\\\/coins-wedges-universels-form-a-3-trous-spdsl-look\\\/#primaryimage\"},\"image\":{\"@id\":\"https:\\\/\\\/bikefit.lu\\\/fr\\\/product\\\/coins-wedges-universels-form-a-3-trous-spdsl-look\\\/#primaryimage\"},\"thumbnailUrl\":\"https:\\\/\\\/bikefit.lu\\\/wp-content\\\/uploads\\\/2024\\\/12\\\/03a-cleat-wedge-universal-3-hole.webp\",\"datePublished\":\"2022-10-01T05:08:15+00:00\",\"dateModified\":\"2026-03-10T17:18:25+00:00\",\"breadcrumb\":{\"@id\":\"https:\\\/\\\/bikefit.lu\\\/fr\\\/product\\\/coins-wedges-universels-form-a-3-trous-spdsl-look\\\/#breadcrumb\"},\"inLanguage\":\"fr-FR\",\"potentialAction\":[{\"@type\":\"ReadAction\",\"target\":[\"https:\\\/\\\/bikefit.lu\\\/fr\\\/product\\\/coins-wedges-universels-form-a-3-trous-spdsl-look\\\/\"]}]},{\"@type\":\"ImageObject\",\"inLanguage\":\"fr-FR\",\"@id\":\"https:\\\/\\\/bikefit.lu\\\/fr\\\/product\\\/coins-wedges-universels-form-a-3-trous-spdsl-look\\\/#primaryimage\",\"url\":\"https:\\\/\\\/bikefit.lu\\\/wp-content\\\/uploads\\\/2024\\\/12\\\/03a-cleat-wedge-universal-3-hole.webp\",\"contentUrl\":\"https:\\\/\\\/bikefit.lu\\\/wp-content\\\/uploads\\\/2024\\\/12\\\/03a-cleat-wedge-universal-3-hole.webp\",\"width\":1920,\"height\":1920},{\"@type\":\"BreadcrumbList\",\"@id\":\"https:\\\/\\\/bikefit.lu\\\/fr\\\/product\\\/coins-wedges-universels-form-a-3-trous-spdsl-look\\\/#breadcrumb\",\"itemListElement\":[{\"@type\":\"ListItem\",\"position\":1,\"name\":\"Home\",\"item\":\"https:\\\/\\\/bikefit.lu\\\/fr\\\/\"},{\"@type\":\"ListItem\",\"position\":2,\"name\":\"Produits\",\"item\":\"https:\\\/\\\/bikefit.lu\\\/fr\\\/shop\\\/\"},{\"@type\":\"ListItem\",\"position\":3,\"name\":\"Coins (wedges) universels FORM\u00ae \u00e0 3 trous (SPDSL, Look, &#8230;)\"}]},{\"@type\":\"WebSite\",\"@id\":\"https:\\\/\\\/bikefit.lu\\\/fr\\\/#website\",\"url\":\"https:\\\/\\\/bikefit.lu\\\/fr\\\/\",\"name\":\"bikefit.lu\",\"description\":\"IMPROVING CYCLING\",\"publisher\":{\"@id\":\"https:\\\/\\\/bikefit.lu\\\/fr\\\/#\\\/schema\\\/person\\\/379af1263474d2f8cd1f41c2bd90273d\"},\"potentialAction\":[{\"@type\":\"SearchAction\",\"target\":{\"@type\":\"EntryPoint\",\"urlTemplate\":\"https:\\\/\\\/bikefit.lu\\\/fr\\\/?s={search_term_string}\"},\"query-input\":{\"@type\":\"PropertyValueSpecification\",\"valueRequired\":true,\"valueName\":\"search_term_string\"}}],\"inLanguage\":\"fr-FR\"},{\"@type\":[\"Person\",\"Organization\"],\"@id\":\"https:\\\/\\\/bikefit.lu\\\/fr\\\/#\\\/schema\\\/person\\\/379af1263474d2f8cd1f41c2bd90273d\",\"name\":\"Patrick Guillaume\",\"image\":{\"@type\":\"ImageObject\",\"inLanguage\":\"fr-FR\",\"@id\":\"https:\\\/\\\/bikefit.lu\\\/wp-content\\\/uploads\\\/2024\\\/12\\\/cropped-bikefit-logoURL-RGB-jpg.jpg\",\"url\":\"https:\\\/\\\/bikefit.lu\\\/wp-content\\\/uploads\\\/2024\\\/12\\\/cropped-bikefit-logoURL-RGB-jpg.jpg\",\"contentUrl\":\"https:\\\/\\\/bikefit.lu\\\/wp-content\\\/uploads\\\/2024\\\/12\\\/cropped-bikefit-logoURL-RGB-jpg.jpg\",\"width\":512,\"height\":512,\"caption\":\"Patrick Guillaume\"},\"logo\":{\"@id\":\"https:\\\/\\\/bikefit.lu\\\/wp-content\\\/uploads\\\/2024\\\/12\\\/cropped-bikefit-logoURL-RGB-jpg.jpg\"},\"sameAs\":[\"https:\\\/\\\/bikefit.lu\"],\"honorificPrefix\":\"Mr\",\"birthDate\":\"1966-11-18\",\"gender\":\"male\",\"knowsAbout\":[\"Bike-fitting\"],\"knowsLanguage\":[\"English\",\"French\",\"German\",\"Luxembourgish\"]}]}<\/script>\n<meta property=\"og:availability\" content=\"instock\" \/>\n<meta property=\"product:availability\" content=\"instock\" \/>\n<meta property=\"product:condition\" content=\"new\" \/>\n<!-- \/ Yoast SEO Premium plugin. -->","yoast_head_json":{"title":"Coins (wedges) universels FORM\u00ae \u00e0 3 trous (SPDSL, Look, ...) - bikefit.lu","robots":{"index":"index","follow":"follow","max-snippet":"max-snippet:-1","max-image-preview":"max-image-preview:large","max-video-preview":"max-video-preview:-1"},"canonical":"https:\/\/bikefit.lu\/fr\/product\/coins-wedges-universels-form-a-3-trous-spdsl-look\/","og_locale":"fr_FR","og_type":"article","og_title":"Coins (wedges) universels FORM\u00ae \u00e0 3 trous (SPDSL, Look, ...)","og_description":"* Les coins sont utilis\u00e9s pour corriger la pronation du pied, augmenter la proprioception et fournir une meilleure stabilit\u00e9 et un meilleur contr\u00f4le pendant le cyclisme. Elles sont \u00e9galement utilis\u00e9es pour modifier indirectement l'angle du genou afin de r\u00e9duire les douleurs lat\u00e9rales ou m\u00e9diales du genou associ\u00e9es \u00e0 une mauvaise trajectoire de la jambe. * Les coins de cales orientent la chaussure\/le pied du cycliste en modifiant l'angle entre la cale et la chaussure. Chaque coin offre un degr\u00e9 d'inclinaison et plusieurs coins peuvent \u00eatre utilis\u00e9s pour obtenir l'angle souhait\u00e9. * Les coins sont mieux adapt\u00e9s lors d'une s\u00e9ance de fitting ou lors d'une \u00e9valuation du p\u00e9dalage et de la puissance. Toutefois, les cyclistes peuvent \u00e9galement les poser eux-m\u00eames de mani\u00e8re judicieuse, \u00e0 condition que l'exercice soit effectu\u00e9 de mani\u00e8re contr\u00f4l\u00e9e. * Les coins universels \u00e0 3 trous sont compatibles avec les cales Shimano SPDSL, les cales Look \u00e0 3 trous et les p\u00e9dales Time\/Mavic. * LE KIT COMPREND : 4 coins et vis \/ N'oubliez pas les vis si vous commandez des coins individuels !","og_url":"https:\/\/bikefit.lu\/fr\/product\/coins-wedges-universels-form-a-3-trous-spdsl-look\/","og_site_name":"bikefit.lu","article_modified_time":"2026-03-10T17:18:25+00:00","og_image":[{"width":1920,"height":1920,"url":"https:\/\/bikefit.lu\/wp-content\/uploads\/2024\/12\/03a-cleat-wedge-universal-3-hole.webp","type":"image\/webp"}],"twitter_card":"summary_large_image","twitter_misc":{"Disponibilit\u00e9":"En stock"},"schema":{"@context":"https:\/\/schema.org","@graph":[{"@type":"WebPage","@id":"https:\/\/bikefit.lu\/fr\/product\/coins-wedges-universels-form-a-3-trous-spdsl-look\/","url":"https:\/\/bikefit.lu\/fr\/product\/coins-wedges-universels-form-a-3-trous-spdsl-look\/","name":"Coins (wedges) universels FORM\u00ae \u00e0 3 trous (SPDSL, Look, ...) - bikefit.lu","isPartOf":{"@id":"https:\/\/bikefit.lu\/fr\/#website"},"primaryImageOfPage":{"@id":"https:\/\/bikefit.lu\/fr\/product\/coins-wedges-universels-form-a-3-trous-spdsl-look\/#primaryimage"},"image":{"@id":"https:\/\/bikefit.lu\/fr\/product\/coins-wedges-universels-form-a-3-trous-spdsl-look\/#primaryimage"},"thumbnailUrl":"https:\/\/bikefit.lu\/wp-content\/uploads\/2024\/12\/03a-cleat-wedge-universal-3-hole.webp","datePublished":"2022-10-01T05:08:15+00:00","dateModified":"2026-03-10T17:18:25+00:00","breadcrumb":{"@id":"https:\/\/bikefit.lu\/fr\/product\/coins-wedges-universels-form-a-3-trous-spdsl-look\/#breadcrumb"},"inLanguage":"fr-FR","potentialAction":[{"@type":"ReadAction","target":["https:\/\/bikefit.lu\/fr\/product\/coins-wedges-universels-form-a-3-trous-spdsl-look\/"]}]},{"@type":"ImageObject","inLanguage":"fr-FR","@id":"https:\/\/bikefit.lu\/fr\/product\/coins-wedges-universels-form-a-3-trous-spdsl-look\/#primaryimage","url":"https:\/\/bikefit.lu\/wp-content\/uploads\/2024\/12\/03a-cleat-wedge-universal-3-hole.webp","contentUrl":"https:\/\/bikefit.lu\/wp-content\/uploads\/2024\/12\/03a-cleat-wedge-universal-3-hole.webp","width":1920,"height":1920},{"@type":"BreadcrumbList","@id":"https:\/\/bikefit.lu\/fr\/product\/coins-wedges-universels-form-a-3-trous-spdsl-look\/#breadcrumb","itemListElement":[{"@type":"ListItem","position":1,"name":"Home","item":"https:\/\/bikefit.lu\/fr\/"},{"@type":"ListItem","position":2,"name":"Produits","item":"https:\/\/bikefit.lu\/fr\/shop\/"},{"@type":"ListItem","position":3,"name":"Coins (wedges) universels FORM\u00ae \u00e0 3 trous (SPDSL, Look, &#8230;)"}]},{"@type":"WebSite","@id":"https:\/\/bikefit.lu\/fr\/#website","url":"https:\/\/bikefit.lu\/fr\/","name":"bikefit.lu","description":"IMPROVING CYCLING","publisher":{"@id":"https:\/\/bikefit.lu\/fr\/#\/schema\/person\/379af1263474d2f8cd1f41c2bd90273d"},"potentialAction":[{"@type":"SearchAction","target":{"@type":"EntryPoint","urlTemplate":"https:\/\/bikefit.lu\/fr\/?s={search_term_string}"},"query-input":{"@type":"PropertyValueSpecification","valueRequired":true,"valueName":"search_term_string"}}],"inLanguage":"fr-FR"},{"@type":["Person","Organization"],"@id":"https:\/\/bikefit.lu\/fr\/#\/schema\/person\/379af1263474d2f8cd1f41c2bd90273d","name":"Patrick Guillaume","image":{"@type":"ImageObject","inLanguage":"fr-FR","@id":"https:\/\/bikefit.lu\/wp-content\/uploads\/2024\/12\/cropped-bikefit-logoURL-RGB-jpg.jpg","url":"https:\/\/bikefit.lu\/wp-content\/uploads\/2024\/12\/cropped-bikefit-logoURL-RGB-jpg.jpg","contentUrl":"https:\/\/bikefit.lu\/wp-content\/uploads\/2024\/12\/cropped-bikefit-logoURL-RGB-jpg.jpg","width":512,"height":512,"caption":"Patrick Guillaume"},"logo":{"@id":"https:\/\/bikefit.lu\/wp-content\/uploads\/2024\/12\/cropped-bikefit-logoURL-RGB-jpg.jpg"},"sameAs":["https:\/\/bikefit.lu"],"honorificPrefix":"Mr","birthDate":"1966-11-18","gender":"male","knowsAbout":["Bike-fitting"],"knowsLanguage":["English","French","German","Luxembourgish"]}]},"og_availability":"instock","product_availability":"instock","product_condition":"new"},"_links":{"self":[{"href":"https:\/\/bikefit.lu\/fr\/wp-json\/wp\/v2\/product\/79398","targetHints":{"allow":["GET"]}}],"collection":[{"href":"https:\/\/bikefit.lu\/fr\/wp-json\/wp\/v2\/product"}],"about":[{"href":"https:\/\/bikefit.lu\/fr\/wp-json\/wp\/v2\/types\/product"}],"replies":[{"embeddable":true,"href":"https:\/\/bikefit.lu\/fr\/wp-json\/wp\/v2\/comments?post=79398"}],"version-history":[{"count":0,"href":"https:\/\/bikefit.lu\/fr\/wp-json\/wp\/v2\/product\/79398\/revisions"}],"wp:featuredmedia":[{"embeddable":true,"href":"https:\/\/bikefit.lu\/fr\/wp-json\/wp\/v2\/media\/88352"}],"wp:attachment":[{"href":"https:\/\/bikefit.lu\/fr\/wp-json\/wp\/v2\/media?parent=79398"}],"wp:term":[{"taxonomy":"product_brand","embeddable":true,"href":"https:\/\/bikefit.lu\/fr\/wp-json\/wp\/v2\/product_brand?post=79398"},{"taxonomy":"product_cat","embeddable":true,"href":"https:\/\/bikefit.lu\/fr\/wp-json\/wp\/v2\/product_cat?post=79398"},{"taxonomy":"product_tag","embeddable":true,"href":"https:\/\/bikefit.lu\/fr\/wp-json\/wp\/v2\/product_tag?post=79398"}],"curies":[{"name":"wp","href":"https:\/\/api.w.org\/{rel}","templated":true}]}}