{"id":79407,"date":"2022-06-19T14:06:54","date_gmt":"2022-06-19T14:06:54","guid":{"rendered":"https:\/\/staging.bikefit.lu\/shop\/non%20class\u00e9\/semelles-currex-bikepro\/"},"modified":"2025-07-06T11:48:57","modified_gmt":"2025-07-06T09:48:57","slug":"semelles-currex-bikepro","status":"publish","type":"product","link":"https:\/\/bikefit.lu\/fr\/product\/semelles-currex-bikepro\/","title":{"rendered":"Semelles Currex\u00ae BikePro\u2122"},"content":{"rendered":"<p style=\"text-align: center;\">UTILISATIONS\/ACTIVIT\u00c9S<\/p>\n<div id=\"Product-content-b92077f1-313d-4465-a0fb-b28f9380cf1f1907728580698\" class=\"collapsible-content collapsible-content--all is-open\">\n<div class=\"collapsible-content__inner rte\">\n<div class=\"metafield-rich_text_field\">\n<p>Les semelles CURREX <strong>BIKEPRO <\/strong>ont une forme fine, id\u00e9ale pour les chaussures freestyle, les bottes de moto et les chaussures de cyclisme. Utilisez-les pour un transfert de puissance optimal dans les sports cyclistes et les activit\u00e9s telles que : <\/p>\n<ul>\n<li>Route<\/li>\n<li>Stationnaire<\/li>\n<li>Triathlon<\/li>\n<li>VTT \/ Gravel<\/li>\n<li>MotoGP \/ Moto<\/li>\n<\/ul>\n<\/div>\n<\/div>\n<\/div>\n","protected":false},"excerpt":{"rendered":"<p>Les semelles CURREX\u00ae <strong>BIKEPRO\u2122<\/strong>sont con\u00e7ues pour transf\u00e9rer plus de puissance \u00e0 la p\u00e9dale. Ces semelles de chaussures de cyclisme aident \u00e0 stabiliser le mouvement du genou, \u00e0 am\u00e9liorer l&#8217;efficacit\u00e9 musculaire et \u00e0 \u00e9liminer les engourdissements, les points de pression et les points chauds. Elles permettent \u00e9galement une meilleure circulation de l&#8217;air et gardent vos pieds \u00e0 l&#8217;aise pendant les longues randonn\u00e9es chaudes. \u00c0 chaque tour de manivelle, \u00e0 chaque changement de vitesse et \u00e0 chaque mont\u00e9e, vous b\u00e9n\u00e9ficiez d&#8217;une plus grande stabilit\u00e9, d&#8217;un ajustement parfait et d&#8217;un v\u00e9ritable confort gr\u00e2ce \u00e0 CURREX <strong>BIKEPRO<\/strong>, les semelles de chaussures de v\u00e9lo con\u00e7ues pour vous maintenir en selle.   <\/p>\n<p>Les semelles CURREX <strong>BIKEPRO <\/strong>sont disponibles en trois profils dynamiques pour un ajustement personnalis\u00e9 dans vos chaussures : <strong>LOW<\/strong>, <strong>MEDIUM<\/strong> et <strong>HIGH<\/strong>. Ces profils ont chacun une forme, une hauteur de vo\u00fbte et une flexion diff\u00e9rentes qui s&#8217;adaptent \u00e0 votre vo\u00fbte plantaire pour un soutien anatomique et un mouvement optimis\u00e9. La forme de votre pied et de vos jambes d\u00e9termine le profil de semelle qui vous convient le mieux.  <\/p>\n<div id=\"Product-content-aad6d592-e4fa-4428-a203-07c9cda78fd11907728580698\" class=\"collapsible-content collapsible-content--all is-open\">\n<div class=\"collapsible-content__inner rte\">\n<div class=\"metafield-rich_text_field\">\n<p>Besoin d&#8217;aide pour trouver votre type de semelle ? Utilisez le <a href=\"https:\/\/currex.us\/pages\/insole-finder\">CURREX Insole Finder<\/a> pour trouver les meilleures semelles cyclistes pour votre sport. <\/p>\n<\/div>\n<\/div>\n<\/div>\n","protected":false},"featured_media":88833,"comment_status":"closed","ping_status":"closed","template":"","meta":[],"product_brand":[],"product_cat":[4826],"product_tag":[4966,5193,5027,4824,5124,5075,5183,5178],"class_list":{"0":"post-79407","1":"product","2":"type-product","3":"status-publish","4":"has-post-thumbnail","6":"product_cat-foot-pedal-interface-fr","7":"product_tag-bikepro-fr","8":"product_tag-contre-la-montre","9":"product_tag-currex-fr","10":"product_tag-offroad-fr","11":"product_tag-road-fr","12":"product_tag-insoles-fr","13":"product_tag-triathlon-fr","14":"product_tag-ultra-cycling-fr","15":"product_shipping_class-large-items-fr","16":"pa_profile-high-fr","17":"pa_profile-low-fr","18":"pa_profile-med-fr","19":"pa_size-34-5-36-5-fr","20":"pa_size-37-39-fr","21":"pa_size-39-5-41-5-fr","22":"pa_size-42-44-fr","23":"pa_size-44-5-46-5-fr","24":"pa_size-47-49-fr","26":"first","27":"instock","28":"taxable","29":"shipping-taxable","30":"purchasable","31":"product-type-variable"},"yoast_head":"<!-- This site is optimized with the Yoast SEO Premium plugin v27.3 (Yoast SEO v27.3) - https:\/\/yoast.com\/product\/yoast-seo-premium-wordpress\/ -->\n<title>Semelles Currex\u00ae BikePro\u2122 - bikefit.lu<\/title>\n<meta name=\"robots\" content=\"index, follow, max-snippet:-1, max-image-preview:large, max-video-preview:-1\" \/>\n<link rel=\"canonical\" href=\"https:\/\/bikefit.lu\/fr\/product\/semelles-currex-bikepro\/\" \/>\n<meta property=\"og:locale\" content=\"fr_FR\" \/>\n<meta property=\"og:type\" content=\"article\" \/>\n<meta property=\"og:title\" content=\"Semelles Currex\u00ae BikePro\u2122\" \/>\n<meta property=\"og:description\" content=\"Les semelles CURREX\u00ae BIKEPRO\u2122sont con\u00e7ues pour transf\u00e9rer plus de puissance \u00e0 la p\u00e9dale. Ces semelles de chaussures de cyclisme aident \u00e0 stabiliser le mouvement du genou, \u00e0 am\u00e9liorer l&#039;efficacit\u00e9 musculaire et \u00e0 \u00e9liminer les engourdissements, les points de pression et les points chauds. Elles permettent \u00e9galement une meilleure circulation de l&#039;air et gardent vos pieds \u00e0 l&#039;aise pendant les longues randonn\u00e9es chaudes. \u00c0 chaque tour de manivelle, \u00e0 chaque changement de vitesse et \u00e0 chaque mont\u00e9e, vous b\u00e9n\u00e9ficiez d&#039;une plus grande stabilit\u00e9, d&#039;un ajustement parfait et d&#039;un v\u00e9ritable confort gr\u00e2ce \u00e0 CURREX BIKEPRO, les semelles de chaussures de v\u00e9lo con\u00e7ues pour vous maintenir en selle.   Les semelles CURREX BIKEPRO sont disponibles en trois profils dynamiques pour un ajustement personnalis\u00e9 dans vos chaussures : LOW, MEDIUM et HIGH. Ces profils ont chacun une forme, une hauteur de vo\u00fbte et une flexion diff\u00e9rentes qui s&#039;adaptent \u00e0 votre vo\u00fbte plantaire pour un soutien anatomique et un mouvement optimis\u00e9. La forme de votre pied et de vos jambes d\u00e9termine le profil de semelle qui vous convient le mieux.    Besoin d&#039;aide pour trouver votre type de semelle ? Utilisez le CURREX Insole Finder pour trouver les meilleures semelles cyclistes pour votre sport.\" \/>\n<meta property=\"og:url\" content=\"https:\/\/bikefit.lu\/fr\/product\/semelles-currex-bikepro\/\" \/>\n<meta property=\"og:site_name\" content=\"bikefit.lu\" \/>\n<meta property=\"article:modified_time\" content=\"2025-07-06T09:48:57+00:00\" \/>\n<meta property=\"og:image\" content=\"https:\/\/bikefit.lu\/wp-content\/uploads\/2022\/06\/Currex-BikePro.jpg\" \/>\n\t<meta property=\"og:image:width\" content=\"500\" \/>\n\t<meta property=\"og:image:height\" content=\"494\" \/>\n\t<meta property=\"og:image:type\" content=\"image\/jpeg\" \/>\n<meta name=\"twitter:card\" content=\"summary_large_image\" \/>\n<meta name=\"twitter:label1\" content=\"Disponibilit\u00e9\" \/>\n\t<meta name=\"twitter:data1\" content=\"En stock\" \/>\n<script type=\"application\/ld+json\" class=\"yoast-schema-graph\">{\"@context\":\"https:\\\/\\\/schema.org\",\"@graph\":[{\"@type\":\"WebPage\",\"@id\":\"https:\\\/\\\/bikefit.lu\\\/fr\\\/product\\\/semelles-currex-bikepro\\\/\",\"url\":\"https:\\\/\\\/bikefit.lu\\\/fr\\\/product\\\/semelles-currex-bikepro\\\/\",\"name\":\"Semelles Currex\u00ae BikePro\u2122 - bikefit.lu\",\"isPartOf\":{\"@id\":\"https:\\\/\\\/bikefit.lu\\\/fr\\\/#website\"},\"primaryImageOfPage\":{\"@id\":\"https:\\\/\\\/bikefit.lu\\\/fr\\\/product\\\/semelles-currex-bikepro\\\/#primaryimage\"},\"image\":{\"@id\":\"https:\\\/\\\/bikefit.lu\\\/fr\\\/product\\\/semelles-currex-bikepro\\\/#primaryimage\"},\"thumbnailUrl\":\"https:\\\/\\\/bikefit.lu\\\/wp-content\\\/uploads\\\/2022\\\/06\\\/Currex-BikePro.jpg\",\"datePublished\":\"2022-06-19T14:06:54+00:00\",\"dateModified\":\"2025-07-06T09:48:57+00:00\",\"breadcrumb\":{\"@id\":\"https:\\\/\\\/bikefit.lu\\\/fr\\\/product\\\/semelles-currex-bikepro\\\/#breadcrumb\"},\"inLanguage\":\"fr-FR\",\"potentialAction\":[{\"@type\":\"ReadAction\",\"target\":[\"https:\\\/\\\/bikefit.lu\\\/fr\\\/product\\\/semelles-currex-bikepro\\\/\"]}]},{\"@type\":\"ImageObject\",\"inLanguage\":\"fr-FR\",\"@id\":\"https:\\\/\\\/bikefit.lu\\\/fr\\\/product\\\/semelles-currex-bikepro\\\/#primaryimage\",\"url\":\"https:\\\/\\\/bikefit.lu\\\/wp-content\\\/uploads\\\/2022\\\/06\\\/Currex-BikePro.jpg\",\"contentUrl\":\"https:\\\/\\\/bikefit.lu\\\/wp-content\\\/uploads\\\/2022\\\/06\\\/Currex-BikePro.jpg\",\"width\":500,\"height\":494},{\"@type\":\"BreadcrumbList\",\"@id\":\"https:\\\/\\\/bikefit.lu\\\/fr\\\/product\\\/semelles-currex-bikepro\\\/#breadcrumb\",\"itemListElement\":[{\"@type\":\"ListItem\",\"position\":1,\"name\":\"Home\",\"item\":\"https:\\\/\\\/bikefit.lu\\\/fr\\\/\"},{\"@type\":\"ListItem\",\"position\":2,\"name\":\"Produits\",\"item\":\"https:\\\/\\\/bikefit.lu\\\/fr\\\/shop\\\/\"},{\"@type\":\"ListItem\",\"position\":3,\"name\":\"Semelles Currex\u00ae BikePro\u2122\"}]},{\"@type\":\"WebSite\",\"@id\":\"https:\\\/\\\/bikefit.lu\\\/fr\\\/#website\",\"url\":\"https:\\\/\\\/bikefit.lu\\\/fr\\\/\",\"name\":\"bikefit.lu\",\"description\":\"IMPROVING CYCLING\",\"publisher\":{\"@id\":\"https:\\\/\\\/bikefit.lu\\\/fr\\\/#\\\/schema\\\/person\\\/379af1263474d2f8cd1f41c2bd90273d\"},\"potentialAction\":[{\"@type\":\"SearchAction\",\"target\":{\"@type\":\"EntryPoint\",\"urlTemplate\":\"https:\\\/\\\/bikefit.lu\\\/fr\\\/?s={search_term_string}\"},\"query-input\":{\"@type\":\"PropertyValueSpecification\",\"valueRequired\":true,\"valueName\":\"search_term_string\"}}],\"inLanguage\":\"fr-FR\"},{\"@type\":[\"Person\",\"Organization\"],\"@id\":\"https:\\\/\\\/bikefit.lu\\\/fr\\\/#\\\/schema\\\/person\\\/379af1263474d2f8cd1f41c2bd90273d\",\"name\":\"Patrick Guillaume\",\"image\":{\"@type\":\"ImageObject\",\"inLanguage\":\"fr-FR\",\"@id\":\"https:\\\/\\\/bikefit.lu\\\/wp-content\\\/uploads\\\/2024\\\/12\\\/cropped-bikefit-logoURL-RGB-jpg.jpg\",\"url\":\"https:\\\/\\\/bikefit.lu\\\/wp-content\\\/uploads\\\/2024\\\/12\\\/cropped-bikefit-logoURL-RGB-jpg.jpg\",\"contentUrl\":\"https:\\\/\\\/bikefit.lu\\\/wp-content\\\/uploads\\\/2024\\\/12\\\/cropped-bikefit-logoURL-RGB-jpg.jpg\",\"width\":512,\"height\":512,\"caption\":\"Patrick Guillaume\"},\"logo\":{\"@id\":\"https:\\\/\\\/bikefit.lu\\\/wp-content\\\/uploads\\\/2024\\\/12\\\/cropped-bikefit-logoURL-RGB-jpg.jpg\"},\"sameAs\":[\"https:\\\/\\\/bikefit.lu\"],\"honorificPrefix\":\"Mr\",\"birthDate\":\"1966-11-18\",\"gender\":\"male\",\"knowsAbout\":[\"Bike-fitting\"],\"knowsLanguage\":[\"English\",\"French\",\"German\",\"Luxembourgish\"]}]}<\/script>\n<meta property=\"og:availability\" content=\"instock\" \/>\n<meta property=\"product:availability\" content=\"instock\" \/>\n<meta property=\"product:condition\" content=\"new\" \/>\n<!-- \/ Yoast SEO Premium plugin. -->","yoast_head_json":{"title":"Semelles Currex\u00ae BikePro\u2122 - bikefit.lu","robots":{"index":"index","follow":"follow","max-snippet":"max-snippet:-1","max-image-preview":"max-image-preview:large","max-video-preview":"max-video-preview:-1"},"canonical":"https:\/\/bikefit.lu\/fr\/product\/semelles-currex-bikepro\/","og_locale":"fr_FR","og_type":"article","og_title":"Semelles Currex\u00ae BikePro\u2122","og_description":"Les semelles CURREX\u00ae BIKEPRO\u2122sont con\u00e7ues pour transf\u00e9rer plus de puissance \u00e0 la p\u00e9dale. Ces semelles de chaussures de cyclisme aident \u00e0 stabiliser le mouvement du genou, \u00e0 am\u00e9liorer l'efficacit\u00e9 musculaire et \u00e0 \u00e9liminer les engourdissements, les points de pression et les points chauds. Elles permettent \u00e9galement une meilleure circulation de l'air et gardent vos pieds \u00e0 l'aise pendant les longues randonn\u00e9es chaudes. \u00c0 chaque tour de manivelle, \u00e0 chaque changement de vitesse et \u00e0 chaque mont\u00e9e, vous b\u00e9n\u00e9ficiez d'une plus grande stabilit\u00e9, d'un ajustement parfait et d'un v\u00e9ritable confort gr\u00e2ce \u00e0 CURREX BIKEPRO, les semelles de chaussures de v\u00e9lo con\u00e7ues pour vous maintenir en selle.   Les semelles CURREX BIKEPRO sont disponibles en trois profils dynamiques pour un ajustement personnalis\u00e9 dans vos chaussures : LOW, MEDIUM et HIGH. Ces profils ont chacun une forme, une hauteur de vo\u00fbte et une flexion diff\u00e9rentes qui s'adaptent \u00e0 votre vo\u00fbte plantaire pour un soutien anatomique et un mouvement optimis\u00e9. La forme de votre pied et de vos jambes d\u00e9termine le profil de semelle qui vous convient le mieux.    Besoin d'aide pour trouver votre type de semelle ? Utilisez le CURREX Insole Finder pour trouver les meilleures semelles cyclistes pour votre sport.","og_url":"https:\/\/bikefit.lu\/fr\/product\/semelles-currex-bikepro\/","og_site_name":"bikefit.lu","article_modified_time":"2025-07-06T09:48:57+00:00","og_image":[{"width":500,"height":494,"url":"https:\/\/bikefit.lu\/wp-content\/uploads\/2022\/06\/Currex-BikePro.jpg","type":"image\/jpeg"}],"twitter_card":"summary_large_image","twitter_misc":{"Disponibilit\u00e9":"En stock"},"schema":{"@context":"https:\/\/schema.org","@graph":[{"@type":"WebPage","@id":"https:\/\/bikefit.lu\/fr\/product\/semelles-currex-bikepro\/","url":"https:\/\/bikefit.lu\/fr\/product\/semelles-currex-bikepro\/","name":"Semelles Currex\u00ae BikePro\u2122 - bikefit.lu","isPartOf":{"@id":"https:\/\/bikefit.lu\/fr\/#website"},"primaryImageOfPage":{"@id":"https:\/\/bikefit.lu\/fr\/product\/semelles-currex-bikepro\/#primaryimage"},"image":{"@id":"https:\/\/bikefit.lu\/fr\/product\/semelles-currex-bikepro\/#primaryimage"},"thumbnailUrl":"https:\/\/bikefit.lu\/wp-content\/uploads\/2022\/06\/Currex-BikePro.jpg","datePublished":"2022-06-19T14:06:54+00:00","dateModified":"2025-07-06T09:48:57+00:00","breadcrumb":{"@id":"https:\/\/bikefit.lu\/fr\/product\/semelles-currex-bikepro\/#breadcrumb"},"inLanguage":"fr-FR","potentialAction":[{"@type":"ReadAction","target":["https:\/\/bikefit.lu\/fr\/product\/semelles-currex-bikepro\/"]}]},{"@type":"ImageObject","inLanguage":"fr-FR","@id":"https:\/\/bikefit.lu\/fr\/product\/semelles-currex-bikepro\/#primaryimage","url":"https:\/\/bikefit.lu\/wp-content\/uploads\/2022\/06\/Currex-BikePro.jpg","contentUrl":"https:\/\/bikefit.lu\/wp-content\/uploads\/2022\/06\/Currex-BikePro.jpg","width":500,"height":494},{"@type":"BreadcrumbList","@id":"https:\/\/bikefit.lu\/fr\/product\/semelles-currex-bikepro\/#breadcrumb","itemListElement":[{"@type":"ListItem","position":1,"name":"Home","item":"https:\/\/bikefit.lu\/fr\/"},{"@type":"ListItem","position":2,"name":"Produits","item":"https:\/\/bikefit.lu\/fr\/shop\/"},{"@type":"ListItem","position":3,"name":"Semelles Currex\u00ae BikePro\u2122"}]},{"@type":"WebSite","@id":"https:\/\/bikefit.lu\/fr\/#website","url":"https:\/\/bikefit.lu\/fr\/","name":"bikefit.lu","description":"IMPROVING CYCLING","publisher":{"@id":"https:\/\/bikefit.lu\/fr\/#\/schema\/person\/379af1263474d2f8cd1f41c2bd90273d"},"potentialAction":[{"@type":"SearchAction","target":{"@type":"EntryPoint","urlTemplate":"https:\/\/bikefit.lu\/fr\/?s={search_term_string}"},"query-input":{"@type":"PropertyValueSpecification","valueRequired":true,"valueName":"search_term_string"}}],"inLanguage":"fr-FR"},{"@type":["Person","Organization"],"@id":"https:\/\/bikefit.lu\/fr\/#\/schema\/person\/379af1263474d2f8cd1f41c2bd90273d","name":"Patrick Guillaume","image":{"@type":"ImageObject","inLanguage":"fr-FR","@id":"https:\/\/bikefit.lu\/wp-content\/uploads\/2024\/12\/cropped-bikefit-logoURL-RGB-jpg.jpg","url":"https:\/\/bikefit.lu\/wp-content\/uploads\/2024\/12\/cropped-bikefit-logoURL-RGB-jpg.jpg","contentUrl":"https:\/\/bikefit.lu\/wp-content\/uploads\/2024\/12\/cropped-bikefit-logoURL-RGB-jpg.jpg","width":512,"height":512,"caption":"Patrick Guillaume"},"logo":{"@id":"https:\/\/bikefit.lu\/wp-content\/uploads\/2024\/12\/cropped-bikefit-logoURL-RGB-jpg.jpg"},"sameAs":["https:\/\/bikefit.lu"],"honorificPrefix":"Mr","birthDate":"1966-11-18","gender":"male","knowsAbout":["Bike-fitting"],"knowsLanguage":["English","French","German","Luxembourgish"]}]},"og_availability":"instock","product_availability":"instock","product_condition":"new"},"_links":{"self":[{"href":"https:\/\/bikefit.lu\/fr\/wp-json\/wp\/v2\/product\/79407","targetHints":{"allow":["GET"]}}],"collection":[{"href":"https:\/\/bikefit.lu\/fr\/wp-json\/wp\/v2\/product"}],"about":[{"href":"https:\/\/bikefit.lu\/fr\/wp-json\/wp\/v2\/types\/product"}],"replies":[{"embeddable":true,"href":"https:\/\/bikefit.lu\/fr\/wp-json\/wp\/v2\/comments?post=79407"}],"version-history":[{"count":0,"href":"https:\/\/bikefit.lu\/fr\/wp-json\/wp\/v2\/product\/79407\/revisions"}],"wp:featuredmedia":[{"embeddable":true,"href":"https:\/\/bikefit.lu\/fr\/wp-json\/wp\/v2\/media\/88833"}],"wp:attachment":[{"href":"https:\/\/bikefit.lu\/fr\/wp-json\/wp\/v2\/media?parent=79407"}],"wp:term":[{"taxonomy":"product_brand","embeddable":true,"href":"https:\/\/bikefit.lu\/fr\/wp-json\/wp\/v2\/product_brand?post=79407"},{"taxonomy":"product_cat","embeddable":true,"href":"https:\/\/bikefit.lu\/fr\/wp-json\/wp\/v2\/product_cat?post=79407"},{"taxonomy":"product_tag","embeddable":true,"href":"https:\/\/bikefit.lu\/fr\/wp-json\/wp\/v2\/product_tag?post=79407"}],"curies":[{"name":"wp","href":"https:\/\/api.w.org\/{rel}","templated":true}]}}