{"id":79466,"date":"2022-04-09T14:31:52","date_gmt":"2022-04-09T14:31:52","guid":{"rendered":"https:\/\/staging.bikefit.lu\/shop\/non%20class\u00e9\/pedales-wahoo-speedplay-zero\/"},"modified":"2025-04-18T09:12:45","modified_gmt":"2025-04-18T07:12:45","slug":"pedales-wahoo-speedplay-zero","status":"publish","type":"product","link":"https:\/\/bikefit.lu\/fr\/product\/pedales-wahoo-speedplay-zero\/","title":{"rendered":"P\u00e9dales Wahoo Speedplay Zero"},"content":{"rendered":"<div id=\"v-cXM4lTCN-1\" class=\"video-player\"><iframe title='Lecteur vid\u00e9o VideoPress' aria-label='Lecteur vid\u00e9o VideoPress' width='1200' height='674' src='https:\/\/videopress.com\/embed\/cXM4lTCN?hd=1&amp;cover=1&amp;loop=0&amp;autoPlay=0&amp;permalink=1&amp;muted=0&amp;controls=1&amp;playsinline=0&amp;useAverageColor=0&amp;preloadContent=metadata' frameborder='0' allowfullscreen data-resize-to-parent=\"true\" allow='clipboard-write'><\/iframe><script src='https:\/\/s0.wp.com\/wp-content\/plugins\/video\/assets\/js\/next\/videopress-iframe.js'><\/script><\/div>\n<h3>Caract\u00e9ristiques du produit<\/h3>\n<ul>\n<li><strong>Utilisation<\/strong> : Route<\/li>\n<li><strong>D\u00e9gagement en virage :<\/strong> 37 degr\u00e9s<\/li>\n<li><strong>Longueur de l&#8217;axe :<\/strong> 53mm = standard, 56mm, 59mm et 65mm peuvent \u00eatre achet\u00e9s ici<\/li>\n<li><strong>Compatibilit\u00e9 avec les chaussures :<\/strong> convient \u00e0 toutes les chaussures dot\u00e9es d&#8217;une fixation \u00e0 3 ou 4 trous<\/li>\n<li><strong>Compatibilit\u00e9 Cales : <\/strong>Avec toutes les cales standard ou easy tension ainsi qu&#8217;avec les p\u00e9dales Speedplay Zero V1 et V2.<\/li>\n<li><strong>Plage de mouvement :<\/strong> 0-15 degr\u00e9s<\/li>\n<li><strong>Tension du plateau de la p\u00e9dale :<\/strong> Standard<\/li>\n<li><strong>Roulements :<\/strong>\n<ul>\n<li>Cartouche \u00e0 triple \u00e9tanch\u00e9it\u00e9<\/li>\n<li>Roulement \u00e0 aiguilles<\/li>\n<\/ul>\n<\/li>\n<\/ul>\n<h3>Mat\u00e9riau<\/h3>\n<ul>\n<li><strong>Axe :<\/strong> Acier inoxydable<\/li>\n<li><strong>Corps de p\u00e9dale :<\/strong> Grivory<\/li>\n<\/ul>\n<h3>Couleur<\/h3>\n<ul>\n<li>noir<\/li>\n<\/ul>\n<h3>Poids<\/h3>\n<ul>\n<li>222g (information du fabricant)<\/li>\n<\/ul>\n<hr>\n<h3>Contenu de la livraison<\/h3>\n<ul>\n<li>1 paire de p\u00e9dales Wahoo Speedplay Zero en acier inoxydable<\/li>\n<li>1 paire de p\u00e9dales Wahoo Speedplay avec tension standard<\/li>\n<\/ul>\n","protected":false},"excerpt":{"rendered":"<div class=\"product-details-title\">\n<h2><strong>Con\u00e7ue pour tous les efforts.<\/strong><\/h2>\n<\/div>\n<div class=\"product-details-content\">\n<p>Con\u00e7ue pour tout affronter, la p\u00e9dale de route SPEEDPLAY ZERO est particuli\u00e8rement qualifi\u00e9e pour r\u00e9sister aux exigences de toutes les situations, de la course \u00e0 outrance \u00e0 l&#8217;\u00e9pop\u00e9e d&#8217;un double si\u00e8cle. La p\u00e9dale de v\u00e9lo double face en acier inoxydable et le syst\u00e8me de cale int\u00e9gr\u00e9 offrent un transfert de puissance optimal et une durabilit\u00e9 exceptionnelle. La coupe personnalis\u00e9e et l&#8217;entr\u00e9e double face vous permettront de p\u00e9daler en toute confiance et confort.  <\/p>\n<\/div>\n<h2><strong>Points forts &#8211; Wahoo<\/strong> <strong>P\u00e9dales Speedplay Zero en acier inoxydable<\/strong><\/h2>\n<ul>\n<li><strong>Entr\u00e9e double face : <\/strong>L&#8217;entr\u00e9e bilat\u00e9rale et le m\u00e9canisme de verrouillage innovant cr\u00e9ent la plate-forme la plus s\u00fbre et la plus stable qui soit, pour que vous puissiez p\u00e9daler en toute confiance.<\/li>\n<li><strong>Libert\u00e9 de mouvement : <\/strong>Le seul syst\u00e8me de p\u00e9dales \u00e0 offrir un r\u00e9glage ind\u00e9pendant avant-arri\u00e8re, gauche-droite et flottant afin d&#8217;optimiser l&#8217;ajustement et d&#8217;am\u00e9liorer les performances gr\u00e2ce \u00e0 une meilleure biom\u00e9canique.<\/li>\n<li><strong>Am\u00e9lioration de la marche :<\/strong> Une cale \u00e0 profil fin avec un rev\u00eatement caoutchout\u00e9 offre une meilleure base et une plus grande confiance lors de la marche.<\/li>\n<li><strong>Excellente tenue de route dans les virages : <\/strong>P\u00e9dalez dans les virages en toute confiance, maintenez votre vitesse et laissez les autres derri\u00e8re vous.<\/li>\n<li><strong>Facile \u00e0 entretenir :<\/strong> Toutes les p\u00e9dales Speedplay ont des roulements \u00e9tanches et une durabilit\u00e9 accrue gr\u00e2ce \u00e0 des points de contact renforc\u00e9s. Vous passez d\u00e9sormais moins de temps \u00e0 entretenir vos p\u00e9dales et plus de temps \u00e0 rouler. <\/li>\n<li><strong>Personnalisez votre cale:<\/strong> s\u00e9lectionnez la cale standard ou easy tension pour un clipsage et un d\u00e9clipsage personnalis\u00e9s. Les deux cales sont compatibles avec toutes les p\u00e9dales.<\/li>\n<\/ul>\n<h3><\/h3>\n<h3>Caract\u00e9ristiques<strong><br \/>\n<\/strong><\/h3>\n<ul>\n<li>Entr\u00e9e des deux c\u00f4t\u00e9s pour une connexion ferme \u00e0 tout moment<\/li>\n<li>Faible hauteur totale pour une libert\u00e9 optimale des courbes<\/li>\n<li>Ajustement individuel et libert\u00e9 de mouvement pour une biom\u00e9canique optimale<\/li>\n<li>Tr\u00e8s bonnes caract\u00e9ristiques de course avec une usure minimale des cales en dehors du v\u00e9lo<\/li>\n<li>Roulements \u00e9tanches et sans entretien pour une maintenance r\u00e9duite<\/li>\n<li>Corps de p\u00e9dale optimis\u00e9 pour une entr\u00e9e et une sortie plus faciles<\/li>\n<li>Poids faible<\/li>\n<\/ul>\n","protected":false},"featured_media":88523,"comment_status":"closed","ping_status":"closed","template":"","meta":[],"product_brand":[],"product_cat":[4826,4785],"product_tag":[5193,5130,5124,5183,5178,5176,5204],"class_list":{"0":"post-79466","1":"product","2":"type-product","3":"status-publish","4":"has-post-thumbnail","6":"product_cat-foot-pedal-interface-fr","7":"product_cat-road-fr","8":"product_tag-contre-la-montre","9":"product_tag-pedales","10":"product_tag-road-fr","11":"product_tag-triathlon-fr","12":"product_tag-ultra-cycling-fr","13":"product_tag-wahoo-speedplay-fr","14":"product_tag-zero-fr","15":"product_shipping_class-large-items-fr","17":"first","18":"instock","19":"taxable","20":"shipping-taxable","21":"purchasable","22":"product-type-variable"},"yoast_head":"<!-- This site is optimized with the Yoast SEO Premium plugin v27.3 (Yoast SEO v27.3) - https:\/\/yoast.com\/product\/yoast-seo-premium-wordpress\/ -->\n<title>P\u00e9dales Wahoo Speedplay Zero - bikefit.lu<\/title>\n<meta name=\"robots\" content=\"index, follow, max-snippet:-1, max-image-preview:large, max-video-preview:-1\" \/>\n<link rel=\"canonical\" href=\"https:\/\/bikefit.lu\/fr\/product\/pedales-wahoo-speedplay-zero\/\" \/>\n<meta property=\"og:locale\" content=\"fr_FR\" \/>\n<meta property=\"og:type\" content=\"article\" \/>\n<meta property=\"og:title\" content=\"P\u00e9dales Wahoo Speedplay Zero\" \/>\n<meta property=\"og:description\" content=\"Con\u00e7ue pour tous les efforts.  Con\u00e7ue pour tout affronter, la p\u00e9dale de route SPEEDPLAY ZERO est particuli\u00e8rement qualifi\u00e9e pour r\u00e9sister aux exigences de toutes les situations, de la course \u00e0 outrance \u00e0 l&#039;\u00e9pop\u00e9e d&#039;un double si\u00e8cle. La p\u00e9dale de v\u00e9lo double face en acier inoxydable et le syst\u00e8me de cale int\u00e9gr\u00e9 offrent un transfert de puissance optimal et une durabilit\u00e9 exceptionnelle. La coupe personnalis\u00e9e et l&#039;entr\u00e9e double face vous permettront de p\u00e9daler en toute confiance et confort.   Points forts - Wahoo P\u00e9dales Speedplay Zero en acier inoxydable  Entr\u00e9e double face : L&#039;entr\u00e9e bilat\u00e9rale et le m\u00e9canisme de verrouillage innovant cr\u00e9ent la plate-forme la plus s\u00fbre et la plus stable qui soit, pour que vous puissiez p\u00e9daler en toute confiance.  Libert\u00e9 de mouvement : Le seul syst\u00e8me de p\u00e9dales \u00e0 offrir un r\u00e9glage ind\u00e9pendant avant-arri\u00e8re, gauche-droite et flottant afin d&#039;optimiser l&#039;ajustement et d&#039;am\u00e9liorer les performances gr\u00e2ce \u00e0 une meilleure biom\u00e9canique.  Am\u00e9lioration de la marche : Une cale \u00e0 profil fin avec un rev\u00eatement caoutchout\u00e9 offre une meilleure base et une plus grande confiance lors de la marche.  Excellente tenue de route dans les virages : P\u00e9dalez dans les virages en toute confiance, maintenez votre vitesse et laissez les autres derri\u00e8re vous.  Facile \u00e0 entretenir : Toutes les p\u00e9dales Speedplay ont des roulements \u00e9tanches et une durabilit\u00e9 accrue gr\u00e2ce \u00e0 des points de contact renforc\u00e9s. Vous passez d\u00e9sormais moins de temps \u00e0 entretenir vos p\u00e9dales et plus de temps \u00e0 rouler.  Personnalisez votre cale: s\u00e9lectionnez la cale standard ou easy tension pour un clipsage et un d\u00e9clipsage personnalis\u00e9s. Les deux cales sont compatibles avec toutes les p\u00e9dales.  Caract\u00e9ristiques   Entr\u00e9e des deux c\u00f4t\u00e9s pour une connexion ferme \u00e0 tout moment  Faible hauteur totale pour une libert\u00e9 optimale des courbes  Ajustement individuel et libert\u00e9 de mouvement pour une biom\u00e9canique optimale  Tr\u00e8s bonnes caract\u00e9ristiques de course avec une usure minimale des cales en dehors du v\u00e9lo  Roulements \u00e9tanches et sans entretien pour une maintenance r\u00e9duite  Corps de p\u00e9dale optimis\u00e9 pour une entr\u00e9e et une sortie plus faciles  Poids faible\" \/>\n<meta property=\"og:url\" content=\"https:\/\/bikefit.lu\/fr\/product\/pedales-wahoo-speedplay-zero\/\" \/>\n<meta property=\"og:site_name\" content=\"bikefit.lu\" \/>\n<meta property=\"article:modified_time\" content=\"2025-04-18T07:12:45+00:00\" \/>\n<meta property=\"og:image\" content=\"https:\/\/bikefit.lu\/wp-content\/uploads\/2024\/12\/speedplay_zero_2.webp\" \/>\n\t<meta property=\"og:image:width\" content=\"615\" \/>\n\t<meta property=\"og:image:height\" content=\"615\" \/>\n\t<meta property=\"og:image:type\" content=\"image\/webp\" \/>\n<meta name=\"twitter:card\" content=\"summary_large_image\" \/>\n<meta name=\"twitter:label1\" content=\"Disponibilit\u00e9\" \/>\n\t<meta name=\"twitter:data1\" content=\"En stock\" \/>\n<script type=\"application\/ld+json\" class=\"yoast-schema-graph\">{\"@context\":\"https:\\\/\\\/schema.org\",\"@graph\":[{\"@type\":\"WebPage\",\"@id\":\"https:\\\/\\\/bikefit.lu\\\/fr\\\/product\\\/pedales-wahoo-speedplay-zero\\\/\",\"url\":\"https:\\\/\\\/bikefit.lu\\\/fr\\\/product\\\/pedales-wahoo-speedplay-zero\\\/\",\"name\":\"P\u00e9dales Wahoo Speedplay Zero - bikefit.lu\",\"isPartOf\":{\"@id\":\"https:\\\/\\\/bikefit.lu\\\/fr\\\/#website\"},\"primaryImageOfPage\":{\"@id\":\"https:\\\/\\\/bikefit.lu\\\/fr\\\/product\\\/pedales-wahoo-speedplay-zero\\\/#primaryimage\"},\"image\":{\"@id\":\"https:\\\/\\\/bikefit.lu\\\/fr\\\/product\\\/pedales-wahoo-speedplay-zero\\\/#primaryimage\"},\"thumbnailUrl\":\"https:\\\/\\\/bikefit.lu\\\/wp-content\\\/uploads\\\/2024\\\/12\\\/speedplay_zero_2.webp\",\"datePublished\":\"2022-04-09T14:31:52+00:00\",\"dateModified\":\"2025-04-18T07:12:45+00:00\",\"breadcrumb\":{\"@id\":\"https:\\\/\\\/bikefit.lu\\\/fr\\\/product\\\/pedales-wahoo-speedplay-zero\\\/#breadcrumb\"},\"inLanguage\":\"fr-FR\",\"potentialAction\":[{\"@type\":\"ReadAction\",\"target\":[\"https:\\\/\\\/bikefit.lu\\\/fr\\\/product\\\/pedales-wahoo-speedplay-zero\\\/\"]}]},{\"@type\":\"ImageObject\",\"inLanguage\":\"fr-FR\",\"@id\":\"https:\\\/\\\/bikefit.lu\\\/fr\\\/product\\\/pedales-wahoo-speedplay-zero\\\/#primaryimage\",\"url\":\"https:\\\/\\\/bikefit.lu\\\/wp-content\\\/uploads\\\/2024\\\/12\\\/speedplay_zero_2.webp\",\"contentUrl\":\"https:\\\/\\\/bikefit.lu\\\/wp-content\\\/uploads\\\/2024\\\/12\\\/speedplay_zero_2.webp\",\"width\":615,\"height\":615},{\"@type\":\"BreadcrumbList\",\"@id\":\"https:\\\/\\\/bikefit.lu\\\/fr\\\/product\\\/pedales-wahoo-speedplay-zero\\\/#breadcrumb\",\"itemListElement\":[{\"@type\":\"ListItem\",\"position\":1,\"name\":\"Home\",\"item\":\"https:\\\/\\\/bikefit.lu\\\/fr\\\/\"},{\"@type\":\"ListItem\",\"position\":2,\"name\":\"Produits\",\"item\":\"https:\\\/\\\/bikefit.lu\\\/fr\\\/shop\\\/\"},{\"@type\":\"ListItem\",\"position\":3,\"name\":\"P\u00e9dales Wahoo Speedplay Zero\"}]},{\"@type\":\"WebSite\",\"@id\":\"https:\\\/\\\/bikefit.lu\\\/fr\\\/#website\",\"url\":\"https:\\\/\\\/bikefit.lu\\\/fr\\\/\",\"name\":\"bikefit.lu\",\"description\":\"IMPROVING CYCLING\",\"publisher\":{\"@id\":\"https:\\\/\\\/bikefit.lu\\\/fr\\\/#\\\/schema\\\/person\\\/379af1263474d2f8cd1f41c2bd90273d\"},\"potentialAction\":[{\"@type\":\"SearchAction\",\"target\":{\"@type\":\"EntryPoint\",\"urlTemplate\":\"https:\\\/\\\/bikefit.lu\\\/fr\\\/?s={search_term_string}\"},\"query-input\":{\"@type\":\"PropertyValueSpecification\",\"valueRequired\":true,\"valueName\":\"search_term_string\"}}],\"inLanguage\":\"fr-FR\"},{\"@type\":[\"Person\",\"Organization\"],\"@id\":\"https:\\\/\\\/bikefit.lu\\\/fr\\\/#\\\/schema\\\/person\\\/379af1263474d2f8cd1f41c2bd90273d\",\"name\":\"Patrick Guillaume\",\"image\":{\"@type\":\"ImageObject\",\"inLanguage\":\"fr-FR\",\"@id\":\"https:\\\/\\\/bikefit.lu\\\/wp-content\\\/uploads\\\/2024\\\/12\\\/cropped-bikefit-logoURL-RGB-jpg.jpg\",\"url\":\"https:\\\/\\\/bikefit.lu\\\/wp-content\\\/uploads\\\/2024\\\/12\\\/cropped-bikefit-logoURL-RGB-jpg.jpg\",\"contentUrl\":\"https:\\\/\\\/bikefit.lu\\\/wp-content\\\/uploads\\\/2024\\\/12\\\/cropped-bikefit-logoURL-RGB-jpg.jpg\",\"width\":512,\"height\":512,\"caption\":\"Patrick Guillaume\"},\"logo\":{\"@id\":\"https:\\\/\\\/bikefit.lu\\\/wp-content\\\/uploads\\\/2024\\\/12\\\/cropped-bikefit-logoURL-RGB-jpg.jpg\"},\"sameAs\":[\"https:\\\/\\\/bikefit.lu\"],\"honorificPrefix\":\"Mr\",\"birthDate\":\"1966-11-18\",\"gender\":\"male\",\"knowsAbout\":[\"Bike-fitting\"],\"knowsLanguage\":[\"English\",\"French\",\"German\",\"Luxembourgish\"]}]}<\/script>\n<meta property=\"og:availability\" content=\"instock\" \/>\n<meta property=\"product:availability\" content=\"instock\" \/>\n<meta property=\"product:condition\" content=\"new\" \/>\n<!-- \/ Yoast SEO Premium plugin. -->","yoast_head_json":{"title":"P\u00e9dales Wahoo Speedplay Zero - bikefit.lu","robots":{"index":"index","follow":"follow","max-snippet":"max-snippet:-1","max-image-preview":"max-image-preview:large","max-video-preview":"max-video-preview:-1"},"canonical":"https:\/\/bikefit.lu\/fr\/product\/pedales-wahoo-speedplay-zero\/","og_locale":"fr_FR","og_type":"article","og_title":"P\u00e9dales Wahoo Speedplay Zero","og_description":"Con\u00e7ue pour tous les efforts.  Con\u00e7ue pour tout affronter, la p\u00e9dale de route SPEEDPLAY ZERO est particuli\u00e8rement qualifi\u00e9e pour r\u00e9sister aux exigences de toutes les situations, de la course \u00e0 outrance \u00e0 l'\u00e9pop\u00e9e d'un double si\u00e8cle. La p\u00e9dale de v\u00e9lo double face en acier inoxydable et le syst\u00e8me de cale int\u00e9gr\u00e9 offrent un transfert de puissance optimal et une durabilit\u00e9 exceptionnelle. La coupe personnalis\u00e9e et l'entr\u00e9e double face vous permettront de p\u00e9daler en toute confiance et confort.   Points forts - Wahoo P\u00e9dales Speedplay Zero en acier inoxydable  Entr\u00e9e double face : L'entr\u00e9e bilat\u00e9rale et le m\u00e9canisme de verrouillage innovant cr\u00e9ent la plate-forme la plus s\u00fbre et la plus stable qui soit, pour que vous puissiez p\u00e9daler en toute confiance.  Libert\u00e9 de mouvement : Le seul syst\u00e8me de p\u00e9dales \u00e0 offrir un r\u00e9glage ind\u00e9pendant avant-arri\u00e8re, gauche-droite et flottant afin d'optimiser l'ajustement et d'am\u00e9liorer les performances gr\u00e2ce \u00e0 une meilleure biom\u00e9canique.  Am\u00e9lioration de la marche : Une cale \u00e0 profil fin avec un rev\u00eatement caoutchout\u00e9 offre une meilleure base et une plus grande confiance lors de la marche.  Excellente tenue de route dans les virages : P\u00e9dalez dans les virages en toute confiance, maintenez votre vitesse et laissez les autres derri\u00e8re vous.  Facile \u00e0 entretenir : Toutes les p\u00e9dales Speedplay ont des roulements \u00e9tanches et une durabilit\u00e9 accrue gr\u00e2ce \u00e0 des points de contact renforc\u00e9s. Vous passez d\u00e9sormais moins de temps \u00e0 entretenir vos p\u00e9dales et plus de temps \u00e0 rouler.  Personnalisez votre cale: s\u00e9lectionnez la cale standard ou easy tension pour un clipsage et un d\u00e9clipsage personnalis\u00e9s. Les deux cales sont compatibles avec toutes les p\u00e9dales.  Caract\u00e9ristiques   Entr\u00e9e des deux c\u00f4t\u00e9s pour une connexion ferme \u00e0 tout moment  Faible hauteur totale pour une libert\u00e9 optimale des courbes  Ajustement individuel et libert\u00e9 de mouvement pour une biom\u00e9canique optimale  Tr\u00e8s bonnes caract\u00e9ristiques de course avec une usure minimale des cales en dehors du v\u00e9lo  Roulements \u00e9tanches et sans entretien pour une maintenance r\u00e9duite  Corps de p\u00e9dale optimis\u00e9 pour une entr\u00e9e et une sortie plus faciles  Poids faible","og_url":"https:\/\/bikefit.lu\/fr\/product\/pedales-wahoo-speedplay-zero\/","og_site_name":"bikefit.lu","article_modified_time":"2025-04-18T07:12:45+00:00","og_image":[{"width":615,"height":615,"url":"https:\/\/bikefit.lu\/wp-content\/uploads\/2024\/12\/speedplay_zero_2.webp","type":"image\/webp"}],"twitter_card":"summary_large_image","twitter_misc":{"Disponibilit\u00e9":"En stock"},"schema":{"@context":"https:\/\/schema.org","@graph":[{"@type":"WebPage","@id":"https:\/\/bikefit.lu\/fr\/product\/pedales-wahoo-speedplay-zero\/","url":"https:\/\/bikefit.lu\/fr\/product\/pedales-wahoo-speedplay-zero\/","name":"P\u00e9dales Wahoo Speedplay Zero - bikefit.lu","isPartOf":{"@id":"https:\/\/bikefit.lu\/fr\/#website"},"primaryImageOfPage":{"@id":"https:\/\/bikefit.lu\/fr\/product\/pedales-wahoo-speedplay-zero\/#primaryimage"},"image":{"@id":"https:\/\/bikefit.lu\/fr\/product\/pedales-wahoo-speedplay-zero\/#primaryimage"},"thumbnailUrl":"https:\/\/bikefit.lu\/wp-content\/uploads\/2024\/12\/speedplay_zero_2.webp","datePublished":"2022-04-09T14:31:52+00:00","dateModified":"2025-04-18T07:12:45+00:00","breadcrumb":{"@id":"https:\/\/bikefit.lu\/fr\/product\/pedales-wahoo-speedplay-zero\/#breadcrumb"},"inLanguage":"fr-FR","potentialAction":[{"@type":"ReadAction","target":["https:\/\/bikefit.lu\/fr\/product\/pedales-wahoo-speedplay-zero\/"]}]},{"@type":"ImageObject","inLanguage":"fr-FR","@id":"https:\/\/bikefit.lu\/fr\/product\/pedales-wahoo-speedplay-zero\/#primaryimage","url":"https:\/\/bikefit.lu\/wp-content\/uploads\/2024\/12\/speedplay_zero_2.webp","contentUrl":"https:\/\/bikefit.lu\/wp-content\/uploads\/2024\/12\/speedplay_zero_2.webp","width":615,"height":615},{"@type":"BreadcrumbList","@id":"https:\/\/bikefit.lu\/fr\/product\/pedales-wahoo-speedplay-zero\/#breadcrumb","itemListElement":[{"@type":"ListItem","position":1,"name":"Home","item":"https:\/\/bikefit.lu\/fr\/"},{"@type":"ListItem","position":2,"name":"Produits","item":"https:\/\/bikefit.lu\/fr\/shop\/"},{"@type":"ListItem","position":3,"name":"P\u00e9dales Wahoo Speedplay Zero"}]},{"@type":"WebSite","@id":"https:\/\/bikefit.lu\/fr\/#website","url":"https:\/\/bikefit.lu\/fr\/","name":"bikefit.lu","description":"IMPROVING CYCLING","publisher":{"@id":"https:\/\/bikefit.lu\/fr\/#\/schema\/person\/379af1263474d2f8cd1f41c2bd90273d"},"potentialAction":[{"@type":"SearchAction","target":{"@type":"EntryPoint","urlTemplate":"https:\/\/bikefit.lu\/fr\/?s={search_term_string}"},"query-input":{"@type":"PropertyValueSpecification","valueRequired":true,"valueName":"search_term_string"}}],"inLanguage":"fr-FR"},{"@type":["Person","Organization"],"@id":"https:\/\/bikefit.lu\/fr\/#\/schema\/person\/379af1263474d2f8cd1f41c2bd90273d","name":"Patrick Guillaume","image":{"@type":"ImageObject","inLanguage":"fr-FR","@id":"https:\/\/bikefit.lu\/wp-content\/uploads\/2024\/12\/cropped-bikefit-logoURL-RGB-jpg.jpg","url":"https:\/\/bikefit.lu\/wp-content\/uploads\/2024\/12\/cropped-bikefit-logoURL-RGB-jpg.jpg","contentUrl":"https:\/\/bikefit.lu\/wp-content\/uploads\/2024\/12\/cropped-bikefit-logoURL-RGB-jpg.jpg","width":512,"height":512,"caption":"Patrick Guillaume"},"logo":{"@id":"https:\/\/bikefit.lu\/wp-content\/uploads\/2024\/12\/cropped-bikefit-logoURL-RGB-jpg.jpg"},"sameAs":["https:\/\/bikefit.lu"],"honorificPrefix":"Mr","birthDate":"1966-11-18","gender":"male","knowsAbout":["Bike-fitting"],"knowsLanguage":["English","French","German","Luxembourgish"]}]},"og_availability":"instock","product_availability":"instock","product_condition":"new"},"_links":{"self":[{"href":"https:\/\/bikefit.lu\/fr\/wp-json\/wp\/v2\/product\/79466","targetHints":{"allow":["GET"]}}],"collection":[{"href":"https:\/\/bikefit.lu\/fr\/wp-json\/wp\/v2\/product"}],"about":[{"href":"https:\/\/bikefit.lu\/fr\/wp-json\/wp\/v2\/types\/product"}],"replies":[{"embeddable":true,"href":"https:\/\/bikefit.lu\/fr\/wp-json\/wp\/v2\/comments?post=79466"}],"version-history":[{"count":0,"href":"https:\/\/bikefit.lu\/fr\/wp-json\/wp\/v2\/product\/79466\/revisions"}],"wp:featuredmedia":[{"embeddable":true,"href":"https:\/\/bikefit.lu\/fr\/wp-json\/wp\/v2\/media\/88523"}],"wp:attachment":[{"href":"https:\/\/bikefit.lu\/fr\/wp-json\/wp\/v2\/media?parent=79466"}],"wp:term":[{"taxonomy":"product_brand","embeddable":true,"href":"https:\/\/bikefit.lu\/fr\/wp-json\/wp\/v2\/product_brand?post=79466"},{"taxonomy":"product_cat","embeddable":true,"href":"https:\/\/bikefit.lu\/fr\/wp-json\/wp\/v2\/product_cat?post=79466"},{"taxonomy":"product_tag","embeddable":true,"href":"https:\/\/bikefit.lu\/fr\/wp-json\/wp\/v2\/product_tag?post=79466"}],"curies":[{"name":"wp","href":"https:\/\/api.w.org\/{rel}","templated":true}]}}