{"id":79487,"date":"2022-02-10T22:47:17","date_gmt":"2022-02-10T22:47:17","guid":{"rendered":"https:\/\/staging.bikefit.lu\/shop\/non%20class\u00e9\/entretoises-de-compensation-de-longueur-de-jambes-form-4-trous-speedplay-wahoo-speedplay\/"},"modified":"2026-04-01T23:05:14","modified_gmt":"2026-04-01T21:05:14","slug":"entretoises-de-compensation-de-longueur-de-jambes-form-4-trous-speedplay-wahoo-speedplay","status":"publish","type":"product","link":"https:\/\/bikefit.lu\/fr\/product\/entretoises-de-compensation-de-longueur-de-jambes-form-4-trous-speedplay-wahoo-speedplay\/","title":{"rendered":"Entretoises de compensation de longueur de jambes Form\u00ae 4 trous &#8211; Speedplay &amp; Wahoo Speedplay"},"content":{"rendered":"<p style=\"text-align: center;\"><span style=\"color: #33cccc; font-size: 18pt;\"><strong>IMPORTANT<\/strong> !!!<\/span><\/p>\n<p>Pensez bien \u00e0 commander des vis de longueur appropri\u00e9e, sachant que les vis fournies avec les cales mesurent 8 mm de long. Il faut donc ajouter la hauteur des entretoises pour d\u00e9finir la longueur des vis.<\/p>\n<p>Le <span style=\"text-decoration: underline;\">kit<\/span> comprend 1 shim de 2 mm, 1 shim de 3 mm, 4 vis de 10 mm et 4 vis de 12 mm.<\/p>\n<p>Les packs et les pi\u00e8ces individuelles sont livr\u00e9s <strong>sans<\/strong> vis.<\/p>\n<p>Veuillez me contacter pour les anciennes versions V1 et V2, vous aurez besoin de vis diff\u00e9rentes.<\/p>\n<p>&nbsp;<\/p>\n","protected":false},"excerpt":{"rendered":"<p>Les cales de longueur de jambe sont utilis\u00e9es pour augmenter la longueur effective d&#8217;une jambe plus courte dans les cas o\u00f9 un cycliste souffre d&#8217;une diff\u00e9rence de longueur de jambe. Les signes d&#8217;une anomalie peuvent \u00eatre les suivants :<\/p>\n<p>a) hyperextension d\u2019un c\u00f4t\u00e9 au plus bas de la p\u00e9dale<\/p>\n<p>b) bassin inclin\u00e9 ou cycliste pench\u00e9 d\u2019un c\u00f4t\u00e9 de la selle afin de conserver la connexion avec les p\u00e9dales au plus bas de la course<\/p>\n<p>c) une jambe manque d\u2019extension tandis que l\u2019autre se sent juste comme il faut<\/p>\n<p>En supposant que la position du cycliste est correcte et que ses jambes ont \u00e9t\u00e9 \u00e9valu\u00e9es comme pr\u00e9sentant une divergence, les probl\u00e8mes ci-dessus pourraient \u00eatre r\u00e9solus avec l\u2019utilisation de cales de longueur de jambe. Le shimming, avec la bonne quantit\u00e9 d&#8217;empilement, peut cr\u00e9er une extension de jambe plus \u00e9gale, stabiliser le bassin et conduire \u00e0 un coup de p\u00e9dale plus doux et plus contr\u00f4l\u00e9 sur le c\u00f4t\u00e9 court.<\/p>\n<p>Les cales Speedplay fonctionnent avec tous les syst\u00e8mes de cales de route (Wahoo) Speedplay.<\/p>\n","protected":false},"featured_media":77254,"comment_status":"closed","ping_status":"closed","template":"","meta":[],"product_brand":[],"product_cat":[4826,4785],"product_tag":[4933,5193,5071,5052,5124,5104,5183,5178,5176],"class_list":{"0":"post-79487","1":"product","2":"type-product","3":"status-publish","4":"has-post-thumbnail","6":"product_cat-foot-pedal-interface-fr","7":"product_cat-road-fr","8":"product_tag-4-hole-fr","9":"product_tag-contre-la-montre","10":"product_tag-foot-pedal-interface-fr","11":"product_tag-form-fr","12":"product_tag-road-fr","13":"product_tag-shims","14":"product_tag-triathlon-fr","15":"product_tag-ultra-cycling-fr","16":"product_tag-wahoo-speedplay-fr","17":"product_shipping_class-format-xs-fr","19":"first","20":"instock","21":"taxable","22":"shipping-taxable","23":"purchasable","24":"product-type-variable"},"yoast_head":"<!-- This site is optimized with the Yoast SEO Premium plugin v27.4 (Yoast SEO v27.4) - https:\/\/yoast.com\/product\/yoast-seo-premium-wordpress\/ -->\n<title>Entretoises de compensation de longueur de jambes Form\u00ae 4 trous - Speedplay &amp; Wahoo Speedplay - bikefit.lu<\/title>\n<meta name=\"robots\" content=\"index, follow, max-snippet:-1, max-image-preview:large, max-video-preview:-1\" \/>\n<link rel=\"canonical\" href=\"https:\/\/bikefit.lu\/fr\/product\/entretoises-de-compensation-de-longueur-de-jambes-form-4-trous-speedplay-wahoo-speedplay\/\" \/>\n<meta property=\"og:locale\" content=\"fr_FR\" \/>\n<meta property=\"og:type\" content=\"article\" \/>\n<meta property=\"og:title\" content=\"Entretoises de compensation de longueur de jambes Form\u00ae 4 trous - Speedplay &amp; Wahoo Speedplay\" \/>\n<meta property=\"og:description\" content=\"Les cales de longueur de jambe sont utilis\u00e9es pour augmenter la longueur effective d&#039;une jambe plus courte dans les cas o\u00f9 un cycliste souffre d&#039;une diff\u00e9rence de longueur de jambe. Les signes d&#039;une anomalie peuvent \u00eatre les suivants : a) hyperextension d\u2019un c\u00f4t\u00e9 au plus bas de la p\u00e9dale b) bassin inclin\u00e9 ou cycliste pench\u00e9 d\u2019un c\u00f4t\u00e9 de la selle afin de conserver la connexion avec les p\u00e9dales au plus bas de la course c) une jambe manque d\u2019extension tandis que l\u2019autre se sent juste comme il faut En supposant que la position du cycliste est correcte et que ses jambes ont \u00e9t\u00e9 \u00e9valu\u00e9es comme pr\u00e9sentant une divergence, les probl\u00e8mes ci-dessus pourraient \u00eatre r\u00e9solus avec l\u2019utilisation de cales de longueur de jambe. Le shimming, avec la bonne quantit\u00e9 d&#039;empilement, peut cr\u00e9er une extension de jambe plus \u00e9gale, stabiliser le bassin et conduire \u00e0 un coup de p\u00e9dale plus doux et plus contr\u00f4l\u00e9 sur le c\u00f4t\u00e9 court. Les cales Speedplay fonctionnent avec tous les syst\u00e8mes de cales de route (Wahoo) Speedplay.\" \/>\n<meta property=\"og:url\" content=\"https:\/\/bikefit.lu\/fr\/product\/entretoises-de-compensation-de-longueur-de-jambes-form-4-trous-speedplay-wahoo-speedplay\/\" \/>\n<meta property=\"og:site_name\" content=\"bikefit.lu\" \/>\n<meta property=\"article:modified_time\" content=\"2026-04-01T21:05:14+00:00\" \/>\n<meta property=\"og:image\" content=\"https:\/\/bikefit.lu\/wp-content\/uploads\/2022\/02\/02a-leg-length-shim-speedplay.webp\" \/>\n\t<meta property=\"og:image:width\" content=\"1920\" \/>\n\t<meta property=\"og:image:height\" content=\"1920\" \/>\n\t<meta property=\"og:image:type\" content=\"image\/webp\" \/>\n<meta name=\"twitter:card\" content=\"summary_large_image\" \/>\n<meta name=\"twitter:label1\" content=\"Disponibilit\u00e9\" \/>\n\t<meta name=\"twitter:data1\" content=\"En stock\" \/>\n<script type=\"application\/ld+json\" class=\"yoast-schema-graph\">{\"@context\":\"https:\\\/\\\/schema.org\",\"@graph\":[{\"@type\":\"WebPage\",\"@id\":\"https:\\\/\\\/bikefit.lu\\\/fr\\\/product\\\/entretoises-de-compensation-de-longueur-de-jambes-form-4-trous-speedplay-wahoo-speedplay\\\/\",\"url\":\"https:\\\/\\\/bikefit.lu\\\/fr\\\/product\\\/entretoises-de-compensation-de-longueur-de-jambes-form-4-trous-speedplay-wahoo-speedplay\\\/\",\"name\":\"Entretoises de compensation de longueur de jambes Form\u00ae 4 trous - Speedplay &amp; Wahoo Speedplay - bikefit.lu\",\"isPartOf\":{\"@id\":\"https:\\\/\\\/bikefit.lu\\\/fr\\\/#website\"},\"primaryImageOfPage\":{\"@id\":\"https:\\\/\\\/bikefit.lu\\\/fr\\\/product\\\/entretoises-de-compensation-de-longueur-de-jambes-form-4-trous-speedplay-wahoo-speedplay\\\/#primaryimage\"},\"image\":{\"@id\":\"https:\\\/\\\/bikefit.lu\\\/fr\\\/product\\\/entretoises-de-compensation-de-longueur-de-jambes-form-4-trous-speedplay-wahoo-speedplay\\\/#primaryimage\"},\"thumbnailUrl\":\"https:\\\/\\\/bikefit.lu\\\/wp-content\\\/uploads\\\/2022\\\/02\\\/02a-leg-length-shim-speedplay.webp\",\"datePublished\":\"2022-02-10T22:47:17+00:00\",\"dateModified\":\"2026-04-01T21:05:14+00:00\",\"breadcrumb\":{\"@id\":\"https:\\\/\\\/bikefit.lu\\\/fr\\\/product\\\/entretoises-de-compensation-de-longueur-de-jambes-form-4-trous-speedplay-wahoo-speedplay\\\/#breadcrumb\"},\"inLanguage\":\"fr-FR\",\"potentialAction\":[{\"@type\":\"ReadAction\",\"target\":[\"https:\\\/\\\/bikefit.lu\\\/fr\\\/product\\\/entretoises-de-compensation-de-longueur-de-jambes-form-4-trous-speedplay-wahoo-speedplay\\\/\"]}]},{\"@type\":\"ImageObject\",\"inLanguage\":\"fr-FR\",\"@id\":\"https:\\\/\\\/bikefit.lu\\\/fr\\\/product\\\/entretoises-de-compensation-de-longueur-de-jambes-form-4-trous-speedplay-wahoo-speedplay\\\/#primaryimage\",\"url\":\"https:\\\/\\\/bikefit.lu\\\/wp-content\\\/uploads\\\/2022\\\/02\\\/02a-leg-length-shim-speedplay.webp\",\"contentUrl\":\"https:\\\/\\\/bikefit.lu\\\/wp-content\\\/uploads\\\/2022\\\/02\\\/02a-leg-length-shim-speedplay.webp\",\"width\":1920,\"height\":1920},{\"@type\":\"BreadcrumbList\",\"@id\":\"https:\\\/\\\/bikefit.lu\\\/fr\\\/product\\\/entretoises-de-compensation-de-longueur-de-jambes-form-4-trous-speedplay-wahoo-speedplay\\\/#breadcrumb\",\"itemListElement\":[{\"@type\":\"ListItem\",\"position\":1,\"name\":\"Home\",\"item\":\"https:\\\/\\\/bikefit.lu\\\/fr\\\/\"},{\"@type\":\"ListItem\",\"position\":2,\"name\":\"Produits\",\"item\":\"https:\\\/\\\/bikefit.lu\\\/fr\\\/shop\\\/\"},{\"@type\":\"ListItem\",\"position\":3,\"name\":\"Entretoises de compensation de longueur de jambes Form\u00ae 4 trous &#8211; Speedplay &amp; Wahoo Speedplay\"}]},{\"@type\":\"WebSite\",\"@id\":\"https:\\\/\\\/bikefit.lu\\\/fr\\\/#website\",\"url\":\"https:\\\/\\\/bikefit.lu\\\/fr\\\/\",\"name\":\"bikefit.lu\",\"description\":\"IMPROVING CYCLING\",\"publisher\":{\"@id\":\"https:\\\/\\\/bikefit.lu\\\/fr\\\/#\\\/schema\\\/person\\\/379af1263474d2f8cd1f41c2bd90273d\"},\"potentialAction\":[{\"@type\":\"SearchAction\",\"target\":{\"@type\":\"EntryPoint\",\"urlTemplate\":\"https:\\\/\\\/bikefit.lu\\\/fr\\\/?s={search_term_string}\"},\"query-input\":{\"@type\":\"PropertyValueSpecification\",\"valueRequired\":true,\"valueName\":\"search_term_string\"}}],\"inLanguage\":\"fr-FR\"},{\"@type\":[\"Person\",\"Organization\"],\"@id\":\"https:\\\/\\\/bikefit.lu\\\/fr\\\/#\\\/schema\\\/person\\\/379af1263474d2f8cd1f41c2bd90273d\",\"name\":\"Patrick Guillaume\",\"image\":{\"@type\":\"ImageObject\",\"inLanguage\":\"fr-FR\",\"@id\":\"https:\\\/\\\/bikefit.lu\\\/wp-content\\\/uploads\\\/2024\\\/12\\\/cropped-bikefit-logoURL-RGB-jpg.jpg\",\"url\":\"https:\\\/\\\/bikefit.lu\\\/wp-content\\\/uploads\\\/2024\\\/12\\\/cropped-bikefit-logoURL-RGB-jpg.jpg\",\"contentUrl\":\"https:\\\/\\\/bikefit.lu\\\/wp-content\\\/uploads\\\/2024\\\/12\\\/cropped-bikefit-logoURL-RGB-jpg.jpg\",\"width\":512,\"height\":512,\"caption\":\"Patrick Guillaume\"},\"logo\":{\"@id\":\"https:\\\/\\\/bikefit.lu\\\/wp-content\\\/uploads\\\/2024\\\/12\\\/cropped-bikefit-logoURL-RGB-jpg.jpg\"},\"sameAs\":[\"https:\\\/\\\/bikefit.lu\"],\"honorificPrefix\":\"Mr\",\"birthDate\":\"1966-11-18\",\"gender\":\"male\",\"knowsAbout\":[\"Bike-fitting\"],\"knowsLanguage\":[\"English\",\"French\",\"German\",\"Luxembourgish\"]}]}<\/script>\n<meta property=\"og:availability\" content=\"instock\" \/>\n<meta property=\"product:availability\" content=\"instock\" \/>\n<meta property=\"product:condition\" content=\"new\" \/>\n<!-- \/ Yoast SEO Premium plugin. -->","yoast_head_json":{"title":"Entretoises de compensation de longueur de jambes Form\u00ae 4 trous - Speedplay &amp; Wahoo Speedplay - bikefit.lu","robots":{"index":"index","follow":"follow","max-snippet":"max-snippet:-1","max-image-preview":"max-image-preview:large","max-video-preview":"max-video-preview:-1"},"canonical":"https:\/\/bikefit.lu\/fr\/product\/entretoises-de-compensation-de-longueur-de-jambes-form-4-trous-speedplay-wahoo-speedplay\/","og_locale":"fr_FR","og_type":"article","og_title":"Entretoises de compensation de longueur de jambes Form\u00ae 4 trous - Speedplay &amp; Wahoo Speedplay","og_description":"Les cales de longueur de jambe sont utilis\u00e9es pour augmenter la longueur effective d'une jambe plus courte dans les cas o\u00f9 un cycliste souffre d'une diff\u00e9rence de longueur de jambe. Les signes d'une anomalie peuvent \u00eatre les suivants : a) hyperextension d\u2019un c\u00f4t\u00e9 au plus bas de la p\u00e9dale b) bassin inclin\u00e9 ou cycliste pench\u00e9 d\u2019un c\u00f4t\u00e9 de la selle afin de conserver la connexion avec les p\u00e9dales au plus bas de la course c) une jambe manque d\u2019extension tandis que l\u2019autre se sent juste comme il faut En supposant que la position du cycliste est correcte et que ses jambes ont \u00e9t\u00e9 \u00e9valu\u00e9es comme pr\u00e9sentant une divergence, les probl\u00e8mes ci-dessus pourraient \u00eatre r\u00e9solus avec l\u2019utilisation de cales de longueur de jambe. Le shimming, avec la bonne quantit\u00e9 d'empilement, peut cr\u00e9er une extension de jambe plus \u00e9gale, stabiliser le bassin et conduire \u00e0 un coup de p\u00e9dale plus doux et plus contr\u00f4l\u00e9 sur le c\u00f4t\u00e9 court. Les cales Speedplay fonctionnent avec tous les syst\u00e8mes de cales de route (Wahoo) Speedplay.","og_url":"https:\/\/bikefit.lu\/fr\/product\/entretoises-de-compensation-de-longueur-de-jambes-form-4-trous-speedplay-wahoo-speedplay\/","og_site_name":"bikefit.lu","article_modified_time":"2026-04-01T21:05:14+00:00","og_image":[{"width":1920,"height":1920,"url":"https:\/\/bikefit.lu\/wp-content\/uploads\/2022\/02\/02a-leg-length-shim-speedplay.webp","type":"image\/webp"}],"twitter_card":"summary_large_image","twitter_misc":{"Disponibilit\u00e9":"En stock"},"schema":{"@context":"https:\/\/schema.org","@graph":[{"@type":"WebPage","@id":"https:\/\/bikefit.lu\/fr\/product\/entretoises-de-compensation-de-longueur-de-jambes-form-4-trous-speedplay-wahoo-speedplay\/","url":"https:\/\/bikefit.lu\/fr\/product\/entretoises-de-compensation-de-longueur-de-jambes-form-4-trous-speedplay-wahoo-speedplay\/","name":"Entretoises de compensation de longueur de jambes Form\u00ae 4 trous - Speedplay &amp; Wahoo Speedplay - bikefit.lu","isPartOf":{"@id":"https:\/\/bikefit.lu\/fr\/#website"},"primaryImageOfPage":{"@id":"https:\/\/bikefit.lu\/fr\/product\/entretoises-de-compensation-de-longueur-de-jambes-form-4-trous-speedplay-wahoo-speedplay\/#primaryimage"},"image":{"@id":"https:\/\/bikefit.lu\/fr\/product\/entretoises-de-compensation-de-longueur-de-jambes-form-4-trous-speedplay-wahoo-speedplay\/#primaryimage"},"thumbnailUrl":"https:\/\/bikefit.lu\/wp-content\/uploads\/2022\/02\/02a-leg-length-shim-speedplay.webp","datePublished":"2022-02-10T22:47:17+00:00","dateModified":"2026-04-01T21:05:14+00:00","breadcrumb":{"@id":"https:\/\/bikefit.lu\/fr\/product\/entretoises-de-compensation-de-longueur-de-jambes-form-4-trous-speedplay-wahoo-speedplay\/#breadcrumb"},"inLanguage":"fr-FR","potentialAction":[{"@type":"ReadAction","target":["https:\/\/bikefit.lu\/fr\/product\/entretoises-de-compensation-de-longueur-de-jambes-form-4-trous-speedplay-wahoo-speedplay\/"]}]},{"@type":"ImageObject","inLanguage":"fr-FR","@id":"https:\/\/bikefit.lu\/fr\/product\/entretoises-de-compensation-de-longueur-de-jambes-form-4-trous-speedplay-wahoo-speedplay\/#primaryimage","url":"https:\/\/bikefit.lu\/wp-content\/uploads\/2022\/02\/02a-leg-length-shim-speedplay.webp","contentUrl":"https:\/\/bikefit.lu\/wp-content\/uploads\/2022\/02\/02a-leg-length-shim-speedplay.webp","width":1920,"height":1920},{"@type":"BreadcrumbList","@id":"https:\/\/bikefit.lu\/fr\/product\/entretoises-de-compensation-de-longueur-de-jambes-form-4-trous-speedplay-wahoo-speedplay\/#breadcrumb","itemListElement":[{"@type":"ListItem","position":1,"name":"Home","item":"https:\/\/bikefit.lu\/fr\/"},{"@type":"ListItem","position":2,"name":"Produits","item":"https:\/\/bikefit.lu\/fr\/shop\/"},{"@type":"ListItem","position":3,"name":"Entretoises de compensation de longueur de jambes Form\u00ae 4 trous &#8211; Speedplay &amp; Wahoo Speedplay"}]},{"@type":"WebSite","@id":"https:\/\/bikefit.lu\/fr\/#website","url":"https:\/\/bikefit.lu\/fr\/","name":"bikefit.lu","description":"IMPROVING CYCLING","publisher":{"@id":"https:\/\/bikefit.lu\/fr\/#\/schema\/person\/379af1263474d2f8cd1f41c2bd90273d"},"potentialAction":[{"@type":"SearchAction","target":{"@type":"EntryPoint","urlTemplate":"https:\/\/bikefit.lu\/fr\/?s={search_term_string}"},"query-input":{"@type":"PropertyValueSpecification","valueRequired":true,"valueName":"search_term_string"}}],"inLanguage":"fr-FR"},{"@type":["Person","Organization"],"@id":"https:\/\/bikefit.lu\/fr\/#\/schema\/person\/379af1263474d2f8cd1f41c2bd90273d","name":"Patrick Guillaume","image":{"@type":"ImageObject","inLanguage":"fr-FR","@id":"https:\/\/bikefit.lu\/wp-content\/uploads\/2024\/12\/cropped-bikefit-logoURL-RGB-jpg.jpg","url":"https:\/\/bikefit.lu\/wp-content\/uploads\/2024\/12\/cropped-bikefit-logoURL-RGB-jpg.jpg","contentUrl":"https:\/\/bikefit.lu\/wp-content\/uploads\/2024\/12\/cropped-bikefit-logoURL-RGB-jpg.jpg","width":512,"height":512,"caption":"Patrick Guillaume"},"logo":{"@id":"https:\/\/bikefit.lu\/wp-content\/uploads\/2024\/12\/cropped-bikefit-logoURL-RGB-jpg.jpg"},"sameAs":["https:\/\/bikefit.lu"],"honorificPrefix":"Mr","birthDate":"1966-11-18","gender":"male","knowsAbout":["Bike-fitting"],"knowsLanguage":["English","French","German","Luxembourgish"]}]},"og_availability":"instock","product_availability":"instock","product_condition":"new"},"_links":{"self":[{"href":"https:\/\/bikefit.lu\/fr\/wp-json\/wp\/v2\/product\/79487","targetHints":{"allow":["GET"]}}],"collection":[{"href":"https:\/\/bikefit.lu\/fr\/wp-json\/wp\/v2\/product"}],"about":[{"href":"https:\/\/bikefit.lu\/fr\/wp-json\/wp\/v2\/types\/product"}],"replies":[{"embeddable":true,"href":"https:\/\/bikefit.lu\/fr\/wp-json\/wp\/v2\/comments?post=79487"}],"version-history":[{"count":0,"href":"https:\/\/bikefit.lu\/fr\/wp-json\/wp\/v2\/product\/79487\/revisions"}],"wp:featuredmedia":[{"embeddable":true,"href":"https:\/\/bikefit.lu\/fr\/wp-json\/wp\/v2\/media\/77254"}],"wp:attachment":[{"href":"https:\/\/bikefit.lu\/fr\/wp-json\/wp\/v2\/media?parent=79487"}],"wp:term":[{"taxonomy":"product_brand","embeddable":true,"href":"https:\/\/bikefit.lu\/fr\/wp-json\/wp\/v2\/product_brand?post=79487"},{"taxonomy":"product_cat","embeddable":true,"href":"https:\/\/bikefit.lu\/fr\/wp-json\/wp\/v2\/product_cat?post=79487"},{"taxonomy":"product_tag","embeddable":true,"href":"https:\/\/bikefit.lu\/fr\/wp-json\/wp\/v2\/product_tag?post=79487"}],"curies":[{"name":"wp","href":"https:\/\/api.w.org\/{rel}","templated":true}]}}