{"id":79506,"date":"2022-02-10T15:40:59","date_gmt":"2022-02-10T15:40:59","guid":{"rendered":"https:\/\/staging.bikefit.lu\/shop\/non%20class\u00e9\/coins-davant-pied-form-universel-route-offroad\/"},"modified":"2025-02-26T21:58:29","modified_gmt":"2025-02-26T21:58:29","slug":"coins-davant-pied-form-universel-route-offroad","status":"publish","type":"product","link":"https:\/\/bikefit.lu\/fr\/product\/coins-davant-pied-form-universel-route-offroad\/","title":{"rendered":"Coins d&#8217;avant-pied FORM\u00ae &#8211; universel Route \/ Offroad"},"content":{"rendered":"","protected":false},"excerpt":{"rendered":"<p>Le coin d&#8217;avant-pied est con\u00e7u pour \u00eatre utilis\u00e9e \u00e0 l&#8217;int\u00e9rieur de la chaussure, entre la semelle int\u00e9rieure et la chaussure elle-m\u00eame. Il fournit 1,5 degr\u00e9 d&#8217;inclinaison en varus directement \u00e0 l&#8217;avant-pied, am\u00e9liorant la proprioception et cr\u00e9ant un environnement plus contr\u00f4l\u00e9 \u00e0 l&#8217;int\u00e9rieur de la chaussure. <\/p>\n<p>Contrairement \u00e0 d&#8217;autres mod\u00e8les sur le march\u00e9, le coin FORM ne va pas jusque sous les orteils. Les raisons en sont les suivantes :<\/p>\n<p><em>&#8211; Un mod\u00e8le sans orteils n&#8217;occupe pas d&#8217;espace dans la bo\u00eete \u00e0 orteils, ce qui \u00e9limine la sensation d&#8217;\u00eatre \u00e0 l&#8217;\u00e9troit dont souffrent d&#8217;autres mod\u00e8les.<\/em><\/p>\n<p><em>&#8211; Les orteils du coureur n&#8217;\u00e9tant pas sur\u00e9lev\u00e9s, le coin a plus de pr\u00e9sence sous la plante du pied, ce qui permet une meilleure proprioception.<\/em><\/p>\n<p><em>&#8211; Comme il n&#8217;est pas n\u00e9cessaire de positionner le coin contre la pointe de la chaussure, elle peut \u00eatre positionn\u00e9e de mani\u00e8re beaucoup plus pr\u00e9cise directement sous la plante du pied.<\/em><\/p>\n<p>Le coin est disponible en une seule taille et peut \u00eatre ajust\u00e9e pour s&#8217;adapter \u00e0 diff\u00e9rentes largeurs de chaussures (voir le fichier joint).<\/p>\n","protected":false},"featured_media":88376,"comment_status":"closed","ping_status":"closed","template":"","meta":[],"product_brand":[],"product_cat":[4783,4826,4785],"product_tag":[5071,5049,5052,4824,5124,5190],"class_list":{"0":"post-79506","1":"product","2":"type-product","3":"status-publish","4":"has-post-thumbnail","6":"product_cat-offroad-fr-2","7":"product_cat-foot-pedal-interface-fr","8":"product_cat-road-fr","9":"product_tag-foot-pedal-interface-fr","10":"product_tag-forefoot-wedges-fr","11":"product_tag-form-fr","12":"product_tag-offroad-fr","13":"product_tag-road-fr","14":"product_tag-universel-fr","15":"product_shipping_class-format-xs-fr","17":"first","18":"instock","19":"taxable","20":"shipping-taxable","21":"purchasable","22":"product-type-variable"},"yoast_head":"<!-- This site is optimized with the Yoast SEO Premium plugin v27.3 (Yoast SEO v27.3) - https:\/\/yoast.com\/product\/yoast-seo-premium-wordpress\/ -->\n<title>Coins d&#039;avant-pied FORM\u00ae - universel Route \/ Offroad - bikefit.lu<\/title>\n<meta name=\"robots\" content=\"index, follow, max-snippet:-1, max-image-preview:large, max-video-preview:-1\" \/>\n<link rel=\"canonical\" href=\"https:\/\/bikefit.lu\/fr\/product\/coins-davant-pied-form-universel-route-offroad\/\" \/>\n<meta property=\"og:locale\" content=\"fr_FR\" \/>\n<meta property=\"og:type\" content=\"article\" \/>\n<meta property=\"og:title\" content=\"Coins d&#039;avant-pied FORM\u00ae - universel Route \/ Offroad\" \/>\n<meta property=\"og:description\" content=\"Le coin d&#039;avant-pied est con\u00e7u pour \u00eatre utilis\u00e9e \u00e0 l&#039;int\u00e9rieur de la chaussure, entre la semelle int\u00e9rieure et la chaussure elle-m\u00eame. Il fournit 1,5 degr\u00e9 d&#039;inclinaison en varus directement \u00e0 l&#039;avant-pied, am\u00e9liorant la proprioception et cr\u00e9ant un environnement plus contr\u00f4l\u00e9 \u00e0 l&#039;int\u00e9rieur de la chaussure.  Contrairement \u00e0 d&#039;autres mod\u00e8les sur le march\u00e9, le coin FORM ne va pas jusque sous les orteils. Les raisons en sont les suivantes : - Un mod\u00e8le sans orteils n&#039;occupe pas d&#039;espace dans la bo\u00eete \u00e0 orteils, ce qui \u00e9limine la sensation d&#039;\u00eatre \u00e0 l&#039;\u00e9troit dont souffrent d&#039;autres mod\u00e8les. - Les orteils du coureur n&#039;\u00e9tant pas sur\u00e9lev\u00e9s, le coin a plus de pr\u00e9sence sous la plante du pied, ce qui permet une meilleure proprioception. - Comme il n&#039;est pas n\u00e9cessaire de positionner le coin contre la pointe de la chaussure, elle peut \u00eatre positionn\u00e9e de mani\u00e8re beaucoup plus pr\u00e9cise directement sous la plante du pied. Le coin est disponible en une seule taille et peut \u00eatre ajust\u00e9e pour s&#039;adapter \u00e0 diff\u00e9rentes largeurs de chaussures (voir le fichier joint).\" \/>\n<meta property=\"og:url\" content=\"https:\/\/bikefit.lu\/fr\/product\/coins-davant-pied-form-universel-route-offroad\/\" \/>\n<meta property=\"og:site_name\" content=\"bikefit.lu\" \/>\n<meta property=\"article:modified_time\" content=\"2025-02-26T21:58:29+00:00\" \/>\n<meta property=\"og:image\" content=\"https:\/\/bikefit.lu\/wp-content\/uploads\/2024\/12\/06-forefoot-wedge.webp\" \/>\n\t<meta property=\"og:image:width\" content=\"1920\" \/>\n\t<meta property=\"og:image:height\" content=\"1920\" \/>\n\t<meta property=\"og:image:type\" content=\"image\/webp\" \/>\n<meta name=\"twitter:card\" content=\"summary_large_image\" \/>\n<meta name=\"twitter:label1\" content=\"Disponibilit\u00e9\" \/>\n\t<meta name=\"twitter:data1\" content=\"En stock\" \/>\n<script type=\"application\/ld+json\" class=\"yoast-schema-graph\">{\"@context\":\"https:\\\/\\\/schema.org\",\"@graph\":[{\"@type\":\"WebPage\",\"@id\":\"https:\\\/\\\/bikefit.lu\\\/fr\\\/product\\\/coins-davant-pied-form-universel-route-offroad\\\/\",\"url\":\"https:\\\/\\\/bikefit.lu\\\/fr\\\/product\\\/coins-davant-pied-form-universel-route-offroad\\\/\",\"name\":\"Coins d'avant-pied FORM\u00ae - universel Route \\\/ Offroad - bikefit.lu\",\"isPartOf\":{\"@id\":\"https:\\\/\\\/bikefit.lu\\\/fr\\\/#website\"},\"primaryImageOfPage\":{\"@id\":\"https:\\\/\\\/bikefit.lu\\\/fr\\\/product\\\/coins-davant-pied-form-universel-route-offroad\\\/#primaryimage\"},\"image\":{\"@id\":\"https:\\\/\\\/bikefit.lu\\\/fr\\\/product\\\/coins-davant-pied-form-universel-route-offroad\\\/#primaryimage\"},\"thumbnailUrl\":\"https:\\\/\\\/bikefit.lu\\\/wp-content\\\/uploads\\\/2024\\\/12\\\/06-forefoot-wedge.webp\",\"datePublished\":\"2022-02-10T15:40:59+00:00\",\"dateModified\":\"2025-02-26T21:58:29+00:00\",\"breadcrumb\":{\"@id\":\"https:\\\/\\\/bikefit.lu\\\/fr\\\/product\\\/coins-davant-pied-form-universel-route-offroad\\\/#breadcrumb\"},\"inLanguage\":\"fr-FR\",\"potentialAction\":[{\"@type\":\"ReadAction\",\"target\":[\"https:\\\/\\\/bikefit.lu\\\/fr\\\/product\\\/coins-davant-pied-form-universel-route-offroad\\\/\"]}]},{\"@type\":\"ImageObject\",\"inLanguage\":\"fr-FR\",\"@id\":\"https:\\\/\\\/bikefit.lu\\\/fr\\\/product\\\/coins-davant-pied-form-universel-route-offroad\\\/#primaryimage\",\"url\":\"https:\\\/\\\/bikefit.lu\\\/wp-content\\\/uploads\\\/2024\\\/12\\\/06-forefoot-wedge.webp\",\"contentUrl\":\"https:\\\/\\\/bikefit.lu\\\/wp-content\\\/uploads\\\/2024\\\/12\\\/06-forefoot-wedge.webp\",\"width\":1920,\"height\":1920},{\"@type\":\"BreadcrumbList\",\"@id\":\"https:\\\/\\\/bikefit.lu\\\/fr\\\/product\\\/coins-davant-pied-form-universel-route-offroad\\\/#breadcrumb\",\"itemListElement\":[{\"@type\":\"ListItem\",\"position\":1,\"name\":\"Home\",\"item\":\"https:\\\/\\\/bikefit.lu\\\/fr\\\/\"},{\"@type\":\"ListItem\",\"position\":2,\"name\":\"Produits\",\"item\":\"https:\\\/\\\/bikefit.lu\\\/fr\\\/shop\\\/\"},{\"@type\":\"ListItem\",\"position\":3,\"name\":\"Coins d&#8217;avant-pied FORM\u00ae &#8211; universel Route \\\/ Offroad\"}]},{\"@type\":\"WebSite\",\"@id\":\"https:\\\/\\\/bikefit.lu\\\/fr\\\/#website\",\"url\":\"https:\\\/\\\/bikefit.lu\\\/fr\\\/\",\"name\":\"bikefit.lu\",\"description\":\"IMPROVING CYCLING\",\"publisher\":{\"@id\":\"https:\\\/\\\/bikefit.lu\\\/fr\\\/#\\\/schema\\\/person\\\/379af1263474d2f8cd1f41c2bd90273d\"},\"potentialAction\":[{\"@type\":\"SearchAction\",\"target\":{\"@type\":\"EntryPoint\",\"urlTemplate\":\"https:\\\/\\\/bikefit.lu\\\/fr\\\/?s={search_term_string}\"},\"query-input\":{\"@type\":\"PropertyValueSpecification\",\"valueRequired\":true,\"valueName\":\"search_term_string\"}}],\"inLanguage\":\"fr-FR\"},{\"@type\":[\"Person\",\"Organization\"],\"@id\":\"https:\\\/\\\/bikefit.lu\\\/fr\\\/#\\\/schema\\\/person\\\/379af1263474d2f8cd1f41c2bd90273d\",\"name\":\"Patrick Guillaume\",\"image\":{\"@type\":\"ImageObject\",\"inLanguage\":\"fr-FR\",\"@id\":\"https:\\\/\\\/bikefit.lu\\\/wp-content\\\/uploads\\\/2024\\\/12\\\/cropped-bikefit-logoURL-RGB-jpg.jpg\",\"url\":\"https:\\\/\\\/bikefit.lu\\\/wp-content\\\/uploads\\\/2024\\\/12\\\/cropped-bikefit-logoURL-RGB-jpg.jpg\",\"contentUrl\":\"https:\\\/\\\/bikefit.lu\\\/wp-content\\\/uploads\\\/2024\\\/12\\\/cropped-bikefit-logoURL-RGB-jpg.jpg\",\"width\":512,\"height\":512,\"caption\":\"Patrick Guillaume\"},\"logo\":{\"@id\":\"https:\\\/\\\/bikefit.lu\\\/wp-content\\\/uploads\\\/2024\\\/12\\\/cropped-bikefit-logoURL-RGB-jpg.jpg\"},\"sameAs\":[\"https:\\\/\\\/bikefit.lu\"],\"honorificPrefix\":\"Mr\",\"birthDate\":\"1966-11-18\",\"gender\":\"male\",\"knowsAbout\":[\"Bike-fitting\"],\"knowsLanguage\":[\"English\",\"French\",\"German\",\"Luxembourgish\"]}]}<\/script>\n<meta property=\"og:availability\" content=\"instock\" \/>\n<meta property=\"product:availability\" content=\"instock\" \/>\n<meta property=\"product:condition\" content=\"new\" \/>\n<!-- \/ Yoast SEO Premium plugin. -->","yoast_head_json":{"title":"Coins d'avant-pied FORM\u00ae - universel Route \/ Offroad - bikefit.lu","robots":{"index":"index","follow":"follow","max-snippet":"max-snippet:-1","max-image-preview":"max-image-preview:large","max-video-preview":"max-video-preview:-1"},"canonical":"https:\/\/bikefit.lu\/fr\/product\/coins-davant-pied-form-universel-route-offroad\/","og_locale":"fr_FR","og_type":"article","og_title":"Coins d'avant-pied FORM\u00ae - universel Route \/ Offroad","og_description":"Le coin d'avant-pied est con\u00e7u pour \u00eatre utilis\u00e9e \u00e0 l'int\u00e9rieur de la chaussure, entre la semelle int\u00e9rieure et la chaussure elle-m\u00eame. Il fournit 1,5 degr\u00e9 d'inclinaison en varus directement \u00e0 l'avant-pied, am\u00e9liorant la proprioception et cr\u00e9ant un environnement plus contr\u00f4l\u00e9 \u00e0 l'int\u00e9rieur de la chaussure.  Contrairement \u00e0 d'autres mod\u00e8les sur le march\u00e9, le coin FORM ne va pas jusque sous les orteils. Les raisons en sont les suivantes : - Un mod\u00e8le sans orteils n'occupe pas d'espace dans la bo\u00eete \u00e0 orteils, ce qui \u00e9limine la sensation d'\u00eatre \u00e0 l'\u00e9troit dont souffrent d'autres mod\u00e8les. - Les orteils du coureur n'\u00e9tant pas sur\u00e9lev\u00e9s, le coin a plus de pr\u00e9sence sous la plante du pied, ce qui permet une meilleure proprioception. - Comme il n'est pas n\u00e9cessaire de positionner le coin contre la pointe de la chaussure, elle peut \u00eatre positionn\u00e9e de mani\u00e8re beaucoup plus pr\u00e9cise directement sous la plante du pied. Le coin est disponible en une seule taille et peut \u00eatre ajust\u00e9e pour s'adapter \u00e0 diff\u00e9rentes largeurs de chaussures (voir le fichier joint).","og_url":"https:\/\/bikefit.lu\/fr\/product\/coins-davant-pied-form-universel-route-offroad\/","og_site_name":"bikefit.lu","article_modified_time":"2025-02-26T21:58:29+00:00","og_image":[{"width":1920,"height":1920,"url":"https:\/\/bikefit.lu\/wp-content\/uploads\/2024\/12\/06-forefoot-wedge.webp","type":"image\/webp"}],"twitter_card":"summary_large_image","twitter_misc":{"Disponibilit\u00e9":"En stock"},"schema":{"@context":"https:\/\/schema.org","@graph":[{"@type":"WebPage","@id":"https:\/\/bikefit.lu\/fr\/product\/coins-davant-pied-form-universel-route-offroad\/","url":"https:\/\/bikefit.lu\/fr\/product\/coins-davant-pied-form-universel-route-offroad\/","name":"Coins d'avant-pied FORM\u00ae - universel Route \/ Offroad - bikefit.lu","isPartOf":{"@id":"https:\/\/bikefit.lu\/fr\/#website"},"primaryImageOfPage":{"@id":"https:\/\/bikefit.lu\/fr\/product\/coins-davant-pied-form-universel-route-offroad\/#primaryimage"},"image":{"@id":"https:\/\/bikefit.lu\/fr\/product\/coins-davant-pied-form-universel-route-offroad\/#primaryimage"},"thumbnailUrl":"https:\/\/bikefit.lu\/wp-content\/uploads\/2024\/12\/06-forefoot-wedge.webp","datePublished":"2022-02-10T15:40:59+00:00","dateModified":"2025-02-26T21:58:29+00:00","breadcrumb":{"@id":"https:\/\/bikefit.lu\/fr\/product\/coins-davant-pied-form-universel-route-offroad\/#breadcrumb"},"inLanguage":"fr-FR","potentialAction":[{"@type":"ReadAction","target":["https:\/\/bikefit.lu\/fr\/product\/coins-davant-pied-form-universel-route-offroad\/"]}]},{"@type":"ImageObject","inLanguage":"fr-FR","@id":"https:\/\/bikefit.lu\/fr\/product\/coins-davant-pied-form-universel-route-offroad\/#primaryimage","url":"https:\/\/bikefit.lu\/wp-content\/uploads\/2024\/12\/06-forefoot-wedge.webp","contentUrl":"https:\/\/bikefit.lu\/wp-content\/uploads\/2024\/12\/06-forefoot-wedge.webp","width":1920,"height":1920},{"@type":"BreadcrumbList","@id":"https:\/\/bikefit.lu\/fr\/product\/coins-davant-pied-form-universel-route-offroad\/#breadcrumb","itemListElement":[{"@type":"ListItem","position":1,"name":"Home","item":"https:\/\/bikefit.lu\/fr\/"},{"@type":"ListItem","position":2,"name":"Produits","item":"https:\/\/bikefit.lu\/fr\/shop\/"},{"@type":"ListItem","position":3,"name":"Coins d&#8217;avant-pied FORM\u00ae &#8211; universel Route \/ Offroad"}]},{"@type":"WebSite","@id":"https:\/\/bikefit.lu\/fr\/#website","url":"https:\/\/bikefit.lu\/fr\/","name":"bikefit.lu","description":"IMPROVING CYCLING","publisher":{"@id":"https:\/\/bikefit.lu\/fr\/#\/schema\/person\/379af1263474d2f8cd1f41c2bd90273d"},"potentialAction":[{"@type":"SearchAction","target":{"@type":"EntryPoint","urlTemplate":"https:\/\/bikefit.lu\/fr\/?s={search_term_string}"},"query-input":{"@type":"PropertyValueSpecification","valueRequired":true,"valueName":"search_term_string"}}],"inLanguage":"fr-FR"},{"@type":["Person","Organization"],"@id":"https:\/\/bikefit.lu\/fr\/#\/schema\/person\/379af1263474d2f8cd1f41c2bd90273d","name":"Patrick Guillaume","image":{"@type":"ImageObject","inLanguage":"fr-FR","@id":"https:\/\/bikefit.lu\/wp-content\/uploads\/2024\/12\/cropped-bikefit-logoURL-RGB-jpg.jpg","url":"https:\/\/bikefit.lu\/wp-content\/uploads\/2024\/12\/cropped-bikefit-logoURL-RGB-jpg.jpg","contentUrl":"https:\/\/bikefit.lu\/wp-content\/uploads\/2024\/12\/cropped-bikefit-logoURL-RGB-jpg.jpg","width":512,"height":512,"caption":"Patrick Guillaume"},"logo":{"@id":"https:\/\/bikefit.lu\/wp-content\/uploads\/2024\/12\/cropped-bikefit-logoURL-RGB-jpg.jpg"},"sameAs":["https:\/\/bikefit.lu"],"honorificPrefix":"Mr","birthDate":"1966-11-18","gender":"male","knowsAbout":["Bike-fitting"],"knowsLanguage":["English","French","German","Luxembourgish"]}]},"og_availability":"instock","product_availability":"instock","product_condition":"new"},"_links":{"self":[{"href":"https:\/\/bikefit.lu\/fr\/wp-json\/wp\/v2\/product\/79506","targetHints":{"allow":["GET"]}}],"collection":[{"href":"https:\/\/bikefit.lu\/fr\/wp-json\/wp\/v2\/product"}],"about":[{"href":"https:\/\/bikefit.lu\/fr\/wp-json\/wp\/v2\/types\/product"}],"replies":[{"embeddable":true,"href":"https:\/\/bikefit.lu\/fr\/wp-json\/wp\/v2\/comments?post=79506"}],"version-history":[{"count":0,"href":"https:\/\/bikefit.lu\/fr\/wp-json\/wp\/v2\/product\/79506\/revisions"}],"wp:featuredmedia":[{"embeddable":true,"href":"https:\/\/bikefit.lu\/fr\/wp-json\/wp\/v2\/media\/88376"}],"wp:attachment":[{"href":"https:\/\/bikefit.lu\/fr\/wp-json\/wp\/v2\/media?parent=79506"}],"wp:term":[{"taxonomy":"product_brand","embeddable":true,"href":"https:\/\/bikefit.lu\/fr\/wp-json\/wp\/v2\/product_brand?post=79506"},{"taxonomy":"product_cat","embeddable":true,"href":"https:\/\/bikefit.lu\/fr\/wp-json\/wp\/v2\/product_cat?post=79506"},{"taxonomy":"product_tag","embeddable":true,"href":"https:\/\/bikefit.lu\/fr\/wp-json\/wp\/v2\/product_tag?post=79506"}],"curies":[{"name":"wp","href":"https:\/\/api.w.org\/{rel}","templated":true}]}}