{"id":79521,"date":"2022-02-06T16:07:21","date_gmt":"2022-02-06T16:07:21","guid":{"rendered":"https:\/\/staging.bikefit.lu\/shop\/non%20class\u00e9\/form-cales-de-longueur-de-jambe-mtb-walkable-v2-kit\/"},"modified":"2026-02-27T10:48:32","modified_gmt":"2026-02-27T09:48:32","slug":"form-cales-de-longueur-de-jambe-mtb-walkable-v2-kit","status":"publish","type":"product","link":"https:\/\/bikefit.lu\/fr\/product\/form-cales-de-longueur-de-jambe-mtb-walkable-v2-kit\/","title":{"rendered":"FORM\u00ae Cales de longueur de jambe &#8211; MTB walkable V2 (kit)"},"content":{"rendered":"<p><strong>CRIT\u00c8RES D&#8217;UTILISATION<\/strong><\/p>\n<p>Les cales de longueur de jambe sont utilis\u00e9es pour augmenter la longueur effective d&#8217;une jambe plus courte dans les cas o\u00f9 un cycliste souffre d&#8217;une diff\u00e9rence de longueur de jambe. Les signes d&#8217;une anomalie peuvent \u00eatre les suivants :<\/p>\n<p><strong>a) le pied du c\u00f4t\u00e9 de la jambe courte doit aller chercher plus loin en position p\u00e9dale basse<br \/>\n<\/strong><strong>b) le bassin est inclin\u00e9 ou le cycliste se penche d&#8217;un c\u00f4t\u00e9 de la selle pour rester en contact avec les p\u00e9dales<br \/>\n<\/strong><strong>c) sensation d&#8217;une jambe insuffisamment tendue alors que l&#8217;autre se sent bien<\/strong><\/p>\n<p>En supposant qu&#8217;un cycliste ait \u00e9t\u00e9 \u00e9valu\u00e9 comme pr\u00e9sentant un \u00e9cart, les probl\u00e8mes ci-dessus pourraient \u00eatre r\u00e9solus en utilisant des cales de longueur de jambe. Le shimming cr\u00e9e une extension plus \u00e9gale des jambes, stabilise le bassin et permet un coup de p\u00e9dale plus fluide et mieux contr\u00f4l\u00e9. <\/p>\n<p><em><strong>* La cale V2 est compatible avec toutes les cales de type MTB, y compris SPD, Time ATAC, Crank Bros et Look X-Track.<\/strong><\/em><u><br \/>\n<\/u><\/p>\n<p>LE KIT COMPREND : corps principal de 3 mm \/ plaque de taquet \/ rehausseur de 2 mm \/ rehausseur de 1 mm \/ 2 vis de 16 mm et 2 vis de 18 mm<\/p>\n","protected":false},"excerpt":{"rendered":"<p>Les cales VTT de FORM en instance de brevet sont les seules cales SPD &#8220;marchables&#8221; du march\u00e9 et ont \u00e9t\u00e9 d\u00e9velopp\u00e9es sp\u00e9cifiquement pour surmonter les probl\u00e8mes inh\u00e9rents aux conceptions traditionnelles de cales VTT ;<\/p>\n<p><strong>&#8211; une difficult\u00e9 \u00e0 marcher ou \u00e0 clipser<br \/>\n<\/strong><strong>&#8211; une connexion bancale et instable avec les p\u00e9dales<\/strong><\/p>\n<p>Le produit de FORM r\u00e9sout ces probl\u00e8mes en utilisant :<\/p>\n<p><strong><em>&#8211; 2 zones de contact au sol parall\u00e8les pour prot\u00e9ger la cale et ajouter de la stabilit\u00e9 en \u00e9tant engag\u00e9 dans la p\u00e9dale<br \/>\n<\/em><\/strong><strong><em>&#8211; un avant chanfrein\u00e9, ce qui facilitent l&#8217;engagement de la cale<br \/>\n<\/em><\/strong><strong><em>&#8211; deux tiges qui s&#8217;engagent dans la semelle pour emp\u00eacher la rotation<\/em><\/strong><\/p>\n<p>Ces cales sont id\u00e9ales pour le gravel, le cyclocross ou le VTT cross-country o\u00f9 l&#8217;on passe relativement beaucoup de temps \u00e0 p\u00e9daler assis, et conviennent le mieux aux chaussures de VTT rigides traditionnelles.<\/p>\n","protected":false},"featured_media":77263,"comment_status":"closed","ping_status":"closed","template":"","meta":[],"product_brand":[],"product_cat":[4783,4826],"product_tag":[5071,5052,4824,5104],"class_list":{"0":"post-79521","1":"product","2":"type-product","3":"status-publish","4":"has-post-thumbnail","6":"product_cat-offroad-fr-2","7":"product_cat-foot-pedal-interface-fr","8":"product_tag-foot-pedal-interface-fr","9":"product_tag-form-fr","10":"product_tag-offroad-fr","11":"product_tag-shims","12":"product_shipping_class-format-s-fr","14":"first","15":"instock","16":"taxable","17":"shipping-taxable","18":"purchasable","19":"product-type-simple"},"yoast_head":"<!-- This site is optimized with the Yoast SEO Premium plugin v27.3 (Yoast SEO v27.3) - https:\/\/yoast.com\/product\/yoast-seo-premium-wordpress\/ -->\n<title>FORM\u00ae Cales de longueur de jambe - MTB walkable V2 (kit) - bikefit.lu<\/title>\n<meta name=\"robots\" content=\"index, follow, max-snippet:-1, max-image-preview:large, max-video-preview:-1\" \/>\n<link rel=\"canonical\" href=\"https:\/\/bikefit.lu\/fr\/product\/form-cales-de-longueur-de-jambe-mtb-walkable-v2-kit\/\" \/>\n<meta property=\"og:locale\" content=\"fr_FR\" \/>\n<meta property=\"og:type\" content=\"article\" \/>\n<meta property=\"og:title\" content=\"FORM\u00ae Cales de longueur de jambe - MTB walkable V2 (kit)\" \/>\n<meta property=\"og:description\" content=\"Les cales VTT de FORM en instance de brevet sont les seules cales SPD &quot;marchables&quot; du march\u00e9 et ont \u00e9t\u00e9 d\u00e9velopp\u00e9es sp\u00e9cifiquement pour surmonter les probl\u00e8mes inh\u00e9rents aux conceptions traditionnelles de cales VTT ; - une difficult\u00e9 \u00e0 marcher ou \u00e0 clipser - une connexion bancale et instable avec les p\u00e9dales Le produit de FORM r\u00e9sout ces probl\u00e8mes en utilisant : - 2 zones de contact au sol parall\u00e8les pour prot\u00e9ger la cale et ajouter de la stabilit\u00e9 en \u00e9tant engag\u00e9 dans la p\u00e9dale - un avant chanfrein\u00e9, ce qui facilitent l&#039;engagement de la cale - deux tiges qui s&#039;engagent dans la semelle pour emp\u00eacher la rotation Ces cales sont id\u00e9ales pour le gravel, le cyclocross ou le VTT cross-country o\u00f9 l&#039;on passe relativement beaucoup de temps \u00e0 p\u00e9daler assis, et conviennent le mieux aux chaussures de VTT rigides traditionnelles.\" \/>\n<meta property=\"og:url\" content=\"https:\/\/bikefit.lu\/fr\/product\/form-cales-de-longueur-de-jambe-mtb-walkable-v2-kit\/\" \/>\n<meta property=\"og:site_name\" content=\"bikefit.lu\" \/>\n<meta property=\"article:modified_time\" content=\"2026-02-27T09:48:32+00:00\" \/>\n<meta property=\"og:image\" content=\"https:\/\/bikefit.lu\/wp-content\/uploads\/2022\/02\/leg-length-shim-v2-mtb.webp\" \/>\n\t<meta property=\"og:image:width\" content=\"1920\" \/>\n\t<meta property=\"og:image:height\" content=\"1920\" \/>\n\t<meta property=\"og:image:type\" content=\"image\/webp\" \/>\n<meta name=\"twitter:card\" content=\"summary_large_image\" \/>\n<meta name=\"twitter:label1\" content=\"Prix\" \/>\n\t<meta name=\"twitter:data1\" content=\"29,50&nbsp;&euro;\" \/>\n\t<meta name=\"twitter:label2\" content=\"Disponibilit\u00e9\" \/>\n\t<meta name=\"twitter:data2\" content=\"En stock\" \/>\n<script type=\"application\/ld+json\" class=\"yoast-schema-graph\">{\"@context\":\"https:\\\/\\\/schema.org\",\"@graph\":[{\"@type\":\"WebPage\",\"@id\":\"https:\\\/\\\/bikefit.lu\\\/fr\\\/product\\\/form-cales-de-longueur-de-jambe-mtb-walkable-v2-kit\\\/\",\"url\":\"https:\\\/\\\/bikefit.lu\\\/fr\\\/product\\\/form-cales-de-longueur-de-jambe-mtb-walkable-v2-kit\\\/\",\"name\":\"FORM\u00ae Cales de longueur de jambe - MTB walkable V2 (kit) - bikefit.lu\",\"isPartOf\":{\"@id\":\"https:\\\/\\\/bikefit.lu\\\/fr\\\/#website\"},\"primaryImageOfPage\":{\"@id\":\"https:\\\/\\\/bikefit.lu\\\/fr\\\/product\\\/form-cales-de-longueur-de-jambe-mtb-walkable-v2-kit\\\/#primaryimage\"},\"image\":{\"@id\":\"https:\\\/\\\/bikefit.lu\\\/fr\\\/product\\\/form-cales-de-longueur-de-jambe-mtb-walkable-v2-kit\\\/#primaryimage\"},\"thumbnailUrl\":\"https:\\\/\\\/bikefit.lu\\\/wp-content\\\/uploads\\\/2022\\\/02\\\/leg-length-shim-v2-mtb.webp\",\"datePublished\":\"2022-02-06T16:07:21+00:00\",\"dateModified\":\"2026-02-27T09:48:32+00:00\",\"breadcrumb\":{\"@id\":\"https:\\\/\\\/bikefit.lu\\\/fr\\\/product\\\/form-cales-de-longueur-de-jambe-mtb-walkable-v2-kit\\\/#breadcrumb\"},\"inLanguage\":\"fr-FR\",\"potentialAction\":[{\"@type\":\"ReadAction\",\"target\":[\"https:\\\/\\\/bikefit.lu\\\/fr\\\/product\\\/form-cales-de-longueur-de-jambe-mtb-walkable-v2-kit\\\/\"]}]},{\"@type\":\"ImageObject\",\"inLanguage\":\"fr-FR\",\"@id\":\"https:\\\/\\\/bikefit.lu\\\/fr\\\/product\\\/form-cales-de-longueur-de-jambe-mtb-walkable-v2-kit\\\/#primaryimage\",\"url\":\"https:\\\/\\\/bikefit.lu\\\/wp-content\\\/uploads\\\/2022\\\/02\\\/leg-length-shim-v2-mtb.webp\",\"contentUrl\":\"https:\\\/\\\/bikefit.lu\\\/wp-content\\\/uploads\\\/2022\\\/02\\\/leg-length-shim-v2-mtb.webp\",\"width\":1920,\"height\":1920},{\"@type\":\"BreadcrumbList\",\"@id\":\"https:\\\/\\\/bikefit.lu\\\/fr\\\/product\\\/form-cales-de-longueur-de-jambe-mtb-walkable-v2-kit\\\/#breadcrumb\",\"itemListElement\":[{\"@type\":\"ListItem\",\"position\":1,\"name\":\"Home\",\"item\":\"https:\\\/\\\/bikefit.lu\\\/fr\\\/\"},{\"@type\":\"ListItem\",\"position\":2,\"name\":\"Produits\",\"item\":\"https:\\\/\\\/bikefit.lu\\\/fr\\\/shop\\\/\"},{\"@type\":\"ListItem\",\"position\":3,\"name\":\"FORM\u00ae Cales de longueur de jambe &#8211; MTB walkable V2 (kit)\"}]},{\"@type\":\"WebSite\",\"@id\":\"https:\\\/\\\/bikefit.lu\\\/fr\\\/#website\",\"url\":\"https:\\\/\\\/bikefit.lu\\\/fr\\\/\",\"name\":\"bikefit.lu\",\"description\":\"IMPROVING CYCLING\",\"publisher\":{\"@id\":\"https:\\\/\\\/bikefit.lu\\\/fr\\\/#\\\/schema\\\/person\\\/379af1263474d2f8cd1f41c2bd90273d\"},\"potentialAction\":[{\"@type\":\"SearchAction\",\"target\":{\"@type\":\"EntryPoint\",\"urlTemplate\":\"https:\\\/\\\/bikefit.lu\\\/fr\\\/?s={search_term_string}\"},\"query-input\":{\"@type\":\"PropertyValueSpecification\",\"valueRequired\":true,\"valueName\":\"search_term_string\"}}],\"inLanguage\":\"fr-FR\"},{\"@type\":[\"Person\",\"Organization\"],\"@id\":\"https:\\\/\\\/bikefit.lu\\\/fr\\\/#\\\/schema\\\/person\\\/379af1263474d2f8cd1f41c2bd90273d\",\"name\":\"Patrick Guillaume\",\"image\":{\"@type\":\"ImageObject\",\"inLanguage\":\"fr-FR\",\"@id\":\"https:\\\/\\\/bikefit.lu\\\/wp-content\\\/uploads\\\/2024\\\/12\\\/cropped-bikefit-logoURL-RGB-jpg.jpg\",\"url\":\"https:\\\/\\\/bikefit.lu\\\/wp-content\\\/uploads\\\/2024\\\/12\\\/cropped-bikefit-logoURL-RGB-jpg.jpg\",\"contentUrl\":\"https:\\\/\\\/bikefit.lu\\\/wp-content\\\/uploads\\\/2024\\\/12\\\/cropped-bikefit-logoURL-RGB-jpg.jpg\",\"width\":512,\"height\":512,\"caption\":\"Patrick Guillaume\"},\"logo\":{\"@id\":\"https:\\\/\\\/bikefit.lu\\\/wp-content\\\/uploads\\\/2024\\\/12\\\/cropped-bikefit-logoURL-RGB-jpg.jpg\"},\"sameAs\":[\"https:\\\/\\\/bikefit.lu\"],\"honorificPrefix\":\"Mr\",\"birthDate\":\"1966-11-18\",\"gender\":\"male\",\"knowsAbout\":[\"Bike-fitting\"],\"knowsLanguage\":[\"English\",\"French\",\"German\",\"Luxembourgish\"]}]}<\/script>\n<meta property=\"product:price:amount\" content=\"29.50\" \/>\n<meta property=\"product:price:currency\" content=\"EUR\" \/>\n<meta property=\"og:availability\" content=\"instock\" \/>\n<meta property=\"product:availability\" content=\"instock\" \/>\n<meta property=\"product:condition\" content=\"new\" \/>\n<!-- \/ Yoast SEO Premium plugin. -->","yoast_head_json":{"title":"FORM\u00ae Cales de longueur de jambe - MTB walkable V2 (kit) - bikefit.lu","robots":{"index":"index","follow":"follow","max-snippet":"max-snippet:-1","max-image-preview":"max-image-preview:large","max-video-preview":"max-video-preview:-1"},"canonical":"https:\/\/bikefit.lu\/fr\/product\/form-cales-de-longueur-de-jambe-mtb-walkable-v2-kit\/","og_locale":"fr_FR","og_type":"article","og_title":"FORM\u00ae Cales de longueur de jambe - MTB walkable V2 (kit)","og_description":"Les cales VTT de FORM en instance de brevet sont les seules cales SPD \"marchables\" du march\u00e9 et ont \u00e9t\u00e9 d\u00e9velopp\u00e9es sp\u00e9cifiquement pour surmonter les probl\u00e8mes inh\u00e9rents aux conceptions traditionnelles de cales VTT ; - une difficult\u00e9 \u00e0 marcher ou \u00e0 clipser - une connexion bancale et instable avec les p\u00e9dales Le produit de FORM r\u00e9sout ces probl\u00e8mes en utilisant : - 2 zones de contact au sol parall\u00e8les pour prot\u00e9ger la cale et ajouter de la stabilit\u00e9 en \u00e9tant engag\u00e9 dans la p\u00e9dale - un avant chanfrein\u00e9, ce qui facilitent l'engagement de la cale - deux tiges qui s'engagent dans la semelle pour emp\u00eacher la rotation Ces cales sont id\u00e9ales pour le gravel, le cyclocross ou le VTT cross-country o\u00f9 l'on passe relativement beaucoup de temps \u00e0 p\u00e9daler assis, et conviennent le mieux aux chaussures de VTT rigides traditionnelles.","og_url":"https:\/\/bikefit.lu\/fr\/product\/form-cales-de-longueur-de-jambe-mtb-walkable-v2-kit\/","og_site_name":"bikefit.lu","article_modified_time":"2026-02-27T09:48:32+00:00","og_image":[{"width":1920,"height":1920,"url":"https:\/\/bikefit.lu\/wp-content\/uploads\/2022\/02\/leg-length-shim-v2-mtb.webp","type":"image\/webp"}],"twitter_card":"summary_large_image","twitter_misc":{"Prix":"29,50&nbsp;&euro;","Disponibilit\u00e9":"En stock"},"schema":{"@context":"https:\/\/schema.org","@graph":[{"@type":"WebPage","@id":"https:\/\/bikefit.lu\/fr\/product\/form-cales-de-longueur-de-jambe-mtb-walkable-v2-kit\/","url":"https:\/\/bikefit.lu\/fr\/product\/form-cales-de-longueur-de-jambe-mtb-walkable-v2-kit\/","name":"FORM\u00ae Cales de longueur de jambe - MTB walkable V2 (kit) - bikefit.lu","isPartOf":{"@id":"https:\/\/bikefit.lu\/fr\/#website"},"primaryImageOfPage":{"@id":"https:\/\/bikefit.lu\/fr\/product\/form-cales-de-longueur-de-jambe-mtb-walkable-v2-kit\/#primaryimage"},"image":{"@id":"https:\/\/bikefit.lu\/fr\/product\/form-cales-de-longueur-de-jambe-mtb-walkable-v2-kit\/#primaryimage"},"thumbnailUrl":"https:\/\/bikefit.lu\/wp-content\/uploads\/2022\/02\/leg-length-shim-v2-mtb.webp","datePublished":"2022-02-06T16:07:21+00:00","dateModified":"2026-02-27T09:48:32+00:00","breadcrumb":{"@id":"https:\/\/bikefit.lu\/fr\/product\/form-cales-de-longueur-de-jambe-mtb-walkable-v2-kit\/#breadcrumb"},"inLanguage":"fr-FR","potentialAction":[{"@type":"ReadAction","target":["https:\/\/bikefit.lu\/fr\/product\/form-cales-de-longueur-de-jambe-mtb-walkable-v2-kit\/"]}]},{"@type":"ImageObject","inLanguage":"fr-FR","@id":"https:\/\/bikefit.lu\/fr\/product\/form-cales-de-longueur-de-jambe-mtb-walkable-v2-kit\/#primaryimage","url":"https:\/\/bikefit.lu\/wp-content\/uploads\/2022\/02\/leg-length-shim-v2-mtb.webp","contentUrl":"https:\/\/bikefit.lu\/wp-content\/uploads\/2022\/02\/leg-length-shim-v2-mtb.webp","width":1920,"height":1920},{"@type":"BreadcrumbList","@id":"https:\/\/bikefit.lu\/fr\/product\/form-cales-de-longueur-de-jambe-mtb-walkable-v2-kit\/#breadcrumb","itemListElement":[{"@type":"ListItem","position":1,"name":"Home","item":"https:\/\/bikefit.lu\/fr\/"},{"@type":"ListItem","position":2,"name":"Produits","item":"https:\/\/bikefit.lu\/fr\/shop\/"},{"@type":"ListItem","position":3,"name":"FORM\u00ae Cales de longueur de jambe &#8211; MTB walkable V2 (kit)"}]},{"@type":"WebSite","@id":"https:\/\/bikefit.lu\/fr\/#website","url":"https:\/\/bikefit.lu\/fr\/","name":"bikefit.lu","description":"IMPROVING CYCLING","publisher":{"@id":"https:\/\/bikefit.lu\/fr\/#\/schema\/person\/379af1263474d2f8cd1f41c2bd90273d"},"potentialAction":[{"@type":"SearchAction","target":{"@type":"EntryPoint","urlTemplate":"https:\/\/bikefit.lu\/fr\/?s={search_term_string}"},"query-input":{"@type":"PropertyValueSpecification","valueRequired":true,"valueName":"search_term_string"}}],"inLanguage":"fr-FR"},{"@type":["Person","Organization"],"@id":"https:\/\/bikefit.lu\/fr\/#\/schema\/person\/379af1263474d2f8cd1f41c2bd90273d","name":"Patrick Guillaume","image":{"@type":"ImageObject","inLanguage":"fr-FR","@id":"https:\/\/bikefit.lu\/wp-content\/uploads\/2024\/12\/cropped-bikefit-logoURL-RGB-jpg.jpg","url":"https:\/\/bikefit.lu\/wp-content\/uploads\/2024\/12\/cropped-bikefit-logoURL-RGB-jpg.jpg","contentUrl":"https:\/\/bikefit.lu\/wp-content\/uploads\/2024\/12\/cropped-bikefit-logoURL-RGB-jpg.jpg","width":512,"height":512,"caption":"Patrick Guillaume"},"logo":{"@id":"https:\/\/bikefit.lu\/wp-content\/uploads\/2024\/12\/cropped-bikefit-logoURL-RGB-jpg.jpg"},"sameAs":["https:\/\/bikefit.lu"],"honorificPrefix":"Mr","birthDate":"1966-11-18","gender":"male","knowsAbout":["Bike-fitting"],"knowsLanguage":["English","French","German","Luxembourgish"]}]},"product_price_amount":"29.50","product_price_currency":"EUR","og_availability":"instock","product_availability":"instock","product_condition":"new"},"_links":{"self":[{"href":"https:\/\/bikefit.lu\/fr\/wp-json\/wp\/v2\/product\/79521","targetHints":{"allow":["GET"]}}],"collection":[{"href":"https:\/\/bikefit.lu\/fr\/wp-json\/wp\/v2\/product"}],"about":[{"href":"https:\/\/bikefit.lu\/fr\/wp-json\/wp\/v2\/types\/product"}],"replies":[{"embeddable":true,"href":"https:\/\/bikefit.lu\/fr\/wp-json\/wp\/v2\/comments?post=79521"}],"version-history":[{"count":0,"href":"https:\/\/bikefit.lu\/fr\/wp-json\/wp\/v2\/product\/79521\/revisions"}],"wp:featuredmedia":[{"embeddable":true,"href":"https:\/\/bikefit.lu\/fr\/wp-json\/wp\/v2\/media\/77263"}],"wp:attachment":[{"href":"https:\/\/bikefit.lu\/fr\/wp-json\/wp\/v2\/media?parent=79521"}],"wp:term":[{"taxonomy":"product_brand","embeddable":true,"href":"https:\/\/bikefit.lu\/fr\/wp-json\/wp\/v2\/product_brand?post=79521"},{"taxonomy":"product_cat","embeddable":true,"href":"https:\/\/bikefit.lu\/fr\/wp-json\/wp\/v2\/product_cat?post=79521"},{"taxonomy":"product_tag","embeddable":true,"href":"https:\/\/bikefit.lu\/fr\/wp-json\/wp\/v2\/product_tag?post=79521"}],"curies":[{"name":"wp","href":"https:\/\/api.w.org\/{rel}","templated":true}]}}