{"id":79593,"date":"2022-10-20T06:57:02","date_gmt":"2022-10-20T06:57:02","guid":{"rendered":"https:\/\/staging.bikefit.lu\/shop\/non%20class\u00e9\/sqlab-613r-ergowave-s-tube\/"},"modified":"2025-04-17T13:54:49","modified_gmt":"2025-04-17T11:54:49","slug":"sqlab-613r-ergowave-s-tube","status":"publish","type":"product","link":"https:\/\/bikefit.lu\/fr\/product\/sqlab-613r-ergowave-s-tube\/","title":{"rendered":"SQlab 613R Ergowave S-Tube"},"content":{"rendered":"<h3>Caract\u00e9ristiques de la selle SQlab 613 Ergowave R S-Tube<\/h3>\n<ul>\n<li>soulagement des zones sensibles<\/li>\n<li>une transmission de puissance plus efficace<\/li>\n<li>\u00e9viter les postures de protection consommatrices de force<\/li>\n<li>plus d&#8217;espace pour les jambes<\/li>\n<li>largeur (en cm) : 11, 12 &amp; 13<\/li>\n<li>poids (en g, informations du fabricant) : 230 (11cm), 232 (12cm), 235 (13cm)<\/li>\n<li>domaine d&#8217;utilisation : Triathlon<\/li>\n<li>longueur (en mm) : 249<\/li>\n<li>duret\u00e9 (en SQ-Shore) : 55<\/li>\n<li>soulagement de la zone p\u00e9rin\u00e9ale (en %) : 60<\/li>\n<li>mat\u00e9riau des rails : S-Tube<\/li>\n<li>Mat\u00e9riel de la surface : B78<\/li>\n<li>max. charge (en kg) : 90<\/li>\n<li>unisexe<\/li>\n<\/ul>\n","protected":false},"excerpt":{"rendered":"<p>Les triathl\u00e8tes sont capables de souffrir, mais les probl\u00e8mes de si\u00e8ge sont fr\u00e9quents. La position de conduite extr\u00eame, combin\u00e9e \u00e0 de longues s\u00e9ances, constitue un d\u00e9fi ergonomique.<\/p>\n<p>&nbsp;<\/p>\n<h4>Dans la bonne forme avec la bonne forme de selle<\/h4>\n<p>La 613 Ergowave R n&#8217;a pas n&#8217;importe quelle forme, mais la forme parfaite pour la position assise la plus difficile du cyclisme. Au total, 18 ans d&#8217;exp\u00e9rience du SQlab ont \u00e9t\u00e9 consacr\u00e9s \u00e0 cette innovation : des distances entre les os du si\u00e8ge et les anatomies les plus vari\u00e9es \u00e0 la r\u00e9solution des probl\u00e8mes des clients, le d\u00e9veloppement des selles devrait non seulement apporter plus de confort et de soulagement, mais aussi augmenter les performances en comp\u00e9tition.<\/p>\n<p>Par l&#8217;arri\u00e8re sur\u00e9lev\u00e9, la 613 Ergowave R am\u00e8ne l&#8217;appui pas encore compl\u00e8tement sur les ischions, mais pour la premi\u00e8re fois dans le triathlon, en direction de ceux-ci. La zone p\u00e9rin\u00e9ale est soulag\u00e9e et le soutien suppl\u00e9mentaire \u00e0 l&#8217;arri\u00e8re am\u00e9liore la transmission de la force. Un effet secondaire positif est la r\u00e9duction des irritations cutan\u00e9es. La raison pour laquelle l&#8217;adaptation de la selle SQlab step est apparue seulement cinq ans apr\u00e8s la forme SQlab Ergowave r\u00e9side dans les d\u00e9tails. La coordination entre la position et la hauteur de la marche en combinaison avec la taille, l&#8217;inclinaison et la largeur ainsi que l&#8217;inclinaison du bec a n\u00e9cessit\u00e9 un effort de d\u00e9veloppement tr\u00e8s important.<\/p>\n<p><a href=\"https:\/\/www.sq-lab.com\/en\/ergonomics\/sqlab-measurement-concepts\/sit-bone-measurement\/\">D\u00e9terminez la largeur de votre selle<\/a><\/p>\n<p><img decoding=\"async\" src=\"https:\/\/bikefit.lu\/wp-content\/uploads\/2022\/10\/sqlab.sattel.613.ergowave.r.carbon.11cm.12cm.13cm.png\"><\/p>\n","protected":false},"featured_media":88885,"comment_status":"closed","ping_status":"closed","template":"","meta":[],"product_brand":[],"product_cat":[4788,4834,4776],"product_tag":[4949,5193,5129,5183],"class_list":{"0":"post-79593","1":"product","2":"type-product","3":"status-publish","4":"has-post-thumbnail","6":"product_cat-sale-fr","7":"product_cat-point-de-contact-bassin","8":"product_cat-tri-tt-en-fr","9":"product_tag-613r-ergowave-s-tube-fr","10":"product_tag-contre-la-montre","11":"product_tag-sqlab-fr","12":"product_tag-triathlon-fr","13":"product_shipping_class-large-items-fr","14":"pa_width-11-cm-fr","15":"pa_width-12-cm-fr","16":"pa_width-13-cm-fr","18":"first","19":"instock","20":"sale","21":"taxable","22":"shipping-taxable","23":"purchasable","24":"product-type-variable"},"yoast_head":"<!-- This site is optimized with the Yoast SEO Premium plugin v27.3 (Yoast SEO v27.3) - https:\/\/yoast.com\/product\/yoast-seo-premium-wordpress\/ -->\n<title>SQlab 613R Ergowave S-Tube - bikefit.lu<\/title>\n<meta name=\"robots\" content=\"index, follow, max-snippet:-1, max-image-preview:large, max-video-preview:-1\" \/>\n<link rel=\"canonical\" href=\"https:\/\/bikefit.lu\/fr\/product\/sqlab-613r-ergowave-s-tube\/\" \/>\n<meta property=\"og:locale\" content=\"fr_FR\" \/>\n<meta property=\"og:type\" content=\"article\" \/>\n<meta property=\"og:title\" content=\"SQlab 613R Ergowave S-Tube\" \/>\n<meta property=\"og:description\" content=\"Les triathl\u00e8tes sont capables de souffrir, mais les probl\u00e8mes de si\u00e8ge sont fr\u00e9quents. La position de conduite extr\u00eame, combin\u00e9e \u00e0 de longues s\u00e9ances, constitue un d\u00e9fi ergonomique. &nbsp; Dans la bonne forme avec la bonne forme de selle La 613 Ergowave R n&#039;a pas n&#039;importe quelle forme, mais la forme parfaite pour la position assise la plus difficile du cyclisme. Au total, 18 ans d&#039;exp\u00e9rience du SQlab ont \u00e9t\u00e9 consacr\u00e9s \u00e0 cette innovation : des distances entre les os du si\u00e8ge et les anatomies les plus vari\u00e9es \u00e0 la r\u00e9solution des probl\u00e8mes des clients, le d\u00e9veloppement des selles devrait non seulement apporter plus de confort et de soulagement, mais aussi augmenter les performances en comp\u00e9tition. Par l&#039;arri\u00e8re sur\u00e9lev\u00e9, la 613 Ergowave R am\u00e8ne l&#039;appui pas encore compl\u00e8tement sur les ischions, mais pour la premi\u00e8re fois dans le triathlon, en direction de ceux-ci. La zone p\u00e9rin\u00e9ale est soulag\u00e9e et le soutien suppl\u00e9mentaire \u00e0 l&#039;arri\u00e8re am\u00e9liore la transmission de la force. Un effet secondaire positif est la r\u00e9duction des irritations cutan\u00e9es. La raison pour laquelle l&#039;adaptation de la selle SQlab step est apparue seulement cinq ans apr\u00e8s la forme SQlab Ergowave r\u00e9side dans les d\u00e9tails. La coordination entre la position et la hauteur de la marche en combinaison avec la taille, l&#039;inclinaison et la largeur ainsi que l&#039;inclinaison du bec a n\u00e9cessit\u00e9 un effort de d\u00e9veloppement tr\u00e8s important. D\u00e9terminez la largeur de votre selle\" \/>\n<meta property=\"og:url\" content=\"https:\/\/bikefit.lu\/fr\/product\/sqlab-613r-ergowave-s-tube\/\" \/>\n<meta property=\"og:site_name\" content=\"bikefit.lu\" \/>\n<meta property=\"article:modified_time\" content=\"2025-04-17T11:54:49+00:00\" \/>\n<meta property=\"og:image\" content=\"https:\/\/bikefit.lu\/wp-content\/uploads\/2022\/10\/sqlab-613-r-ergowave-saddle-s-tube-4-940450.jpg\" \/>\n\t<meta property=\"og:image:width\" content=\"1500\" \/>\n\t<meta property=\"og:image:height\" content=\"1500\" \/>\n\t<meta property=\"og:image:type\" content=\"image\/jpeg\" \/>\n<meta name=\"twitter:card\" content=\"summary_large_image\" \/>\n<meta name=\"twitter:label1\" content=\"Disponibilit\u00e9\" \/>\n\t<meta name=\"twitter:data1\" content=\"En stock\" \/>\n<script type=\"application\/ld+json\" class=\"yoast-schema-graph\">{\"@context\":\"https:\\\/\\\/schema.org\",\"@graph\":[{\"@type\":\"WebPage\",\"@id\":\"https:\\\/\\\/bikefit.lu\\\/fr\\\/product\\\/sqlab-613r-ergowave-s-tube\\\/\",\"url\":\"https:\\\/\\\/bikefit.lu\\\/fr\\\/product\\\/sqlab-613r-ergowave-s-tube\\\/\",\"name\":\"SQlab 613R Ergowave S-Tube - bikefit.lu\",\"isPartOf\":{\"@id\":\"https:\\\/\\\/bikefit.lu\\\/fr\\\/#website\"},\"primaryImageOfPage\":{\"@id\":\"https:\\\/\\\/bikefit.lu\\\/fr\\\/product\\\/sqlab-613r-ergowave-s-tube\\\/#primaryimage\"},\"image\":{\"@id\":\"https:\\\/\\\/bikefit.lu\\\/fr\\\/product\\\/sqlab-613r-ergowave-s-tube\\\/#primaryimage\"},\"thumbnailUrl\":\"https:\\\/\\\/bikefit.lu\\\/wp-content\\\/uploads\\\/2022\\\/10\\\/sqlab-613-r-ergowave-saddle-s-tube-4-940450.jpg\",\"datePublished\":\"2022-10-20T06:57:02+00:00\",\"dateModified\":\"2025-04-17T11:54:49+00:00\",\"breadcrumb\":{\"@id\":\"https:\\\/\\\/bikefit.lu\\\/fr\\\/product\\\/sqlab-613r-ergowave-s-tube\\\/#breadcrumb\"},\"inLanguage\":\"fr-FR\",\"potentialAction\":[{\"@type\":\"ReadAction\",\"target\":[\"https:\\\/\\\/bikefit.lu\\\/fr\\\/product\\\/sqlab-613r-ergowave-s-tube\\\/\"]}]},{\"@type\":\"ImageObject\",\"inLanguage\":\"fr-FR\",\"@id\":\"https:\\\/\\\/bikefit.lu\\\/fr\\\/product\\\/sqlab-613r-ergowave-s-tube\\\/#primaryimage\",\"url\":\"https:\\\/\\\/bikefit.lu\\\/wp-content\\\/uploads\\\/2022\\\/10\\\/sqlab-613-r-ergowave-saddle-s-tube-4-940450.jpg\",\"contentUrl\":\"https:\\\/\\\/bikefit.lu\\\/wp-content\\\/uploads\\\/2022\\\/10\\\/sqlab-613-r-ergowave-saddle-s-tube-4-940450.jpg\",\"width\":1500,\"height\":1500},{\"@type\":\"BreadcrumbList\",\"@id\":\"https:\\\/\\\/bikefit.lu\\\/fr\\\/product\\\/sqlab-613r-ergowave-s-tube\\\/#breadcrumb\",\"itemListElement\":[{\"@type\":\"ListItem\",\"position\":1,\"name\":\"Home\",\"item\":\"https:\\\/\\\/bikefit.lu\\\/fr\\\/\"},{\"@type\":\"ListItem\",\"position\":2,\"name\":\"Produits\",\"item\":\"https:\\\/\\\/bikefit.lu\\\/fr\\\/shop\\\/\"},{\"@type\":\"ListItem\",\"position\":3,\"name\":\"SQlab 613R Ergowave S-Tube\"}]},{\"@type\":\"WebSite\",\"@id\":\"https:\\\/\\\/bikefit.lu\\\/fr\\\/#website\",\"url\":\"https:\\\/\\\/bikefit.lu\\\/fr\\\/\",\"name\":\"bikefit.lu\",\"description\":\"IMPROVING CYCLING\",\"publisher\":{\"@id\":\"https:\\\/\\\/bikefit.lu\\\/fr\\\/#\\\/schema\\\/person\\\/379af1263474d2f8cd1f41c2bd90273d\"},\"potentialAction\":[{\"@type\":\"SearchAction\",\"target\":{\"@type\":\"EntryPoint\",\"urlTemplate\":\"https:\\\/\\\/bikefit.lu\\\/fr\\\/?s={search_term_string}\"},\"query-input\":{\"@type\":\"PropertyValueSpecification\",\"valueRequired\":true,\"valueName\":\"search_term_string\"}}],\"inLanguage\":\"fr-FR\"},{\"@type\":[\"Person\",\"Organization\"],\"@id\":\"https:\\\/\\\/bikefit.lu\\\/fr\\\/#\\\/schema\\\/person\\\/379af1263474d2f8cd1f41c2bd90273d\",\"name\":\"Patrick Guillaume\",\"image\":{\"@type\":\"ImageObject\",\"inLanguage\":\"fr-FR\",\"@id\":\"https:\\\/\\\/bikefit.lu\\\/wp-content\\\/uploads\\\/2024\\\/12\\\/cropped-bikefit-logoURL-RGB-jpg.jpg\",\"url\":\"https:\\\/\\\/bikefit.lu\\\/wp-content\\\/uploads\\\/2024\\\/12\\\/cropped-bikefit-logoURL-RGB-jpg.jpg\",\"contentUrl\":\"https:\\\/\\\/bikefit.lu\\\/wp-content\\\/uploads\\\/2024\\\/12\\\/cropped-bikefit-logoURL-RGB-jpg.jpg\",\"width\":512,\"height\":512,\"caption\":\"Patrick Guillaume\"},\"logo\":{\"@id\":\"https:\\\/\\\/bikefit.lu\\\/wp-content\\\/uploads\\\/2024\\\/12\\\/cropped-bikefit-logoURL-RGB-jpg.jpg\"},\"sameAs\":[\"https:\\\/\\\/bikefit.lu\"],\"honorificPrefix\":\"Mr\",\"birthDate\":\"1966-11-18\",\"gender\":\"male\",\"knowsAbout\":[\"Bike-fitting\"],\"knowsLanguage\":[\"English\",\"French\",\"German\",\"Luxembourgish\"]}]}<\/script>\n<meta property=\"og:availability\" content=\"instock\" \/>\n<meta property=\"product:availability\" content=\"instock\" \/>\n<meta property=\"product:condition\" content=\"new\" \/>\n<!-- \/ Yoast SEO Premium plugin. -->","yoast_head_json":{"title":"SQlab 613R Ergowave S-Tube - bikefit.lu","robots":{"index":"index","follow":"follow","max-snippet":"max-snippet:-1","max-image-preview":"max-image-preview:large","max-video-preview":"max-video-preview:-1"},"canonical":"https:\/\/bikefit.lu\/fr\/product\/sqlab-613r-ergowave-s-tube\/","og_locale":"fr_FR","og_type":"article","og_title":"SQlab 613R Ergowave S-Tube","og_description":"Les triathl\u00e8tes sont capables de souffrir, mais les probl\u00e8mes de si\u00e8ge sont fr\u00e9quents. La position de conduite extr\u00eame, combin\u00e9e \u00e0 de longues s\u00e9ances, constitue un d\u00e9fi ergonomique. &nbsp; Dans la bonne forme avec la bonne forme de selle La 613 Ergowave R n'a pas n'importe quelle forme, mais la forme parfaite pour la position assise la plus difficile du cyclisme. Au total, 18 ans d'exp\u00e9rience du SQlab ont \u00e9t\u00e9 consacr\u00e9s \u00e0 cette innovation : des distances entre les os du si\u00e8ge et les anatomies les plus vari\u00e9es \u00e0 la r\u00e9solution des probl\u00e8mes des clients, le d\u00e9veloppement des selles devrait non seulement apporter plus de confort et de soulagement, mais aussi augmenter les performances en comp\u00e9tition. Par l'arri\u00e8re sur\u00e9lev\u00e9, la 613 Ergowave R am\u00e8ne l'appui pas encore compl\u00e8tement sur les ischions, mais pour la premi\u00e8re fois dans le triathlon, en direction de ceux-ci. La zone p\u00e9rin\u00e9ale est soulag\u00e9e et le soutien suppl\u00e9mentaire \u00e0 l'arri\u00e8re am\u00e9liore la transmission de la force. Un effet secondaire positif est la r\u00e9duction des irritations cutan\u00e9es. La raison pour laquelle l'adaptation de la selle SQlab step est apparue seulement cinq ans apr\u00e8s la forme SQlab Ergowave r\u00e9side dans les d\u00e9tails. La coordination entre la position et la hauteur de la marche en combinaison avec la taille, l'inclinaison et la largeur ainsi que l'inclinaison du bec a n\u00e9cessit\u00e9 un effort de d\u00e9veloppement tr\u00e8s important. D\u00e9terminez la largeur de votre selle","og_url":"https:\/\/bikefit.lu\/fr\/product\/sqlab-613r-ergowave-s-tube\/","og_site_name":"bikefit.lu","article_modified_time":"2025-04-17T11:54:49+00:00","og_image":[{"width":1500,"height":1500,"url":"https:\/\/bikefit.lu\/wp-content\/uploads\/2022\/10\/sqlab-613-r-ergowave-saddle-s-tube-4-940450.jpg","type":"image\/jpeg"}],"twitter_card":"summary_large_image","twitter_misc":{"Disponibilit\u00e9":"En stock"},"schema":{"@context":"https:\/\/schema.org","@graph":[{"@type":"WebPage","@id":"https:\/\/bikefit.lu\/fr\/product\/sqlab-613r-ergowave-s-tube\/","url":"https:\/\/bikefit.lu\/fr\/product\/sqlab-613r-ergowave-s-tube\/","name":"SQlab 613R Ergowave S-Tube - bikefit.lu","isPartOf":{"@id":"https:\/\/bikefit.lu\/fr\/#website"},"primaryImageOfPage":{"@id":"https:\/\/bikefit.lu\/fr\/product\/sqlab-613r-ergowave-s-tube\/#primaryimage"},"image":{"@id":"https:\/\/bikefit.lu\/fr\/product\/sqlab-613r-ergowave-s-tube\/#primaryimage"},"thumbnailUrl":"https:\/\/bikefit.lu\/wp-content\/uploads\/2022\/10\/sqlab-613-r-ergowave-saddle-s-tube-4-940450.jpg","datePublished":"2022-10-20T06:57:02+00:00","dateModified":"2025-04-17T11:54:49+00:00","breadcrumb":{"@id":"https:\/\/bikefit.lu\/fr\/product\/sqlab-613r-ergowave-s-tube\/#breadcrumb"},"inLanguage":"fr-FR","potentialAction":[{"@type":"ReadAction","target":["https:\/\/bikefit.lu\/fr\/product\/sqlab-613r-ergowave-s-tube\/"]}]},{"@type":"ImageObject","inLanguage":"fr-FR","@id":"https:\/\/bikefit.lu\/fr\/product\/sqlab-613r-ergowave-s-tube\/#primaryimage","url":"https:\/\/bikefit.lu\/wp-content\/uploads\/2022\/10\/sqlab-613-r-ergowave-saddle-s-tube-4-940450.jpg","contentUrl":"https:\/\/bikefit.lu\/wp-content\/uploads\/2022\/10\/sqlab-613-r-ergowave-saddle-s-tube-4-940450.jpg","width":1500,"height":1500},{"@type":"BreadcrumbList","@id":"https:\/\/bikefit.lu\/fr\/product\/sqlab-613r-ergowave-s-tube\/#breadcrumb","itemListElement":[{"@type":"ListItem","position":1,"name":"Home","item":"https:\/\/bikefit.lu\/fr\/"},{"@type":"ListItem","position":2,"name":"Produits","item":"https:\/\/bikefit.lu\/fr\/shop\/"},{"@type":"ListItem","position":3,"name":"SQlab 613R Ergowave S-Tube"}]},{"@type":"WebSite","@id":"https:\/\/bikefit.lu\/fr\/#website","url":"https:\/\/bikefit.lu\/fr\/","name":"bikefit.lu","description":"IMPROVING CYCLING","publisher":{"@id":"https:\/\/bikefit.lu\/fr\/#\/schema\/person\/379af1263474d2f8cd1f41c2bd90273d"},"potentialAction":[{"@type":"SearchAction","target":{"@type":"EntryPoint","urlTemplate":"https:\/\/bikefit.lu\/fr\/?s={search_term_string}"},"query-input":{"@type":"PropertyValueSpecification","valueRequired":true,"valueName":"search_term_string"}}],"inLanguage":"fr-FR"},{"@type":["Person","Organization"],"@id":"https:\/\/bikefit.lu\/fr\/#\/schema\/person\/379af1263474d2f8cd1f41c2bd90273d","name":"Patrick Guillaume","image":{"@type":"ImageObject","inLanguage":"fr-FR","@id":"https:\/\/bikefit.lu\/wp-content\/uploads\/2024\/12\/cropped-bikefit-logoURL-RGB-jpg.jpg","url":"https:\/\/bikefit.lu\/wp-content\/uploads\/2024\/12\/cropped-bikefit-logoURL-RGB-jpg.jpg","contentUrl":"https:\/\/bikefit.lu\/wp-content\/uploads\/2024\/12\/cropped-bikefit-logoURL-RGB-jpg.jpg","width":512,"height":512,"caption":"Patrick Guillaume"},"logo":{"@id":"https:\/\/bikefit.lu\/wp-content\/uploads\/2024\/12\/cropped-bikefit-logoURL-RGB-jpg.jpg"},"sameAs":["https:\/\/bikefit.lu"],"honorificPrefix":"Mr","birthDate":"1966-11-18","gender":"male","knowsAbout":["Bike-fitting"],"knowsLanguage":["English","French","German","Luxembourgish"]}]},"og_availability":"instock","product_availability":"instock","product_condition":"new"},"_links":{"self":[{"href":"https:\/\/bikefit.lu\/fr\/wp-json\/wp\/v2\/product\/79593","targetHints":{"allow":["GET"]}}],"collection":[{"href":"https:\/\/bikefit.lu\/fr\/wp-json\/wp\/v2\/product"}],"about":[{"href":"https:\/\/bikefit.lu\/fr\/wp-json\/wp\/v2\/types\/product"}],"replies":[{"embeddable":true,"href":"https:\/\/bikefit.lu\/fr\/wp-json\/wp\/v2\/comments?post=79593"}],"version-history":[{"count":0,"href":"https:\/\/bikefit.lu\/fr\/wp-json\/wp\/v2\/product\/79593\/revisions"}],"wp:featuredmedia":[{"embeddable":true,"href":"https:\/\/bikefit.lu\/fr\/wp-json\/wp\/v2\/media\/88885"}],"wp:attachment":[{"href":"https:\/\/bikefit.lu\/fr\/wp-json\/wp\/v2\/media?parent=79593"}],"wp:term":[{"taxonomy":"product_brand","embeddable":true,"href":"https:\/\/bikefit.lu\/fr\/wp-json\/wp\/v2\/product_brand?post=79593"},{"taxonomy":"product_cat","embeddable":true,"href":"https:\/\/bikefit.lu\/fr\/wp-json\/wp\/v2\/product_cat?post=79593"},{"taxonomy":"product_tag","embeddable":true,"href":"https:\/\/bikefit.lu\/fr\/wp-json\/wp\/v2\/product_tag?post=79593"}],"curies":[{"name":"wp","href":"https:\/\/api.w.org\/{rel}","templated":true}]}}