{"id":79668,"date":"2022-10-19T18:34:49","date_gmt":"2022-10-19T18:34:49","guid":{"rendered":"https:\/\/staging.bikefit.lu\/shop\/non%20class\u00e9\/sqlab-6ox-infinergy-ergowave-active-2-1-s-tube\/"},"modified":"2025-04-17T18:44:09","modified_gmt":"2025-04-17T16:44:09","slug":"sqlab-6ox-infinergy-ergowave-active-2-1-s-tube","status":"publish","type":"product","link":"https:\/\/bikefit.lu\/fr\/product\/sqlab-6ox-infinergy-ergowave-active-2-1-s-tube\/","title":{"rendered":"SQlab 6OX Infinergy Ergowave Active 2.1 S-Tube"},"content":{"rendered":"<h3>Caract\u00e9ristiques de la selle SQlab 6OX Infinergy Ergowave Active 2.1 S-Tube<\/h3>\n<ul>\n<li>unisexe<\/li>\n<li>largeur (en cm) : 13, 14, 15 &amp; 16<\/li>\n<li>gamme d&#8217;utilisation : Gravity et performance<\/li>\n<li>longueur (en mm) : 280<\/li>\n<li>poids (en g, sans \u00e9lastom\u00e8re) : 268 (largeur 15, informations du fabricant)<\/li>\n<li>duret\u00e9 (en SQ-Shore) : 55<\/li>\n<li>soulagement de la zone p\u00e9rin\u00e9ale (en %) : 72<\/li>\n<li>mat\u00e9riau des rails : S-Tube<\/li>\n<li>mat\u00e9riau du rev\u00eatement : Interlock<\/li>\n<li>mat\u00e9riau du rembourrage : Infinergy<\/li>\n<li>active : Sport (r\u00e9glable par 2 \u00e9lastom\u00e8res)<\/li>\n<li>max. charge (en kg) : 110<\/li>\n<\/ul>\n<p><a href=\"https:\/\/www.sq-lab.com\/en\/ergonomics\/sqlab-measurement-concepts\/sit-bone-measurement\/\" target=\"_blank\" rel=\"noopener noreferrer nofollow\">D\u00e9terminez la largeur de votre selle<\/a><\/p>\n<p>&nbsp;<\/p>\n<p><img decoding=\"async\" src=\"https:\/\/i0.wp.com\/bikefit.lu\/wp-content\/uploads\/2022\/10\/moderate_triathlon.webp?resize=460%2C84&amp;ssl=1\"><\/p>\n","protected":false},"excerpt":{"rendered":"<p>https:\/\/youtu.be\/geOmU2yORmw<\/p>\n<h4>R\u00e9compens\u00e9e \u00ab Meilleure de 2021 \u00bb par World of MTB<\/h4>\n<p>\u00ab La selle constitue ainsi le pr\u00e9lude \u00e0 un processus de durabilit\u00e9 et d&#8217;innovation \u00e0 grande \u00e9chelle chez SQlab \u00bb, tel est le verdict du magazine de VTT World of MTB.<\/p>\n<h4>La SQlab 6OX Ergowave Active d\u00e9sormais \u00ab Fabriqu\u00e9e en Allemagne \u00bb<\/h4>\n<p>La selle SQlab 6OX Ergowave du fabricant allemand et expert en ergonomie est disponible depuis d\u00e9j\u00e0 2 ans. Des changements int\u00e9ressants ont \u00e9t\u00e9 apport\u00e9s \u00e0 la selle : elle est maintenant fabriqu\u00e9e en Allemagne et le mat\u00e9riau Infinergy de BASF est utilis\u00e9 \u00e0 la place de la mousse PU habituelle. Le nouveau mat\u00e9riau, principalement utilis\u00e9 dans la production de chaussures de course, est encore plus robuste et apporte un confort d&#8217;un niveau totalement nouveau, particuli\u00e8rement lors de la conduite hors route, gr\u00e2ce \u00e0 sa r\u00e9cup\u00e9ration plus rapide.  <\/p>\n<p>D&#8217;un point de vue \u00e9cologique, l&#8217;approvisionnement local des produits SQlab \u00ab Fabriqu\u00e9s en Allemagne \u00bb signifie non seulement que le long trajet de transport est \u00e9limin\u00e9, mais aussi que le processus de fabrication est extr\u00eamement efficace et soumis \u00e0 des directives allemandes strictes concernant les substances nocives.<\/p>\n<h4>Un confort optimal gr\u00e2ce \u00e0 la technologie de selle active SQlab<\/h4>\n<p>La housse n&#8217;est pas tendue sur toute la surface de la selle, comme c&#8217;est le cas pour les selles classiques. Il n&#8217;y a que des \u00ab bandes \u00bb aux endroits importants. Celles-ci sont reli\u00e9es \u00e0 la mousse Infinergy automatiquement et sans colle. La forme ergonomique de la selle offre le soulagement et le confort appropri\u00e9s : l&#8217;\u00e9l\u00e9vation en forme de vague de l&#8217;ERGOWAVE s&#8217;\u00e9tendant de l&#8217;arri\u00e8re vers l&#8217;avant s&#8217;adapte parfaitement aux branches ischiatiques g\u00e9n\u00e9ralement bulbeuses. Cela r\u00e9duit consid\u00e9rablement la pression dans la zone p\u00e9rin\u00e9ale ou l&#8217;arc pubien f\u00e9minin.    <\/p>\n<p>Le bec de selle plat et l\u00e9g\u00e8rement incurv\u00e9, qui est plus bas, assure \u00e9galement une pression moindre sur les zones sensibles, tant pour les hommes que pour les femmes. Pour un meilleur soulagement de la pression, en particulier lors des longues mont\u00e9es en terrain accident\u00e9, le bec de la selle a \u00e9t\u00e9 con\u00e7u large, avec une surface de contact plate et aussi grande que possible. <\/p>\n<p>Gr\u00e2ce \u00e0 la technologie de selle active SQlab, la selle suit le mouvement de p\u00e9dalage, le confort augmente, les disques intervert\u00e9braux sont mobilis\u00e9s et la pression sur les os ischions est minimis\u00e9e. La condition pr\u00e9alable \u00e0 une performance maximale est un ajustement parfaitement adapt\u00e9 \u00e0 l&#8217;athl\u00e8te, c&#8217;est pourquoi la selle est disponible en quatre tailles diff\u00e9rentes. <\/p>\n","protected":false},"featured_media":89123,"comment_status":"closed","ping_status":"closed","template":"","meta":[],"product_brand":[],"product_cat":[4788,4772,4834],"product_tag":[4939,4824,5163,5129],"class_list":{"0":"post-79668","1":"product","2":"type-product","3":"status-publish","4":"has-post-thumbnail","6":"product_cat-sale-fr","7":"product_cat-offroad-contact-point-pelvis-fr","8":"product_cat-point-de-contact-bassin","9":"product_tag-6ox-infinergy-ergowave-active-2-1-s-tube-fr","10":"product_tag-offroad-fr","11":"product_tag-selles","12":"product_tag-sqlab-fr","13":"product_shipping_class-large-items-fr","14":"pa_width-13-cm-fr","15":"pa_width-14-cm-fr","16":"pa_width-15-cm-fr","17":"pa_width-16-cm-fr","19":"first","20":"instock","21":"sale","22":"taxable","23":"shipping-taxable","24":"purchasable","25":"product-type-variable"},"yoast_head":"<!-- This site is optimized with the Yoast SEO Premium plugin v27.3 (Yoast SEO v27.3) - https:\/\/yoast.com\/product\/yoast-seo-premium-wordpress\/ -->\n<title>SQlab 6OX Infinergy Ergowave Active 2.1 S-Tube - bikefit.lu<\/title>\n<meta name=\"robots\" content=\"index, follow, max-snippet:-1, max-image-preview:large, max-video-preview:-1\" \/>\n<link rel=\"canonical\" href=\"https:\/\/bikefit.lu\/fr\/product\/sqlab-6ox-infinergy-ergowave-active-2-1-s-tube\/\" \/>\n<meta property=\"og:locale\" content=\"fr_FR\" \/>\n<meta property=\"og:type\" content=\"article\" \/>\n<meta property=\"og:title\" content=\"SQlab 6OX Infinergy Ergowave Active 2.1 S-Tube\" \/>\n<meta property=\"og:description\" content=\"https:\/\/youtu.be\/geOmU2yORmw R\u00e9compens\u00e9e \u00ab Meilleure de 2021 \u00bb par World of MTB \u00ab La selle constitue ainsi le pr\u00e9lude \u00e0 un processus de durabilit\u00e9 et d&#039;innovation \u00e0 grande \u00e9chelle chez SQlab \u00bb, tel est le verdict du magazine de VTT World of MTB. La SQlab 6OX Ergowave Active d\u00e9sormais \u00ab Fabriqu\u00e9e en Allemagne \u00bb La selle SQlab 6OX Ergowave du fabricant allemand et expert en ergonomie est disponible depuis d\u00e9j\u00e0 2 ans. Des changements int\u00e9ressants ont \u00e9t\u00e9 apport\u00e9s \u00e0 la selle : elle est maintenant fabriqu\u00e9e en Allemagne et le mat\u00e9riau Infinergy de BASF est utilis\u00e9 \u00e0 la place de la mousse PU habituelle. Le nouveau mat\u00e9riau, principalement utilis\u00e9 dans la production de chaussures de course, est encore plus robuste et apporte un confort d&#039;un niveau totalement nouveau, particuli\u00e8rement lors de la conduite hors route, gr\u00e2ce \u00e0 sa r\u00e9cup\u00e9ration plus rapide.  D&#039;un point de vue \u00e9cologique, l&#039;approvisionnement local des produits SQlab \u00ab Fabriqu\u00e9s en Allemagne \u00bb signifie non seulement que le long trajet de transport est \u00e9limin\u00e9, mais aussi que le processus de fabrication est extr\u00eamement efficace et soumis \u00e0 des directives allemandes strictes concernant les substances nocives. Un confort optimal gr\u00e2ce \u00e0 la technologie de selle active SQlab La housse n&#039;est pas tendue sur toute la surface de la selle, comme c&#039;est le cas pour les selles classiques. Il n&#039;y a que des \u00ab bandes \u00bb aux endroits importants. Celles-ci sont reli\u00e9es \u00e0 la mousse Infinergy automatiquement et sans colle. La forme ergonomique de la selle offre le soulagement et le confort appropri\u00e9s : l&#039;\u00e9l\u00e9vation en forme de vague de l&#039;ERGOWAVE s&#039;\u00e9tendant de l&#039;arri\u00e8re vers l&#039;avant s&#039;adapte parfaitement aux branches ischiatiques g\u00e9n\u00e9ralement bulbeuses. Cela r\u00e9duit consid\u00e9rablement la pression dans la zone p\u00e9rin\u00e9ale ou l&#039;arc pubien f\u00e9minin.   Le bec de selle plat et l\u00e9g\u00e8rement incurv\u00e9, qui est plus bas, assure \u00e9galement une pression moindre sur les zones sensibles, tant pour les hommes que pour les femmes. Pour un meilleur soulagement de la pression, en particulier lors des longues mont\u00e9es en terrain accident\u00e9, le bec de la selle a \u00e9t\u00e9 con\u00e7u large, avec une surface de contact plate et aussi grande que possible.  Gr\u00e2ce \u00e0 la technologie de selle active SQlab, la selle suit le mouvement de p\u00e9dalage, le confort augmente, les disques intervert\u00e9braux sont mobilis\u00e9s et la pression sur les os ischions est minimis\u00e9e. La condition pr\u00e9alable \u00e0 une performance maximale est un ajustement parfaitement adapt\u00e9 \u00e0 l&#039;athl\u00e8te, c&#039;est pourquoi la selle est disponible en quatre tailles diff\u00e9rentes.\" \/>\n<meta property=\"og:url\" content=\"https:\/\/bikefit.lu\/fr\/product\/sqlab-6ox-infinergy-ergowave-active-2-1-s-tube\/\" \/>\n<meta property=\"og:site_name\" content=\"bikefit.lu\" \/>\n<meta property=\"article:modified_time\" content=\"2025-04-17T16:44:09+00:00\" \/>\n<meta property=\"og:image\" content=\"https:\/\/bikefit.lu\/wp-content\/uploads\/2022\/10\/sqlab-sattel-6ox-infinergy-ergowave-active-saddle-Bike24.jpg\" \/>\n\t<meta property=\"og:image:width\" content=\"1527\" \/>\n\t<meta property=\"og:image:height\" content=\"1527\" \/>\n\t<meta property=\"og:image:type\" content=\"image\/jpeg\" \/>\n<meta name=\"twitter:card\" content=\"summary_large_image\" \/>\n<meta name=\"twitter:label1\" content=\"Disponibilit\u00e9\" \/>\n\t<meta name=\"twitter:data1\" content=\"En stock\" \/>\n<script type=\"application\/ld+json\" class=\"yoast-schema-graph\">{\"@context\":\"https:\\\/\\\/schema.org\",\"@graph\":[{\"@type\":\"WebPage\",\"@id\":\"https:\\\/\\\/bikefit.lu\\\/fr\\\/product\\\/sqlab-6ox-infinergy-ergowave-active-2-1-s-tube\\\/\",\"url\":\"https:\\\/\\\/bikefit.lu\\\/fr\\\/product\\\/sqlab-6ox-infinergy-ergowave-active-2-1-s-tube\\\/\",\"name\":\"SQlab 6OX Infinergy Ergowave Active 2.1 S-Tube - bikefit.lu\",\"isPartOf\":{\"@id\":\"https:\\\/\\\/bikefit.lu\\\/fr\\\/#website\"},\"primaryImageOfPage\":{\"@id\":\"https:\\\/\\\/bikefit.lu\\\/fr\\\/product\\\/sqlab-6ox-infinergy-ergowave-active-2-1-s-tube\\\/#primaryimage\"},\"image\":{\"@id\":\"https:\\\/\\\/bikefit.lu\\\/fr\\\/product\\\/sqlab-6ox-infinergy-ergowave-active-2-1-s-tube\\\/#primaryimage\"},\"thumbnailUrl\":\"https:\\\/\\\/bikefit.lu\\\/wp-content\\\/uploads\\\/2022\\\/10\\\/sqlab-sattel-6ox-infinergy-ergowave-active-saddle-Bike24.jpg\",\"datePublished\":\"2022-10-19T18:34:49+00:00\",\"dateModified\":\"2025-04-17T16:44:09+00:00\",\"breadcrumb\":{\"@id\":\"https:\\\/\\\/bikefit.lu\\\/fr\\\/product\\\/sqlab-6ox-infinergy-ergowave-active-2-1-s-tube\\\/#breadcrumb\"},\"inLanguage\":\"fr-FR\",\"potentialAction\":[{\"@type\":\"ReadAction\",\"target\":[\"https:\\\/\\\/bikefit.lu\\\/fr\\\/product\\\/sqlab-6ox-infinergy-ergowave-active-2-1-s-tube\\\/\"]}]},{\"@type\":\"ImageObject\",\"inLanguage\":\"fr-FR\",\"@id\":\"https:\\\/\\\/bikefit.lu\\\/fr\\\/product\\\/sqlab-6ox-infinergy-ergowave-active-2-1-s-tube\\\/#primaryimage\",\"url\":\"https:\\\/\\\/bikefit.lu\\\/wp-content\\\/uploads\\\/2022\\\/10\\\/sqlab-sattel-6ox-infinergy-ergowave-active-saddle-Bike24.jpg\",\"contentUrl\":\"https:\\\/\\\/bikefit.lu\\\/wp-content\\\/uploads\\\/2022\\\/10\\\/sqlab-sattel-6ox-infinergy-ergowave-active-saddle-Bike24.jpg\",\"width\":1527,\"height\":1527},{\"@type\":\"BreadcrumbList\",\"@id\":\"https:\\\/\\\/bikefit.lu\\\/fr\\\/product\\\/sqlab-6ox-infinergy-ergowave-active-2-1-s-tube\\\/#breadcrumb\",\"itemListElement\":[{\"@type\":\"ListItem\",\"position\":1,\"name\":\"Home\",\"item\":\"https:\\\/\\\/bikefit.lu\\\/fr\\\/\"},{\"@type\":\"ListItem\",\"position\":2,\"name\":\"Produits\",\"item\":\"https:\\\/\\\/bikefit.lu\\\/fr\\\/shop\\\/\"},{\"@type\":\"ListItem\",\"position\":3,\"name\":\"SQlab 6OX Infinergy Ergowave Active 2.1 S-Tube\"}]},{\"@type\":\"WebSite\",\"@id\":\"https:\\\/\\\/bikefit.lu\\\/fr\\\/#website\",\"url\":\"https:\\\/\\\/bikefit.lu\\\/fr\\\/\",\"name\":\"bikefit.lu\",\"description\":\"IMPROVING CYCLING\",\"publisher\":{\"@id\":\"https:\\\/\\\/bikefit.lu\\\/fr\\\/#\\\/schema\\\/person\\\/379af1263474d2f8cd1f41c2bd90273d\"},\"potentialAction\":[{\"@type\":\"SearchAction\",\"target\":{\"@type\":\"EntryPoint\",\"urlTemplate\":\"https:\\\/\\\/bikefit.lu\\\/fr\\\/?s={search_term_string}\"},\"query-input\":{\"@type\":\"PropertyValueSpecification\",\"valueRequired\":true,\"valueName\":\"search_term_string\"}}],\"inLanguage\":\"fr-FR\"},{\"@type\":[\"Person\",\"Organization\"],\"@id\":\"https:\\\/\\\/bikefit.lu\\\/fr\\\/#\\\/schema\\\/person\\\/379af1263474d2f8cd1f41c2bd90273d\",\"name\":\"Patrick Guillaume\",\"image\":{\"@type\":\"ImageObject\",\"inLanguage\":\"fr-FR\",\"@id\":\"https:\\\/\\\/bikefit.lu\\\/wp-content\\\/uploads\\\/2024\\\/12\\\/cropped-bikefit-logoURL-RGB-jpg.jpg\",\"url\":\"https:\\\/\\\/bikefit.lu\\\/wp-content\\\/uploads\\\/2024\\\/12\\\/cropped-bikefit-logoURL-RGB-jpg.jpg\",\"contentUrl\":\"https:\\\/\\\/bikefit.lu\\\/wp-content\\\/uploads\\\/2024\\\/12\\\/cropped-bikefit-logoURL-RGB-jpg.jpg\",\"width\":512,\"height\":512,\"caption\":\"Patrick Guillaume\"},\"logo\":{\"@id\":\"https:\\\/\\\/bikefit.lu\\\/wp-content\\\/uploads\\\/2024\\\/12\\\/cropped-bikefit-logoURL-RGB-jpg.jpg\"},\"sameAs\":[\"https:\\\/\\\/bikefit.lu\"],\"honorificPrefix\":\"Mr\",\"birthDate\":\"1966-11-18\",\"gender\":\"male\",\"knowsAbout\":[\"Bike-fitting\"],\"knowsLanguage\":[\"English\",\"French\",\"German\",\"Luxembourgish\"]}]}<\/script>\n<meta property=\"og:availability\" content=\"instock\" \/>\n<meta property=\"product:availability\" content=\"instock\" \/>\n<meta property=\"product:condition\" content=\"new\" \/>\n<!-- \/ Yoast SEO Premium plugin. -->","yoast_head_json":{"title":"SQlab 6OX Infinergy Ergowave Active 2.1 S-Tube - bikefit.lu","robots":{"index":"index","follow":"follow","max-snippet":"max-snippet:-1","max-image-preview":"max-image-preview:large","max-video-preview":"max-video-preview:-1"},"canonical":"https:\/\/bikefit.lu\/fr\/product\/sqlab-6ox-infinergy-ergowave-active-2-1-s-tube\/","og_locale":"fr_FR","og_type":"article","og_title":"SQlab 6OX Infinergy Ergowave Active 2.1 S-Tube","og_description":"https:\/\/youtu.be\/geOmU2yORmw R\u00e9compens\u00e9e \u00ab Meilleure de 2021 \u00bb par World of MTB \u00ab La selle constitue ainsi le pr\u00e9lude \u00e0 un processus de durabilit\u00e9 et d'innovation \u00e0 grande \u00e9chelle chez SQlab \u00bb, tel est le verdict du magazine de VTT World of MTB. La SQlab 6OX Ergowave Active d\u00e9sormais \u00ab Fabriqu\u00e9e en Allemagne \u00bb La selle SQlab 6OX Ergowave du fabricant allemand et expert en ergonomie est disponible depuis d\u00e9j\u00e0 2 ans. Des changements int\u00e9ressants ont \u00e9t\u00e9 apport\u00e9s \u00e0 la selle : elle est maintenant fabriqu\u00e9e en Allemagne et le mat\u00e9riau Infinergy de BASF est utilis\u00e9 \u00e0 la place de la mousse PU habituelle. Le nouveau mat\u00e9riau, principalement utilis\u00e9 dans la production de chaussures de course, est encore plus robuste et apporte un confort d'un niveau totalement nouveau, particuli\u00e8rement lors de la conduite hors route, gr\u00e2ce \u00e0 sa r\u00e9cup\u00e9ration plus rapide.  D'un point de vue \u00e9cologique, l'approvisionnement local des produits SQlab \u00ab Fabriqu\u00e9s en Allemagne \u00bb signifie non seulement que le long trajet de transport est \u00e9limin\u00e9, mais aussi que le processus de fabrication est extr\u00eamement efficace et soumis \u00e0 des directives allemandes strictes concernant les substances nocives. Un confort optimal gr\u00e2ce \u00e0 la technologie de selle active SQlab La housse n'est pas tendue sur toute la surface de la selle, comme c'est le cas pour les selles classiques. Il n'y a que des \u00ab bandes \u00bb aux endroits importants. Celles-ci sont reli\u00e9es \u00e0 la mousse Infinergy automatiquement et sans colle. La forme ergonomique de la selle offre le soulagement et le confort appropri\u00e9s : l'\u00e9l\u00e9vation en forme de vague de l'ERGOWAVE s'\u00e9tendant de l'arri\u00e8re vers l'avant s'adapte parfaitement aux branches ischiatiques g\u00e9n\u00e9ralement bulbeuses. Cela r\u00e9duit consid\u00e9rablement la pression dans la zone p\u00e9rin\u00e9ale ou l'arc pubien f\u00e9minin.   Le bec de selle plat et l\u00e9g\u00e8rement incurv\u00e9, qui est plus bas, assure \u00e9galement une pression moindre sur les zones sensibles, tant pour les hommes que pour les femmes. Pour un meilleur soulagement de la pression, en particulier lors des longues mont\u00e9es en terrain accident\u00e9, le bec de la selle a \u00e9t\u00e9 con\u00e7u large, avec une surface de contact plate et aussi grande que possible.  Gr\u00e2ce \u00e0 la technologie de selle active SQlab, la selle suit le mouvement de p\u00e9dalage, le confort augmente, les disques intervert\u00e9braux sont mobilis\u00e9s et la pression sur les os ischions est minimis\u00e9e. La condition pr\u00e9alable \u00e0 une performance maximale est un ajustement parfaitement adapt\u00e9 \u00e0 l'athl\u00e8te, c'est pourquoi la selle est disponible en quatre tailles diff\u00e9rentes.","og_url":"https:\/\/bikefit.lu\/fr\/product\/sqlab-6ox-infinergy-ergowave-active-2-1-s-tube\/","og_site_name":"bikefit.lu","article_modified_time":"2025-04-17T16:44:09+00:00","og_image":[{"width":1527,"height":1527,"url":"https:\/\/bikefit.lu\/wp-content\/uploads\/2022\/10\/sqlab-sattel-6ox-infinergy-ergowave-active-saddle-Bike24.jpg","type":"image\/jpeg"}],"twitter_card":"summary_large_image","twitter_misc":{"Disponibilit\u00e9":"En stock"},"schema":{"@context":"https:\/\/schema.org","@graph":[{"@type":"WebPage","@id":"https:\/\/bikefit.lu\/fr\/product\/sqlab-6ox-infinergy-ergowave-active-2-1-s-tube\/","url":"https:\/\/bikefit.lu\/fr\/product\/sqlab-6ox-infinergy-ergowave-active-2-1-s-tube\/","name":"SQlab 6OX Infinergy Ergowave Active 2.1 S-Tube - bikefit.lu","isPartOf":{"@id":"https:\/\/bikefit.lu\/fr\/#website"},"primaryImageOfPage":{"@id":"https:\/\/bikefit.lu\/fr\/product\/sqlab-6ox-infinergy-ergowave-active-2-1-s-tube\/#primaryimage"},"image":{"@id":"https:\/\/bikefit.lu\/fr\/product\/sqlab-6ox-infinergy-ergowave-active-2-1-s-tube\/#primaryimage"},"thumbnailUrl":"https:\/\/bikefit.lu\/wp-content\/uploads\/2022\/10\/sqlab-sattel-6ox-infinergy-ergowave-active-saddle-Bike24.jpg","datePublished":"2022-10-19T18:34:49+00:00","dateModified":"2025-04-17T16:44:09+00:00","breadcrumb":{"@id":"https:\/\/bikefit.lu\/fr\/product\/sqlab-6ox-infinergy-ergowave-active-2-1-s-tube\/#breadcrumb"},"inLanguage":"fr-FR","potentialAction":[{"@type":"ReadAction","target":["https:\/\/bikefit.lu\/fr\/product\/sqlab-6ox-infinergy-ergowave-active-2-1-s-tube\/"]}]},{"@type":"ImageObject","inLanguage":"fr-FR","@id":"https:\/\/bikefit.lu\/fr\/product\/sqlab-6ox-infinergy-ergowave-active-2-1-s-tube\/#primaryimage","url":"https:\/\/bikefit.lu\/wp-content\/uploads\/2022\/10\/sqlab-sattel-6ox-infinergy-ergowave-active-saddle-Bike24.jpg","contentUrl":"https:\/\/bikefit.lu\/wp-content\/uploads\/2022\/10\/sqlab-sattel-6ox-infinergy-ergowave-active-saddle-Bike24.jpg","width":1527,"height":1527},{"@type":"BreadcrumbList","@id":"https:\/\/bikefit.lu\/fr\/product\/sqlab-6ox-infinergy-ergowave-active-2-1-s-tube\/#breadcrumb","itemListElement":[{"@type":"ListItem","position":1,"name":"Home","item":"https:\/\/bikefit.lu\/fr\/"},{"@type":"ListItem","position":2,"name":"Produits","item":"https:\/\/bikefit.lu\/fr\/shop\/"},{"@type":"ListItem","position":3,"name":"SQlab 6OX Infinergy Ergowave Active 2.1 S-Tube"}]},{"@type":"WebSite","@id":"https:\/\/bikefit.lu\/fr\/#website","url":"https:\/\/bikefit.lu\/fr\/","name":"bikefit.lu","description":"IMPROVING CYCLING","publisher":{"@id":"https:\/\/bikefit.lu\/fr\/#\/schema\/person\/379af1263474d2f8cd1f41c2bd90273d"},"potentialAction":[{"@type":"SearchAction","target":{"@type":"EntryPoint","urlTemplate":"https:\/\/bikefit.lu\/fr\/?s={search_term_string}"},"query-input":{"@type":"PropertyValueSpecification","valueRequired":true,"valueName":"search_term_string"}}],"inLanguage":"fr-FR"},{"@type":["Person","Organization"],"@id":"https:\/\/bikefit.lu\/fr\/#\/schema\/person\/379af1263474d2f8cd1f41c2bd90273d","name":"Patrick Guillaume","image":{"@type":"ImageObject","inLanguage":"fr-FR","@id":"https:\/\/bikefit.lu\/wp-content\/uploads\/2024\/12\/cropped-bikefit-logoURL-RGB-jpg.jpg","url":"https:\/\/bikefit.lu\/wp-content\/uploads\/2024\/12\/cropped-bikefit-logoURL-RGB-jpg.jpg","contentUrl":"https:\/\/bikefit.lu\/wp-content\/uploads\/2024\/12\/cropped-bikefit-logoURL-RGB-jpg.jpg","width":512,"height":512,"caption":"Patrick Guillaume"},"logo":{"@id":"https:\/\/bikefit.lu\/wp-content\/uploads\/2024\/12\/cropped-bikefit-logoURL-RGB-jpg.jpg"},"sameAs":["https:\/\/bikefit.lu"],"honorificPrefix":"Mr","birthDate":"1966-11-18","gender":"male","knowsAbout":["Bike-fitting"],"knowsLanguage":["English","French","German","Luxembourgish"]}]},"og_availability":"instock","product_availability":"instock","product_condition":"new"},"_links":{"self":[{"href":"https:\/\/bikefit.lu\/fr\/wp-json\/wp\/v2\/product\/79668","targetHints":{"allow":["GET"]}}],"collection":[{"href":"https:\/\/bikefit.lu\/fr\/wp-json\/wp\/v2\/product"}],"about":[{"href":"https:\/\/bikefit.lu\/fr\/wp-json\/wp\/v2\/types\/product"}],"replies":[{"embeddable":true,"href":"https:\/\/bikefit.lu\/fr\/wp-json\/wp\/v2\/comments?post=79668"}],"version-history":[{"count":0,"href":"https:\/\/bikefit.lu\/fr\/wp-json\/wp\/v2\/product\/79668\/revisions"}],"wp:featuredmedia":[{"embeddable":true,"href":"https:\/\/bikefit.lu\/fr\/wp-json\/wp\/v2\/media\/89123"}],"wp:attachment":[{"href":"https:\/\/bikefit.lu\/fr\/wp-json\/wp\/v2\/media?parent=79668"}],"wp:term":[{"taxonomy":"product_brand","embeddable":true,"href":"https:\/\/bikefit.lu\/fr\/wp-json\/wp\/v2\/product_brand?post=79668"},{"taxonomy":"product_cat","embeddable":true,"href":"https:\/\/bikefit.lu\/fr\/wp-json\/wp\/v2\/product_cat?post=79668"},{"taxonomy":"product_tag","embeddable":true,"href":"https:\/\/bikefit.lu\/fr\/wp-json\/wp\/v2\/product_tag?post=79668"}],"curies":[{"name":"wp","href":"https:\/\/api.w.org\/{rel}","templated":true}]}}