{"id":79739,"date":"2022-01-22T14:24:46","date_gmt":"2022-01-22T14:24:46","guid":{"rendered":"https:\/\/staging.bikefit.lu\/shop\/non%20class\u00e9\/sqlab-612-ergowave-active-s-tube\/"},"modified":"2024-03-12T11:31:48","modified_gmt":"2024-03-12T11:31:48","slug":"sqlab-612-ergowave-active-s-tube","status":"publish","type":"product","link":"https:\/\/bikefit.lu\/fr\/product\/sqlab-612-ergowave-active-s-tube\/","title":{"rendered":"SQlab 612 Ergowave Active S-Tube"},"content":{"rendered":"<ul>\n<li><strong>AJUSTEMENT PARFAIT<\/strong><br \/>\nUne selle de bonne largeur est indispensable pour obtenir des performances maximales.<br \/>\nLargeurs disponibles : 12 \/ 13 \/ 14 \/ 15 cm<\/li>\n<li><strong>ARRI\u00c8RE PLAT<\/strong><br \/>\nLa section post\u00e9rieure sur\u00e9lev\u00e9e offre un meilleur soutien vers l&#8217;arri\u00e8re et assure une transmission efficace de la puissance.<\/li>\n<li><strong>\u00c9CONOMISER L&#8217;\u00c9NERGIE<\/strong><br \/>\nLe profil ERGOWAVE\u00ae en forme de vague, qui s&#8217;\u00e9tend de l&#8217;arri\u00e8re vers l&#8217;avant, offre une forme parfaitement adapt\u00e9e \u00e0 la plupart des os de l&#8217;assise. Le cycliste n&#8217;a pas besoin d&#8217;\u00eatre assis dans une position inefficace et fatigante et toute l&#8217;\u00e9nergie peut \u00eatre utilis\u00e9e pour la propulsion vers l&#8217;avant.<\/li>\n<li><strong>BEC DE SELLE SURBAISS\u00c9<\/strong><br \/>\nLe bec de selle, plus bas que l&#8217;assise post\u00e9rieure, exerce moins de pression sur les zones sensibles des hommes et des femmes.<\/li>\n<li><strong>AVERTISSEMENT &#8211; UCI<\/strong><br \/>\n(R\u00e8glement de l&#8217;UCI : Le niveau moyen du nez de la selle ne doit pas se situer \u00e0 plus de 1 cm en dessous du point le plus haut de la selle). Nous demandons \u00e0 tous les cyclistes sur route qui participent \u00e0 des \u00e9preuves r\u00e9gies par l&#8217;UCI de monter la selle de mani\u00e8re \u00e0 ce que le nez pointe l\u00e9g\u00e8rement vers le haut. Pour tous les autres : Profitez des nombreux avantages de l&#8217;ergonomie parfaite de l&#8217;Ergowave\u00ae !<\/li>\n<li><strong>BIOM\u00c9CANIQUE<\/strong><br \/>\nLe mouvement du bassin jusqu&#8217;\u00e0 7\u00b0 est rendu possible par la technologie SQlab active qui, d&#8217;un point de vue biom\u00e9canique, simule le mouvement naturel de la marche et augmente l&#8217;efficacit\u00e9 du mouvement de p\u00e9dalage. En m\u00eame temps, les disques de la colonne vert\u00e9brale sont soulag\u00e9s et la pression sur les os de l&#8217;assise est r\u00e9duite.<\/li>\n<li><strong>TECHNOLOGIE ACTIVE R\u00c9GLABLE<\/strong><br \/>\nLa technologie active SQlab, qui a fait ses preuves, a \u00e9t\u00e9 adapt\u00e9e aux applications de course et de VTT et est d\u00e9sormais plus ferme. Disponible en trois densit\u00e9s : souple\/moyenne\/dure<\/li>\n<li><strong>DIP CENTRAL<\/strong><br \/>\nLe l\u00e9ger creux au centre de la selle r\u00e9duit la pression sur les tissus sensibles du p\u00e9rin\u00e9e.<\/li>\n<li><strong>BAS ET PLAT<\/strong><br \/>\nLe nez plat de la selle pr\u00e9sente une l\u00e9g\u00e8re courbure qui offre une surface de contact maximale et r\u00e9duit ainsi la pression. Cette forme permet d&#8217;obtenir un nez de selle \u00e9troit qui minimise les frottements \u00e0 l&#8217;int\u00e9rieur des cuisses pendant le p\u00e9dalage. Le concept MaxContact\u00ae de SQlab a fait ses preuves dans d&#8217;autres mod\u00e8les de course au fil des ans et a \u00e9t\u00e9 am\u00e9lior\u00e9 pour les nouveaux mod\u00e8les ERGOWAVE\u00ae.<\/li>\n<\/ul>\n","protected":false},"excerpt":{"rendered":"<p>La 612 Ergowave active est dot\u00e9e de la technologie active de SQlab, d&#8217;une section arri\u00e8re sur\u00e9lev\u00e9e et d&#8217;une forme ondul\u00e9e qui s&#8217;\u00e9tend de l&#8217;arri\u00e8re vers l&#8217;avant, ce qui le rend parfait pour une position de conduite dynamique sur la route ou en VTT.<br \/>\nLa 612 Ergowave active a \u00e9t\u00e9 sp\u00e9cialement con\u00e7ue pour r\u00e9pondre aux exigences des cyclistes de comp\u00e9tition et de loisir, sur route ou en VTT. La forme ondul\u00e9e et la section arri\u00e8re sur\u00e9lev\u00e9e offrent un soutien parfait \u00e0 l&#8217;arri\u00e8re et une r\u00e9partition optimale de la pression qui atteint les structures du corps en profondeur, ce qui am\u00e9liore la transmission de la puissance. L&#8217;abaissement du bec, combin\u00e9 \u00e0 l&#8217;inclinaison, offre un soulagement optimal de la pression dans la zone p\u00e9rin\u00e9ale. Le nez de la selle MaxContact\u00ae de SQlab, plat mais fin, et le rembourrage ferme de la 612 ont tous deux \u00e9t\u00e9 sp\u00e9cifiquement con\u00e7us pour les besoins du v\u00e9lo de route. La technologie active SQlab permet \u00e0 la selle de suivre le mouvement biom\u00e9canique lors du p\u00e9dalage, ce qui am\u00e9liore le confort, la mobilisation des disques vert\u00e9braux et la r\u00e9duction de la pression sur les os de l&#8217;assise.<\/p>\n<p><a href=\"https:\/\/www.sq-lab.com\/en\/ergonomics\/sqlab-measurement-concepts\/sit-bone-measurement\/\">D\u00e9terminez la largeur de votre selle<\/a><\/p>\n<p><img decoding=\"async\" src=\"https:\/\/i0.wp.com\/bikefit.lu\/wp-content\/uploads\/2022\/04\/widths.webp?resize=500%2C219&amp;ssl=1\"><\/p>\n<p><img decoding=\"async\" src=\"https:\/\/i0.wp.com\/bikefit.lu\/wp-content\/uploads\/2022\/01\/stretch_moderate-1.png?resize=460%2C84&amp;ssl=1\"><\/p>\n<p><a href=\"https:\/\/www.sq-lab.com\/en\/ergonomics\/sqlab-product-concepts\/ergowave\/\">En savoir plus sur l&#8217;<strong>ergonomie ERGOWAVE<\/strong><\/a><\/p>\n<p>&nbsp;<\/p>\n<p>&nbsp;<\/p>\n<p>https:\/\/youtu.be\/OxIknYHmW0w<\/p>\n","protected":false},"featured_media":89144,"comment_status":"closed","ping_status":"closed","template":"","meta":[],"product_brand":[],"product_cat":[4788,4772,4834,4773],"product_tag":[4944,5090,5124,5163,5129],"class_list":{"0":"post-79739","1":"product","2":"type-product","3":"status-publish","4":"has-post-thumbnail","6":"product_cat-sale-fr","7":"product_cat-offroad-contact-point-pelvis-fr","8":"product_cat-point-de-contact-bassin","9":"product_cat-road-contact-point-pelvis-fr","10":"product_tag-612-ergowave-active-s-tube-fr","11":"product_tag-mtb-race-fr","12":"product_tag-road-fr","13":"product_tag-selles","14":"product_tag-sqlab-fr","15":"product_shipping_class-large-items-fr","16":"pa_width-12-cm-fr","17":"pa_width-15-cm-fr","19":"first","20":"instock","21":"sale","22":"taxable","23":"shipping-taxable","24":"purchasable","25":"product-type-variable"},"yoast_head":"<!-- This site is optimized with the Yoast SEO Premium plugin v27.3 (Yoast SEO v27.3) - https:\/\/yoast.com\/product\/yoast-seo-premium-wordpress\/ -->\n<title>SQlab 612 Ergowave Active S-Tube - bikefit.lu<\/title>\n<meta name=\"robots\" content=\"index, follow, max-snippet:-1, max-image-preview:large, max-video-preview:-1\" \/>\n<link rel=\"canonical\" href=\"https:\/\/bikefit.lu\/fr\/product\/sqlab-612-ergowave-active-s-tube\/\" \/>\n<meta property=\"og:locale\" content=\"fr_FR\" \/>\n<meta property=\"og:type\" content=\"article\" \/>\n<meta property=\"og:title\" content=\"SQlab 612 Ergowave Active S-Tube\" \/>\n<meta property=\"og:description\" content=\"La 612 Ergowave active est dot\u00e9e de la technologie active de SQlab, d&#039;une section arri\u00e8re sur\u00e9lev\u00e9e et d&#039;une forme ondul\u00e9e qui s&#039;\u00e9tend de l&#039;arri\u00e8re vers l&#039;avant, ce qui le rend parfait pour une position de conduite dynamique sur la route ou en VTT. La 612 Ergowave active a \u00e9t\u00e9 sp\u00e9cialement con\u00e7ue pour r\u00e9pondre aux exigences des cyclistes de comp\u00e9tition et de loisir, sur route ou en VTT. La forme ondul\u00e9e et la section arri\u00e8re sur\u00e9lev\u00e9e offrent un soutien parfait \u00e0 l&#039;arri\u00e8re et une r\u00e9partition optimale de la pression qui atteint les structures du corps en profondeur, ce qui am\u00e9liore la transmission de la puissance. L&#039;abaissement du bec, combin\u00e9 \u00e0 l&#039;inclinaison, offre un soulagement optimal de la pression dans la zone p\u00e9rin\u00e9ale. Le nez de la selle MaxContact\u00ae de SQlab, plat mais fin, et le rembourrage ferme de la 612 ont tous deux \u00e9t\u00e9 sp\u00e9cifiquement con\u00e7us pour les besoins du v\u00e9lo de route. La technologie active SQlab permet \u00e0 la selle de suivre le mouvement biom\u00e9canique lors du p\u00e9dalage, ce qui am\u00e9liore le confort, la mobilisation des disques vert\u00e9braux et la r\u00e9duction de la pression sur les os de l&#039;assise. D\u00e9terminez la largeur de votre selle   En savoir plus sur l&#039;ergonomie ERGOWAVE &nbsp; &nbsp; https:\/\/youtu.be\/OxIknYHmW0w\" \/>\n<meta property=\"og:url\" content=\"https:\/\/bikefit.lu\/fr\/product\/sqlab-612-ergowave-active-s-tube\/\" \/>\n<meta property=\"og:site_name\" content=\"bikefit.lu\" \/>\n<meta property=\"article:modified_time\" content=\"2024-03-12T11:31:48+00:00\" \/>\n<meta property=\"og:image\" content=\"https:\/\/bikefit.lu\/wp-content\/uploads\/2022\/01\/sqlab-sattel-612-ergowave-active-1-893109.jpg\" \/>\n\t<meta property=\"og:image:width\" content=\"720\" \/>\n\t<meta property=\"og:image:height\" content=\"720\" \/>\n\t<meta property=\"og:image:type\" content=\"image\/jpeg\" \/>\n<meta name=\"twitter:card\" content=\"summary_large_image\" \/>\n<meta name=\"twitter:label1\" content=\"Disponibilit\u00e9\" \/>\n\t<meta name=\"twitter:data1\" content=\"En stock\" \/>\n<script type=\"application\/ld+json\" class=\"yoast-schema-graph\">{\"@context\":\"https:\\\/\\\/schema.org\",\"@graph\":[{\"@type\":\"WebPage\",\"@id\":\"https:\\\/\\\/bikefit.lu\\\/fr\\\/product\\\/sqlab-612-ergowave-active-s-tube\\\/\",\"url\":\"https:\\\/\\\/bikefit.lu\\\/fr\\\/product\\\/sqlab-612-ergowave-active-s-tube\\\/\",\"name\":\"SQlab 612 Ergowave Active S-Tube - bikefit.lu\",\"isPartOf\":{\"@id\":\"https:\\\/\\\/bikefit.lu\\\/fr\\\/#website\"},\"primaryImageOfPage\":{\"@id\":\"https:\\\/\\\/bikefit.lu\\\/fr\\\/product\\\/sqlab-612-ergowave-active-s-tube\\\/#primaryimage\"},\"image\":{\"@id\":\"https:\\\/\\\/bikefit.lu\\\/fr\\\/product\\\/sqlab-612-ergowave-active-s-tube\\\/#primaryimage\"},\"thumbnailUrl\":\"https:\\\/\\\/bikefit.lu\\\/wp-content\\\/uploads\\\/2022\\\/01\\\/sqlab-sattel-612-ergowave-active-1-893109.jpg\",\"datePublished\":\"2022-01-22T14:24:46+00:00\",\"dateModified\":\"2024-03-12T11:31:48+00:00\",\"breadcrumb\":{\"@id\":\"https:\\\/\\\/bikefit.lu\\\/fr\\\/product\\\/sqlab-612-ergowave-active-s-tube\\\/#breadcrumb\"},\"inLanguage\":\"fr-FR\",\"potentialAction\":[{\"@type\":\"ReadAction\",\"target\":[\"https:\\\/\\\/bikefit.lu\\\/fr\\\/product\\\/sqlab-612-ergowave-active-s-tube\\\/\"]}]},{\"@type\":\"ImageObject\",\"inLanguage\":\"fr-FR\",\"@id\":\"https:\\\/\\\/bikefit.lu\\\/fr\\\/product\\\/sqlab-612-ergowave-active-s-tube\\\/#primaryimage\",\"url\":\"https:\\\/\\\/bikefit.lu\\\/wp-content\\\/uploads\\\/2022\\\/01\\\/sqlab-sattel-612-ergowave-active-1-893109.jpg\",\"contentUrl\":\"https:\\\/\\\/bikefit.lu\\\/wp-content\\\/uploads\\\/2022\\\/01\\\/sqlab-sattel-612-ergowave-active-1-893109.jpg\",\"width\":720,\"height\":720},{\"@type\":\"BreadcrumbList\",\"@id\":\"https:\\\/\\\/bikefit.lu\\\/fr\\\/product\\\/sqlab-612-ergowave-active-s-tube\\\/#breadcrumb\",\"itemListElement\":[{\"@type\":\"ListItem\",\"position\":1,\"name\":\"Home\",\"item\":\"https:\\\/\\\/bikefit.lu\\\/fr\\\/\"},{\"@type\":\"ListItem\",\"position\":2,\"name\":\"Produits\",\"item\":\"https:\\\/\\\/bikefit.lu\\\/fr\\\/shop\\\/\"},{\"@type\":\"ListItem\",\"position\":3,\"name\":\"SQlab 612 Ergowave Active S-Tube\"}]},{\"@type\":\"WebSite\",\"@id\":\"https:\\\/\\\/bikefit.lu\\\/fr\\\/#website\",\"url\":\"https:\\\/\\\/bikefit.lu\\\/fr\\\/\",\"name\":\"bikefit.lu\",\"description\":\"IMPROVING CYCLING\",\"publisher\":{\"@id\":\"https:\\\/\\\/bikefit.lu\\\/fr\\\/#\\\/schema\\\/person\\\/379af1263474d2f8cd1f41c2bd90273d\"},\"potentialAction\":[{\"@type\":\"SearchAction\",\"target\":{\"@type\":\"EntryPoint\",\"urlTemplate\":\"https:\\\/\\\/bikefit.lu\\\/fr\\\/?s={search_term_string}\"},\"query-input\":{\"@type\":\"PropertyValueSpecification\",\"valueRequired\":true,\"valueName\":\"search_term_string\"}}],\"inLanguage\":\"fr-FR\"},{\"@type\":[\"Person\",\"Organization\"],\"@id\":\"https:\\\/\\\/bikefit.lu\\\/fr\\\/#\\\/schema\\\/person\\\/379af1263474d2f8cd1f41c2bd90273d\",\"name\":\"Patrick Guillaume\",\"image\":{\"@type\":\"ImageObject\",\"inLanguage\":\"fr-FR\",\"@id\":\"https:\\\/\\\/bikefit.lu\\\/wp-content\\\/uploads\\\/2024\\\/12\\\/cropped-bikefit-logoURL-RGB-jpg.jpg\",\"url\":\"https:\\\/\\\/bikefit.lu\\\/wp-content\\\/uploads\\\/2024\\\/12\\\/cropped-bikefit-logoURL-RGB-jpg.jpg\",\"contentUrl\":\"https:\\\/\\\/bikefit.lu\\\/wp-content\\\/uploads\\\/2024\\\/12\\\/cropped-bikefit-logoURL-RGB-jpg.jpg\",\"width\":512,\"height\":512,\"caption\":\"Patrick Guillaume\"},\"logo\":{\"@id\":\"https:\\\/\\\/bikefit.lu\\\/wp-content\\\/uploads\\\/2024\\\/12\\\/cropped-bikefit-logoURL-RGB-jpg.jpg\"},\"sameAs\":[\"https:\\\/\\\/bikefit.lu\"],\"honorificPrefix\":\"Mr\",\"birthDate\":\"1966-11-18\",\"gender\":\"male\",\"knowsAbout\":[\"Bike-fitting\"],\"knowsLanguage\":[\"English\",\"French\",\"German\",\"Luxembourgish\"]}]}<\/script>\n<meta property=\"og:availability\" content=\"instock\" \/>\n<meta property=\"product:availability\" content=\"instock\" \/>\n<meta property=\"product:condition\" content=\"new\" \/>\n<!-- \/ Yoast SEO Premium plugin. -->","yoast_head_json":{"title":"SQlab 612 Ergowave Active S-Tube - bikefit.lu","robots":{"index":"index","follow":"follow","max-snippet":"max-snippet:-1","max-image-preview":"max-image-preview:large","max-video-preview":"max-video-preview:-1"},"canonical":"https:\/\/bikefit.lu\/fr\/product\/sqlab-612-ergowave-active-s-tube\/","og_locale":"fr_FR","og_type":"article","og_title":"SQlab 612 Ergowave Active S-Tube","og_description":"La 612 Ergowave active est dot\u00e9e de la technologie active de SQlab, d'une section arri\u00e8re sur\u00e9lev\u00e9e et d'une forme ondul\u00e9e qui s'\u00e9tend de l'arri\u00e8re vers l'avant, ce qui le rend parfait pour une position de conduite dynamique sur la route ou en VTT. La 612 Ergowave active a \u00e9t\u00e9 sp\u00e9cialement con\u00e7ue pour r\u00e9pondre aux exigences des cyclistes de comp\u00e9tition et de loisir, sur route ou en VTT. La forme ondul\u00e9e et la section arri\u00e8re sur\u00e9lev\u00e9e offrent un soutien parfait \u00e0 l'arri\u00e8re et une r\u00e9partition optimale de la pression qui atteint les structures du corps en profondeur, ce qui am\u00e9liore la transmission de la puissance. L'abaissement du bec, combin\u00e9 \u00e0 l'inclinaison, offre un soulagement optimal de la pression dans la zone p\u00e9rin\u00e9ale. Le nez de la selle MaxContact\u00ae de SQlab, plat mais fin, et le rembourrage ferme de la 612 ont tous deux \u00e9t\u00e9 sp\u00e9cifiquement con\u00e7us pour les besoins du v\u00e9lo de route. La technologie active SQlab permet \u00e0 la selle de suivre le mouvement biom\u00e9canique lors du p\u00e9dalage, ce qui am\u00e9liore le confort, la mobilisation des disques vert\u00e9braux et la r\u00e9duction de la pression sur les os de l'assise. D\u00e9terminez la largeur de votre selle   En savoir plus sur l'ergonomie ERGOWAVE &nbsp; &nbsp; https:\/\/youtu.be\/OxIknYHmW0w","og_url":"https:\/\/bikefit.lu\/fr\/product\/sqlab-612-ergowave-active-s-tube\/","og_site_name":"bikefit.lu","article_modified_time":"2024-03-12T11:31:48+00:00","og_image":[{"width":720,"height":720,"url":"https:\/\/bikefit.lu\/wp-content\/uploads\/2022\/01\/sqlab-sattel-612-ergowave-active-1-893109.jpg","type":"image\/jpeg"}],"twitter_card":"summary_large_image","twitter_misc":{"Disponibilit\u00e9":"En stock"},"schema":{"@context":"https:\/\/schema.org","@graph":[{"@type":"WebPage","@id":"https:\/\/bikefit.lu\/fr\/product\/sqlab-612-ergowave-active-s-tube\/","url":"https:\/\/bikefit.lu\/fr\/product\/sqlab-612-ergowave-active-s-tube\/","name":"SQlab 612 Ergowave Active S-Tube - bikefit.lu","isPartOf":{"@id":"https:\/\/bikefit.lu\/fr\/#website"},"primaryImageOfPage":{"@id":"https:\/\/bikefit.lu\/fr\/product\/sqlab-612-ergowave-active-s-tube\/#primaryimage"},"image":{"@id":"https:\/\/bikefit.lu\/fr\/product\/sqlab-612-ergowave-active-s-tube\/#primaryimage"},"thumbnailUrl":"https:\/\/bikefit.lu\/wp-content\/uploads\/2022\/01\/sqlab-sattel-612-ergowave-active-1-893109.jpg","datePublished":"2022-01-22T14:24:46+00:00","dateModified":"2024-03-12T11:31:48+00:00","breadcrumb":{"@id":"https:\/\/bikefit.lu\/fr\/product\/sqlab-612-ergowave-active-s-tube\/#breadcrumb"},"inLanguage":"fr-FR","potentialAction":[{"@type":"ReadAction","target":["https:\/\/bikefit.lu\/fr\/product\/sqlab-612-ergowave-active-s-tube\/"]}]},{"@type":"ImageObject","inLanguage":"fr-FR","@id":"https:\/\/bikefit.lu\/fr\/product\/sqlab-612-ergowave-active-s-tube\/#primaryimage","url":"https:\/\/bikefit.lu\/wp-content\/uploads\/2022\/01\/sqlab-sattel-612-ergowave-active-1-893109.jpg","contentUrl":"https:\/\/bikefit.lu\/wp-content\/uploads\/2022\/01\/sqlab-sattel-612-ergowave-active-1-893109.jpg","width":720,"height":720},{"@type":"BreadcrumbList","@id":"https:\/\/bikefit.lu\/fr\/product\/sqlab-612-ergowave-active-s-tube\/#breadcrumb","itemListElement":[{"@type":"ListItem","position":1,"name":"Home","item":"https:\/\/bikefit.lu\/fr\/"},{"@type":"ListItem","position":2,"name":"Produits","item":"https:\/\/bikefit.lu\/fr\/shop\/"},{"@type":"ListItem","position":3,"name":"SQlab 612 Ergowave Active S-Tube"}]},{"@type":"WebSite","@id":"https:\/\/bikefit.lu\/fr\/#website","url":"https:\/\/bikefit.lu\/fr\/","name":"bikefit.lu","description":"IMPROVING CYCLING","publisher":{"@id":"https:\/\/bikefit.lu\/fr\/#\/schema\/person\/379af1263474d2f8cd1f41c2bd90273d"},"potentialAction":[{"@type":"SearchAction","target":{"@type":"EntryPoint","urlTemplate":"https:\/\/bikefit.lu\/fr\/?s={search_term_string}"},"query-input":{"@type":"PropertyValueSpecification","valueRequired":true,"valueName":"search_term_string"}}],"inLanguage":"fr-FR"},{"@type":["Person","Organization"],"@id":"https:\/\/bikefit.lu\/fr\/#\/schema\/person\/379af1263474d2f8cd1f41c2bd90273d","name":"Patrick Guillaume","image":{"@type":"ImageObject","inLanguage":"fr-FR","@id":"https:\/\/bikefit.lu\/wp-content\/uploads\/2024\/12\/cropped-bikefit-logoURL-RGB-jpg.jpg","url":"https:\/\/bikefit.lu\/wp-content\/uploads\/2024\/12\/cropped-bikefit-logoURL-RGB-jpg.jpg","contentUrl":"https:\/\/bikefit.lu\/wp-content\/uploads\/2024\/12\/cropped-bikefit-logoURL-RGB-jpg.jpg","width":512,"height":512,"caption":"Patrick Guillaume"},"logo":{"@id":"https:\/\/bikefit.lu\/wp-content\/uploads\/2024\/12\/cropped-bikefit-logoURL-RGB-jpg.jpg"},"sameAs":["https:\/\/bikefit.lu"],"honorificPrefix":"Mr","birthDate":"1966-11-18","gender":"male","knowsAbout":["Bike-fitting"],"knowsLanguage":["English","French","German","Luxembourgish"]}]},"og_availability":"instock","product_availability":"instock","product_condition":"new"},"_links":{"self":[{"href":"https:\/\/bikefit.lu\/fr\/wp-json\/wp\/v2\/product\/79739","targetHints":{"allow":["GET"]}}],"collection":[{"href":"https:\/\/bikefit.lu\/fr\/wp-json\/wp\/v2\/product"}],"about":[{"href":"https:\/\/bikefit.lu\/fr\/wp-json\/wp\/v2\/types\/product"}],"replies":[{"embeddable":true,"href":"https:\/\/bikefit.lu\/fr\/wp-json\/wp\/v2\/comments?post=79739"}],"version-history":[{"count":0,"href":"https:\/\/bikefit.lu\/fr\/wp-json\/wp\/v2\/product\/79739\/revisions"}],"wp:featuredmedia":[{"embeddable":true,"href":"https:\/\/bikefit.lu\/fr\/wp-json\/wp\/v2\/media\/89144"}],"wp:attachment":[{"href":"https:\/\/bikefit.lu\/fr\/wp-json\/wp\/v2\/media?parent=79739"}],"wp:term":[{"taxonomy":"product_brand","embeddable":true,"href":"https:\/\/bikefit.lu\/fr\/wp-json\/wp\/v2\/product_brand?post=79739"},{"taxonomy":"product_cat","embeddable":true,"href":"https:\/\/bikefit.lu\/fr\/wp-json\/wp\/v2\/product_cat?post=79739"},{"taxonomy":"product_tag","embeddable":true,"href":"https:\/\/bikefit.lu\/fr\/wp-json\/wp\/v2\/product_tag?post=79739"}],"curies":[{"name":"wp","href":"https:\/\/api.w.org\/{rel}","templated":true}]}}