{"id":79749,"date":"2020-12-19T09:30:40","date_gmt":"2020-12-19T09:30:40","guid":{"rendered":"https:\/\/staging.bikefit.lu\/shop\/non%20class\u00e9\/gebiomized-stride\/"},"modified":"2025-04-23T12:14:34","modified_gmt":"2025-04-23T10:14:34","slug":"gebiomized-stride","status":"publish","type":"product","link":"https:\/\/bikefit.lu\/fr\/product\/gebiomized-stride\/","title":{"rendered":"gebioMized Stride"},"content":{"rendered":"<p><strong>FORME<\/strong><\/p>\n<p>Le m\u00e9lange id\u00e9al d\u2019une grande surface de contact pour plus de confort et beaucoup d\u2019espace pour les jambes pour un meilleur a\u00e9rodynamisme. La selle est maintenue assez \u00e9troite au milieu, permettant au bassin de pivoter fortement vers l\u2019avant et en m\u00eame temps de r\u00e9duire les d\u00e9placements impopulaires de la selle. M\u00eame dans une position a\u00e9rodynamiquement optimis\u00e9e, l\u2019athl\u00e8te est assis l\u00e9g\u00e8rement plus en arri\u00e8re, ce qui se traduit par une plus grande surface de contact et un plus grand confort.<\/p>\n<p><strong>MAT\u00c9RIEL<\/strong><\/p>\n<ul>\n<li>Coque<strong style=\"font-style: inherit;\">:<\/strong> Composition de carbone et nylon<\/li>\n<li>Coque<strong style=\"font-style: inherit;\">:<\/strong> Composition de carbone et nylon Mousse: Mousse EVA haut de gamme, con\u00e7ue pour les longues sorties.<\/li>\n<li>Rails: Rails en titane avec amortissement am\u00e9lior\u00e9<\/li>\n<\/ul>\n<p><strong>DIMENSIONS<\/strong><\/p>\n<ul>\n<li>Stride N + S<strong style=\"font-style: inherit;\">:<\/strong> 245 x 130 millim\u00e8tres<\/li>\n<\/ul>\n<p><strong>POIDS<\/strong><\/p>\n<ul>\n<li>Stride N + S<strong style=\"font-style: inherit;\">:<\/strong> environ 260 g<\/li>\n<\/ul>\n","protected":false},"excerpt":{"rendered":"<p><strong>QUAND LE CONFORT EST A\u00c9RO<\/strong><\/p>\n<p>La gebioMized Stride constitue la r\u00e9ponse aux probl\u00e9matiques fondamentales rencontr\u00e9es par les triathl\u00e8tes et les coureurs contre-la-montre, particuli\u00e8rement lors des \u00e9preuves de longue distance, ainsi que durant leur pr\u00e9paration. En effet, la Stride n&#8217;a pas \u00e9t\u00e9 con\u00e7ue uniquement dans le but de minimiser le ph\u00e9nom\u00e8ne ind\u00e9sirable de &#8216;glissement&#8217;, c&#8217;est-\u00e0-dire le d\u00e9placement continu vers l&#8217;avant sur la selle n\u00e9cessitant un repositionnement actif. Gr\u00e2ce \u00e0 sa forme sp\u00e9cifique, il permet \u00e9galement d&#8217;adopter deux positions de conduite distinctes avec une configuration identique du v\u00e9lo. Les triathl\u00e8tes de longue distance sont particuli\u00e8rement \u00e0 m\u00eame d&#8217;appr\u00e9cier la valeur inestimable de cette caract\u00e9ristique. En outre, conscients que la perception de la pression varie selon les athl\u00e8tes, nous proposons la Stride en deux densit\u00e9s : la Stride N, dot\u00e9e d&#8217;une densit\u00e9 standard neutre, et la Stride S, version l\u00e9g\u00e8rement plus souple.    <\/p>\n<p>&nbsp;<\/p>\n<p><strong>T\u00c9MOIGNAGES<\/strong><\/p>\n<p><strong>ANNE HAUG<\/strong>, Triathl\u00e8te professionnellle<\/p>\n<p>\u00abLa selle m\u2019aide \u00e0 garder ma position a\u00e9rodynamique plus longtemps. Mon bassin est tr\u00e8s stable. Cela me permet de transf\u00e9rer toute la puissance que j\u2019investis vers la p\u00e9dale. Cela signifie \u00e0 la fois des gains de performances et de confort. \u00bb<\/p>\n<p><strong style=\"font-style: inherit;\"><em>Succ\u00e8s<\/em><\/strong>: Champion du monde Ironman \u00e0 Hawa\u00ef 2019 | Bronze 70.3 Championnats du monde 2018 | Vainqueur Ironman Kopenhagen 2019 | Record allemand: 8:31:32<\/p>\n<p>Choix des armes<strong style=\"font-style: inherit;\">:<\/strong> gebioMized Stride S (Triathlon) | GebioMized Area 145 Channel (route)<\/p>\n<p>&nbsp;<\/p>\n<p><strong>DANIELA BLEYMEHL<\/strong>, Triathl\u00e8te professionnelle<\/p>\n<p>&#8220;Apr\u00e8s avoir essay\u00e9 la selle en laboratoire, j\u2019ai \u00e9t\u00e9 \u00e9tonn\u00e9 par ses performances dans le\u201c monde r\u00e9el \u201d. Je ne peux plus imaginer rouler sans. Je l\u2019aime vraiment.\u201d<\/p>\n<p><em>R\u00e9alisations<\/em><strong style=\"font-style: inherit;\">:<\/strong> Vainqueur Challenge Roth 2018 | Vainqueur Ironman Italie 2018 | Vainqueur Ironman Hamburg 2017<\/p>\n<p>Choix des armes: gebioMized Stride N (Triathlon) | GebioMized Sleak 145 Channel (route)<\/p>\n","protected":false},"featured_media":88853,"comment_status":"closed","ping_status":"closed","template":"","meta":[],"product_brand":[],"product_cat":[4834,4776],"product_tag":[5193,5208,5163,5148,5183],"class_list":{"0":"post-79749","1":"product","2":"type-product","3":"status-publish","4":"has-post-thumbnail","6":"product_cat-point-de-contact-bassin","7":"product_cat-tri-tt-en-fr","8":"product_tag-contre-la-montre","9":"product_tag-gebiomized-fr","10":"product_tag-selles","11":"product_tag-stride-fr","12":"product_tag-triathlon-fr","13":"product_shipping_class-large-items-fr","15":"first","16":"instock","17":"taxable","18":"shipping-taxable","19":"purchasable","20":"product-type-variable"},"yoast_head":"<!-- This site is optimized with the Yoast SEO Premium plugin v27.3 (Yoast SEO v27.3) - https:\/\/yoast.com\/product\/yoast-seo-premium-wordpress\/ -->\n<title>gebioMized Stride - bikefit.lu<\/title>\n<meta name=\"robots\" content=\"index, follow, max-snippet:-1, max-image-preview:large, max-video-preview:-1\" \/>\n<link rel=\"canonical\" href=\"https:\/\/bikefit.lu\/fr\/product\/gebiomized-stride\/\" \/>\n<meta property=\"og:locale\" content=\"fr_FR\" \/>\n<meta property=\"og:type\" content=\"article\" \/>\n<meta property=\"og:title\" content=\"gebioMized Stride\" \/>\n<meta property=\"og:description\" content=\"QUAND LE CONFORT EST A\u00c9RO La gebioMized Stride constitue la r\u00e9ponse aux probl\u00e9matiques fondamentales rencontr\u00e9es par les triathl\u00e8tes et les coureurs contre-la-montre, particuli\u00e8rement lors des \u00e9preuves de longue distance, ainsi que durant leur pr\u00e9paration. En effet, la Stride n&#039;a pas \u00e9t\u00e9 con\u00e7ue uniquement dans le but de minimiser le ph\u00e9nom\u00e8ne ind\u00e9sirable de &#039;glissement&#039;, c&#039;est-\u00e0-dire le d\u00e9placement continu vers l&#039;avant sur la selle n\u00e9cessitant un repositionnement actif. Gr\u00e2ce \u00e0 sa forme sp\u00e9cifique, il permet \u00e9galement d&#039;adopter deux positions de conduite distinctes avec une configuration identique du v\u00e9lo. Les triathl\u00e8tes de longue distance sont particuli\u00e8rement \u00e0 m\u00eame d&#039;appr\u00e9cier la valeur inestimable de cette caract\u00e9ristique. En outre, conscients que la perception de la pression varie selon les athl\u00e8tes, nous proposons la Stride en deux densit\u00e9s : la Stride N, dot\u00e9e d&#039;une densit\u00e9 standard neutre, et la Stride S, version l\u00e9g\u00e8rement plus souple.   &nbsp; T\u00c9MOIGNAGES ANNE HAUG, Triathl\u00e8te professionnellle \u00abLa selle m\u2019aide \u00e0 garder ma position a\u00e9rodynamique plus longtemps. Mon bassin est tr\u00e8s stable. Cela me permet de transf\u00e9rer toute la puissance que j\u2019investis vers la p\u00e9dale. Cela signifie \u00e0 la fois des gains de performances et de confort. \u00bb Succ\u00e8s: Champion du monde Ironman \u00e0 Hawa\u00ef 2019 | Bronze 70.3 Championnats du monde 2018 | Vainqueur Ironman Kopenhagen 2019 | Record allemand: 8:31:32 Choix des armes: gebioMized Stride S (Triathlon) | GebioMized Area 145 Channel (route) &nbsp; DANIELA BLEYMEHL, Triathl\u00e8te professionnelle &quot;Apr\u00e8s avoir essay\u00e9 la selle en laboratoire, j\u2019ai \u00e9t\u00e9 \u00e9tonn\u00e9 par ses performances dans le\u201c monde r\u00e9el \u201d. Je ne peux plus imaginer rouler sans. Je l\u2019aime vraiment.\u201d R\u00e9alisations: Vainqueur Challenge Roth 2018 | Vainqueur Ironman Italie 2018 | Vainqueur Ironman Hamburg 2017 Choix des armes: gebioMized Stride N (Triathlon) | GebioMized Sleak 145 Channel (route)\" \/>\n<meta property=\"og:url\" content=\"https:\/\/bikefit.lu\/fr\/product\/gebiomized-stride\/\" \/>\n<meta property=\"og:site_name\" content=\"bikefit.lu\" \/>\n<meta property=\"article:modified_time\" content=\"2025-04-23T10:14:34+00:00\" \/>\n<meta property=\"og:image\" content=\"https:\/\/bikefit.lu\/wp-content\/uploads\/2022\/06\/1920x1280_stride_IMG_8096-1030x687-1.jpg\" \/>\n\t<meta property=\"og:image:width\" content=\"1030\" \/>\n\t<meta property=\"og:image:height\" content=\"687\" \/>\n\t<meta property=\"og:image:type\" content=\"image\/jpeg\" \/>\n<meta name=\"twitter:card\" content=\"summary_large_image\" \/>\n<meta name=\"twitter:label1\" content=\"Disponibilit\u00e9\" \/>\n\t<meta name=\"twitter:data1\" content=\"En stock\" \/>\n<script type=\"application\/ld+json\" class=\"yoast-schema-graph\">{\"@context\":\"https:\\\/\\\/schema.org\",\"@graph\":[{\"@type\":\"WebPage\",\"@id\":\"https:\\\/\\\/bikefit.lu\\\/fr\\\/product\\\/gebiomized-stride\\\/\",\"url\":\"https:\\\/\\\/bikefit.lu\\\/fr\\\/product\\\/gebiomized-stride\\\/\",\"name\":\"gebioMized Stride - bikefit.lu\",\"isPartOf\":{\"@id\":\"https:\\\/\\\/bikefit.lu\\\/fr\\\/#website\"},\"primaryImageOfPage\":{\"@id\":\"https:\\\/\\\/bikefit.lu\\\/fr\\\/product\\\/gebiomized-stride\\\/#primaryimage\"},\"image\":{\"@id\":\"https:\\\/\\\/bikefit.lu\\\/fr\\\/product\\\/gebiomized-stride\\\/#primaryimage\"},\"thumbnailUrl\":\"https:\\\/\\\/bikefit.lu\\\/wp-content\\\/uploads\\\/2022\\\/06\\\/1920x1280_stride_IMG_8096-1030x687-1.jpg\",\"datePublished\":\"2020-12-19T09:30:40+00:00\",\"dateModified\":\"2025-04-23T10:14:34+00:00\",\"breadcrumb\":{\"@id\":\"https:\\\/\\\/bikefit.lu\\\/fr\\\/product\\\/gebiomized-stride\\\/#breadcrumb\"},\"inLanguage\":\"fr-FR\",\"potentialAction\":[{\"@type\":\"ReadAction\",\"target\":[\"https:\\\/\\\/bikefit.lu\\\/fr\\\/product\\\/gebiomized-stride\\\/\"]}]},{\"@type\":\"ImageObject\",\"inLanguage\":\"fr-FR\",\"@id\":\"https:\\\/\\\/bikefit.lu\\\/fr\\\/product\\\/gebiomized-stride\\\/#primaryimage\",\"url\":\"https:\\\/\\\/bikefit.lu\\\/wp-content\\\/uploads\\\/2022\\\/06\\\/1920x1280_stride_IMG_8096-1030x687-1.jpg\",\"contentUrl\":\"https:\\\/\\\/bikefit.lu\\\/wp-content\\\/uploads\\\/2022\\\/06\\\/1920x1280_stride_IMG_8096-1030x687-1.jpg\",\"width\":1030,\"height\":687},{\"@type\":\"BreadcrumbList\",\"@id\":\"https:\\\/\\\/bikefit.lu\\\/fr\\\/product\\\/gebiomized-stride\\\/#breadcrumb\",\"itemListElement\":[{\"@type\":\"ListItem\",\"position\":1,\"name\":\"Home\",\"item\":\"https:\\\/\\\/bikefit.lu\\\/fr\\\/\"},{\"@type\":\"ListItem\",\"position\":2,\"name\":\"Produits\",\"item\":\"https:\\\/\\\/bikefit.lu\\\/fr\\\/shop\\\/\"},{\"@type\":\"ListItem\",\"position\":3,\"name\":\"gebioMized Stride\"}]},{\"@type\":\"WebSite\",\"@id\":\"https:\\\/\\\/bikefit.lu\\\/fr\\\/#website\",\"url\":\"https:\\\/\\\/bikefit.lu\\\/fr\\\/\",\"name\":\"bikefit.lu\",\"description\":\"IMPROVING CYCLING\",\"publisher\":{\"@id\":\"https:\\\/\\\/bikefit.lu\\\/fr\\\/#\\\/schema\\\/person\\\/379af1263474d2f8cd1f41c2bd90273d\"},\"potentialAction\":[{\"@type\":\"SearchAction\",\"target\":{\"@type\":\"EntryPoint\",\"urlTemplate\":\"https:\\\/\\\/bikefit.lu\\\/fr\\\/?s={search_term_string}\"},\"query-input\":{\"@type\":\"PropertyValueSpecification\",\"valueRequired\":true,\"valueName\":\"search_term_string\"}}],\"inLanguage\":\"fr-FR\"},{\"@type\":[\"Person\",\"Organization\"],\"@id\":\"https:\\\/\\\/bikefit.lu\\\/fr\\\/#\\\/schema\\\/person\\\/379af1263474d2f8cd1f41c2bd90273d\",\"name\":\"Patrick Guillaume\",\"image\":{\"@type\":\"ImageObject\",\"inLanguage\":\"fr-FR\",\"@id\":\"https:\\\/\\\/bikefit.lu\\\/wp-content\\\/uploads\\\/2024\\\/12\\\/cropped-bikefit-logoURL-RGB-jpg.jpg\",\"url\":\"https:\\\/\\\/bikefit.lu\\\/wp-content\\\/uploads\\\/2024\\\/12\\\/cropped-bikefit-logoURL-RGB-jpg.jpg\",\"contentUrl\":\"https:\\\/\\\/bikefit.lu\\\/wp-content\\\/uploads\\\/2024\\\/12\\\/cropped-bikefit-logoURL-RGB-jpg.jpg\",\"width\":512,\"height\":512,\"caption\":\"Patrick Guillaume\"},\"logo\":{\"@id\":\"https:\\\/\\\/bikefit.lu\\\/wp-content\\\/uploads\\\/2024\\\/12\\\/cropped-bikefit-logoURL-RGB-jpg.jpg\"},\"sameAs\":[\"https:\\\/\\\/bikefit.lu\"],\"honorificPrefix\":\"Mr\",\"birthDate\":\"1966-11-18\",\"gender\":\"male\",\"knowsAbout\":[\"Bike-fitting\"],\"knowsLanguage\":[\"English\",\"French\",\"German\",\"Luxembourgish\"]}]}<\/script>\n<meta property=\"og:availability\" content=\"instock\" \/>\n<meta property=\"product:availability\" content=\"instock\" \/>\n<meta property=\"product:condition\" content=\"new\" \/>\n<!-- \/ Yoast SEO Premium plugin. -->","yoast_head_json":{"title":"gebioMized Stride - bikefit.lu","robots":{"index":"index","follow":"follow","max-snippet":"max-snippet:-1","max-image-preview":"max-image-preview:large","max-video-preview":"max-video-preview:-1"},"canonical":"https:\/\/bikefit.lu\/fr\/product\/gebiomized-stride\/","og_locale":"fr_FR","og_type":"article","og_title":"gebioMized Stride","og_description":"QUAND LE CONFORT EST A\u00c9RO La gebioMized Stride constitue la r\u00e9ponse aux probl\u00e9matiques fondamentales rencontr\u00e9es par les triathl\u00e8tes et les coureurs contre-la-montre, particuli\u00e8rement lors des \u00e9preuves de longue distance, ainsi que durant leur pr\u00e9paration. En effet, la Stride n'a pas \u00e9t\u00e9 con\u00e7ue uniquement dans le but de minimiser le ph\u00e9nom\u00e8ne ind\u00e9sirable de 'glissement', c'est-\u00e0-dire le d\u00e9placement continu vers l'avant sur la selle n\u00e9cessitant un repositionnement actif. Gr\u00e2ce \u00e0 sa forme sp\u00e9cifique, il permet \u00e9galement d'adopter deux positions de conduite distinctes avec une configuration identique du v\u00e9lo. Les triathl\u00e8tes de longue distance sont particuli\u00e8rement \u00e0 m\u00eame d'appr\u00e9cier la valeur inestimable de cette caract\u00e9ristique. En outre, conscients que la perception de la pression varie selon les athl\u00e8tes, nous proposons la Stride en deux densit\u00e9s : la Stride N, dot\u00e9e d'une densit\u00e9 standard neutre, et la Stride S, version l\u00e9g\u00e8rement plus souple.   &nbsp; T\u00c9MOIGNAGES ANNE HAUG, Triathl\u00e8te professionnellle \u00abLa selle m\u2019aide \u00e0 garder ma position a\u00e9rodynamique plus longtemps. Mon bassin est tr\u00e8s stable. Cela me permet de transf\u00e9rer toute la puissance que j\u2019investis vers la p\u00e9dale. Cela signifie \u00e0 la fois des gains de performances et de confort. \u00bb Succ\u00e8s: Champion du monde Ironman \u00e0 Hawa\u00ef 2019 | Bronze 70.3 Championnats du monde 2018 | Vainqueur Ironman Kopenhagen 2019 | Record allemand: 8:31:32 Choix des armes: gebioMized Stride S (Triathlon) | GebioMized Area 145 Channel (route) &nbsp; DANIELA BLEYMEHL, Triathl\u00e8te professionnelle \"Apr\u00e8s avoir essay\u00e9 la selle en laboratoire, j\u2019ai \u00e9t\u00e9 \u00e9tonn\u00e9 par ses performances dans le\u201c monde r\u00e9el \u201d. Je ne peux plus imaginer rouler sans. Je l\u2019aime vraiment.\u201d R\u00e9alisations: Vainqueur Challenge Roth 2018 | Vainqueur Ironman Italie 2018 | Vainqueur Ironman Hamburg 2017 Choix des armes: gebioMized Stride N (Triathlon) | GebioMized Sleak 145 Channel (route)","og_url":"https:\/\/bikefit.lu\/fr\/product\/gebiomized-stride\/","og_site_name":"bikefit.lu","article_modified_time":"2025-04-23T10:14:34+00:00","og_image":[{"width":1030,"height":687,"url":"https:\/\/bikefit.lu\/wp-content\/uploads\/2022\/06\/1920x1280_stride_IMG_8096-1030x687-1.jpg","type":"image\/jpeg"}],"twitter_card":"summary_large_image","twitter_misc":{"Disponibilit\u00e9":"En stock"},"schema":{"@context":"https:\/\/schema.org","@graph":[{"@type":"WebPage","@id":"https:\/\/bikefit.lu\/fr\/product\/gebiomized-stride\/","url":"https:\/\/bikefit.lu\/fr\/product\/gebiomized-stride\/","name":"gebioMized Stride - bikefit.lu","isPartOf":{"@id":"https:\/\/bikefit.lu\/fr\/#website"},"primaryImageOfPage":{"@id":"https:\/\/bikefit.lu\/fr\/product\/gebiomized-stride\/#primaryimage"},"image":{"@id":"https:\/\/bikefit.lu\/fr\/product\/gebiomized-stride\/#primaryimage"},"thumbnailUrl":"https:\/\/bikefit.lu\/wp-content\/uploads\/2022\/06\/1920x1280_stride_IMG_8096-1030x687-1.jpg","datePublished":"2020-12-19T09:30:40+00:00","dateModified":"2025-04-23T10:14:34+00:00","breadcrumb":{"@id":"https:\/\/bikefit.lu\/fr\/product\/gebiomized-stride\/#breadcrumb"},"inLanguage":"fr-FR","potentialAction":[{"@type":"ReadAction","target":["https:\/\/bikefit.lu\/fr\/product\/gebiomized-stride\/"]}]},{"@type":"ImageObject","inLanguage":"fr-FR","@id":"https:\/\/bikefit.lu\/fr\/product\/gebiomized-stride\/#primaryimage","url":"https:\/\/bikefit.lu\/wp-content\/uploads\/2022\/06\/1920x1280_stride_IMG_8096-1030x687-1.jpg","contentUrl":"https:\/\/bikefit.lu\/wp-content\/uploads\/2022\/06\/1920x1280_stride_IMG_8096-1030x687-1.jpg","width":1030,"height":687},{"@type":"BreadcrumbList","@id":"https:\/\/bikefit.lu\/fr\/product\/gebiomized-stride\/#breadcrumb","itemListElement":[{"@type":"ListItem","position":1,"name":"Home","item":"https:\/\/bikefit.lu\/fr\/"},{"@type":"ListItem","position":2,"name":"Produits","item":"https:\/\/bikefit.lu\/fr\/shop\/"},{"@type":"ListItem","position":3,"name":"gebioMized Stride"}]},{"@type":"WebSite","@id":"https:\/\/bikefit.lu\/fr\/#website","url":"https:\/\/bikefit.lu\/fr\/","name":"bikefit.lu","description":"IMPROVING CYCLING","publisher":{"@id":"https:\/\/bikefit.lu\/fr\/#\/schema\/person\/379af1263474d2f8cd1f41c2bd90273d"},"potentialAction":[{"@type":"SearchAction","target":{"@type":"EntryPoint","urlTemplate":"https:\/\/bikefit.lu\/fr\/?s={search_term_string}"},"query-input":{"@type":"PropertyValueSpecification","valueRequired":true,"valueName":"search_term_string"}}],"inLanguage":"fr-FR"},{"@type":["Person","Organization"],"@id":"https:\/\/bikefit.lu\/fr\/#\/schema\/person\/379af1263474d2f8cd1f41c2bd90273d","name":"Patrick Guillaume","image":{"@type":"ImageObject","inLanguage":"fr-FR","@id":"https:\/\/bikefit.lu\/wp-content\/uploads\/2024\/12\/cropped-bikefit-logoURL-RGB-jpg.jpg","url":"https:\/\/bikefit.lu\/wp-content\/uploads\/2024\/12\/cropped-bikefit-logoURL-RGB-jpg.jpg","contentUrl":"https:\/\/bikefit.lu\/wp-content\/uploads\/2024\/12\/cropped-bikefit-logoURL-RGB-jpg.jpg","width":512,"height":512,"caption":"Patrick Guillaume"},"logo":{"@id":"https:\/\/bikefit.lu\/wp-content\/uploads\/2024\/12\/cropped-bikefit-logoURL-RGB-jpg.jpg"},"sameAs":["https:\/\/bikefit.lu"],"honorificPrefix":"Mr","birthDate":"1966-11-18","gender":"male","knowsAbout":["Bike-fitting"],"knowsLanguage":["English","French","German","Luxembourgish"]}]},"og_availability":"instock","product_availability":"instock","product_condition":"new"},"_links":{"self":[{"href":"https:\/\/bikefit.lu\/fr\/wp-json\/wp\/v2\/product\/79749","targetHints":{"allow":["GET"]}}],"collection":[{"href":"https:\/\/bikefit.lu\/fr\/wp-json\/wp\/v2\/product"}],"about":[{"href":"https:\/\/bikefit.lu\/fr\/wp-json\/wp\/v2\/types\/product"}],"replies":[{"embeddable":true,"href":"https:\/\/bikefit.lu\/fr\/wp-json\/wp\/v2\/comments?post=79749"}],"version-history":[{"count":0,"href":"https:\/\/bikefit.lu\/fr\/wp-json\/wp\/v2\/product\/79749\/revisions"}],"wp:featuredmedia":[{"embeddable":true,"href":"https:\/\/bikefit.lu\/fr\/wp-json\/wp\/v2\/media\/88853"}],"wp:attachment":[{"href":"https:\/\/bikefit.lu\/fr\/wp-json\/wp\/v2\/media?parent=79749"}],"wp:term":[{"taxonomy":"product_brand","embeddable":true,"href":"https:\/\/bikefit.lu\/fr\/wp-json\/wp\/v2\/product_brand?post=79749"},{"taxonomy":"product_cat","embeddable":true,"href":"https:\/\/bikefit.lu\/fr\/wp-json\/wp\/v2\/product_cat?post=79749"},{"taxonomy":"product_tag","embeddable":true,"href":"https:\/\/bikefit.lu\/fr\/wp-json\/wp\/v2\/product_tag?post=79749"}],"curies":[{"name":"wp","href":"https:\/\/api.w.org\/{rel}","templated":true}]}}