{"id":79771,"date":"2020-04-23T09:57:02","date_gmt":"2020-04-23T07:57:02","guid":{"rendered":"https:\/\/staging.bikefit.lu\/shop\/non%20class\u00e9\/cx238-black-black\/"},"modified":"2025-07-02T20:08:31","modified_gmt":"2025-07-02T18:08:31","slug":"cx238-black-black","status":"publish","type":"product","link":"https:\/\/bikefit.lu\/fr\/product\/cx238-black-black\/","title":{"rendered":"CX238 Black\/Black"},"content":{"rendered":"<p><strong>Derni\u00e8re :<\/strong> CX Competition.<br \/>\nLa forme Competition pr\u00e9sente un profil plus courb\u00e9 que la forme Sport.<br \/>\nLes principales diff\u00e9rences incluent une inclinaison accrue des orteils et une \u00e9l\u00e9vation du talon, ainsi qu&#8217;une largeur l\u00e9g\u00e8rement plus grande \u00e0 l&#8217;avant-pied pour permettre au pied de s&#8217;\u00e9tendre sous des pressions de p\u00e9dalage \u00e9lev\u00e9es. <strong>Tige :<\/strong> Cuir pleine fleur r\u00e9sistant \u00e0 l&#8217;eau Ecco Premium et maille avec lycra \u00e0 crochet &amp; doublure de talon Outlast.<br \/>\nLa tige en cuir est \u00e9l\u00e9gante, avec des coutures minimis\u00e9es et un ajustement parfait, vous donnant une sensation de gant qui, avec le temps, s&#8217;adapte parfaitement \u00e0 votre pied comme rien d&#8217;autre.<br \/>\nLe panneau de talon Helcor et le pare-chocs en caoutchouc prot\u00e8gent la tige des \u00e9raflures et des rayures.<br \/>\nLa doublure de talon et de languette r\u00e9gulant la temp\u00e9rature Outlast offre une sensation de luxe pour le pied, tout en maintenant une prise respirante, durable et ferme sur votre pied. <strong>Semelle ext\u00e9rieure :<\/strong> Semelle en fibre de carbone 100% Lake Competition.<br \/>\nDisponible en motif de cale \u00e0 3 trous.<br \/>\nUne semelle en fibre de carbone 100% qui cr\u00e9e un ensemble confortable, l\u00e9ger et \u00e9l\u00e9gant. <strong>Fermeture :<\/strong> Syst\u00e8me de la\u00e7age BOA\u00ae Li2 Push\/Pull mont\u00e9 sur les deux c\u00f4t\u00e9s avec guides de lacets lib\u00e9rables.<br \/>\nLe syst\u00e8me de fermeture double BOA\u00ae offre encore plus de r\u00e9glages qu&#8217;un seul BOA\u00ae.<br \/>\nAVERTISSEMENT : Les chaussures peuvent \u00eatre exp\u00e9di\u00e9es avec des cadrans IP1. <strong>Couleurs :<\/strong> Blanc\/Noir, Blanc\/Blanc et Noir\/Noir. <strong>Tailles :<\/strong> R\u00e9gulier : tailles compl\u00e8tes de 36 \u00e0 50, 52, demi-tailles de 39,5 \u00e0 46,5.          Wide: pointures enti\u00e8res de 37 \u00e0 48, 50, demi-tailles de 39,5 \u00e0 46,5. Pour vous aider \u00e0 trouver la bonne taille, rendez-vous sur <a href=\"https:\/\/lakecycling.com\/pages\/sizing-charts\" target=\"_blank\" rel=\"noopener noreferrer\">cette page<\/a> ou contactez-moi.<\/p>\n","protected":false},"excerpt":{"rendered":"<p><strong>La CX238 est une am\u00e9lioration d\u2019un classique tout en conservant les aspects de la CX237 qui en ont fait l\u2019une des meilleures chaussures jamais fabriqu\u00e9es.<\/strong><\/p>\n","protected":false},"featured_media":88184,"comment_status":"closed","ping_status":"closed","template":"","meta":[],"product_brand":[],"product_cat":[4818,4913,4881,4788],"product_tag":[4975,5001,4822,5124],"class_list":{"0":"post-79771","1":"product","2":"type-product","3":"status-publish","4":"has-post-thumbnail","6":"product_cat-lake-shoes-fr","7":"product_cat-chaussures-route","8":"product_cat-cx238-en-fr","9":"product_cat-sale-fr","10":"product_tag-black-black-fr","11":"product_tag-cx238-fr","12":"product_tag-lake-cycling-fr","13":"product_tag-road-fr","14":"product_shipping_class-large-items-fr","15":"pa_size-36-fr","16":"pa_size-37-fr","17":"pa_size-38-fr","18":"pa_size-39-fr","19":"pa_size-39-5-fr","20":"pa_size-40-fr","21":"pa_size-40-5-fr","22":"pa_size-41-fr","23":"pa_size-41-5-fr","24":"pa_size-42-fr","25":"pa_size-42-5-fr","26":"pa_size-43-fr","27":"pa_size-43-5-fr","28":"pa_size-44-fr","29":"pa_size-44-5-fr","30":"pa_size-45-fr","31":"pa_size-45-5-fr","32":"pa_size-46-fr","33":"pa_size-46-5-fr","34":"pa_size-47-fr","35":"pa_size-48-fr","36":"pa_size-49-fr","37":"pa_size-50-fr","38":"pa_size-52-fr","39":"pa_width-regular-fr","40":"pa_width-wide-fr","42":"first","43":"instock","44":"sale","45":"taxable","46":"shipping-taxable","47":"purchasable","48":"product-type-variable"},"yoast_head":"<!-- This site is optimized with the Yoast SEO Premium plugin v27.3 (Yoast SEO v27.3) - https:\/\/yoast.com\/product\/yoast-seo-premium-wordpress\/ -->\n<title>CX238 Black\/Black - bikefit.lu<\/title>\n<meta name=\"robots\" content=\"index, follow, max-snippet:-1, max-image-preview:large, max-video-preview:-1\" \/>\n<link rel=\"canonical\" href=\"https:\/\/bikefit.lu\/fr\/product\/cx238-black-black\/\" \/>\n<meta property=\"og:locale\" content=\"fr_FR\" \/>\n<meta property=\"og:type\" content=\"article\" \/>\n<meta property=\"og:title\" content=\"CX238 Black\/Black\" \/>\n<meta property=\"og:description\" content=\"La CX238 est une am\u00e9lioration d\u2019un classique tout en conservant les aspects de la CX237 qui en ont fait l\u2019une des meilleures chaussures jamais fabriqu\u00e9es.\" \/>\n<meta property=\"og:url\" content=\"https:\/\/bikefit.lu\/fr\/product\/cx238-black-black\/\" \/>\n<meta property=\"og:site_name\" content=\"bikefit.lu\" \/>\n<meta property=\"article:modified_time\" content=\"2025-07-02T18:08:31+00:00\" \/>\n<meta property=\"og:image\" content=\"https:\/\/bikefit.lu\/wp-content\/uploads\/2020\/04\/CX238-BLK-BLK-FRNT.webp\" \/>\n\t<meta property=\"og:image:width\" content=\"1025\" \/>\n\t<meta property=\"og:image:height\" content=\"760\" \/>\n\t<meta property=\"og:image:type\" content=\"image\/webp\" \/>\n<meta name=\"twitter:card\" content=\"summary_large_image\" \/>\n<meta name=\"twitter:label1\" content=\"Disponibilit\u00e9\" \/>\n\t<meta name=\"twitter:data1\" content=\"En stock\" \/>\n<script type=\"application\/ld+json\" class=\"yoast-schema-graph\">{\"@context\":\"https:\\\/\\\/schema.org\",\"@graph\":[{\"@type\":\"WebPage\",\"@id\":\"https:\\\/\\\/bikefit.lu\\\/fr\\\/product\\\/cx238-black-black\\\/\",\"url\":\"https:\\\/\\\/bikefit.lu\\\/fr\\\/product\\\/cx238-black-black\\\/\",\"name\":\"CX238 Black\\\/Black - bikefit.lu\",\"isPartOf\":{\"@id\":\"https:\\\/\\\/bikefit.lu\\\/fr\\\/#website\"},\"primaryImageOfPage\":{\"@id\":\"https:\\\/\\\/bikefit.lu\\\/fr\\\/product\\\/cx238-black-black\\\/#primaryimage\"},\"image\":{\"@id\":\"https:\\\/\\\/bikefit.lu\\\/fr\\\/product\\\/cx238-black-black\\\/#primaryimage\"},\"thumbnailUrl\":\"https:\\\/\\\/bikefit.lu\\\/wp-content\\\/uploads\\\/2020\\\/04\\\/CX238-BLK-BLK-FRNT.webp\",\"datePublished\":\"2020-04-23T07:57:02+00:00\",\"dateModified\":\"2025-07-02T18:08:31+00:00\",\"breadcrumb\":{\"@id\":\"https:\\\/\\\/bikefit.lu\\\/fr\\\/product\\\/cx238-black-black\\\/#breadcrumb\"},\"inLanguage\":\"fr-FR\",\"potentialAction\":[{\"@type\":\"ReadAction\",\"target\":[\"https:\\\/\\\/bikefit.lu\\\/fr\\\/product\\\/cx238-black-black\\\/\"]}]},{\"@type\":\"ImageObject\",\"inLanguage\":\"fr-FR\",\"@id\":\"https:\\\/\\\/bikefit.lu\\\/fr\\\/product\\\/cx238-black-black\\\/#primaryimage\",\"url\":\"https:\\\/\\\/bikefit.lu\\\/wp-content\\\/uploads\\\/2020\\\/04\\\/CX238-BLK-BLK-FRNT.webp\",\"contentUrl\":\"https:\\\/\\\/bikefit.lu\\\/wp-content\\\/uploads\\\/2020\\\/04\\\/CX238-BLK-BLK-FRNT.webp\",\"width\":1025,\"height\":760},{\"@type\":\"BreadcrumbList\",\"@id\":\"https:\\\/\\\/bikefit.lu\\\/fr\\\/product\\\/cx238-black-black\\\/#breadcrumb\",\"itemListElement\":[{\"@type\":\"ListItem\",\"position\":1,\"name\":\"Home\",\"item\":\"https:\\\/\\\/bikefit.lu\\\/fr\\\/\"},{\"@type\":\"ListItem\",\"position\":2,\"name\":\"Produits\",\"item\":\"https:\\\/\\\/bikefit.lu\\\/fr\\\/shop\\\/\"},{\"@type\":\"ListItem\",\"position\":3,\"name\":\"CX238 Black\\\/Black\"}]},{\"@type\":\"WebSite\",\"@id\":\"https:\\\/\\\/bikefit.lu\\\/fr\\\/#website\",\"url\":\"https:\\\/\\\/bikefit.lu\\\/fr\\\/\",\"name\":\"bikefit.lu\",\"description\":\"IMPROVING CYCLING\",\"publisher\":{\"@id\":\"https:\\\/\\\/bikefit.lu\\\/fr\\\/#\\\/schema\\\/person\\\/379af1263474d2f8cd1f41c2bd90273d\"},\"potentialAction\":[{\"@type\":\"SearchAction\",\"target\":{\"@type\":\"EntryPoint\",\"urlTemplate\":\"https:\\\/\\\/bikefit.lu\\\/fr\\\/?s={search_term_string}\"},\"query-input\":{\"@type\":\"PropertyValueSpecification\",\"valueRequired\":true,\"valueName\":\"search_term_string\"}}],\"inLanguage\":\"fr-FR\"},{\"@type\":[\"Person\",\"Organization\"],\"@id\":\"https:\\\/\\\/bikefit.lu\\\/fr\\\/#\\\/schema\\\/person\\\/379af1263474d2f8cd1f41c2bd90273d\",\"name\":\"Patrick Guillaume\",\"image\":{\"@type\":\"ImageObject\",\"inLanguage\":\"fr-FR\",\"@id\":\"https:\\\/\\\/bikefit.lu\\\/wp-content\\\/uploads\\\/2024\\\/12\\\/cropped-bikefit-logoURL-RGB-jpg.jpg\",\"url\":\"https:\\\/\\\/bikefit.lu\\\/wp-content\\\/uploads\\\/2024\\\/12\\\/cropped-bikefit-logoURL-RGB-jpg.jpg\",\"contentUrl\":\"https:\\\/\\\/bikefit.lu\\\/wp-content\\\/uploads\\\/2024\\\/12\\\/cropped-bikefit-logoURL-RGB-jpg.jpg\",\"width\":512,\"height\":512,\"caption\":\"Patrick Guillaume\"},\"logo\":{\"@id\":\"https:\\\/\\\/bikefit.lu\\\/wp-content\\\/uploads\\\/2024\\\/12\\\/cropped-bikefit-logoURL-RGB-jpg.jpg\"},\"sameAs\":[\"https:\\\/\\\/bikefit.lu\"],\"honorificPrefix\":\"Mr\",\"birthDate\":\"1966-11-18\",\"gender\":\"male\",\"knowsAbout\":[\"Bike-fitting\"],\"knowsLanguage\":[\"English\",\"French\",\"German\",\"Luxembourgish\"]}]}<\/script>\n<meta property=\"og:availability\" content=\"instock\" \/>\n<meta property=\"product:availability\" content=\"instock\" \/>\n<meta property=\"product:condition\" content=\"new\" \/>\n<!-- \/ Yoast SEO Premium plugin. -->","yoast_head_json":{"title":"CX238 Black\/Black - bikefit.lu","robots":{"index":"index","follow":"follow","max-snippet":"max-snippet:-1","max-image-preview":"max-image-preview:large","max-video-preview":"max-video-preview:-1"},"canonical":"https:\/\/bikefit.lu\/fr\/product\/cx238-black-black\/","og_locale":"fr_FR","og_type":"article","og_title":"CX238 Black\/Black","og_description":"La CX238 est une am\u00e9lioration d\u2019un classique tout en conservant les aspects de la CX237 qui en ont fait l\u2019une des meilleures chaussures jamais fabriqu\u00e9es.","og_url":"https:\/\/bikefit.lu\/fr\/product\/cx238-black-black\/","og_site_name":"bikefit.lu","article_modified_time":"2025-07-02T18:08:31+00:00","og_image":[{"width":1025,"height":760,"url":"https:\/\/bikefit.lu\/wp-content\/uploads\/2020\/04\/CX238-BLK-BLK-FRNT.webp","type":"image\/webp"}],"twitter_card":"summary_large_image","twitter_misc":{"Disponibilit\u00e9":"En stock"},"schema":{"@context":"https:\/\/schema.org","@graph":[{"@type":"WebPage","@id":"https:\/\/bikefit.lu\/fr\/product\/cx238-black-black\/","url":"https:\/\/bikefit.lu\/fr\/product\/cx238-black-black\/","name":"CX238 Black\/Black - bikefit.lu","isPartOf":{"@id":"https:\/\/bikefit.lu\/fr\/#website"},"primaryImageOfPage":{"@id":"https:\/\/bikefit.lu\/fr\/product\/cx238-black-black\/#primaryimage"},"image":{"@id":"https:\/\/bikefit.lu\/fr\/product\/cx238-black-black\/#primaryimage"},"thumbnailUrl":"https:\/\/bikefit.lu\/wp-content\/uploads\/2020\/04\/CX238-BLK-BLK-FRNT.webp","datePublished":"2020-04-23T07:57:02+00:00","dateModified":"2025-07-02T18:08:31+00:00","breadcrumb":{"@id":"https:\/\/bikefit.lu\/fr\/product\/cx238-black-black\/#breadcrumb"},"inLanguage":"fr-FR","potentialAction":[{"@type":"ReadAction","target":["https:\/\/bikefit.lu\/fr\/product\/cx238-black-black\/"]}]},{"@type":"ImageObject","inLanguage":"fr-FR","@id":"https:\/\/bikefit.lu\/fr\/product\/cx238-black-black\/#primaryimage","url":"https:\/\/bikefit.lu\/wp-content\/uploads\/2020\/04\/CX238-BLK-BLK-FRNT.webp","contentUrl":"https:\/\/bikefit.lu\/wp-content\/uploads\/2020\/04\/CX238-BLK-BLK-FRNT.webp","width":1025,"height":760},{"@type":"BreadcrumbList","@id":"https:\/\/bikefit.lu\/fr\/product\/cx238-black-black\/#breadcrumb","itemListElement":[{"@type":"ListItem","position":1,"name":"Home","item":"https:\/\/bikefit.lu\/fr\/"},{"@type":"ListItem","position":2,"name":"Produits","item":"https:\/\/bikefit.lu\/fr\/shop\/"},{"@type":"ListItem","position":3,"name":"CX238 Black\/Black"}]},{"@type":"WebSite","@id":"https:\/\/bikefit.lu\/fr\/#website","url":"https:\/\/bikefit.lu\/fr\/","name":"bikefit.lu","description":"IMPROVING CYCLING","publisher":{"@id":"https:\/\/bikefit.lu\/fr\/#\/schema\/person\/379af1263474d2f8cd1f41c2bd90273d"},"potentialAction":[{"@type":"SearchAction","target":{"@type":"EntryPoint","urlTemplate":"https:\/\/bikefit.lu\/fr\/?s={search_term_string}"},"query-input":{"@type":"PropertyValueSpecification","valueRequired":true,"valueName":"search_term_string"}}],"inLanguage":"fr-FR"},{"@type":["Person","Organization"],"@id":"https:\/\/bikefit.lu\/fr\/#\/schema\/person\/379af1263474d2f8cd1f41c2bd90273d","name":"Patrick Guillaume","image":{"@type":"ImageObject","inLanguage":"fr-FR","@id":"https:\/\/bikefit.lu\/wp-content\/uploads\/2024\/12\/cropped-bikefit-logoURL-RGB-jpg.jpg","url":"https:\/\/bikefit.lu\/wp-content\/uploads\/2024\/12\/cropped-bikefit-logoURL-RGB-jpg.jpg","contentUrl":"https:\/\/bikefit.lu\/wp-content\/uploads\/2024\/12\/cropped-bikefit-logoURL-RGB-jpg.jpg","width":512,"height":512,"caption":"Patrick Guillaume"},"logo":{"@id":"https:\/\/bikefit.lu\/wp-content\/uploads\/2024\/12\/cropped-bikefit-logoURL-RGB-jpg.jpg"},"sameAs":["https:\/\/bikefit.lu"],"honorificPrefix":"Mr","birthDate":"1966-11-18","gender":"male","knowsAbout":["Bike-fitting"],"knowsLanguage":["English","French","German","Luxembourgish"]}]},"og_availability":"instock","product_availability":"instock","product_condition":"new"},"_links":{"self":[{"href":"https:\/\/bikefit.lu\/fr\/wp-json\/wp\/v2\/product\/79771","targetHints":{"allow":["GET"]}}],"collection":[{"href":"https:\/\/bikefit.lu\/fr\/wp-json\/wp\/v2\/product"}],"about":[{"href":"https:\/\/bikefit.lu\/fr\/wp-json\/wp\/v2\/types\/product"}],"replies":[{"embeddable":true,"href":"https:\/\/bikefit.lu\/fr\/wp-json\/wp\/v2\/comments?post=79771"}],"version-history":[{"count":0,"href":"https:\/\/bikefit.lu\/fr\/wp-json\/wp\/v2\/product\/79771\/revisions"}],"wp:featuredmedia":[{"embeddable":true,"href":"https:\/\/bikefit.lu\/fr\/wp-json\/wp\/v2\/media\/88184"}],"wp:attachment":[{"href":"https:\/\/bikefit.lu\/fr\/wp-json\/wp\/v2\/media?parent=79771"}],"wp:term":[{"taxonomy":"product_brand","embeddable":true,"href":"https:\/\/bikefit.lu\/fr\/wp-json\/wp\/v2\/product_brand?post=79771"},{"taxonomy":"product_cat","embeddable":true,"href":"https:\/\/bikefit.lu\/fr\/wp-json\/wp\/v2\/product_cat?post=79771"},{"taxonomy":"product_tag","embeddable":true,"href":"https:\/\/bikefit.lu\/fr\/wp-json\/wp\/v2\/product_tag?post=79771"}],"curies":[{"name":"wp","href":"https:\/\/api.w.org\/{rel}","templated":true}]}}