{"id":79913,"date":"2020-04-23T07:42:56","date_gmt":"2020-04-23T07:42:56","guid":{"rendered":"https:\/\/staging.bikefit.lu\/shop\/non class\u00e9\/cx238-white-white\/"},"modified":"2020-04-23T07:42:56","modified_gmt":"2020-04-23T07:42:56","slug":"cx238-white-white","status":"publish","type":"product","link":"https:\/\/bikefit.lu\/fr\/product\/cx238-white-white\/","title":{"rendered":"CX238 White\/White"},"content":{"rendered":"<p><strong>Forme<\/strong>: CX Competition. Cette forme pr\u00e9sente un profil plus incurv\u00e9 que la forme Sport. Les principales diff\u00e9rences incluent une augmentation de la hauteur pour les orteils et le talon ainsi qu\u2019une circonf\u00e9rence \u00e0 l\u2019avant l\u00e9g\u00e8rement augment\u00e9e pour permettre au pied de se dilater sous des pressions de p\u00e9dalage \u00e9lev\u00e9es.  <\/p>\n<p><strong>Tige<\/strong>: cuir v\u00e9ritable et maille Ecco Premium r\u00e9sistant \u00e0 l\u2019eau avec lycra et doublure de talon lycra plus accrochante. La forme en cuir est \u00e9l\u00e9gante avec des coutures minimis\u00e9es et une coupe ajust\u00e9e, vous donnant une sensation \u201ccomme un gant\u201d qui, avec le temps, \u00e9pouse parfaitement votre pied. Les doublures ext\u00e9rieures Helcor de talon et l\u2019ajout en caoutchouc \u00e0 l\u2019avant prot\u00e8gent des \u00e9raflures et des rayures. La doublure \u00e0 r\u00e9gulation thermique sup\u00e9rieure offre une sensation de pied luxueuse, tout en assurant un maintien durable et ferme \u00e0 votre pied.   <\/p>\n<p><strong>Semelle ext\u00e9rieure:<\/strong> Semelle 100% fibre de carbone. Disponible pour mod\u00e8le de cales \u00e0 3 trous. Une semelle 100% fibre de carbone qui allie confort, l\u00e9g\u00e8ret\u00e9 et \u00e9l\u00e9gance.  <\/p>\n<p><strong>Fermeture:<\/strong> Syst\u00e8me de la\u00e7age BOA\u00ae Push\/Pull Li2 mont\u00e9 sur deux c\u00f4t\u00e9s avec guides de lacet amovibles. Le syst\u00e8me de fermeture double BOA\u00ae offre encore plus de possibilit\u00e9s de r\u00e9glage qu\u2019un seul BOA\u00ae. <\/p>\n<p>CLAUSE DE NON-RESPONSABILIT\u00c9 : Les chaussures peuvent \u00eatre livr\u00e9es avec des cadrans IP1.<\/p>\n<p><strong>Couleurs:<\/strong> Blanc\/Noir, Blanc\/Blanc, et Noir\/Noir.<\/p>\n<p><strong>Tailles :<\/strong> Regular: tailles compl\u00e8tes de 36 \u00e0 50, 52, demi-tailles de 39,5 \u00e0 46,5. Wide: pointures enti\u00e8res de 37 \u00e0 48, 50, demi-tailles de 39,5 \u00e0 46,5.<\/p>\n<p>Pour vous aider \u00e0 trouver la bonne taille, rendez-vous sur <a href=\"https:\/\/lakecycling.com\/pages\/sizing-charts\" target=\"_blank\" rel=\"noopener noreferrer\">cette page<\/a> ou contactez-moi.<\/p>\n","protected":false},"excerpt":{"rendered":"<p><strong>La CX238 est une am\u00e9lioration d\u2019un classique tout en conservant les aspects de la CX237 qui en ont fait l\u2019une des meilleures chaussures jamais fabriqu\u00e9es.<\/strong><\/p>\n","protected":false},"featured_media":77362,"comment_status":"closed","ping_status":"closed","template":"","meta":[],"product_brand":[],"product_cat":[4818,4913,4881,4788],"product_tag":[5001,4822,5124,5199],"class_list":{"0":"post-79913","1":"product","2":"type-product","3":"status-publish","4":"has-post-thumbnail","6":"product_cat-lake-shoes-fr","7":"product_cat-chaussures-route","8":"product_cat-cx238-en-fr","9":"product_cat-sale-fr","10":"product_tag-cx238-fr","11":"product_tag-lake-cycling-fr","12":"product_tag-road-fr","13":"product_tag-white-white-fr","14":"product_shipping_class-large-items-fr","15":"pa_size-36-fr","16":"pa_size-37-fr","17":"pa_size-38-fr","18":"pa_size-39-fr","19":"pa_size-39-5-fr","20":"pa_size-40-fr","21":"pa_size-40-5-fr","22":"pa_size-41-fr","23":"pa_size-41-5-fr","24":"pa_size-42-fr","25":"pa_size-42-5-fr","26":"pa_size-43-fr","27":"pa_size-43-5-fr","28":"pa_size-44-fr","29":"pa_size-44-5-fr","30":"pa_size-45-fr","31":"pa_size-45-5-fr","32":"pa_size-46-fr","33":"pa_size-46-5-fr","34":"pa_size-47-fr","35":"pa_size-48-fr","36":"pa_size-50-fr","37":"pa_width-regular-fr","38":"pa_width-wide-fr","40":"first","41":"instock","42":"sale","43":"taxable","44":"shipping-taxable","45":"purchasable","46":"product-type-variable"},"yoast_head":"<!-- This site is optimized with the Yoast SEO Premium plugin v27.3 (Yoast SEO v27.3) - https:\/\/yoast.com\/product\/yoast-seo-premium-wordpress\/ -->\n<title>CX238 White\/White - bikefit.lu<\/title>\n<meta name=\"robots\" content=\"index, follow, max-snippet:-1, max-image-preview:large, max-video-preview:-1\" \/>\n<link rel=\"canonical\" href=\"https:\/\/bikefit.lu\/fr\/product\/cx238-white-white\/\" \/>\n<meta property=\"og:locale\" content=\"fr_FR\" \/>\n<meta property=\"og:type\" content=\"article\" \/>\n<meta property=\"og:title\" content=\"CX238 White\/White\" \/>\n<meta property=\"og:description\" content=\"La CX238 est une am\u00e9lioration d\u2019un classique tout en conservant les aspects de la CX237 qui en ont fait l\u2019une des meilleures chaussures jamais fabriqu\u00e9es.\" \/>\n<meta property=\"og:url\" content=\"https:\/\/bikefit.lu\/fr\/product\/cx238-white-white\/\" \/>\n<meta property=\"og:site_name\" content=\"bikefit.lu\" \/>\n<meta property=\"og:image\" content=\"https:\/\/bikefit.lu\/wp-content\/uploads\/2020\/04\/CX238-WHT-WHT-FRNT.webp\" \/>\n\t<meta property=\"og:image:width\" content=\"1025\" \/>\n\t<meta property=\"og:image:height\" content=\"760\" \/>\n\t<meta property=\"og:image:type\" content=\"image\/webp\" \/>\n<meta name=\"twitter:card\" content=\"summary_large_image\" \/>\n<meta name=\"twitter:label1\" content=\"Disponibilit\u00e9\" \/>\n\t<meta name=\"twitter:data1\" content=\"En stock\" \/>\n<script type=\"application\/ld+json\" class=\"yoast-schema-graph\">{\"@context\":\"https:\\\/\\\/schema.org\",\"@graph\":[{\"@type\":\"WebPage\",\"@id\":\"https:\\\/\\\/bikefit.lu\\\/fr\\\/product\\\/cx238-white-white\\\/\",\"url\":\"https:\\\/\\\/bikefit.lu\\\/fr\\\/product\\\/cx238-white-white\\\/\",\"name\":\"CX238 White\\\/White - bikefit.lu\",\"isPartOf\":{\"@id\":\"https:\\\/\\\/bikefit.lu\\\/fr\\\/#website\"},\"primaryImageOfPage\":{\"@id\":\"https:\\\/\\\/bikefit.lu\\\/fr\\\/product\\\/cx238-white-white\\\/#primaryimage\"},\"image\":{\"@id\":\"https:\\\/\\\/bikefit.lu\\\/fr\\\/product\\\/cx238-white-white\\\/#primaryimage\"},\"thumbnailUrl\":\"https:\\\/\\\/bikefit.lu\\\/wp-content\\\/uploads\\\/2020\\\/04\\\/CX238-WHT-WHT-FRNT.webp\",\"datePublished\":\"2020-04-23T07:42:56+00:00\",\"breadcrumb\":{\"@id\":\"https:\\\/\\\/bikefit.lu\\\/fr\\\/product\\\/cx238-white-white\\\/#breadcrumb\"},\"inLanguage\":\"fr-FR\",\"potentialAction\":[{\"@type\":\"ReadAction\",\"target\":[\"https:\\\/\\\/bikefit.lu\\\/fr\\\/product\\\/cx238-white-white\\\/\"]}]},{\"@type\":\"ImageObject\",\"inLanguage\":\"fr-FR\",\"@id\":\"https:\\\/\\\/bikefit.lu\\\/fr\\\/product\\\/cx238-white-white\\\/#primaryimage\",\"url\":\"https:\\\/\\\/bikefit.lu\\\/wp-content\\\/uploads\\\/2020\\\/04\\\/CX238-WHT-WHT-FRNT.webp\",\"contentUrl\":\"https:\\\/\\\/bikefit.lu\\\/wp-content\\\/uploads\\\/2020\\\/04\\\/CX238-WHT-WHT-FRNT.webp\",\"width\":1025,\"height\":760},{\"@type\":\"BreadcrumbList\",\"@id\":\"https:\\\/\\\/bikefit.lu\\\/fr\\\/product\\\/cx238-white-white\\\/#breadcrumb\",\"itemListElement\":[{\"@type\":\"ListItem\",\"position\":1,\"name\":\"Home\",\"item\":\"https:\\\/\\\/bikefit.lu\\\/fr\\\/\"},{\"@type\":\"ListItem\",\"position\":2,\"name\":\"Produits\",\"item\":\"https:\\\/\\\/bikefit.lu\\\/fr\\\/shop\\\/\"},{\"@type\":\"ListItem\",\"position\":3,\"name\":\"CX238 White\\\/White\"}]},{\"@type\":\"WebSite\",\"@id\":\"https:\\\/\\\/bikefit.lu\\\/fr\\\/#website\",\"url\":\"https:\\\/\\\/bikefit.lu\\\/fr\\\/\",\"name\":\"bikefit.lu\",\"description\":\"IMPROVING CYCLING\",\"publisher\":{\"@id\":\"https:\\\/\\\/bikefit.lu\\\/fr\\\/#\\\/schema\\\/person\\\/379af1263474d2f8cd1f41c2bd90273d\"},\"potentialAction\":[{\"@type\":\"SearchAction\",\"target\":{\"@type\":\"EntryPoint\",\"urlTemplate\":\"https:\\\/\\\/bikefit.lu\\\/fr\\\/?s={search_term_string}\"},\"query-input\":{\"@type\":\"PropertyValueSpecification\",\"valueRequired\":true,\"valueName\":\"search_term_string\"}}],\"inLanguage\":\"fr-FR\"},{\"@type\":[\"Person\",\"Organization\"],\"@id\":\"https:\\\/\\\/bikefit.lu\\\/fr\\\/#\\\/schema\\\/person\\\/379af1263474d2f8cd1f41c2bd90273d\",\"name\":\"Patrick Guillaume\",\"image\":{\"@type\":\"ImageObject\",\"inLanguage\":\"fr-FR\",\"@id\":\"https:\\\/\\\/bikefit.lu\\\/wp-content\\\/uploads\\\/2024\\\/12\\\/cropped-bikefit-logoURL-RGB-jpg.jpg\",\"url\":\"https:\\\/\\\/bikefit.lu\\\/wp-content\\\/uploads\\\/2024\\\/12\\\/cropped-bikefit-logoURL-RGB-jpg.jpg\",\"contentUrl\":\"https:\\\/\\\/bikefit.lu\\\/wp-content\\\/uploads\\\/2024\\\/12\\\/cropped-bikefit-logoURL-RGB-jpg.jpg\",\"width\":512,\"height\":512,\"caption\":\"Patrick Guillaume\"},\"logo\":{\"@id\":\"https:\\\/\\\/bikefit.lu\\\/wp-content\\\/uploads\\\/2024\\\/12\\\/cropped-bikefit-logoURL-RGB-jpg.jpg\"},\"sameAs\":[\"https:\\\/\\\/bikefit.lu\"],\"honorificPrefix\":\"Mr\",\"birthDate\":\"1966-11-18\",\"gender\":\"male\",\"knowsAbout\":[\"Bike-fitting\"],\"knowsLanguage\":[\"English\",\"French\",\"German\",\"Luxembourgish\"]}]}<\/script>\n<meta property=\"og:availability\" content=\"instock\" \/>\n<meta property=\"product:availability\" content=\"instock\" \/>\n<meta property=\"product:condition\" content=\"new\" \/>\n<!-- \/ Yoast SEO Premium plugin. -->","yoast_head_json":{"title":"CX238 White\/White - bikefit.lu","robots":{"index":"index","follow":"follow","max-snippet":"max-snippet:-1","max-image-preview":"max-image-preview:large","max-video-preview":"max-video-preview:-1"},"canonical":"https:\/\/bikefit.lu\/fr\/product\/cx238-white-white\/","og_locale":"fr_FR","og_type":"article","og_title":"CX238 White\/White","og_description":"La CX238 est une am\u00e9lioration d\u2019un classique tout en conservant les aspects de la CX237 qui en ont fait l\u2019une des meilleures chaussures jamais fabriqu\u00e9es.","og_url":"https:\/\/bikefit.lu\/fr\/product\/cx238-white-white\/","og_site_name":"bikefit.lu","og_image":[{"width":1025,"height":760,"url":"https:\/\/bikefit.lu\/wp-content\/uploads\/2020\/04\/CX238-WHT-WHT-FRNT.webp","type":"image\/webp"}],"twitter_card":"summary_large_image","twitter_misc":{"Disponibilit\u00e9":"En stock"},"schema":{"@context":"https:\/\/schema.org","@graph":[{"@type":"WebPage","@id":"https:\/\/bikefit.lu\/fr\/product\/cx238-white-white\/","url":"https:\/\/bikefit.lu\/fr\/product\/cx238-white-white\/","name":"CX238 White\/White - bikefit.lu","isPartOf":{"@id":"https:\/\/bikefit.lu\/fr\/#website"},"primaryImageOfPage":{"@id":"https:\/\/bikefit.lu\/fr\/product\/cx238-white-white\/#primaryimage"},"image":{"@id":"https:\/\/bikefit.lu\/fr\/product\/cx238-white-white\/#primaryimage"},"thumbnailUrl":"https:\/\/bikefit.lu\/wp-content\/uploads\/2020\/04\/CX238-WHT-WHT-FRNT.webp","datePublished":"2020-04-23T07:42:56+00:00","breadcrumb":{"@id":"https:\/\/bikefit.lu\/fr\/product\/cx238-white-white\/#breadcrumb"},"inLanguage":"fr-FR","potentialAction":[{"@type":"ReadAction","target":["https:\/\/bikefit.lu\/fr\/product\/cx238-white-white\/"]}]},{"@type":"ImageObject","inLanguage":"fr-FR","@id":"https:\/\/bikefit.lu\/fr\/product\/cx238-white-white\/#primaryimage","url":"https:\/\/bikefit.lu\/wp-content\/uploads\/2020\/04\/CX238-WHT-WHT-FRNT.webp","contentUrl":"https:\/\/bikefit.lu\/wp-content\/uploads\/2020\/04\/CX238-WHT-WHT-FRNT.webp","width":1025,"height":760},{"@type":"BreadcrumbList","@id":"https:\/\/bikefit.lu\/fr\/product\/cx238-white-white\/#breadcrumb","itemListElement":[{"@type":"ListItem","position":1,"name":"Home","item":"https:\/\/bikefit.lu\/fr\/"},{"@type":"ListItem","position":2,"name":"Produits","item":"https:\/\/bikefit.lu\/fr\/shop\/"},{"@type":"ListItem","position":3,"name":"CX238 White\/White"}]},{"@type":"WebSite","@id":"https:\/\/bikefit.lu\/fr\/#website","url":"https:\/\/bikefit.lu\/fr\/","name":"bikefit.lu","description":"IMPROVING CYCLING","publisher":{"@id":"https:\/\/bikefit.lu\/fr\/#\/schema\/person\/379af1263474d2f8cd1f41c2bd90273d"},"potentialAction":[{"@type":"SearchAction","target":{"@type":"EntryPoint","urlTemplate":"https:\/\/bikefit.lu\/fr\/?s={search_term_string}"},"query-input":{"@type":"PropertyValueSpecification","valueRequired":true,"valueName":"search_term_string"}}],"inLanguage":"fr-FR"},{"@type":["Person","Organization"],"@id":"https:\/\/bikefit.lu\/fr\/#\/schema\/person\/379af1263474d2f8cd1f41c2bd90273d","name":"Patrick Guillaume","image":{"@type":"ImageObject","inLanguage":"fr-FR","@id":"https:\/\/bikefit.lu\/wp-content\/uploads\/2024\/12\/cropped-bikefit-logoURL-RGB-jpg.jpg","url":"https:\/\/bikefit.lu\/wp-content\/uploads\/2024\/12\/cropped-bikefit-logoURL-RGB-jpg.jpg","contentUrl":"https:\/\/bikefit.lu\/wp-content\/uploads\/2024\/12\/cropped-bikefit-logoURL-RGB-jpg.jpg","width":512,"height":512,"caption":"Patrick Guillaume"},"logo":{"@id":"https:\/\/bikefit.lu\/wp-content\/uploads\/2024\/12\/cropped-bikefit-logoURL-RGB-jpg.jpg"},"sameAs":["https:\/\/bikefit.lu"],"honorificPrefix":"Mr","birthDate":"1966-11-18","gender":"male","knowsAbout":["Bike-fitting"],"knowsLanguage":["English","French","German","Luxembourgish"]}]},"og_availability":"instock","product_availability":"instock","product_condition":"new"},"_links":{"self":[{"href":"https:\/\/bikefit.lu\/fr\/wp-json\/wp\/v2\/product\/79913","targetHints":{"allow":["GET"]}}],"collection":[{"href":"https:\/\/bikefit.lu\/fr\/wp-json\/wp\/v2\/product"}],"about":[{"href":"https:\/\/bikefit.lu\/fr\/wp-json\/wp\/v2\/types\/product"}],"replies":[{"embeddable":true,"href":"https:\/\/bikefit.lu\/fr\/wp-json\/wp\/v2\/comments?post=79913"}],"version-history":[{"count":0,"href":"https:\/\/bikefit.lu\/fr\/wp-json\/wp\/v2\/product\/79913\/revisions"}],"wp:featuredmedia":[{"embeddable":true,"href":"https:\/\/bikefit.lu\/fr\/wp-json\/wp\/v2\/media\/77362"}],"wp:attachment":[{"href":"https:\/\/bikefit.lu\/fr\/wp-json\/wp\/v2\/media?parent=79913"}],"wp:term":[{"taxonomy":"product_brand","embeddable":true,"href":"https:\/\/bikefit.lu\/fr\/wp-json\/wp\/v2\/product_brand?post=79913"},{"taxonomy":"product_cat","embeddable":true,"href":"https:\/\/bikefit.lu\/fr\/wp-json\/wp\/v2\/product_cat?post=79913"},{"taxonomy":"product_tag","embeddable":true,"href":"https:\/\/bikefit.lu\/fr\/wp-json\/wp\/v2\/product_tag?post=79913"}],"curies":[{"name":"wp","href":"https:\/\/api.w.org\/{rel}","templated":true}]}}