{"id":80087,"date":"2024-01-26T07:40:40","date_gmt":"2024-01-26T07:40:40","guid":{"rendered":"https:\/\/staging.bikefit.lu\/shop\/non%20class\u00e9\/cx242-white-black\/"},"modified":"2025-10-02T20:14:16","modified_gmt":"2025-10-02T18:14:16","slug":"cx242-white-black","status":"publish","type":"product","link":"https:\/\/bikefit.lu\/fr\/product\/cx242-white-black\/","title":{"rendered":"CX242 White\/Black"},"content":{"rendered":"\t\t<div data-elementor-type=\"product-post\" data-elementor-id=\"80087\" class=\"elementor elementor-80087 elementor-74082\" data-elementor-post-type=\"product\">\n\t\t\t\t<div class=\"elementor-element elementor-element-1e6a5eb0 e-flex e-con-boxed e-con e-parent\" data-id=\"1e6a5eb0\" data-element_type=\"container\" data-e-type=\"container\">\n\t\t\t\t\t<div class=\"e-con-inner\">\n\t\t\t\t<div class=\"elementor-element elementor-element-30cc6aa3 elementor-widget elementor-widget-text-editor\" data-id=\"30cc6aa3\" data-element_type=\"widget\" data-e-type=\"widget\" data-widget_type=\"text-editor.default\">\n\t\t\t\t<div class=\"elementor-widget-container\">\n\t\t\t\t\t\t\t\t\t<p><strong>Forme:<\/strong> CX Competition. Avec un profil sp\u00e9cifiquement con\u00e7u pour les cadences tr\u00e8s \u00e9lev\u00e9es les pressions plus \u00e9lev\u00e9es, notre dernier mod\u00e8le Competition pr\u00e9sente un profil plus courb\u00e9 que le mod\u00e8le Sport. Les principales diff\u00e9rences incluent une inclinaison accrue des orteils une \u00e9l\u00e9vation du talon, un talon plus serr\u00e9 une largeur l\u00e9g\u00e8rement plus grande \u00e0 l&#8217;avant-pied pour permettre au pied de s&#8217;\u00e9tendre sous des pressions de p\u00e9dalage \u00e9lev\u00e9es.  <\/p><p><strong>Tige:<\/strong> Cuir pleine fleur et doublure NuFoam avec panneaux de support en fibre de carbone, qui aident \u00e0 maintenir un ajustement s\u00fbr tout en ajoutant la stabilit\u00e9 du pied. L\u2019empeigne est segment\u00e9e en 6 zones ind\u00e9pendantes pour un ajustement plus flexible pour s\u2019adapter aux pieds \u00e9troits ou larges ainsi qu\u2019aux pieds \u00e0 cou-de-pied haut et bas. Le contrefort de talon moulable double le maintien du talon pour un ajustement s\u00fbr. Les panneaux de support Carbitex offrent un support suppl\u00e9mentaire pour am\u00e9liorer la fermeture.   <\/p><p><strong>Semelle ext\u00e9rieure:<\/strong> Semelle 100% fibre de carbone. Disponible pour mod\u00e8le de cales \u00e0 3 trous. Une semelle 100% fibre de carbone qui allie confort, l\u00e9g\u00e8ret\u00e9 et \u00e9l\u00e9gance.  <\/p><p><strong>Fermeture:<\/strong> Syst\u00e8me de la\u00e7age BOA\u00ae Push\/Pull Li2 mont\u00e9 sur deux c\u00f4t\u00e9s avec guides de lacet amovibles. Le syst\u00e8me de fermeture double BOA\u00ae offre encore plus de possibilit\u00e9s de r\u00e9glage qu\u2019un seul BOA\u00ae. <\/p><p><strong>Pointures:<\/strong> Regular : pointures enti\u00e8res de 36 \u00e0 50, 52, demi-pointures de 38.5 \u00e0 46.5.<br>Wide: pointures enti\u00e8res de 37 \u00e0 50, 52, demi-pointures de 38.5 \u00e0 46.5.<\/p><p>Pour vous aider \u00e0 trouver la bonne taille, rendez-vous sur <a href=\"https:\/\/lakecycling.com\/pages\/sizing-charts\" target=\"_blank\" rel=\"noopener noreferrer nofollow\">cette page<\/a> ou contactez-moi.<\/p>\t\t\t\t\t\t\t\t<\/div>\n\t\t\t\t<\/div>\n\t\t\t\t\t<\/div>\n\t\t\t\t<\/div>\n\t\t\t\t<\/div>\n\t\t","protected":false},"excerpt":{"rendered":"<p><strong>La CX242 est l\u2019aboutissement de toute l\u2019exp\u00e9rience de LAKE, des mat\u00e9riaux sup\u00e9rieurs et les techniques de fabrication pour cr\u00e9er une chaussure qui offre la meilleure solution d\u2019ajustement pour tout type de pied. Avec un contrefort de talon thermo-formable et une tige au design unique qui permet suffisamment de r\u00e9glage pour s\u2019adapter aux pieds avec n\u2019importe quelle hauteur de cou-de-pied et tout volume de pied sans sacrifier le confort. Par rapport \u00e0 la CX241, l\u2019avant de la chaussure offre plus de place et les panneaux de support Carbitex offrent un support suppl\u00e9mentaire pour am\u00e9liorer le maintien.  <\/strong><\/p>\n<p><strong>La CX242 a \u00e9t\u00e9 con\u00e7ue pour les cyclistes ayant des probl\u00e8mes de pieds tels que des oignons, des d\u00e9formations , donnant au cycliste l\u2019endurance dont il a besoin pour rester sur le v\u00e9lo. La tige a des panneaux s\u00e9par\u00e9s qui permettent un r\u00e9glage fin de la pression et de l\u2019ajustement, ce qui permet \u00e9galement \u00e0 la tige de se former autour des points sensibles et douloureux du pied sans le m\u00eame niveau de contrainte que celui ressenti dans les tiges de chaussures traditionnelles. <\/strong><\/p>\n","protected":false},"featured_media":77290,"comment_status":"closed","ping_status":"closed","template":"","meta":[],"product_brand":[],"product_cat":[4818,4913,4883],"product_tag":[5007,4822,5124,5178,5197],"class_list":{"0":"post-80087","1":"product","2":"type-product","3":"status-publish","4":"has-post-thumbnail","6":"product_cat-lake-shoes-fr","7":"product_cat-chaussures-route","8":"product_cat-cx242-en-fr","9":"product_tag-cx242-fr","10":"product_tag-lake-cycling-fr","11":"product_tag-road-fr","12":"product_tag-ultra-cycling-fr","13":"product_tag-white-black-fr","14":"product_shipping_class-large-items-fr","15":"pa_size-37-fr","16":"pa_size-38-fr","17":"pa_size-38-5-fr","18":"pa_size-39-fr","19":"pa_size-39-5-fr","20":"pa_size-40-fr","21":"pa_size-40-5-fr","22":"pa_size-41-fr","23":"pa_size-41-5-fr","24":"pa_size-42-fr","25":"pa_size-42-5-fr","26":"pa_size-43-fr","27":"pa_size-43-5-fr","28":"pa_size-44-fr","29":"pa_size-44-5-fr","30":"pa_size-45-fr","31":"pa_size-45-5-fr","32":"pa_size-46-fr","33":"pa_size-46-5-fr","34":"pa_size-47-fr","35":"pa_size-48-fr","36":"pa_size-49-fr","37":"pa_size-50-fr","38":"pa_size-52-fr","39":"pa_width-regular-fr","40":"pa_width-wide-fr","42":"first","43":"instock","44":"taxable","45":"shipping-taxable","46":"purchasable","47":"product-type-variable"},"yoast_head":"<!-- This site is optimized with the Yoast SEO Premium plugin v27.3 (Yoast SEO v27.3) - https:\/\/yoast.com\/product\/yoast-seo-premium-wordpress\/ -->\n<title>CX242 White\/Black - bikefit.lu<\/title>\n<meta name=\"robots\" content=\"index, follow, max-snippet:-1, max-image-preview:large, max-video-preview:-1\" \/>\n<link rel=\"canonical\" href=\"https:\/\/bikefit.lu\/fr\/product\/cx242-white-black\/\" \/>\n<meta property=\"og:locale\" content=\"fr_FR\" \/>\n<meta property=\"og:type\" content=\"article\" \/>\n<meta property=\"og:title\" content=\"CX242 White\/Black\" \/>\n<meta property=\"og:description\" content=\"La CX242 est l\u2019aboutissement de toute l\u2019exp\u00e9rience de LAKE, des mat\u00e9riaux sup\u00e9rieurs et les techniques de fabrication pour cr\u00e9er une chaussure qui offre la meilleure solution d\u2019ajustement pour tout type de pied. Avec un contrefort de talon thermo-formable et une tige au design unique qui permet suffisamment de r\u00e9glage pour s\u2019adapter aux pieds avec n\u2019importe quelle hauteur de cou-de-pied et tout volume de pied sans sacrifier le confort. Par rapport \u00e0 la CX241, l\u2019avant de la chaussure offre plus de place et les panneaux de support Carbitex offrent un support suppl\u00e9mentaire pour am\u00e9liorer le maintien.  La CX242 a \u00e9t\u00e9 con\u00e7ue pour les cyclistes ayant des probl\u00e8mes de pieds tels que des oignons, des d\u00e9formations , donnant au cycliste l\u2019endurance dont il a besoin pour rester sur le v\u00e9lo. La tige a des panneaux s\u00e9par\u00e9s qui permettent un r\u00e9glage fin de la pression et de l\u2019ajustement, ce qui permet \u00e9galement \u00e0 la tige de se former autour des points sensibles et douloureux du pied sans le m\u00eame niveau de contrainte que celui ressenti dans les tiges de chaussures traditionnelles.\" \/>\n<meta property=\"og:url\" content=\"https:\/\/bikefit.lu\/fr\/product\/cx242-white-black\/\" \/>\n<meta property=\"og:site_name\" content=\"bikefit.lu\" \/>\n<meta property=\"article:modified_time\" content=\"2025-10-02T18:14:16+00:00\" \/>\n<meta property=\"og:image\" content=\"https:\/\/bikefit.lu\/wp-content\/uploads\/2024\/01\/CX242-WHT-BLK-FRNT_516dae84-1cbe-4601-81b5-3eec50f0d2bb.webp\" \/>\n\t<meta property=\"og:image:width\" content=\"1025\" \/>\n\t<meta property=\"og:image:height\" content=\"760\" \/>\n\t<meta property=\"og:image:type\" content=\"image\/webp\" \/>\n<meta name=\"twitter:card\" content=\"summary_large_image\" \/>\n<meta name=\"twitter:label1\" content=\"Disponibilit\u00e9\" \/>\n\t<meta name=\"twitter:data1\" content=\"En stock\" \/>\n<script type=\"application\/ld+json\" class=\"yoast-schema-graph\">{\"@context\":\"https:\\\/\\\/schema.org\",\"@graph\":[{\"@type\":\"WebPage\",\"@id\":\"https:\\\/\\\/bikefit.lu\\\/fr\\\/product\\\/cx242-white-black\\\/\",\"url\":\"https:\\\/\\\/bikefit.lu\\\/fr\\\/product\\\/cx242-white-black\\\/\",\"name\":\"CX242 White\\\/Black - bikefit.lu\",\"isPartOf\":{\"@id\":\"https:\\\/\\\/bikefit.lu\\\/fr\\\/#website\"},\"primaryImageOfPage\":{\"@id\":\"https:\\\/\\\/bikefit.lu\\\/fr\\\/product\\\/cx242-white-black\\\/#primaryimage\"},\"image\":{\"@id\":\"https:\\\/\\\/bikefit.lu\\\/fr\\\/product\\\/cx242-white-black\\\/#primaryimage\"},\"thumbnailUrl\":\"https:\\\/\\\/bikefit.lu\\\/wp-content\\\/uploads\\\/2024\\\/01\\\/CX242-WHT-BLK-FRNT_516dae84-1cbe-4601-81b5-3eec50f0d2bb.webp\",\"datePublished\":\"2024-01-26T07:40:40+00:00\",\"dateModified\":\"2025-10-02T18:14:16+00:00\",\"breadcrumb\":{\"@id\":\"https:\\\/\\\/bikefit.lu\\\/fr\\\/product\\\/cx242-white-black\\\/#breadcrumb\"},\"inLanguage\":\"fr-FR\",\"potentialAction\":[{\"@type\":\"ReadAction\",\"target\":[\"https:\\\/\\\/bikefit.lu\\\/fr\\\/product\\\/cx242-white-black\\\/\"]}]},{\"@type\":\"ImageObject\",\"inLanguage\":\"fr-FR\",\"@id\":\"https:\\\/\\\/bikefit.lu\\\/fr\\\/product\\\/cx242-white-black\\\/#primaryimage\",\"url\":\"https:\\\/\\\/bikefit.lu\\\/wp-content\\\/uploads\\\/2024\\\/01\\\/CX242-WHT-BLK-FRNT_516dae84-1cbe-4601-81b5-3eec50f0d2bb.webp\",\"contentUrl\":\"https:\\\/\\\/bikefit.lu\\\/wp-content\\\/uploads\\\/2024\\\/01\\\/CX242-WHT-BLK-FRNT_516dae84-1cbe-4601-81b5-3eec50f0d2bb.webp\",\"width\":1025,\"height\":760},{\"@type\":\"BreadcrumbList\",\"@id\":\"https:\\\/\\\/bikefit.lu\\\/fr\\\/product\\\/cx242-white-black\\\/#breadcrumb\",\"itemListElement\":[{\"@type\":\"ListItem\",\"position\":1,\"name\":\"Home\",\"item\":\"https:\\\/\\\/bikefit.lu\\\/fr\\\/\"},{\"@type\":\"ListItem\",\"position\":2,\"name\":\"Produits\",\"item\":\"https:\\\/\\\/bikefit.lu\\\/fr\\\/shop\\\/\"},{\"@type\":\"ListItem\",\"position\":3,\"name\":\"CX242 White\\\/Black\"}]},{\"@type\":\"WebSite\",\"@id\":\"https:\\\/\\\/bikefit.lu\\\/fr\\\/#website\",\"url\":\"https:\\\/\\\/bikefit.lu\\\/fr\\\/\",\"name\":\"bikefit.lu\",\"description\":\"IMPROVING CYCLING\",\"publisher\":{\"@id\":\"https:\\\/\\\/bikefit.lu\\\/fr\\\/#\\\/schema\\\/person\\\/379af1263474d2f8cd1f41c2bd90273d\"},\"potentialAction\":[{\"@type\":\"SearchAction\",\"target\":{\"@type\":\"EntryPoint\",\"urlTemplate\":\"https:\\\/\\\/bikefit.lu\\\/fr\\\/?s={search_term_string}\"},\"query-input\":{\"@type\":\"PropertyValueSpecification\",\"valueRequired\":true,\"valueName\":\"search_term_string\"}}],\"inLanguage\":\"fr-FR\"},{\"@type\":[\"Person\",\"Organization\"],\"@id\":\"https:\\\/\\\/bikefit.lu\\\/fr\\\/#\\\/schema\\\/person\\\/379af1263474d2f8cd1f41c2bd90273d\",\"name\":\"Patrick Guillaume\",\"image\":{\"@type\":\"ImageObject\",\"inLanguage\":\"fr-FR\",\"@id\":\"https:\\\/\\\/bikefit.lu\\\/wp-content\\\/uploads\\\/2024\\\/12\\\/cropped-bikefit-logoURL-RGB-jpg.jpg\",\"url\":\"https:\\\/\\\/bikefit.lu\\\/wp-content\\\/uploads\\\/2024\\\/12\\\/cropped-bikefit-logoURL-RGB-jpg.jpg\",\"contentUrl\":\"https:\\\/\\\/bikefit.lu\\\/wp-content\\\/uploads\\\/2024\\\/12\\\/cropped-bikefit-logoURL-RGB-jpg.jpg\",\"width\":512,\"height\":512,\"caption\":\"Patrick Guillaume\"},\"logo\":{\"@id\":\"https:\\\/\\\/bikefit.lu\\\/wp-content\\\/uploads\\\/2024\\\/12\\\/cropped-bikefit-logoURL-RGB-jpg.jpg\"},\"sameAs\":[\"https:\\\/\\\/bikefit.lu\"],\"honorificPrefix\":\"Mr\",\"birthDate\":\"1966-11-18\",\"gender\":\"male\",\"knowsAbout\":[\"Bike-fitting\"],\"knowsLanguage\":[\"English\",\"French\",\"German\",\"Luxembourgish\"]}]}<\/script>\n<meta property=\"og:availability\" content=\"instock\" \/>\n<meta property=\"product:availability\" content=\"instock\" \/>\n<meta property=\"product:condition\" content=\"new\" \/>\n<!-- \/ Yoast SEO Premium plugin. -->","yoast_head_json":{"title":"CX242 White\/Black - bikefit.lu","robots":{"index":"index","follow":"follow","max-snippet":"max-snippet:-1","max-image-preview":"max-image-preview:large","max-video-preview":"max-video-preview:-1"},"canonical":"https:\/\/bikefit.lu\/fr\/product\/cx242-white-black\/","og_locale":"fr_FR","og_type":"article","og_title":"CX242 White\/Black","og_description":"La CX242 est l\u2019aboutissement de toute l\u2019exp\u00e9rience de LAKE, des mat\u00e9riaux sup\u00e9rieurs et les techniques de fabrication pour cr\u00e9er une chaussure qui offre la meilleure solution d\u2019ajustement pour tout type de pied. Avec un contrefort de talon thermo-formable et une tige au design unique qui permet suffisamment de r\u00e9glage pour s\u2019adapter aux pieds avec n\u2019importe quelle hauteur de cou-de-pied et tout volume de pied sans sacrifier le confort. Par rapport \u00e0 la CX241, l\u2019avant de la chaussure offre plus de place et les panneaux de support Carbitex offrent un support suppl\u00e9mentaire pour am\u00e9liorer le maintien.  La CX242 a \u00e9t\u00e9 con\u00e7ue pour les cyclistes ayant des probl\u00e8mes de pieds tels que des oignons, des d\u00e9formations , donnant au cycliste l\u2019endurance dont il a besoin pour rester sur le v\u00e9lo. La tige a des panneaux s\u00e9par\u00e9s qui permettent un r\u00e9glage fin de la pression et de l\u2019ajustement, ce qui permet \u00e9galement \u00e0 la tige de se former autour des points sensibles et douloureux du pied sans le m\u00eame niveau de contrainte que celui ressenti dans les tiges de chaussures traditionnelles.","og_url":"https:\/\/bikefit.lu\/fr\/product\/cx242-white-black\/","og_site_name":"bikefit.lu","article_modified_time":"2025-10-02T18:14:16+00:00","og_image":[{"width":1025,"height":760,"url":"https:\/\/bikefit.lu\/wp-content\/uploads\/2024\/01\/CX242-WHT-BLK-FRNT_516dae84-1cbe-4601-81b5-3eec50f0d2bb.webp","type":"image\/webp"}],"twitter_card":"summary_large_image","twitter_misc":{"Disponibilit\u00e9":"En stock"},"schema":{"@context":"https:\/\/schema.org","@graph":[{"@type":"WebPage","@id":"https:\/\/bikefit.lu\/fr\/product\/cx242-white-black\/","url":"https:\/\/bikefit.lu\/fr\/product\/cx242-white-black\/","name":"CX242 White\/Black - bikefit.lu","isPartOf":{"@id":"https:\/\/bikefit.lu\/fr\/#website"},"primaryImageOfPage":{"@id":"https:\/\/bikefit.lu\/fr\/product\/cx242-white-black\/#primaryimage"},"image":{"@id":"https:\/\/bikefit.lu\/fr\/product\/cx242-white-black\/#primaryimage"},"thumbnailUrl":"https:\/\/bikefit.lu\/wp-content\/uploads\/2024\/01\/CX242-WHT-BLK-FRNT_516dae84-1cbe-4601-81b5-3eec50f0d2bb.webp","datePublished":"2024-01-26T07:40:40+00:00","dateModified":"2025-10-02T18:14:16+00:00","breadcrumb":{"@id":"https:\/\/bikefit.lu\/fr\/product\/cx242-white-black\/#breadcrumb"},"inLanguage":"fr-FR","potentialAction":[{"@type":"ReadAction","target":["https:\/\/bikefit.lu\/fr\/product\/cx242-white-black\/"]}]},{"@type":"ImageObject","inLanguage":"fr-FR","@id":"https:\/\/bikefit.lu\/fr\/product\/cx242-white-black\/#primaryimage","url":"https:\/\/bikefit.lu\/wp-content\/uploads\/2024\/01\/CX242-WHT-BLK-FRNT_516dae84-1cbe-4601-81b5-3eec50f0d2bb.webp","contentUrl":"https:\/\/bikefit.lu\/wp-content\/uploads\/2024\/01\/CX242-WHT-BLK-FRNT_516dae84-1cbe-4601-81b5-3eec50f0d2bb.webp","width":1025,"height":760},{"@type":"BreadcrumbList","@id":"https:\/\/bikefit.lu\/fr\/product\/cx242-white-black\/#breadcrumb","itemListElement":[{"@type":"ListItem","position":1,"name":"Home","item":"https:\/\/bikefit.lu\/fr\/"},{"@type":"ListItem","position":2,"name":"Produits","item":"https:\/\/bikefit.lu\/fr\/shop\/"},{"@type":"ListItem","position":3,"name":"CX242 White\/Black"}]},{"@type":"WebSite","@id":"https:\/\/bikefit.lu\/fr\/#website","url":"https:\/\/bikefit.lu\/fr\/","name":"bikefit.lu","description":"IMPROVING CYCLING","publisher":{"@id":"https:\/\/bikefit.lu\/fr\/#\/schema\/person\/379af1263474d2f8cd1f41c2bd90273d"},"potentialAction":[{"@type":"SearchAction","target":{"@type":"EntryPoint","urlTemplate":"https:\/\/bikefit.lu\/fr\/?s={search_term_string}"},"query-input":{"@type":"PropertyValueSpecification","valueRequired":true,"valueName":"search_term_string"}}],"inLanguage":"fr-FR"},{"@type":["Person","Organization"],"@id":"https:\/\/bikefit.lu\/fr\/#\/schema\/person\/379af1263474d2f8cd1f41c2bd90273d","name":"Patrick Guillaume","image":{"@type":"ImageObject","inLanguage":"fr-FR","@id":"https:\/\/bikefit.lu\/wp-content\/uploads\/2024\/12\/cropped-bikefit-logoURL-RGB-jpg.jpg","url":"https:\/\/bikefit.lu\/wp-content\/uploads\/2024\/12\/cropped-bikefit-logoURL-RGB-jpg.jpg","contentUrl":"https:\/\/bikefit.lu\/wp-content\/uploads\/2024\/12\/cropped-bikefit-logoURL-RGB-jpg.jpg","width":512,"height":512,"caption":"Patrick Guillaume"},"logo":{"@id":"https:\/\/bikefit.lu\/wp-content\/uploads\/2024\/12\/cropped-bikefit-logoURL-RGB-jpg.jpg"},"sameAs":["https:\/\/bikefit.lu"],"honorificPrefix":"Mr","birthDate":"1966-11-18","gender":"male","knowsAbout":["Bike-fitting"],"knowsLanguage":["English","French","German","Luxembourgish"]}]},"og_availability":"instock","product_availability":"instock","product_condition":"new"},"_links":{"self":[{"href":"https:\/\/bikefit.lu\/fr\/wp-json\/wp\/v2\/product\/80087","targetHints":{"allow":["GET"]}}],"collection":[{"href":"https:\/\/bikefit.lu\/fr\/wp-json\/wp\/v2\/product"}],"about":[{"href":"https:\/\/bikefit.lu\/fr\/wp-json\/wp\/v2\/types\/product"}],"replies":[{"embeddable":true,"href":"https:\/\/bikefit.lu\/fr\/wp-json\/wp\/v2\/comments?post=80087"}],"version-history":[{"count":0,"href":"https:\/\/bikefit.lu\/fr\/wp-json\/wp\/v2\/product\/80087\/revisions"}],"wp:featuredmedia":[{"embeddable":true,"href":"https:\/\/bikefit.lu\/fr\/wp-json\/wp\/v2\/media\/77290"}],"wp:attachment":[{"href":"https:\/\/bikefit.lu\/fr\/wp-json\/wp\/v2\/media?parent=80087"}],"wp:term":[{"taxonomy":"product_brand","embeddable":true,"href":"https:\/\/bikefit.lu\/fr\/wp-json\/wp\/v2\/product_brand?post=80087"},{"taxonomy":"product_cat","embeddable":true,"href":"https:\/\/bikefit.lu\/fr\/wp-json\/wp\/v2\/product_cat?post=80087"},{"taxonomy":"product_tag","embeddable":true,"href":"https:\/\/bikefit.lu\/fr\/wp-json\/wp\/v2\/product_tag?post=80087"}],"curies":[{"name":"wp","href":"https:\/\/api.w.org\/{rel}","templated":true}]}}