{"id":80584,"date":"2024-01-15T21:06:25","date_gmt":"2024-01-15T21:06:25","guid":{"rendered":"https:\/\/staging.bikefit.lu\/shop\/non%20class\u00e9\/cx333-black-silver\/"},"modified":"2025-02-06T20:20:19","modified_gmt":"2025-02-06T20:20:19","slug":"cx333-black-silver","status":"publish","type":"product","link":"https:\/\/bikefit.lu\/fr\/product\/cx333-black-silver\/","title":{"rendered":"CX333 Black\/Silver"},"content":{"rendered":"<p><strong>Forme :<\/strong> CX Race : Caract\u00e9ris\u00e9e par une bo\u00eete \u00e0 orteils l\u00e9g\u00e8rement plus \u00e9troite et un talon plus ajust\u00e9 que la forme Competition, et un volume global inf\u00e9rieur \u00e0 la forme Sport. Con\u00e7ue pour un p\u00e9dalage \u00e0 tr\u00e8s haute cadence, une pression sup\u00e9rieure et un ajustement plus \u00e9lanc\u00e9. <\/p>\n<p><strong>Partie sup\u00e9rieure :<\/strong> Cuir de kangourou Klite avec doublure en cuir ou partie sup\u00e9rieure en microfibre avec doublure thermor\u00e9gulatrice Outlast et panneau de soutien m\u00e9dial Carbitex pour un ajustement s\u00fbr. Contrefort de talon interne en fibre de carbone Thermaform. Le contrefort de talon interne est en carbone thermoformable offrant la possibilit\u00e9 de personnaliser davantage le maintien du talon. Un maintien s\u00fbr du talon stabilisera le pied et \u00e9liminera le glissement du talon. Un pied stable permet un meilleur transfert de puissance et r\u00e9duit la fatigue. La partie sup\u00e9rieure en cuir naturel moulant, combin\u00e9e au syst\u00e8me de fermeture double BOA\u00ae, garantit que votre pied sera maintenu sans n\u00e9cessiter un serrage excessif de la chaussure.     <\/p>\n<p><strong>Semelle ext\u00e9rieure :<\/strong> Semelle Lake Race 100% fibre de carbone. Disponible avec un motif \u00e0 3 trous pour cales ou sp\u00e9cifique Speedplay en option personnalis\u00e9e. Le mod\u00e8le CX333 utilise le syst\u00e8me brevet\u00e9 de double semelle de Lake. La semelle int\u00e9rieure est une plateforme semi-flexible en fibre de verre qui permet au pied de conserver une certaine flexibilit\u00e9 au niveau de la plante du pied, o\u00f9 celui-ci a tendance \u00e0 gonfler et o\u00f9 des points de pression ou des engourdissements se produiraient g\u00e9n\u00e9ralement. La semelle int\u00e9rieure est suspendue au-dessus de la semelle ext\u00e9rieure rigide en carbone. Ce syst\u00e8me nous permet d&#8217;utiliser une semelle ext\u00e9rieure en carbone extr\u00eamement rigide sans sacrifier le confort de p\u00e9dalage.     <\/p>\n<p><strong>Fermeture :<\/strong> Syst\u00e8me BOA\u00ae Fit avec double molette Li2 et guides de lacets d\u00e9tachables. Il n&#8217;existe pas un seul \u00e9l\u00e9ment auquel on puisse attribuer l&#8217;ajustement parfait d&#8217;une chaussure. Le syst\u00e8me d&#8217;ajustement double BOA\u00ae n&#8217;est pas propre au cyclisme, mais c&#8217;est la fa\u00e7on dont Lake utilise ce syst\u00e8me de molettes en conjonction avec leur travail de conception, leur forme de chaussure de classe mondiale et leur s\u00e9lection de mat\u00e9riaux sup\u00e9rieurs pour la tige qui rendent ce syst\u00e8me efficace. C&#8217;est pour ces raisons que les chaussures Lake sont reconnues dans le monde entier comme \u00e9tant les chaussures de cyclisme haute performance les mieux ajust\u00e9es et les plus confortables.  <\/p>\n<p><strong>Couleurs:<\/strong> White\/Black, Black\/Silver, White\/White Microfiber ou #LakeCustom Color<\/p>\n<p>Oui, les couleurs de ces mod\u00e8les peuvent \u00eatre personnalis\u00e9es moyennant un suppl\u00e9ment modique de 90 \u20ac. Jouez avec le <a href=\"https:\/\/custom.lakecycling.com\/#\/ChooseModel\" target=\"_blank\" rel=\"noopener noreferrer nofollow\">personnalisateur<\/a> et n&#8217;h\u00e9sitez pas \u00e0 me contacter si vous avez besoin d&#8217;aide, de conseils, si vous souhaitez ajouter un graphisme ou si vous souhaitez commander VOS chaussures.<\/p>\n<p><strong>Pointures :<\/strong> \u00c9troit 39-50, 52 &amp; 39,5-46,5 ; Normal 39-50, 52 &amp; 39,5-46,5 ; Large (EE) 37-50, 52 &amp; 39,5-46,5 ; Femmes 36-43, 37,5-42,5<\/p>\n<p>Compar\u00e9e avec la CX332: Narrow 333 = standard 332 \/ regular 333 = wide 333 and wide 333 = extra wide 332<\/p>\n<p>Pour vous aider \u00e0 trouver la bonne taille, rendez-vous sur <a href=\"https:\/\/lakecycling.com\/pages\/sizing-charts\" target=\"_blank\" rel=\"noopener noreferrer\">cette page<\/a> ou contactez-moi.<\/p>\n","protected":false},"excerpt":{"rendered":"<p><strong>La CX333 est la prochaine g\u00e9n\u00e9ration de la classique CX332 avec quelques mises \u00e0 jour et mises \u00e0 niveau. Dot\u00e9e d\u00e9sormais d\u2019un panneau de support de vo\u00fbte plantaire Carbitex pour un ajustement plus s\u00fbr. La CX333 s&#8217;appuie \u00e9galement sur la m\u00eame technologie thermaform que celle de la CX403.<\/strong>.<\/p>\n","protected":false},"featured_media":77122,"comment_status":"closed","ping_status":"closed","template":"","meta":[],"product_brand":[],"product_cat":[4818,4913,4873],"product_tag":[4983,5193,5013,4822,5124,5183,5178],"class_list":{"0":"post-80584","1":"product","2":"type-product","3":"status-publish","4":"has-post-thumbnail","6":"product_cat-lake-shoes-fr","7":"product_cat-chaussures-route","8":"product_cat-cx333-fr","9":"product_tag-black-silver-fr","10":"product_tag-contre-la-montre","11":"product_tag-cx333-fr","12":"product_tag-lake-cycling-fr","13":"product_tag-road-fr","14":"product_tag-triathlon-fr","15":"product_tag-ultra-cycling-fr","16":"product_shipping_class-large-items-fr","17":"pa_size-37-fr","18":"pa_size-38-fr","19":"pa_size-39-fr","20":"pa_size-39-5-fr","21":"pa_size-40-fr","22":"pa_size-40-5-fr","23":"pa_size-41-fr","24":"pa_size-41-5-fr","25":"pa_size-42-fr","26":"pa_size-42-5-fr","27":"pa_size-43-fr","28":"pa_size-43-5-fr","29":"pa_size-44-fr","30":"pa_size-44-5-fr","31":"pa_size-45-fr","32":"pa_size-45-5-fr","33":"pa_size-46-fr","34":"pa_size-46-5-fr","35":"pa_size-47-fr","36":"pa_size-48-fr","37":"pa_size-49-fr","38":"pa_size-50-fr","39":"pa_size-52-fr","40":"pa_width-narrow-fr-2","41":"pa_width-regular-fr","42":"pa_width-wide-fr","44":"first","45":"instock","46":"taxable","47":"shipping-taxable","48":"purchasable","49":"product-type-variable"},"yoast_head":"<!-- This site is optimized with the Yoast SEO Premium plugin v27.3 (Yoast SEO v27.3) - https:\/\/yoast.com\/product\/yoast-seo-premium-wordpress\/ -->\n<title>CX333 Black\/Silver - bikefit.lu<\/title>\n<meta name=\"robots\" content=\"index, follow, max-snippet:-1, max-image-preview:large, max-video-preview:-1\" \/>\n<link rel=\"canonical\" href=\"https:\/\/bikefit.lu\/fr\/product\/cx333-black-silver\/\" \/>\n<meta property=\"og:locale\" content=\"fr_FR\" \/>\n<meta property=\"og:type\" content=\"article\" \/>\n<meta property=\"og:title\" content=\"CX333 Black\/Silver\" \/>\n<meta property=\"og:description\" content=\"La CX333 est la prochaine g\u00e9n\u00e9ration de la classique CX332 avec quelques mises \u00e0 jour et mises \u00e0 niveau. Dot\u00e9e d\u00e9sormais d\u2019un panneau de support de vo\u00fbte plantaire Carbitex pour un ajustement plus s\u00fbr. La CX333 s&#039;appuie \u00e9galement sur la m\u00eame technologie thermaform que celle de la CX403..\" \/>\n<meta property=\"og:url\" content=\"https:\/\/bikefit.lu\/fr\/product\/cx333-black-silver\/\" \/>\n<meta property=\"og:site_name\" content=\"bikefit.lu\" \/>\n<meta property=\"article:modified_time\" content=\"2025-02-06T20:20:19+00:00\" \/>\n<meta property=\"og:image\" content=\"https:\/\/bikefit.lu\/wp-content\/uploads\/2024\/01\/9c6dee49-5198-4940-96b6-002ece653887_1800x1800.webp\" \/>\n\t<meta property=\"og:image:width\" content=\"1065\" \/>\n\t<meta property=\"og:image:height\" content=\"756\" \/>\n\t<meta property=\"og:image:type\" content=\"image\/webp\" \/>\n<meta name=\"twitter:card\" content=\"summary_large_image\" \/>\n<meta name=\"twitter:label1\" content=\"Disponibilit\u00e9\" \/>\n\t<meta name=\"twitter:data1\" content=\"En stock\" \/>\n<script type=\"application\/ld+json\" class=\"yoast-schema-graph\">{\"@context\":\"https:\\\/\\\/schema.org\",\"@graph\":[{\"@type\":\"WebPage\",\"@id\":\"https:\\\/\\\/bikefit.lu\\\/fr\\\/product\\\/cx333-black-silver\\\/\",\"url\":\"https:\\\/\\\/bikefit.lu\\\/fr\\\/product\\\/cx333-black-silver\\\/\",\"name\":\"CX333 Black\\\/Silver - bikefit.lu\",\"isPartOf\":{\"@id\":\"https:\\\/\\\/bikefit.lu\\\/fr\\\/#website\"},\"primaryImageOfPage\":{\"@id\":\"https:\\\/\\\/bikefit.lu\\\/fr\\\/product\\\/cx333-black-silver\\\/#primaryimage\"},\"image\":{\"@id\":\"https:\\\/\\\/bikefit.lu\\\/fr\\\/product\\\/cx333-black-silver\\\/#primaryimage\"},\"thumbnailUrl\":\"https:\\\/\\\/bikefit.lu\\\/wp-content\\\/uploads\\\/2024\\\/01\\\/9c6dee49-5198-4940-96b6-002ece653887_1800x1800.webp\",\"datePublished\":\"2024-01-15T21:06:25+00:00\",\"dateModified\":\"2025-02-06T20:20:19+00:00\",\"breadcrumb\":{\"@id\":\"https:\\\/\\\/bikefit.lu\\\/fr\\\/product\\\/cx333-black-silver\\\/#breadcrumb\"},\"inLanguage\":\"fr-FR\",\"potentialAction\":[{\"@type\":\"ReadAction\",\"target\":[\"https:\\\/\\\/bikefit.lu\\\/fr\\\/product\\\/cx333-black-silver\\\/\"]}]},{\"@type\":\"ImageObject\",\"inLanguage\":\"fr-FR\",\"@id\":\"https:\\\/\\\/bikefit.lu\\\/fr\\\/product\\\/cx333-black-silver\\\/#primaryimage\",\"url\":\"https:\\\/\\\/bikefit.lu\\\/wp-content\\\/uploads\\\/2024\\\/01\\\/9c6dee49-5198-4940-96b6-002ece653887_1800x1800.webp\",\"contentUrl\":\"https:\\\/\\\/bikefit.lu\\\/wp-content\\\/uploads\\\/2024\\\/01\\\/9c6dee49-5198-4940-96b6-002ece653887_1800x1800.webp\",\"width\":1065,\"height\":756},{\"@type\":\"BreadcrumbList\",\"@id\":\"https:\\\/\\\/bikefit.lu\\\/fr\\\/product\\\/cx333-black-silver\\\/#breadcrumb\",\"itemListElement\":[{\"@type\":\"ListItem\",\"position\":1,\"name\":\"Home\",\"item\":\"https:\\\/\\\/bikefit.lu\\\/fr\\\/\"},{\"@type\":\"ListItem\",\"position\":2,\"name\":\"Produits\",\"item\":\"https:\\\/\\\/bikefit.lu\\\/fr\\\/shop\\\/\"},{\"@type\":\"ListItem\",\"position\":3,\"name\":\"CX333 Black\\\/Silver\"}]},{\"@type\":\"WebSite\",\"@id\":\"https:\\\/\\\/bikefit.lu\\\/fr\\\/#website\",\"url\":\"https:\\\/\\\/bikefit.lu\\\/fr\\\/\",\"name\":\"bikefit.lu\",\"description\":\"IMPROVING CYCLING\",\"publisher\":{\"@id\":\"https:\\\/\\\/bikefit.lu\\\/fr\\\/#\\\/schema\\\/person\\\/379af1263474d2f8cd1f41c2bd90273d\"},\"potentialAction\":[{\"@type\":\"SearchAction\",\"target\":{\"@type\":\"EntryPoint\",\"urlTemplate\":\"https:\\\/\\\/bikefit.lu\\\/fr\\\/?s={search_term_string}\"},\"query-input\":{\"@type\":\"PropertyValueSpecification\",\"valueRequired\":true,\"valueName\":\"search_term_string\"}}],\"inLanguage\":\"fr-FR\"},{\"@type\":[\"Person\",\"Organization\"],\"@id\":\"https:\\\/\\\/bikefit.lu\\\/fr\\\/#\\\/schema\\\/person\\\/379af1263474d2f8cd1f41c2bd90273d\",\"name\":\"Patrick Guillaume\",\"image\":{\"@type\":\"ImageObject\",\"inLanguage\":\"fr-FR\",\"@id\":\"https:\\\/\\\/bikefit.lu\\\/wp-content\\\/uploads\\\/2024\\\/12\\\/cropped-bikefit-logoURL-RGB-jpg.jpg\",\"url\":\"https:\\\/\\\/bikefit.lu\\\/wp-content\\\/uploads\\\/2024\\\/12\\\/cropped-bikefit-logoURL-RGB-jpg.jpg\",\"contentUrl\":\"https:\\\/\\\/bikefit.lu\\\/wp-content\\\/uploads\\\/2024\\\/12\\\/cropped-bikefit-logoURL-RGB-jpg.jpg\",\"width\":512,\"height\":512,\"caption\":\"Patrick Guillaume\"},\"logo\":{\"@id\":\"https:\\\/\\\/bikefit.lu\\\/wp-content\\\/uploads\\\/2024\\\/12\\\/cropped-bikefit-logoURL-RGB-jpg.jpg\"},\"sameAs\":[\"https:\\\/\\\/bikefit.lu\"],\"honorificPrefix\":\"Mr\",\"birthDate\":\"1966-11-18\",\"gender\":\"male\",\"knowsAbout\":[\"Bike-fitting\"],\"knowsLanguage\":[\"English\",\"French\",\"German\",\"Luxembourgish\"]}]}<\/script>\n<meta property=\"og:availability\" content=\"instock\" \/>\n<meta property=\"product:availability\" content=\"instock\" \/>\n<meta property=\"product:condition\" content=\"new\" \/>\n<!-- \/ Yoast SEO Premium plugin. -->","yoast_head_json":{"title":"CX333 Black\/Silver - bikefit.lu","robots":{"index":"index","follow":"follow","max-snippet":"max-snippet:-1","max-image-preview":"max-image-preview:large","max-video-preview":"max-video-preview:-1"},"canonical":"https:\/\/bikefit.lu\/fr\/product\/cx333-black-silver\/","og_locale":"fr_FR","og_type":"article","og_title":"CX333 Black\/Silver","og_description":"La CX333 est la prochaine g\u00e9n\u00e9ration de la classique CX332 avec quelques mises \u00e0 jour et mises \u00e0 niveau. Dot\u00e9e d\u00e9sormais d\u2019un panneau de support de vo\u00fbte plantaire Carbitex pour un ajustement plus s\u00fbr. La CX333 s'appuie \u00e9galement sur la m\u00eame technologie thermaform que celle de la CX403..","og_url":"https:\/\/bikefit.lu\/fr\/product\/cx333-black-silver\/","og_site_name":"bikefit.lu","article_modified_time":"2025-02-06T20:20:19+00:00","og_image":[{"width":1065,"height":756,"url":"https:\/\/bikefit.lu\/wp-content\/uploads\/2024\/01\/9c6dee49-5198-4940-96b6-002ece653887_1800x1800.webp","type":"image\/webp"}],"twitter_card":"summary_large_image","twitter_misc":{"Disponibilit\u00e9":"En stock"},"schema":{"@context":"https:\/\/schema.org","@graph":[{"@type":"WebPage","@id":"https:\/\/bikefit.lu\/fr\/product\/cx333-black-silver\/","url":"https:\/\/bikefit.lu\/fr\/product\/cx333-black-silver\/","name":"CX333 Black\/Silver - bikefit.lu","isPartOf":{"@id":"https:\/\/bikefit.lu\/fr\/#website"},"primaryImageOfPage":{"@id":"https:\/\/bikefit.lu\/fr\/product\/cx333-black-silver\/#primaryimage"},"image":{"@id":"https:\/\/bikefit.lu\/fr\/product\/cx333-black-silver\/#primaryimage"},"thumbnailUrl":"https:\/\/bikefit.lu\/wp-content\/uploads\/2024\/01\/9c6dee49-5198-4940-96b6-002ece653887_1800x1800.webp","datePublished":"2024-01-15T21:06:25+00:00","dateModified":"2025-02-06T20:20:19+00:00","breadcrumb":{"@id":"https:\/\/bikefit.lu\/fr\/product\/cx333-black-silver\/#breadcrumb"},"inLanguage":"fr-FR","potentialAction":[{"@type":"ReadAction","target":["https:\/\/bikefit.lu\/fr\/product\/cx333-black-silver\/"]}]},{"@type":"ImageObject","inLanguage":"fr-FR","@id":"https:\/\/bikefit.lu\/fr\/product\/cx333-black-silver\/#primaryimage","url":"https:\/\/bikefit.lu\/wp-content\/uploads\/2024\/01\/9c6dee49-5198-4940-96b6-002ece653887_1800x1800.webp","contentUrl":"https:\/\/bikefit.lu\/wp-content\/uploads\/2024\/01\/9c6dee49-5198-4940-96b6-002ece653887_1800x1800.webp","width":1065,"height":756},{"@type":"BreadcrumbList","@id":"https:\/\/bikefit.lu\/fr\/product\/cx333-black-silver\/#breadcrumb","itemListElement":[{"@type":"ListItem","position":1,"name":"Home","item":"https:\/\/bikefit.lu\/fr\/"},{"@type":"ListItem","position":2,"name":"Produits","item":"https:\/\/bikefit.lu\/fr\/shop\/"},{"@type":"ListItem","position":3,"name":"CX333 Black\/Silver"}]},{"@type":"WebSite","@id":"https:\/\/bikefit.lu\/fr\/#website","url":"https:\/\/bikefit.lu\/fr\/","name":"bikefit.lu","description":"IMPROVING CYCLING","publisher":{"@id":"https:\/\/bikefit.lu\/fr\/#\/schema\/person\/379af1263474d2f8cd1f41c2bd90273d"},"potentialAction":[{"@type":"SearchAction","target":{"@type":"EntryPoint","urlTemplate":"https:\/\/bikefit.lu\/fr\/?s={search_term_string}"},"query-input":{"@type":"PropertyValueSpecification","valueRequired":true,"valueName":"search_term_string"}}],"inLanguage":"fr-FR"},{"@type":["Person","Organization"],"@id":"https:\/\/bikefit.lu\/fr\/#\/schema\/person\/379af1263474d2f8cd1f41c2bd90273d","name":"Patrick Guillaume","image":{"@type":"ImageObject","inLanguage":"fr-FR","@id":"https:\/\/bikefit.lu\/wp-content\/uploads\/2024\/12\/cropped-bikefit-logoURL-RGB-jpg.jpg","url":"https:\/\/bikefit.lu\/wp-content\/uploads\/2024\/12\/cropped-bikefit-logoURL-RGB-jpg.jpg","contentUrl":"https:\/\/bikefit.lu\/wp-content\/uploads\/2024\/12\/cropped-bikefit-logoURL-RGB-jpg.jpg","width":512,"height":512,"caption":"Patrick Guillaume"},"logo":{"@id":"https:\/\/bikefit.lu\/wp-content\/uploads\/2024\/12\/cropped-bikefit-logoURL-RGB-jpg.jpg"},"sameAs":["https:\/\/bikefit.lu"],"honorificPrefix":"Mr","birthDate":"1966-11-18","gender":"male","knowsAbout":["Bike-fitting"],"knowsLanguage":["English","French","German","Luxembourgish"]}]},"og_availability":"instock","product_availability":"instock","product_condition":"new"},"_links":{"self":[{"href":"https:\/\/bikefit.lu\/fr\/wp-json\/wp\/v2\/product\/80584","targetHints":{"allow":["GET"]}}],"collection":[{"href":"https:\/\/bikefit.lu\/fr\/wp-json\/wp\/v2\/product"}],"about":[{"href":"https:\/\/bikefit.lu\/fr\/wp-json\/wp\/v2\/types\/product"}],"replies":[{"embeddable":true,"href":"https:\/\/bikefit.lu\/fr\/wp-json\/wp\/v2\/comments?post=80584"}],"version-history":[{"count":0,"href":"https:\/\/bikefit.lu\/fr\/wp-json\/wp\/v2\/product\/80584\/revisions"}],"wp:featuredmedia":[{"embeddable":true,"href":"https:\/\/bikefit.lu\/fr\/wp-json\/wp\/v2\/media\/77122"}],"wp:attachment":[{"href":"https:\/\/bikefit.lu\/fr\/wp-json\/wp\/v2\/media?parent=80584"}],"wp:term":[{"taxonomy":"product_brand","embeddable":true,"href":"https:\/\/bikefit.lu\/fr\/wp-json\/wp\/v2\/product_brand?post=80584"},{"taxonomy":"product_cat","embeddable":true,"href":"https:\/\/bikefit.lu\/fr\/wp-json\/wp\/v2\/product_cat?post=80584"},{"taxonomy":"product_tag","embeddable":true,"href":"https:\/\/bikefit.lu\/fr\/wp-json\/wp\/v2\/product_tag?post=80584"}],"curies":[{"name":"wp","href":"https:\/\/api.w.org\/{rel}","templated":true}]}}