{"id":81012,"date":"2020-12-16T17:23:50","date_gmt":"2020-12-16T16:23:50","guid":{"rendered":"https:\/\/staging.bikefit.lu\/shop\/non%20class\u00e9\/cx201-black\/"},"modified":"2024-07-30T10:45:48","modified_gmt":"2024-07-30T10:45:48","slug":"cx201-black","status":"publish","type":"product","link":"https:\/\/bikefit.lu\/fr\/product\/cx201-black\/","title":{"rendered":"CX201 Black"},"content":{"rendered":"<p><strong>Forme:<\/strong> CX Comfort Plus<br \/><strong>Tige:<\/strong> tige en microfibre Clarino avec coque respirante et absorbante NuFOAM \u2122 avec doublure antimicrobienne Trek-Dry. La conception unique de NuFoam fonctionne de mani\u00e8re \u00e0 garder votre pied frais et sec. La couche la plus interne est un tissu antimicrobien et absorbant Trek-Dry en bambou carbonis\u00e9. Le Trek-Dry \u00e9loigne l\u2019humidit\u00e9 du pied vers la surface de la chaussure. La couche interm\u00e9diaire est une mousse perfor\u00e9e \u00e0 cellules ferm\u00e9es de 2 mm qui fonctionne comme une entretoise pour permettre \u00e0 l\u2019air de circuler dans la chaussure, cr\u00e9ant ainsi une \u00e9vaporation. Ce processus fonctionne comme un syst\u00e8me de refroidissement o\u00f9 l\u2019humidit\u00e9 qui s\u2019\u00e9vapore refroidit le pied tout en le gardant au sec.<br \/><strong>Semelle ext\u00e9rieure:<\/strong> Semelle en composite de carbone Lake Comfort Plus. Disponible uniquement pour cales \u00e0 3 trous.<br \/><strong>Fermeture: <\/strong>Tout nouveau syst\u00e8me de la\u00e7age BOA\u00ae Push \/ Pull Li2 \u00e0 montage lat\u00e9ral .<br \/><strong>Couleurs:<\/strong> blanc\/noir ou noir\/noir<br \/><strong>Pointures: <\/strong>standard uniquement       Pointures enti\u00e8res de 36 \u00e0 48, 50, demi-pointures de 39.5 \u00e0 46.5.<\/p>\n","protected":false},"excerpt":{"rendered":"[video width=\"848\" height=\"480\" mp4=\"https:\/\/bikefit.lu\/wp-content\/uploads\/2020\/12\/WhatsApp-Video-2020-12-16-at-10.51.09.mp4\"][\/video]\n<p>&nbsp; Vouloir faire passer le confort et l\u2019ajustement au niveau sup\u00e9rieur a donn\u00e9 naissance \u00e0 la<strong> CX201<\/strong>. Dot\u00e9 d\u2019une toute nouvelle forme avec une zone de l\u2019avant-pied et des orteils plus large et une construction unique qui offre une chaussure l\u00e9g\u00e8re et extr\u00eamement respirante avec une plate-forme g\u00e9n\u00e9reuse \u00e0 l\u2019avant-pied qui s\u2019adapte \u00e0 une multitude de formes de pied<br \/>La CX201 est construit sur base d\u2019une toute nouvelle forme qui offre plus qu\u2019une simple largeur suppl\u00e9mentaire. Les nouvelles dimensions de la <strong>forme Comfort Plus<\/strong> sont tout \u00e0 fait uniques, ce qui en fait une chaussure avec non seulement une forme et une apparence diff\u00e9rentes, mais \u00e9galement des ajustements et des sensation consid\u00e9rablement diff\u00e9rentes. Diff\u00e9rences notables entre les formes Comfort Plus et Competition:<br \/>\u2013 Forme des orteils avant \u00e9largie<br \/>\u2013 Tour de taille plus grand au niveau du cou-de-pied<br \/>\u2013 Moindre hauteur de la vo\u00fbte plantaire<br \/>\u2013 Talon \u00e9vas\u00e9 plus rond    <\/p>\n","protected":false},"featured_media":77509,"comment_status":"closed","ping_status":"closed","template":"","meta":[],"product_brand":[],"product_cat":[4818,4913,4866],"product_tag":[4972,4998,4822,5124],"class_list":{"0":"post-81012","1":"product","2":"type-product","3":"status-publish","4":"has-post-thumbnail","6":"product_cat-lake-shoes-fr","7":"product_cat-chaussures-route","8":"product_cat-cx201-fr","9":"product_tag-black-fr","10":"product_tag-cx201-fr","11":"product_tag-lake-cycling-fr","12":"product_tag-road-fr","13":"product_shipping_class-large-items-fr","14":"pa_size-36-fr","15":"pa_size-37-fr","16":"pa_size-38-fr","17":"pa_size-39-fr","18":"pa_size-39-5-fr","19":"pa_size-40-fr","20":"pa_size-40-5-fr","21":"pa_size-41-fr","22":"pa_size-41-5-fr","23":"pa_size-42-fr","24":"pa_size-42-5-fr","25":"pa_size-43-fr","26":"pa_size-43-5-fr","27":"pa_size-44-fr","28":"pa_size-44-5-fr","29":"pa_size-45-fr","30":"pa_size-45-5-fr","31":"pa_size-46-fr","32":"pa_size-46-5-fr","33":"pa_size-47-fr","34":"pa_size-48-fr","35":"pa_size-50-fr","37":"first","38":"instock","39":"taxable","40":"shipping-taxable","41":"purchasable","42":"product-type-variable"},"yoast_head":"<!-- This site is optimized with the Yoast SEO Premium plugin v27.3 (Yoast SEO v27.3) - https:\/\/yoast.com\/product\/yoast-seo-premium-wordpress\/ -->\n<title>CX201 Black - bikefit.lu<\/title>\n<meta name=\"robots\" content=\"index, follow, max-snippet:-1, max-image-preview:large, max-video-preview:-1\" \/>\n<link rel=\"canonical\" href=\"https:\/\/bikefit.lu\/fr\/product\/cx201-black\/\" \/>\n<meta property=\"og:locale\" content=\"fr_FR\" \/>\n<meta property=\"og:type\" content=\"article\" \/>\n<meta property=\"og:title\" content=\"CX201 Black\" \/>\n<meta property=\"og:description\" content=\"&nbsp; Vouloir faire passer le confort et l\u2019ajustement au niveau sup\u00e9rieur a donn\u00e9 naissance \u00e0 la CX201. Dot\u00e9 d\u2019une toute nouvelle forme avec une zone de l\u2019avant-pied et des orteils plus large et une construction unique qui offre une chaussure l\u00e9g\u00e8re et extr\u00eamement respirante avec une plate-forme g\u00e9n\u00e9reuse \u00e0 l\u2019avant-pied qui s\u2019adapte \u00e0 une multitude de formes de piedLa CX201 est construit sur base d\u2019une toute nouvelle forme qui offre plus qu\u2019une simple largeur suppl\u00e9mentaire. Les nouvelles dimensions de la forme Comfort Plus sont tout \u00e0 fait uniques, ce qui en fait une chaussure avec non seulement une forme et une apparence diff\u00e9rentes, mais \u00e9galement des ajustements et des sensation consid\u00e9rablement diff\u00e9rentes. Diff\u00e9rences notables entre les formes Comfort Plus et Competition:\u2013 Forme des orteils avant \u00e9largie\u2013 Tour de taille plus grand au niveau du cou-de-pied\u2013 Moindre hauteur de la vo\u00fbte plantaire\u2013 Talon \u00e9vas\u00e9 plus rond\" \/>\n<meta property=\"og:url\" content=\"https:\/\/bikefit.lu\/fr\/product\/cx201-black\/\" \/>\n<meta property=\"og:site_name\" content=\"bikefit.lu\" \/>\n<meta property=\"article:modified_time\" content=\"2024-07-30T10:45:48+00:00\" \/>\n<meta property=\"og:image\" content=\"https:\/\/bikefit.lu\/wp-content\/uploads\/2024\/02\/CX201-BLACK-WHITE-FRNT.webp\" \/>\n\t<meta property=\"og:image:width\" content=\"1800\" \/>\n\t<meta property=\"og:image:height\" content=\"1305\" \/>\n\t<meta property=\"og:image:type\" content=\"image\/webp\" \/>\n<meta name=\"twitter:card\" content=\"summary_large_image\" \/>\n<meta name=\"twitter:label1\" content=\"Disponibilit\u00e9\" \/>\n\t<meta name=\"twitter:data1\" content=\"En stock\" \/>\n<script type=\"application\/ld+json\" class=\"yoast-schema-graph\">{\"@context\":\"https:\\\/\\\/schema.org\",\"@graph\":[{\"@type\":\"WebPage\",\"@id\":\"https:\\\/\\\/bikefit.lu\\\/fr\\\/product\\\/cx201-black\\\/\",\"url\":\"https:\\\/\\\/bikefit.lu\\\/fr\\\/product\\\/cx201-black\\\/\",\"name\":\"CX201 Black - bikefit.lu\",\"isPartOf\":{\"@id\":\"https:\\\/\\\/bikefit.lu\\\/fr\\\/#website\"},\"primaryImageOfPage\":{\"@id\":\"https:\\\/\\\/bikefit.lu\\\/fr\\\/product\\\/cx201-black\\\/#primaryimage\"},\"image\":{\"@id\":\"https:\\\/\\\/bikefit.lu\\\/fr\\\/product\\\/cx201-black\\\/#primaryimage\"},\"thumbnailUrl\":\"https:\\\/\\\/bikefit.lu\\\/wp-content\\\/uploads\\\/2024\\\/02\\\/CX201-BLACK-WHITE-FRNT.webp\",\"datePublished\":\"2020-12-16T16:23:50+00:00\",\"dateModified\":\"2024-07-30T10:45:48+00:00\",\"breadcrumb\":{\"@id\":\"https:\\\/\\\/bikefit.lu\\\/fr\\\/product\\\/cx201-black\\\/#breadcrumb\"},\"inLanguage\":\"fr-FR\",\"potentialAction\":[{\"@type\":\"ReadAction\",\"target\":[\"https:\\\/\\\/bikefit.lu\\\/fr\\\/product\\\/cx201-black\\\/\"]}]},{\"@type\":\"ImageObject\",\"inLanguage\":\"fr-FR\",\"@id\":\"https:\\\/\\\/bikefit.lu\\\/fr\\\/product\\\/cx201-black\\\/#primaryimage\",\"url\":\"https:\\\/\\\/bikefit.lu\\\/wp-content\\\/uploads\\\/2024\\\/02\\\/CX201-BLACK-WHITE-FRNT.webp\",\"contentUrl\":\"https:\\\/\\\/bikefit.lu\\\/wp-content\\\/uploads\\\/2024\\\/02\\\/CX201-BLACK-WHITE-FRNT.webp\",\"width\":1800,\"height\":1305},{\"@type\":\"BreadcrumbList\",\"@id\":\"https:\\\/\\\/bikefit.lu\\\/fr\\\/product\\\/cx201-black\\\/#breadcrumb\",\"itemListElement\":[{\"@type\":\"ListItem\",\"position\":1,\"name\":\"Home\",\"item\":\"https:\\\/\\\/bikefit.lu\\\/fr\\\/\"},{\"@type\":\"ListItem\",\"position\":2,\"name\":\"Produits\",\"item\":\"https:\\\/\\\/bikefit.lu\\\/fr\\\/shop\\\/\"},{\"@type\":\"ListItem\",\"position\":3,\"name\":\"CX201 Black\"}]},{\"@type\":\"WebSite\",\"@id\":\"https:\\\/\\\/bikefit.lu\\\/fr\\\/#website\",\"url\":\"https:\\\/\\\/bikefit.lu\\\/fr\\\/\",\"name\":\"bikefit.lu\",\"description\":\"IMPROVING CYCLING\",\"publisher\":{\"@id\":\"https:\\\/\\\/bikefit.lu\\\/fr\\\/#\\\/schema\\\/person\\\/379af1263474d2f8cd1f41c2bd90273d\"},\"potentialAction\":[{\"@type\":\"SearchAction\",\"target\":{\"@type\":\"EntryPoint\",\"urlTemplate\":\"https:\\\/\\\/bikefit.lu\\\/fr\\\/?s={search_term_string}\"},\"query-input\":{\"@type\":\"PropertyValueSpecification\",\"valueRequired\":true,\"valueName\":\"search_term_string\"}}],\"inLanguage\":\"fr-FR\"},{\"@type\":[\"Person\",\"Organization\"],\"@id\":\"https:\\\/\\\/bikefit.lu\\\/fr\\\/#\\\/schema\\\/person\\\/379af1263474d2f8cd1f41c2bd90273d\",\"name\":\"Patrick Guillaume\",\"image\":{\"@type\":\"ImageObject\",\"inLanguage\":\"fr-FR\",\"@id\":\"https:\\\/\\\/bikefit.lu\\\/wp-content\\\/uploads\\\/2024\\\/12\\\/cropped-bikefit-logoURL-RGB-jpg.jpg\",\"url\":\"https:\\\/\\\/bikefit.lu\\\/wp-content\\\/uploads\\\/2024\\\/12\\\/cropped-bikefit-logoURL-RGB-jpg.jpg\",\"contentUrl\":\"https:\\\/\\\/bikefit.lu\\\/wp-content\\\/uploads\\\/2024\\\/12\\\/cropped-bikefit-logoURL-RGB-jpg.jpg\",\"width\":512,\"height\":512,\"caption\":\"Patrick Guillaume\"},\"logo\":{\"@id\":\"https:\\\/\\\/bikefit.lu\\\/wp-content\\\/uploads\\\/2024\\\/12\\\/cropped-bikefit-logoURL-RGB-jpg.jpg\"},\"sameAs\":[\"https:\\\/\\\/bikefit.lu\"],\"honorificPrefix\":\"Mr\",\"birthDate\":\"1966-11-18\",\"gender\":\"male\",\"knowsAbout\":[\"Bike-fitting\"],\"knowsLanguage\":[\"English\",\"French\",\"German\",\"Luxembourgish\"]}]}<\/script>\n<meta property=\"og:availability\" content=\"instock\" \/>\n<meta property=\"product:availability\" content=\"instock\" \/>\n<meta property=\"product:condition\" content=\"new\" \/>\n<!-- \/ Yoast SEO Premium plugin. -->","yoast_head_json":{"title":"CX201 Black - bikefit.lu","robots":{"index":"index","follow":"follow","max-snippet":"max-snippet:-1","max-image-preview":"max-image-preview:large","max-video-preview":"max-video-preview:-1"},"canonical":"https:\/\/bikefit.lu\/fr\/product\/cx201-black\/","og_locale":"fr_FR","og_type":"article","og_title":"CX201 Black","og_description":"&nbsp; Vouloir faire passer le confort et l\u2019ajustement au niveau sup\u00e9rieur a donn\u00e9 naissance \u00e0 la CX201. Dot\u00e9 d\u2019une toute nouvelle forme avec une zone de l\u2019avant-pied et des orteils plus large et une construction unique qui offre une chaussure l\u00e9g\u00e8re et extr\u00eamement respirante avec une plate-forme g\u00e9n\u00e9reuse \u00e0 l\u2019avant-pied qui s\u2019adapte \u00e0 une multitude de formes de piedLa CX201 est construit sur base d\u2019une toute nouvelle forme qui offre plus qu\u2019une simple largeur suppl\u00e9mentaire. Les nouvelles dimensions de la forme Comfort Plus sont tout \u00e0 fait uniques, ce qui en fait une chaussure avec non seulement une forme et une apparence diff\u00e9rentes, mais \u00e9galement des ajustements et des sensation consid\u00e9rablement diff\u00e9rentes. Diff\u00e9rences notables entre les formes Comfort Plus et Competition:\u2013 Forme des orteils avant \u00e9largie\u2013 Tour de taille plus grand au niveau du cou-de-pied\u2013 Moindre hauteur de la vo\u00fbte plantaire\u2013 Talon \u00e9vas\u00e9 plus rond","og_url":"https:\/\/bikefit.lu\/fr\/product\/cx201-black\/","og_site_name":"bikefit.lu","article_modified_time":"2024-07-30T10:45:48+00:00","og_image":[{"width":1800,"height":1305,"url":"https:\/\/bikefit.lu\/wp-content\/uploads\/2024\/02\/CX201-BLACK-WHITE-FRNT.webp","type":"image\/webp"}],"twitter_card":"summary_large_image","twitter_misc":{"Disponibilit\u00e9":"En stock"},"schema":{"@context":"https:\/\/schema.org","@graph":[{"@type":"WebPage","@id":"https:\/\/bikefit.lu\/fr\/product\/cx201-black\/","url":"https:\/\/bikefit.lu\/fr\/product\/cx201-black\/","name":"CX201 Black - bikefit.lu","isPartOf":{"@id":"https:\/\/bikefit.lu\/fr\/#website"},"primaryImageOfPage":{"@id":"https:\/\/bikefit.lu\/fr\/product\/cx201-black\/#primaryimage"},"image":{"@id":"https:\/\/bikefit.lu\/fr\/product\/cx201-black\/#primaryimage"},"thumbnailUrl":"https:\/\/bikefit.lu\/wp-content\/uploads\/2024\/02\/CX201-BLACK-WHITE-FRNT.webp","datePublished":"2020-12-16T16:23:50+00:00","dateModified":"2024-07-30T10:45:48+00:00","breadcrumb":{"@id":"https:\/\/bikefit.lu\/fr\/product\/cx201-black\/#breadcrumb"},"inLanguage":"fr-FR","potentialAction":[{"@type":"ReadAction","target":["https:\/\/bikefit.lu\/fr\/product\/cx201-black\/"]}]},{"@type":"ImageObject","inLanguage":"fr-FR","@id":"https:\/\/bikefit.lu\/fr\/product\/cx201-black\/#primaryimage","url":"https:\/\/bikefit.lu\/wp-content\/uploads\/2024\/02\/CX201-BLACK-WHITE-FRNT.webp","contentUrl":"https:\/\/bikefit.lu\/wp-content\/uploads\/2024\/02\/CX201-BLACK-WHITE-FRNT.webp","width":1800,"height":1305},{"@type":"BreadcrumbList","@id":"https:\/\/bikefit.lu\/fr\/product\/cx201-black\/#breadcrumb","itemListElement":[{"@type":"ListItem","position":1,"name":"Home","item":"https:\/\/bikefit.lu\/fr\/"},{"@type":"ListItem","position":2,"name":"Produits","item":"https:\/\/bikefit.lu\/fr\/shop\/"},{"@type":"ListItem","position":3,"name":"CX201 Black"}]},{"@type":"WebSite","@id":"https:\/\/bikefit.lu\/fr\/#website","url":"https:\/\/bikefit.lu\/fr\/","name":"bikefit.lu","description":"IMPROVING CYCLING","publisher":{"@id":"https:\/\/bikefit.lu\/fr\/#\/schema\/person\/379af1263474d2f8cd1f41c2bd90273d"},"potentialAction":[{"@type":"SearchAction","target":{"@type":"EntryPoint","urlTemplate":"https:\/\/bikefit.lu\/fr\/?s={search_term_string}"},"query-input":{"@type":"PropertyValueSpecification","valueRequired":true,"valueName":"search_term_string"}}],"inLanguage":"fr-FR"},{"@type":["Person","Organization"],"@id":"https:\/\/bikefit.lu\/fr\/#\/schema\/person\/379af1263474d2f8cd1f41c2bd90273d","name":"Patrick Guillaume","image":{"@type":"ImageObject","inLanguage":"fr-FR","@id":"https:\/\/bikefit.lu\/wp-content\/uploads\/2024\/12\/cropped-bikefit-logoURL-RGB-jpg.jpg","url":"https:\/\/bikefit.lu\/wp-content\/uploads\/2024\/12\/cropped-bikefit-logoURL-RGB-jpg.jpg","contentUrl":"https:\/\/bikefit.lu\/wp-content\/uploads\/2024\/12\/cropped-bikefit-logoURL-RGB-jpg.jpg","width":512,"height":512,"caption":"Patrick Guillaume"},"logo":{"@id":"https:\/\/bikefit.lu\/wp-content\/uploads\/2024\/12\/cropped-bikefit-logoURL-RGB-jpg.jpg"},"sameAs":["https:\/\/bikefit.lu"],"honorificPrefix":"Mr","birthDate":"1966-11-18","gender":"male","knowsAbout":["Bike-fitting"],"knowsLanguage":["English","French","German","Luxembourgish"]}]},"og_availability":"instock","product_availability":"instock","product_condition":"new"},"_links":{"self":[{"href":"https:\/\/bikefit.lu\/fr\/wp-json\/wp\/v2\/product\/81012","targetHints":{"allow":["GET"]}}],"collection":[{"href":"https:\/\/bikefit.lu\/fr\/wp-json\/wp\/v2\/product"}],"about":[{"href":"https:\/\/bikefit.lu\/fr\/wp-json\/wp\/v2\/types\/product"}],"replies":[{"embeddable":true,"href":"https:\/\/bikefit.lu\/fr\/wp-json\/wp\/v2\/comments?post=81012"}],"version-history":[{"count":0,"href":"https:\/\/bikefit.lu\/fr\/wp-json\/wp\/v2\/product\/81012\/revisions"}],"wp:featuredmedia":[{"embeddable":true,"href":"https:\/\/bikefit.lu\/fr\/wp-json\/wp\/v2\/media\/77509"}],"wp:attachment":[{"href":"https:\/\/bikefit.lu\/fr\/wp-json\/wp\/v2\/media?parent=81012"}],"wp:term":[{"taxonomy":"product_brand","embeddable":true,"href":"https:\/\/bikefit.lu\/fr\/wp-json\/wp\/v2\/product_brand?post=81012"},{"taxonomy":"product_cat","embeddable":true,"href":"https:\/\/bikefit.lu\/fr\/wp-json\/wp\/v2\/product_cat?post=81012"},{"taxonomy":"product_tag","embeddable":true,"href":"https:\/\/bikefit.lu\/fr\/wp-json\/wp\/v2\/product_tag?post=81012"}],"curies":[{"name":"wp","href":"https:\/\/api.w.org\/{rel}","templated":true}]}}