{"id":81195,"date":"2021-02-28T12:32:27","date_gmt":"2021-02-28T12:32:27","guid":{"rendered":"https:\/\/staging.bikefit.lu\/shop\/non%20class\u00e9\/mx238-black-black-23\/"},"modified":"2026-02-19T11:35:12","modified_gmt":"2026-02-19T10:35:12","slug":"mx238-black-black-23","status":"publish","type":"product","link":"https:\/\/bikefit.lu\/fr\/product\/mx238-black-black-23\/","title":{"rendered":"MX238 Black\/Black &#8217;23"},"content":{"rendered":"<p><strong>Forme:<\/strong> MX Competition. La forme Competition pr\u00e9sente un profil plus incurv\u00e9 que la forme Sport. Les principales diff\u00e9rences incluent une augmentation de la hauteur pour les orteils et le talon ainsi qu\u2019une circonf\u00e9rence \u00e0 l\u2019avant l\u00e9g\u00e8rement augment\u00e9e pour permettre au pied de se dilater sous des pressions de p\u00e9dalage \u00e9lev\u00e9es.  <\/p>\n<p><strong>Tige:<\/strong> cuir v\u00e9ritable et maille Ecco Premium r\u00e9sistant \u00e0 l\u2019eau avec lycra et doublure de talon lycra plus accrochante. La forme en cuir est \u00e9l\u00e9gante avec des coutures minimis\u00e9es et une coupe ajust\u00e9e, vous donnant une sensation \u201ccomme un gant\u201d qui, avec le temps, \u00e9pouse parfaitement votre pied. Les doublures ext\u00e9rieures Helcor de talon et l\u2019ajout en caoutchouc \u00e0 l\u2019avant prot\u00e8gent des \u00e9raflures et des rayures. La doublure \u00e0 r\u00e9gulation thermique sup\u00e9rieure offre une sensation de pied luxueuse, tout en assurant un maintien durable et ferme \u00e0 votre pied.   <\/p>\n<p><strong>Semelle ext\u00e9rieure:<\/strong> Semelle Lake Competition 100 % fibre de carbone avec semelle en caoutchouc v\u00e9ritable Mountain Race X.<\/p>\n<p><strong>Fermeture :<\/strong> Syst\u00e8me de la\u00e7age BOA\u00ae IP1 double \u00e0 montage lat\u00e9ral avec guides de lacets d\u00e9tachables. Le syst\u00e8me de fermeture BOA\u00ae double offre encore plus de possibilit\u00e9s d&#8217;ajustement qu&#8217;un BOA\u00ae simple. <\/p>\n<p><strong>Couleurs:<\/strong> Black\/Black, Black Camo, Black Suede\/Gold et Beetle\/Black.<\/p>\n<p><strong>Pointures:<\/strong> Standard: pointures enti\u00e8res de 36 \u00e0 48, 50, demi-pointures de 39.5 \u00e0 46.5. Wide: pointures enti\u00e8res de 37 \u00e0 48, 50, demi-tailles de 39,5 \u00e0 46,5.<\/p>\n<p>Pour vous aider \u00e0 trouver la bonne taille, rendez-vous sur <a href=\"https:\/\/lakecycling.com\/pages\/sizing-charts\" target=\"_blank\" rel=\"noopener noreferrer nofollow\">cette page<\/a> ou contactez-moi.<\/p>\n","protected":false},"excerpt":{"rendered":"<p><strong>La MX238 va encore plus loin que la 237 pour les coureurs aventuriers et les v\u00e9t\u00e9tistes engag\u00e9s avec plus de protection tout en conservant l\u2019ajustement l\u00e9gendaire.<\/strong><\/p>\n","protected":false},"featured_media":88036,"comment_status":"closed","ping_status":"closed","template":"","meta":[],"product_brand":[],"product_cat":[4818,4819,4820],"product_tag":[4975,4822,4823,4824],"class_list":{"0":"post-81195","1":"product","2":"type-product","3":"status-publish","4":"has-post-thumbnail","6":"product_cat-lake-shoes-fr","7":"product_cat-chaussures-offroad","8":"product_cat-mx238","9":"product_tag-black-black-fr","10":"product_tag-lake-cycling-fr","11":"product_tag-mx238-fr","12":"product_tag-offroad-fr","13":"product_shipping_class-large-items-fr","14":"pa_size-39-fr","15":"pa_size-39-5-fr","16":"pa_size-40-fr","17":"pa_size-40-5-fr","18":"pa_size-41-fr","19":"pa_size-41-5-fr","20":"pa_size-42-fr","21":"pa_size-42-5-fr","22":"pa_size-43-fr","23":"pa_size-43-5-fr","24":"pa_size-44-fr","25":"pa_size-44-5-fr","26":"pa_size-45-fr","27":"pa_size-45-5-fr","28":"pa_size-46-fr","29":"pa_size-46-5-fr","30":"pa_size-47-fr","31":"pa_size-48-fr","32":"pa_size-50-fr","33":"pa_width-regular-fr","34":"pa_width-wide-fr","36":"first","37":"instock","38":"sale","39":"taxable","40":"shipping-taxable","41":"purchasable","42":"product-type-variable"},"yoast_head":"<!-- This site is optimized with the Yoast SEO Premium plugin v27.3 (Yoast SEO v27.3) - https:\/\/yoast.com\/product\/yoast-seo-premium-wordpress\/ -->\n<title>MX238 Black\/Black &#039;23 - bikefit.lu<\/title>\n<meta name=\"robots\" content=\"index, follow, max-snippet:-1, max-image-preview:large, max-video-preview:-1\" \/>\n<link rel=\"canonical\" href=\"https:\/\/bikefit.lu\/fr\/product\/mx238-black-black-23\/\" \/>\n<meta property=\"og:locale\" content=\"fr_FR\" \/>\n<meta property=\"og:type\" content=\"article\" \/>\n<meta property=\"og:title\" content=\"MX238 Black\/Black &#039;23\" \/>\n<meta property=\"og:description\" content=\"La MX238 va encore plus loin que la 237 pour les coureurs aventuriers et les v\u00e9t\u00e9tistes engag\u00e9s avec plus de protection tout en conservant l\u2019ajustement l\u00e9gendaire.\" \/>\n<meta property=\"og:url\" content=\"https:\/\/bikefit.lu\/fr\/product\/mx238-black-black-23\/\" \/>\n<meta property=\"og:site_name\" content=\"bikefit.lu\" \/>\n<meta property=\"article:modified_time\" content=\"2026-02-19T10:35:12+00:00\" \/>\n<meta property=\"og:image\" content=\"https:\/\/bikefit.lu\/wp-content\/uploads\/2024\/12\/MX238-BlackBlack-Frnt_affd6828-cdc6-4577-bada-3215e409701b_1800x1800.jpg\" \/>\n\t<meta property=\"og:image:width\" content=\"1024\" \/>\n\t<meta property=\"og:image:height\" content=\"759\" \/>\n\t<meta property=\"og:image:type\" content=\"image\/jpeg\" \/>\n<meta name=\"twitter:card\" content=\"summary_large_image\" \/>\n<meta name=\"twitter:label1\" content=\"Disponibilit\u00e9\" \/>\n\t<meta name=\"twitter:data1\" content=\"En stock\" \/>\n<script type=\"application\/ld+json\" class=\"yoast-schema-graph\">{\"@context\":\"https:\\\/\\\/schema.org\",\"@graph\":[{\"@type\":\"WebPage\",\"@id\":\"https:\\\/\\\/bikefit.lu\\\/fr\\\/product\\\/mx238-black-black-23\\\/\",\"url\":\"https:\\\/\\\/bikefit.lu\\\/fr\\\/product\\\/mx238-black-black-23\\\/\",\"name\":\"MX238 Black\\\/Black '23 - bikefit.lu\",\"isPartOf\":{\"@id\":\"https:\\\/\\\/bikefit.lu\\\/fr\\\/#website\"},\"primaryImageOfPage\":{\"@id\":\"https:\\\/\\\/bikefit.lu\\\/fr\\\/product\\\/mx238-black-black-23\\\/#primaryimage\"},\"image\":{\"@id\":\"https:\\\/\\\/bikefit.lu\\\/fr\\\/product\\\/mx238-black-black-23\\\/#primaryimage\"},\"thumbnailUrl\":\"https:\\\/\\\/bikefit.lu\\\/wp-content\\\/uploads\\\/2024\\\/12\\\/MX238-BlackBlack-Frnt_affd6828-cdc6-4577-bada-3215e409701b_1800x1800.jpg\",\"datePublished\":\"2021-02-28T12:32:27+00:00\",\"dateModified\":\"2026-02-19T10:35:12+00:00\",\"breadcrumb\":{\"@id\":\"https:\\\/\\\/bikefit.lu\\\/fr\\\/product\\\/mx238-black-black-23\\\/#breadcrumb\"},\"inLanguage\":\"fr-FR\",\"potentialAction\":[{\"@type\":\"ReadAction\",\"target\":[\"https:\\\/\\\/bikefit.lu\\\/fr\\\/product\\\/mx238-black-black-23\\\/\"]}]},{\"@type\":\"ImageObject\",\"inLanguage\":\"fr-FR\",\"@id\":\"https:\\\/\\\/bikefit.lu\\\/fr\\\/product\\\/mx238-black-black-23\\\/#primaryimage\",\"url\":\"https:\\\/\\\/bikefit.lu\\\/wp-content\\\/uploads\\\/2024\\\/12\\\/MX238-BlackBlack-Frnt_affd6828-cdc6-4577-bada-3215e409701b_1800x1800.jpg\",\"contentUrl\":\"https:\\\/\\\/bikefit.lu\\\/wp-content\\\/uploads\\\/2024\\\/12\\\/MX238-BlackBlack-Frnt_affd6828-cdc6-4577-bada-3215e409701b_1800x1800.jpg\",\"width\":1024,\"height\":759},{\"@type\":\"BreadcrumbList\",\"@id\":\"https:\\\/\\\/bikefit.lu\\\/fr\\\/product\\\/mx238-black-black-23\\\/#breadcrumb\",\"itemListElement\":[{\"@type\":\"ListItem\",\"position\":1,\"name\":\"Home\",\"item\":\"https:\\\/\\\/bikefit.lu\\\/fr\\\/\"},{\"@type\":\"ListItem\",\"position\":2,\"name\":\"Produits\",\"item\":\"https:\\\/\\\/bikefit.lu\\\/fr\\\/shop\\\/\"},{\"@type\":\"ListItem\",\"position\":3,\"name\":\"MX238 Black\\\/Black &#8217;23\"}]},{\"@type\":\"WebSite\",\"@id\":\"https:\\\/\\\/bikefit.lu\\\/fr\\\/#website\",\"url\":\"https:\\\/\\\/bikefit.lu\\\/fr\\\/\",\"name\":\"bikefit.lu\",\"description\":\"IMPROVING CYCLING\",\"publisher\":{\"@id\":\"https:\\\/\\\/bikefit.lu\\\/fr\\\/#\\\/schema\\\/person\\\/379af1263474d2f8cd1f41c2bd90273d\"},\"potentialAction\":[{\"@type\":\"SearchAction\",\"target\":{\"@type\":\"EntryPoint\",\"urlTemplate\":\"https:\\\/\\\/bikefit.lu\\\/fr\\\/?s={search_term_string}\"},\"query-input\":{\"@type\":\"PropertyValueSpecification\",\"valueRequired\":true,\"valueName\":\"search_term_string\"}}],\"inLanguage\":\"fr-FR\"},{\"@type\":[\"Person\",\"Organization\"],\"@id\":\"https:\\\/\\\/bikefit.lu\\\/fr\\\/#\\\/schema\\\/person\\\/379af1263474d2f8cd1f41c2bd90273d\",\"name\":\"Patrick Guillaume\",\"image\":{\"@type\":\"ImageObject\",\"inLanguage\":\"fr-FR\",\"@id\":\"https:\\\/\\\/bikefit.lu\\\/wp-content\\\/uploads\\\/2024\\\/12\\\/cropped-bikefit-logoURL-RGB-jpg.jpg\",\"url\":\"https:\\\/\\\/bikefit.lu\\\/wp-content\\\/uploads\\\/2024\\\/12\\\/cropped-bikefit-logoURL-RGB-jpg.jpg\",\"contentUrl\":\"https:\\\/\\\/bikefit.lu\\\/wp-content\\\/uploads\\\/2024\\\/12\\\/cropped-bikefit-logoURL-RGB-jpg.jpg\",\"width\":512,\"height\":512,\"caption\":\"Patrick Guillaume\"},\"logo\":{\"@id\":\"https:\\\/\\\/bikefit.lu\\\/wp-content\\\/uploads\\\/2024\\\/12\\\/cropped-bikefit-logoURL-RGB-jpg.jpg\"},\"sameAs\":[\"https:\\\/\\\/bikefit.lu\"],\"honorificPrefix\":\"Mr\",\"birthDate\":\"1966-11-18\",\"gender\":\"male\",\"knowsAbout\":[\"Bike-fitting\"],\"knowsLanguage\":[\"English\",\"French\",\"German\",\"Luxembourgish\"]}]}<\/script>\n<meta property=\"og:availability\" content=\"instock\" \/>\n<meta property=\"product:availability\" content=\"instock\" \/>\n<meta property=\"product:condition\" content=\"new\" \/>\n<!-- \/ Yoast SEO Premium plugin. -->","yoast_head_json":{"title":"MX238 Black\/Black '23 - bikefit.lu","robots":{"index":"index","follow":"follow","max-snippet":"max-snippet:-1","max-image-preview":"max-image-preview:large","max-video-preview":"max-video-preview:-1"},"canonical":"https:\/\/bikefit.lu\/fr\/product\/mx238-black-black-23\/","og_locale":"fr_FR","og_type":"article","og_title":"MX238 Black\/Black '23","og_description":"La MX238 va encore plus loin que la 237 pour les coureurs aventuriers et les v\u00e9t\u00e9tistes engag\u00e9s avec plus de protection tout en conservant l\u2019ajustement l\u00e9gendaire.","og_url":"https:\/\/bikefit.lu\/fr\/product\/mx238-black-black-23\/","og_site_name":"bikefit.lu","article_modified_time":"2026-02-19T10:35:12+00:00","og_image":[{"width":1024,"height":759,"url":"https:\/\/bikefit.lu\/wp-content\/uploads\/2024\/12\/MX238-BlackBlack-Frnt_affd6828-cdc6-4577-bada-3215e409701b_1800x1800.jpg","type":"image\/jpeg"}],"twitter_card":"summary_large_image","twitter_misc":{"Disponibilit\u00e9":"En stock"},"schema":{"@context":"https:\/\/schema.org","@graph":[{"@type":"WebPage","@id":"https:\/\/bikefit.lu\/fr\/product\/mx238-black-black-23\/","url":"https:\/\/bikefit.lu\/fr\/product\/mx238-black-black-23\/","name":"MX238 Black\/Black '23 - bikefit.lu","isPartOf":{"@id":"https:\/\/bikefit.lu\/fr\/#website"},"primaryImageOfPage":{"@id":"https:\/\/bikefit.lu\/fr\/product\/mx238-black-black-23\/#primaryimage"},"image":{"@id":"https:\/\/bikefit.lu\/fr\/product\/mx238-black-black-23\/#primaryimage"},"thumbnailUrl":"https:\/\/bikefit.lu\/wp-content\/uploads\/2024\/12\/MX238-BlackBlack-Frnt_affd6828-cdc6-4577-bada-3215e409701b_1800x1800.jpg","datePublished":"2021-02-28T12:32:27+00:00","dateModified":"2026-02-19T10:35:12+00:00","breadcrumb":{"@id":"https:\/\/bikefit.lu\/fr\/product\/mx238-black-black-23\/#breadcrumb"},"inLanguage":"fr-FR","potentialAction":[{"@type":"ReadAction","target":["https:\/\/bikefit.lu\/fr\/product\/mx238-black-black-23\/"]}]},{"@type":"ImageObject","inLanguage":"fr-FR","@id":"https:\/\/bikefit.lu\/fr\/product\/mx238-black-black-23\/#primaryimage","url":"https:\/\/bikefit.lu\/wp-content\/uploads\/2024\/12\/MX238-BlackBlack-Frnt_affd6828-cdc6-4577-bada-3215e409701b_1800x1800.jpg","contentUrl":"https:\/\/bikefit.lu\/wp-content\/uploads\/2024\/12\/MX238-BlackBlack-Frnt_affd6828-cdc6-4577-bada-3215e409701b_1800x1800.jpg","width":1024,"height":759},{"@type":"BreadcrumbList","@id":"https:\/\/bikefit.lu\/fr\/product\/mx238-black-black-23\/#breadcrumb","itemListElement":[{"@type":"ListItem","position":1,"name":"Home","item":"https:\/\/bikefit.lu\/fr\/"},{"@type":"ListItem","position":2,"name":"Produits","item":"https:\/\/bikefit.lu\/fr\/shop\/"},{"@type":"ListItem","position":3,"name":"MX238 Black\/Black &#8217;23"}]},{"@type":"WebSite","@id":"https:\/\/bikefit.lu\/fr\/#website","url":"https:\/\/bikefit.lu\/fr\/","name":"bikefit.lu","description":"IMPROVING CYCLING","publisher":{"@id":"https:\/\/bikefit.lu\/fr\/#\/schema\/person\/379af1263474d2f8cd1f41c2bd90273d"},"potentialAction":[{"@type":"SearchAction","target":{"@type":"EntryPoint","urlTemplate":"https:\/\/bikefit.lu\/fr\/?s={search_term_string}"},"query-input":{"@type":"PropertyValueSpecification","valueRequired":true,"valueName":"search_term_string"}}],"inLanguage":"fr-FR"},{"@type":["Person","Organization"],"@id":"https:\/\/bikefit.lu\/fr\/#\/schema\/person\/379af1263474d2f8cd1f41c2bd90273d","name":"Patrick Guillaume","image":{"@type":"ImageObject","inLanguage":"fr-FR","@id":"https:\/\/bikefit.lu\/wp-content\/uploads\/2024\/12\/cropped-bikefit-logoURL-RGB-jpg.jpg","url":"https:\/\/bikefit.lu\/wp-content\/uploads\/2024\/12\/cropped-bikefit-logoURL-RGB-jpg.jpg","contentUrl":"https:\/\/bikefit.lu\/wp-content\/uploads\/2024\/12\/cropped-bikefit-logoURL-RGB-jpg.jpg","width":512,"height":512,"caption":"Patrick Guillaume"},"logo":{"@id":"https:\/\/bikefit.lu\/wp-content\/uploads\/2024\/12\/cropped-bikefit-logoURL-RGB-jpg.jpg"},"sameAs":["https:\/\/bikefit.lu"],"honorificPrefix":"Mr","birthDate":"1966-11-18","gender":"male","knowsAbout":["Bike-fitting"],"knowsLanguage":["English","French","German","Luxembourgish"]}]},"og_availability":"instock","product_availability":"instock","product_condition":"new"},"_links":{"self":[{"href":"https:\/\/bikefit.lu\/fr\/wp-json\/wp\/v2\/product\/81195","targetHints":{"allow":["GET"]}}],"collection":[{"href":"https:\/\/bikefit.lu\/fr\/wp-json\/wp\/v2\/product"}],"about":[{"href":"https:\/\/bikefit.lu\/fr\/wp-json\/wp\/v2\/types\/product"}],"replies":[{"embeddable":true,"href":"https:\/\/bikefit.lu\/fr\/wp-json\/wp\/v2\/comments?post=81195"}],"version-history":[{"count":0,"href":"https:\/\/bikefit.lu\/fr\/wp-json\/wp\/v2\/product\/81195\/revisions"}],"wp:featuredmedia":[{"embeddable":true,"href":"https:\/\/bikefit.lu\/fr\/wp-json\/wp\/v2\/media\/88036"}],"wp:attachment":[{"href":"https:\/\/bikefit.lu\/fr\/wp-json\/wp\/v2\/media?parent=81195"}],"wp:term":[{"taxonomy":"product_brand","embeddable":true,"href":"https:\/\/bikefit.lu\/fr\/wp-json\/wp\/v2\/product_brand?post=81195"},{"taxonomy":"product_cat","embeddable":true,"href":"https:\/\/bikefit.lu\/fr\/wp-json\/wp\/v2\/product_cat?post=81195"},{"taxonomy":"product_tag","embeddable":true,"href":"https:\/\/bikefit.lu\/fr\/wp-json\/wp\/v2\/product_tag?post=81195"}],"curies":[{"name":"wp","href":"https:\/\/api.w.org\/{rel}","templated":true}]}}