{"id":81385,"date":"2023-11-18T14:04:26","date_gmt":"2023-11-18T14:04:26","guid":{"rendered":"https:\/\/staging.bikefit.lu\/shop\/non%20class\u00e9\/mx242-bio-camo\/"},"modified":"2024-09-12T05:18:16","modified_gmt":"2024-09-12T05:18:16","slug":"mx242-bio-camo","status":"publish","type":"product","link":"https:\/\/bikefit.lu\/fr\/product\/mx242-bio-camo\/","title":{"rendered":"MX242 Bio Camo"},"content":{"rendered":"<p><strong>Forme :<\/strong> MX Competition. La derni\u00e8re Competition pr\u00e9sente un profil plus courb\u00e9 que la derni\u00e8re Sport. Les principales diff\u00e9rences incluent une inclinaison accrue des orteils et une \u00e9l\u00e9vation du talon, ainsi qu&#8217;une circonf\u00e9rence l\u00e9g\u00e8rement plus large de la plante du pied pour permettre au pied de s&#8217;\u00e9tendre sous des pressions de p\u00e9dalage \u00e9lev\u00e9es. <strong>Tige :<\/strong> Cuir Helcor r\u00e9sistant \u00e0 l&#8217;abrasion, cuir pleine fleur et doublure Nufoam avec des panneaux de support en fibre de carbone qui aident \u00e0 maintenir un ajustement s\u00fbr tout en ajoutant de la stabilit\u00e9 au pied. Le cuir r\u00e9sistant \u00e0 l&#8217;abrasion Helcor est sp\u00e9cialement con\u00e7u pour \u00eatre extr\u00eamement durable contre les frottements, les \u00e9raflures et les \u00e9gratignures. La tige est segment\u00e9e en 6 zones ind\u00e9pendantes pour un ajustement des plus flexibles afin d&#8217;accommoder les pieds \u00e9troits ou larges ainsi que les pieds \u00e0 cou-de-pied haut et bas. Le contrefort de talon moulable double le maintien du talon pour un ajustement s\u00fbr.    <strong>Semelle ext\u00e9rieure :<\/strong> Semelle Lake comp\u00e9tition 100% en fibre de carbone avec semelle en caoutchouc v\u00e9ritable Mountain Race X. <strong>Fermeture :<\/strong> Syst\u00e8me BOA\u00ae Fit avec cadran Li2 Push\/Pull mont\u00e9 sur le c\u00f4t\u00e9 et guides lib\u00e9rables int\u00e9gr\u00e9s dans les tiges incroyablement ajust\u00e9es et confortables de Lake. Il n&#8217;y a pas un seul \u00e9l\u00e9ment qui puisse \u00eatre cr\u00e9dit\u00e9 pour l&#8217;ajustement de la chaussure et plus important encore, l&#8217;ajustement n&#8217;\u00e9gale pas toujours le confort. Le syst\u00e8me de double ajustement BOA\u00ae n&#8217;est pas unique dans le cyclisme, mais c&#8217;est plut\u00f4t la fa\u00e7on dont nous utilisons ce syst\u00e8me de cadran en conjonction avec notre conception interne, notre d\u00e9veloppement, notre travail de patronage, notre derni\u00e8re chaussure de classe mondiale et la s\u00e9lection de mat\u00e9riaux de tige sup\u00e9rieurs qui font fonctionner ce syst\u00e8me et pourquoi les chaussures Lake sont connues dans le monde entier pour \u00eatre les chaussures de cyclisme haute performance les mieux ajust\u00e9es et les plus confortables. <strong>Couleurs :<\/strong> Noir\/Argent ou Bio Camo <strong>Pointures :<\/strong> R\u00e9gulier : tailles compl\u00e8tes de 37 \u00e0 50, 52, demi-tailles de 39.5 \u00e0 46.5. Large : tailles compl\u00e8tes de 39 \u00e0 50, 52, demi-tailles de 39.5 \u00e0 46.5 Pour vous aider \u00e0 trouver la bonne taille, allez \u00e0 <a href=\"https:\/\/lakecycling.com\/pages\/sizing-charts\" target=\"_blank\" rel=\"noopener noreferrer\">cette page<\/a> ou contactez-moi.   <\/p>\n","protected":false},"excerpt":{"rendered":"<p><strong>Le MX242 est le fruit de toute l&#8217;exp\u00e9rience de LAKE, des mat\u00e9riaux avanc\u00e9s et des techniques de fabrication de chaussures pour cr\u00e9er une chaussure offrant la meilleure solution d&#8217;ajustement pour tout type de pied.<br \/>\nAvec un contrefort de talon moulable \u00e0 chaud et une tige au design unique qui offre suffisamment de r\u00e9glages pour accommoder les pieds avec n&#8217;importe quelle hauteur de cou-de-pied ou volume de pied sans sacrifier le confort.<br \/>\nLes pieds autrefois malheureux avec des oignons adoreront cette chaussure.<br \/>\nCompar\u00e9 au MX241, il a une bo\u00eete \u00e0 orteils plus arrondie et plus large.   <\/strong><\/p>\n","protected":false},"featured_media":76873,"comment_status":"closed","ping_status":"closed","template":"","meta":[],"product_brand":[],"product_cat":[4818,4819,4856],"product_tag":[4970,4822,5102,4824],"class_list":{"0":"post-81385","1":"product","2":"type-product","3":"status-publish","4":"has-post-thumbnail","6":"product_cat-lake-shoes-fr","7":"product_cat-chaussures-offroad","8":"product_cat-mx242-en-fr-2","9":"product_tag-bio-camo-fr","10":"product_tag-lake-cycling-fr","11":"product_tag-mx242-fr","12":"product_tag-offroad-fr","13":"product_shipping_class-large-items-fr","14":"pa_size-37-fr","15":"pa_size-38-fr","16":"pa_size-39-fr","17":"pa_size-39-5-fr","18":"pa_size-40-fr","19":"pa_size-40-5-fr","20":"pa_size-41-fr","21":"pa_size-41-5-fr","22":"pa_size-42-fr","23":"pa_size-42-5-fr","24":"pa_size-43-fr","25":"pa_size-44-fr","26":"pa_size-44-5-fr","27":"pa_size-45-fr","28":"pa_size-45-5-fr","29":"pa_size-46-fr","30":"pa_size-46-5-fr","31":"pa_size-47-fr","32":"pa_size-48-fr","33":"pa_size-50-fr","34":"pa_width-regular-fr","35":"pa_width-wide-fr","37":"first","38":"instock","39":"taxable","40":"shipping-taxable","41":"purchasable","42":"product-type-variable"},"yoast_head":"<!-- This site is optimized with the Yoast SEO Premium plugin v27.3 (Yoast SEO v27.3) - https:\/\/yoast.com\/product\/yoast-seo-premium-wordpress\/ -->\n<title>MX242 Bio Camo - bikefit.lu<\/title>\n<meta name=\"robots\" content=\"index, follow, max-snippet:-1, max-image-preview:large, max-video-preview:-1\" \/>\n<link rel=\"canonical\" href=\"https:\/\/bikefit.lu\/fr\/product\/mx242-bio-camo\/\" \/>\n<meta property=\"og:locale\" content=\"fr_FR\" \/>\n<meta property=\"og:type\" content=\"article\" \/>\n<meta property=\"og:title\" content=\"MX242 Bio Camo\" \/>\n<meta property=\"og:description\" content=\"Le MX242 est le fruit de toute l&#039;exp\u00e9rience de LAKE, des mat\u00e9riaux avanc\u00e9s et des techniques de fabrication de chaussures pour cr\u00e9er une chaussure offrant la meilleure solution d&#039;ajustement pour tout type de pied. Avec un contrefort de talon moulable \u00e0 chaud et une tige au design unique qui offre suffisamment de r\u00e9glages pour accommoder les pieds avec n&#039;importe quelle hauteur de cou-de-pied ou volume de pied sans sacrifier le confort. Les pieds autrefois malheureux avec des oignons adoreront cette chaussure. Compar\u00e9 au MX241, il a une bo\u00eete \u00e0 orteils plus arrondie et plus large.\" \/>\n<meta property=\"og:url\" content=\"https:\/\/bikefit.lu\/fr\/product\/mx242-bio-camo\/\" \/>\n<meta property=\"og:site_name\" content=\"bikefit.lu\" \/>\n<meta property=\"article:modified_time\" content=\"2024-09-12T05:18:16+00:00\" \/>\n<meta property=\"og:image\" content=\"https:\/\/bikefit.lu\/wp-content\/uploads\/2023\/04\/MX242-BIOCAMO-FRNT_1800x1800.webp\" \/>\n\t<meta property=\"og:image:width\" content=\"1025\" \/>\n\t<meta property=\"og:image:height\" content=\"760\" \/>\n\t<meta property=\"og:image:type\" content=\"image\/webp\" \/>\n<meta name=\"twitter:card\" content=\"summary_large_image\" \/>\n<meta name=\"twitter:label1\" content=\"Disponibilit\u00e9\" \/>\n\t<meta name=\"twitter:data1\" content=\"En stock\" \/>\n<script type=\"application\/ld+json\" class=\"yoast-schema-graph\">{\"@context\":\"https:\\\/\\\/schema.org\",\"@graph\":[{\"@type\":\"WebPage\",\"@id\":\"https:\\\/\\\/bikefit.lu\\\/fr\\\/product\\\/mx242-bio-camo\\\/\",\"url\":\"https:\\\/\\\/bikefit.lu\\\/fr\\\/product\\\/mx242-bio-camo\\\/\",\"name\":\"MX242 Bio Camo - bikefit.lu\",\"isPartOf\":{\"@id\":\"https:\\\/\\\/bikefit.lu\\\/fr\\\/#website\"},\"primaryImageOfPage\":{\"@id\":\"https:\\\/\\\/bikefit.lu\\\/fr\\\/product\\\/mx242-bio-camo\\\/#primaryimage\"},\"image\":{\"@id\":\"https:\\\/\\\/bikefit.lu\\\/fr\\\/product\\\/mx242-bio-camo\\\/#primaryimage\"},\"thumbnailUrl\":\"https:\\\/\\\/bikefit.lu\\\/wp-content\\\/uploads\\\/2023\\\/04\\\/MX242-BIOCAMO-FRNT_1800x1800.webp\",\"datePublished\":\"2023-11-18T14:04:26+00:00\",\"dateModified\":\"2024-09-12T05:18:16+00:00\",\"breadcrumb\":{\"@id\":\"https:\\\/\\\/bikefit.lu\\\/fr\\\/product\\\/mx242-bio-camo\\\/#breadcrumb\"},\"inLanguage\":\"fr-FR\",\"potentialAction\":[{\"@type\":\"ReadAction\",\"target\":[\"https:\\\/\\\/bikefit.lu\\\/fr\\\/product\\\/mx242-bio-camo\\\/\"]}]},{\"@type\":\"ImageObject\",\"inLanguage\":\"fr-FR\",\"@id\":\"https:\\\/\\\/bikefit.lu\\\/fr\\\/product\\\/mx242-bio-camo\\\/#primaryimage\",\"url\":\"https:\\\/\\\/bikefit.lu\\\/wp-content\\\/uploads\\\/2023\\\/04\\\/MX242-BIOCAMO-FRNT_1800x1800.webp\",\"contentUrl\":\"https:\\\/\\\/bikefit.lu\\\/wp-content\\\/uploads\\\/2023\\\/04\\\/MX242-BIOCAMO-FRNT_1800x1800.webp\",\"width\":1025,\"height\":760},{\"@type\":\"BreadcrumbList\",\"@id\":\"https:\\\/\\\/bikefit.lu\\\/fr\\\/product\\\/mx242-bio-camo\\\/#breadcrumb\",\"itemListElement\":[{\"@type\":\"ListItem\",\"position\":1,\"name\":\"Home\",\"item\":\"https:\\\/\\\/bikefit.lu\\\/fr\\\/\"},{\"@type\":\"ListItem\",\"position\":2,\"name\":\"Produits\",\"item\":\"https:\\\/\\\/bikefit.lu\\\/fr\\\/shop\\\/\"},{\"@type\":\"ListItem\",\"position\":3,\"name\":\"MX242 Bio Camo\"}]},{\"@type\":\"WebSite\",\"@id\":\"https:\\\/\\\/bikefit.lu\\\/fr\\\/#website\",\"url\":\"https:\\\/\\\/bikefit.lu\\\/fr\\\/\",\"name\":\"bikefit.lu\",\"description\":\"IMPROVING CYCLING\",\"publisher\":{\"@id\":\"https:\\\/\\\/bikefit.lu\\\/fr\\\/#\\\/schema\\\/person\\\/379af1263474d2f8cd1f41c2bd90273d\"},\"potentialAction\":[{\"@type\":\"SearchAction\",\"target\":{\"@type\":\"EntryPoint\",\"urlTemplate\":\"https:\\\/\\\/bikefit.lu\\\/fr\\\/?s={search_term_string}\"},\"query-input\":{\"@type\":\"PropertyValueSpecification\",\"valueRequired\":true,\"valueName\":\"search_term_string\"}}],\"inLanguage\":\"fr-FR\"},{\"@type\":[\"Person\",\"Organization\"],\"@id\":\"https:\\\/\\\/bikefit.lu\\\/fr\\\/#\\\/schema\\\/person\\\/379af1263474d2f8cd1f41c2bd90273d\",\"name\":\"Patrick Guillaume\",\"image\":{\"@type\":\"ImageObject\",\"inLanguage\":\"fr-FR\",\"@id\":\"https:\\\/\\\/bikefit.lu\\\/wp-content\\\/uploads\\\/2024\\\/12\\\/cropped-bikefit-logoURL-RGB-jpg.jpg\",\"url\":\"https:\\\/\\\/bikefit.lu\\\/wp-content\\\/uploads\\\/2024\\\/12\\\/cropped-bikefit-logoURL-RGB-jpg.jpg\",\"contentUrl\":\"https:\\\/\\\/bikefit.lu\\\/wp-content\\\/uploads\\\/2024\\\/12\\\/cropped-bikefit-logoURL-RGB-jpg.jpg\",\"width\":512,\"height\":512,\"caption\":\"Patrick Guillaume\"},\"logo\":{\"@id\":\"https:\\\/\\\/bikefit.lu\\\/wp-content\\\/uploads\\\/2024\\\/12\\\/cropped-bikefit-logoURL-RGB-jpg.jpg\"},\"sameAs\":[\"https:\\\/\\\/bikefit.lu\"],\"honorificPrefix\":\"Mr\",\"birthDate\":\"1966-11-18\",\"gender\":\"male\",\"knowsAbout\":[\"Bike-fitting\"],\"knowsLanguage\":[\"English\",\"French\",\"German\",\"Luxembourgish\"]}]}<\/script>\n<meta property=\"og:availability\" content=\"instock\" \/>\n<meta property=\"product:availability\" content=\"instock\" \/>\n<meta property=\"product:condition\" content=\"new\" \/>\n<!-- \/ Yoast SEO Premium plugin. -->","yoast_head_json":{"title":"MX242 Bio Camo - bikefit.lu","robots":{"index":"index","follow":"follow","max-snippet":"max-snippet:-1","max-image-preview":"max-image-preview:large","max-video-preview":"max-video-preview:-1"},"canonical":"https:\/\/bikefit.lu\/fr\/product\/mx242-bio-camo\/","og_locale":"fr_FR","og_type":"article","og_title":"MX242 Bio Camo","og_description":"Le MX242 est le fruit de toute l'exp\u00e9rience de LAKE, des mat\u00e9riaux avanc\u00e9s et des techniques de fabrication de chaussures pour cr\u00e9er une chaussure offrant la meilleure solution d'ajustement pour tout type de pied. Avec un contrefort de talon moulable \u00e0 chaud et une tige au design unique qui offre suffisamment de r\u00e9glages pour accommoder les pieds avec n'importe quelle hauteur de cou-de-pied ou volume de pied sans sacrifier le confort. Les pieds autrefois malheureux avec des oignons adoreront cette chaussure. Compar\u00e9 au MX241, il a une bo\u00eete \u00e0 orteils plus arrondie et plus large.","og_url":"https:\/\/bikefit.lu\/fr\/product\/mx242-bio-camo\/","og_site_name":"bikefit.lu","article_modified_time":"2024-09-12T05:18:16+00:00","og_image":[{"width":1025,"height":760,"url":"https:\/\/bikefit.lu\/wp-content\/uploads\/2023\/04\/MX242-BIOCAMO-FRNT_1800x1800.webp","type":"image\/webp"}],"twitter_card":"summary_large_image","twitter_misc":{"Disponibilit\u00e9":"En stock"},"schema":{"@context":"https:\/\/schema.org","@graph":[{"@type":"WebPage","@id":"https:\/\/bikefit.lu\/fr\/product\/mx242-bio-camo\/","url":"https:\/\/bikefit.lu\/fr\/product\/mx242-bio-camo\/","name":"MX242 Bio Camo - bikefit.lu","isPartOf":{"@id":"https:\/\/bikefit.lu\/fr\/#website"},"primaryImageOfPage":{"@id":"https:\/\/bikefit.lu\/fr\/product\/mx242-bio-camo\/#primaryimage"},"image":{"@id":"https:\/\/bikefit.lu\/fr\/product\/mx242-bio-camo\/#primaryimage"},"thumbnailUrl":"https:\/\/bikefit.lu\/wp-content\/uploads\/2023\/04\/MX242-BIOCAMO-FRNT_1800x1800.webp","datePublished":"2023-11-18T14:04:26+00:00","dateModified":"2024-09-12T05:18:16+00:00","breadcrumb":{"@id":"https:\/\/bikefit.lu\/fr\/product\/mx242-bio-camo\/#breadcrumb"},"inLanguage":"fr-FR","potentialAction":[{"@type":"ReadAction","target":["https:\/\/bikefit.lu\/fr\/product\/mx242-bio-camo\/"]}]},{"@type":"ImageObject","inLanguage":"fr-FR","@id":"https:\/\/bikefit.lu\/fr\/product\/mx242-bio-camo\/#primaryimage","url":"https:\/\/bikefit.lu\/wp-content\/uploads\/2023\/04\/MX242-BIOCAMO-FRNT_1800x1800.webp","contentUrl":"https:\/\/bikefit.lu\/wp-content\/uploads\/2023\/04\/MX242-BIOCAMO-FRNT_1800x1800.webp","width":1025,"height":760},{"@type":"BreadcrumbList","@id":"https:\/\/bikefit.lu\/fr\/product\/mx242-bio-camo\/#breadcrumb","itemListElement":[{"@type":"ListItem","position":1,"name":"Home","item":"https:\/\/bikefit.lu\/fr\/"},{"@type":"ListItem","position":2,"name":"Produits","item":"https:\/\/bikefit.lu\/fr\/shop\/"},{"@type":"ListItem","position":3,"name":"MX242 Bio Camo"}]},{"@type":"WebSite","@id":"https:\/\/bikefit.lu\/fr\/#website","url":"https:\/\/bikefit.lu\/fr\/","name":"bikefit.lu","description":"IMPROVING CYCLING","publisher":{"@id":"https:\/\/bikefit.lu\/fr\/#\/schema\/person\/379af1263474d2f8cd1f41c2bd90273d"},"potentialAction":[{"@type":"SearchAction","target":{"@type":"EntryPoint","urlTemplate":"https:\/\/bikefit.lu\/fr\/?s={search_term_string}"},"query-input":{"@type":"PropertyValueSpecification","valueRequired":true,"valueName":"search_term_string"}}],"inLanguage":"fr-FR"},{"@type":["Person","Organization"],"@id":"https:\/\/bikefit.lu\/fr\/#\/schema\/person\/379af1263474d2f8cd1f41c2bd90273d","name":"Patrick Guillaume","image":{"@type":"ImageObject","inLanguage":"fr-FR","@id":"https:\/\/bikefit.lu\/wp-content\/uploads\/2024\/12\/cropped-bikefit-logoURL-RGB-jpg.jpg","url":"https:\/\/bikefit.lu\/wp-content\/uploads\/2024\/12\/cropped-bikefit-logoURL-RGB-jpg.jpg","contentUrl":"https:\/\/bikefit.lu\/wp-content\/uploads\/2024\/12\/cropped-bikefit-logoURL-RGB-jpg.jpg","width":512,"height":512,"caption":"Patrick Guillaume"},"logo":{"@id":"https:\/\/bikefit.lu\/wp-content\/uploads\/2024\/12\/cropped-bikefit-logoURL-RGB-jpg.jpg"},"sameAs":["https:\/\/bikefit.lu"],"honorificPrefix":"Mr","birthDate":"1966-11-18","gender":"male","knowsAbout":["Bike-fitting"],"knowsLanguage":["English","French","German","Luxembourgish"]}]},"og_availability":"instock","product_availability":"instock","product_condition":"new"},"_links":{"self":[{"href":"https:\/\/bikefit.lu\/fr\/wp-json\/wp\/v2\/product\/81385","targetHints":{"allow":["GET"]}}],"collection":[{"href":"https:\/\/bikefit.lu\/fr\/wp-json\/wp\/v2\/product"}],"about":[{"href":"https:\/\/bikefit.lu\/fr\/wp-json\/wp\/v2\/types\/product"}],"replies":[{"embeddable":true,"href":"https:\/\/bikefit.lu\/fr\/wp-json\/wp\/v2\/comments?post=81385"}],"version-history":[{"count":0,"href":"https:\/\/bikefit.lu\/fr\/wp-json\/wp\/v2\/product\/81385\/revisions"}],"wp:featuredmedia":[{"embeddable":true,"href":"https:\/\/bikefit.lu\/fr\/wp-json\/wp\/v2\/media\/76873"}],"wp:attachment":[{"href":"https:\/\/bikefit.lu\/fr\/wp-json\/wp\/v2\/media?parent=81385"}],"wp:term":[{"taxonomy":"product_brand","embeddable":true,"href":"https:\/\/bikefit.lu\/fr\/wp-json\/wp\/v2\/product_brand?post=81385"},{"taxonomy":"product_cat","embeddable":true,"href":"https:\/\/bikefit.lu\/fr\/wp-json\/wp\/v2\/product_cat?post=81385"},{"taxonomy":"product_tag","embeddable":true,"href":"https:\/\/bikefit.lu\/fr\/wp-json\/wp\/v2\/product_tag?post=81385"}],"curies":[{"name":"wp","href":"https:\/\/api.w.org\/{rel}","templated":true}]}}