{"id":81429,"date":"2023-07-28T04:37:30","date_gmt":"2023-07-28T04:37:30","guid":{"rendered":"https:\/\/staging.bikefit.lu\/shop\/non%20class\u00e9\/mx242-black-silver\/"},"modified":"2025-09-02T23:07:30","modified_gmt":"2025-09-02T21:07:30","slug":"mx242-black-silver","status":"publish","type":"product","link":"https:\/\/bikefit.lu\/fr\/product\/mx242-black-silver\/","title":{"rendered":"MX242 Black\/Silver"},"content":{"rendered":"<p><strong>Forme:<\/strong> MX Competition. La forme Competition pr\u00e9sente un profil plus incurv\u00e9 que la forme Sport. Les principales diff\u00e9rences incluent une augmentation de la hauteur pour les orteils et le talon ainsi qu\u2019une circonf\u00e9rence \u00e0 l\u2019avant l\u00e9g\u00e8rement augment\u00e9e pour permettre au pied de se dilater sous des pressions de p\u00e9dalage \u00e9lev\u00e9es.  <\/p>\n<p><strong>Tige :<\/strong> Cuir Helcor Abrasion, cuir pleine fleur et doublure Nufoam avec panneaux de support en fibre de carbone qui aident \u00e0 maintenir un ajustement s\u00fbr tout en ajoutant de la stabilit\u00e9 au pied. Le cuir Helcor Abrasion r\u00e9sistant est sp\u00e9cifiquement con\u00e7u pour \u00eatre extr\u00eamement durable contre les frottements, les \u00e9raflures et les \u00e9gratignures. La tige est segment\u00e9e en 6 zones ind\u00e9pendantes pour un ajustement plus flexible afin de s\u2019adapter aux pieds \u00e9troits ou larges, ainsi qu\u2019aux pieds \u00e0 cou-de-pied haut et \u00e0 cou-de-pied bas. Le contrefort de talon moulable double le maintien du talon pour un ajustement s\u00fbr.<\/p>\n<p><strong>Semelle ext\u00e9rieure:<\/strong> Semelle 100% fibre de carbone avec vrai caoutchouc Mountain Competion<\/p>\n<p><strong>Fermeture :<\/strong> Syst\u00e8me BOA\u00ae Fit Cadran Li2 Push\/Pull mont\u00e9 sur le c\u00f4t\u00e9 avec guides lib\u00e9rables int\u00e9gr\u00e9s aux tiges incroyablement ajust\u00e9es et confortables de Lake. Aucun \u00e9l\u00e9ment ne peut s\u2019attribuer le m\u00e9rite de l\u2019ajustement de la chaussure et, plus important encore, l\u2019ajustement n\u2019est pas toujours synonyme de confort. Le syst\u00e8me d\u2019ajustement double BOA\u00ae n\u2019est pas unique dans le cyclisme, mais plut\u00f4t la fa\u00e7on dont ils utilisent ce syst\u00e8me de cadran en conjonction avec leur conception interne, leur d\u00e9veloppement, leur travail de mod\u00e8les, leur forme de chaussure de classe mondiale et leur s\u00e9lection de mat\u00e9riaux de tige sup\u00e9rieurs qui font fonctionner ce syst\u00e8me et pourquoi les chaussures Lake sont connues dans le monde entier pour \u00eatre les chaussures de cyclisme haute performance les mieux ajust\u00e9es et les plus confortables.  <\/p>\n<p><strong>Couleurs:<\/strong> Noir\/Argent ou Bio Camo<\/p>\n<p><strong>Pointures :<\/strong> Regular: pointures enti\u00e8res du 37 au 50, 52, demi-pointures du 39,5 au 46,5. Wide : pointures enti\u00e8re du 37 au 50, 52, demi-pointures du 39,5 au 46,5. <\/p>\n<p>Pour vous aider \u00e0 trouver la bonne taille, rendez-vous sur <a href=\"https:\/\/lakecycling.com\/pages\/sizing-charts\" target=\"_blank\" rel=\"noopener noreferrer\">cette page<\/a> ou contactez-moi.<\/p>\n","protected":false},"excerpt":{"rendered":"<p><strong>La MX242 est le point culminant de toute l\u2019exp\u00e9rience, des mat\u00e9riaux avanc\u00e9s et des techniques de fabrication de chaussures de LAKE pour cr\u00e9er une chaussure qui offre la meilleure solution d\u2019ajustement pour tout type de pied. Avec un contrefort de talon thermoformable et une tige de concept unique qui a suffisamment de r\u00e9glage pour s\u2019adapter aux pieds avec n\u2019importe quelle hauteur de cou-de-pied ou volume de pied sans sacrifier le confort. Les pieds autrefois malheureux avec des oignons vont adorer cette chaussure. Compar\u00e9e \u00e0 la MX241, elle a une bo\u00eete \u00e0 orteils plus arrondie et plus large.   <\/strong><\/p>\n","protected":false},"featured_media":76918,"comment_status":"closed","ping_status":"closed","template":"","meta":[],"product_brand":[],"product_cat":[4818,4819,4856],"product_tag":[4983,4822,5102,4824],"class_list":{"0":"post-81429","1":"product","2":"type-product","3":"status-publish","4":"has-post-thumbnail","6":"product_cat-lake-shoes-fr","7":"product_cat-chaussures-offroad","8":"product_cat-mx242-en-fr-2","9":"product_tag-black-silver-fr","10":"product_tag-lake-cycling-fr","11":"product_tag-mx242-fr","12":"product_tag-offroad-fr","13":"product_shipping_class-large-items-fr","14":"pa_size-36-fr","15":"pa_size-37-fr","16":"pa_size-38-fr","17":"pa_size-39-fr","18":"pa_size-39-5-fr","19":"pa_size-40-fr","20":"pa_size-40-5-fr","21":"pa_size-41-fr","22":"pa_size-41-5-fr","23":"pa_size-42-fr","24":"pa_size-42-5-fr","25":"pa_size-43-fr","26":"pa_size-43-5-fr","27":"pa_size-44-fr","28":"pa_size-44-5-fr","29":"pa_size-45-fr","30":"pa_size-45-5-fr","31":"pa_size-46-fr","32":"pa_size-46-5-fr","33":"pa_size-47-fr","34":"pa_size-48-fr","35":"pa_size-49-fr","36":"pa_size-50-fr","37":"pa_size-52-fr","38":"pa_width-regular-fr","39":"pa_width-wide-fr","41":"first","42":"instock","43":"taxable","44":"shipping-taxable","45":"purchasable","46":"product-type-variable"},"yoast_head":"<!-- This site is optimized with the Yoast SEO Premium plugin v27.3 (Yoast SEO v27.3) - https:\/\/yoast.com\/product\/yoast-seo-premium-wordpress\/ -->\n<title>MX242 Black\/Silver - bikefit.lu<\/title>\n<meta name=\"robots\" content=\"index, follow, max-snippet:-1, max-image-preview:large, max-video-preview:-1\" \/>\n<link rel=\"canonical\" href=\"https:\/\/bikefit.lu\/fr\/product\/mx242-black-silver\/\" \/>\n<meta property=\"og:locale\" content=\"fr_FR\" \/>\n<meta property=\"og:type\" content=\"article\" \/>\n<meta property=\"og:title\" content=\"MX242 Black\/Silver\" \/>\n<meta property=\"og:description\" content=\"La MX242 est le point culminant de toute l\u2019exp\u00e9rience, des mat\u00e9riaux avanc\u00e9s et des techniques de fabrication de chaussures de LAKE pour cr\u00e9er une chaussure qui offre la meilleure solution d\u2019ajustement pour tout type de pied. Avec un contrefort de talon thermoformable et une tige de concept unique qui a suffisamment de r\u00e9glage pour s\u2019adapter aux pieds avec n\u2019importe quelle hauteur de cou-de-pied ou volume de pied sans sacrifier le confort. Les pieds autrefois malheureux avec des oignons vont adorer cette chaussure. Compar\u00e9e \u00e0 la MX241, elle a une bo\u00eete \u00e0 orteils plus arrondie et plus large.\" \/>\n<meta property=\"og:url\" content=\"https:\/\/bikefit.lu\/fr\/product\/mx242-black-silver\/\" \/>\n<meta property=\"og:site_name\" content=\"bikefit.lu\" \/>\n<meta property=\"article:modified_time\" content=\"2025-09-02T21:07:30+00:00\" \/>\n<meta property=\"og:image\" content=\"https:\/\/bikefit.lu\/wp-content\/uploads\/2023\/11\/lake-mx-242-mtb-shoe-black-silver-1-1409132.jpg\" \/>\n\t<meta property=\"og:image:width\" content=\"720\" \/>\n\t<meta property=\"og:image:height\" content=\"720\" \/>\n\t<meta property=\"og:image:type\" content=\"image\/jpeg\" \/>\n<meta name=\"twitter:card\" content=\"summary_large_image\" \/>\n<meta name=\"twitter:label1\" content=\"Disponibilit\u00e9\" \/>\n\t<meta name=\"twitter:data1\" content=\"En stock\" \/>\n<script type=\"application\/ld+json\" class=\"yoast-schema-graph\">{\"@context\":\"https:\\\/\\\/schema.org\",\"@graph\":[{\"@type\":\"WebPage\",\"@id\":\"https:\\\/\\\/bikefit.lu\\\/fr\\\/product\\\/mx242-black-silver\\\/\",\"url\":\"https:\\\/\\\/bikefit.lu\\\/fr\\\/product\\\/mx242-black-silver\\\/\",\"name\":\"MX242 Black\\\/Silver - bikefit.lu\",\"isPartOf\":{\"@id\":\"https:\\\/\\\/bikefit.lu\\\/fr\\\/#website\"},\"primaryImageOfPage\":{\"@id\":\"https:\\\/\\\/bikefit.lu\\\/fr\\\/product\\\/mx242-black-silver\\\/#primaryimage\"},\"image\":{\"@id\":\"https:\\\/\\\/bikefit.lu\\\/fr\\\/product\\\/mx242-black-silver\\\/#primaryimage\"},\"thumbnailUrl\":\"https:\\\/\\\/bikefit.lu\\\/wp-content\\\/uploads\\\/2023\\\/11\\\/lake-mx-242-mtb-shoe-black-silver-1-1409132.jpg\",\"datePublished\":\"2023-07-28T04:37:30+00:00\",\"dateModified\":\"2025-09-02T21:07:30+00:00\",\"breadcrumb\":{\"@id\":\"https:\\\/\\\/bikefit.lu\\\/fr\\\/product\\\/mx242-black-silver\\\/#breadcrumb\"},\"inLanguage\":\"fr-FR\",\"potentialAction\":[{\"@type\":\"ReadAction\",\"target\":[\"https:\\\/\\\/bikefit.lu\\\/fr\\\/product\\\/mx242-black-silver\\\/\"]}]},{\"@type\":\"ImageObject\",\"inLanguage\":\"fr-FR\",\"@id\":\"https:\\\/\\\/bikefit.lu\\\/fr\\\/product\\\/mx242-black-silver\\\/#primaryimage\",\"url\":\"https:\\\/\\\/bikefit.lu\\\/wp-content\\\/uploads\\\/2023\\\/11\\\/lake-mx-242-mtb-shoe-black-silver-1-1409132.jpg\",\"contentUrl\":\"https:\\\/\\\/bikefit.lu\\\/wp-content\\\/uploads\\\/2023\\\/11\\\/lake-mx-242-mtb-shoe-black-silver-1-1409132.jpg\",\"width\":720,\"height\":720},{\"@type\":\"BreadcrumbList\",\"@id\":\"https:\\\/\\\/bikefit.lu\\\/fr\\\/product\\\/mx242-black-silver\\\/#breadcrumb\",\"itemListElement\":[{\"@type\":\"ListItem\",\"position\":1,\"name\":\"Home\",\"item\":\"https:\\\/\\\/bikefit.lu\\\/fr\\\/\"},{\"@type\":\"ListItem\",\"position\":2,\"name\":\"Produits\",\"item\":\"https:\\\/\\\/bikefit.lu\\\/fr\\\/shop\\\/\"},{\"@type\":\"ListItem\",\"position\":3,\"name\":\"MX242 Black\\\/Silver\"}]},{\"@type\":\"WebSite\",\"@id\":\"https:\\\/\\\/bikefit.lu\\\/fr\\\/#website\",\"url\":\"https:\\\/\\\/bikefit.lu\\\/fr\\\/\",\"name\":\"bikefit.lu\",\"description\":\"IMPROVING CYCLING\",\"publisher\":{\"@id\":\"https:\\\/\\\/bikefit.lu\\\/fr\\\/#\\\/schema\\\/person\\\/379af1263474d2f8cd1f41c2bd90273d\"},\"potentialAction\":[{\"@type\":\"SearchAction\",\"target\":{\"@type\":\"EntryPoint\",\"urlTemplate\":\"https:\\\/\\\/bikefit.lu\\\/fr\\\/?s={search_term_string}\"},\"query-input\":{\"@type\":\"PropertyValueSpecification\",\"valueRequired\":true,\"valueName\":\"search_term_string\"}}],\"inLanguage\":\"fr-FR\"},{\"@type\":[\"Person\",\"Organization\"],\"@id\":\"https:\\\/\\\/bikefit.lu\\\/fr\\\/#\\\/schema\\\/person\\\/379af1263474d2f8cd1f41c2bd90273d\",\"name\":\"Patrick Guillaume\",\"image\":{\"@type\":\"ImageObject\",\"inLanguage\":\"fr-FR\",\"@id\":\"https:\\\/\\\/bikefit.lu\\\/wp-content\\\/uploads\\\/2024\\\/12\\\/cropped-bikefit-logoURL-RGB-jpg.jpg\",\"url\":\"https:\\\/\\\/bikefit.lu\\\/wp-content\\\/uploads\\\/2024\\\/12\\\/cropped-bikefit-logoURL-RGB-jpg.jpg\",\"contentUrl\":\"https:\\\/\\\/bikefit.lu\\\/wp-content\\\/uploads\\\/2024\\\/12\\\/cropped-bikefit-logoURL-RGB-jpg.jpg\",\"width\":512,\"height\":512,\"caption\":\"Patrick Guillaume\"},\"logo\":{\"@id\":\"https:\\\/\\\/bikefit.lu\\\/wp-content\\\/uploads\\\/2024\\\/12\\\/cropped-bikefit-logoURL-RGB-jpg.jpg\"},\"sameAs\":[\"https:\\\/\\\/bikefit.lu\"],\"honorificPrefix\":\"Mr\",\"birthDate\":\"1966-11-18\",\"gender\":\"male\",\"knowsAbout\":[\"Bike-fitting\"],\"knowsLanguage\":[\"English\",\"French\",\"German\",\"Luxembourgish\"]}]}<\/script>\n<meta property=\"og:availability\" content=\"instock\" \/>\n<meta property=\"product:availability\" content=\"instock\" \/>\n<meta property=\"product:condition\" content=\"new\" \/>\n<!-- \/ Yoast SEO Premium plugin. -->","yoast_head_json":{"title":"MX242 Black\/Silver - bikefit.lu","robots":{"index":"index","follow":"follow","max-snippet":"max-snippet:-1","max-image-preview":"max-image-preview:large","max-video-preview":"max-video-preview:-1"},"canonical":"https:\/\/bikefit.lu\/fr\/product\/mx242-black-silver\/","og_locale":"fr_FR","og_type":"article","og_title":"MX242 Black\/Silver","og_description":"La MX242 est le point culminant de toute l\u2019exp\u00e9rience, des mat\u00e9riaux avanc\u00e9s et des techniques de fabrication de chaussures de LAKE pour cr\u00e9er une chaussure qui offre la meilleure solution d\u2019ajustement pour tout type de pied. Avec un contrefort de talon thermoformable et une tige de concept unique qui a suffisamment de r\u00e9glage pour s\u2019adapter aux pieds avec n\u2019importe quelle hauteur de cou-de-pied ou volume de pied sans sacrifier le confort. Les pieds autrefois malheureux avec des oignons vont adorer cette chaussure. Compar\u00e9e \u00e0 la MX241, elle a une bo\u00eete \u00e0 orteils plus arrondie et plus large.","og_url":"https:\/\/bikefit.lu\/fr\/product\/mx242-black-silver\/","og_site_name":"bikefit.lu","article_modified_time":"2025-09-02T21:07:30+00:00","og_image":[{"width":720,"height":720,"url":"https:\/\/bikefit.lu\/wp-content\/uploads\/2023\/11\/lake-mx-242-mtb-shoe-black-silver-1-1409132.jpg","type":"image\/jpeg"}],"twitter_card":"summary_large_image","twitter_misc":{"Disponibilit\u00e9":"En stock"},"schema":{"@context":"https:\/\/schema.org","@graph":[{"@type":"WebPage","@id":"https:\/\/bikefit.lu\/fr\/product\/mx242-black-silver\/","url":"https:\/\/bikefit.lu\/fr\/product\/mx242-black-silver\/","name":"MX242 Black\/Silver - bikefit.lu","isPartOf":{"@id":"https:\/\/bikefit.lu\/fr\/#website"},"primaryImageOfPage":{"@id":"https:\/\/bikefit.lu\/fr\/product\/mx242-black-silver\/#primaryimage"},"image":{"@id":"https:\/\/bikefit.lu\/fr\/product\/mx242-black-silver\/#primaryimage"},"thumbnailUrl":"https:\/\/bikefit.lu\/wp-content\/uploads\/2023\/11\/lake-mx-242-mtb-shoe-black-silver-1-1409132.jpg","datePublished":"2023-07-28T04:37:30+00:00","dateModified":"2025-09-02T21:07:30+00:00","breadcrumb":{"@id":"https:\/\/bikefit.lu\/fr\/product\/mx242-black-silver\/#breadcrumb"},"inLanguage":"fr-FR","potentialAction":[{"@type":"ReadAction","target":["https:\/\/bikefit.lu\/fr\/product\/mx242-black-silver\/"]}]},{"@type":"ImageObject","inLanguage":"fr-FR","@id":"https:\/\/bikefit.lu\/fr\/product\/mx242-black-silver\/#primaryimage","url":"https:\/\/bikefit.lu\/wp-content\/uploads\/2023\/11\/lake-mx-242-mtb-shoe-black-silver-1-1409132.jpg","contentUrl":"https:\/\/bikefit.lu\/wp-content\/uploads\/2023\/11\/lake-mx-242-mtb-shoe-black-silver-1-1409132.jpg","width":720,"height":720},{"@type":"BreadcrumbList","@id":"https:\/\/bikefit.lu\/fr\/product\/mx242-black-silver\/#breadcrumb","itemListElement":[{"@type":"ListItem","position":1,"name":"Home","item":"https:\/\/bikefit.lu\/fr\/"},{"@type":"ListItem","position":2,"name":"Produits","item":"https:\/\/bikefit.lu\/fr\/shop\/"},{"@type":"ListItem","position":3,"name":"MX242 Black\/Silver"}]},{"@type":"WebSite","@id":"https:\/\/bikefit.lu\/fr\/#website","url":"https:\/\/bikefit.lu\/fr\/","name":"bikefit.lu","description":"IMPROVING CYCLING","publisher":{"@id":"https:\/\/bikefit.lu\/fr\/#\/schema\/person\/379af1263474d2f8cd1f41c2bd90273d"},"potentialAction":[{"@type":"SearchAction","target":{"@type":"EntryPoint","urlTemplate":"https:\/\/bikefit.lu\/fr\/?s={search_term_string}"},"query-input":{"@type":"PropertyValueSpecification","valueRequired":true,"valueName":"search_term_string"}}],"inLanguage":"fr-FR"},{"@type":["Person","Organization"],"@id":"https:\/\/bikefit.lu\/fr\/#\/schema\/person\/379af1263474d2f8cd1f41c2bd90273d","name":"Patrick Guillaume","image":{"@type":"ImageObject","inLanguage":"fr-FR","@id":"https:\/\/bikefit.lu\/wp-content\/uploads\/2024\/12\/cropped-bikefit-logoURL-RGB-jpg.jpg","url":"https:\/\/bikefit.lu\/wp-content\/uploads\/2024\/12\/cropped-bikefit-logoURL-RGB-jpg.jpg","contentUrl":"https:\/\/bikefit.lu\/wp-content\/uploads\/2024\/12\/cropped-bikefit-logoURL-RGB-jpg.jpg","width":512,"height":512,"caption":"Patrick Guillaume"},"logo":{"@id":"https:\/\/bikefit.lu\/wp-content\/uploads\/2024\/12\/cropped-bikefit-logoURL-RGB-jpg.jpg"},"sameAs":["https:\/\/bikefit.lu"],"honorificPrefix":"Mr","birthDate":"1966-11-18","gender":"male","knowsAbout":["Bike-fitting"],"knowsLanguage":["English","French","German","Luxembourgish"]}]},"og_availability":"instock","product_availability":"instock","product_condition":"new"},"_links":{"self":[{"href":"https:\/\/bikefit.lu\/fr\/wp-json\/wp\/v2\/product\/81429","targetHints":{"allow":["GET"]}}],"collection":[{"href":"https:\/\/bikefit.lu\/fr\/wp-json\/wp\/v2\/product"}],"about":[{"href":"https:\/\/bikefit.lu\/fr\/wp-json\/wp\/v2\/types\/product"}],"replies":[{"embeddable":true,"href":"https:\/\/bikefit.lu\/fr\/wp-json\/wp\/v2\/comments?post=81429"}],"version-history":[{"count":0,"href":"https:\/\/bikefit.lu\/fr\/wp-json\/wp\/v2\/product\/81429\/revisions"}],"wp:featuredmedia":[{"embeddable":true,"href":"https:\/\/bikefit.lu\/fr\/wp-json\/wp\/v2\/media\/76918"}],"wp:attachment":[{"href":"https:\/\/bikefit.lu\/fr\/wp-json\/wp\/v2\/media?parent=81429"}],"wp:term":[{"taxonomy":"product_brand","embeddable":true,"href":"https:\/\/bikefit.lu\/fr\/wp-json\/wp\/v2\/product_brand?post=81429"},{"taxonomy":"product_cat","embeddable":true,"href":"https:\/\/bikefit.lu\/fr\/wp-json\/wp\/v2\/product_cat?post=81429"},{"taxonomy":"product_tag","embeddable":true,"href":"https:\/\/bikefit.lu\/fr\/wp-json\/wp\/v2\/product_tag?post=81429"}],"curies":[{"name":"wp","href":"https:\/\/api.w.org\/{rel}","templated":true}]}}