{"id":81652,"date":"2020-04-20T11:37:55","date_gmt":"2020-04-20T11:37:55","guid":{"rendered":"https:\/\/staging.bikefit.lu\/shop\/non%20class\u00e9\/mx241-black-silver\/"},"modified":"2024-07-27T11:43:07","modified_gmt":"2024-07-27T11:43:07","slug":"mx241-black-silver","status":"publish","type":"product","link":"https:\/\/bikefit.lu\/fr\/product\/mx241-black-silver\/","title":{"rendered":"MX241 Black\/Silver"},"content":{"rendered":"<p><strong>Forme: <\/strong>MX Competition. La forme Competition pr\u00e9sente un profil plus incurv\u00e9 que la forme Sport. Les principales diff\u00e9rences incluent une augmentation de la hauteur pour les orteils et le talon ainsi qu\u2019une circonf\u00e9rence \u00e0 l\u2019avant l\u00e9g\u00e8rement augment\u00e9e pour permettre au pied de se dilater sous des pressions de p\u00e9dalage \u00e9lev\u00e9es.<br \/><strong>Tige: <\/strong>Cuir Helcor r\u00e9sistant \u00e0 l\u2019abrasion, cuir pleine fleur (Microfibre pour Chrome\/Noir) et doublure Nufoam. Le cuir r\u00e9sistant \u00e0 l\u2019abrasion Helcor est sp\u00e9cialement con\u00e7u pour \u00eatre extr\u00eamement durable contre le frottement et les \u00e9raflures La tige est segment\u00e9e en 4 zones ind\u00e9pendantes pour un ajustement plus flexible afin de s\u2019adapter aux pieds \u00e9troits ou larges ainsi qu\u2019aux \u00e0 hauts cou-de-pied ainsi qu\u2019aux pieds plats. Le contrefort de talon thermo-formable augmente le maintien du talon.<br \/><strong>Semelle ext\u00e9rieure: <\/strong>Semelle 100% fibre de carbone avec vrai caoutchouc Mountain Competion<br \/><strong>Fermeture: <\/strong>Syst\u00e8me de la\u00e7age BOA\u00ae Push\/Pull IP1 mont\u00e9 sur deux c\u00f4t\u00e9s avec guides de lacet amovibles. Le syst\u00e8me de fermeture double BOA\u00ae offre encore plus de possibilit\u00e9s de r\u00e9glage qu\u2019un seul BOA\u00ae.<br \/><strong>Couleurs:<\/strong> Black\/Silver, Black\/Blue et Bio Camo .<br \/><strong>Pointures: <\/strong>Regular: pointures enti\u00e8res de 36 \u00e0 48, 50, demi-tailles de 39,5 \u00e0 46,5. Wide: pointures enti\u00e8res de 37 \u00e0 48, 50, demi-tailles de 39,5 \u00e0 46,5.<br \/>Pour vous aider \u00e0 trouver la bonne taille, rendez-vous sur <a href=\"https:\/\/lakecycling.com\/pages\/sizing-charts\" target=\"_blank\" rel=\"noopener noreferrer\">cette page<\/a> ou contactez-moi.       <\/p>\n","protected":false},"excerpt":{"rendered":"<p><strong>La MX241 est l\u2019aboutissement de toute l\u2019exp\u00e9rience de LAKE, des mat\u00e9riaux sup\u00e9rieurs et les techniques de fabrication pour cr\u00e9er une chaussure qui offre la meilleure solution d\u2019ajustement pour tout type de pied. Avec un contrefort de talon thermo-formable et une tige au design unique qui permet suffisamment de r\u00e9glage pour s\u2019adapter aux pieds avec n\u2019importe quelle hauteur de cou-de-pied et tout volume de pied sans sacrifier le confort. Les pieds jusqu\u2019ici malheureux, avec des oignons (hallux valgus ou quintus varus), adoreront cette chaussure.  <\/strong><\/p>\n","protected":false},"featured_media":88056,"comment_status":"closed","ping_status":"closed","template":"","meta":[],"product_brand":[],"product_cat":[4818,4819,4788,4853],"product_tag":[4983,4822,5098,4824],"class_list":{"0":"post-81652","1":"product","2":"type-product","3":"status-publish","4":"has-post-thumbnail","6":"product_cat-lake-shoes-fr","7":"product_cat-chaussures-offroad","8":"product_cat-sale-fr","9":"product_cat-mx241-en-fr","10":"product_tag-black-silver-fr","11":"product_tag-lake-cycling-fr","12":"product_tag-mx241-fr","13":"product_tag-offroad-fr","14":"product_shipping_class-large-items-fr","15":"pa_size-37-fr","16":"pa_size-38-fr","17":"pa_size-39-fr","18":"pa_size-39-5-fr","19":"pa_size-40-fr","20":"pa_size-41-fr","21":"pa_size-42-fr","22":"pa_size-43-fr","23":"pa_size-43-5-fr","24":"pa_size-44-5-fr","25":"pa_size-45-fr","26":"pa_size-45-5-fr","27":"pa_size-46-fr","28":"pa_size-46-5-fr","29":"pa_size-47-fr","30":"pa_width-regular-fr","31":"pa_width-wide-fr","33":"first","34":"instock","35":"sale","36":"taxable","37":"shipping-taxable","38":"purchasable","39":"product-type-variable"},"yoast_head":"<!-- This site is optimized with the Yoast SEO Premium plugin v27.3 (Yoast SEO v27.3) - https:\/\/yoast.com\/product\/yoast-seo-premium-wordpress\/ -->\n<title>MX241 Black\/Silver - bikefit.lu<\/title>\n<meta name=\"robots\" content=\"index, follow, max-snippet:-1, max-image-preview:large, max-video-preview:-1\" \/>\n<link rel=\"canonical\" href=\"https:\/\/bikefit.lu\/fr\/product\/mx241-black-silver\/\" \/>\n<meta property=\"og:locale\" content=\"fr_FR\" \/>\n<meta property=\"og:type\" content=\"article\" \/>\n<meta property=\"og:title\" content=\"MX241 Black\/Silver\" \/>\n<meta property=\"og:description\" content=\"La MX241 est l\u2019aboutissement de toute l\u2019exp\u00e9rience de LAKE, des mat\u00e9riaux sup\u00e9rieurs et les techniques de fabrication pour cr\u00e9er une chaussure qui offre la meilleure solution d\u2019ajustement pour tout type de pied. Avec un contrefort de talon thermo-formable et une tige au design unique qui permet suffisamment de r\u00e9glage pour s\u2019adapter aux pieds avec n\u2019importe quelle hauteur de cou-de-pied et tout volume de pied sans sacrifier le confort. Les pieds jusqu\u2019ici malheureux, avec des oignons (hallux valgus ou quintus varus), adoreront cette chaussure.\" \/>\n<meta property=\"og:url\" content=\"https:\/\/bikefit.lu\/fr\/product\/mx241-black-silver\/\" \/>\n<meta property=\"og:site_name\" content=\"bikefit.lu\" \/>\n<meta property=\"article:modified_time\" content=\"2024-07-27T11:43:07+00:00\" \/>\n<meta property=\"og:image\" content=\"https:\/\/bikefit.lu\/wp-content\/uploads\/2022\/09\/MX241-BLACK-FRNT.jpg\" \/>\n\t<meta property=\"og:image:width\" content=\"1800\" \/>\n\t<meta property=\"og:image:height\" content=\"1333\" \/>\n\t<meta property=\"og:image:type\" content=\"image\/jpeg\" \/>\n<meta name=\"twitter:card\" content=\"summary_large_image\" \/>\n<meta name=\"twitter:label1\" content=\"Disponibilit\u00e9\" \/>\n\t<meta name=\"twitter:data1\" content=\"En stock\" \/>\n<script type=\"application\/ld+json\" class=\"yoast-schema-graph\">{\"@context\":\"https:\\\/\\\/schema.org\",\"@graph\":[{\"@type\":\"WebPage\",\"@id\":\"https:\\\/\\\/bikefit.lu\\\/fr\\\/product\\\/mx241-black-silver\\\/\",\"url\":\"https:\\\/\\\/bikefit.lu\\\/fr\\\/product\\\/mx241-black-silver\\\/\",\"name\":\"MX241 Black\\\/Silver - bikefit.lu\",\"isPartOf\":{\"@id\":\"https:\\\/\\\/bikefit.lu\\\/fr\\\/#website\"},\"primaryImageOfPage\":{\"@id\":\"https:\\\/\\\/bikefit.lu\\\/fr\\\/product\\\/mx241-black-silver\\\/#primaryimage\"},\"image\":{\"@id\":\"https:\\\/\\\/bikefit.lu\\\/fr\\\/product\\\/mx241-black-silver\\\/#primaryimage\"},\"thumbnailUrl\":\"https:\\\/\\\/bikefit.lu\\\/wp-content\\\/uploads\\\/2022\\\/09\\\/MX241-BLACK-FRNT.jpg\",\"datePublished\":\"2020-04-20T11:37:55+00:00\",\"dateModified\":\"2024-07-27T11:43:07+00:00\",\"breadcrumb\":{\"@id\":\"https:\\\/\\\/bikefit.lu\\\/fr\\\/product\\\/mx241-black-silver\\\/#breadcrumb\"},\"inLanguage\":\"fr-FR\",\"potentialAction\":[{\"@type\":\"ReadAction\",\"target\":[\"https:\\\/\\\/bikefit.lu\\\/fr\\\/product\\\/mx241-black-silver\\\/\"]}]},{\"@type\":\"ImageObject\",\"inLanguage\":\"fr-FR\",\"@id\":\"https:\\\/\\\/bikefit.lu\\\/fr\\\/product\\\/mx241-black-silver\\\/#primaryimage\",\"url\":\"https:\\\/\\\/bikefit.lu\\\/wp-content\\\/uploads\\\/2022\\\/09\\\/MX241-BLACK-FRNT.jpg\",\"contentUrl\":\"https:\\\/\\\/bikefit.lu\\\/wp-content\\\/uploads\\\/2022\\\/09\\\/MX241-BLACK-FRNT.jpg\",\"width\":1800,\"height\":1333},{\"@type\":\"BreadcrumbList\",\"@id\":\"https:\\\/\\\/bikefit.lu\\\/fr\\\/product\\\/mx241-black-silver\\\/#breadcrumb\",\"itemListElement\":[{\"@type\":\"ListItem\",\"position\":1,\"name\":\"Home\",\"item\":\"https:\\\/\\\/bikefit.lu\\\/fr\\\/\"},{\"@type\":\"ListItem\",\"position\":2,\"name\":\"Produits\",\"item\":\"https:\\\/\\\/bikefit.lu\\\/fr\\\/shop\\\/\"},{\"@type\":\"ListItem\",\"position\":3,\"name\":\"MX241 Black\\\/Silver\"}]},{\"@type\":\"WebSite\",\"@id\":\"https:\\\/\\\/bikefit.lu\\\/fr\\\/#website\",\"url\":\"https:\\\/\\\/bikefit.lu\\\/fr\\\/\",\"name\":\"bikefit.lu\",\"description\":\"IMPROVING CYCLING\",\"publisher\":{\"@id\":\"https:\\\/\\\/bikefit.lu\\\/fr\\\/#\\\/schema\\\/person\\\/379af1263474d2f8cd1f41c2bd90273d\"},\"potentialAction\":[{\"@type\":\"SearchAction\",\"target\":{\"@type\":\"EntryPoint\",\"urlTemplate\":\"https:\\\/\\\/bikefit.lu\\\/fr\\\/?s={search_term_string}\"},\"query-input\":{\"@type\":\"PropertyValueSpecification\",\"valueRequired\":true,\"valueName\":\"search_term_string\"}}],\"inLanguage\":\"fr-FR\"},{\"@type\":[\"Person\",\"Organization\"],\"@id\":\"https:\\\/\\\/bikefit.lu\\\/fr\\\/#\\\/schema\\\/person\\\/379af1263474d2f8cd1f41c2bd90273d\",\"name\":\"Patrick Guillaume\",\"image\":{\"@type\":\"ImageObject\",\"inLanguage\":\"fr-FR\",\"@id\":\"https:\\\/\\\/bikefit.lu\\\/wp-content\\\/uploads\\\/2024\\\/12\\\/cropped-bikefit-logoURL-RGB-jpg.jpg\",\"url\":\"https:\\\/\\\/bikefit.lu\\\/wp-content\\\/uploads\\\/2024\\\/12\\\/cropped-bikefit-logoURL-RGB-jpg.jpg\",\"contentUrl\":\"https:\\\/\\\/bikefit.lu\\\/wp-content\\\/uploads\\\/2024\\\/12\\\/cropped-bikefit-logoURL-RGB-jpg.jpg\",\"width\":512,\"height\":512,\"caption\":\"Patrick Guillaume\"},\"logo\":{\"@id\":\"https:\\\/\\\/bikefit.lu\\\/wp-content\\\/uploads\\\/2024\\\/12\\\/cropped-bikefit-logoURL-RGB-jpg.jpg\"},\"sameAs\":[\"https:\\\/\\\/bikefit.lu\"],\"honorificPrefix\":\"Mr\",\"birthDate\":\"1966-11-18\",\"gender\":\"male\",\"knowsAbout\":[\"Bike-fitting\"],\"knowsLanguage\":[\"English\",\"French\",\"German\",\"Luxembourgish\"]}]}<\/script>\n<meta property=\"og:availability\" content=\"instock\" \/>\n<meta property=\"product:availability\" content=\"instock\" \/>\n<meta property=\"product:condition\" content=\"new\" \/>\n<!-- \/ Yoast SEO Premium plugin. -->","yoast_head_json":{"title":"MX241 Black\/Silver - bikefit.lu","robots":{"index":"index","follow":"follow","max-snippet":"max-snippet:-1","max-image-preview":"max-image-preview:large","max-video-preview":"max-video-preview:-1"},"canonical":"https:\/\/bikefit.lu\/fr\/product\/mx241-black-silver\/","og_locale":"fr_FR","og_type":"article","og_title":"MX241 Black\/Silver","og_description":"La MX241 est l\u2019aboutissement de toute l\u2019exp\u00e9rience de LAKE, des mat\u00e9riaux sup\u00e9rieurs et les techniques de fabrication pour cr\u00e9er une chaussure qui offre la meilleure solution d\u2019ajustement pour tout type de pied. Avec un contrefort de talon thermo-formable et une tige au design unique qui permet suffisamment de r\u00e9glage pour s\u2019adapter aux pieds avec n\u2019importe quelle hauteur de cou-de-pied et tout volume de pied sans sacrifier le confort. Les pieds jusqu\u2019ici malheureux, avec des oignons (hallux valgus ou quintus varus), adoreront cette chaussure.","og_url":"https:\/\/bikefit.lu\/fr\/product\/mx241-black-silver\/","og_site_name":"bikefit.lu","article_modified_time":"2024-07-27T11:43:07+00:00","og_image":[{"width":1800,"height":1333,"url":"https:\/\/bikefit.lu\/wp-content\/uploads\/2022\/09\/MX241-BLACK-FRNT.jpg","type":"image\/jpeg"}],"twitter_card":"summary_large_image","twitter_misc":{"Disponibilit\u00e9":"En stock"},"schema":{"@context":"https:\/\/schema.org","@graph":[{"@type":"WebPage","@id":"https:\/\/bikefit.lu\/fr\/product\/mx241-black-silver\/","url":"https:\/\/bikefit.lu\/fr\/product\/mx241-black-silver\/","name":"MX241 Black\/Silver - bikefit.lu","isPartOf":{"@id":"https:\/\/bikefit.lu\/fr\/#website"},"primaryImageOfPage":{"@id":"https:\/\/bikefit.lu\/fr\/product\/mx241-black-silver\/#primaryimage"},"image":{"@id":"https:\/\/bikefit.lu\/fr\/product\/mx241-black-silver\/#primaryimage"},"thumbnailUrl":"https:\/\/bikefit.lu\/wp-content\/uploads\/2022\/09\/MX241-BLACK-FRNT.jpg","datePublished":"2020-04-20T11:37:55+00:00","dateModified":"2024-07-27T11:43:07+00:00","breadcrumb":{"@id":"https:\/\/bikefit.lu\/fr\/product\/mx241-black-silver\/#breadcrumb"},"inLanguage":"fr-FR","potentialAction":[{"@type":"ReadAction","target":["https:\/\/bikefit.lu\/fr\/product\/mx241-black-silver\/"]}]},{"@type":"ImageObject","inLanguage":"fr-FR","@id":"https:\/\/bikefit.lu\/fr\/product\/mx241-black-silver\/#primaryimage","url":"https:\/\/bikefit.lu\/wp-content\/uploads\/2022\/09\/MX241-BLACK-FRNT.jpg","contentUrl":"https:\/\/bikefit.lu\/wp-content\/uploads\/2022\/09\/MX241-BLACK-FRNT.jpg","width":1800,"height":1333},{"@type":"BreadcrumbList","@id":"https:\/\/bikefit.lu\/fr\/product\/mx241-black-silver\/#breadcrumb","itemListElement":[{"@type":"ListItem","position":1,"name":"Home","item":"https:\/\/bikefit.lu\/fr\/"},{"@type":"ListItem","position":2,"name":"Produits","item":"https:\/\/bikefit.lu\/fr\/shop\/"},{"@type":"ListItem","position":3,"name":"MX241 Black\/Silver"}]},{"@type":"WebSite","@id":"https:\/\/bikefit.lu\/fr\/#website","url":"https:\/\/bikefit.lu\/fr\/","name":"bikefit.lu","description":"IMPROVING CYCLING","publisher":{"@id":"https:\/\/bikefit.lu\/fr\/#\/schema\/person\/379af1263474d2f8cd1f41c2bd90273d"},"potentialAction":[{"@type":"SearchAction","target":{"@type":"EntryPoint","urlTemplate":"https:\/\/bikefit.lu\/fr\/?s={search_term_string}"},"query-input":{"@type":"PropertyValueSpecification","valueRequired":true,"valueName":"search_term_string"}}],"inLanguage":"fr-FR"},{"@type":["Person","Organization"],"@id":"https:\/\/bikefit.lu\/fr\/#\/schema\/person\/379af1263474d2f8cd1f41c2bd90273d","name":"Patrick Guillaume","image":{"@type":"ImageObject","inLanguage":"fr-FR","@id":"https:\/\/bikefit.lu\/wp-content\/uploads\/2024\/12\/cropped-bikefit-logoURL-RGB-jpg.jpg","url":"https:\/\/bikefit.lu\/wp-content\/uploads\/2024\/12\/cropped-bikefit-logoURL-RGB-jpg.jpg","contentUrl":"https:\/\/bikefit.lu\/wp-content\/uploads\/2024\/12\/cropped-bikefit-logoURL-RGB-jpg.jpg","width":512,"height":512,"caption":"Patrick Guillaume"},"logo":{"@id":"https:\/\/bikefit.lu\/wp-content\/uploads\/2024\/12\/cropped-bikefit-logoURL-RGB-jpg.jpg"},"sameAs":["https:\/\/bikefit.lu"],"honorificPrefix":"Mr","birthDate":"1966-11-18","gender":"male","knowsAbout":["Bike-fitting"],"knowsLanguage":["English","French","German","Luxembourgish"]}]},"og_availability":"instock","product_availability":"instock","product_condition":"new"},"_links":{"self":[{"href":"https:\/\/bikefit.lu\/fr\/wp-json\/wp\/v2\/product\/81652","targetHints":{"allow":["GET"]}}],"collection":[{"href":"https:\/\/bikefit.lu\/fr\/wp-json\/wp\/v2\/product"}],"about":[{"href":"https:\/\/bikefit.lu\/fr\/wp-json\/wp\/v2\/types\/product"}],"replies":[{"embeddable":true,"href":"https:\/\/bikefit.lu\/fr\/wp-json\/wp\/v2\/comments?post=81652"}],"version-history":[{"count":0,"href":"https:\/\/bikefit.lu\/fr\/wp-json\/wp\/v2\/product\/81652\/revisions"}],"wp:featuredmedia":[{"embeddable":true,"href":"https:\/\/bikefit.lu\/fr\/wp-json\/wp\/v2\/media\/88056"}],"wp:attachment":[{"href":"https:\/\/bikefit.lu\/fr\/wp-json\/wp\/v2\/media?parent=81652"}],"wp:term":[{"taxonomy":"product_brand","embeddable":true,"href":"https:\/\/bikefit.lu\/fr\/wp-json\/wp\/v2\/product_brand?post=81652"},{"taxonomy":"product_cat","embeddable":true,"href":"https:\/\/bikefit.lu\/fr\/wp-json\/wp\/v2\/product_cat?post=81652"},{"taxonomy":"product_tag","embeddable":true,"href":"https:\/\/bikefit.lu\/fr\/wp-json\/wp\/v2\/product_tag?post=81652"}],"curies":[{"name":"wp","href":"https:\/\/api.w.org\/{rel}","templated":true}]}}