{"id":81673,"date":"2022-01-05T21:21:20","date_gmt":"2022-01-05T21:21:20","guid":{"rendered":"https:\/\/staging.bikefit.lu\/shop\/non%20class\u00e9\/mx146\/"},"modified":"2026-03-19T10:05:08","modified_gmt":"2026-03-19T09:05:08","slug":"mx146","status":"publish","type":"product","link":"https:\/\/bikefit.lu\/fr\/product\/mx146\/","title":{"rendered":"MX146"},"content":{"rendered":"<p><strong>Forme:<\/strong> <a href=\"https:\/\/www.lakecycling.com\/pages\/shoe-lasts\" target=\"_blank\" rel=\"noopener noreferrer nofollow\">MX Sport <\/a>\u2013 Cette derni\u00e8re est dot\u00e9e d&#8217;une pointe plus grande et plus spacieuse que la forme Confort tout en offrant un contr\u00f4le accru du pied \u00e0 travers le talon et la selle du pied. La coupe r\u00e9sultante est con\u00e7ue pour une conduite agressive tout en restant confortable \u00e0 porter toute la journ\u00e9e. Id\u00e9al pour les coursiers, les cyclistes d&#8217;aventure et toute autre personne qui porte ses chaussures de cyclisme pendant de longues p\u00e9riodes. \u00c9galement disponible en 2 largeurs.  <\/p>\n<p><strong>Tige:<\/strong> La tige est compos\u00e9e d\u2019un tissu softshell, d\u2019une microfibre r\u00e9sistante \u00e0 l\u2019eau, d\u2019une isolation Thinsulate 200gr et d\u2019une membrane imperm\u00e9able, ce qui en fait une chaussure de cyclisme hautement r\u00e9sistante \u00e0 l\u2019eau, id\u00e9ale dans diverses conditions. La microfibre Clarino offre une grande durabilit\u00e9 et la souplesse du cuir avec une r\u00e9duction de poids significative. <\/p>\n<p><strong>Fermeture:<\/strong> Le cadran BOA mont\u00e9 sur la languette de la cartouche M4 de puissance moyenne excelle dans la glace, la salet\u00e9 et d\u2019autres environnements difficiles et est con\u00e7u pour \u00eatre facilement ajust\u00e9 avec des gants. Le cadran de capacit\u00e9 moyenne combine durabilit\u00e9 et r\u00e9sistance de fermeture pour r\u00e9sister \u00e0 une force et \u00e0 un impact intenses, sans sacrifier l\u2019ajustement et lorsqu\u2019il est combin\u00e9 avec la lib\u00e9ration rapide Click-Fit, le syst\u00e8me facilite l\u2019entr\u00e9e et la sortie du pied. <\/p>\n<p><strong>Classe de temp\u00e9rature<\/strong>: confortable jusqu\u2019\u00e0 \u2013 4\u00b0C<\/p>\n<p><strong>Semelle ext\u00e9rieure:<\/strong> Semelle Supergrip Enduro avec inserts antid\u00e9rapants Ice Lock. La MX146 est non seulement dot\u00e9e de la semelle l\u00e9gendaire en nylon inject\u00e9 de fibre de verre de Lake, mais \u00e9galement de l\u2019une des semelles en caoutchouc les plus avanc\u00e9es sur le plan technique. La semelle en caoutchouc Supergrip comporte des inserts de bande de roulement ICE LOCK, qui sont des microfibres de verre inject\u00e9es verticalement qui adh\u00e8rent \u00e0 pratiquement toutes les surfaces. Cela vous donne une chaussure de cyclisme pour temps humide qui est s\u00fbre et stable dans toutes les conditions.   <\/p>\n<p><strong>Couleur disponible: noir\/noir r\u00e9flectant.<\/strong><\/p>\n<p><strong>Pointures:<\/strong> Standard 36-48,50 Tailles enti\u00e8res uniquement. Wide EE 39 \u2013 48; 50 Tailles enti\u00e8res uniquement. <\/p>\n","protected":false},"excerpt":{"rendered":"<p>La MX146 est la r\u00e9ponse \u00e0 ces jours d\u2019automne ou de printemps que vous pensiez trop humides pour rouler. D\u00e9velopp\u00e9e pour l\u2019automne\/printemps, les hivers doux et le temps humide, la MX146 est la chaussure id\u00e9ale pour les jours o\u00f9 vos chaussures de course sont trop froides ou en hiver les bottes sont trop chaudes. Fat bike, trajets quotidiens, cyclocross, etc., la MX146 est faite pour \u00e7a.  <\/p>\n<p><a href=\"https:\/\/youtu.be\/k0NFhtQgBsU\">https:\/\/youtu.be\/k0NFhtQgBsU<\/a><\/p>\n<p><strong>Astuce pour garder vos chaussures r\u00e9sistantes \u00e0 l\u2019eau<\/strong> : Les tiges sont trait\u00e9es en usine avec un rev\u00eatement DWR (Durable Water Resistant) qui s\u2019effacera avec le temps et l\u2019utilisation. Comme beaucoup d\u2019autres produits r\u00e9sistants \u00e0 l\u2019eau, pour emp\u00eacher la tige de la chaussure d\u2019absorber l\u2019eau qui pourrait migrer dans la chaussure, il est recommand\u00e9 de r\u00e9appliquer la tige avec un spray DWR facilement disponible dans la plupart des magasins vendant des produits d\u2019ext\u00e9rieur. Nous recommandons de r\u00e9appliquer le rev\u00eatement 1 \u00e0 2 fois par an pour les cyclistes mod\u00e9r\u00e9s et pour un usage intensif ou les cyclistes quotidiens de banlieue, r\u00e9appliquer au moins toutes les 2 \u00e0 3 sorties extr\u00eamement humides. Pour un meilleur r\u00e9sultat, suivez les instructions du fabricant DWR sur la fa\u00e7on de r\u00e9appliquer les rev\u00eatements.   <\/p>\n","protected":false},"featured_media":88076,"comment_status":"closed","ping_status":"closed","template":"","meta":[],"product_brand":[],"product_cat":[4818,4819,4851],"product_tag":[4972,5218,4822,5093,4824],"class_list":{"0":"post-81673","1":"product","2":"type-product","3":"status-publish","4":"has-post-thumbnail","6":"product_cat-lake-shoes-fr","7":"product_cat-chaussures-offroad","8":"product_cat-mx146-en-fr","9":"product_tag-black-fr","10":"product_tag-winter-fr","11":"product_tag-lake-cycling-fr","12":"product_tag-mx146-fr","13":"product_tag-offroad-fr","14":"product_shipping_class-large-items-fr","15":"pa_size-39-fr","16":"pa_size-40-fr","17":"pa_size-41-fr","18":"pa_size-42-fr","19":"pa_size-43-fr","20":"pa_size-44-fr","21":"pa_size-44-5-fr","22":"pa_size-45-fr","23":"pa_size-46-fr","24":"pa_size-47-fr","25":"pa_size-48-fr","26":"pa_size-50-fr","27":"pa_width-wide-fr","29":"first","30":"instock","31":"taxable","32":"shipping-taxable","33":"purchasable","34":"product-type-variable"},"yoast_head":"<!-- This site is optimized with the Yoast SEO Premium plugin v27.3 (Yoast SEO v27.3) - https:\/\/yoast.com\/product\/yoast-seo-premium-wordpress\/ -->\n<title>MX146 - bikefit.lu<\/title>\n<meta name=\"robots\" content=\"index, follow, max-snippet:-1, max-image-preview:large, max-video-preview:-1\" \/>\n<link rel=\"canonical\" href=\"https:\/\/bikefit.lu\/fr\/product\/mx146\/\" \/>\n<meta property=\"og:locale\" content=\"fr_FR\" \/>\n<meta property=\"og:type\" content=\"article\" \/>\n<meta property=\"og:title\" content=\"MX146\" \/>\n<meta property=\"og:description\" content=\"La MX146 est la r\u00e9ponse \u00e0 ces jours d\u2019automne ou de printemps que vous pensiez trop humides pour rouler. D\u00e9velopp\u00e9e pour l\u2019automne\/printemps, les hivers doux et le temps humide, la MX146 est la chaussure id\u00e9ale pour les jours o\u00f9 vos chaussures de course sont trop froides ou en hiver les bottes sont trop chaudes. Fat bike, trajets quotidiens, cyclocross, etc., la MX146 est faite pour \u00e7a.  https:\/\/youtu.be\/k0NFhtQgBsU Astuce pour garder vos chaussures r\u00e9sistantes \u00e0 l\u2019eau : Les tiges sont trait\u00e9es en usine avec un rev\u00eatement DWR (Durable Water Resistant) qui s\u2019effacera avec le temps et l\u2019utilisation. Comme beaucoup d\u2019autres produits r\u00e9sistants \u00e0 l\u2019eau, pour emp\u00eacher la tige de la chaussure d\u2019absorber l\u2019eau qui pourrait migrer dans la chaussure, il est recommand\u00e9 de r\u00e9appliquer la tige avec un spray DWR facilement disponible dans la plupart des magasins vendant des produits d\u2019ext\u00e9rieur. Nous recommandons de r\u00e9appliquer le rev\u00eatement 1 \u00e0 2 fois par an pour les cyclistes mod\u00e9r\u00e9s et pour un usage intensif ou les cyclistes quotidiens de banlieue, r\u00e9appliquer au moins toutes les 2 \u00e0 3 sorties extr\u00eamement humides. Pour un meilleur r\u00e9sultat, suivez les instructions du fabricant DWR sur la fa\u00e7on de r\u00e9appliquer les rev\u00eatements.\" \/>\n<meta property=\"og:url\" content=\"https:\/\/bikefit.lu\/fr\/product\/mx146\/\" \/>\n<meta property=\"og:site_name\" content=\"bikefit.lu\" \/>\n<meta property=\"article:modified_time\" content=\"2026-03-19T09:05:08+00:00\" \/>\n<meta property=\"og:image\" content=\"https:\/\/bikefit.lu\/wp-content\/uploads\/2022\/01\/MX146-BLACK-FRNT.webp\" \/>\n\t<meta property=\"og:image:width\" content=\"1800\" \/>\n\t<meta property=\"og:image:height\" content=\"1533\" \/>\n\t<meta property=\"og:image:type\" content=\"image\/webp\" \/>\n<meta name=\"twitter:card\" content=\"summary_large_image\" \/>\n<meta name=\"twitter:label1\" content=\"Disponibilit\u00e9\" \/>\n\t<meta name=\"twitter:data1\" content=\"En stock\" \/>\n<script type=\"application\/ld+json\" class=\"yoast-schema-graph\">{\"@context\":\"https:\\\/\\\/schema.org\",\"@graph\":[{\"@type\":\"WebPage\",\"@id\":\"https:\\\/\\\/bikefit.lu\\\/fr\\\/product\\\/mx146\\\/\",\"url\":\"https:\\\/\\\/bikefit.lu\\\/fr\\\/product\\\/mx146\\\/\",\"name\":\"MX146 - bikefit.lu\",\"isPartOf\":{\"@id\":\"https:\\\/\\\/bikefit.lu\\\/fr\\\/#website\"},\"primaryImageOfPage\":{\"@id\":\"https:\\\/\\\/bikefit.lu\\\/fr\\\/product\\\/mx146\\\/#primaryimage\"},\"image\":{\"@id\":\"https:\\\/\\\/bikefit.lu\\\/fr\\\/product\\\/mx146\\\/#primaryimage\"},\"thumbnailUrl\":\"https:\\\/\\\/bikefit.lu\\\/wp-content\\\/uploads\\\/2022\\\/01\\\/MX146-BLACK-FRNT.webp\",\"datePublished\":\"2022-01-05T21:21:20+00:00\",\"dateModified\":\"2026-03-19T09:05:08+00:00\",\"breadcrumb\":{\"@id\":\"https:\\\/\\\/bikefit.lu\\\/fr\\\/product\\\/mx146\\\/#breadcrumb\"},\"inLanguage\":\"fr-FR\",\"potentialAction\":[{\"@type\":\"ReadAction\",\"target\":[\"https:\\\/\\\/bikefit.lu\\\/fr\\\/product\\\/mx146\\\/\"]}]},{\"@type\":\"ImageObject\",\"inLanguage\":\"fr-FR\",\"@id\":\"https:\\\/\\\/bikefit.lu\\\/fr\\\/product\\\/mx146\\\/#primaryimage\",\"url\":\"https:\\\/\\\/bikefit.lu\\\/wp-content\\\/uploads\\\/2022\\\/01\\\/MX146-BLACK-FRNT.webp\",\"contentUrl\":\"https:\\\/\\\/bikefit.lu\\\/wp-content\\\/uploads\\\/2022\\\/01\\\/MX146-BLACK-FRNT.webp\",\"width\":1800,\"height\":1533},{\"@type\":\"BreadcrumbList\",\"@id\":\"https:\\\/\\\/bikefit.lu\\\/fr\\\/product\\\/mx146\\\/#breadcrumb\",\"itemListElement\":[{\"@type\":\"ListItem\",\"position\":1,\"name\":\"Home\",\"item\":\"https:\\\/\\\/bikefit.lu\\\/fr\\\/\"},{\"@type\":\"ListItem\",\"position\":2,\"name\":\"Produits\",\"item\":\"https:\\\/\\\/bikefit.lu\\\/fr\\\/shop\\\/\"},{\"@type\":\"ListItem\",\"position\":3,\"name\":\"MX146\"}]},{\"@type\":\"WebSite\",\"@id\":\"https:\\\/\\\/bikefit.lu\\\/fr\\\/#website\",\"url\":\"https:\\\/\\\/bikefit.lu\\\/fr\\\/\",\"name\":\"bikefit.lu\",\"description\":\"IMPROVING CYCLING\",\"publisher\":{\"@id\":\"https:\\\/\\\/bikefit.lu\\\/fr\\\/#\\\/schema\\\/person\\\/379af1263474d2f8cd1f41c2bd90273d\"},\"potentialAction\":[{\"@type\":\"SearchAction\",\"target\":{\"@type\":\"EntryPoint\",\"urlTemplate\":\"https:\\\/\\\/bikefit.lu\\\/fr\\\/?s={search_term_string}\"},\"query-input\":{\"@type\":\"PropertyValueSpecification\",\"valueRequired\":true,\"valueName\":\"search_term_string\"}}],\"inLanguage\":\"fr-FR\"},{\"@type\":[\"Person\",\"Organization\"],\"@id\":\"https:\\\/\\\/bikefit.lu\\\/fr\\\/#\\\/schema\\\/person\\\/379af1263474d2f8cd1f41c2bd90273d\",\"name\":\"Patrick Guillaume\",\"image\":{\"@type\":\"ImageObject\",\"inLanguage\":\"fr-FR\",\"@id\":\"https:\\\/\\\/bikefit.lu\\\/wp-content\\\/uploads\\\/2024\\\/12\\\/cropped-bikefit-logoURL-RGB-jpg.jpg\",\"url\":\"https:\\\/\\\/bikefit.lu\\\/wp-content\\\/uploads\\\/2024\\\/12\\\/cropped-bikefit-logoURL-RGB-jpg.jpg\",\"contentUrl\":\"https:\\\/\\\/bikefit.lu\\\/wp-content\\\/uploads\\\/2024\\\/12\\\/cropped-bikefit-logoURL-RGB-jpg.jpg\",\"width\":512,\"height\":512,\"caption\":\"Patrick Guillaume\"},\"logo\":{\"@id\":\"https:\\\/\\\/bikefit.lu\\\/wp-content\\\/uploads\\\/2024\\\/12\\\/cropped-bikefit-logoURL-RGB-jpg.jpg\"},\"sameAs\":[\"https:\\\/\\\/bikefit.lu\"],\"honorificPrefix\":\"Mr\",\"birthDate\":\"1966-11-18\",\"gender\":\"male\",\"knowsAbout\":[\"Bike-fitting\"],\"knowsLanguage\":[\"English\",\"French\",\"German\",\"Luxembourgish\"]}]}<\/script>\n<meta property=\"og:availability\" content=\"instock\" \/>\n<meta property=\"product:availability\" content=\"instock\" \/>\n<meta property=\"product:condition\" content=\"new\" \/>\n<!-- \/ Yoast SEO Premium plugin. -->","yoast_head_json":{"title":"MX146 - bikefit.lu","robots":{"index":"index","follow":"follow","max-snippet":"max-snippet:-1","max-image-preview":"max-image-preview:large","max-video-preview":"max-video-preview:-1"},"canonical":"https:\/\/bikefit.lu\/fr\/product\/mx146\/","og_locale":"fr_FR","og_type":"article","og_title":"MX146","og_description":"La MX146 est la r\u00e9ponse \u00e0 ces jours d\u2019automne ou de printemps que vous pensiez trop humides pour rouler. D\u00e9velopp\u00e9e pour l\u2019automne\/printemps, les hivers doux et le temps humide, la MX146 est la chaussure id\u00e9ale pour les jours o\u00f9 vos chaussures de course sont trop froides ou en hiver les bottes sont trop chaudes. Fat bike, trajets quotidiens, cyclocross, etc., la MX146 est faite pour \u00e7a.  https:\/\/youtu.be\/k0NFhtQgBsU Astuce pour garder vos chaussures r\u00e9sistantes \u00e0 l\u2019eau : Les tiges sont trait\u00e9es en usine avec un rev\u00eatement DWR (Durable Water Resistant) qui s\u2019effacera avec le temps et l\u2019utilisation. Comme beaucoup d\u2019autres produits r\u00e9sistants \u00e0 l\u2019eau, pour emp\u00eacher la tige de la chaussure d\u2019absorber l\u2019eau qui pourrait migrer dans la chaussure, il est recommand\u00e9 de r\u00e9appliquer la tige avec un spray DWR facilement disponible dans la plupart des magasins vendant des produits d\u2019ext\u00e9rieur. Nous recommandons de r\u00e9appliquer le rev\u00eatement 1 \u00e0 2 fois par an pour les cyclistes mod\u00e9r\u00e9s et pour un usage intensif ou les cyclistes quotidiens de banlieue, r\u00e9appliquer au moins toutes les 2 \u00e0 3 sorties extr\u00eamement humides. Pour un meilleur r\u00e9sultat, suivez les instructions du fabricant DWR sur la fa\u00e7on de r\u00e9appliquer les rev\u00eatements.","og_url":"https:\/\/bikefit.lu\/fr\/product\/mx146\/","og_site_name":"bikefit.lu","article_modified_time":"2026-03-19T09:05:08+00:00","og_image":[{"width":1800,"height":1533,"url":"https:\/\/bikefit.lu\/wp-content\/uploads\/2022\/01\/MX146-BLACK-FRNT.webp","type":"image\/webp"}],"twitter_card":"summary_large_image","twitter_misc":{"Disponibilit\u00e9":"En stock"},"schema":{"@context":"https:\/\/schema.org","@graph":[{"@type":"WebPage","@id":"https:\/\/bikefit.lu\/fr\/product\/mx146\/","url":"https:\/\/bikefit.lu\/fr\/product\/mx146\/","name":"MX146 - bikefit.lu","isPartOf":{"@id":"https:\/\/bikefit.lu\/fr\/#website"},"primaryImageOfPage":{"@id":"https:\/\/bikefit.lu\/fr\/product\/mx146\/#primaryimage"},"image":{"@id":"https:\/\/bikefit.lu\/fr\/product\/mx146\/#primaryimage"},"thumbnailUrl":"https:\/\/bikefit.lu\/wp-content\/uploads\/2022\/01\/MX146-BLACK-FRNT.webp","datePublished":"2022-01-05T21:21:20+00:00","dateModified":"2026-03-19T09:05:08+00:00","breadcrumb":{"@id":"https:\/\/bikefit.lu\/fr\/product\/mx146\/#breadcrumb"},"inLanguage":"fr-FR","potentialAction":[{"@type":"ReadAction","target":["https:\/\/bikefit.lu\/fr\/product\/mx146\/"]}]},{"@type":"ImageObject","inLanguage":"fr-FR","@id":"https:\/\/bikefit.lu\/fr\/product\/mx146\/#primaryimage","url":"https:\/\/bikefit.lu\/wp-content\/uploads\/2022\/01\/MX146-BLACK-FRNT.webp","contentUrl":"https:\/\/bikefit.lu\/wp-content\/uploads\/2022\/01\/MX146-BLACK-FRNT.webp","width":1800,"height":1533},{"@type":"BreadcrumbList","@id":"https:\/\/bikefit.lu\/fr\/product\/mx146\/#breadcrumb","itemListElement":[{"@type":"ListItem","position":1,"name":"Home","item":"https:\/\/bikefit.lu\/fr\/"},{"@type":"ListItem","position":2,"name":"Produits","item":"https:\/\/bikefit.lu\/fr\/shop\/"},{"@type":"ListItem","position":3,"name":"MX146"}]},{"@type":"WebSite","@id":"https:\/\/bikefit.lu\/fr\/#website","url":"https:\/\/bikefit.lu\/fr\/","name":"bikefit.lu","description":"IMPROVING CYCLING","publisher":{"@id":"https:\/\/bikefit.lu\/fr\/#\/schema\/person\/379af1263474d2f8cd1f41c2bd90273d"},"potentialAction":[{"@type":"SearchAction","target":{"@type":"EntryPoint","urlTemplate":"https:\/\/bikefit.lu\/fr\/?s={search_term_string}"},"query-input":{"@type":"PropertyValueSpecification","valueRequired":true,"valueName":"search_term_string"}}],"inLanguage":"fr-FR"},{"@type":["Person","Organization"],"@id":"https:\/\/bikefit.lu\/fr\/#\/schema\/person\/379af1263474d2f8cd1f41c2bd90273d","name":"Patrick Guillaume","image":{"@type":"ImageObject","inLanguage":"fr-FR","@id":"https:\/\/bikefit.lu\/wp-content\/uploads\/2024\/12\/cropped-bikefit-logoURL-RGB-jpg.jpg","url":"https:\/\/bikefit.lu\/wp-content\/uploads\/2024\/12\/cropped-bikefit-logoURL-RGB-jpg.jpg","contentUrl":"https:\/\/bikefit.lu\/wp-content\/uploads\/2024\/12\/cropped-bikefit-logoURL-RGB-jpg.jpg","width":512,"height":512,"caption":"Patrick Guillaume"},"logo":{"@id":"https:\/\/bikefit.lu\/wp-content\/uploads\/2024\/12\/cropped-bikefit-logoURL-RGB-jpg.jpg"},"sameAs":["https:\/\/bikefit.lu"],"honorificPrefix":"Mr","birthDate":"1966-11-18","gender":"male","knowsAbout":["Bike-fitting"],"knowsLanguage":["English","French","German","Luxembourgish"]}]},"og_availability":"instock","product_availability":"instock","product_condition":"new"},"_links":{"self":[{"href":"https:\/\/bikefit.lu\/fr\/wp-json\/wp\/v2\/product\/81673","targetHints":{"allow":["GET"]}}],"collection":[{"href":"https:\/\/bikefit.lu\/fr\/wp-json\/wp\/v2\/product"}],"about":[{"href":"https:\/\/bikefit.lu\/fr\/wp-json\/wp\/v2\/types\/product"}],"replies":[{"embeddable":true,"href":"https:\/\/bikefit.lu\/fr\/wp-json\/wp\/v2\/comments?post=81673"}],"version-history":[{"count":1,"href":"https:\/\/bikefit.lu\/fr\/wp-json\/wp\/v2\/product\/81673\/revisions"}],"predecessor-version":[{"id":99271,"href":"https:\/\/bikefit.lu\/fr\/wp-json\/wp\/v2\/product\/81673\/revisions\/99271"}],"wp:featuredmedia":[{"embeddable":true,"href":"https:\/\/bikefit.lu\/fr\/wp-json\/wp\/v2\/media\/88076"}],"wp:attachment":[{"href":"https:\/\/bikefit.lu\/fr\/wp-json\/wp\/v2\/media?parent=81673"}],"wp:term":[{"taxonomy":"product_brand","embeddable":true,"href":"https:\/\/bikefit.lu\/fr\/wp-json\/wp\/v2\/product_brand?post=81673"},{"taxonomy":"product_cat","embeddable":true,"href":"https:\/\/bikefit.lu\/fr\/wp-json\/wp\/v2\/product_cat?post=81673"},{"taxonomy":"product_tag","embeddable":true,"href":"https:\/\/bikefit.lu\/fr\/wp-json\/wp\/v2\/product_tag?post=81673"}],"curies":[{"name":"wp","href":"https:\/\/api.w.org\/{rel}","templated":true}]}}