{"id":81902,"date":"2020-04-29T05:21:09","date_gmt":"2020-04-29T05:21:09","guid":{"rendered":"https:\/\/staging.bikefit.lu\/shop\/non%20class\u00e9\/jcob-type-5\/"},"modified":"2025-04-22T13:47:42","modified_gmt":"2025-04-22T11:47:42","slug":"jcob-type-5","status":"publish","type":"product","link":"https:\/\/bikefit.lu\/fr\/product\/jcob-type-5\/","title":{"rendered":"jcob Type 5"},"content":{"rendered":"<div class=\"jetpack-video-wrapper\"><span class=\"embed-youtube\" style=\"text-align:center; display: block;\"><iframe class=\"youtube-player\" width=\"1200\" height=\"675\" src=\"https:\/\/www.youtube.com\/embed\/mIgEoynrxcQ?version=3&#038;rel=1&#038;showsearch=0&#038;showinfo=1&#038;iv_load_policy=1&#038;fs=1&#038;hl=fr-FR&#038;autohide=2&#038;wmode=transparent\" allowfullscreen=\"true\" style=\"border:0;\" sandbox=\"allow-scripts allow-same-origin allow-popups allow-presentation allow-popups-to-escape-sandbox\"><\/iframe><\/span><\/div>\n","protected":false},"excerpt":{"rendered":"<p style=\"text-align: left;\"><strong>Le nouveau Type 5 est une refonte du classique COBB JOF Fifty-Five, sur lequel les championnats Iron Man ont \u00e9t\u00e9 remport\u00e9s en 2017, 2018 et 2019. Con\u00e7u pour le cycliste s\u00e9rieux qui s&#8217;est engag\u00e9 dans une g\u00e9om\u00e9trie de v\u00e9lo avanc\u00e9e. \u00c9labor\u00e9 pour \u00eatre utilis\u00e9 sur le bec de la selle, le cycliste ne fait que se percher \u00e0 l&#8217;avant pour ouvrir l&#8217;angle de sa cuisse et d\u00e9velopper une grande puissance. Le Type 5 semblera d\u00e9lib\u00e9r\u00e9ment un peu dur lors de vos premi\u00e8res utilisations, mais apr\u00e8s quelques sorties, il dispara\u00eetra sous vous. Il dispose de rails de selle de 105 mm de long, leaders de l&#8217;industrie, offrant une large gamme de r\u00e9glages. Le bec fait 55 mm de large, il n&#8217;est donc pas n\u00e9cessaire d&#8217;utiliser des &#8220;attaches rapides&#8221; ou d&#8217;autres adaptations pour trouver le confort optimal sur cette selle. Si vous aimez rouler avec une chute de guidon agressive pour tromper le vent, la conception \u00e0 bec court est id\u00e9ale, la section \u00e9troite du bec qui s&#8217;effile progressivement vers l&#8217;arri\u00e8re emp\u00eachera vos cuisses sup\u00e9rieures de s&#8217;irriter. Con\u00e7u pour les hommes et les femmes, il comporte de nombreuses caract\u00e9ristiques subtiles qui contribuent \u00e0 une exp\u00e9rience exceptionnelle lors de l&#8217;utilisation de cette selle. Nous avons inclus nos fixations d&#8217;hydratation arri\u00e8re pour ajouter facilement notre bidon \u00e0 votre v\u00e9lo, la forme incurv\u00e9e unique \u00e0 l&#8217;arri\u00e8re vous bercera \u00e9galement pour de meilleures mont\u00e9es. C&#8217;est une selle extr\u00eamement populaire pour les courses IM ou pour les sprints courts, elle ouvre votre partie sup\u00e9rieure du corps pour que vous puissiez mieux respirer et r\u00e9aliser les meilleures courses de votre vie.        <img decoding=\"async\" class=\"aligncenter\" src=\"https:\/\/bikefit.lu\/wp-content\/uploads\/2020\/04\/ec523d84b5741405c18711c87daf14b92bef2009cebbebc1a8be8961b6216527-456x300.png\"><\/strong><\/p>\n<p>&nbsp;<\/p>\n<p style=\"text-align: center;\"><a href=\"https:\/\/www.triathlete.com\/gear\/bike\/best-triathlon-saddles\/?utm_campaign=emailmarketing_113518444731&amp;utm_medium=email&amp;utm_source=shopify_email\">Cliquez ici pour lire l\u2019article complet.<\/a><\/p>\n","protected":false},"featured_media":88889,"comment_status":"closed","ping_status":"closed","template":"","meta":[],"product_brand":[],"product_cat":[4834,4776],"product_tag":[5193,5211,5163,5183],"class_list":{"0":"post-81902","1":"product","2":"type-product","3":"status-publish","4":"has-post-thumbnail","6":"product_cat-point-de-contact-bassin","7":"product_cat-tri-tt-en-fr","8":"product_tag-contre-la-montre","9":"product_tag-jcob-fr","10":"product_tag-selles","11":"product_tag-triathlon-fr","12":"product_shipping_class-large-items-fr","14":"first","15":"outofstock","16":"taxable","17":"shipping-taxable","18":"purchasable","19":"product-type-simple"},"yoast_head":"<!-- This site is optimized with the Yoast SEO Premium plugin v27.4 (Yoast SEO v27.4) - https:\/\/yoast.com\/product\/yoast-seo-premium-wordpress\/ -->\n<title>jcob Type 5 - bikefit.lu<\/title>\n<meta name=\"robots\" content=\"index, follow, max-snippet:-1, max-image-preview:large, max-video-preview:-1\" \/>\n<link rel=\"canonical\" href=\"https:\/\/bikefit.lu\/fr\/product\/jcob-type-5\/\" \/>\n<meta property=\"og:locale\" content=\"fr_FR\" \/>\n<meta property=\"og:type\" content=\"article\" \/>\n<meta property=\"og:title\" content=\"jcob Type 5\" \/>\n<meta property=\"og:description\" content=\"Le nouveau Type 5 est une refonte du classique COBB JOF Fifty-Five, sur lequel les championnats Iron Man ont \u00e9t\u00e9 remport\u00e9s en 2017, 2018 et 2019. Con\u00e7u pour le cycliste s\u00e9rieux qui s&#039;est engag\u00e9 dans une g\u00e9om\u00e9trie de v\u00e9lo avanc\u00e9e. \u00c9labor\u00e9 pour \u00eatre utilis\u00e9 sur le bec de la selle, le cycliste ne fait que se percher \u00e0 l&#039;avant pour ouvrir l&#039;angle de sa cuisse et d\u00e9velopper une grande puissance. Le Type 5 semblera d\u00e9lib\u00e9r\u00e9ment un peu dur lors de vos premi\u00e8res utilisations, mais apr\u00e8s quelques sorties, il dispara\u00eetra sous vous. Il dispose de rails de selle de 105 mm de long, leaders de l&#039;industrie, offrant une large gamme de r\u00e9glages. Le bec fait 55 mm de large, il n&#039;est donc pas n\u00e9cessaire d&#039;utiliser des &quot;attaches rapides&quot; ou d&#039;autres adaptations pour trouver le confort optimal sur cette selle. Si vous aimez rouler avec une chute de guidon agressive pour tromper le vent, la conception \u00e0 bec court est id\u00e9ale, la section \u00e9troite du bec qui s&#039;effile progressivement vers l&#039;arri\u00e8re emp\u00eachera vos cuisses sup\u00e9rieures de s&#039;irriter. Con\u00e7u pour les hommes et les femmes, il comporte de nombreuses caract\u00e9ristiques subtiles qui contribuent \u00e0 une exp\u00e9rience exceptionnelle lors de l&#039;utilisation de cette selle. Nous avons inclus nos fixations d&#039;hydratation arri\u00e8re pour ajouter facilement notre bidon \u00e0 votre v\u00e9lo, la forme incurv\u00e9e unique \u00e0 l&#039;arri\u00e8re vous bercera \u00e9galement pour de meilleures mont\u00e9es. C&#039;est une selle extr\u00eamement populaire pour les courses IM ou pour les sprints courts, elle ouvre votre partie sup\u00e9rieure du corps pour que vous puissiez mieux respirer et r\u00e9aliser les meilleures courses de votre vie.     &nbsp; Cliquez ici pour lire l\u2019article complet.\" \/>\n<meta property=\"og:url\" content=\"https:\/\/bikefit.lu\/fr\/product\/jcob-type-5\/\" \/>\n<meta property=\"og:site_name\" content=\"bikefit.lu\" \/>\n<meta property=\"article:modified_time\" content=\"2025-04-22T11:47:42+00:00\" \/>\n<meta property=\"og:image\" content=\"https:\/\/bikefit.lu\/wp-content\/uploads\/2020\/04\/Type_5_White-side2_2_720x.webp\" \/>\n\t<meta property=\"og:image:width\" content=\"720\" \/>\n\t<meta property=\"og:image:height\" content=\"514\" \/>\n\t<meta property=\"og:image:type\" content=\"image\/webp\" \/>\n<meta name=\"twitter:card\" content=\"summary_large_image\" \/>\n<meta name=\"twitter:label1\" content=\"Prix\" \/>\n\t<meta name=\"twitter:data1\" content=\"215,00&nbsp;&euro;\" \/>\n\t<meta name=\"twitter:label2\" content=\"Disponibilit\u00e9\" \/>\n\t<meta name=\"twitter:data2\" content=\"Rupture de stock\" \/>\n<script type=\"application\/ld+json\" class=\"yoast-schema-graph\">{\"@context\":\"https:\\\/\\\/schema.org\",\"@graph\":[{\"@type\":\"WebPage\",\"@id\":\"https:\\\/\\\/bikefit.lu\\\/fr\\\/product\\\/jcob-type-5\\\/\",\"url\":\"https:\\\/\\\/bikefit.lu\\\/fr\\\/product\\\/jcob-type-5\\\/\",\"name\":\"jcob Type 5 - bikefit.lu\",\"isPartOf\":{\"@id\":\"https:\\\/\\\/bikefit.lu\\\/fr\\\/#website\"},\"primaryImageOfPage\":{\"@id\":\"https:\\\/\\\/bikefit.lu\\\/fr\\\/product\\\/jcob-type-5\\\/#primaryimage\"},\"image\":{\"@id\":\"https:\\\/\\\/bikefit.lu\\\/fr\\\/product\\\/jcob-type-5\\\/#primaryimage\"},\"thumbnailUrl\":\"https:\\\/\\\/bikefit.lu\\\/wp-content\\\/uploads\\\/2020\\\/04\\\/Type_5_White-side2_2_720x.webp\",\"datePublished\":\"2020-04-29T05:21:09+00:00\",\"dateModified\":\"2025-04-22T11:47:42+00:00\",\"breadcrumb\":{\"@id\":\"https:\\\/\\\/bikefit.lu\\\/fr\\\/product\\\/jcob-type-5\\\/#breadcrumb\"},\"inLanguage\":\"fr-FR\",\"potentialAction\":[{\"@type\":\"ReadAction\",\"target\":[\"https:\\\/\\\/bikefit.lu\\\/fr\\\/product\\\/jcob-type-5\\\/\"]}]},{\"@type\":\"ImageObject\",\"inLanguage\":\"fr-FR\",\"@id\":\"https:\\\/\\\/bikefit.lu\\\/fr\\\/product\\\/jcob-type-5\\\/#primaryimage\",\"url\":\"https:\\\/\\\/bikefit.lu\\\/wp-content\\\/uploads\\\/2020\\\/04\\\/Type_5_White-side2_2_720x.webp\",\"contentUrl\":\"https:\\\/\\\/bikefit.lu\\\/wp-content\\\/uploads\\\/2020\\\/04\\\/Type_5_White-side2_2_720x.webp\",\"width\":720,\"height\":514},{\"@type\":\"BreadcrumbList\",\"@id\":\"https:\\\/\\\/bikefit.lu\\\/fr\\\/product\\\/jcob-type-5\\\/#breadcrumb\",\"itemListElement\":[{\"@type\":\"ListItem\",\"position\":1,\"name\":\"Home\",\"item\":\"https:\\\/\\\/bikefit.lu\\\/fr\\\/\"},{\"@type\":\"ListItem\",\"position\":2,\"name\":\"Produits\",\"item\":\"https:\\\/\\\/bikefit.lu\\\/fr\\\/shop\\\/\"},{\"@type\":\"ListItem\",\"position\":3,\"name\":\"jcob Type 5\"}]},{\"@type\":\"WebSite\",\"@id\":\"https:\\\/\\\/bikefit.lu\\\/fr\\\/#website\",\"url\":\"https:\\\/\\\/bikefit.lu\\\/fr\\\/\",\"name\":\"bikefit.lu\",\"description\":\"IMPROVING CYCLING\",\"publisher\":{\"@id\":\"https:\\\/\\\/bikefit.lu\\\/fr\\\/#\\\/schema\\\/person\\\/379af1263474d2f8cd1f41c2bd90273d\"},\"potentialAction\":[{\"@type\":\"SearchAction\",\"target\":{\"@type\":\"EntryPoint\",\"urlTemplate\":\"https:\\\/\\\/bikefit.lu\\\/fr\\\/?s={search_term_string}\"},\"query-input\":{\"@type\":\"PropertyValueSpecification\",\"valueRequired\":true,\"valueName\":\"search_term_string\"}}],\"inLanguage\":\"fr-FR\"},{\"@type\":[\"Person\",\"Organization\"],\"@id\":\"https:\\\/\\\/bikefit.lu\\\/fr\\\/#\\\/schema\\\/person\\\/379af1263474d2f8cd1f41c2bd90273d\",\"name\":\"Patrick Guillaume\",\"image\":{\"@type\":\"ImageObject\",\"inLanguage\":\"fr-FR\",\"@id\":\"https:\\\/\\\/bikefit.lu\\\/wp-content\\\/uploads\\\/2024\\\/12\\\/cropped-bikefit-logoURL-RGB-jpg.jpg\",\"url\":\"https:\\\/\\\/bikefit.lu\\\/wp-content\\\/uploads\\\/2024\\\/12\\\/cropped-bikefit-logoURL-RGB-jpg.jpg\",\"contentUrl\":\"https:\\\/\\\/bikefit.lu\\\/wp-content\\\/uploads\\\/2024\\\/12\\\/cropped-bikefit-logoURL-RGB-jpg.jpg\",\"width\":512,\"height\":512,\"caption\":\"Patrick Guillaume\"},\"logo\":{\"@id\":\"https:\\\/\\\/bikefit.lu\\\/wp-content\\\/uploads\\\/2024\\\/12\\\/cropped-bikefit-logoURL-RGB-jpg.jpg\"},\"sameAs\":[\"https:\\\/\\\/bikefit.lu\"],\"honorificPrefix\":\"Mr\",\"birthDate\":\"1966-11-18\",\"gender\":\"male\",\"knowsAbout\":[\"Bike-fitting\"],\"knowsLanguage\":[\"English\",\"French\",\"German\",\"Luxembourgish\"]}]}<\/script>\n<meta property=\"product:price:amount\" content=\"215.00\" \/>\n<meta property=\"product:price:currency\" content=\"EUR\" \/>\n<meta property=\"og:availability\" content=\"out of stock\" \/>\n<meta property=\"product:availability\" content=\"out of stock\" \/>\n<meta property=\"product:condition\" content=\"new\" \/>\n<!-- \/ Yoast SEO Premium plugin. -->","yoast_head_json":{"title":"jcob Type 5 - bikefit.lu","robots":{"index":"index","follow":"follow","max-snippet":"max-snippet:-1","max-image-preview":"max-image-preview:large","max-video-preview":"max-video-preview:-1"},"canonical":"https:\/\/bikefit.lu\/fr\/product\/jcob-type-5\/","og_locale":"fr_FR","og_type":"article","og_title":"jcob Type 5","og_description":"Le nouveau Type 5 est une refonte du classique COBB JOF Fifty-Five, sur lequel les championnats Iron Man ont \u00e9t\u00e9 remport\u00e9s en 2017, 2018 et 2019. Con\u00e7u pour le cycliste s\u00e9rieux qui s'est engag\u00e9 dans une g\u00e9om\u00e9trie de v\u00e9lo avanc\u00e9e. \u00c9labor\u00e9 pour \u00eatre utilis\u00e9 sur le bec de la selle, le cycliste ne fait que se percher \u00e0 l'avant pour ouvrir l'angle de sa cuisse et d\u00e9velopper une grande puissance. Le Type 5 semblera d\u00e9lib\u00e9r\u00e9ment un peu dur lors de vos premi\u00e8res utilisations, mais apr\u00e8s quelques sorties, il dispara\u00eetra sous vous. Il dispose de rails de selle de 105 mm de long, leaders de l'industrie, offrant une large gamme de r\u00e9glages. Le bec fait 55 mm de large, il n'est donc pas n\u00e9cessaire d'utiliser des \"attaches rapides\" ou d'autres adaptations pour trouver le confort optimal sur cette selle. Si vous aimez rouler avec une chute de guidon agressive pour tromper le vent, la conception \u00e0 bec court est id\u00e9ale, la section \u00e9troite du bec qui s'effile progressivement vers l'arri\u00e8re emp\u00eachera vos cuisses sup\u00e9rieures de s'irriter. Con\u00e7u pour les hommes et les femmes, il comporte de nombreuses caract\u00e9ristiques subtiles qui contribuent \u00e0 une exp\u00e9rience exceptionnelle lors de l'utilisation de cette selle. Nous avons inclus nos fixations d'hydratation arri\u00e8re pour ajouter facilement notre bidon \u00e0 votre v\u00e9lo, la forme incurv\u00e9e unique \u00e0 l'arri\u00e8re vous bercera \u00e9galement pour de meilleures mont\u00e9es. C'est une selle extr\u00eamement populaire pour les courses IM ou pour les sprints courts, elle ouvre votre partie sup\u00e9rieure du corps pour que vous puissiez mieux respirer et r\u00e9aliser les meilleures courses de votre vie.     &nbsp; Cliquez ici pour lire l\u2019article complet.","og_url":"https:\/\/bikefit.lu\/fr\/product\/jcob-type-5\/","og_site_name":"bikefit.lu","article_modified_time":"2025-04-22T11:47:42+00:00","og_image":[{"width":720,"height":514,"url":"https:\/\/bikefit.lu\/wp-content\/uploads\/2020\/04\/Type_5_White-side2_2_720x.webp","type":"image\/webp"}],"twitter_card":"summary_large_image","twitter_misc":{"Prix":"215,00&nbsp;&euro;","Disponibilit\u00e9":"Rupture de stock"},"schema":{"@context":"https:\/\/schema.org","@graph":[{"@type":"WebPage","@id":"https:\/\/bikefit.lu\/fr\/product\/jcob-type-5\/","url":"https:\/\/bikefit.lu\/fr\/product\/jcob-type-5\/","name":"jcob Type 5 - bikefit.lu","isPartOf":{"@id":"https:\/\/bikefit.lu\/fr\/#website"},"primaryImageOfPage":{"@id":"https:\/\/bikefit.lu\/fr\/product\/jcob-type-5\/#primaryimage"},"image":{"@id":"https:\/\/bikefit.lu\/fr\/product\/jcob-type-5\/#primaryimage"},"thumbnailUrl":"https:\/\/bikefit.lu\/wp-content\/uploads\/2020\/04\/Type_5_White-side2_2_720x.webp","datePublished":"2020-04-29T05:21:09+00:00","dateModified":"2025-04-22T11:47:42+00:00","breadcrumb":{"@id":"https:\/\/bikefit.lu\/fr\/product\/jcob-type-5\/#breadcrumb"},"inLanguage":"fr-FR","potentialAction":[{"@type":"ReadAction","target":["https:\/\/bikefit.lu\/fr\/product\/jcob-type-5\/"]}]},{"@type":"ImageObject","inLanguage":"fr-FR","@id":"https:\/\/bikefit.lu\/fr\/product\/jcob-type-5\/#primaryimage","url":"https:\/\/bikefit.lu\/wp-content\/uploads\/2020\/04\/Type_5_White-side2_2_720x.webp","contentUrl":"https:\/\/bikefit.lu\/wp-content\/uploads\/2020\/04\/Type_5_White-side2_2_720x.webp","width":720,"height":514},{"@type":"BreadcrumbList","@id":"https:\/\/bikefit.lu\/fr\/product\/jcob-type-5\/#breadcrumb","itemListElement":[{"@type":"ListItem","position":1,"name":"Home","item":"https:\/\/bikefit.lu\/fr\/"},{"@type":"ListItem","position":2,"name":"Produits","item":"https:\/\/bikefit.lu\/fr\/shop\/"},{"@type":"ListItem","position":3,"name":"jcob Type 5"}]},{"@type":"WebSite","@id":"https:\/\/bikefit.lu\/fr\/#website","url":"https:\/\/bikefit.lu\/fr\/","name":"bikefit.lu","description":"IMPROVING CYCLING","publisher":{"@id":"https:\/\/bikefit.lu\/fr\/#\/schema\/person\/379af1263474d2f8cd1f41c2bd90273d"},"potentialAction":[{"@type":"SearchAction","target":{"@type":"EntryPoint","urlTemplate":"https:\/\/bikefit.lu\/fr\/?s={search_term_string}"},"query-input":{"@type":"PropertyValueSpecification","valueRequired":true,"valueName":"search_term_string"}}],"inLanguage":"fr-FR"},{"@type":["Person","Organization"],"@id":"https:\/\/bikefit.lu\/fr\/#\/schema\/person\/379af1263474d2f8cd1f41c2bd90273d","name":"Patrick Guillaume","image":{"@type":"ImageObject","inLanguage":"fr-FR","@id":"https:\/\/bikefit.lu\/wp-content\/uploads\/2024\/12\/cropped-bikefit-logoURL-RGB-jpg.jpg","url":"https:\/\/bikefit.lu\/wp-content\/uploads\/2024\/12\/cropped-bikefit-logoURL-RGB-jpg.jpg","contentUrl":"https:\/\/bikefit.lu\/wp-content\/uploads\/2024\/12\/cropped-bikefit-logoURL-RGB-jpg.jpg","width":512,"height":512,"caption":"Patrick Guillaume"},"logo":{"@id":"https:\/\/bikefit.lu\/wp-content\/uploads\/2024\/12\/cropped-bikefit-logoURL-RGB-jpg.jpg"},"sameAs":["https:\/\/bikefit.lu"],"honorificPrefix":"Mr","birthDate":"1966-11-18","gender":"male","knowsAbout":["Bike-fitting"],"knowsLanguage":["English","French","German","Luxembourgish"]}]},"product_price_amount":"215.00","product_price_currency":"EUR","og_availability":"out of stock","product_availability":"out of stock","product_condition":"new"},"_links":{"self":[{"href":"https:\/\/bikefit.lu\/fr\/wp-json\/wp\/v2\/product\/81902","targetHints":{"allow":["GET"]}}],"collection":[{"href":"https:\/\/bikefit.lu\/fr\/wp-json\/wp\/v2\/product"}],"about":[{"href":"https:\/\/bikefit.lu\/fr\/wp-json\/wp\/v2\/types\/product"}],"replies":[{"embeddable":true,"href":"https:\/\/bikefit.lu\/fr\/wp-json\/wp\/v2\/comments?post=81902"}],"version-history":[{"count":0,"href":"https:\/\/bikefit.lu\/fr\/wp-json\/wp\/v2\/product\/81902\/revisions"}],"wp:featuredmedia":[{"embeddable":true,"href":"https:\/\/bikefit.lu\/fr\/wp-json\/wp\/v2\/media\/88889"}],"wp:attachment":[{"href":"https:\/\/bikefit.lu\/fr\/wp-json\/wp\/v2\/media?parent=81902"}],"wp:term":[{"taxonomy":"product_brand","embeddable":true,"href":"https:\/\/bikefit.lu\/fr\/wp-json\/wp\/v2\/product_brand?post=81902"},{"taxonomy":"product_cat","embeddable":true,"href":"https:\/\/bikefit.lu\/fr\/wp-json\/wp\/v2\/product_cat?post=81902"},{"taxonomy":"product_tag","embeddable":true,"href":"https:\/\/bikefit.lu\/fr\/wp-json\/wp\/v2\/product_tag?post=81902"}],"curies":[{"name":"wp","href":"https:\/\/api.w.org\/{rel}","templated":true}]}}