{"id":90389,"date":"2025-02-05T09:43:13","date_gmt":"2025-02-05T09:43:13","guid":{"rendered":"https:\/\/bikefit.lu\/?post_type=product&#038;p=90389"},"modified":"2025-06-02T13:49:23","modified_gmt":"2025-06-02T11:49:23","slug":"mx239-black-black","status":"publish","type":"product","link":"https:\/\/bikefit.lu\/fr\/product\/mx239-black-black\/","title":{"rendered":"MX239 Black\/Black"},"content":{"rendered":"<p><strong>Forme :<\/strong> MX Competition. Pr\u00e9sentant un espace plus large pour les orteils et un talon plus ajust\u00e9 que la forme Comfort, tout en offrant un volume global l\u00e9g\u00e8rement sup\u00e9rieur \u00e0 la forme Sport. Elle procure une s\u00e9curit\u00e9 exceptionnelle pour une pratique intense et la comp\u00e9tition, avec suffisamment d&#8217;espace dans la zone des orteils pour \u00e9viter toute compression lors de mont\u00e9es \u00e0 pied ou de passages en portage. Con\u00e7ue pour la pratique sportive et la comp\u00e9tition.   <\/p>\n<p><strong>Tige :<\/strong> Cette derni\u00e8re chaussure haute performance pour le tout-terrain est disponible avec une tige en microfibre Clarino ou en cuir Helcor, dot\u00e9e d&#8217;un maillage et d&#8217;une doublure de talon Outlast. Le cuir Helcor r\u00e9sistant \u00e0 l&#8217;abrasion est sp\u00e9cifiquement con\u00e7u pour une durabilit\u00e9 exceptionnelle face aux frottements, aux \u00e9raflures et aux frictions. La microfibre Clarino est incroyablement robuste et r\u00e9siliente, r\u00e9sistant \u00e0 l&#8217;usure des longues randonn\u00e9es sur tous les terrains tout en conservant sa forme et sa stabilit\u00e9. Elle est \u00e9galement plus l\u00e9g\u00e8re que le cuir pleine fleur et plus durable dans des \u00e9paisseurs moindres, permettant \u00e0 Lake de cr\u00e9er une chaussure de cyclisme qui reste stable dans toutes les conditions de pratique et r\u00e9siste \u00e0 l&#8217;\u00e9preuve du temps.   <\/p>\n<p>Envelopp\u00e9e dans le confort l\u00e9gendaire de Lake, la doublure de talon et de languette thermor\u00e9gulatrice Outlast offre une sensation luxueuse tout en assurant respirabilit\u00e9, durabilit\u00e9 et une prise ferme sur le pied.<\/p>\n<p><strong>Semelle ext\u00e9rieure :<\/strong> La semelle Lake Competition 100% fibre de carbone, associ\u00e9e \u00e0 leur semelle en caoutchouc v\u00e9ritable Mountain Competition, offre une protection \u00e9tendue et une stabilit\u00e9 au sol. Cette protection suppl\u00e9mentaire de la semelle ext\u00e9rieure am\u00e9liore la stabilit\u00e9 sur tous types de surfaces tout en d\u00e9livrant la performance n\u00e9cessaire sur les p\u00e9dales. <\/p>\n<p><strong>Fermeture :<\/strong> Syst\u00e8me de serrage BOA\u00ae Fit Li2. Les molettes Li2 repr\u00e9sentent la plateforme la plus avanc\u00e9e dans le cyclisme, offrant un ajustement pr\u00e9cis et micro-r\u00e9glable dans les deux sens tout en \u00e9tant con\u00e7ues pour r\u00e9sister \u00e0 l&#8217;abrasion. Aucun \u00e9l\u00e9ment unique ne d\u00e9finit \u00e0 lui seul l&#8217;ajustement d&#8217;une chaussure\u2014la fermeture et le confort d\u00e9pendent de multiples facteurs.  <\/p>\n<p>C&#8217;est pourquoi Lake prend le temps de concevoir des chaussures avec ce qu&#8217;ils consid\u00e8rent \u00eatre la meilleure combinaison de syst\u00e8mes de confort et de fermeture. Bien que le syst\u00e8me de serrage double BOA\u00ae Fit ne soit pas unique au cyclisme, c&#8217;est leur int\u00e9gration pr\u00e9cise de ce syst\u00e8me de molettes avec un travail de motif avanc\u00e9, des formes de chaussures de classe mondiale et des mat\u00e9riaux sup\u00e9rieurs pour la tige qui distingue leurs chaussures. Cette attention aux d\u00e9tails est ce qui fait que les chaussures Lake sont reconnues mondialement comme \u00e9tant parmi les chaussures de cyclisme haute performance les mieux ajust\u00e9es et les plus confortables.  <\/p>\n<p><strong>Pointures :<\/strong> pointures enti\u00e8res de 37 \u00e0 50, 52, demi-pointures de 39,5 \u00e0 46,5.<\/p>\n<p>Pour vous aider \u00e0 trouver la bonne taille, rendez-vous sur <a href=\"https:\/\/lakecycling.com\/pages\/sizing-charts\" target=\"_blank\" rel=\"noopener noreferrer nofollow\">cette page<\/a> ou contactez-moi.<\/p>\n","protected":false},"excerpt":{"rendered":"<p class=\"ai-optimize-38\"><strong>La MX239 est la derni\u00e8re version de la chaussure de cyclisme tout-terrain la plus populaire de Lake. Cette nouvelle \u00e9volution int\u00e8gre certaines caract\u00e9ristiques de la MX333 \u00e0 succ\u00e8s, pr\u00e9sentant d\u00e9sormais une languette int\u00e9gr\u00e9e connect\u00e9e au panneau m\u00e9dial de la tige pour un maintien plus ferme du pied. Elle comprend \u00e9galement un contrefort interne renforc\u00e9 de fibre de verre pour un maintien plus serr\u00e9 du talon, ainsi qu&#8217;un espacement accru entre les molettes BOA\u00ae pour un meilleur ajustement par zone sur toute la longueur de la chaussure. Cela \u00e9l\u00e8ve l&#8217;une de leurs chaussures de cyclisme pr\u00e9f\u00e9r\u00e9es \u00e0 un tout nouveau niveau de confort et de performance pour affronter les pistes et les sentiers en VTT.   <\/strong><\/p>\n","protected":false},"featured_media":90581,"comment_status":"closed","ping_status":"closed","template":"","meta":[],"product_brand":[],"product_cat":[4818,4819,5648],"product_tag":[4975,4822,5649,4824],"class_list":{"0":"post-90389","1":"product","2":"type-product","3":"status-publish","4":"has-post-thumbnail","6":"product_cat-lake-shoes-fr","7":"product_cat-chaussures-offroad","8":"product_cat-mx239-fr","9":"product_tag-black-black-fr","10":"product_tag-lake-cycling-fr","11":"product_tag-mx239-fr","12":"product_tag-offroad-fr","13":"product_shipping_class-large-items-fr","14":"pa_size-37-fr","15":"pa_size-38-fr","16":"pa_size-39-fr","17":"pa_size-39-5-fr","18":"pa_size-40-fr","19":"pa_size-40-5-fr","20":"pa_size-41-fr","21":"pa_size-41-5-fr","22":"pa_size-42-fr","23":"pa_size-42-5-fr","24":"pa_size-43-fr","25":"pa_size-43-5-fr","26":"pa_size-44-fr","27":"pa_size-44-5-fr","28":"pa_size-45-fr","29":"pa_size-45-5-fr","30":"pa_size-46-fr","31":"pa_size-46-5-fr","32":"pa_size-47-fr","33":"pa_size-48-fr","34":"pa_size-49-fr","35":"pa_size-50-fr","36":"pa_size-52-fr","37":"pa_width-regular-fr","38":"pa_width-wide-fr","40":"first","41":"instock","42":"taxable","43":"shipping-taxable","44":"purchasable","45":"product-type-variable"},"yoast_head":"<!-- This site is optimized with the Yoast SEO Premium plugin v27.3 (Yoast SEO v27.3) - https:\/\/yoast.com\/product\/yoast-seo-premium-wordpress\/ -->\n<title>MX239 Black\/Black - bikefit.lu<\/title>\n<meta name=\"robots\" content=\"index, follow, max-snippet:-1, max-image-preview:large, max-video-preview:-1\" \/>\n<link rel=\"canonical\" href=\"https:\/\/bikefit.lu\/fr\/product\/mx239-black-black\/\" \/>\n<meta property=\"og:locale\" content=\"fr_FR\" \/>\n<meta property=\"og:type\" content=\"article\" \/>\n<meta property=\"og:title\" content=\"MX239 Black\/Black\" \/>\n<meta property=\"og:description\" content=\"La MX239 est la derni\u00e8re version de la chaussure de cyclisme tout-terrain la plus populaire de Lake. Cette nouvelle \u00e9volution int\u00e8gre certaines caract\u00e9ristiques de la MX333 \u00e0 succ\u00e8s, pr\u00e9sentant d\u00e9sormais une languette int\u00e9gr\u00e9e connect\u00e9e au panneau m\u00e9dial de la tige pour un maintien plus ferme du pied. Elle comprend \u00e9galement un contrefort interne renforc\u00e9 de fibre de verre pour un maintien plus serr\u00e9 du talon, ainsi qu&#039;un espacement accru entre les molettes BOA\u00ae pour un meilleur ajustement par zone sur toute la longueur de la chaussure. Cela \u00e9l\u00e8ve l&#039;une de leurs chaussures de cyclisme pr\u00e9f\u00e9r\u00e9es \u00e0 un tout nouveau niveau de confort et de performance pour affronter les pistes et les sentiers en VTT.\" \/>\n<meta property=\"og:url\" content=\"https:\/\/bikefit.lu\/fr\/product\/mx239-black-black\/\" \/>\n<meta property=\"og:site_name\" content=\"bikefit.lu\" \/>\n<meta property=\"article:modified_time\" content=\"2025-06-02T11:49:23+00:00\" \/>\n<meta property=\"og:image\" content=\"https:\/\/bikefit.lu\/wp-content\/uploads\/2025\/02\/MX239-BLK-BLK-FRNT.webp\" \/>\n\t<meta property=\"og:image:width\" content=\"1800\" \/>\n\t<meta property=\"og:image:height\" content=\"1344\" \/>\n\t<meta property=\"og:image:type\" content=\"image\/webp\" \/>\n<meta name=\"twitter:card\" content=\"summary_large_image\" \/>\n<meta name=\"twitter:label1\" content=\"Disponibilit\u00e9\" \/>\n\t<meta name=\"twitter:data1\" content=\"En stock\" \/>\n<script type=\"application\/ld+json\" class=\"yoast-schema-graph\">{\"@context\":\"https:\\\/\\\/schema.org\",\"@graph\":[{\"@type\":\"WebPage\",\"@id\":\"https:\\\/\\\/bikefit.lu\\\/fr\\\/product\\\/mx239-black-black\\\/\",\"url\":\"https:\\\/\\\/bikefit.lu\\\/fr\\\/product\\\/mx239-black-black\\\/\",\"name\":\"MX239 Black\\\/Black - bikefit.lu\",\"isPartOf\":{\"@id\":\"https:\\\/\\\/bikefit.lu\\\/fr\\\/#website\"},\"primaryImageOfPage\":{\"@id\":\"https:\\\/\\\/bikefit.lu\\\/fr\\\/product\\\/mx239-black-black\\\/#primaryimage\"},\"image\":{\"@id\":\"https:\\\/\\\/bikefit.lu\\\/fr\\\/product\\\/mx239-black-black\\\/#primaryimage\"},\"thumbnailUrl\":\"https:\\\/\\\/bikefit.lu\\\/wp-content\\\/uploads\\\/2025\\\/02\\\/MX239-BLK-BLK-FRNT.webp\",\"datePublished\":\"2025-02-05T09:43:13+00:00\",\"dateModified\":\"2025-06-02T11:49:23+00:00\",\"breadcrumb\":{\"@id\":\"https:\\\/\\\/bikefit.lu\\\/fr\\\/product\\\/mx239-black-black\\\/#breadcrumb\"},\"inLanguage\":\"fr-FR\",\"potentialAction\":[{\"@type\":\"ReadAction\",\"target\":[\"https:\\\/\\\/bikefit.lu\\\/fr\\\/product\\\/mx239-black-black\\\/\"]}]},{\"@type\":\"ImageObject\",\"inLanguage\":\"fr-FR\",\"@id\":\"https:\\\/\\\/bikefit.lu\\\/fr\\\/product\\\/mx239-black-black\\\/#primaryimage\",\"url\":\"https:\\\/\\\/bikefit.lu\\\/wp-content\\\/uploads\\\/2025\\\/02\\\/MX239-BLK-BLK-FRNT.webp\",\"contentUrl\":\"https:\\\/\\\/bikefit.lu\\\/wp-content\\\/uploads\\\/2025\\\/02\\\/MX239-BLK-BLK-FRNT.webp\",\"width\":1800,\"height\":1344},{\"@type\":\"BreadcrumbList\",\"@id\":\"https:\\\/\\\/bikefit.lu\\\/fr\\\/product\\\/mx239-black-black\\\/#breadcrumb\",\"itemListElement\":[{\"@type\":\"ListItem\",\"position\":1,\"name\":\"Home\",\"item\":\"https:\\\/\\\/bikefit.lu\\\/fr\\\/\"},{\"@type\":\"ListItem\",\"position\":2,\"name\":\"Produits\",\"item\":\"https:\\\/\\\/bikefit.lu\\\/fr\\\/shop\\\/\"},{\"@type\":\"ListItem\",\"position\":3,\"name\":\"MX239 Black\\\/Black\"}]},{\"@type\":\"WebSite\",\"@id\":\"https:\\\/\\\/bikefit.lu\\\/fr\\\/#website\",\"url\":\"https:\\\/\\\/bikefit.lu\\\/fr\\\/\",\"name\":\"bikefit.lu\",\"description\":\"IMPROVING CYCLING\",\"publisher\":{\"@id\":\"https:\\\/\\\/bikefit.lu\\\/fr\\\/#\\\/schema\\\/person\\\/379af1263474d2f8cd1f41c2bd90273d\"},\"potentialAction\":[{\"@type\":\"SearchAction\",\"target\":{\"@type\":\"EntryPoint\",\"urlTemplate\":\"https:\\\/\\\/bikefit.lu\\\/fr\\\/?s={search_term_string}\"},\"query-input\":{\"@type\":\"PropertyValueSpecification\",\"valueRequired\":true,\"valueName\":\"search_term_string\"}}],\"inLanguage\":\"fr-FR\"},{\"@type\":[\"Person\",\"Organization\"],\"@id\":\"https:\\\/\\\/bikefit.lu\\\/fr\\\/#\\\/schema\\\/person\\\/379af1263474d2f8cd1f41c2bd90273d\",\"name\":\"Patrick Guillaume\",\"image\":{\"@type\":\"ImageObject\",\"inLanguage\":\"fr-FR\",\"@id\":\"https:\\\/\\\/bikefit.lu\\\/wp-content\\\/uploads\\\/2024\\\/12\\\/cropped-bikefit-logoURL-RGB-jpg.jpg\",\"url\":\"https:\\\/\\\/bikefit.lu\\\/wp-content\\\/uploads\\\/2024\\\/12\\\/cropped-bikefit-logoURL-RGB-jpg.jpg\",\"contentUrl\":\"https:\\\/\\\/bikefit.lu\\\/wp-content\\\/uploads\\\/2024\\\/12\\\/cropped-bikefit-logoURL-RGB-jpg.jpg\",\"width\":512,\"height\":512,\"caption\":\"Patrick Guillaume\"},\"logo\":{\"@id\":\"https:\\\/\\\/bikefit.lu\\\/wp-content\\\/uploads\\\/2024\\\/12\\\/cropped-bikefit-logoURL-RGB-jpg.jpg\"},\"sameAs\":[\"https:\\\/\\\/bikefit.lu\"],\"honorificPrefix\":\"Mr\",\"birthDate\":\"1966-11-18\",\"gender\":\"male\",\"knowsAbout\":[\"Bike-fitting\"],\"knowsLanguage\":[\"English\",\"French\",\"German\",\"Luxembourgish\"]}]}<\/script>\n<meta property=\"og:availability\" content=\"instock\" \/>\n<meta property=\"product:availability\" content=\"instock\" \/>\n<meta property=\"product:condition\" content=\"new\" \/>\n<!-- \/ Yoast SEO Premium plugin. -->","yoast_head_json":{"title":"MX239 Black\/Black - bikefit.lu","robots":{"index":"index","follow":"follow","max-snippet":"max-snippet:-1","max-image-preview":"max-image-preview:large","max-video-preview":"max-video-preview:-1"},"canonical":"https:\/\/bikefit.lu\/fr\/product\/mx239-black-black\/","og_locale":"fr_FR","og_type":"article","og_title":"MX239 Black\/Black","og_description":"La MX239 est la derni\u00e8re version de la chaussure de cyclisme tout-terrain la plus populaire de Lake. Cette nouvelle \u00e9volution int\u00e8gre certaines caract\u00e9ristiques de la MX333 \u00e0 succ\u00e8s, pr\u00e9sentant d\u00e9sormais une languette int\u00e9gr\u00e9e connect\u00e9e au panneau m\u00e9dial de la tige pour un maintien plus ferme du pied. Elle comprend \u00e9galement un contrefort interne renforc\u00e9 de fibre de verre pour un maintien plus serr\u00e9 du talon, ainsi qu'un espacement accru entre les molettes BOA\u00ae pour un meilleur ajustement par zone sur toute la longueur de la chaussure. Cela \u00e9l\u00e8ve l'une de leurs chaussures de cyclisme pr\u00e9f\u00e9r\u00e9es \u00e0 un tout nouveau niveau de confort et de performance pour affronter les pistes et les sentiers en VTT.","og_url":"https:\/\/bikefit.lu\/fr\/product\/mx239-black-black\/","og_site_name":"bikefit.lu","article_modified_time":"2025-06-02T11:49:23+00:00","og_image":[{"width":1800,"height":1344,"url":"https:\/\/bikefit.lu\/wp-content\/uploads\/2025\/02\/MX239-BLK-BLK-FRNT.webp","type":"image\/webp"}],"twitter_card":"summary_large_image","twitter_misc":{"Disponibilit\u00e9":"En stock"},"schema":{"@context":"https:\/\/schema.org","@graph":[{"@type":"WebPage","@id":"https:\/\/bikefit.lu\/fr\/product\/mx239-black-black\/","url":"https:\/\/bikefit.lu\/fr\/product\/mx239-black-black\/","name":"MX239 Black\/Black - bikefit.lu","isPartOf":{"@id":"https:\/\/bikefit.lu\/fr\/#website"},"primaryImageOfPage":{"@id":"https:\/\/bikefit.lu\/fr\/product\/mx239-black-black\/#primaryimage"},"image":{"@id":"https:\/\/bikefit.lu\/fr\/product\/mx239-black-black\/#primaryimage"},"thumbnailUrl":"https:\/\/bikefit.lu\/wp-content\/uploads\/2025\/02\/MX239-BLK-BLK-FRNT.webp","datePublished":"2025-02-05T09:43:13+00:00","dateModified":"2025-06-02T11:49:23+00:00","breadcrumb":{"@id":"https:\/\/bikefit.lu\/fr\/product\/mx239-black-black\/#breadcrumb"},"inLanguage":"fr-FR","potentialAction":[{"@type":"ReadAction","target":["https:\/\/bikefit.lu\/fr\/product\/mx239-black-black\/"]}]},{"@type":"ImageObject","inLanguage":"fr-FR","@id":"https:\/\/bikefit.lu\/fr\/product\/mx239-black-black\/#primaryimage","url":"https:\/\/bikefit.lu\/wp-content\/uploads\/2025\/02\/MX239-BLK-BLK-FRNT.webp","contentUrl":"https:\/\/bikefit.lu\/wp-content\/uploads\/2025\/02\/MX239-BLK-BLK-FRNT.webp","width":1800,"height":1344},{"@type":"BreadcrumbList","@id":"https:\/\/bikefit.lu\/fr\/product\/mx239-black-black\/#breadcrumb","itemListElement":[{"@type":"ListItem","position":1,"name":"Home","item":"https:\/\/bikefit.lu\/fr\/"},{"@type":"ListItem","position":2,"name":"Produits","item":"https:\/\/bikefit.lu\/fr\/shop\/"},{"@type":"ListItem","position":3,"name":"MX239 Black\/Black"}]},{"@type":"WebSite","@id":"https:\/\/bikefit.lu\/fr\/#website","url":"https:\/\/bikefit.lu\/fr\/","name":"bikefit.lu","description":"IMPROVING CYCLING","publisher":{"@id":"https:\/\/bikefit.lu\/fr\/#\/schema\/person\/379af1263474d2f8cd1f41c2bd90273d"},"potentialAction":[{"@type":"SearchAction","target":{"@type":"EntryPoint","urlTemplate":"https:\/\/bikefit.lu\/fr\/?s={search_term_string}"},"query-input":{"@type":"PropertyValueSpecification","valueRequired":true,"valueName":"search_term_string"}}],"inLanguage":"fr-FR"},{"@type":["Person","Organization"],"@id":"https:\/\/bikefit.lu\/fr\/#\/schema\/person\/379af1263474d2f8cd1f41c2bd90273d","name":"Patrick Guillaume","image":{"@type":"ImageObject","inLanguage":"fr-FR","@id":"https:\/\/bikefit.lu\/wp-content\/uploads\/2024\/12\/cropped-bikefit-logoURL-RGB-jpg.jpg","url":"https:\/\/bikefit.lu\/wp-content\/uploads\/2024\/12\/cropped-bikefit-logoURL-RGB-jpg.jpg","contentUrl":"https:\/\/bikefit.lu\/wp-content\/uploads\/2024\/12\/cropped-bikefit-logoURL-RGB-jpg.jpg","width":512,"height":512,"caption":"Patrick Guillaume"},"logo":{"@id":"https:\/\/bikefit.lu\/wp-content\/uploads\/2024\/12\/cropped-bikefit-logoURL-RGB-jpg.jpg"},"sameAs":["https:\/\/bikefit.lu"],"honorificPrefix":"Mr","birthDate":"1966-11-18","gender":"male","knowsAbout":["Bike-fitting"],"knowsLanguage":["English","French","German","Luxembourgish"]}]},"og_availability":"instock","product_availability":"instock","product_condition":"new"},"_links":{"self":[{"href":"https:\/\/bikefit.lu\/fr\/wp-json\/wp\/v2\/product\/90389","targetHints":{"allow":["GET"]}}],"collection":[{"href":"https:\/\/bikefit.lu\/fr\/wp-json\/wp\/v2\/product"}],"about":[{"href":"https:\/\/bikefit.lu\/fr\/wp-json\/wp\/v2\/types\/product"}],"replies":[{"embeddable":true,"href":"https:\/\/bikefit.lu\/fr\/wp-json\/wp\/v2\/comments?post=90389"}],"version-history":[{"count":0,"href":"https:\/\/bikefit.lu\/fr\/wp-json\/wp\/v2\/product\/90389\/revisions"}],"wp:featuredmedia":[{"embeddable":true,"href":"https:\/\/bikefit.lu\/fr\/wp-json\/wp\/v2\/media\/90581"}],"wp:attachment":[{"href":"https:\/\/bikefit.lu\/fr\/wp-json\/wp\/v2\/media?parent=90389"}],"wp:term":[{"taxonomy":"product_brand","embeddable":true,"href":"https:\/\/bikefit.lu\/fr\/wp-json\/wp\/v2\/product_brand?post=90389"},{"taxonomy":"product_cat","embeddable":true,"href":"https:\/\/bikefit.lu\/fr\/wp-json\/wp\/v2\/product_cat?post=90389"},{"taxonomy":"product_tag","embeddable":true,"href":"https:\/\/bikefit.lu\/fr\/wp-json\/wp\/v2\/product_tag?post=90389"}],"curies":[{"name":"wp","href":"https:\/\/api.w.org\/{rel}","templated":true}]}}