{"id":91070,"date":"2025-02-06T09:10:56","date_gmt":"2025-02-06T09:10:56","guid":{"rendered":"https:\/\/bikefit.lu\/?post_type=product&#038;p=91070"},"modified":"2025-06-02T12:42:14","modified_gmt":"2025-06-02T10:42:14","slug":"mx239-gravel-stone-black-microfiber","status":"publish","type":"product","link":"https:\/\/bikefit.lu\/fr\/product\/mx239-gravel-stone-black-microfiber\/","title":{"rendered":"MX239 Gravel Stone\/Black Microfibre"},"content":{"rendered":"<p><strong>Forme :<\/strong> <strong>MX Competition<\/strong> \u2013 La MX239 Gravel de Lake pr\u00e9sente une bo\u00eete \u00e0 orteils plus large et un talon plus ajust\u00e9 que la forme Comfort, avec un volume global l\u00e9g\u00e8rement sup\u00e9rieur \u00e0 celui de la forme Sport de Lake. Il s&#8217;agit d&#8217;une chaussure de cyclisme exceptionnellement s\u00e9curis\u00e9e, vous offrant cette confiance suppl\u00e9mentaire sur les terrains meubles, o\u00f9 la stabilit\u00e9 est primordiale lors de la conduite intense et de la comp\u00e9tition. <\/p>\n<p>La chaussure offre suffisamment d&#8217;espace dans la bo\u00eete \u00e0 orteils pour \u00e9viter toute compression lors de la mont\u00e9e d&#8217;inclinaisons ou de la navigation sur des sections techniques n\u00e9cessitant de marcher \u00e0 c\u00f4t\u00e9 du v\u00e9lo. La bo\u00eete \u00e0 orteils plus large permet un ajustement plus naturel et une plateforme plus adapt\u00e9e pour vos pieds. <\/p>\n<p>La forme MX Competition de Lake garantit que la chaussure MX239 Gravel est con\u00e7ue pour maximiser les performances lors des aventures tout-terrain et des courses sur terrains accident\u00e9s.<\/p>\n<p><strong>Tige :<\/strong> Cette derni\u00e8re chaussure de cyclisme gravel haute performance de Lake est disponible en microfibre Clarino ou en cuir recycl\u00e9 avec maille, panneaux en cuir Helcor r\u00e9sistant \u00e0 l&#8217;abrasion, et une doublure de talon Outlast. Dans ses efforts continus pour utiliser les meilleurs mat\u00e9riaux disponibles et en collaborant avec des fournisseurs de mat\u00e9riaux de classe mondiale, la marque s&#8217;engage \u00e9galement en faveur de la durabilit\u00e9 dans ses derniers produits. <\/p>\n<p>Lake con\u00e7oit ses chaussures pour qu&#8217;elles soient durables et r\u00e9parables, assurant ainsi une utilisation \u00e0 long terme. La marque est v\u00e9ritablement fi\u00e8re d&#8217;introduire le cuir recycl\u00e9 (coloris noir\/or) dans le monde de la chaussure de cyclisme. Performance, style et durabilit\u00e9 sont possibles &#8211; avec les chaussures de cyclisme Lake.  <\/p>\n<p><strong>Semelle ext\u00e9rieure : <\/strong>Semelle 100% fibre de carbone Lake Competition, combin\u00e9e \u00e0 notre semelle en caoutchouc v\u00e9ritable Mountain Race X. Cette protection suppl\u00e9mentaire de la semelle ext\u00e9rieure am\u00e9liore la stabilit\u00e9 sur tous les types de surfaces tout en offrant les performances n\u00e9cessaires sur les p\u00e9dales. <\/p>\n<p><strong>Fermeture :<\/strong> Syst\u00e8me de serrage BOA\u00ae Fit Li2. Les molettes Li2 repr\u00e9sentent la plateforme la plus avanc\u00e9e dans le cyclisme, offrant un ajustement pr\u00e9cis et micro-r\u00e9glable dans les deux sens tout en \u00e9tant con\u00e7ues pour r\u00e9sister \u00e0 l&#8217;abrasion. Aucun \u00e9l\u00e9ment unique ne d\u00e9finit \u00e0 lui seul l&#8217;ajustement d&#8217;une chaussure\u2014la fermeture et le confort d\u00e9pendent de multiples facteurs.  <\/p>\n<p>C&#8217;est pourquoi Lake prend le temps de concevoir des chaussures avec ce qu&#8217;ils consid\u00e8rent \u00eatre la meilleure combinaison de syst\u00e8mes de confort et de fermeture. Bien que le syst\u00e8me de serrage double BOA\u00ae Fit ne soit pas unique au cyclisme, c&#8217;est leur int\u00e9gration pr\u00e9cise de ce syst\u00e8me de molettes avec un travail de motif avanc\u00e9, des formes de chaussures de classe mondiale et des mat\u00e9riaux sup\u00e9rieurs pour la tige qui distingue leurs chaussures. Cette attention aux d\u00e9tails est ce qui fait que les chaussures Lake sont reconnues mondialement comme \u00e9tant parmi les chaussures de cyclisme haute performance les mieux ajust\u00e9es et les plus confortables.  <\/p>\n<p><strong>Pointures :<\/strong> Pointures enti\u00e8res de 37 \u00e0 48, 50 demi-pointures de 39,5 \u00e0 46,5.<\/p>\n<p>Pour vous aider \u00e0 trouver la bonne taille, rendez-vous sur <a href=\"https:\/\/lakecycling.com\/pages\/sizing-charts\" target=\"_blank\" rel=\"noopener noreferrer nofollow\">cette page<\/a> ou contactez-moi.<\/p>\n","protected":false},"excerpt":{"rendered":"<p class=\"ai-optimize-25\"><strong>La MX239 Gravel fait \u00e9voluer l&#8217;une des chaussures de cyclisme tout-terrain les plus embl\u00e9matiques de Lake, amenant les chaussures de gravel \u00e0 un niveau sup\u00e9rieur. Cette nouvelle \u00e9volution est sp\u00e9cifiquement con\u00e7ue pour r\u00e9pondre aux exigences des parcours de gravel rapides et techniques, int\u00e9grant de nombreuses caract\u00e9ristiques du mod\u00e8le MX333 qui a fait ses preuves. Elle est d\u00e9sormais dot\u00e9e d&#8217;une languette int\u00e9gr\u00e9e, connect\u00e9e au panneau m\u00e9dial de la partie sup\u00e9rieure, pour un maintien plus ferme du pied. Elle pr\u00e9sente \u00e9galement un contrefort interne renforc\u00e9 en fibre de verre pour un meilleur maintien du talon, ainsi qu&#8217;un espacement accru entre les molettes BOA\u00ae pour un ajustement zonal am\u00e9lior\u00e9 sur toute la longueur de la chaussure.   <\/strong><\/p>\n<p class=\"ai-optimize-26\"><strong>Ce qui distingue la MX239 Gravel, c&#8217;est sa semelle en caoutchouc l\u00e9g\u00e8re et minimaliste, sp\u00e9cifiquement con\u00e7ue et parfaitement adapt\u00e9e aux longues journ\u00e9es sur les sentiers. Lake \u00e9l\u00e8ve l&#8217;une de ses chaussures de cyclisme les plus populaires \u00e0 un niveau in\u00e9dit de confort et de performance, offrant ainsi l&#8217;une des meilleures chaussures de gravel disponibles aujourd&#8217;hui. <\/strong><\/p>\n","protected":false},"featured_media":91157,"comment_status":"closed","ping_status":"closed","template":"","meta":[],"product_brand":[],"product_cat":[4818,4819,5648],"product_tag":[4975,5656,4822,5649,4824],"class_list":{"0":"post-91070","1":"product","2":"type-product","3":"status-publish","4":"has-post-thumbnail","6":"product_cat-lake-shoes-fr","7":"product_cat-chaussures-offroad","8":"product_cat-mx239-fr","9":"product_tag-black-black-fr","10":"product_tag-gravel-fr","11":"product_tag-lake-cycling-fr","12":"product_tag-mx239-fr","13":"product_tag-offroad-fr","14":"product_shipping_class-large-items-fr","15":"pa_size-37-fr","16":"pa_size-38-fr","17":"pa_size-39-fr","18":"pa_size-39-5-fr","19":"pa_size-40-fr","20":"pa_size-40-5-fr","21":"pa_size-41-fr","22":"pa_size-41-5-fr","23":"pa_size-42-fr","24":"pa_size-42-5-fr","25":"pa_size-43-fr","26":"pa_size-43-5-fr","27":"pa_size-44-fr","28":"pa_size-44-5-fr","29":"pa_size-45-fr","30":"pa_size-45-5-fr","31":"pa_size-46-fr","32":"pa_size-46-5-fr","33":"pa_size-47-fr","34":"pa_size-48-fr","35":"pa_size-49-fr","36":"pa_size-50-fr","37":"pa_size-52-fr","38":"pa_width-regular-fr","39":"pa_width-wide-fr","41":"first","42":"instock","43":"taxable","44":"shipping-taxable","45":"purchasable","46":"product-type-variable"},"yoast_head":"<!-- This site is optimized with the Yoast SEO Premium plugin v27.3 (Yoast SEO v27.3) - https:\/\/yoast.com\/product\/yoast-seo-premium-wordpress\/ -->\n<title>MX239 Gravel Stone\/Black Microfibre - bikefit.lu<\/title>\n<meta name=\"robots\" content=\"index, follow, max-snippet:-1, max-image-preview:large, max-video-preview:-1\" \/>\n<link rel=\"canonical\" href=\"https:\/\/bikefit.lu\/fr\/product\/mx239-gravel-stone-black-microfiber\/\" \/>\n<meta property=\"og:locale\" content=\"fr_FR\" \/>\n<meta property=\"og:type\" content=\"article\" \/>\n<meta property=\"og:title\" content=\"MX239 Gravel Stone\/Black Microfibre\" \/>\n<meta property=\"og:description\" content=\"La MX239 Gravel fait \u00e9voluer l&#039;une des chaussures de cyclisme tout-terrain les plus embl\u00e9matiques de Lake, amenant les chaussures de gravel \u00e0 un niveau sup\u00e9rieur. Cette nouvelle \u00e9volution est sp\u00e9cifiquement con\u00e7ue pour r\u00e9pondre aux exigences des parcours de gravel rapides et techniques, int\u00e9grant de nombreuses caract\u00e9ristiques du mod\u00e8le MX333 qui a fait ses preuves. Elle est d\u00e9sormais dot\u00e9e d&#039;une languette int\u00e9gr\u00e9e, connect\u00e9e au panneau m\u00e9dial de la partie sup\u00e9rieure, pour un maintien plus ferme du pied. Elle pr\u00e9sente \u00e9galement un contrefort interne renforc\u00e9 en fibre de verre pour un meilleur maintien du talon, ainsi qu&#039;un espacement accru entre les molettes BOA\u00ae pour un ajustement zonal am\u00e9lior\u00e9 sur toute la longueur de la chaussure.  Ce qui distingue la MX239 Gravel, c&#039;est sa semelle en caoutchouc l\u00e9g\u00e8re et minimaliste, sp\u00e9cifiquement con\u00e7ue et parfaitement adapt\u00e9e aux longues journ\u00e9es sur les sentiers. Lake \u00e9l\u00e8ve l&#039;une de ses chaussures de cyclisme les plus populaires \u00e0 un niveau in\u00e9dit de confort et de performance, offrant ainsi l&#039;une des meilleures chaussures de gravel disponibles aujourd&#039;hui.\" \/>\n<meta property=\"og:url\" content=\"https:\/\/bikefit.lu\/fr\/product\/mx239-gravel-stone-black-microfiber\/\" \/>\n<meta property=\"og:site_name\" content=\"bikefit.lu\" \/>\n<meta property=\"article:modified_time\" content=\"2025-06-02T10:42:14+00:00\" \/>\n<meta property=\"og:image\" content=\"https:\/\/bikefit.lu\/wp-content\/uploads\/2025\/02\/MX239G-STN-BLK-FRNT.webp\" \/>\n\t<meta property=\"og:image:width\" content=\"1800\" \/>\n\t<meta property=\"og:image:height\" content=\"1344\" \/>\n\t<meta property=\"og:image:type\" content=\"image\/webp\" \/>\n<meta name=\"twitter:card\" content=\"summary_large_image\" \/>\n<meta name=\"twitter:label1\" content=\"Disponibilit\u00e9\" \/>\n\t<meta name=\"twitter:data1\" content=\"En stock\" \/>\n<script type=\"application\/ld+json\" class=\"yoast-schema-graph\">{\"@context\":\"https:\\\/\\\/schema.org\",\"@graph\":[{\"@type\":\"WebPage\",\"@id\":\"https:\\\/\\\/bikefit.lu\\\/fr\\\/product\\\/mx239-gravel-stone-black-microfiber\\\/\",\"url\":\"https:\\\/\\\/bikefit.lu\\\/fr\\\/product\\\/mx239-gravel-stone-black-microfiber\\\/\",\"name\":\"MX239 Gravel Stone\\\/Black Microfibre - bikefit.lu\",\"isPartOf\":{\"@id\":\"https:\\\/\\\/bikefit.lu\\\/fr\\\/#website\"},\"primaryImageOfPage\":{\"@id\":\"https:\\\/\\\/bikefit.lu\\\/fr\\\/product\\\/mx239-gravel-stone-black-microfiber\\\/#primaryimage\"},\"image\":{\"@id\":\"https:\\\/\\\/bikefit.lu\\\/fr\\\/product\\\/mx239-gravel-stone-black-microfiber\\\/#primaryimage\"},\"thumbnailUrl\":\"https:\\\/\\\/bikefit.lu\\\/wp-content\\\/uploads\\\/2025\\\/02\\\/MX239G-STN-BLK-FRNT.webp\",\"datePublished\":\"2025-02-06T09:10:56+00:00\",\"dateModified\":\"2025-06-02T10:42:14+00:00\",\"breadcrumb\":{\"@id\":\"https:\\\/\\\/bikefit.lu\\\/fr\\\/product\\\/mx239-gravel-stone-black-microfiber\\\/#breadcrumb\"},\"inLanguage\":\"fr-FR\",\"potentialAction\":[{\"@type\":\"ReadAction\",\"target\":[\"https:\\\/\\\/bikefit.lu\\\/fr\\\/product\\\/mx239-gravel-stone-black-microfiber\\\/\"]}]},{\"@type\":\"ImageObject\",\"inLanguage\":\"fr-FR\",\"@id\":\"https:\\\/\\\/bikefit.lu\\\/fr\\\/product\\\/mx239-gravel-stone-black-microfiber\\\/#primaryimage\",\"url\":\"https:\\\/\\\/bikefit.lu\\\/wp-content\\\/uploads\\\/2025\\\/02\\\/MX239G-STN-BLK-FRNT.webp\",\"contentUrl\":\"https:\\\/\\\/bikefit.lu\\\/wp-content\\\/uploads\\\/2025\\\/02\\\/MX239G-STN-BLK-FRNT.webp\",\"width\":1800,\"height\":1344},{\"@type\":\"BreadcrumbList\",\"@id\":\"https:\\\/\\\/bikefit.lu\\\/fr\\\/product\\\/mx239-gravel-stone-black-microfiber\\\/#breadcrumb\",\"itemListElement\":[{\"@type\":\"ListItem\",\"position\":1,\"name\":\"Home\",\"item\":\"https:\\\/\\\/bikefit.lu\\\/fr\\\/\"},{\"@type\":\"ListItem\",\"position\":2,\"name\":\"Produits\",\"item\":\"https:\\\/\\\/bikefit.lu\\\/fr\\\/shop\\\/\"},{\"@type\":\"ListItem\",\"position\":3,\"name\":\"MX239 Gravel Stone\\\/Black Microfibre\"}]},{\"@type\":\"WebSite\",\"@id\":\"https:\\\/\\\/bikefit.lu\\\/fr\\\/#website\",\"url\":\"https:\\\/\\\/bikefit.lu\\\/fr\\\/\",\"name\":\"bikefit.lu\",\"description\":\"IMPROVING CYCLING\",\"publisher\":{\"@id\":\"https:\\\/\\\/bikefit.lu\\\/fr\\\/#\\\/schema\\\/person\\\/379af1263474d2f8cd1f41c2bd90273d\"},\"potentialAction\":[{\"@type\":\"SearchAction\",\"target\":{\"@type\":\"EntryPoint\",\"urlTemplate\":\"https:\\\/\\\/bikefit.lu\\\/fr\\\/?s={search_term_string}\"},\"query-input\":{\"@type\":\"PropertyValueSpecification\",\"valueRequired\":true,\"valueName\":\"search_term_string\"}}],\"inLanguage\":\"fr-FR\"},{\"@type\":[\"Person\",\"Organization\"],\"@id\":\"https:\\\/\\\/bikefit.lu\\\/fr\\\/#\\\/schema\\\/person\\\/379af1263474d2f8cd1f41c2bd90273d\",\"name\":\"Patrick Guillaume\",\"image\":{\"@type\":\"ImageObject\",\"inLanguage\":\"fr-FR\",\"@id\":\"https:\\\/\\\/bikefit.lu\\\/wp-content\\\/uploads\\\/2024\\\/12\\\/cropped-bikefit-logoURL-RGB-jpg.jpg\",\"url\":\"https:\\\/\\\/bikefit.lu\\\/wp-content\\\/uploads\\\/2024\\\/12\\\/cropped-bikefit-logoURL-RGB-jpg.jpg\",\"contentUrl\":\"https:\\\/\\\/bikefit.lu\\\/wp-content\\\/uploads\\\/2024\\\/12\\\/cropped-bikefit-logoURL-RGB-jpg.jpg\",\"width\":512,\"height\":512,\"caption\":\"Patrick Guillaume\"},\"logo\":{\"@id\":\"https:\\\/\\\/bikefit.lu\\\/wp-content\\\/uploads\\\/2024\\\/12\\\/cropped-bikefit-logoURL-RGB-jpg.jpg\"},\"sameAs\":[\"https:\\\/\\\/bikefit.lu\"],\"honorificPrefix\":\"Mr\",\"birthDate\":\"1966-11-18\",\"gender\":\"male\",\"knowsAbout\":[\"Bike-fitting\"],\"knowsLanguage\":[\"English\",\"French\",\"German\",\"Luxembourgish\"]}]}<\/script>\n<meta property=\"og:availability\" content=\"instock\" \/>\n<meta property=\"product:availability\" content=\"instock\" \/>\n<meta property=\"product:condition\" content=\"new\" \/>\n<!-- \/ Yoast SEO Premium plugin. -->","yoast_head_json":{"title":"MX239 Gravel Stone\/Black Microfibre - bikefit.lu","robots":{"index":"index","follow":"follow","max-snippet":"max-snippet:-1","max-image-preview":"max-image-preview:large","max-video-preview":"max-video-preview:-1"},"canonical":"https:\/\/bikefit.lu\/fr\/product\/mx239-gravel-stone-black-microfiber\/","og_locale":"fr_FR","og_type":"article","og_title":"MX239 Gravel Stone\/Black Microfibre","og_description":"La MX239 Gravel fait \u00e9voluer l'une des chaussures de cyclisme tout-terrain les plus embl\u00e9matiques de Lake, amenant les chaussures de gravel \u00e0 un niveau sup\u00e9rieur. Cette nouvelle \u00e9volution est sp\u00e9cifiquement con\u00e7ue pour r\u00e9pondre aux exigences des parcours de gravel rapides et techniques, int\u00e9grant de nombreuses caract\u00e9ristiques du mod\u00e8le MX333 qui a fait ses preuves. Elle est d\u00e9sormais dot\u00e9e d'une languette int\u00e9gr\u00e9e, connect\u00e9e au panneau m\u00e9dial de la partie sup\u00e9rieure, pour un maintien plus ferme du pied. Elle pr\u00e9sente \u00e9galement un contrefort interne renforc\u00e9 en fibre de verre pour un meilleur maintien du talon, ainsi qu'un espacement accru entre les molettes BOA\u00ae pour un ajustement zonal am\u00e9lior\u00e9 sur toute la longueur de la chaussure.  Ce qui distingue la MX239 Gravel, c'est sa semelle en caoutchouc l\u00e9g\u00e8re et minimaliste, sp\u00e9cifiquement con\u00e7ue et parfaitement adapt\u00e9e aux longues journ\u00e9es sur les sentiers. Lake \u00e9l\u00e8ve l'une de ses chaussures de cyclisme les plus populaires \u00e0 un niveau in\u00e9dit de confort et de performance, offrant ainsi l'une des meilleures chaussures de gravel disponibles aujourd'hui.","og_url":"https:\/\/bikefit.lu\/fr\/product\/mx239-gravel-stone-black-microfiber\/","og_site_name":"bikefit.lu","article_modified_time":"2025-06-02T10:42:14+00:00","og_image":[{"width":1800,"height":1344,"url":"https:\/\/bikefit.lu\/wp-content\/uploads\/2025\/02\/MX239G-STN-BLK-FRNT.webp","type":"image\/webp"}],"twitter_card":"summary_large_image","twitter_misc":{"Disponibilit\u00e9":"En stock"},"schema":{"@context":"https:\/\/schema.org","@graph":[{"@type":"WebPage","@id":"https:\/\/bikefit.lu\/fr\/product\/mx239-gravel-stone-black-microfiber\/","url":"https:\/\/bikefit.lu\/fr\/product\/mx239-gravel-stone-black-microfiber\/","name":"MX239 Gravel Stone\/Black Microfibre - bikefit.lu","isPartOf":{"@id":"https:\/\/bikefit.lu\/fr\/#website"},"primaryImageOfPage":{"@id":"https:\/\/bikefit.lu\/fr\/product\/mx239-gravel-stone-black-microfiber\/#primaryimage"},"image":{"@id":"https:\/\/bikefit.lu\/fr\/product\/mx239-gravel-stone-black-microfiber\/#primaryimage"},"thumbnailUrl":"https:\/\/bikefit.lu\/wp-content\/uploads\/2025\/02\/MX239G-STN-BLK-FRNT.webp","datePublished":"2025-02-06T09:10:56+00:00","dateModified":"2025-06-02T10:42:14+00:00","breadcrumb":{"@id":"https:\/\/bikefit.lu\/fr\/product\/mx239-gravel-stone-black-microfiber\/#breadcrumb"},"inLanguage":"fr-FR","potentialAction":[{"@type":"ReadAction","target":["https:\/\/bikefit.lu\/fr\/product\/mx239-gravel-stone-black-microfiber\/"]}]},{"@type":"ImageObject","inLanguage":"fr-FR","@id":"https:\/\/bikefit.lu\/fr\/product\/mx239-gravel-stone-black-microfiber\/#primaryimage","url":"https:\/\/bikefit.lu\/wp-content\/uploads\/2025\/02\/MX239G-STN-BLK-FRNT.webp","contentUrl":"https:\/\/bikefit.lu\/wp-content\/uploads\/2025\/02\/MX239G-STN-BLK-FRNT.webp","width":1800,"height":1344},{"@type":"BreadcrumbList","@id":"https:\/\/bikefit.lu\/fr\/product\/mx239-gravel-stone-black-microfiber\/#breadcrumb","itemListElement":[{"@type":"ListItem","position":1,"name":"Home","item":"https:\/\/bikefit.lu\/fr\/"},{"@type":"ListItem","position":2,"name":"Produits","item":"https:\/\/bikefit.lu\/fr\/shop\/"},{"@type":"ListItem","position":3,"name":"MX239 Gravel Stone\/Black Microfibre"}]},{"@type":"WebSite","@id":"https:\/\/bikefit.lu\/fr\/#website","url":"https:\/\/bikefit.lu\/fr\/","name":"bikefit.lu","description":"IMPROVING CYCLING","publisher":{"@id":"https:\/\/bikefit.lu\/fr\/#\/schema\/person\/379af1263474d2f8cd1f41c2bd90273d"},"potentialAction":[{"@type":"SearchAction","target":{"@type":"EntryPoint","urlTemplate":"https:\/\/bikefit.lu\/fr\/?s={search_term_string}"},"query-input":{"@type":"PropertyValueSpecification","valueRequired":true,"valueName":"search_term_string"}}],"inLanguage":"fr-FR"},{"@type":["Person","Organization"],"@id":"https:\/\/bikefit.lu\/fr\/#\/schema\/person\/379af1263474d2f8cd1f41c2bd90273d","name":"Patrick Guillaume","image":{"@type":"ImageObject","inLanguage":"fr-FR","@id":"https:\/\/bikefit.lu\/wp-content\/uploads\/2024\/12\/cropped-bikefit-logoURL-RGB-jpg.jpg","url":"https:\/\/bikefit.lu\/wp-content\/uploads\/2024\/12\/cropped-bikefit-logoURL-RGB-jpg.jpg","contentUrl":"https:\/\/bikefit.lu\/wp-content\/uploads\/2024\/12\/cropped-bikefit-logoURL-RGB-jpg.jpg","width":512,"height":512,"caption":"Patrick Guillaume"},"logo":{"@id":"https:\/\/bikefit.lu\/wp-content\/uploads\/2024\/12\/cropped-bikefit-logoURL-RGB-jpg.jpg"},"sameAs":["https:\/\/bikefit.lu"],"honorificPrefix":"Mr","birthDate":"1966-11-18","gender":"male","knowsAbout":["Bike-fitting"],"knowsLanguage":["English","French","German","Luxembourgish"]}]},"og_availability":"instock","product_availability":"instock","product_condition":"new"},"_links":{"self":[{"href":"https:\/\/bikefit.lu\/fr\/wp-json\/wp\/v2\/product\/91070","targetHints":{"allow":["GET"]}}],"collection":[{"href":"https:\/\/bikefit.lu\/fr\/wp-json\/wp\/v2\/product"}],"about":[{"href":"https:\/\/bikefit.lu\/fr\/wp-json\/wp\/v2\/types\/product"}],"replies":[{"embeddable":true,"href":"https:\/\/bikefit.lu\/fr\/wp-json\/wp\/v2\/comments?post=91070"}],"version-history":[{"count":0,"href":"https:\/\/bikefit.lu\/fr\/wp-json\/wp\/v2\/product\/91070\/revisions"}],"wp:featuredmedia":[{"embeddable":true,"href":"https:\/\/bikefit.lu\/fr\/wp-json\/wp\/v2\/media\/91157"}],"wp:attachment":[{"href":"https:\/\/bikefit.lu\/fr\/wp-json\/wp\/v2\/media?parent=91070"}],"wp:term":[{"taxonomy":"product_brand","embeddable":true,"href":"https:\/\/bikefit.lu\/fr\/wp-json\/wp\/v2\/product_brand?post=91070"},{"taxonomy":"product_cat","embeddable":true,"href":"https:\/\/bikefit.lu\/fr\/wp-json\/wp\/v2\/product_cat?post=91070"},{"taxonomy":"product_tag","embeddable":true,"href":"https:\/\/bikefit.lu\/fr\/wp-json\/wp\/v2\/product_tag?post=91070"}],"curies":[{"name":"wp","href":"https:\/\/api.w.org\/{rel}","templated":true}]}}