{"id":91774,"date":"2025-02-06T15:44:00","date_gmt":"2025-02-06T15:44:00","guid":{"rendered":"https:\/\/bikefit.lu\/?post_type=product&#038;p=91774"},"modified":"2025-12-10T09:18:33","modified_gmt":"2025-12-10T08:18:33","slug":"cx239-white-black","status":"publish","type":"product","link":"https:\/\/bikefit.lu\/fr\/product\/cx239-white-black\/","title":{"rendered":"CX239 White\/Black"},"content":{"rendered":"<p><strong>Forme:<\/strong> CX Competition. Avec un profil sp\u00e9cifiquement con\u00e7u pour une cadence tr\u00e8s \u00e9lev\u00e9e et une pression accrue, la forme Competition de Lake pr\u00e9sente un profil plus incurv\u00e9 que la forme Sport. Les principales diff\u00e9rences comprennent une inclinaison accrue des orteils et un soul\u00e8vement du talon, un talon plus ajust\u00e9, et une largeur de l&#8217;avant-pied l\u00e9g\u00e8rement plus importante pour s&#8217;adapter \u00e0 l&#8217;expansion du pied sous des pressions de p\u00e9dalage \u00e9lev\u00e9es.  <\/p>\n<p><strong>Tige :<\/strong> Cette derni\u00e8re chaussure de cyclisme sur route haute performance de Lake est propos\u00e9e avec un choix de cuir Ecco Premium pleine fleur, r\u00e9sistant \u00e0 l&#8217;eau et respirant, ou de microfibre Clarino et de maille avec une doublure de talon Outlast. La tige est \u00e9l\u00e9gante et \u00e9pur\u00e9e, avec des coutures minimis\u00e9es et une conception ajust\u00e9e qui offre une sensation de gant, se moulant parfaitement \u00e0 votre pied au fil du temps. Le panneau de protection du talon et le pare-chocs en caoutchouc aux orteils aident \u00e0 prot\u00e9ger la tige des \u00e9raflures et des rayures. De plus, elle comporte une doublure de talon et de languette thermor\u00e9gulatrice Outlast, offrant une sensation de pied luxueuse tout en assurant respirabilit\u00e9, durabilit\u00e9 et une prise s\u00fbre.   <\/p>\n<p><strong>Semelle ext\u00e9rieure:<\/strong> Semelle Lake Competition 100% fibre de carbone. Disponible avec un motif de cale \u00e0 3 trous. Une semelle 100% fibre de carbone qui cr\u00e9e un ensemble confortable, l\u00e9ger et \u00e9l\u00e9gant.  <\/p>\n<p><strong>Fermeture:<\/strong> Syst\u00e8me de r\u00e9glage BOA\u00ae Fit Li2. La molette Li2 est la plateforme la plus avanc\u00e9e dans le cyclisme, offrant un ajustement pr\u00e9cis et micro-r\u00e9glable dans les deux directions et con\u00e7ue pour r\u00e9sister \u00e0 l&#8217;abrasion. Aucun \u00e9l\u00e9ment unique ne peut prendre tout le cr\u00e9dit pour l&#8217;ajustement d&#8217;une chaussure &#8211; la fermeture et le confort d\u00e9pendent de multiples facteurs. C&#8217;est pourquoi Lake prend le temps de concevoir des chaussures avec ce qu&#8217;il croit \u00eatre les meilleurs syst\u00e8mes de confort et de fermeture. Le syst\u00e8me de r\u00e9glage BOA\u00ae Fit double n&#8217;est pas unique au cyclisme, mais c&#8217;est l&#8217;utilisation innovante de ce syst\u00e8me de molette par Lake &#8211; combin\u00e9e \u00e0 un travail m\u00e9ticuleux sur les motifs, des formes de chaussures de classe mondiale et une s\u00e9lection de mat\u00e9riaux sup\u00e9rieurs pour la tige &#8211; qui le rend v\u00e9ritablement efficace. C&#8217;est finalement pourquoi les chaussures Lake sont connues dans le monde entier pour leur ajustement exceptionnel et leur confort remarquable dans le cyclisme haute performance.     <\/p>\n<p><strong>Coloris:<\/strong> Cuir Blanc\/Noir, microfibre Blanc\/Blanc et cuir Noir\/Noir.<\/p>\n<p><strong>Pointures <\/strong>: Regular: pointures enti\u00e8res de 36 \u00e0 50, 52, demi-pointures de 37,5 \u00e0 46,5. Wide : pointures enti\u00e8res de 37 \u00e0 50, 52 demi-pointures de 37.5 \u00e0 46.5. <\/p>\n<p>Pour vous aider \u00e0 trouver la bonne taille, rendez-vous sur <a href=\"https:\/\/lakecycling.com\/pages\/sizing-charts\" target=\"_blank\" rel=\"noopener noreferrer\">cette page<\/a> ou contactez-moi.<\/p>\n","protected":false},"excerpt":{"rendered":"<p><strong>Le CX239 est la derni\u00e8re version de la chaussure la plus populaire de Lake. Cette nouvelle \u00e9volution int\u00e8gre de nombreuses caract\u00e9ristiques du succ\u00e8s CX333, pr\u00e9sentant d\u00e9sormais une languette int\u00e9gr\u00e9e connect\u00e9e au panneau m\u00e9dial de la tige pour un maintien plus ferme du pied. Elle comprend \u00e9galement un contrefort interne renforc\u00e9 de fibre de verre pour un maintien plus serr\u00e9 du talon, et un espacement accru entre les molettes BOA\u00ae permet un ajustement plus pr\u00e9cis des zones sur toute la longueur de la chaussure. Cela \u00e9l\u00e8ve l&#8217;une des chaussures de cyclisme pr\u00e9f\u00e9r\u00e9es de Lake \u00e0 un tout nouveau niveau de confort et de performance.   <\/strong><\/p>\n","protected":false},"featured_media":91330,"comment_status":"closed","ping_status":"closed","template":"","meta":[],"product_brand":[],"product_cat":[4818,4913,5660],"product_tag":[5661,4822,5124,5197],"class_list":{"0":"post-91774","1":"product","2":"type-product","3":"status-publish","4":"has-post-thumbnail","6":"product_cat-lake-shoes-fr","7":"product_cat-chaussures-route","8":"product_cat-cx239-fr","9":"product_tag-cx239-fr","10":"product_tag-lake-cycling-fr","11":"product_tag-road-fr","12":"product_tag-white-black-fr","13":"product_shipping_class-large-items-fr","14":"pa_size-36-fr","15":"pa_size-37-fr","16":"pa_size-37-5","17":"pa_size-38-fr","18":"pa_size-38-5-fr","19":"pa_size-39-fr","20":"pa_size-39-5-fr","21":"pa_size-40-fr","22":"pa_size-40-5-fr","23":"pa_size-41-fr","24":"pa_size-41-5-fr","25":"pa_size-42-fr","26":"pa_size-42-5-fr","27":"pa_size-43-fr","28":"pa_size-43-5-fr","29":"pa_size-44-fr","30":"pa_size-44-5-fr","31":"pa_size-45-fr","32":"pa_size-45-5-fr","33":"pa_size-46-fr","34":"pa_size-46-5-fr","35":"pa_size-47-fr","36":"pa_size-48-fr","37":"pa_size-49-fr","38":"pa_size-50-fr","39":"pa_size-52-fr","40":"pa_width-narrow-fr-2","41":"pa_width-regular-fr","42":"pa_width-wide-fr","44":"first","45":"instock","46":"taxable","47":"shipping-taxable","48":"purchasable","49":"product-type-variable"},"yoast_head":"<!-- This site is optimized with the Yoast SEO Premium plugin v27.3 (Yoast SEO v27.3) - https:\/\/yoast.com\/product\/yoast-seo-premium-wordpress\/ -->\n<title>CX239 White\/Black - bikefit.lu<\/title>\n<meta name=\"robots\" content=\"index, follow, max-snippet:-1, max-image-preview:large, max-video-preview:-1\" \/>\n<link rel=\"canonical\" href=\"https:\/\/bikefit.lu\/fr\/product\/cx239-white-black\/\" \/>\n<meta property=\"og:locale\" content=\"fr_FR\" \/>\n<meta property=\"og:type\" content=\"article\" \/>\n<meta property=\"og:title\" content=\"CX239 White\/Black\" \/>\n<meta property=\"og:description\" content=\"Le CX239 est la derni\u00e8re version de la chaussure la plus populaire de Lake. Cette nouvelle \u00e9volution int\u00e8gre de nombreuses caract\u00e9ristiques du succ\u00e8s CX333, pr\u00e9sentant d\u00e9sormais une languette int\u00e9gr\u00e9e connect\u00e9e au panneau m\u00e9dial de la tige pour un maintien plus ferme du pied. Elle comprend \u00e9galement un contrefort interne renforc\u00e9 de fibre de verre pour un maintien plus serr\u00e9 du talon, et un espacement accru entre les molettes BOA\u00ae permet un ajustement plus pr\u00e9cis des zones sur toute la longueur de la chaussure. Cela \u00e9l\u00e8ve l&#039;une des chaussures de cyclisme pr\u00e9f\u00e9r\u00e9es de Lake \u00e0 un tout nouveau niveau de confort et de performance.\" \/>\n<meta property=\"og:url\" content=\"https:\/\/bikefit.lu\/fr\/product\/cx239-white-black\/\" \/>\n<meta property=\"og:site_name\" content=\"bikefit.lu\" \/>\n<meta property=\"article:modified_time\" content=\"2025-12-10T08:18:33+00:00\" \/>\n<meta property=\"og:image\" content=\"https:\/\/bikefit.lu\/wp-content\/uploads\/2025\/02\/CX239-WHT-BLK-FRNT_645474f2-93e8-4671-9240-174766349623.webp\" \/>\n\t<meta property=\"og:image:width\" content=\"1026\" \/>\n\t<meta property=\"og:image:height\" content=\"761\" \/>\n\t<meta property=\"og:image:type\" content=\"image\/webp\" \/>\n<meta name=\"twitter:card\" content=\"summary_large_image\" \/>\n<meta name=\"twitter:label1\" content=\"Disponibilit\u00e9\" \/>\n\t<meta name=\"twitter:data1\" content=\"En stock\" \/>\n<script type=\"application\/ld+json\" class=\"yoast-schema-graph\">{\"@context\":\"https:\\\/\\\/schema.org\",\"@graph\":[{\"@type\":\"WebPage\",\"@id\":\"https:\\\/\\\/bikefit.lu\\\/fr\\\/product\\\/cx239-white-black\\\/\",\"url\":\"https:\\\/\\\/bikefit.lu\\\/fr\\\/product\\\/cx239-white-black\\\/\",\"name\":\"CX239 White\\\/Black - bikefit.lu\",\"isPartOf\":{\"@id\":\"https:\\\/\\\/bikefit.lu\\\/fr\\\/#website\"},\"primaryImageOfPage\":{\"@id\":\"https:\\\/\\\/bikefit.lu\\\/fr\\\/product\\\/cx239-white-black\\\/#primaryimage\"},\"image\":{\"@id\":\"https:\\\/\\\/bikefit.lu\\\/fr\\\/product\\\/cx239-white-black\\\/#primaryimage\"},\"thumbnailUrl\":\"https:\\\/\\\/bikefit.lu\\\/wp-content\\\/uploads\\\/2025\\\/02\\\/CX239-WHT-BLK-FRNT_645474f2-93e8-4671-9240-174766349623.webp\",\"datePublished\":\"2025-02-06T15:44:00+00:00\",\"dateModified\":\"2025-12-10T08:18:33+00:00\",\"breadcrumb\":{\"@id\":\"https:\\\/\\\/bikefit.lu\\\/fr\\\/product\\\/cx239-white-black\\\/#breadcrumb\"},\"inLanguage\":\"fr-FR\",\"potentialAction\":[{\"@type\":\"ReadAction\",\"target\":[\"https:\\\/\\\/bikefit.lu\\\/fr\\\/product\\\/cx239-white-black\\\/\"]}]},{\"@type\":\"ImageObject\",\"inLanguage\":\"fr-FR\",\"@id\":\"https:\\\/\\\/bikefit.lu\\\/fr\\\/product\\\/cx239-white-black\\\/#primaryimage\",\"url\":\"https:\\\/\\\/bikefit.lu\\\/wp-content\\\/uploads\\\/2025\\\/02\\\/CX239-WHT-BLK-FRNT_645474f2-93e8-4671-9240-174766349623.webp\",\"contentUrl\":\"https:\\\/\\\/bikefit.lu\\\/wp-content\\\/uploads\\\/2025\\\/02\\\/CX239-WHT-BLK-FRNT_645474f2-93e8-4671-9240-174766349623.webp\",\"width\":1026,\"height\":761},{\"@type\":\"BreadcrumbList\",\"@id\":\"https:\\\/\\\/bikefit.lu\\\/fr\\\/product\\\/cx239-white-black\\\/#breadcrumb\",\"itemListElement\":[{\"@type\":\"ListItem\",\"position\":1,\"name\":\"Home\",\"item\":\"https:\\\/\\\/bikefit.lu\\\/fr\\\/\"},{\"@type\":\"ListItem\",\"position\":2,\"name\":\"Produits\",\"item\":\"https:\\\/\\\/bikefit.lu\\\/fr\\\/shop\\\/\"},{\"@type\":\"ListItem\",\"position\":3,\"name\":\"CX239 White\\\/Black\"}]},{\"@type\":\"WebSite\",\"@id\":\"https:\\\/\\\/bikefit.lu\\\/fr\\\/#website\",\"url\":\"https:\\\/\\\/bikefit.lu\\\/fr\\\/\",\"name\":\"bikefit.lu\",\"description\":\"IMPROVING CYCLING\",\"publisher\":{\"@id\":\"https:\\\/\\\/bikefit.lu\\\/fr\\\/#\\\/schema\\\/person\\\/379af1263474d2f8cd1f41c2bd90273d\"},\"potentialAction\":[{\"@type\":\"SearchAction\",\"target\":{\"@type\":\"EntryPoint\",\"urlTemplate\":\"https:\\\/\\\/bikefit.lu\\\/fr\\\/?s={search_term_string}\"},\"query-input\":{\"@type\":\"PropertyValueSpecification\",\"valueRequired\":true,\"valueName\":\"search_term_string\"}}],\"inLanguage\":\"fr-FR\"},{\"@type\":[\"Person\",\"Organization\"],\"@id\":\"https:\\\/\\\/bikefit.lu\\\/fr\\\/#\\\/schema\\\/person\\\/379af1263474d2f8cd1f41c2bd90273d\",\"name\":\"Patrick Guillaume\",\"image\":{\"@type\":\"ImageObject\",\"inLanguage\":\"fr-FR\",\"@id\":\"https:\\\/\\\/bikefit.lu\\\/wp-content\\\/uploads\\\/2024\\\/12\\\/cropped-bikefit-logoURL-RGB-jpg.jpg\",\"url\":\"https:\\\/\\\/bikefit.lu\\\/wp-content\\\/uploads\\\/2024\\\/12\\\/cropped-bikefit-logoURL-RGB-jpg.jpg\",\"contentUrl\":\"https:\\\/\\\/bikefit.lu\\\/wp-content\\\/uploads\\\/2024\\\/12\\\/cropped-bikefit-logoURL-RGB-jpg.jpg\",\"width\":512,\"height\":512,\"caption\":\"Patrick Guillaume\"},\"logo\":{\"@id\":\"https:\\\/\\\/bikefit.lu\\\/wp-content\\\/uploads\\\/2024\\\/12\\\/cropped-bikefit-logoURL-RGB-jpg.jpg\"},\"sameAs\":[\"https:\\\/\\\/bikefit.lu\"],\"honorificPrefix\":\"Mr\",\"birthDate\":\"1966-11-18\",\"gender\":\"male\",\"knowsAbout\":[\"Bike-fitting\"],\"knowsLanguage\":[\"English\",\"French\",\"German\",\"Luxembourgish\"]}]}<\/script>\n<meta property=\"og:availability\" content=\"instock\" \/>\n<meta property=\"product:availability\" content=\"instock\" \/>\n<meta property=\"product:condition\" content=\"new\" \/>\n<!-- \/ Yoast SEO Premium plugin. -->","yoast_head_json":{"title":"CX239 White\/Black - bikefit.lu","robots":{"index":"index","follow":"follow","max-snippet":"max-snippet:-1","max-image-preview":"max-image-preview:large","max-video-preview":"max-video-preview:-1"},"canonical":"https:\/\/bikefit.lu\/fr\/product\/cx239-white-black\/","og_locale":"fr_FR","og_type":"article","og_title":"CX239 White\/Black","og_description":"Le CX239 est la derni\u00e8re version de la chaussure la plus populaire de Lake. Cette nouvelle \u00e9volution int\u00e8gre de nombreuses caract\u00e9ristiques du succ\u00e8s CX333, pr\u00e9sentant d\u00e9sormais une languette int\u00e9gr\u00e9e connect\u00e9e au panneau m\u00e9dial de la tige pour un maintien plus ferme du pied. Elle comprend \u00e9galement un contrefort interne renforc\u00e9 de fibre de verre pour un maintien plus serr\u00e9 du talon, et un espacement accru entre les molettes BOA\u00ae permet un ajustement plus pr\u00e9cis des zones sur toute la longueur de la chaussure. Cela \u00e9l\u00e8ve l'une des chaussures de cyclisme pr\u00e9f\u00e9r\u00e9es de Lake \u00e0 un tout nouveau niveau de confort et de performance.","og_url":"https:\/\/bikefit.lu\/fr\/product\/cx239-white-black\/","og_site_name":"bikefit.lu","article_modified_time":"2025-12-10T08:18:33+00:00","og_image":[{"width":1026,"height":761,"url":"https:\/\/bikefit.lu\/wp-content\/uploads\/2025\/02\/CX239-WHT-BLK-FRNT_645474f2-93e8-4671-9240-174766349623.webp","type":"image\/webp"}],"twitter_card":"summary_large_image","twitter_misc":{"Disponibilit\u00e9":"En stock"},"schema":{"@context":"https:\/\/schema.org","@graph":[{"@type":"WebPage","@id":"https:\/\/bikefit.lu\/fr\/product\/cx239-white-black\/","url":"https:\/\/bikefit.lu\/fr\/product\/cx239-white-black\/","name":"CX239 White\/Black - bikefit.lu","isPartOf":{"@id":"https:\/\/bikefit.lu\/fr\/#website"},"primaryImageOfPage":{"@id":"https:\/\/bikefit.lu\/fr\/product\/cx239-white-black\/#primaryimage"},"image":{"@id":"https:\/\/bikefit.lu\/fr\/product\/cx239-white-black\/#primaryimage"},"thumbnailUrl":"https:\/\/bikefit.lu\/wp-content\/uploads\/2025\/02\/CX239-WHT-BLK-FRNT_645474f2-93e8-4671-9240-174766349623.webp","datePublished":"2025-02-06T15:44:00+00:00","dateModified":"2025-12-10T08:18:33+00:00","breadcrumb":{"@id":"https:\/\/bikefit.lu\/fr\/product\/cx239-white-black\/#breadcrumb"},"inLanguage":"fr-FR","potentialAction":[{"@type":"ReadAction","target":["https:\/\/bikefit.lu\/fr\/product\/cx239-white-black\/"]}]},{"@type":"ImageObject","inLanguage":"fr-FR","@id":"https:\/\/bikefit.lu\/fr\/product\/cx239-white-black\/#primaryimage","url":"https:\/\/bikefit.lu\/wp-content\/uploads\/2025\/02\/CX239-WHT-BLK-FRNT_645474f2-93e8-4671-9240-174766349623.webp","contentUrl":"https:\/\/bikefit.lu\/wp-content\/uploads\/2025\/02\/CX239-WHT-BLK-FRNT_645474f2-93e8-4671-9240-174766349623.webp","width":1026,"height":761},{"@type":"BreadcrumbList","@id":"https:\/\/bikefit.lu\/fr\/product\/cx239-white-black\/#breadcrumb","itemListElement":[{"@type":"ListItem","position":1,"name":"Home","item":"https:\/\/bikefit.lu\/fr\/"},{"@type":"ListItem","position":2,"name":"Produits","item":"https:\/\/bikefit.lu\/fr\/shop\/"},{"@type":"ListItem","position":3,"name":"CX239 White\/Black"}]},{"@type":"WebSite","@id":"https:\/\/bikefit.lu\/fr\/#website","url":"https:\/\/bikefit.lu\/fr\/","name":"bikefit.lu","description":"IMPROVING CYCLING","publisher":{"@id":"https:\/\/bikefit.lu\/fr\/#\/schema\/person\/379af1263474d2f8cd1f41c2bd90273d"},"potentialAction":[{"@type":"SearchAction","target":{"@type":"EntryPoint","urlTemplate":"https:\/\/bikefit.lu\/fr\/?s={search_term_string}"},"query-input":{"@type":"PropertyValueSpecification","valueRequired":true,"valueName":"search_term_string"}}],"inLanguage":"fr-FR"},{"@type":["Person","Organization"],"@id":"https:\/\/bikefit.lu\/fr\/#\/schema\/person\/379af1263474d2f8cd1f41c2bd90273d","name":"Patrick Guillaume","image":{"@type":"ImageObject","inLanguage":"fr-FR","@id":"https:\/\/bikefit.lu\/wp-content\/uploads\/2024\/12\/cropped-bikefit-logoURL-RGB-jpg.jpg","url":"https:\/\/bikefit.lu\/wp-content\/uploads\/2024\/12\/cropped-bikefit-logoURL-RGB-jpg.jpg","contentUrl":"https:\/\/bikefit.lu\/wp-content\/uploads\/2024\/12\/cropped-bikefit-logoURL-RGB-jpg.jpg","width":512,"height":512,"caption":"Patrick Guillaume"},"logo":{"@id":"https:\/\/bikefit.lu\/wp-content\/uploads\/2024\/12\/cropped-bikefit-logoURL-RGB-jpg.jpg"},"sameAs":["https:\/\/bikefit.lu"],"honorificPrefix":"Mr","birthDate":"1966-11-18","gender":"male","knowsAbout":["Bike-fitting"],"knowsLanguage":["English","French","German","Luxembourgish"]}]},"og_availability":"instock","product_availability":"instock","product_condition":"new"},"_links":{"self":[{"href":"https:\/\/bikefit.lu\/fr\/wp-json\/wp\/v2\/product\/91774","targetHints":{"allow":["GET"]}}],"collection":[{"href":"https:\/\/bikefit.lu\/fr\/wp-json\/wp\/v2\/product"}],"about":[{"href":"https:\/\/bikefit.lu\/fr\/wp-json\/wp\/v2\/types\/product"}],"replies":[{"embeddable":true,"href":"https:\/\/bikefit.lu\/fr\/wp-json\/wp\/v2\/comments?post=91774"}],"version-history":[{"count":0,"href":"https:\/\/bikefit.lu\/fr\/wp-json\/wp\/v2\/product\/91774\/revisions"}],"wp:featuredmedia":[{"embeddable":true,"href":"https:\/\/bikefit.lu\/fr\/wp-json\/wp\/v2\/media\/91330"}],"wp:attachment":[{"href":"https:\/\/bikefit.lu\/fr\/wp-json\/wp\/v2\/media?parent=91774"}],"wp:term":[{"taxonomy":"product_brand","embeddable":true,"href":"https:\/\/bikefit.lu\/fr\/wp-json\/wp\/v2\/product_brand?post=91774"},{"taxonomy":"product_cat","embeddable":true,"href":"https:\/\/bikefit.lu\/fr\/wp-json\/wp\/v2\/product_cat?post=91774"},{"taxonomy":"product_tag","embeddable":true,"href":"https:\/\/bikefit.lu\/fr\/wp-json\/wp\/v2\/product_tag?post=91774"}],"curies":[{"name":"wp","href":"https:\/\/api.w.org\/{rel}","templated":true}]}}