{"id":93946,"date":"2025-02-09T07:35:16","date_gmt":"2025-02-09T06:35:16","guid":{"rendered":"https:\/\/bikefit.lu\/?post_type=product&#038;p=93946"},"modified":"2025-04-22T12:12:10","modified_gmt":"2025-04-22T10:12:10","slug":"saint","status":"publish","type":"product","link":"https:\/\/bikefit.lu\/fr\/product\/saint\/","title":{"rendered":"Bisaddle Saint"},"content":{"rendered":"<p><strong>BiSaddle Saint \u2013 Ajustabilit\u00e9 maximale, performance optimale<\/strong><\/p>\n<p>Con\u00e7ue pour les cyclistes en qu\u00eate d&#8217;une position enti\u00e8rement personnalisable, la BiSaddle Saint r\u00e9volutionne l&#8217;ergonomie des selles haute performance. Son syst\u00e8me d&#8217;ajustement unique permet un ajustement pr\u00e9cis aux besoins de chaque cycliste, r\u00e9duisant les points de pression et assurant le confort lors des longues sorties. <\/p>\n<p><strong>Caract\u00e9ristiques <span style=\"font-size: 10pt;\">principales<\/span><\/strong><span style=\"font-size: 10pt;\"> :<\/span><\/p>\n<p><span style=\"display: inline-block; width: 15px; height: 15px; border-radius: 50%; background-color: #24beed; border: 2px solid black; color: white; text-align: center; line-height: 18px; font-size: 10pt;\">\u2714<\/span> BiSaddle est la seule selle au monde \u00e0 forme ajustable. <strong>(BREVET\u00c9E)<br \/>\n<\/strong><span style=\"display: inline-block; width: 15px; height: 15px; border-radius: 50%; background-color: #24beed; border: 2px solid black; color: white; text-align: center; line-height: 18px; font-size: 10pt;\">\u2714<\/span> Canal central ergonomique : R\u00e9duit la pression p\u00e9rin\u00e9ale et am\u00e9liore la circulation sanguine.<br \/>\n<span style=\"display: inline-block; width: 15px; height: 15px; border-radius: 50%; background-color: #24beed; border: 2px solid black; color: white; text-align: center; line-height: 18px; font-size: 10pt;\">\u2714<\/span> Forme modulaire : Ajustement pr\u00e9cis \u00e0 l&#8217;avant et \u00e0 l&#8217;arri\u00e8re pour une r\u00e9partition optimale de la pression.<br \/>\n<span style=\"display: inline-block; width: 15px; height: 15px; border-radius: 50%; background-color: #24beed; border: 2px solid black; color: white; text-align: center; line-height: 18px; font-size: 10pt;\">\u2714<\/span> \u00c9paisseur de la mousse : 19 mm<br \/>\n<span style=\"display: inline-block; width: 15px; height: 15px; border-radius: 50%; background-color: #24beed; border: 2px solid black; color: white; text-align: center; line-height: 18px; font-size: 10pt;\">\u2714<\/span> Tous les composants sont rempla\u00e7ables, ce qui en fait la derni\u00e8re selle que vous aurez besoin d&#8217;acheter.<\/p>\n<p>La BiSaddle Saint est particuli\u00e8rement recommand\u00e9e pour les disciplines exigeantes telles que les contre-la-montre, les triathlons et les \u00e9preuves d&#8217;ultra-distance, o\u00f9 un ajustement pr\u00e9cis et un confort durable sont essentiels.<\/p>\n<p>\ud83d\udd27 <span style=\"font-size: 14pt;\"><strong>Optimisez votre position. Maximisez votre performance. <\/strong><\/span><\/p>\n<p><b>Principaux \u00e9l\u00e9ments diff\u00e9renciateurs :<\/b><\/p>\n<ul>\n<li style=\"font-weight: 400;\"><span style=\"font-weight: 400;\">Un confort sup\u00e9rieur \u00e0 celui de toute autre selle concurrente<\/span><\/li>\n<li style=\"font-weight: 400;\"><span style=\"font-weight: 400;\">Partie avant plus \u00e9troite, pour un d\u00e9gagement accru et un positionnement plus resserr\u00e9<\/span><\/li>\n<li><span style=\"font-weight: 400;\">Conforme \u00e0 la longueur UCI<\/span><\/li>\n<li style=\"font-weight: 400;\"><span style=\"font-weight: 400;\">Contre-la-montre, triathlon, v\u00e9lo \u00e9lectrique, route. <\/span><\/li>\n<li style=\"font-weight: 400;\"><span style=\"font-weight: 400;\">Optimal pour la position a\u00e9rodynamique et le soulagement des tissus mous<\/span><\/li>\n<\/ul>\n<p><strong>Poids de la selle (g) :<\/strong><\/p>\n<p>Acier chromoly : 378 \/ Titane : 368 \/ Fibre de carbone : 321<\/p>\n<p><strong>Longueur de la selle :<\/strong> 243 mm<\/p>\n","protected":false},"excerpt":{"rendered":"<h2><span style=\"font-size: 14pt;\"><strong>BiSaddle Saint \u2013 Confort ajustable et performance<\/strong><\/span><\/h2>\n<p>Gr\u00e2ce \u00e0 sa largeur d&#8217;assise personnalisable (100-175 mm) et son canal central ergonomique, la BiSaddle Saint offre un ajustement pr\u00e9cis, r\u00e9duisant la pression et optimisant l&#8217;alignement pelvien. Id\u00e9ale pour les longues randonn\u00e9es, les triathlons et les contre-la-montre, elle garantit un confort maximal et des performances optimales. <\/p>\n<p>\ud83d\udcf9 Visionnez les caract\u00e9ristiques<\/p>\n<p><a href=\"https:\/\/www.youtube.com\/watch?v=f97JSjNxCpE\" target=\"_blank\" rel=\"noopener\"><br \/>\n<img fetchpriority=\"high\" decoding=\"async\" src=\"https:\/\/img.youtube.com\/vi\/f97JSjNxCpE\/hqdefault.jpg\" alt=\"Regarder sur YouTube\" width=\"560\" height=\"315\"><br \/>\n<\/a><\/p>\n<p>\ud83d\udd27 Apprenez \u00e0 l&#8217;ajuster<\/p>\n<p><a href=\"https:\/\/www.youtube.com\/watch?v=ZWIUm6VF9wk\" target=\"_blank\" rel=\"noopener\"><img decoding=\"async\" src=\"https:\/\/img.youtube.com\/vi\/ZWIUm6VF9wk\/hqdefault.jpg\" alt=\"Vid\u00e9o d'ajustement\"><\/a><\/p>\n","protected":false},"featured_media":93904,"comment_status":"closed","ping_status":"closed","template":"","meta":[],"product_brand":[],"product_cat":[4772,4834,4773,4776],"product_tag":[4985,5193,5124,5183,5178,5679],"class_list":{"0":"post-93946","1":"product","2":"type-product","3":"status-publish","4":"has-post-thumbnail","6":"product_cat-offroad-contact-point-pelvis-fr","7":"product_cat-point-de-contact-bassin","8":"product_cat-road-contact-point-pelvis-fr","9":"product_cat-tri-tt-en-fr","10":"product_tag-bisaddle-fr-2","11":"product_tag-contre-la-montre","12":"product_tag-road-fr","13":"product_tag-triathlon-fr","14":"product_tag-ultra-cycling-fr","15":"product_tag-velo-electrique","16":"product_shipping_class-large-items-fr","18":"first","19":"instock","20":"taxable","21":"shipping-taxable","22":"purchasable","23":"product-type-variable"},"yoast_head":"<!-- This site is optimized with the Yoast SEO Premium plugin v27.3 (Yoast SEO v27.3) - https:\/\/yoast.com\/product\/yoast-seo-premium-wordpress\/ -->\n<title>Bisaddle Saint - bikefit.lu<\/title>\n<meta name=\"robots\" content=\"index, follow, max-snippet:-1, max-image-preview:large, max-video-preview:-1\" \/>\n<link rel=\"canonical\" href=\"https:\/\/bikefit.lu\/fr\/product\/saint\/\" \/>\n<meta property=\"og:locale\" content=\"fr_FR\" \/>\n<meta property=\"og:type\" content=\"article\" \/>\n<meta property=\"og:title\" content=\"Bisaddle Saint\" \/>\n<meta property=\"og:description\" content=\"BiSaddle Saint \u2013 Confort ajustable et performance Gr\u00e2ce \u00e0 sa largeur d&#039;assise personnalisable (100-175 mm) et son canal central ergonomique, la BiSaddle Saint offre un ajustement pr\u00e9cis, r\u00e9duisant la pression et optimisant l&#039;alignement pelvien. Id\u00e9ale pour les longues randonn\u00e9es, les triathlons et les contre-la-montre, elle garantit un confort maximal et des performances optimales.  \ud83d\udcf9 Visionnez les caract\u00e9ristiques   \ud83d\udd27 Apprenez \u00e0 l&#039;ajuster\" \/>\n<meta property=\"og:url\" content=\"https:\/\/bikefit.lu\/fr\/product\/saint\/\" \/>\n<meta property=\"og:site_name\" content=\"bikefit.lu\" \/>\n<meta property=\"article:modified_time\" content=\"2025-04-22T10:12:10+00:00\" \/>\n<meta property=\"og:image\" content=\"https:\/\/bikefit.lu\/wp-content\/uploads\/2025\/02\/bisaddlesquareslimtitilt-1.jpg\" \/>\n\t<meta property=\"og:image:width\" content=\"1000\" \/>\n\t<meta property=\"og:image:height\" content=\"1000\" \/>\n\t<meta property=\"og:image:type\" content=\"image\/jpeg\" \/>\n<meta name=\"twitter:card\" content=\"summary_large_image\" \/>\n<meta name=\"twitter:label1\" content=\"Disponibilit\u00e9\" \/>\n\t<meta name=\"twitter:data1\" content=\"En stock\" \/>\n<script type=\"application\/ld+json\" class=\"yoast-schema-graph\">{\"@context\":\"https:\\\/\\\/schema.org\",\"@graph\":[{\"@type\":\"WebPage\",\"@id\":\"https:\\\/\\\/bikefit.lu\\\/fr\\\/product\\\/saint\\\/\",\"url\":\"https:\\\/\\\/bikefit.lu\\\/fr\\\/product\\\/saint\\\/\",\"name\":\"Bisaddle Saint - bikefit.lu\",\"isPartOf\":{\"@id\":\"https:\\\/\\\/bikefit.lu\\\/fr\\\/#website\"},\"primaryImageOfPage\":{\"@id\":\"https:\\\/\\\/bikefit.lu\\\/fr\\\/product\\\/saint\\\/#primaryimage\"},\"image\":{\"@id\":\"https:\\\/\\\/bikefit.lu\\\/fr\\\/product\\\/saint\\\/#primaryimage\"},\"thumbnailUrl\":\"https:\\\/\\\/bikefit.lu\\\/wp-content\\\/uploads\\\/2025\\\/02\\\/bisaddlesquareslimtitilt-1.jpg\",\"datePublished\":\"2025-02-09T06:35:16+00:00\",\"dateModified\":\"2025-04-22T10:12:10+00:00\",\"breadcrumb\":{\"@id\":\"https:\\\/\\\/bikefit.lu\\\/fr\\\/product\\\/saint\\\/#breadcrumb\"},\"inLanguage\":\"fr-FR\",\"potentialAction\":[{\"@type\":\"ReadAction\",\"target\":[\"https:\\\/\\\/bikefit.lu\\\/fr\\\/product\\\/saint\\\/\"]}]},{\"@type\":\"ImageObject\",\"inLanguage\":\"fr-FR\",\"@id\":\"https:\\\/\\\/bikefit.lu\\\/fr\\\/product\\\/saint\\\/#primaryimage\",\"url\":\"https:\\\/\\\/bikefit.lu\\\/wp-content\\\/uploads\\\/2025\\\/02\\\/bisaddlesquareslimtitilt-1.jpg\",\"contentUrl\":\"https:\\\/\\\/bikefit.lu\\\/wp-content\\\/uploads\\\/2025\\\/02\\\/bisaddlesquareslimtitilt-1.jpg\",\"width\":1000,\"height\":1000},{\"@type\":\"BreadcrumbList\",\"@id\":\"https:\\\/\\\/bikefit.lu\\\/fr\\\/product\\\/saint\\\/#breadcrumb\",\"itemListElement\":[{\"@type\":\"ListItem\",\"position\":1,\"name\":\"Home\",\"item\":\"https:\\\/\\\/bikefit.lu\\\/fr\\\/\"},{\"@type\":\"ListItem\",\"position\":2,\"name\":\"Produits\",\"item\":\"https:\\\/\\\/bikefit.lu\\\/fr\\\/shop\\\/\"},{\"@type\":\"ListItem\",\"position\":3,\"name\":\"Bisaddle Saint\"}]},{\"@type\":\"WebSite\",\"@id\":\"https:\\\/\\\/bikefit.lu\\\/fr\\\/#website\",\"url\":\"https:\\\/\\\/bikefit.lu\\\/fr\\\/\",\"name\":\"bikefit.lu\",\"description\":\"IMPROVING CYCLING\",\"publisher\":{\"@id\":\"https:\\\/\\\/bikefit.lu\\\/fr\\\/#\\\/schema\\\/person\\\/379af1263474d2f8cd1f41c2bd90273d\"},\"potentialAction\":[{\"@type\":\"SearchAction\",\"target\":{\"@type\":\"EntryPoint\",\"urlTemplate\":\"https:\\\/\\\/bikefit.lu\\\/fr\\\/?s={search_term_string}\"},\"query-input\":{\"@type\":\"PropertyValueSpecification\",\"valueRequired\":true,\"valueName\":\"search_term_string\"}}],\"inLanguage\":\"fr-FR\"},{\"@type\":[\"Person\",\"Organization\"],\"@id\":\"https:\\\/\\\/bikefit.lu\\\/fr\\\/#\\\/schema\\\/person\\\/379af1263474d2f8cd1f41c2bd90273d\",\"name\":\"Patrick Guillaume\",\"image\":{\"@type\":\"ImageObject\",\"inLanguage\":\"fr-FR\",\"@id\":\"https:\\\/\\\/bikefit.lu\\\/wp-content\\\/uploads\\\/2024\\\/12\\\/cropped-bikefit-logoURL-RGB-jpg.jpg\",\"url\":\"https:\\\/\\\/bikefit.lu\\\/wp-content\\\/uploads\\\/2024\\\/12\\\/cropped-bikefit-logoURL-RGB-jpg.jpg\",\"contentUrl\":\"https:\\\/\\\/bikefit.lu\\\/wp-content\\\/uploads\\\/2024\\\/12\\\/cropped-bikefit-logoURL-RGB-jpg.jpg\",\"width\":512,\"height\":512,\"caption\":\"Patrick Guillaume\"},\"logo\":{\"@id\":\"https:\\\/\\\/bikefit.lu\\\/wp-content\\\/uploads\\\/2024\\\/12\\\/cropped-bikefit-logoURL-RGB-jpg.jpg\"},\"sameAs\":[\"https:\\\/\\\/bikefit.lu\"],\"honorificPrefix\":\"Mr\",\"birthDate\":\"1966-11-18\",\"gender\":\"male\",\"knowsAbout\":[\"Bike-fitting\"],\"knowsLanguage\":[\"English\",\"French\",\"German\",\"Luxembourgish\"]}]}<\/script>\n<meta property=\"og:availability\" content=\"instock\" \/>\n<meta property=\"product:availability\" content=\"instock\" \/>\n<meta property=\"product:condition\" content=\"new\" \/>\n<!-- \/ Yoast SEO Premium plugin. -->","yoast_head_json":{"title":"Bisaddle Saint - bikefit.lu","robots":{"index":"index","follow":"follow","max-snippet":"max-snippet:-1","max-image-preview":"max-image-preview:large","max-video-preview":"max-video-preview:-1"},"canonical":"https:\/\/bikefit.lu\/fr\/product\/saint\/","og_locale":"fr_FR","og_type":"article","og_title":"Bisaddle Saint","og_description":"BiSaddle Saint \u2013 Confort ajustable et performance Gr\u00e2ce \u00e0 sa largeur d'assise personnalisable (100-175 mm) et son canal central ergonomique, la BiSaddle Saint offre un ajustement pr\u00e9cis, r\u00e9duisant la pression et optimisant l'alignement pelvien. Id\u00e9ale pour les longues randonn\u00e9es, les triathlons et les contre-la-montre, elle garantit un confort maximal et des performances optimales.  \ud83d\udcf9 Visionnez les caract\u00e9ristiques   \ud83d\udd27 Apprenez \u00e0 l'ajuster","og_url":"https:\/\/bikefit.lu\/fr\/product\/saint\/","og_site_name":"bikefit.lu","article_modified_time":"2025-04-22T10:12:10+00:00","og_image":[{"width":1000,"height":1000,"url":"https:\/\/bikefit.lu\/wp-content\/uploads\/2025\/02\/bisaddlesquareslimtitilt-1.jpg","type":"image\/jpeg"}],"twitter_card":"summary_large_image","twitter_misc":{"Disponibilit\u00e9":"En stock"},"schema":{"@context":"https:\/\/schema.org","@graph":[{"@type":"WebPage","@id":"https:\/\/bikefit.lu\/fr\/product\/saint\/","url":"https:\/\/bikefit.lu\/fr\/product\/saint\/","name":"Bisaddle Saint - bikefit.lu","isPartOf":{"@id":"https:\/\/bikefit.lu\/fr\/#website"},"primaryImageOfPage":{"@id":"https:\/\/bikefit.lu\/fr\/product\/saint\/#primaryimage"},"image":{"@id":"https:\/\/bikefit.lu\/fr\/product\/saint\/#primaryimage"},"thumbnailUrl":"https:\/\/bikefit.lu\/wp-content\/uploads\/2025\/02\/bisaddlesquareslimtitilt-1.jpg","datePublished":"2025-02-09T06:35:16+00:00","dateModified":"2025-04-22T10:12:10+00:00","breadcrumb":{"@id":"https:\/\/bikefit.lu\/fr\/product\/saint\/#breadcrumb"},"inLanguage":"fr-FR","potentialAction":[{"@type":"ReadAction","target":["https:\/\/bikefit.lu\/fr\/product\/saint\/"]}]},{"@type":"ImageObject","inLanguage":"fr-FR","@id":"https:\/\/bikefit.lu\/fr\/product\/saint\/#primaryimage","url":"https:\/\/bikefit.lu\/wp-content\/uploads\/2025\/02\/bisaddlesquareslimtitilt-1.jpg","contentUrl":"https:\/\/bikefit.lu\/wp-content\/uploads\/2025\/02\/bisaddlesquareslimtitilt-1.jpg","width":1000,"height":1000},{"@type":"BreadcrumbList","@id":"https:\/\/bikefit.lu\/fr\/product\/saint\/#breadcrumb","itemListElement":[{"@type":"ListItem","position":1,"name":"Home","item":"https:\/\/bikefit.lu\/fr\/"},{"@type":"ListItem","position":2,"name":"Produits","item":"https:\/\/bikefit.lu\/fr\/shop\/"},{"@type":"ListItem","position":3,"name":"Bisaddle Saint"}]},{"@type":"WebSite","@id":"https:\/\/bikefit.lu\/fr\/#website","url":"https:\/\/bikefit.lu\/fr\/","name":"bikefit.lu","description":"IMPROVING CYCLING","publisher":{"@id":"https:\/\/bikefit.lu\/fr\/#\/schema\/person\/379af1263474d2f8cd1f41c2bd90273d"},"potentialAction":[{"@type":"SearchAction","target":{"@type":"EntryPoint","urlTemplate":"https:\/\/bikefit.lu\/fr\/?s={search_term_string}"},"query-input":{"@type":"PropertyValueSpecification","valueRequired":true,"valueName":"search_term_string"}}],"inLanguage":"fr-FR"},{"@type":["Person","Organization"],"@id":"https:\/\/bikefit.lu\/fr\/#\/schema\/person\/379af1263474d2f8cd1f41c2bd90273d","name":"Patrick Guillaume","image":{"@type":"ImageObject","inLanguage":"fr-FR","@id":"https:\/\/bikefit.lu\/wp-content\/uploads\/2024\/12\/cropped-bikefit-logoURL-RGB-jpg.jpg","url":"https:\/\/bikefit.lu\/wp-content\/uploads\/2024\/12\/cropped-bikefit-logoURL-RGB-jpg.jpg","contentUrl":"https:\/\/bikefit.lu\/wp-content\/uploads\/2024\/12\/cropped-bikefit-logoURL-RGB-jpg.jpg","width":512,"height":512,"caption":"Patrick Guillaume"},"logo":{"@id":"https:\/\/bikefit.lu\/wp-content\/uploads\/2024\/12\/cropped-bikefit-logoURL-RGB-jpg.jpg"},"sameAs":["https:\/\/bikefit.lu"],"honorificPrefix":"Mr","birthDate":"1966-11-18","gender":"male","knowsAbout":["Bike-fitting"],"knowsLanguage":["English","French","German","Luxembourgish"]}]},"og_availability":"instock","product_availability":"instock","product_condition":"new"},"_links":{"self":[{"href":"https:\/\/bikefit.lu\/fr\/wp-json\/wp\/v2\/product\/93946","targetHints":{"allow":["GET"]}}],"collection":[{"href":"https:\/\/bikefit.lu\/fr\/wp-json\/wp\/v2\/product"}],"about":[{"href":"https:\/\/bikefit.lu\/fr\/wp-json\/wp\/v2\/types\/product"}],"replies":[{"embeddable":true,"href":"https:\/\/bikefit.lu\/fr\/wp-json\/wp\/v2\/comments?post=93946"}],"version-history":[{"count":0,"href":"https:\/\/bikefit.lu\/fr\/wp-json\/wp\/v2\/product\/93946\/revisions"}],"wp:featuredmedia":[{"embeddable":true,"href":"https:\/\/bikefit.lu\/fr\/wp-json\/wp\/v2\/media\/93904"}],"wp:attachment":[{"href":"https:\/\/bikefit.lu\/fr\/wp-json\/wp\/v2\/media?parent=93946"}],"wp:term":[{"taxonomy":"product_brand","embeddable":true,"href":"https:\/\/bikefit.lu\/fr\/wp-json\/wp\/v2\/product_brand?post=93946"},{"taxonomy":"product_cat","embeddable":true,"href":"https:\/\/bikefit.lu\/fr\/wp-json\/wp\/v2\/product_cat?post=93946"},{"taxonomy":"product_tag","embeddable":true,"href":"https:\/\/bikefit.lu\/fr\/wp-json\/wp\/v2\/product_tag?post=93946"}],"curies":[{"name":"wp","href":"https:\/\/api.w.org\/{rel}","templated":true}]}}