{"id":94225,"date":"2025-02-10T06:44:54","date_gmt":"2025-02-10T06:44:54","guid":{"rendered":"https:\/\/bikefit.lu\/shop\/non%20class\u00e9\/bisaddle-saint-pro-3d\/"},"modified":"2026-03-05T22:25:38","modified_gmt":"2026-03-05T21:25:38","slug":"bisaddle-saint-pro-3d","status":"publish","type":"product","link":"https:\/\/bikefit.lu\/fr\/product\/bisaddle-saint-pro-3d\/","title":{"rendered":"BiSaddle Saint Pro 3D"},"content":{"rendered":"<p><strong>BiSaddle Saint Pro 3D \u2013 Ajustabilit\u00e9 extr\u00eame et confort in\u00e9gal\u00e9<\/strong><\/p>\n<p>La selle BiSaddle Saint Pro 3D porte la personnalisation \u00e0 un niveau sup\u00e9rieur, offrant une ajustabilit\u00e9 maximale de la largeur (100-175 mm) combin\u00e9e \u00e0 un rembourrage innovant imprim\u00e9 en 3D pour une r\u00e9partition optimale de la pression et une absorption des chocs sup\u00e9rieure. Elle est id\u00e9ale pour les cyclistes recherchant une ergonomie sur mesure, un confort accru et une efficacit\u00e9 de performance, que ce soit pour le cyclisme sur route longue distance, le triathlon ou les \u00e9preuves d&#8217;ultra-endurance. <\/p>\n<p><strong>Caract\u00e9ristiques <span style=\"font-size: 10pt;\">principales<\/span><\/strong><span style=\"font-size: 10pt;\"> :<\/span><\/p>\n<p><span style=\"display: inline-block; width: 15px; height: 15px; border-radius: 50%; background-color: #24beed; border: 2px solid black; color: white; text-align: center; line-height: 18px; font-size: 10pt;\">\u2714<\/span> BiSaddle est la seule selle au monde \u00e0 forme ajustable. <strong>(BREVET\u00c9E)<br \/>\n<span style=\"display: inline-block; width: 15px; height: 15px; border-radius: 50%; background-color: #24beed; border: 2px solid black; color: white; text-align: center; line-height: 18px; font-size: 10pt;\">\u2714 <\/span> <\/strong>Rembourrage imprim\u00e9 en 3D &#8211; La structure alv\u00e9olaire avanc\u00e9e offre un amorti progressif, am\u00e9liorant l&#8217;absorption des chocs et la r\u00e9partition de la pression.<strong><br \/>\n<\/strong><span style=\"display: inline-block; width: 15px; height: 15px; border-radius: 50%; background-color: #24beed; border: 2px solid black; color: white; text-align: center; line-height: 18px; font-size: 10pt;\">\u2714<\/span> D\u00e9coupe centrale ergonomique : Minimise la pression p\u00e9rin\u00e9ale et am\u00e9liore la circulation sanguine.<br \/>\n<span style=\"display: inline-block; width: 15px; height: 15px; border-radius: 50%; background-color: #24beed; border: 2px solid black; color: white; text-align: center; line-height: 18px; font-size: 10pt;\">\u2714<\/span> Forme modulaire : Sections avant et arri\u00e8re ajustables pour un ajustement personnalis\u00e9.<br \/>\n<span style=\"display: inline-block; width: 15px; height: 15px; border-radius: 50%; background-color: #24beed; border: 2px solid black; color: white; text-align: center; line-height: 18px; font-size: 10pt;\">\u2714<\/span> \u00c9paisseur de la mousse : 20 mm<br \/>\n<span style=\"display: inline-block; width: 15px; height: 15px; border-radius: 50%; background-color: #24beed; border: 2px solid black; color: white; text-align: center; line-height: 18px; font-size: 10pt;\">\u2714 <\/span> Tous les composants sont rempla\u00e7ables, ce qui en fait la derni\u00e8re selle que vous aurez besoin d&#8217;acheter.<\/p>\n<p>La BiSaddle Saint Pro 3D est id\u00e9ale pour les cyclistes qui ont besoin d&#8217;une selle s&#8217;adaptant \u00e0 leur biom\u00e9canique unique, que ce soit pour l&#8217;entra\u00eenement, la comp\u00e9tition ou les randonn\u00e9es d&#8217;endurance longue distance.<\/p>\n<p>\ud83d\udd27 <span style=\"font-size: 14pt;\"><strong>Optimisez votre position. Maximisez votre performance. <\/strong><\/span><\/p>\n<p><b>Principaux \u00e9l\u00e9ments diff\u00e9renciateurs :<\/b><\/p>\n<ul>\n<li style=\"font-weight: 400;\"><span style=\"font-weight: 400;\">Confort ultime avec une technologie 3D de pointe<\/span><\/li>\n<li style=\"font-weight: 400;\"><span style=\"font-weight: 400;\">Durable et robuste (facile \u00e0 nettoyer)<\/span><\/li>\n<li style=\"font-weight: 400;\"><span style=\"font-weight: 400;\">Filtre les vibrations<\/span><\/li>\n<li style=\"font-weight: 400;\"><span style=\"font-weight: 400;\">Ultra-l\u00e9g\u00e8re<\/span><\/li>\n<li><span style=\"font-weight: 400;\">Conforme \u00e0 la longueur UCI<\/span><\/li>\n<li style=\"font-weight: 400;\"><span style=\"font-weight: 400;\">Contre-la-montre, Triathlon, Gravel, XC, Route. <\/span><\/li>\n<li style=\"font-weight: 400;\"><span style=\"font-weight: 400;\">Optimal pour la position a\u00e9rodynamique et le soulagement des tissus mous<\/span><\/li>\n<\/ul>\n<p><strong>Poids de la selle (g) :<\/strong><\/p>\n<p>Chromoly : 347 \/ Titane : 335 \/ Fibre de carbone : 296<\/p>\n<p><strong>Longueur de la selle :<\/strong> 243 mm<\/p>\n","protected":false},"excerpt":{"rendered":"<p><strong>BiSaddle Saint Pro 3D \u2013 Ajustabilit\u00e9 ultime et confort imprim\u00e9 en 3D<\/strong><\/p>\n<p>Avec une largeur ajustable pour les ischions (100-175 mm) et un rembourrage de pointe imprim\u00e9 en 3D, la BiSaddle Saint Pro 3D offre un confort maximal, un soulagement de la pression et une stabilit\u00e9 optimale. Con\u00e7ue pour les cyclistes sur route, les triathl\u00e8tes et les adeptes de l&#8217;ultra-distance, elle assure un transfert de puissance optimal et un soutien durable. <\/p>\n<p>\ud83d\udcf9 Visionnez les caract\u00e9ristiques<\/p>\n<p><a href=\"https:\/\/www.youtube.com\/watch?v=f97JSjNxCpE\" target=\"_blank\" rel=\"noopener\"><br \/>\n<img fetchpriority=\"high\" decoding=\"async\" src=\"https:\/\/img.youtube.com\/vi\/f97JSjNxCpE\/hqdefault.jpg\" alt=\"Regarder sur YouTube\" width=\"560\" height=\"315\"><br \/>\n<\/a><\/p>\n<p>\ud83d\udd27 Apprenez \u00e0 l&#8217;ajuster<\/p>\n<p><a href=\"https:\/\/www.youtube.com\/watch?v=ZWIUm6VF9wk\" target=\"_blank\" rel=\"noopener\"><img decoding=\"async\" src=\"https:\/\/img.youtube.com\/vi\/ZWIUm6VF9wk\/hqdefault.jpg\" alt=\"Vid\u00e9o d'ajustement\"><\/a><\/p>\n","protected":false},"featured_media":94131,"comment_status":"closed","ping_status":"closed","template":"","meta":[],"product_brand":[],"product_cat":[4834,4773,4776],"product_tag":[4985,5193,5124,5163,5183,5679],"class_list":{"0":"post-94225","1":"product","2":"type-product","3":"status-publish","4":"has-post-thumbnail","6":"product_cat-point-de-contact-bassin","7":"product_cat-road-contact-point-pelvis-fr","8":"product_cat-tri-tt-en-fr","9":"product_tag-bisaddle-fr-2","10":"product_tag-contre-la-montre","11":"product_tag-road-fr","12":"product_tag-selles","13":"product_tag-triathlon-fr","14":"product_tag-velo-electrique","15":"product_shipping_class-large-items-fr","17":"first","18":"instock","19":"taxable","20":"shipping-taxable","21":"purchasable","22":"product-type-variable"},"yoast_head":"<!-- This site is optimized with the Yoast SEO Premium plugin v27.3 (Yoast SEO v27.3) - https:\/\/yoast.com\/product\/yoast-seo-premium-wordpress\/ -->\n<title>BiSaddle Saint Pro 3D - bikefit.lu<\/title>\n<meta name=\"robots\" content=\"index, follow, max-snippet:-1, max-image-preview:large, max-video-preview:-1\" \/>\n<link rel=\"canonical\" href=\"https:\/\/bikefit.lu\/fr\/product\/bisaddle-saint-pro-3d\/\" \/>\n<meta property=\"og:locale\" content=\"fr_FR\" \/>\n<meta property=\"og:type\" content=\"article\" \/>\n<meta property=\"og:title\" content=\"BiSaddle Saint Pro 3D\" \/>\n<meta property=\"og:description\" content=\"BiSaddle Saint Pro 3D \u2013 Ajustabilit\u00e9 ultime et confort imprim\u00e9 en 3D Avec une largeur ajustable pour les ischions (100-175 mm) et un rembourrage de pointe imprim\u00e9 en 3D, la BiSaddle Saint Pro 3D offre un confort maximal, un soulagement de la pression et une stabilit\u00e9 optimale. Con\u00e7ue pour les cyclistes sur route, les triathl\u00e8tes et les adeptes de l&#039;ultra-distance, elle assure un transfert de puissance optimal et un soutien durable.  \ud83d\udcf9 Visionnez les caract\u00e9ristiques   \ud83d\udd27 Apprenez \u00e0 l&#039;ajuster\" \/>\n<meta property=\"og:url\" content=\"https:\/\/bikefit.lu\/fr\/product\/bisaddle-saint-pro-3d\/\" \/>\n<meta property=\"og:site_name\" content=\"bikefit.lu\" \/>\n<meta property=\"article:modified_time\" content=\"2026-03-05T21:25:38+00:00\" \/>\n<meta property=\"og:image\" content=\"https:\/\/bikefit.lu\/wp-content\/uploads\/2025\/02\/bisaddlesquaresaint3dti1_0b051399-795a-414e-b40b-effd5e163b59.jpg\" \/>\n\t<meta property=\"og:image:width\" content=\"1000\" \/>\n\t<meta property=\"og:image:height\" content=\"1000\" \/>\n\t<meta property=\"og:image:type\" content=\"image\/jpeg\" \/>\n<meta name=\"twitter:card\" content=\"summary_large_image\" \/>\n<meta name=\"twitter:label1\" content=\"Disponibilit\u00e9\" \/>\n\t<meta name=\"twitter:data1\" content=\"En stock\" \/>\n<script type=\"application\/ld+json\" class=\"yoast-schema-graph\">{\"@context\":\"https:\\\/\\\/schema.org\",\"@graph\":[{\"@type\":\"WebPage\",\"@id\":\"https:\\\/\\\/bikefit.lu\\\/fr\\\/product\\\/bisaddle-saint-pro-3d\\\/\",\"url\":\"https:\\\/\\\/bikefit.lu\\\/fr\\\/product\\\/bisaddle-saint-pro-3d\\\/\",\"name\":\"BiSaddle Saint Pro 3D - bikefit.lu\",\"isPartOf\":{\"@id\":\"https:\\\/\\\/bikefit.lu\\\/fr\\\/#website\"},\"primaryImageOfPage\":{\"@id\":\"https:\\\/\\\/bikefit.lu\\\/fr\\\/product\\\/bisaddle-saint-pro-3d\\\/#primaryimage\"},\"image\":{\"@id\":\"https:\\\/\\\/bikefit.lu\\\/fr\\\/product\\\/bisaddle-saint-pro-3d\\\/#primaryimage\"},\"thumbnailUrl\":\"https:\\\/\\\/bikefit.lu\\\/wp-content\\\/uploads\\\/2025\\\/02\\\/bisaddlesquaresaint3dti1_0b051399-795a-414e-b40b-effd5e163b59.jpg\",\"datePublished\":\"2025-02-10T06:44:54+00:00\",\"dateModified\":\"2026-03-05T21:25:38+00:00\",\"breadcrumb\":{\"@id\":\"https:\\\/\\\/bikefit.lu\\\/fr\\\/product\\\/bisaddle-saint-pro-3d\\\/#breadcrumb\"},\"inLanguage\":\"fr-FR\",\"potentialAction\":[{\"@type\":\"ReadAction\",\"target\":[\"https:\\\/\\\/bikefit.lu\\\/fr\\\/product\\\/bisaddle-saint-pro-3d\\\/\"]}]},{\"@type\":\"ImageObject\",\"inLanguage\":\"fr-FR\",\"@id\":\"https:\\\/\\\/bikefit.lu\\\/fr\\\/product\\\/bisaddle-saint-pro-3d\\\/#primaryimage\",\"url\":\"https:\\\/\\\/bikefit.lu\\\/wp-content\\\/uploads\\\/2025\\\/02\\\/bisaddlesquaresaint3dti1_0b051399-795a-414e-b40b-effd5e163b59.jpg\",\"contentUrl\":\"https:\\\/\\\/bikefit.lu\\\/wp-content\\\/uploads\\\/2025\\\/02\\\/bisaddlesquaresaint3dti1_0b051399-795a-414e-b40b-effd5e163b59.jpg\",\"width\":1000,\"height\":1000},{\"@type\":\"BreadcrumbList\",\"@id\":\"https:\\\/\\\/bikefit.lu\\\/fr\\\/product\\\/bisaddle-saint-pro-3d\\\/#breadcrumb\",\"itemListElement\":[{\"@type\":\"ListItem\",\"position\":1,\"name\":\"Home\",\"item\":\"https:\\\/\\\/bikefit.lu\\\/fr\\\/\"},{\"@type\":\"ListItem\",\"position\":2,\"name\":\"Produits\",\"item\":\"https:\\\/\\\/bikefit.lu\\\/fr\\\/shop\\\/\"},{\"@type\":\"ListItem\",\"position\":3,\"name\":\"BiSaddle Saint Pro 3D\"}]},{\"@type\":\"WebSite\",\"@id\":\"https:\\\/\\\/bikefit.lu\\\/fr\\\/#website\",\"url\":\"https:\\\/\\\/bikefit.lu\\\/fr\\\/\",\"name\":\"bikefit.lu\",\"description\":\"IMPROVING CYCLING\",\"publisher\":{\"@id\":\"https:\\\/\\\/bikefit.lu\\\/fr\\\/#\\\/schema\\\/person\\\/379af1263474d2f8cd1f41c2bd90273d\"},\"potentialAction\":[{\"@type\":\"SearchAction\",\"target\":{\"@type\":\"EntryPoint\",\"urlTemplate\":\"https:\\\/\\\/bikefit.lu\\\/fr\\\/?s={search_term_string}\"},\"query-input\":{\"@type\":\"PropertyValueSpecification\",\"valueRequired\":true,\"valueName\":\"search_term_string\"}}],\"inLanguage\":\"fr-FR\"},{\"@type\":[\"Person\",\"Organization\"],\"@id\":\"https:\\\/\\\/bikefit.lu\\\/fr\\\/#\\\/schema\\\/person\\\/379af1263474d2f8cd1f41c2bd90273d\",\"name\":\"Patrick Guillaume\",\"image\":{\"@type\":\"ImageObject\",\"inLanguage\":\"fr-FR\",\"@id\":\"https:\\\/\\\/bikefit.lu\\\/wp-content\\\/uploads\\\/2024\\\/12\\\/cropped-bikefit-logoURL-RGB-jpg.jpg\",\"url\":\"https:\\\/\\\/bikefit.lu\\\/wp-content\\\/uploads\\\/2024\\\/12\\\/cropped-bikefit-logoURL-RGB-jpg.jpg\",\"contentUrl\":\"https:\\\/\\\/bikefit.lu\\\/wp-content\\\/uploads\\\/2024\\\/12\\\/cropped-bikefit-logoURL-RGB-jpg.jpg\",\"width\":512,\"height\":512,\"caption\":\"Patrick Guillaume\"},\"logo\":{\"@id\":\"https:\\\/\\\/bikefit.lu\\\/wp-content\\\/uploads\\\/2024\\\/12\\\/cropped-bikefit-logoURL-RGB-jpg.jpg\"},\"sameAs\":[\"https:\\\/\\\/bikefit.lu\"],\"honorificPrefix\":\"Mr\",\"birthDate\":\"1966-11-18\",\"gender\":\"male\",\"knowsAbout\":[\"Bike-fitting\"],\"knowsLanguage\":[\"English\",\"French\",\"German\",\"Luxembourgish\"]}]}<\/script>\n<meta property=\"og:availability\" content=\"instock\" \/>\n<meta property=\"product:availability\" content=\"instock\" \/>\n<meta property=\"product:condition\" content=\"new\" \/>\n<!-- \/ Yoast SEO Premium plugin. -->","yoast_head_json":{"title":"BiSaddle Saint Pro 3D - bikefit.lu","robots":{"index":"index","follow":"follow","max-snippet":"max-snippet:-1","max-image-preview":"max-image-preview:large","max-video-preview":"max-video-preview:-1"},"canonical":"https:\/\/bikefit.lu\/fr\/product\/bisaddle-saint-pro-3d\/","og_locale":"fr_FR","og_type":"article","og_title":"BiSaddle Saint Pro 3D","og_description":"BiSaddle Saint Pro 3D \u2013 Ajustabilit\u00e9 ultime et confort imprim\u00e9 en 3D Avec une largeur ajustable pour les ischions (100-175 mm) et un rembourrage de pointe imprim\u00e9 en 3D, la BiSaddle Saint Pro 3D offre un confort maximal, un soulagement de la pression et une stabilit\u00e9 optimale. Con\u00e7ue pour les cyclistes sur route, les triathl\u00e8tes et les adeptes de l'ultra-distance, elle assure un transfert de puissance optimal et un soutien durable.  \ud83d\udcf9 Visionnez les caract\u00e9ristiques   \ud83d\udd27 Apprenez \u00e0 l'ajuster","og_url":"https:\/\/bikefit.lu\/fr\/product\/bisaddle-saint-pro-3d\/","og_site_name":"bikefit.lu","article_modified_time":"2026-03-05T21:25:38+00:00","og_image":[{"width":1000,"height":1000,"url":"https:\/\/bikefit.lu\/wp-content\/uploads\/2025\/02\/bisaddlesquaresaint3dti1_0b051399-795a-414e-b40b-effd5e163b59.jpg","type":"image\/jpeg"}],"twitter_card":"summary_large_image","twitter_misc":{"Disponibilit\u00e9":"En stock"},"schema":{"@context":"https:\/\/schema.org","@graph":[{"@type":"WebPage","@id":"https:\/\/bikefit.lu\/fr\/product\/bisaddle-saint-pro-3d\/","url":"https:\/\/bikefit.lu\/fr\/product\/bisaddle-saint-pro-3d\/","name":"BiSaddle Saint Pro 3D - bikefit.lu","isPartOf":{"@id":"https:\/\/bikefit.lu\/fr\/#website"},"primaryImageOfPage":{"@id":"https:\/\/bikefit.lu\/fr\/product\/bisaddle-saint-pro-3d\/#primaryimage"},"image":{"@id":"https:\/\/bikefit.lu\/fr\/product\/bisaddle-saint-pro-3d\/#primaryimage"},"thumbnailUrl":"https:\/\/bikefit.lu\/wp-content\/uploads\/2025\/02\/bisaddlesquaresaint3dti1_0b051399-795a-414e-b40b-effd5e163b59.jpg","datePublished":"2025-02-10T06:44:54+00:00","dateModified":"2026-03-05T21:25:38+00:00","breadcrumb":{"@id":"https:\/\/bikefit.lu\/fr\/product\/bisaddle-saint-pro-3d\/#breadcrumb"},"inLanguage":"fr-FR","potentialAction":[{"@type":"ReadAction","target":["https:\/\/bikefit.lu\/fr\/product\/bisaddle-saint-pro-3d\/"]}]},{"@type":"ImageObject","inLanguage":"fr-FR","@id":"https:\/\/bikefit.lu\/fr\/product\/bisaddle-saint-pro-3d\/#primaryimage","url":"https:\/\/bikefit.lu\/wp-content\/uploads\/2025\/02\/bisaddlesquaresaint3dti1_0b051399-795a-414e-b40b-effd5e163b59.jpg","contentUrl":"https:\/\/bikefit.lu\/wp-content\/uploads\/2025\/02\/bisaddlesquaresaint3dti1_0b051399-795a-414e-b40b-effd5e163b59.jpg","width":1000,"height":1000},{"@type":"BreadcrumbList","@id":"https:\/\/bikefit.lu\/fr\/product\/bisaddle-saint-pro-3d\/#breadcrumb","itemListElement":[{"@type":"ListItem","position":1,"name":"Home","item":"https:\/\/bikefit.lu\/fr\/"},{"@type":"ListItem","position":2,"name":"Produits","item":"https:\/\/bikefit.lu\/fr\/shop\/"},{"@type":"ListItem","position":3,"name":"BiSaddle Saint Pro 3D"}]},{"@type":"WebSite","@id":"https:\/\/bikefit.lu\/fr\/#website","url":"https:\/\/bikefit.lu\/fr\/","name":"bikefit.lu","description":"IMPROVING CYCLING","publisher":{"@id":"https:\/\/bikefit.lu\/fr\/#\/schema\/person\/379af1263474d2f8cd1f41c2bd90273d"},"potentialAction":[{"@type":"SearchAction","target":{"@type":"EntryPoint","urlTemplate":"https:\/\/bikefit.lu\/fr\/?s={search_term_string}"},"query-input":{"@type":"PropertyValueSpecification","valueRequired":true,"valueName":"search_term_string"}}],"inLanguage":"fr-FR"},{"@type":["Person","Organization"],"@id":"https:\/\/bikefit.lu\/fr\/#\/schema\/person\/379af1263474d2f8cd1f41c2bd90273d","name":"Patrick Guillaume","image":{"@type":"ImageObject","inLanguage":"fr-FR","@id":"https:\/\/bikefit.lu\/wp-content\/uploads\/2024\/12\/cropped-bikefit-logoURL-RGB-jpg.jpg","url":"https:\/\/bikefit.lu\/wp-content\/uploads\/2024\/12\/cropped-bikefit-logoURL-RGB-jpg.jpg","contentUrl":"https:\/\/bikefit.lu\/wp-content\/uploads\/2024\/12\/cropped-bikefit-logoURL-RGB-jpg.jpg","width":512,"height":512,"caption":"Patrick Guillaume"},"logo":{"@id":"https:\/\/bikefit.lu\/wp-content\/uploads\/2024\/12\/cropped-bikefit-logoURL-RGB-jpg.jpg"},"sameAs":["https:\/\/bikefit.lu"],"honorificPrefix":"Mr","birthDate":"1966-11-18","gender":"male","knowsAbout":["Bike-fitting"],"knowsLanguage":["English","French","German","Luxembourgish"]}]},"og_availability":"instock","product_availability":"instock","product_condition":"new"},"_links":{"self":[{"href":"https:\/\/bikefit.lu\/fr\/wp-json\/wp\/v2\/product\/94225","targetHints":{"allow":["GET"]}}],"collection":[{"href":"https:\/\/bikefit.lu\/fr\/wp-json\/wp\/v2\/product"}],"about":[{"href":"https:\/\/bikefit.lu\/fr\/wp-json\/wp\/v2\/types\/product"}],"replies":[{"embeddable":true,"href":"https:\/\/bikefit.lu\/fr\/wp-json\/wp\/v2\/comments?post=94225"}],"version-history":[{"count":1,"href":"https:\/\/bikefit.lu\/fr\/wp-json\/wp\/v2\/product\/94225\/revisions"}],"predecessor-version":[{"id":99213,"href":"https:\/\/bikefit.lu\/fr\/wp-json\/wp\/v2\/product\/94225\/revisions\/99213"}],"wp:featuredmedia":[{"embeddable":true,"href":"https:\/\/bikefit.lu\/fr\/wp-json\/wp\/v2\/media\/94131"}],"wp:attachment":[{"href":"https:\/\/bikefit.lu\/fr\/wp-json\/wp\/v2\/media?parent=94225"}],"wp:term":[{"taxonomy":"product_brand","embeddable":true,"href":"https:\/\/bikefit.lu\/fr\/wp-json\/wp\/v2\/product_brand?post=94225"},{"taxonomy":"product_cat","embeddable":true,"href":"https:\/\/bikefit.lu\/fr\/wp-json\/wp\/v2\/product_cat?post=94225"},{"taxonomy":"product_tag","embeddable":true,"href":"https:\/\/bikefit.lu\/fr\/wp-json\/wp\/v2\/product_tag?post=94225"}],"curies":[{"name":"wp","href":"https:\/\/api.w.org\/{rel}","templated":true}]}}