{"id":94787,"date":"2025-03-21T06:45:47","date_gmt":"2025-03-21T05:45:47","guid":{"rendered":"https:\/\/bikefit.lu\/?post_type=product&#038;p=94787"},"modified":"2025-03-21T07:05:25","modified_gmt":"2025-03-21T06:05:25","slug":"vis-pour-cales-speedplay-walkable-wahoo-speedplay-copy","status":"publish","type":"product","link":"https:\/\/bikefit.lu\/fr\/product\/vis-pour-cales-speedplay-walkable-wahoo-speedplay-copy\/","title":{"rendered":"Vis \u00e0 t\u00eate frais\u00e9e pour cales Speedplay V1"},"content":{"rendered":"<p>Ajouter des coins (wedges) ou des entretoises de compensation diff\u00e9rence de longueur de jambes vous oblige \u00e0 \u00e9changer les vis d\u2019origine par des vis plus longues. Les vis d&#8217;origine livr\u00e9es avec les cales sont d&#8217;une longueur de 8 mm.<\/p>\n<p>&nbsp;<\/p>\n","protected":false},"excerpt":{"rendered":"<p>Vis \u00e0 t\u00eate frais\u00e9e Phillips M4 en acier inoxydable <b>\u00e0 t\u00eate frais\u00e9e<\/b> compatibles avec les syst\u00e8mes de cales Speedplay V1. Disponible en plusieurs longueurs pour faciliter l&#8217;utilisation avec diff\u00e9rentes hauteurs de shims \/ wedges. Veuillez consulter le guide des longueurs, que vous pouvez t\u00e9l\u00e9charger.<\/p>\n<p>&nbsp;<\/p>\n","protected":false},"featured_media":94819,"comment_status":"closed","ping_status":"closed","template":"","meta":[],"product_brand":[],"product_cat":[4780,4826,4785],"product_tag":[5043,5066,5124,5176],"class_list":{"0":"post-94787","1":"product","2":"type-product","3":"status-publish","4":"has-post-thumbnail","6":"product_cat-hardware-fr","7":"product_cat-foot-pedal-interface-fr","8":"product_cat-road-fr","9":"product_tag-cleat-screws-fr","10":"product_tag-hardware-fr","11":"product_tag-road-fr","12":"product_tag-wahoo-speedplay-fr","13":"product_shipping_class-format-xs-fr","15":"first","16":"instock","17":"taxable","18":"shipping-taxable","19":"purchasable","20":"product-type-variable"},"yoast_head":"<!-- This site is optimized with the Yoast SEO Premium plugin v27.3 (Yoast SEO v27.3) - https:\/\/yoast.com\/product\/yoast-seo-premium-wordpress\/ -->\n<title>Vis \u00e0 t\u00eate frais\u00e9e pour cales Speedplay V1 - bikefit.lu<\/title>\n<meta name=\"robots\" content=\"index, follow, max-snippet:-1, max-image-preview:large, max-video-preview:-1\" \/>\n<link rel=\"canonical\" href=\"https:\/\/bikefit.lu\/fr\/product\/vis-pour-cales-speedplay-walkable-wahoo-speedplay-copy\/\" \/>\n<meta property=\"og:locale\" content=\"fr_FR\" \/>\n<meta property=\"og:type\" content=\"article\" \/>\n<meta property=\"og:title\" content=\"Vis \u00e0 t\u00eate frais\u00e9e pour cales Speedplay V1\" \/>\n<meta property=\"og:description\" content=\"Vis \u00e0 t\u00eate frais\u00e9e Phillips M4 en acier inoxydable \u00e0 t\u00eate frais\u00e9e compatibles avec les syst\u00e8mes de cales Speedplay V1. Disponible en plusieurs longueurs pour faciliter l&#039;utilisation avec diff\u00e9rentes hauteurs de shims \/ wedges. Veuillez consulter le guide des longueurs, que vous pouvez t\u00e9l\u00e9charger. &nbsp;\" \/>\n<meta property=\"og:url\" content=\"https:\/\/bikefit.lu\/fr\/product\/vis-pour-cales-speedplay-walkable-wahoo-speedplay-copy\/\" \/>\n<meta property=\"og:site_name\" content=\"bikefit.lu\" \/>\n<meta property=\"article:modified_time\" content=\"2025-03-21T06:05:25+00:00\" \/>\n<meta property=\"og:image\" content=\"https:\/\/bikefit.lu\/wp-content\/uploads\/2025\/03\/V1-screws-1.jpeg\" \/>\n\t<meta property=\"og:image:width\" content=\"225\" \/>\n\t<meta property=\"og:image:height\" content=\"225\" \/>\n\t<meta property=\"og:image:type\" content=\"image\/jpeg\" \/>\n<meta name=\"twitter:card\" content=\"summary_large_image\" \/>\n<meta name=\"twitter:label1\" content=\"Disponibilit\u00e9\" \/>\n\t<meta name=\"twitter:data1\" content=\"En stock\" \/>\n<script type=\"application\/ld+json\" class=\"yoast-schema-graph\">{\"@context\":\"https:\\\/\\\/schema.org\",\"@graph\":[{\"@type\":\"WebPage\",\"@id\":\"https:\\\/\\\/bikefit.lu\\\/fr\\\/product\\\/vis-pour-cales-speedplay-walkable-wahoo-speedplay-copy\\\/\",\"url\":\"https:\\\/\\\/bikefit.lu\\\/fr\\\/product\\\/vis-pour-cales-speedplay-walkable-wahoo-speedplay-copy\\\/\",\"name\":\"Vis \u00e0 t\u00eate frais\u00e9e pour cales Speedplay V1 - bikefit.lu\",\"isPartOf\":{\"@id\":\"https:\\\/\\\/bikefit.lu\\\/fr\\\/#website\"},\"primaryImageOfPage\":{\"@id\":\"https:\\\/\\\/bikefit.lu\\\/fr\\\/product\\\/vis-pour-cales-speedplay-walkable-wahoo-speedplay-copy\\\/#primaryimage\"},\"image\":{\"@id\":\"https:\\\/\\\/bikefit.lu\\\/fr\\\/product\\\/vis-pour-cales-speedplay-walkable-wahoo-speedplay-copy\\\/#primaryimage\"},\"thumbnailUrl\":\"https:\\\/\\\/bikefit.lu\\\/wp-content\\\/uploads\\\/2025\\\/03\\\/V1-screws-1.jpeg\",\"datePublished\":\"2025-03-21T05:45:47+00:00\",\"dateModified\":\"2025-03-21T06:05:25+00:00\",\"breadcrumb\":{\"@id\":\"https:\\\/\\\/bikefit.lu\\\/fr\\\/product\\\/vis-pour-cales-speedplay-walkable-wahoo-speedplay-copy\\\/#breadcrumb\"},\"inLanguage\":\"fr-FR\",\"potentialAction\":[{\"@type\":\"ReadAction\",\"target\":[\"https:\\\/\\\/bikefit.lu\\\/fr\\\/product\\\/vis-pour-cales-speedplay-walkable-wahoo-speedplay-copy\\\/\"]}]},{\"@type\":\"ImageObject\",\"inLanguage\":\"fr-FR\",\"@id\":\"https:\\\/\\\/bikefit.lu\\\/fr\\\/product\\\/vis-pour-cales-speedplay-walkable-wahoo-speedplay-copy\\\/#primaryimage\",\"url\":\"https:\\\/\\\/bikefit.lu\\\/wp-content\\\/uploads\\\/2025\\\/03\\\/V1-screws-1.jpeg\",\"contentUrl\":\"https:\\\/\\\/bikefit.lu\\\/wp-content\\\/uploads\\\/2025\\\/03\\\/V1-screws-1.jpeg\",\"width\":225,\"height\":225},{\"@type\":\"BreadcrumbList\",\"@id\":\"https:\\\/\\\/bikefit.lu\\\/fr\\\/product\\\/vis-pour-cales-speedplay-walkable-wahoo-speedplay-copy\\\/#breadcrumb\",\"itemListElement\":[{\"@type\":\"ListItem\",\"position\":1,\"name\":\"Home\",\"item\":\"https:\\\/\\\/bikefit.lu\\\/fr\\\/\"},{\"@type\":\"ListItem\",\"position\":2,\"name\":\"Produits\",\"item\":\"https:\\\/\\\/bikefit.lu\\\/fr\\\/shop\\\/\"},{\"@type\":\"ListItem\",\"position\":3,\"name\":\"Vis \u00e0 t\u00eate frais\u00e9e pour cales Speedplay V1\"}]},{\"@type\":\"WebSite\",\"@id\":\"https:\\\/\\\/bikefit.lu\\\/fr\\\/#website\",\"url\":\"https:\\\/\\\/bikefit.lu\\\/fr\\\/\",\"name\":\"bikefit.lu\",\"description\":\"IMPROVING CYCLING\",\"publisher\":{\"@id\":\"https:\\\/\\\/bikefit.lu\\\/fr\\\/#\\\/schema\\\/person\\\/379af1263474d2f8cd1f41c2bd90273d\"},\"potentialAction\":[{\"@type\":\"SearchAction\",\"target\":{\"@type\":\"EntryPoint\",\"urlTemplate\":\"https:\\\/\\\/bikefit.lu\\\/fr\\\/?s={search_term_string}\"},\"query-input\":{\"@type\":\"PropertyValueSpecification\",\"valueRequired\":true,\"valueName\":\"search_term_string\"}}],\"inLanguage\":\"fr-FR\"},{\"@type\":[\"Person\",\"Organization\"],\"@id\":\"https:\\\/\\\/bikefit.lu\\\/fr\\\/#\\\/schema\\\/person\\\/379af1263474d2f8cd1f41c2bd90273d\",\"name\":\"Patrick Guillaume\",\"image\":{\"@type\":\"ImageObject\",\"inLanguage\":\"fr-FR\",\"@id\":\"https:\\\/\\\/bikefit.lu\\\/wp-content\\\/uploads\\\/2024\\\/12\\\/cropped-bikefit-logoURL-RGB-jpg.jpg\",\"url\":\"https:\\\/\\\/bikefit.lu\\\/wp-content\\\/uploads\\\/2024\\\/12\\\/cropped-bikefit-logoURL-RGB-jpg.jpg\",\"contentUrl\":\"https:\\\/\\\/bikefit.lu\\\/wp-content\\\/uploads\\\/2024\\\/12\\\/cropped-bikefit-logoURL-RGB-jpg.jpg\",\"width\":512,\"height\":512,\"caption\":\"Patrick Guillaume\"},\"logo\":{\"@id\":\"https:\\\/\\\/bikefit.lu\\\/wp-content\\\/uploads\\\/2024\\\/12\\\/cropped-bikefit-logoURL-RGB-jpg.jpg\"},\"sameAs\":[\"https:\\\/\\\/bikefit.lu\"],\"honorificPrefix\":\"Mr\",\"birthDate\":\"1966-11-18\",\"gender\":\"male\",\"knowsAbout\":[\"Bike-fitting\"],\"knowsLanguage\":[\"English\",\"French\",\"German\",\"Luxembourgish\"]}]}<\/script>\n<meta property=\"og:availability\" content=\"instock\" \/>\n<meta property=\"product:availability\" content=\"instock\" \/>\n<meta property=\"product:condition\" content=\"new\" \/>\n<!-- \/ Yoast SEO Premium plugin. -->","yoast_head_json":{"title":"Vis \u00e0 t\u00eate frais\u00e9e pour cales Speedplay V1 - bikefit.lu","robots":{"index":"index","follow":"follow","max-snippet":"max-snippet:-1","max-image-preview":"max-image-preview:large","max-video-preview":"max-video-preview:-1"},"canonical":"https:\/\/bikefit.lu\/fr\/product\/vis-pour-cales-speedplay-walkable-wahoo-speedplay-copy\/","og_locale":"fr_FR","og_type":"article","og_title":"Vis \u00e0 t\u00eate frais\u00e9e pour cales Speedplay V1","og_description":"Vis \u00e0 t\u00eate frais\u00e9e Phillips M4 en acier inoxydable \u00e0 t\u00eate frais\u00e9e compatibles avec les syst\u00e8mes de cales Speedplay V1. Disponible en plusieurs longueurs pour faciliter l'utilisation avec diff\u00e9rentes hauteurs de shims \/ wedges. Veuillez consulter le guide des longueurs, que vous pouvez t\u00e9l\u00e9charger. &nbsp;","og_url":"https:\/\/bikefit.lu\/fr\/product\/vis-pour-cales-speedplay-walkable-wahoo-speedplay-copy\/","og_site_name":"bikefit.lu","article_modified_time":"2025-03-21T06:05:25+00:00","og_image":[{"width":225,"height":225,"url":"https:\/\/bikefit.lu\/wp-content\/uploads\/2025\/03\/V1-screws-1.jpeg","type":"image\/jpeg"}],"twitter_card":"summary_large_image","twitter_misc":{"Disponibilit\u00e9":"En stock"},"schema":{"@context":"https:\/\/schema.org","@graph":[{"@type":"WebPage","@id":"https:\/\/bikefit.lu\/fr\/product\/vis-pour-cales-speedplay-walkable-wahoo-speedplay-copy\/","url":"https:\/\/bikefit.lu\/fr\/product\/vis-pour-cales-speedplay-walkable-wahoo-speedplay-copy\/","name":"Vis \u00e0 t\u00eate frais\u00e9e pour cales Speedplay V1 - bikefit.lu","isPartOf":{"@id":"https:\/\/bikefit.lu\/fr\/#website"},"primaryImageOfPage":{"@id":"https:\/\/bikefit.lu\/fr\/product\/vis-pour-cales-speedplay-walkable-wahoo-speedplay-copy\/#primaryimage"},"image":{"@id":"https:\/\/bikefit.lu\/fr\/product\/vis-pour-cales-speedplay-walkable-wahoo-speedplay-copy\/#primaryimage"},"thumbnailUrl":"https:\/\/bikefit.lu\/wp-content\/uploads\/2025\/03\/V1-screws-1.jpeg","datePublished":"2025-03-21T05:45:47+00:00","dateModified":"2025-03-21T06:05:25+00:00","breadcrumb":{"@id":"https:\/\/bikefit.lu\/fr\/product\/vis-pour-cales-speedplay-walkable-wahoo-speedplay-copy\/#breadcrumb"},"inLanguage":"fr-FR","potentialAction":[{"@type":"ReadAction","target":["https:\/\/bikefit.lu\/fr\/product\/vis-pour-cales-speedplay-walkable-wahoo-speedplay-copy\/"]}]},{"@type":"ImageObject","inLanguage":"fr-FR","@id":"https:\/\/bikefit.lu\/fr\/product\/vis-pour-cales-speedplay-walkable-wahoo-speedplay-copy\/#primaryimage","url":"https:\/\/bikefit.lu\/wp-content\/uploads\/2025\/03\/V1-screws-1.jpeg","contentUrl":"https:\/\/bikefit.lu\/wp-content\/uploads\/2025\/03\/V1-screws-1.jpeg","width":225,"height":225},{"@type":"BreadcrumbList","@id":"https:\/\/bikefit.lu\/fr\/product\/vis-pour-cales-speedplay-walkable-wahoo-speedplay-copy\/#breadcrumb","itemListElement":[{"@type":"ListItem","position":1,"name":"Home","item":"https:\/\/bikefit.lu\/fr\/"},{"@type":"ListItem","position":2,"name":"Produits","item":"https:\/\/bikefit.lu\/fr\/shop\/"},{"@type":"ListItem","position":3,"name":"Vis \u00e0 t\u00eate frais\u00e9e pour cales Speedplay V1"}]},{"@type":"WebSite","@id":"https:\/\/bikefit.lu\/fr\/#website","url":"https:\/\/bikefit.lu\/fr\/","name":"bikefit.lu","description":"IMPROVING CYCLING","publisher":{"@id":"https:\/\/bikefit.lu\/fr\/#\/schema\/person\/379af1263474d2f8cd1f41c2bd90273d"},"potentialAction":[{"@type":"SearchAction","target":{"@type":"EntryPoint","urlTemplate":"https:\/\/bikefit.lu\/fr\/?s={search_term_string}"},"query-input":{"@type":"PropertyValueSpecification","valueRequired":true,"valueName":"search_term_string"}}],"inLanguage":"fr-FR"},{"@type":["Person","Organization"],"@id":"https:\/\/bikefit.lu\/fr\/#\/schema\/person\/379af1263474d2f8cd1f41c2bd90273d","name":"Patrick Guillaume","image":{"@type":"ImageObject","inLanguage":"fr-FR","@id":"https:\/\/bikefit.lu\/wp-content\/uploads\/2024\/12\/cropped-bikefit-logoURL-RGB-jpg.jpg","url":"https:\/\/bikefit.lu\/wp-content\/uploads\/2024\/12\/cropped-bikefit-logoURL-RGB-jpg.jpg","contentUrl":"https:\/\/bikefit.lu\/wp-content\/uploads\/2024\/12\/cropped-bikefit-logoURL-RGB-jpg.jpg","width":512,"height":512,"caption":"Patrick Guillaume"},"logo":{"@id":"https:\/\/bikefit.lu\/wp-content\/uploads\/2024\/12\/cropped-bikefit-logoURL-RGB-jpg.jpg"},"sameAs":["https:\/\/bikefit.lu"],"honorificPrefix":"Mr","birthDate":"1966-11-18","gender":"male","knowsAbout":["Bike-fitting"],"knowsLanguage":["English","French","German","Luxembourgish"]}]},"og_availability":"instock","product_availability":"instock","product_condition":"new"},"_links":{"self":[{"href":"https:\/\/bikefit.lu\/fr\/wp-json\/wp\/v2\/product\/94787","targetHints":{"allow":["GET"]}}],"collection":[{"href":"https:\/\/bikefit.lu\/fr\/wp-json\/wp\/v2\/product"}],"about":[{"href":"https:\/\/bikefit.lu\/fr\/wp-json\/wp\/v2\/types\/product"}],"replies":[{"embeddable":true,"href":"https:\/\/bikefit.lu\/fr\/wp-json\/wp\/v2\/comments?post=94787"}],"version-history":[{"count":0,"href":"https:\/\/bikefit.lu\/fr\/wp-json\/wp\/v2\/product\/94787\/revisions"}],"wp:featuredmedia":[{"embeddable":true,"href":"https:\/\/bikefit.lu\/fr\/wp-json\/wp\/v2\/media\/94819"}],"wp:attachment":[{"href":"https:\/\/bikefit.lu\/fr\/wp-json\/wp\/v2\/media?parent=94787"}],"wp:term":[{"taxonomy":"product_brand","embeddable":true,"href":"https:\/\/bikefit.lu\/fr\/wp-json\/wp\/v2\/product_brand?post=94787"},{"taxonomy":"product_cat","embeddable":true,"href":"https:\/\/bikefit.lu\/fr\/wp-json\/wp\/v2\/product_cat?post=94787"},{"taxonomy":"product_tag","embeddable":true,"href":"https:\/\/bikefit.lu\/fr\/wp-json\/wp\/v2\/product_tag?post=94787"}],"curies":[{"name":"wp","href":"https:\/\/api.w.org\/{rel}","templated":true}]}}