{"id":95068,"date":"2025-04-13T19:17:13","date_gmt":"2025-04-13T17:17:13","guid":{"rendered":"https:\/\/bikefit.lu\/shop\/non%20class\u00e9\/kit-de-cales-empilables-supplementaires-pour-cales-de-longueur-de-jambe-mtb-walkable-v2-form\/"},"modified":"2025-06-06T00:52:58","modified_gmt":"2025-06-05T22:52:58","slug":"kit-de-cales-empilables-supplementaires-pour-cales-de-longueur-de-jambe-mtb-walkable-v2-form","status":"publish","type":"product","link":"https:\/\/bikefit.lu\/fr\/product\/kit-de-cales-empilables-supplementaires-pour-cales-de-longueur-de-jambe-mtb-walkable-v2-form\/","title":{"rendered":"Kit de cales empilables suppl\u00e9mentaires pour cales de longueur de jambe \u2013 MTB walkable V2 FORM\u00ae"},"content":{"rendered":"<p><strong>CRIT\u00c8RES D&#8217;UTILISATION<\/strong><\/p>\n<p>Les cales de longueur de jambe sont utilis\u00e9es pour augmenter la longueur effective d&#8217;une jambe plus courte dans les cas o\u00f9 un cycliste souffre d&#8217;une diff\u00e9rence de longueur de jambe. Les signes d&#8217;une anomalie peuvent \u00eatre les suivants :<\/p>\n<p><strong>a) le pied du c\u00f4t\u00e9 de la jambe courte doit aller chercher plus loin en position p\u00e9dale basse<br \/>\n<\/strong><strong>b) le bassin est inclin\u00e9 ou le cycliste se penche d&#8217;un c\u00f4t\u00e9 de la selle pour rester en contact avec les p\u00e9dales<br \/>\n<\/strong><strong>c) sensation d&#8217;une jambe insuffisamment tendue alors que l&#8217;autre se sent bien<\/strong><\/p>\n<p>En supposant qu&#8217;un cycliste ait \u00e9t\u00e9 \u00e9valu\u00e9 comme pr\u00e9sentant un \u00e9cart, les probl\u00e8mes ci-dessus pourraient \u00eatre r\u00e9solus en utilisant des cales de longueur de jambe. Le shimming cr\u00e9e une extension plus \u00e9gale des jambes, stabilise le bassin et permet un coup de p\u00e9dale plus fluide et mieux contr\u00f4l\u00e9. <\/p>\n<p><em><strong>* La cale V2 est compatible avec toutes les cales de type MTB, y compris SPD, Time ATAC, Crank Bros et Look X-Track.<\/strong><\/em><\/p>\n","protected":false},"excerpt":{"rendered":"<p id=\"isPasted\" class=\"ai-optimize-42\">Le syst\u00e8me de kit de cales empilables FORM est con\u00e7u pour augmenter la hauteur de la cale V2 &#8220;walkable&#8221; pour chaussures VTT, afin de r\u00e9pondre aux exigences de hauteur au-del\u00e0 de la plage standard de 3 \u00e0 6 mm.<br \/>Le kit remplace la plaque standard de 2 mm fournie avec le kit de base par une cale de hauteur augment\u00e9e, accompagn\u00e9e d&#8217;un jeu d&#8217;entretoises suppl\u00e9mentaires de 2 mm \u00e0 clipser (en option). <\/p>\n<p class=\"ai-optimize-43\">\u2013 Le Kit 1 permet d&#8217;obtenir entre 7 et 10 mm lorsqu\u2019il est combin\u00e9 avec la cale de base de 3 mm et l\u2019entretoise de 1 mm.<\/p>\n<p class=\"ai-optimize-44\">\u2013 Le Kit 2 permet d\u2019obtenir entre 11 et 14 mm lorsqu\u2019il est combin\u00e9 avec la cale de base de 3 mm et l\u2019entretoise de 1 mm.<\/p>\n<p class=\"ai-optimize-45\"><strong>Contenu du kit: <\/strong><\/p>\n<ul>\n<li class=\"ai-optimize-46\"><strong>Kit 4\/6 mm<\/strong> (hauteur totale de 7 \u00e0 10 mm) : stacker de 4 mm \/ jeu d&#8217;entretoises de 2 mm \/ plaque de cales \/ vis d&#8217;entretoise \/ vis de cales<\/li>\n<li class=\"ai-optimize-47\"><strong>Kit 8\/10 mm<\/strong> (hauteur totale de 11 \u00e0 14 mm) : stacker de 8 mm \/ jeu d&#8217;entretoises de 2 mm \/ plaque de cales \/ vis d&#8217;entretoise \/ vis de cales<\/li>\n<\/ul>\n<p class=\"ai-optimize-48\"><em>*Remarque : Ce kit ne comprend pas le kit de base V2, qui doit \u00eatre achet\u00e9 s\u00e9par\u00e9ment. Les instructions de montage se trouvent dans le carrousel d\u2019images. <\/em><\/p>\n","protected":false},"featured_media":95026,"comment_status":"closed","ping_status":"closed","template":"","meta":[],"product_brand":[],"product_cat":[4783,4826],"product_tag":[5052,4824,5104],"class_list":{"0":"post-95068","1":"product","2":"type-product","3":"status-publish","4":"has-post-thumbnail","6":"product_cat-offroad-fr-2","7":"product_cat-foot-pedal-interface-fr","8":"product_tag-form-fr","9":"product_tag-offroad-fr","10":"product_tag-shims","11":"product_shipping_class-format-s-fr","12":"pa_stack-4-6-mm-fr","13":"pa_stack-8-10-mm-fr","15":"first","16":"instock","17":"taxable","18":"shipping-taxable","19":"purchasable","20":"product-type-variable"},"yoast_head":"<!-- This site is optimized with the Yoast SEO Premium plugin v27.3 (Yoast SEO v27.3) - https:\/\/yoast.com\/product\/yoast-seo-premium-wordpress\/ -->\n<title>Kit de cales empilables suppl\u00e9mentaires pour cales de longueur de jambe \u2013 MTB walkable V2 FORM\u00ae - bikefit.lu<\/title>\n<meta name=\"robots\" content=\"index, follow, max-snippet:-1, max-image-preview:large, max-video-preview:-1\" \/>\n<link rel=\"canonical\" href=\"https:\/\/bikefit.lu\/fr\/product\/kit-de-cales-empilables-supplementaires-pour-cales-de-longueur-de-jambe-mtb-walkable-v2-form\/\" \/>\n<meta property=\"og:locale\" content=\"fr_FR\" \/>\n<meta property=\"og:type\" content=\"article\" \/>\n<meta property=\"og:title\" content=\"Kit de cales empilables suppl\u00e9mentaires pour cales de longueur de jambe \u2013 MTB walkable V2 FORM\u00ae\" \/>\n<meta property=\"og:description\" content=\"Le syst\u00e8me de kit de cales empilables FORM est con\u00e7u pour augmenter la hauteur de la cale V2 &quot;walkable&quot; pour chaussures VTT, afin de r\u00e9pondre aux exigences de hauteur au-del\u00e0 de la plage standard de 3 \u00e0 6 mm.Le kit remplace la plaque standard de 2 mm fournie avec le kit de base par une cale de hauteur augment\u00e9e, accompagn\u00e9e d&#039;un jeu d&#039;entretoises suppl\u00e9mentaires de 2 mm \u00e0 clipser (en option). \u2013 Le Kit 1 permet d&#039;obtenir entre 7 et 10 mm lorsqu\u2019il est combin\u00e9 avec la cale de base de 3 mm et l\u2019entretoise de 1 mm. \u2013 Le Kit 2 permet d\u2019obtenir entre 11 et 14 mm lorsqu\u2019il est combin\u00e9 avec la cale de base de 3 mm et l\u2019entretoise de 1 mm. Contenu du kit:   Kit 4\/6 mm (hauteur totale de 7 \u00e0 10 mm) : stacker de 4 mm \/ jeu d&#039;entretoises de 2 mm \/ plaque de cales \/ vis d&#039;entretoise \/ vis de cales  Kit 8\/10 mm (hauteur totale de 11 \u00e0 14 mm) : stacker de 8 mm \/ jeu d&#039;entretoises de 2 mm \/ plaque de cales \/ vis d&#039;entretoise \/ vis de cales *Remarque : Ce kit ne comprend pas le kit de base V2, qui doit \u00eatre achet\u00e9 s\u00e9par\u00e9ment. Les instructions de montage se trouvent dans le carrousel d\u2019images.\" \/>\n<meta property=\"og:url\" content=\"https:\/\/bikefit.lu\/fr\/product\/kit-de-cales-empilables-supplementaires-pour-cales-de-longueur-de-jambe-mtb-walkable-v2-form\/\" \/>\n<meta property=\"og:site_name\" content=\"bikefit.lu\" \/>\n<meta property=\"article:modified_time\" content=\"2025-06-05T22:52:58+00:00\" \/>\n<meta property=\"og:image\" content=\"https:\/\/bikefit.lu\/wp-content\/uploads\/2025\/04\/8mm-exploded.webp\" \/>\n\t<meta property=\"og:image:width\" content=\"1772\" \/>\n\t<meta property=\"og:image:height\" content=\"1772\" \/>\n\t<meta property=\"og:image:type\" content=\"image\/webp\" \/>\n<meta name=\"twitter:card\" content=\"summary_large_image\" \/>\n<meta name=\"twitter:label1\" content=\"Disponibilit\u00e9\" \/>\n\t<meta name=\"twitter:data1\" content=\"En stock\" \/>\n<script type=\"application\/ld+json\" class=\"yoast-schema-graph\">{\"@context\":\"https:\\\/\\\/schema.org\",\"@graph\":[{\"@type\":\"WebPage\",\"@id\":\"https:\\\/\\\/bikefit.lu\\\/fr\\\/product\\\/kit-de-cales-empilables-supplementaires-pour-cales-de-longueur-de-jambe-mtb-walkable-v2-form\\\/\",\"url\":\"https:\\\/\\\/bikefit.lu\\\/fr\\\/product\\\/kit-de-cales-empilables-supplementaires-pour-cales-de-longueur-de-jambe-mtb-walkable-v2-form\\\/\",\"name\":\"Kit de cales empilables suppl\u00e9mentaires pour cales de longueur de jambe \u2013 MTB walkable V2 FORM\u00ae - bikefit.lu\",\"isPartOf\":{\"@id\":\"https:\\\/\\\/bikefit.lu\\\/fr\\\/#website\"},\"primaryImageOfPage\":{\"@id\":\"https:\\\/\\\/bikefit.lu\\\/fr\\\/product\\\/kit-de-cales-empilables-supplementaires-pour-cales-de-longueur-de-jambe-mtb-walkable-v2-form\\\/#primaryimage\"},\"image\":{\"@id\":\"https:\\\/\\\/bikefit.lu\\\/fr\\\/product\\\/kit-de-cales-empilables-supplementaires-pour-cales-de-longueur-de-jambe-mtb-walkable-v2-form\\\/#primaryimage\"},\"thumbnailUrl\":\"https:\\\/\\\/bikefit.lu\\\/wp-content\\\/uploads\\\/2025\\\/04\\\/8mm-exploded.webp\",\"datePublished\":\"2025-04-13T17:17:13+00:00\",\"dateModified\":\"2025-06-05T22:52:58+00:00\",\"breadcrumb\":{\"@id\":\"https:\\\/\\\/bikefit.lu\\\/fr\\\/product\\\/kit-de-cales-empilables-supplementaires-pour-cales-de-longueur-de-jambe-mtb-walkable-v2-form\\\/#breadcrumb\"},\"inLanguage\":\"fr-FR\",\"potentialAction\":[{\"@type\":\"ReadAction\",\"target\":[\"https:\\\/\\\/bikefit.lu\\\/fr\\\/product\\\/kit-de-cales-empilables-supplementaires-pour-cales-de-longueur-de-jambe-mtb-walkable-v2-form\\\/\"]}]},{\"@type\":\"ImageObject\",\"inLanguage\":\"fr-FR\",\"@id\":\"https:\\\/\\\/bikefit.lu\\\/fr\\\/product\\\/kit-de-cales-empilables-supplementaires-pour-cales-de-longueur-de-jambe-mtb-walkable-v2-form\\\/#primaryimage\",\"url\":\"https:\\\/\\\/bikefit.lu\\\/wp-content\\\/uploads\\\/2025\\\/04\\\/8mm-exploded.webp\",\"contentUrl\":\"https:\\\/\\\/bikefit.lu\\\/wp-content\\\/uploads\\\/2025\\\/04\\\/8mm-exploded.webp\",\"width\":1772,\"height\":1772},{\"@type\":\"BreadcrumbList\",\"@id\":\"https:\\\/\\\/bikefit.lu\\\/fr\\\/product\\\/kit-de-cales-empilables-supplementaires-pour-cales-de-longueur-de-jambe-mtb-walkable-v2-form\\\/#breadcrumb\",\"itemListElement\":[{\"@type\":\"ListItem\",\"position\":1,\"name\":\"Home\",\"item\":\"https:\\\/\\\/bikefit.lu\\\/fr\\\/\"},{\"@type\":\"ListItem\",\"position\":2,\"name\":\"Produits\",\"item\":\"https:\\\/\\\/bikefit.lu\\\/fr\\\/shop\\\/\"},{\"@type\":\"ListItem\",\"position\":3,\"name\":\"Kit de cales empilables suppl\u00e9mentaires pour cales de longueur de jambe \u2013 MTB walkable V2 FORM\u00ae\"}]},{\"@type\":\"WebSite\",\"@id\":\"https:\\\/\\\/bikefit.lu\\\/fr\\\/#website\",\"url\":\"https:\\\/\\\/bikefit.lu\\\/fr\\\/\",\"name\":\"bikefit.lu\",\"description\":\"IMPROVING CYCLING\",\"publisher\":{\"@id\":\"https:\\\/\\\/bikefit.lu\\\/fr\\\/#\\\/schema\\\/person\\\/379af1263474d2f8cd1f41c2bd90273d\"},\"potentialAction\":[{\"@type\":\"SearchAction\",\"target\":{\"@type\":\"EntryPoint\",\"urlTemplate\":\"https:\\\/\\\/bikefit.lu\\\/fr\\\/?s={search_term_string}\"},\"query-input\":{\"@type\":\"PropertyValueSpecification\",\"valueRequired\":true,\"valueName\":\"search_term_string\"}}],\"inLanguage\":\"fr-FR\"},{\"@type\":[\"Person\",\"Organization\"],\"@id\":\"https:\\\/\\\/bikefit.lu\\\/fr\\\/#\\\/schema\\\/person\\\/379af1263474d2f8cd1f41c2bd90273d\",\"name\":\"Patrick Guillaume\",\"image\":{\"@type\":\"ImageObject\",\"inLanguage\":\"fr-FR\",\"@id\":\"https:\\\/\\\/bikefit.lu\\\/wp-content\\\/uploads\\\/2024\\\/12\\\/cropped-bikefit-logoURL-RGB-jpg.jpg\",\"url\":\"https:\\\/\\\/bikefit.lu\\\/wp-content\\\/uploads\\\/2024\\\/12\\\/cropped-bikefit-logoURL-RGB-jpg.jpg\",\"contentUrl\":\"https:\\\/\\\/bikefit.lu\\\/wp-content\\\/uploads\\\/2024\\\/12\\\/cropped-bikefit-logoURL-RGB-jpg.jpg\",\"width\":512,\"height\":512,\"caption\":\"Patrick Guillaume\"},\"logo\":{\"@id\":\"https:\\\/\\\/bikefit.lu\\\/wp-content\\\/uploads\\\/2024\\\/12\\\/cropped-bikefit-logoURL-RGB-jpg.jpg\"},\"sameAs\":[\"https:\\\/\\\/bikefit.lu\"],\"honorificPrefix\":\"Mr\",\"birthDate\":\"1966-11-18\",\"gender\":\"male\",\"knowsAbout\":[\"Bike-fitting\"],\"knowsLanguage\":[\"English\",\"French\",\"German\",\"Luxembourgish\"]}]}<\/script>\n<meta property=\"og:availability\" content=\"instock\" \/>\n<meta property=\"product:availability\" content=\"instock\" \/>\n<meta property=\"product:condition\" content=\"new\" \/>\n<!-- \/ Yoast SEO Premium plugin. -->","yoast_head_json":{"title":"Kit de cales empilables suppl\u00e9mentaires pour cales de longueur de jambe \u2013 MTB walkable V2 FORM\u00ae - bikefit.lu","robots":{"index":"index","follow":"follow","max-snippet":"max-snippet:-1","max-image-preview":"max-image-preview:large","max-video-preview":"max-video-preview:-1"},"canonical":"https:\/\/bikefit.lu\/fr\/product\/kit-de-cales-empilables-supplementaires-pour-cales-de-longueur-de-jambe-mtb-walkable-v2-form\/","og_locale":"fr_FR","og_type":"article","og_title":"Kit de cales empilables suppl\u00e9mentaires pour cales de longueur de jambe \u2013 MTB walkable V2 FORM\u00ae","og_description":"Le syst\u00e8me de kit de cales empilables FORM est con\u00e7u pour augmenter la hauteur de la cale V2 \"walkable\" pour chaussures VTT, afin de r\u00e9pondre aux exigences de hauteur au-del\u00e0 de la plage standard de 3 \u00e0 6 mm.Le kit remplace la plaque standard de 2 mm fournie avec le kit de base par une cale de hauteur augment\u00e9e, accompagn\u00e9e d'un jeu d'entretoises suppl\u00e9mentaires de 2 mm \u00e0 clipser (en option). \u2013 Le Kit 1 permet d'obtenir entre 7 et 10 mm lorsqu\u2019il est combin\u00e9 avec la cale de base de 3 mm et l\u2019entretoise de 1 mm. \u2013 Le Kit 2 permet d\u2019obtenir entre 11 et 14 mm lorsqu\u2019il est combin\u00e9 avec la cale de base de 3 mm et l\u2019entretoise de 1 mm. Contenu du kit:   Kit 4\/6 mm (hauteur totale de 7 \u00e0 10 mm) : stacker de 4 mm \/ jeu d'entretoises de 2 mm \/ plaque de cales \/ vis d'entretoise \/ vis de cales  Kit 8\/10 mm (hauteur totale de 11 \u00e0 14 mm) : stacker de 8 mm \/ jeu d'entretoises de 2 mm \/ plaque de cales \/ vis d'entretoise \/ vis de cales *Remarque : Ce kit ne comprend pas le kit de base V2, qui doit \u00eatre achet\u00e9 s\u00e9par\u00e9ment. Les instructions de montage se trouvent dans le carrousel d\u2019images.","og_url":"https:\/\/bikefit.lu\/fr\/product\/kit-de-cales-empilables-supplementaires-pour-cales-de-longueur-de-jambe-mtb-walkable-v2-form\/","og_site_name":"bikefit.lu","article_modified_time":"2025-06-05T22:52:58+00:00","og_image":[{"width":1772,"height":1772,"url":"https:\/\/bikefit.lu\/wp-content\/uploads\/2025\/04\/8mm-exploded.webp","type":"image\/webp"}],"twitter_card":"summary_large_image","twitter_misc":{"Disponibilit\u00e9":"En stock"},"schema":{"@context":"https:\/\/schema.org","@graph":[{"@type":"WebPage","@id":"https:\/\/bikefit.lu\/fr\/product\/kit-de-cales-empilables-supplementaires-pour-cales-de-longueur-de-jambe-mtb-walkable-v2-form\/","url":"https:\/\/bikefit.lu\/fr\/product\/kit-de-cales-empilables-supplementaires-pour-cales-de-longueur-de-jambe-mtb-walkable-v2-form\/","name":"Kit de cales empilables suppl\u00e9mentaires pour cales de longueur de jambe \u2013 MTB walkable V2 FORM\u00ae - bikefit.lu","isPartOf":{"@id":"https:\/\/bikefit.lu\/fr\/#website"},"primaryImageOfPage":{"@id":"https:\/\/bikefit.lu\/fr\/product\/kit-de-cales-empilables-supplementaires-pour-cales-de-longueur-de-jambe-mtb-walkable-v2-form\/#primaryimage"},"image":{"@id":"https:\/\/bikefit.lu\/fr\/product\/kit-de-cales-empilables-supplementaires-pour-cales-de-longueur-de-jambe-mtb-walkable-v2-form\/#primaryimage"},"thumbnailUrl":"https:\/\/bikefit.lu\/wp-content\/uploads\/2025\/04\/8mm-exploded.webp","datePublished":"2025-04-13T17:17:13+00:00","dateModified":"2025-06-05T22:52:58+00:00","breadcrumb":{"@id":"https:\/\/bikefit.lu\/fr\/product\/kit-de-cales-empilables-supplementaires-pour-cales-de-longueur-de-jambe-mtb-walkable-v2-form\/#breadcrumb"},"inLanguage":"fr-FR","potentialAction":[{"@type":"ReadAction","target":["https:\/\/bikefit.lu\/fr\/product\/kit-de-cales-empilables-supplementaires-pour-cales-de-longueur-de-jambe-mtb-walkable-v2-form\/"]}]},{"@type":"ImageObject","inLanguage":"fr-FR","@id":"https:\/\/bikefit.lu\/fr\/product\/kit-de-cales-empilables-supplementaires-pour-cales-de-longueur-de-jambe-mtb-walkable-v2-form\/#primaryimage","url":"https:\/\/bikefit.lu\/wp-content\/uploads\/2025\/04\/8mm-exploded.webp","contentUrl":"https:\/\/bikefit.lu\/wp-content\/uploads\/2025\/04\/8mm-exploded.webp","width":1772,"height":1772},{"@type":"BreadcrumbList","@id":"https:\/\/bikefit.lu\/fr\/product\/kit-de-cales-empilables-supplementaires-pour-cales-de-longueur-de-jambe-mtb-walkable-v2-form\/#breadcrumb","itemListElement":[{"@type":"ListItem","position":1,"name":"Home","item":"https:\/\/bikefit.lu\/fr\/"},{"@type":"ListItem","position":2,"name":"Produits","item":"https:\/\/bikefit.lu\/fr\/shop\/"},{"@type":"ListItem","position":3,"name":"Kit de cales empilables suppl\u00e9mentaires pour cales de longueur de jambe \u2013 MTB walkable V2 FORM\u00ae"}]},{"@type":"WebSite","@id":"https:\/\/bikefit.lu\/fr\/#website","url":"https:\/\/bikefit.lu\/fr\/","name":"bikefit.lu","description":"IMPROVING CYCLING","publisher":{"@id":"https:\/\/bikefit.lu\/fr\/#\/schema\/person\/379af1263474d2f8cd1f41c2bd90273d"},"potentialAction":[{"@type":"SearchAction","target":{"@type":"EntryPoint","urlTemplate":"https:\/\/bikefit.lu\/fr\/?s={search_term_string}"},"query-input":{"@type":"PropertyValueSpecification","valueRequired":true,"valueName":"search_term_string"}}],"inLanguage":"fr-FR"},{"@type":["Person","Organization"],"@id":"https:\/\/bikefit.lu\/fr\/#\/schema\/person\/379af1263474d2f8cd1f41c2bd90273d","name":"Patrick Guillaume","image":{"@type":"ImageObject","inLanguage":"fr-FR","@id":"https:\/\/bikefit.lu\/wp-content\/uploads\/2024\/12\/cropped-bikefit-logoURL-RGB-jpg.jpg","url":"https:\/\/bikefit.lu\/wp-content\/uploads\/2024\/12\/cropped-bikefit-logoURL-RGB-jpg.jpg","contentUrl":"https:\/\/bikefit.lu\/wp-content\/uploads\/2024\/12\/cropped-bikefit-logoURL-RGB-jpg.jpg","width":512,"height":512,"caption":"Patrick Guillaume"},"logo":{"@id":"https:\/\/bikefit.lu\/wp-content\/uploads\/2024\/12\/cropped-bikefit-logoURL-RGB-jpg.jpg"},"sameAs":["https:\/\/bikefit.lu"],"honorificPrefix":"Mr","birthDate":"1966-11-18","gender":"male","knowsAbout":["Bike-fitting"],"knowsLanguage":["English","French","German","Luxembourgish"]}]},"og_availability":"instock","product_availability":"instock","product_condition":"new"},"_links":{"self":[{"href":"https:\/\/bikefit.lu\/fr\/wp-json\/wp\/v2\/product\/95068","targetHints":{"allow":["GET"]}}],"collection":[{"href":"https:\/\/bikefit.lu\/fr\/wp-json\/wp\/v2\/product"}],"about":[{"href":"https:\/\/bikefit.lu\/fr\/wp-json\/wp\/v2\/types\/product"}],"replies":[{"embeddable":true,"href":"https:\/\/bikefit.lu\/fr\/wp-json\/wp\/v2\/comments?post=95068"}],"version-history":[{"count":0,"href":"https:\/\/bikefit.lu\/fr\/wp-json\/wp\/v2\/product\/95068\/revisions"}],"wp:featuredmedia":[{"embeddable":true,"href":"https:\/\/bikefit.lu\/fr\/wp-json\/wp\/v2\/media\/95026"}],"wp:attachment":[{"href":"https:\/\/bikefit.lu\/fr\/wp-json\/wp\/v2\/media?parent=95068"}],"wp:term":[{"taxonomy":"product_brand","embeddable":true,"href":"https:\/\/bikefit.lu\/fr\/wp-json\/wp\/v2\/product_brand?post=95068"},{"taxonomy":"product_cat","embeddable":true,"href":"https:\/\/bikefit.lu\/fr\/wp-json\/wp\/v2\/product_cat?post=95068"},{"taxonomy":"product_tag","embeddable":true,"href":"https:\/\/bikefit.lu\/fr\/wp-json\/wp\/v2\/product_tag?post=95068"}],"curies":[{"name":"wp","href":"https:\/\/api.w.org\/{rel}","templated":true}]}}